{"id":19079,"date":"2026-01-21T13:48:24","date_gmt":"2026-01-21T13:48:24","guid":{"rendered":"https:\/\/orvikpower.com\/?post_type=product&#038;p=19079"},"modified":"2026-01-21T13:48:24","modified_gmt":"2026-01-21T13:48:24","slug":"as800-electric-ride-on-floor-scrubber-industrial-cleaning-factory-direct-orvik","status":"publish","type":"product","link":"https:\/\/orvikpower.com\/hu\/term%c3%a9k\/as800-electric-ride-on-floor-scrubber-industrial-cleaning-factory-direct-orvik","title":{"rendered":"AS800 elektromos felhordhat\u00f3 padl\u00f3s\u00farol\u00f3 | Ipari takar\u00edt\u00e1s Factory Direct - ORVIK"},"content":{"rendered":"<p dir=\"auto\">A nagyszab\u00e1s\u00fa l\u00e9tes\u00edtm\u00e9nyek karbantart\u00e1s\u00e1ra tervezett ORVIK AS800 Ride-on padl\u00f3s\u00farol\u00f3g\u00e9p a legjobb megold\u00e1s az ipari \u00e9s kereskedelmi padl\u00f3k tiszt\u00e1n tart\u00e1s\u00e1ra.<\/p>\n<div class=\"my-2\"><\/div>\n<p dir=\"auto\">Ez a g\u00e9p egy robusztus <strong>rot\u00e1ci\u00f3san \u00f6nt\u00f6tt test<\/strong> \u00e9s egy <strong>p\u00e1col\u00e1s + elektrofor\u00e9zissel kezelt alv\u00e1zak<\/strong> (Jellemz\u0151), amely kiv\u00e9teles \u00fct\u00e9s- \u00e9s korr\u00f3zi\u00f3\u00e1ll\u00f3s\u00e1got biztos\u00edt m\u00e9g nedves vagy kem\u00e9ny k\u00e9miai k\u00f6rnyezetben is (El\u0151ny). A tiszt\u00edt\u00e1si hat\u00e9konys\u00e1g <strong>4600 m\u00b2\/h<\/strong> \u00e9s hatalmas <strong>110L\/120L tart\u00e1lyok<\/strong>, az AS800 drasztikusan cs\u00f6kkenti az ut\u00e1nt\u00f6lt\u00e9s gyakoris\u00e1g\u00e1t, \u00e9s kiv\u00e1ltja egy 10 f\u0151s takar\u00edt\u00f3 szem\u00e9lyzet munk\u00e1j\u00e1t (Benefit).<\/p>\n<div class=\"my-2\"><\/div>\n<p dir=\"auto\">Testreszabhat\u00f3 <strong>Akkumul\u00e1tor rendszerek<\/strong> (\u00f3lom-sav vagy LiFePO4), hogy megfeleljen a k\u00f6lts\u00e9gvet\u00e9snek \u00e9s az \u00e9lettartamra vonatkoz\u00f3 k\u00f6vetelm\u00e9nyeknek, valamint az \u00e1ll\u00edthat\u00f3 <strong>Motor teljes\u00edtm\u00e9ny<\/strong> meghat\u00e1rozott padl\u00f3t\u00edpusok konfigur\u00e1ci\u00f3i. Legyen sz\u00f3 poros rakt\u00e1rr\u00f3l vagy nagy forgalm\u00fa k\u00f3rh\u00e1zr\u00f3l, az AS800 megb\u00edzhat\u00f3 szabv\u00e1nyoknak megfelel\u0151en k\u00e9sz\u00fclt.<\/p>\n<div class=\"my-2\"><\/div>\n<p dir=\"auto\"><strong>\u00dagy tervezt\u00fck, hogy a munkafolyamatokat megk\u00f6nny\u00edtse.<\/strong><\/p>\n<p dir=\"auto\">\n<table class=\"table table-striped-white table-bordered\" data-anchor-id=\"zgd0\">\n<thead>\n<tr>\n<th>Jellemz\u0151<\/th>\n<th>Specifik\u00e1ci\u00f3<\/th>\n<\/tr>\n<\/thead>\n<tbody>\n<tr>\n<td><strong>Modell<\/strong><\/td>\n<td>AS800 Dupla kefe<\/td>\n<\/tr>\n<tr>\n<td><strong>M\u00e9retek (L*S*H)<\/strong><\/td>\n<td>1600mm * 1080mm * 1300mm\u00a0<em>(Magass\u00e1g korrig\u00e1lva)<\/em><\/td>\n<\/tr>\n<tr>\n<td><strong>J\u00e1rm\u0171 s\u00falya<\/strong><\/td>\n<td>310 KG<\/td>\n<\/tr>\n<tr>\n<td><strong>Tiszt\u00edt\u00e1si hat\u00e9konys\u00e1g<\/strong><\/td>\n<td>4600 m\u00b2\/h<\/td>\n<\/tr>\n<tr>\n<td><strong>Munkasz\u00e9less\u00e9g<\/strong><\/td>\n<td>S\u00farol\u00e1s: 760mm<\/td>\n<\/tr>\n<tr>\n<td><strong>Tart\u00e1ly kapacit\u00e1sa<\/strong><\/td>\n<td>Tiszta v\u00edz: 110L<\/td>\n<\/tr>\n<tr>\n<td><strong>Akkumul\u00e1tor rendszer<\/strong><\/td>\n<td>24V 150Ah (\u00f3lom-savas szabv\u00e1ny \/ LiFePO4 opcion\u00e1lis)<\/td>\n<\/tr>\n<tr>\n<td><strong>Motor teljes\u00edtm\u00e9ny<\/strong><\/td>\n<td>Hajt\u00e1s: 700W<\/td>\n<\/tr>\n<tr>\n<td><strong>Fut\u00e1si id\u0151<\/strong><\/td>\n<td>3-4 \u00f3ra<\/td>\n<\/tr>\n<tr>\n<td><strong>Alv\u00e1z anyaga<\/strong><\/td>\n<td>Elektrofor\u00e9zissel kezelt ac\u00e9l + rot\u00e1ci\u00f3s \u00f6nt\u00f6tt test<\/td>\n<\/tr>\n<tr>\n<td><strong>V\u00edzszigetel\u00e9s<\/strong><\/td>\n<td>IP v\u00e9dett vezet\u00e9kek \u00e9s csatlakoz\u00f3k<\/td>\n<\/tr>\n<tr>\n<td><strong>Rakod\u00e1si mennyis\u00e9g (40HQ)<\/strong><\/td>\n<td><em>[Kapcsolat a rakod\u00e1si tervhez]<\/em><\/td>\n<\/tr>\n<\/tbody>\n<\/table>","protected":false},"excerpt":{"rendered":"<p dir=\"auto\">Maximaliz\u00e1lja a higi\u00e9ni\u00e1t az AS800 elektromos mos\u00f3val. Jellemz\u0151i: 4600m\u00b2\/h hat\u00e9konys\u00e1g, 120 literes tart\u00e1ly \u00e9s rot\u00e1ci\u00f3san \u00f6nt\u00f6tt korr\u00f3zi\u00f3g\u00e1tl\u00f3 test. Alacsony karbantart\u00e1si ig\u00e9ny \u00e9s magas megt\u00e9r\u00fcl\u00e9s. \u00c9rdekl\u0151dj\u00f6n FCL \u00e1r\u00e9rt.<\/p>\n<div class=\"my-2\"><\/div>\n<p dir=\"auto\">","protected":false},"featured_media":19080,"comment_status":"open","ping_status":"closed","template":"","meta":{"_eb_attr":""},"product_brand":[],"product_cat":[75,74],"product_tag":[126,125,118,91,120,122,123],"class_list":{"0":"post-19079","1":"product","2":"type-product","3":"status-publish","4":"has-post-thumbnail","6":"product_cat-electric-street-sweepers","7":"product_cat-specialized-service-vehicles","8":"product_tag-airport","9":"product_tag-factory","10":"product_tag-hospital","11":"product_tag-industrial-park","12":"product_tag-shopping-mall","13":"product_tag-underground-parking","14":"product_tag-warehouse","16":"first","17":"instock","18":"shipping-taxable","19":"product-type-simple"},"yoast_head":"<!-- This site is optimized with the Yoast SEO plugin v26.9 - https:\/\/yoast.com\/product\/yoast-seo-wordpress\/ -->\n<title>AS800 Electric Ride-on Floor Scrubber | Industrial Cleaning Factory Direct - ORVIK | ORVIK|Light Commercial Electric Vehicles<\/title>\n<meta name=\"robots\" content=\"index, follow, max-snippet:-1, max-image-preview:large, max-video-preview:-1\" \/>\n<link rel=\"canonical\" href=\"https:\/\/orvikpower.com\/hu\/term\u00e9k\/as800-electric-ride-on-floor-scrubber-industrial-cleaning-factory-direct-orvik\" \/>\n<meta property=\"og:locale\" content=\"hu_HU\" \/>\n<meta property=\"og:type\" content=\"article\" \/>\n<meta property=\"og:title\" content=\"AS800 Electric Ride-on Floor Scrubber | Industrial Cleaning Factory Direct - ORVIK | ORVIK|Light Commercial Electric Vehicles\" \/>\n<meta property=\"og:description\" content=\"Maximize hygiene with the AS800 Electric Scrubber. Features 4600m\u00b2\/h efficiency, 120L tank, and rotomolded anti-corrosion body. Low maintenance &amp; high ROI. Inquire for FCL Price.\" \/>\n<meta property=\"og:url\" content=\"https:\/\/orvikpower.com\/hu\/term\u00e9k\/as800-electric-ride-on-floor-scrubber-industrial-cleaning-factory-direct-orvik\" \/>\n<meta property=\"og:site_name\" content=\"ORVIK|Light Commercial Electric Vehicles\" \/>\n<meta property=\"og:image\" content=\"https:\/\/orvikpower.com\/wp-content\/uploads\/2026\/01\/AS800-Electric-Ride-on-Floor-Scrubber-Industrial-Cleaning-Factory-Direct-ORVIK.png\" \/>\n\t<meta property=\"og:image:width\" content=\"1394\" \/>\n\t<meta property=\"og:image:height\" content=\"1279\" \/>\n\t<meta property=\"og:image:type\" content=\"image\/png\" \/>\n<meta name=\"twitter:card\" content=\"summary_large_image\" \/>\n<meta name=\"twitter:label1\" content=\"Becs\u00fclt olvas\u00e1si id\u0151\" \/>\n\t<meta name=\"twitter:data1\" content=\"1 perc\" \/>\n<script type=\"application\/ld+json\" class=\"yoast-schema-graph\">{\"@context\":\"https:\/\/schema.org\",\"@graph\":[{\"@type\":\"WebPage\",\"@id\":\"https:\/\/orvikpower.com\/product\/as800-electric-ride-on-floor-scrubber-industrial-cleaning-factory-direct-orvik\",\"url\":\"https:\/\/orvikpower.com\/product\/as800-electric-ride-on-floor-scrubber-industrial-cleaning-factory-direct-orvik\",\"name\":\"AS800 Electric Ride-on Floor Scrubber | Industrial Cleaning Factory Direct - ORVIK | ORVIK|Light Commercial Electric Vehicles\",\"isPartOf\":{\"@id\":\"https:\/\/orvikpower.com\/#website\"},\"primaryImageOfPage\":{\"@id\":\"https:\/\/orvikpower.com\/product\/as800-electric-ride-on-floor-scrubber-industrial-cleaning-factory-direct-orvik#primaryimage\"},\"image\":{\"@id\":\"https:\/\/orvikpower.com\/product\/as800-electric-ride-on-floor-scrubber-industrial-cleaning-factory-direct-orvik#primaryimage\"},\"thumbnailUrl\":\"https:\/\/orvikpower.com\/wp-content\/uploads\/2026\/01\/AS800-Electric-Ride-on-Floor-Scrubber-Industrial-Cleaning-Factory-Direct-ORVIK.png\",\"datePublished\":\"2026-01-21T13:48:24+00:00\",\"breadcrumb\":{\"@id\":\"https:\/\/orvikpower.com\/product\/as800-electric-ride-on-floor-scrubber-industrial-cleaning-factory-direct-orvik#breadcrumb\"},\"inLanguage\":\"hu\",\"potentialAction\":[{\"@type\":\"ReadAction\",\"target\":[\"https:\/\/orvikpower.com\/product\/as800-electric-ride-on-floor-scrubber-industrial-cleaning-factory-direct-orvik\"]}]},{\"@type\":\"ImageObject\",\"inLanguage\":\"hu\",\"@id\":\"https:\/\/orvikpower.com\/product\/as800-electric-ride-on-floor-scrubber-industrial-cleaning-factory-direct-orvik#primaryimage\",\"url\":\"https:\/\/orvikpower.com\/wp-content\/uploads\/2026\/01\/AS800-Electric-Ride-on-Floor-Scrubber-Industrial-Cleaning-Factory-Direct-ORVIK.png\",\"contentUrl\":\"https:\/\/orvikpower.com\/wp-content\/uploads\/2026\/01\/AS800-Electric-Ride-on-Floor-Scrubber-Industrial-Cleaning-Factory-Direct-ORVIK.png\",\"width\":1394,\"height\":1279,\"caption\":\"Maximize hygiene with the AS800 Electric Scrubber. Features 4600m\u00b2\/h efficiency, 120L tank, and rotomolded anti-corrosion body. Low maintenance & high ROI. Inquire for FCL Price.\"},{\"@type\":\"BreadcrumbList\",\"@id\":\"https:\/\/orvikpower.com\/product\/as800-electric-ride-on-floor-scrubber-industrial-cleaning-factory-direct-orvik#breadcrumb\",\"itemListElement\":[{\"@type\":\"ListItem\",\"position\":1,\"name\":\"Home\",\"item\":\"https:\/\/orvikpower.com\/\"},{\"@type\":\"ListItem\",\"position\":2,\"name\":\"SHOP\",\"item\":\"https:\/\/orvikpower.com\/shop\"},{\"@type\":\"ListItem\",\"position\":3,\"name\":\"AS800 Electric Ride-on Floor Scrubber | Industrial Cleaning Factory Direct &#8211; ORVIK\"}]},{\"@type\":\"WebSite\",\"@id\":\"https:\/\/orvikpower.com\/#website\",\"url\":\"https:\/\/orvikpower.com\/\",\"name\":\"ORVIK | Light Commercial Electric Vehicles\",\"description\":\"Premier Manufacturer of Off-road Electric Utility Vehicles, Pickups &amp; Mini Trucks. High-Temp &amp; Arctic Ready designs for farms &amp; mines. Save costs with Factory-Direct FCL. Make work flow. Get a Quote.\",\"publisher\":{\"@id\":\"https:\/\/orvikpower.com\/#organization\"},\"potentialAction\":[{\"@type\":\"SearchAction\",\"target\":{\"@type\":\"EntryPoint\",\"urlTemplate\":\"https:\/\/orvikpower.com\/?s={search_term_string}\"},\"query-input\":{\"@type\":\"PropertyValueSpecification\",\"valueRequired\":true,\"valueName\":\"search_term_string\"}}],\"inLanguage\":\"hu\"},{\"@type\":\"Organization\",\"@id\":\"https:\/\/orvikpower.com\/#organization\",\"name\":\"ORVIK | Light Commercial Electric Vehicles\",\"url\":\"https:\/\/orvikpower.com\/\",\"logo\":{\"@type\":\"ImageObject\",\"inLanguage\":\"hu\",\"@id\":\"https:\/\/orvikpower.com\/#\/schema\/logo\/image\/\",\"url\":\"https:\/\/orvikpower.com\/wp-content\/uploads\/2026\/01\/cropped-logo-h-main-small.png\",\"contentUrl\":\"https:\/\/orvikpower.com\/wp-content\/uploads\/2026\/01\/cropped-logo-h-main-small.png\",\"width\":512,\"height\":512,\"caption\":\"ORVIK | Light Commercial Electric Vehicles\"},\"image\":{\"@id\":\"https:\/\/orvikpower.com\/#\/schema\/logo\/image\/\"},\"sameAs\":[\"https:\/\/www.youtube.com\/@ORVIKOrvikPower\",\"https:\/\/www.pinterest.com\/OrvikPower\/\"]}]}<\/script>\n<!-- \/ Yoast SEO plugin. -->","yoast_head_json":{"title":"AS800 elektromos padl\u00f3s\u00farol\u00f3g\u00e9p | Ipari takar\u00edt\u00e1s Factory Direct - ORVIK | ORVIK | ORVIK | K\u00f6nny\u0171 haszong\u00e9pj\u00e1rm\u0171vek elektromos j\u00e1rm\u0171vek","robots":{"index":"index","follow":"follow","max-snippet":"max-snippet:-1","max-image-preview":"max-image-preview:large","max-video-preview":"max-video-preview:-1"},"canonical":"https:\/\/orvikpower.com\/hu\/term\u00e9k\/as800-electric-ride-on-floor-scrubber-industrial-cleaning-factory-direct-orvik","og_locale":"hu_HU","og_type":"article","og_title":"AS800 Electric Ride-on Floor Scrubber | Industrial Cleaning Factory Direct - ORVIK | ORVIK|Light Commercial Electric Vehicles","og_description":"Maximize hygiene with the AS800 Electric Scrubber. Features 4600m\u00b2\/h efficiency, 120L tank, and rotomolded anti-corrosion body. Low maintenance &amp; high ROI. Inquire for FCL Price.","og_url":"https:\/\/orvikpower.com\/hu\/term\u00e9k\/as800-electric-ride-on-floor-scrubber-industrial-cleaning-factory-direct-orvik","og_site_name":"ORVIK|Light Commercial Electric Vehicles","og_image":[{"width":1394,"height":1279,"url":"https:\/\/orvikpower.com\/wp-content\/uploads\/2026\/01\/AS800-Electric-Ride-on-Floor-Scrubber-Industrial-Cleaning-Factory-Direct-ORVIK.png","type":"image\/png"}],"twitter_card":"summary_large_image","twitter_misc":{"Becs\u00fclt olvas\u00e1si id\u0151":"1 perc"},"schema":{"@context":"https:\/\/schema.org","@graph":[{"@type":"WebPage","@id":"https:\/\/orvikpower.com\/product\/as800-electric-ride-on-floor-scrubber-industrial-cleaning-factory-direct-orvik","url":"https:\/\/orvikpower.com\/product\/as800-electric-ride-on-floor-scrubber-industrial-cleaning-factory-direct-orvik","name":"AS800 elektromos padl\u00f3s\u00farol\u00f3g\u00e9p | Ipari takar\u00edt\u00e1s Factory Direct - ORVIK | ORVIK | ORVIK | K\u00f6nny\u0171 haszong\u00e9pj\u00e1rm\u0171vek elektromos j\u00e1rm\u0171vek","isPartOf":{"@id":"https:\/\/orvikpower.com\/#website"},"primaryImageOfPage":{"@id":"https:\/\/orvikpower.com\/product\/as800-electric-ride-on-floor-scrubber-industrial-cleaning-factory-direct-orvik#primaryimage"},"image":{"@id":"https:\/\/orvikpower.com\/product\/as800-electric-ride-on-floor-scrubber-industrial-cleaning-factory-direct-orvik#primaryimage"},"thumbnailUrl":"https:\/\/orvikpower.com\/wp-content\/uploads\/2026\/01\/AS800-Electric-Ride-on-Floor-Scrubber-Industrial-Cleaning-Factory-Direct-ORVIK.png","datePublished":"2026-01-21T13:48:24+00:00","breadcrumb":{"@id":"https:\/\/orvikpower.com\/product\/as800-electric-ride-on-floor-scrubber-industrial-cleaning-factory-direct-orvik#breadcrumb"},"inLanguage":"hu","potentialAction":[{"@type":"ReadAction","target":["https:\/\/orvikpower.com\/product\/as800-electric-ride-on-floor-scrubber-industrial-cleaning-factory-direct-orvik"]}]},{"@type":"ImageObject","inLanguage":"hu","@id":"https:\/\/orvikpower.com\/product\/as800-electric-ride-on-floor-scrubber-industrial-cleaning-factory-direct-orvik#primaryimage","url":"https:\/\/orvikpower.com\/wp-content\/uploads\/2026\/01\/AS800-Electric-Ride-on-Floor-Scrubber-Industrial-Cleaning-Factory-Direct-ORVIK.png","contentUrl":"https:\/\/orvikpower.com\/wp-content\/uploads\/2026\/01\/AS800-Electric-Ride-on-Floor-Scrubber-Industrial-Cleaning-Factory-Direct-ORVIK.png","width":1394,"height":1279,"caption":"Maximize hygiene with the AS800 Electric Scrubber. Features 4600m\u00b2\/h efficiency, 120L tank, and rotomolded anti-corrosion body. Low maintenance & high ROI. Inquire for FCL Price."},{"@type":"BreadcrumbList","@id":"https:\/\/orvikpower.com\/product\/as800-electric-ride-on-floor-scrubber-industrial-cleaning-factory-direct-orvik#breadcrumb","itemListElement":[{"@type":"ListItem","position":1,"name":"Home","item":"https:\/\/orvikpower.com\/"},{"@type":"ListItem","position":2,"name":"SHOP","item":"https:\/\/orvikpower.com\/shop"},{"@type":"ListItem","position":3,"name":"AS800 Electric Ride-on Floor Scrubber | Industrial Cleaning Factory Direct &#8211; ORVIK"}]},{"@type":"WebSite","@id":"https:\/\/orvikpower.com\/#website","url":"https:\/\/orvikpower.com\/","name":"ORVIK | K\u00f6nny\u0171 haszong\u00e9pj\u00e1rm\u0171vek","description":"A terepj\u00e1r\u00f3 elektromos haszonj\u00e1rm\u0171vek, pickupok \u00e9s mini teheraut\u00f3k els\u0151sz\u00e1m\u00fa gy\u00e1rt\u00f3ja. High-Temp &amp; Arctic Ready kivitelek farmok \u00e9s b\u00e1ny\u00e1k sz\u00e1m\u00e1ra. K\u00f6lts\u00e9gmegtakar\u00edt\u00e1s a Factory-Direct FCL seg\u00edts\u00e9g\u00e9vel. Tegye a munkafolyamatot. K\u00e9rjen \u00e1raj\u00e1nlatot.","publisher":{"@id":"https:\/\/orvikpower.com\/#organization"},"potentialAction":[{"@type":"SearchAction","target":{"@type":"EntryPoint","urlTemplate":"https:\/\/orvikpower.com\/?s={search_term_string}"},"query-input":{"@type":"PropertyValueSpecification","valueRequired":true,"valueName":"search_term_string"}}],"inLanguage":"hu"},{"@type":"Organization","@id":"https:\/\/orvikpower.com\/#organization","name":"ORVIK | K\u00f6nny\u0171 haszong\u00e9pj\u00e1rm\u0171vek","url":"https:\/\/orvikpower.com\/","logo":{"@type":"ImageObject","inLanguage":"hu","@id":"https:\/\/orvikpower.com\/#\/schema\/logo\/image\/","url":"https:\/\/orvikpower.com\/wp-content\/uploads\/2026\/01\/cropped-logo-h-main-small.png","contentUrl":"https:\/\/orvikpower.com\/wp-content\/uploads\/2026\/01\/cropped-logo-h-main-small.png","width":512,"height":512,"caption":"ORVIK | Light Commercial Electric Vehicles"},"image":{"@id":"https:\/\/orvikpower.com\/#\/schema\/logo\/image\/"},"sameAs":["https:\/\/www.youtube.com\/@ORVIKOrvikPower","https:\/\/www.pinterest.com\/OrvikPower\/"]}]}},"_links":{"self":[{"href":"https:\/\/orvikpower.com\/hu\/wp-json\/wp\/v2\/product\/19079","targetHints":{"allow":["GET"]}}],"collection":[{"href":"https:\/\/orvikpower.com\/hu\/wp-json\/wp\/v2\/product"}],"about":[{"href":"https:\/\/orvikpower.com\/hu\/wp-json\/wp\/v2\/types\/product"}],"replies":[{"embeddable":true,"href":"https:\/\/orvikpower.com\/hu\/wp-json\/wp\/v2\/comments?post=19079"}],"wp:featuredmedia":[{"embeddable":true,"href":"https:\/\/orvikpower.com\/hu\/wp-json\/wp\/v2\/media\/19080"}],"wp:attachment":[{"href":"https:\/\/orvikpower.com\/hu\/wp-json\/wp\/v2\/media?parent=19079"}],"wp:term":[{"taxonomy":"product_brand","embeddable":true,"href":"https:\/\/orvikpower.com\/hu\/wp-json\/wp\/v2\/product_brand?post=19079"},{"taxonomy":"product_cat","embeddable":true,"href":"https:\/\/orvikpower.com\/hu\/wp-json\/wp\/v2\/product_cat?post=19079"},{"taxonomy":"product_tag","embeddable":true,"href":"https:\/\/orvikpower.com\/hu\/wp-json\/wp\/v2\/product_tag?post=19079"}],"curies":[{"name":"wp","href":"https:\/\/api.w.org\/{rel}","templated":true}]}}