{"id":19081,"date":"2026-01-21T13:51:33","date_gmt":"2026-01-21T13:51:33","guid":{"rendered":"https:\/\/orvikpower.com\/?post_type=product&#038;p=19081"},"modified":"2026-01-21T13:51:34","modified_gmt":"2026-01-21T13:51:34","slug":"as900-ride-on-electric-floor-scrubber-5600m%c2%b2-h-factory-direct-wholesale-orvik","status":"publish","type":"product","link":"https:\/\/orvikpower.com\/hu\/term%c3%a9k\/as900-ride-on-electric-floor-scrubber-5600m%c2%b2-h-factory-direct-wholesale-orvik","title":{"rendered":"AS900 Ride-on elektromos padl\u00f3s\u00farol\u00f3g\u00e9p 5600m\u00b2 \/ h | Gy\u00e1ri k\u00f6zvetlen nagykereskedelem - ORVIK"},"content":{"rendered":"<p dir=\"auto\">A <strong>ORVIK AS900 Ride-on padl\u00f3s\u00farol\u00f3g\u00e9p<\/strong> egy ipari min\u0151s\u00e9g\u0171 tiszt\u00edt\u00e1si megold\u00e1s, amelyet nagyszab\u00e1s\u00fa l\u00e9tes\u00edtm\u00e9nygazd\u00e1lkod\u00e1sra terveztek. A 800 W-os meghajt\u00f3motorral \u00e9s k\u00e9t 550 W-os kefemotorral hajtott g\u00e9p hatalmas, 860 mm-es s\u00farol\u00e1si sz\u00e9less\u00e9get biztos\u00edt, amely \u00f3r\u00e1nk\u00e9nt 5600 n\u00e9gyzetm\u00e9ter tiszt\u00edt\u00e1s\u00e1ra k\u00e9pes (<strong>Jellemz\u0151<\/strong>).<\/p>\n<div class=\"my-2\"><\/div>\n<p dir=\"auto\">A p\u00e1col\u00f3elektrofor\u00e9zissel \u00e9s magas h\u0151m\u00e9rs\u00e9klet\u0171 porbevonattal kezelt alv\u00e1zra \u00e9p\u00edtett AS900 m\u00e9g durva vegyi vagy nedves k\u00f6rnyezetben is ellen\u00e1ll a korr\u00f3zi\u00f3nak. A rot\u00e1ci\u00f3san \u00f6nt\u00f6tt test a szabv\u00e1nyos m\u0171anyag burkolatokhoz k\u00e9pest kiv\u00e1l\u00f3 \u00fct\u00e9s\u00e1ll\u00f3s\u00e1got biztos\u00edt (<strong>El\u0151ny<\/strong>).<\/p>\n<div class=\"my-2\"><\/div>\n<p dir=\"auto\">A l\u00e9tes\u00edtm\u00e9nyvezet\u0151k sz\u00e1m\u00e1ra ez a k\u00e9zi munkaer\u0151 k\u00f6lts\u00e9geinek dr\u00e1mai cs\u00f6kken\u00e9s\u00e9t jelenti. Egyetlen AS900 helyettes\u00edthet egy 10 f\u0151s k\u00e9zi takar\u00edt\u00f3csapatot, ami gyors megt\u00e9r\u00fcl\u00e9st (ROI) biztos\u00edt, mik\u00f6zben a rakt\u00e1rakban, k\u00f3rh\u00e1zakban \u00e9s gy\u00e1rakban a higi\u00e9niai norm\u00e1k kifog\u00e1stalan szinten tart\u00e1sa mellett (<strong>El\u0151ny<\/strong>).<\/p>\n<div class=\"my-2\"><\/div>\n<ul dir=\"auto\">\n<li class=\"text-start\"><strong>Teljes\u00edtm\u00e9ny testreszab\u00e1s<\/strong>: A motor teljes\u00edtm\u00e9nye \u00e9s nyomat\u00e9ka testre szabhat\u00f3 az adott lejt\u00e9s vagy fel\u00fclet k\u00f6vetelm\u00e9nyeihez.<\/li>\n<li class=\"text-start\"><strong>Akkumul\u00e1tor opci\u00f3k<\/strong>: Alapfelszerelts\u00e9gben 24 V-os \u00f3lom-sav akkumul\u00e1torral; a hosszabb \u00e9lettartam \u00e9s a gyors t\u00f6lt\u00e9s \u00e9rdek\u00e9ben LiFePO4 l\u00edtium-akkumul\u00e1torokkal b\u0151v\u00edthet\u0151.<\/li>\n<\/ul>\n<div class=\"my-2\"><\/div>\n<p dir=\"auto\"><strong>\u00dagy tervezt\u00fck, hogy a munkafolyamatokat megk\u00f6nny\u00edtse.<\/strong><\/p>\n<table class=\"table table-striped-white table-bordered\" data-anchor-id=\"zgd0\">\n<thead>\n<tr>\n<th>Specifik\u00e1ci\u00f3<\/th>\n<th>R\u00e9szletek<\/th>\n<\/tr>\n<\/thead>\n<tbody>\n<tr>\n<td><strong>Modell<\/strong><\/td>\n<td>AS900 Dupla kefe<\/td>\n<\/tr>\n<tr>\n<td><strong>M\u00e9retek (L*S*H)<\/strong><\/td>\n<td>1750mm * 1260mm * 1450mm<\/td>\n<\/tr>\n<tr>\n<td><strong>J\u00e1rm\u0171 s\u00falya<\/strong><\/td>\n<td>410 KG<\/td>\n<\/tr>\n<tr>\n<td><strong>Tiszt\u00edt\u00e1si hat\u00e9konys\u00e1g<\/strong><\/td>\n<td>5600 m\u00b2\/h<\/td>\n<\/tr>\n<tr>\n<td><strong>S\u00farol\u00e1si sz\u00e9less\u00e9g<\/strong><\/td>\n<td>860mm (kett\u0151s 17 h\u00fcvelykes kefe)<\/td>\n<\/tr>\n<tr>\n<td><strong>Nyom\u00f3sz\u00e1r sz\u00e9less\u00e9ge<\/strong><\/td>\n<td>1200mm<\/td>\n<\/tr>\n<tr>\n<td><strong>Tart\u00e1ly kapacit\u00e1sa<\/strong><\/td>\n<td>Tiszta v\u00edz: 165L \/ Szennyes v\u00edz: 170L<\/td>\n<\/tr>\n<tr>\n<td><strong>Munkaid\u0151<\/strong><\/td>\n<td>4-5 \u00f3ra<\/td>\n<\/tr>\n<tr>\n<td><strong>Energiarendszer<\/strong><\/td>\n<td>Hajt\u00e1s: Kefe: 550W*2 \/ Sz\u00edv\u00f3er\u0151: 800W \/ Kefe: 550W*2 \/ Sz\u00edv\u00f3er\u0151: 800W \/ Kefe: 550W*2 \/ Sz\u00edv\u00f3er\u0151: 800W: 600W<\/td>\n<\/tr>\n<tr>\n<td><strong>Akkumul\u00e1tor t\u00edpusa<\/strong><\/td>\n<td>24V 200Ah (\u00f3lom-sav szabv\u00e1nyos \/ l\u00edtium opcion\u00e1lis)<\/td>\n<\/tr>\n<tr>\n<td><strong>Alv\u00e1ztechnol\u00f3gia<\/strong><\/td>\n<td>P\u00e1col\u00e1s Elektrofor\u00e9zis + porbevonat<\/td>\n<\/tr>\n<tr>\n<td><strong>Rakod\u00e1si mennyis\u00e9g (40HQ)<\/strong><\/td>\n<td><em>A csomagol\u00e1s alapj\u00e1n meger\u0151s\u00edtend\u0151<\/em><\/td>\n<\/tr>\n<\/tbody>\n<\/table>","protected":false},"excerpt":{"rendered":"<p dir=\"auto\">Az ipari AS900 elektromos padl\u00f3s\u00farol\u00f3g\u00e9p kett\u0151s kef\u00e9vel \u00e9s 5600 m\u00b2\/h tiszt\u00edt\u00e1si hat\u00e9konys\u00e1ggal rendelkezik. Forg\u00f3zott testtel \u00e9s v\u00edz\u00e1ll\u00f3 vezet\u00e9kekkel rendelkezik az alacsony karbantart\u00e1si ig\u00e9ny \u00e9rdek\u00e9ben. \u00c9rdekl\u0151dj\u00f6n az FCL \u00e1rr\u00f3l.<\/p>\n<div class=\"my-2\"><\/div>\n<p dir=\"auto\">","protected":false},"featured_media":19082,"comment_status":"open","ping_status":"closed","template":"","meta":{"_eb_attr":""},"product_brand":[],"product_cat":[75,74],"product_tag":[126,125,118,91,120,123],"class_list":{"0":"post-19081","1":"product","2":"type-product","3":"status-publish","4":"has-post-thumbnail","6":"product_cat-electric-street-sweepers","7":"product_cat-specialized-service-vehicles","8":"product_tag-airport","9":"product_tag-factory","10":"product_tag-hospital","11":"product_tag-industrial-park","12":"product_tag-shopping-mall","13":"product_tag-warehouse","15":"first","16":"instock","17":"shipping-taxable","18":"product-type-simple"},"yoast_head":"<!-- This site is optimized with the Yoast SEO plugin v26.9 - https:\/\/yoast.com\/product\/yoast-seo-wordpress\/ -->\n<title>AS900 Ride-on Electric Floor Scrubber 5600m\u00b2\/h | Factory Direct Wholesale - ORVIK | ORVIK|Light Commercial Electric Vehicles<\/title>\n<meta name=\"robots\" content=\"index, follow, max-snippet:-1, max-image-preview:large, max-video-preview:-1\" \/>\n<link rel=\"canonical\" href=\"https:\/\/orvikpower.com\/hu\/term\u00e9k\/as900-ride-on-electric-floor-scrubber-5600m\u00b2-h-factory-direct-wholesale-orvik\" \/>\n<meta property=\"og:locale\" content=\"hu_HU\" \/>\n<meta property=\"og:type\" content=\"article\" \/>\n<meta property=\"og:title\" content=\"AS900 Ride-on Electric Floor Scrubber 5600m\u00b2\/h | Factory Direct Wholesale - ORVIK | ORVIK|Light Commercial Electric Vehicles\" \/>\n<meta property=\"og:description\" content=\"Industrial AS900 electric floor scrubber features dual brushes and 5600m\u00b2\/h cleaning efficiency. Equipped with rotomolded body and waterproof wiring for low maintenance. Inquire for FCL Price.\" \/>\n<meta property=\"og:url\" content=\"https:\/\/orvikpower.com\/hu\/term\u00e9k\/as900-ride-on-electric-floor-scrubber-5600m\u00b2-h-factory-direct-wholesale-orvik\" \/>\n<meta property=\"og:site_name\" content=\"ORVIK|Light Commercial Electric Vehicles\" \/>\n<meta property=\"article:modified_time\" content=\"2026-01-21T13:51:34+00:00\" \/>\n<meta property=\"og:image\" content=\"https:\/\/orvikpower.com\/wp-content\/uploads\/2026\/01\/AS900-Ride-on-Electric-Floor-Scrubber-5600m\u00b2h-Factory-Direct-Wholesale-ORVIK.jpeg\" \/>\n\t<meta property=\"og:image:width\" content=\"1443\" \/>\n\t<meta property=\"og:image:height\" content=\"1279\" \/>\n\t<meta property=\"og:image:type\" content=\"image\/jpeg\" \/>\n<meta name=\"twitter:card\" content=\"summary_large_image\" \/>\n<meta name=\"twitter:label1\" content=\"Becs\u00fclt olvas\u00e1si id\u0151\" \/>\n\t<meta name=\"twitter:data1\" content=\"1 perc\" \/>\n<script type=\"application\/ld+json\" class=\"yoast-schema-graph\">{\"@context\":\"https:\/\/schema.org\",\"@graph\":[{\"@type\":\"WebPage\",\"@id\":\"https:\/\/orvikpower.com\/product\/as900-ride-on-electric-floor-scrubber-5600m%c2%b2-h-factory-direct-wholesale-orvik\",\"url\":\"https:\/\/orvikpower.com\/product\/as900-ride-on-electric-floor-scrubber-5600m%c2%b2-h-factory-direct-wholesale-orvik\",\"name\":\"AS900 Ride-on Electric Floor Scrubber 5600m\u00b2\/h | Factory Direct Wholesale - ORVIK | ORVIK|Light Commercial Electric Vehicles\",\"isPartOf\":{\"@id\":\"https:\/\/orvikpower.com\/#website\"},\"primaryImageOfPage\":{\"@id\":\"https:\/\/orvikpower.com\/product\/as900-ride-on-electric-floor-scrubber-5600m%c2%b2-h-factory-direct-wholesale-orvik#primaryimage\"},\"image\":{\"@id\":\"https:\/\/orvikpower.com\/product\/as900-ride-on-electric-floor-scrubber-5600m%c2%b2-h-factory-direct-wholesale-orvik#primaryimage\"},\"thumbnailUrl\":\"https:\/\/orvikpower.com\/wp-content\/uploads\/2026\/01\/AS900-Ride-on-Electric-Floor-Scrubber-5600m\u00b2h-Factory-Direct-Wholesale-ORVIK.jpeg\",\"datePublished\":\"2026-01-21T13:51:33+00:00\",\"dateModified\":\"2026-01-21T13:51:34+00:00\",\"breadcrumb\":{\"@id\":\"https:\/\/orvikpower.com\/product\/as900-ride-on-electric-floor-scrubber-5600m%c2%b2-h-factory-direct-wholesale-orvik#breadcrumb\"},\"inLanguage\":\"hu\",\"potentialAction\":[{\"@type\":\"ReadAction\",\"target\":[\"https:\/\/orvikpower.com\/product\/as900-ride-on-electric-floor-scrubber-5600m%c2%b2-h-factory-direct-wholesale-orvik\"]}]},{\"@type\":\"ImageObject\",\"inLanguage\":\"hu\",\"@id\":\"https:\/\/orvikpower.com\/product\/as900-ride-on-electric-floor-scrubber-5600m%c2%b2-h-factory-direct-wholesale-orvik#primaryimage\",\"url\":\"https:\/\/orvikpower.com\/wp-content\/uploads\/2026\/01\/AS900-Ride-on-Electric-Floor-Scrubber-5600m\u00b2h-Factory-Direct-Wholesale-ORVIK.jpeg\",\"contentUrl\":\"https:\/\/orvikpower.com\/wp-content\/uploads\/2026\/01\/AS900-Ride-on-Electric-Floor-Scrubber-5600m\u00b2h-Factory-Direct-Wholesale-ORVIK.jpeg\",\"width\":1443,\"height\":1279},{\"@type\":\"BreadcrumbList\",\"@id\":\"https:\/\/orvikpower.com\/product\/as900-ride-on-electric-floor-scrubber-5600m%c2%b2-h-factory-direct-wholesale-orvik#breadcrumb\",\"itemListElement\":[{\"@type\":\"ListItem\",\"position\":1,\"name\":\"Home\",\"item\":\"https:\/\/orvikpower.com\/\"},{\"@type\":\"ListItem\",\"position\":2,\"name\":\"SHOP\",\"item\":\"https:\/\/orvikpower.com\/shop\"},{\"@type\":\"ListItem\",\"position\":3,\"name\":\"AS900 Ride-on Electric Floor Scrubber 5600m\u00b2\/h | Factory Direct Wholesale &#8211; ORVIK\"}]},{\"@type\":\"WebSite\",\"@id\":\"https:\/\/orvikpower.com\/#website\",\"url\":\"https:\/\/orvikpower.com\/\",\"name\":\"ORVIK | Light Commercial Electric Vehicles\",\"description\":\"Premier Manufacturer of Off-road Electric Utility Vehicles, Pickups &amp; Mini Trucks. High-Temp &amp; Arctic Ready designs for farms &amp; mines. Save costs with Factory-Direct FCL. Make work flow. Get a Quote.\",\"publisher\":{\"@id\":\"https:\/\/orvikpower.com\/#organization\"},\"potentialAction\":[{\"@type\":\"SearchAction\",\"target\":{\"@type\":\"EntryPoint\",\"urlTemplate\":\"https:\/\/orvikpower.com\/?s={search_term_string}\"},\"query-input\":{\"@type\":\"PropertyValueSpecification\",\"valueRequired\":true,\"valueName\":\"search_term_string\"}}],\"inLanguage\":\"hu\"},{\"@type\":\"Organization\",\"@id\":\"https:\/\/orvikpower.com\/#organization\",\"name\":\"ORVIK | Light Commercial Electric Vehicles\",\"url\":\"https:\/\/orvikpower.com\/\",\"logo\":{\"@type\":\"ImageObject\",\"inLanguage\":\"hu\",\"@id\":\"https:\/\/orvikpower.com\/#\/schema\/logo\/image\/\",\"url\":\"https:\/\/orvikpower.com\/wp-content\/uploads\/2026\/01\/cropped-logo-h-main-small.png\",\"contentUrl\":\"https:\/\/orvikpower.com\/wp-content\/uploads\/2026\/01\/cropped-logo-h-main-small.png\",\"width\":512,\"height\":512,\"caption\":\"ORVIK | Light Commercial Electric Vehicles\"},\"image\":{\"@id\":\"https:\/\/orvikpower.com\/#\/schema\/logo\/image\/\"},\"sameAs\":[\"https:\/\/www.youtube.com\/@ORVIKOrvikPower\",\"https:\/\/www.pinterest.com\/OrvikPower\/\"]}]}<\/script>\n<!-- \/ Yoast SEO plugin. -->","yoast_head_json":{"title":"AS900 Ride-on elektromos padl\u00f3s\u00farol\u00f3 5600m\u00b2 \/ h | Gy\u00e1ri k\u00f6zvetlen nagykereskedelem - ORVIK | ORVIK | ORVIK|K\u00f6nny\u0171 haszong\u00e9pj\u00e1rm\u0171vek elektromos j\u00e1rm\u0171vek","robots":{"index":"index","follow":"follow","max-snippet":"max-snippet:-1","max-image-preview":"max-image-preview:large","max-video-preview":"max-video-preview:-1"},"canonical":"https:\/\/orvikpower.com\/hu\/term\u00e9k\/as900-ride-on-electric-floor-scrubber-5600m\u00b2-h-factory-direct-wholesale-orvik","og_locale":"hu_HU","og_type":"article","og_title":"AS900 Ride-on Electric Floor Scrubber 5600m\u00b2\/h | Factory Direct Wholesale - ORVIK | ORVIK|Light Commercial Electric Vehicles","og_description":"Industrial AS900 electric floor scrubber features dual brushes and 5600m\u00b2\/h cleaning efficiency. Equipped with rotomolded body and waterproof wiring for low maintenance. Inquire for FCL Price.","og_url":"https:\/\/orvikpower.com\/hu\/term\u00e9k\/as900-ride-on-electric-floor-scrubber-5600m\u00b2-h-factory-direct-wholesale-orvik","og_site_name":"ORVIK|Light Commercial Electric Vehicles","article_modified_time":"2026-01-21T13:51:34+00:00","og_image":[{"width":1443,"height":1279,"url":"https:\/\/orvikpower.com\/wp-content\/uploads\/2026\/01\/AS900-Ride-on-Electric-Floor-Scrubber-5600m\u00b2h-Factory-Direct-Wholesale-ORVIK.jpeg","type":"image\/jpeg"}],"twitter_card":"summary_large_image","twitter_misc":{"Becs\u00fclt olvas\u00e1si id\u0151":"1 perc"},"schema":{"@context":"https:\/\/schema.org","@graph":[{"@type":"WebPage","@id":"https:\/\/orvikpower.com\/product\/as900-ride-on-electric-floor-scrubber-5600m%c2%b2-h-factory-direct-wholesale-orvik","url":"https:\/\/orvikpower.com\/product\/as900-ride-on-electric-floor-scrubber-5600m%c2%b2-h-factory-direct-wholesale-orvik","name":"AS900 Ride-on elektromos padl\u00f3s\u00farol\u00f3 5600m\u00b2 \/ h | Gy\u00e1ri k\u00f6zvetlen nagykereskedelem - ORVIK | ORVIK | ORVIK|K\u00f6nny\u0171 haszong\u00e9pj\u00e1rm\u0171vek elektromos j\u00e1rm\u0171vek","isPartOf":{"@id":"https:\/\/orvikpower.com\/#website"},"primaryImageOfPage":{"@id":"https:\/\/orvikpower.com\/product\/as900-ride-on-electric-floor-scrubber-5600m%c2%b2-h-factory-direct-wholesale-orvik#primaryimage"},"image":{"@id":"https:\/\/orvikpower.com\/product\/as900-ride-on-electric-floor-scrubber-5600m%c2%b2-h-factory-direct-wholesale-orvik#primaryimage"},"thumbnailUrl":"https:\/\/orvikpower.com\/wp-content\/uploads\/2026\/01\/AS900-Ride-on-Electric-Floor-Scrubber-5600m\u00b2h-Factory-Direct-Wholesale-ORVIK.jpeg","datePublished":"2026-01-21T13:51:33+00:00","dateModified":"2026-01-21T13:51:34+00:00","breadcrumb":{"@id":"https:\/\/orvikpower.com\/product\/as900-ride-on-electric-floor-scrubber-5600m%c2%b2-h-factory-direct-wholesale-orvik#breadcrumb"},"inLanguage":"hu","potentialAction":[{"@type":"ReadAction","target":["https:\/\/orvikpower.com\/product\/as900-ride-on-electric-floor-scrubber-5600m%c2%b2-h-factory-direct-wholesale-orvik"]}]},{"@type":"ImageObject","inLanguage":"hu","@id":"https:\/\/orvikpower.com\/product\/as900-ride-on-electric-floor-scrubber-5600m%c2%b2-h-factory-direct-wholesale-orvik#primaryimage","url":"https:\/\/orvikpower.com\/wp-content\/uploads\/2026\/01\/AS900-Ride-on-Electric-Floor-Scrubber-5600m\u00b2h-Factory-Direct-Wholesale-ORVIK.jpeg","contentUrl":"https:\/\/orvikpower.com\/wp-content\/uploads\/2026\/01\/AS900-Ride-on-Electric-Floor-Scrubber-5600m\u00b2h-Factory-Direct-Wholesale-ORVIK.jpeg","width":1443,"height":1279},{"@type":"BreadcrumbList","@id":"https:\/\/orvikpower.com\/product\/as900-ride-on-electric-floor-scrubber-5600m%c2%b2-h-factory-direct-wholesale-orvik#breadcrumb","itemListElement":[{"@type":"ListItem","position":1,"name":"Home","item":"https:\/\/orvikpower.com\/"},{"@type":"ListItem","position":2,"name":"SHOP","item":"https:\/\/orvikpower.com\/shop"},{"@type":"ListItem","position":3,"name":"AS900 Ride-on Electric Floor Scrubber 5600m\u00b2\/h | Factory Direct Wholesale &#8211; ORVIK"}]},{"@type":"WebSite","@id":"https:\/\/orvikpower.com\/#website","url":"https:\/\/orvikpower.com\/","name":"ORVIK | K\u00f6nny\u0171 haszong\u00e9pj\u00e1rm\u0171vek","description":"A terepj\u00e1r\u00f3 elektromos haszonj\u00e1rm\u0171vek, pickupok \u00e9s mini teheraut\u00f3k els\u0151sz\u00e1m\u00fa gy\u00e1rt\u00f3ja. High-Temp &amp; Arctic Ready kivitelek farmok \u00e9s b\u00e1ny\u00e1k sz\u00e1m\u00e1ra. K\u00f6lts\u00e9gmegtakar\u00edt\u00e1s a Factory-Direct FCL seg\u00edts\u00e9g\u00e9vel. Tegye a munkafolyamatot. K\u00e9rjen \u00e1raj\u00e1nlatot.","publisher":{"@id":"https:\/\/orvikpower.com\/#organization"},"potentialAction":[{"@type":"SearchAction","target":{"@type":"EntryPoint","urlTemplate":"https:\/\/orvikpower.com\/?s={search_term_string}"},"query-input":{"@type":"PropertyValueSpecification","valueRequired":true,"valueName":"search_term_string"}}],"inLanguage":"hu"},{"@type":"Organization","@id":"https:\/\/orvikpower.com\/#organization","name":"ORVIK | K\u00f6nny\u0171 haszong\u00e9pj\u00e1rm\u0171vek","url":"https:\/\/orvikpower.com\/","logo":{"@type":"ImageObject","inLanguage":"hu","@id":"https:\/\/orvikpower.com\/#\/schema\/logo\/image\/","url":"https:\/\/orvikpower.com\/wp-content\/uploads\/2026\/01\/cropped-logo-h-main-small.png","contentUrl":"https:\/\/orvikpower.com\/wp-content\/uploads\/2026\/01\/cropped-logo-h-main-small.png","width":512,"height":512,"caption":"ORVIK | Light Commercial Electric Vehicles"},"image":{"@id":"https:\/\/orvikpower.com\/#\/schema\/logo\/image\/"},"sameAs":["https:\/\/www.youtube.com\/@ORVIKOrvikPower","https:\/\/www.pinterest.com\/OrvikPower\/"]}]}},"_links":{"self":[{"href":"https:\/\/orvikpower.com\/hu\/wp-json\/wp\/v2\/product\/19081","targetHints":{"allow":["GET"]}}],"collection":[{"href":"https:\/\/orvikpower.com\/hu\/wp-json\/wp\/v2\/product"}],"about":[{"href":"https:\/\/orvikpower.com\/hu\/wp-json\/wp\/v2\/types\/product"}],"replies":[{"embeddable":true,"href":"https:\/\/orvikpower.com\/hu\/wp-json\/wp\/v2\/comments?post=19081"}],"wp:featuredmedia":[{"embeddable":true,"href":"https:\/\/orvikpower.com\/hu\/wp-json\/wp\/v2\/media\/19082"}],"wp:attachment":[{"href":"https:\/\/orvikpower.com\/hu\/wp-json\/wp\/v2\/media?parent=19081"}],"wp:term":[{"taxonomy":"product_brand","embeddable":true,"href":"https:\/\/orvikpower.com\/hu\/wp-json\/wp\/v2\/product_brand?post=19081"},{"taxonomy":"product_cat","embeddable":true,"href":"https:\/\/orvikpower.com\/hu\/wp-json\/wp\/v2\/product_cat?post=19081"},{"taxonomy":"product_tag","embeddable":true,"href":"https:\/\/orvikpower.com\/hu\/wp-json\/wp\/v2\/product_tag?post=19081"}],"curies":[{"name":"wp","href":"https:\/\/api.w.org\/{rel}","templated":true}]}}