{"id":19085,"date":"2026-01-21T14:04:27","date_gmt":"2026-01-21T14:04:27","guid":{"rendered":"https:\/\/orvikpower.com\/?post_type=product&#038;p=19085"},"modified":"2026-01-21T14:04:27","modified_gmt":"2026-01-21T14:04:27","slug":"industrial-electric-sweeper-s13-plus-factory-direct-fcl-orvik","status":"publish","type":"product","link":"https:\/\/orvikpower.com\/hu\/term%c3%a9k\/industrial-electric-sweeper-s13-plus-factory-direct-fcl-orvik","title":{"rendered":"Ipari elektromos sepr\u0151g\u00e9p S13 Plus | Factory Direct FCL - ORVIK"},"content":{"rendered":"<p dir=\"auto\">A <strong>ORVIK S13 Plus z\u00e1rt elektromos sepr\u0151g\u00e9p<\/strong> \u00fagy tervezt\u00e9k, hogy helyettes\u00edtse a k\u00e9zi munk\u00e1t kih\u00edv\u00e1st jelent\u0151 k\u00f6rnyezetben, a poros gy\u00e1ri padl\u00f3t\u00f3l az \u00fcd\u00fcl\u0151helyi utakig.<\/p>\n<ul dir=\"auto\">\n<li class=\"text-start\"><strong>Jellemz\u0151<\/strong>: Savval p\u00e1colt, elektrofor\u00e9zissel kezelt ac\u00e9lv\u00e1zra \u00e9p\u00fclt, rot\u00e1ci\u00f3san \u00f6nt\u00f6tt testtel \u00e9s IP-besorol\u00e1s\u00fa v\u00edz\u00e1ll\u00f3 k\u00e1belez\u00e9ssel.<\/li>\n<li class=\"text-start\"><strong>El\u0151ny<\/strong>: Ellen\u00e1ll a korr\u00f3zi\u00f3nak \u00e9s az \u00fct\u0151d\u00e9seknek, mik\u00f6zben a por hat\u00e9kony kezel\u00e9s\u00e9t egy 500 W-os vibr\u00e1ci\u00f3s r\u00e1z\u00f3motor biztos\u00edtja, m\u00e9g nedves k\u00f6r\u00fclm\u00e9nyek k\u00f6z\u00f6tt is.<\/li>\n<li class=\"text-start\"><strong>El\u0151ny<\/strong>: Cs\u00f6kkentse l\u00e9tes\u00edtm\u00e9nygazd\u00e1lkod\u00e1si k\u00f6lts\u00e9geit, mivel ak\u00e1r 6 k\u00e9zi tiszt\u00edt\u00f3t is lecser\u00e9lhet egyetlen k\u00e9sz\u00fcl\u00e9kre, biztos\u00edtva a tiszt\u00e1bb k\u00f6rnyezetet \u00e9s a gyors megt\u00e9r\u00fcl\u00e9st.<\/li>\n<li class=\"text-start\"><strong>Testreszab\u00e1s<\/strong>: A kimen\u0151 teljes\u00edtm\u00e9ny \u00e9s az akkumul\u00e1tor-rendszerek (\u00f3lom-sav vagy l\u00edtium) testre szabhat\u00f3k, hogy megfeleljenek a m\u0171szak id\u0151tartam\u00e1ra vonatkoz\u00f3 egyedi k\u00f6vetelm\u00e9nyeknek.<br \/>\n<strong>\u00dagy tervezt\u00fck, hogy a munkafolyamatokat megk\u00f6nny\u00edtse.<\/strong><\/li>\n<\/ul>\n<table class=\"table table-striped-white table-bordered\" data-anchor-id=\"zgd0\">\n<thead>\n<tr>\n<th>Param\u00e9ter<\/th>\n<th>\u00c9rt\u00e9k<\/th>\n<\/tr>\n<\/thead>\n<tbody>\n<tr>\n<td><strong>Modell neve<\/strong><\/td>\n<td>S13 Plus z\u00e1rt elektromos sepr\u0151g\u00e9p<\/td>\n<\/tr>\n<tr>\n<td><strong>M\u00e9retek (L*S*H)<\/strong><\/td>\n<td>1550 \u00d7 1300 \u00d7 1850 mm<\/td>\n<\/tr>\n<tr>\n<td><strong>Tiszt\u00edt\u00e1si sz\u00e9less\u00e9g<\/strong><\/td>\n<td>1300 mm (oldalkef\u00e9k + f\u0151kefe)<\/td>\n<\/tr>\n<tr>\n<td><strong>Akkumul\u00e1tor t\u00edpusa<\/strong><\/td>\n<td>48V 45Ah \u00f3lom-akkumul\u00e1tor (Standard) \/\u00a0<strong>L\u00edtium opcion\u00e1lis<\/strong><\/td>\n<\/tr>\n<tr>\n<td><strong>Motoros rendszer<\/strong><\/td>\n<td><strong>Hajt\u00e1s:<\/strong>\u00a0800W \/\u00a0<strong>S\u00f6pr\u00e9s:<\/strong>\u00a0700W (oldal) + 100W (f\u0151) + 200W (ventil\u00e1tor)<\/td>\n<\/tr>\n<tr>\n<td><strong>Porkontroll<\/strong><\/td>\n<td>500W-os vibr\u00e1ci\u00f3s motor<\/td>\n<\/tr>\n<tr>\n<td><strong>Munkakapacit\u00e1s<\/strong><\/td>\n<td>V\u00edztart\u00e1ly: Szemetes: 30L \/ Szemetes: 30L \/ Szemetes: 30L \/ Szemetes: 30L: 80L<\/td>\n<\/tr>\n<tr>\n<td><strong>Gumiabroncsok<\/strong><\/td>\n<td>T\u00f6m\u00f6r gumiabroncsok (defektt\u0171r\u0151 az ipari telephelyeken)<\/td>\n<\/tr>\n<tr>\n<td><strong>Fut\u00f3m\u0171-technika<\/strong><\/td>\n<td>Elektrofor\u00e9zis + magas h\u0151m\u00e9rs\u00e9klet\u0171 porbevonat (rozsdag\u00e1tl\u00f3)<\/td>\n<\/tr>\n<tr>\n<td><strong>Maxim\u00e1lis oszt\u00e1lyozhat\u00f3s\u00e1g<\/strong><\/td>\n<td>20%<\/td>\n<\/tr>\n<tr>\n<td><strong>Munkaid\u0151<\/strong><\/td>\n<td>2 \u00b1 0,5 \u00f3ra (standard) \/ b\u0151v\u00edthet\u0151<\/td>\n<\/tr>\n<tr>\n<td><strong>Rakod\u00e1si mennyis\u00e9g (40HQ)<\/strong><\/td>\n<td>K\u00f6r\u00fclbel\u00fcl 14-18 egys\u00e9g (SKD\/Tet\u0151 k\u00fcl\u00f6n\u00e1ll\u00f3) -\u00a0<em>Kapcsolat a rakod\u00e1si tervhez<\/em><\/td>\n<\/tr>\n<\/tbody>\n<\/table>","protected":false},"excerpt":{"rendered":"<p>Kompakt S13 elektromos sepr\u0151g\u00e9p gy\u00e1rak \u00e9s \u00fcd\u00fcl\u0151helyek sz\u00e1m\u00e1ra. 1300 mm-es tiszt\u00edt\u00e1si sz\u00e9less\u00e9ggel, sav\u00e1ll\u00f3 alv\u00e1zzal \u00e9s t\u00f6m\u00f6r gumiabroncsokkal rendelkezik. Alacsony karbantart\u00e1si ig\u00e9ny. \u00c9rdekl\u0151dj\u00f6n az FCL \u00e1rr\u00f3l.<\/p>","protected":false},"featured_media":19086,"comment_status":"open","ping_status":"closed","template":"","meta":{"_eb_attr":""},"product_brand":[],"product_cat":[75,74],"product_tag":[128,91,87,127,88,123],"class_list":{"0":"post-19085","1":"product","2":"type-product","3":"status-publish","4":"has-post-thumbnail","6":"product_cat-electric-street-sweepers","7":"product_cat-specialized-service-vehicles","8":"product_tag-factory-cleaning","9":"product_tag-industrial-park","10":"product_tag-municipal","11":"product_tag-property-management","12":"product_tag-resort","13":"product_tag-warehouse","15":"first","16":"instock","17":"shipping-taxable","18":"product-type-simple"},"yoast_head":"<!-- This site is optimized with the Yoast SEO plugin v26.9 - https:\/\/yoast.com\/product\/yoast-seo-wordpress\/ -->\n<title>Industrial Electric Sweeper S13 Plus | Factory Direct FCL - ORVIK | ORVIK|Light Commercial Electric Vehicles<\/title>\n<meta name=\"robots\" content=\"index, follow, max-snippet:-1, max-image-preview:large, max-video-preview:-1\" \/>\n<link rel=\"canonical\" href=\"https:\/\/orvikpower.com\/hu\/term\u00e9k\/industrial-electric-sweeper-s13-plus-factory-direct-fcl-orvik\" \/>\n<meta property=\"og:locale\" content=\"hu_HU\" \/>\n<meta property=\"og:type\" content=\"article\" \/>\n<meta property=\"og:title\" content=\"Industrial Electric Sweeper S13 Plus | Factory Direct FCL - ORVIK | ORVIK|Light Commercial Electric Vehicles\" \/>\n<meta property=\"og:description\" content=\"Compact S13 electric sweeper for factories &amp; resorts. Features 1300mm cleaning width, acid-proof chassis, and solid tires. Low maintenance. Inquire for FCL Price.\" \/>\n<meta property=\"og:url\" content=\"https:\/\/orvikpower.com\/hu\/term\u00e9k\/industrial-electric-sweeper-s13-plus-factory-direct-fcl-orvik\" \/>\n<meta property=\"og:site_name\" content=\"ORVIK|Light Commercial Electric Vehicles\" \/>\n<meta property=\"og:image\" content=\"https:\/\/orvikpower.com\/wp-content\/uploads\/2026\/01\/S13-Electric-Floor-Sweeper-for-Industrial-Resort-Factory-Direct-Wholesale-ORVIK-1.jpg\" \/>\n\t<meta property=\"og:image:width\" content=\"1392\" \/>\n\t<meta property=\"og:image:height\" content=\"1153\" \/>\n\t<meta property=\"og:image:type\" content=\"image\/jpeg\" \/>\n<meta name=\"twitter:card\" content=\"summary_large_image\" \/>\n<meta name=\"twitter:label1\" content=\"Becs\u00fclt olvas\u00e1si id\u0151\" \/>\n\t<meta name=\"twitter:data1\" content=\"1 perc\" \/>\n<script type=\"application\/ld+json\" class=\"yoast-schema-graph\">{\"@context\":\"https:\/\/schema.org\",\"@graph\":[{\"@type\":\"WebPage\",\"@id\":\"https:\/\/orvikpower.com\/product\/industrial-electric-sweeper-s13-plus-factory-direct-fcl-orvik\",\"url\":\"https:\/\/orvikpower.com\/product\/industrial-electric-sweeper-s13-plus-factory-direct-fcl-orvik\",\"name\":\"Industrial Electric Sweeper S13 Plus | Factory Direct FCL - ORVIK | ORVIK|Light Commercial Electric Vehicles\",\"isPartOf\":{\"@id\":\"https:\/\/orvikpower.com\/#website\"},\"primaryImageOfPage\":{\"@id\":\"https:\/\/orvikpower.com\/product\/industrial-electric-sweeper-s13-plus-factory-direct-fcl-orvik#primaryimage\"},\"image\":{\"@id\":\"https:\/\/orvikpower.com\/product\/industrial-electric-sweeper-s13-plus-factory-direct-fcl-orvik#primaryimage\"},\"thumbnailUrl\":\"https:\/\/orvikpower.com\/wp-content\/uploads\/2026\/01\/S13-Electric-Floor-Sweeper-for-Industrial-Resort-Factory-Direct-Wholesale-ORVIK-1.jpg\",\"datePublished\":\"2026-01-21T14:04:27+00:00\",\"breadcrumb\":{\"@id\":\"https:\/\/orvikpower.com\/product\/industrial-electric-sweeper-s13-plus-factory-direct-fcl-orvik#breadcrumb\"},\"inLanguage\":\"hu\",\"potentialAction\":[{\"@type\":\"ReadAction\",\"target\":[\"https:\/\/orvikpower.com\/product\/industrial-electric-sweeper-s13-plus-factory-direct-fcl-orvik\"]}]},{\"@type\":\"ImageObject\",\"inLanguage\":\"hu\",\"@id\":\"https:\/\/orvikpower.com\/product\/industrial-electric-sweeper-s13-plus-factory-direct-fcl-orvik#primaryimage\",\"url\":\"https:\/\/orvikpower.com\/wp-content\/uploads\/2026\/01\/S13-Electric-Floor-Sweeper-for-Industrial-Resort-Factory-Direct-Wholesale-ORVIK-1.jpg\",\"contentUrl\":\"https:\/\/orvikpower.com\/wp-content\/uploads\/2026\/01\/S13-Electric-Floor-Sweeper-for-Industrial-Resort-Factory-Direct-Wholesale-ORVIK-1.jpg\",\"width\":1392,\"height\":1153,\"caption\":\"Compact S13 Plus electric sweeper for factories & resorts. Features 1300mm cleaning width, acid-proof chassis, and solid tires. Low maintenance. Inquire for FCL Price.\"},{\"@type\":\"BreadcrumbList\",\"@id\":\"https:\/\/orvikpower.com\/product\/industrial-electric-sweeper-s13-plus-factory-direct-fcl-orvik#breadcrumb\",\"itemListElement\":[{\"@type\":\"ListItem\",\"position\":1,\"name\":\"Home\",\"item\":\"https:\/\/orvikpower.com\/\"},{\"@type\":\"ListItem\",\"position\":2,\"name\":\"SHOP\",\"item\":\"https:\/\/orvikpower.com\/shop\"},{\"@type\":\"ListItem\",\"position\":3,\"name\":\"Industrial Electric Sweeper S13 Plus | Factory Direct FCL &#8211; ORVIK\"}]},{\"@type\":\"WebSite\",\"@id\":\"https:\/\/orvikpower.com\/#website\",\"url\":\"https:\/\/orvikpower.com\/\",\"name\":\"ORVIK | Light Commercial Electric Vehicles\",\"description\":\"Premier Manufacturer of Off-road Electric Utility Vehicles, Pickups &amp; Mini Trucks. High-Temp &amp; Arctic Ready designs for farms &amp; mines. Save costs with Factory-Direct FCL. Make work flow. Get a Quote.\",\"publisher\":{\"@id\":\"https:\/\/orvikpower.com\/#organization\"},\"potentialAction\":[{\"@type\":\"SearchAction\",\"target\":{\"@type\":\"EntryPoint\",\"urlTemplate\":\"https:\/\/orvikpower.com\/?s={search_term_string}\"},\"query-input\":{\"@type\":\"PropertyValueSpecification\",\"valueRequired\":true,\"valueName\":\"search_term_string\"}}],\"inLanguage\":\"hu\"},{\"@type\":\"Organization\",\"@id\":\"https:\/\/orvikpower.com\/#organization\",\"name\":\"ORVIK | Light Commercial Electric Vehicles\",\"url\":\"https:\/\/orvikpower.com\/\",\"logo\":{\"@type\":\"ImageObject\",\"inLanguage\":\"hu\",\"@id\":\"https:\/\/orvikpower.com\/#\/schema\/logo\/image\/\",\"url\":\"https:\/\/orvikpower.com\/wp-content\/uploads\/2026\/01\/cropped-logo-h-main-small.png\",\"contentUrl\":\"https:\/\/orvikpower.com\/wp-content\/uploads\/2026\/01\/cropped-logo-h-main-small.png\",\"width\":512,\"height\":512,\"caption\":\"ORVIK | Light Commercial Electric Vehicles\"},\"image\":{\"@id\":\"https:\/\/orvikpower.com\/#\/schema\/logo\/image\/\"},\"sameAs\":[\"https:\/\/www.youtube.com\/@ORVIKOrvikPower\",\"https:\/\/www.pinterest.com\/OrvikPower\/\"]}]}<\/script>\n<!-- \/ Yoast SEO plugin. -->","yoast_head_json":{"title":"Ipari elektromos sepr\u0151g\u00e9p S13 Plus | Factory Direct FCL - ORVIK | ORVIK | ORVIK|K\u00f6nny\u0171 haszong\u00e9pj\u00e1rm\u0171vek elektromos j\u00e1rm\u0171vek","robots":{"index":"index","follow":"follow","max-snippet":"max-snippet:-1","max-image-preview":"max-image-preview:large","max-video-preview":"max-video-preview:-1"},"canonical":"https:\/\/orvikpower.com\/hu\/term\u00e9k\/industrial-electric-sweeper-s13-plus-factory-direct-fcl-orvik","og_locale":"hu_HU","og_type":"article","og_title":"Industrial Electric Sweeper S13 Plus | Factory Direct FCL - ORVIK | ORVIK|Light Commercial Electric Vehicles","og_description":"Compact S13 electric sweeper for factories &amp; resorts. Features 1300mm cleaning width, acid-proof chassis, and solid tires. Low maintenance. Inquire for FCL Price.","og_url":"https:\/\/orvikpower.com\/hu\/term\u00e9k\/industrial-electric-sweeper-s13-plus-factory-direct-fcl-orvik","og_site_name":"ORVIK|Light Commercial Electric Vehicles","og_image":[{"width":1392,"height":1153,"url":"https:\/\/orvikpower.com\/wp-content\/uploads\/2026\/01\/S13-Electric-Floor-Sweeper-for-Industrial-Resort-Factory-Direct-Wholesale-ORVIK-1.jpg","type":"image\/jpeg"}],"twitter_card":"summary_large_image","twitter_misc":{"Becs\u00fclt olvas\u00e1si id\u0151":"1 perc"},"schema":{"@context":"https:\/\/schema.org","@graph":[{"@type":"WebPage","@id":"https:\/\/orvikpower.com\/product\/industrial-electric-sweeper-s13-plus-factory-direct-fcl-orvik","url":"https:\/\/orvikpower.com\/product\/industrial-electric-sweeper-s13-plus-factory-direct-fcl-orvik","name":"Ipari elektromos sepr\u0151g\u00e9p S13 Plus | Factory Direct FCL - ORVIK | ORVIK | ORVIK|K\u00f6nny\u0171 haszong\u00e9pj\u00e1rm\u0171vek elektromos j\u00e1rm\u0171vek","isPartOf":{"@id":"https:\/\/orvikpower.com\/#website"},"primaryImageOfPage":{"@id":"https:\/\/orvikpower.com\/product\/industrial-electric-sweeper-s13-plus-factory-direct-fcl-orvik#primaryimage"},"image":{"@id":"https:\/\/orvikpower.com\/product\/industrial-electric-sweeper-s13-plus-factory-direct-fcl-orvik#primaryimage"},"thumbnailUrl":"https:\/\/orvikpower.com\/wp-content\/uploads\/2026\/01\/S13-Electric-Floor-Sweeper-for-Industrial-Resort-Factory-Direct-Wholesale-ORVIK-1.jpg","datePublished":"2026-01-21T14:04:27+00:00","breadcrumb":{"@id":"https:\/\/orvikpower.com\/product\/industrial-electric-sweeper-s13-plus-factory-direct-fcl-orvik#breadcrumb"},"inLanguage":"hu","potentialAction":[{"@type":"ReadAction","target":["https:\/\/orvikpower.com\/product\/industrial-electric-sweeper-s13-plus-factory-direct-fcl-orvik"]}]},{"@type":"ImageObject","inLanguage":"hu","@id":"https:\/\/orvikpower.com\/product\/industrial-electric-sweeper-s13-plus-factory-direct-fcl-orvik#primaryimage","url":"https:\/\/orvikpower.com\/wp-content\/uploads\/2026\/01\/S13-Electric-Floor-Sweeper-for-Industrial-Resort-Factory-Direct-Wholesale-ORVIK-1.jpg","contentUrl":"https:\/\/orvikpower.com\/wp-content\/uploads\/2026\/01\/S13-Electric-Floor-Sweeper-for-Industrial-Resort-Factory-Direct-Wholesale-ORVIK-1.jpg","width":1392,"height":1153,"caption":"Compact S13 Plus electric sweeper for factories & resorts. Features 1300mm cleaning width, acid-proof chassis, and solid tires. Low maintenance. Inquire for FCL Price."},{"@type":"BreadcrumbList","@id":"https:\/\/orvikpower.com\/product\/industrial-electric-sweeper-s13-plus-factory-direct-fcl-orvik#breadcrumb","itemListElement":[{"@type":"ListItem","position":1,"name":"Home","item":"https:\/\/orvikpower.com\/"},{"@type":"ListItem","position":2,"name":"SHOP","item":"https:\/\/orvikpower.com\/shop"},{"@type":"ListItem","position":3,"name":"Industrial Electric Sweeper S13 Plus | Factory Direct FCL &#8211; ORVIK"}]},{"@type":"WebSite","@id":"https:\/\/orvikpower.com\/#website","url":"https:\/\/orvikpower.com\/","name":"ORVIK | K\u00f6nny\u0171 haszong\u00e9pj\u00e1rm\u0171vek","description":"A terepj\u00e1r\u00f3 elektromos haszonj\u00e1rm\u0171vek, pickupok \u00e9s mini teheraut\u00f3k els\u0151sz\u00e1m\u00fa gy\u00e1rt\u00f3ja. High-Temp &amp; Arctic Ready kivitelek farmok \u00e9s b\u00e1ny\u00e1k sz\u00e1m\u00e1ra. K\u00f6lts\u00e9gmegtakar\u00edt\u00e1s a Factory-Direct FCL seg\u00edts\u00e9g\u00e9vel. Tegye a munkafolyamatot. K\u00e9rjen \u00e1raj\u00e1nlatot.","publisher":{"@id":"https:\/\/orvikpower.com\/#organization"},"potentialAction":[{"@type":"SearchAction","target":{"@type":"EntryPoint","urlTemplate":"https:\/\/orvikpower.com\/?s={search_term_string}"},"query-input":{"@type":"PropertyValueSpecification","valueRequired":true,"valueName":"search_term_string"}}],"inLanguage":"hu"},{"@type":"Organization","@id":"https:\/\/orvikpower.com\/#organization","name":"ORVIK | K\u00f6nny\u0171 haszong\u00e9pj\u00e1rm\u0171vek","url":"https:\/\/orvikpower.com\/","logo":{"@type":"ImageObject","inLanguage":"hu","@id":"https:\/\/orvikpower.com\/#\/schema\/logo\/image\/","url":"https:\/\/orvikpower.com\/wp-content\/uploads\/2026\/01\/cropped-logo-h-main-small.png","contentUrl":"https:\/\/orvikpower.com\/wp-content\/uploads\/2026\/01\/cropped-logo-h-main-small.png","width":512,"height":512,"caption":"ORVIK | Light Commercial Electric Vehicles"},"image":{"@id":"https:\/\/orvikpower.com\/#\/schema\/logo\/image\/"},"sameAs":["https:\/\/www.youtube.com\/@ORVIKOrvikPower","https:\/\/www.pinterest.com\/OrvikPower\/"]}]}},"_links":{"self":[{"href":"https:\/\/orvikpower.com\/hu\/wp-json\/wp\/v2\/product\/19085","targetHints":{"allow":["GET"]}}],"collection":[{"href":"https:\/\/orvikpower.com\/hu\/wp-json\/wp\/v2\/product"}],"about":[{"href":"https:\/\/orvikpower.com\/hu\/wp-json\/wp\/v2\/types\/product"}],"replies":[{"embeddable":true,"href":"https:\/\/orvikpower.com\/hu\/wp-json\/wp\/v2\/comments?post=19085"}],"wp:featuredmedia":[{"embeddable":true,"href":"https:\/\/orvikpower.com\/hu\/wp-json\/wp\/v2\/media\/19086"}],"wp:attachment":[{"href":"https:\/\/orvikpower.com\/hu\/wp-json\/wp\/v2\/media?parent=19085"}],"wp:term":[{"taxonomy":"product_brand","embeddable":true,"href":"https:\/\/orvikpower.com\/hu\/wp-json\/wp\/v2\/product_brand?post=19085"},{"taxonomy":"product_cat","embeddable":true,"href":"https:\/\/orvikpower.com\/hu\/wp-json\/wp\/v2\/product_cat?post=19085"},{"taxonomy":"product_tag","embeddable":true,"href":"https:\/\/orvikpower.com\/hu\/wp-json\/wp\/v2\/product_tag?post=19085"}],"curies":[{"name":"wp","href":"https:\/\/api.w.org\/{rel}","templated":true}]}}