{"id":19089,"date":"2026-01-21T14:16:35","date_gmt":"2026-01-21T14:16:35","guid":{"rendered":"https:\/\/orvikpower.com\/?post_type=product&#038;p=19089"},"modified":"2026-01-21T14:16:47","modified_gmt":"2026-01-21T14:16:47","slug":"electric-street-sweeper-s15-plus-factory-direct-wholesale-orvik","status":"publish","type":"product","link":"https:\/\/orvikpower.com\/hu\/term%c3%a9k\/electric-street-sweeper-s15-plus-factory-direct-wholesale-orvik","title":{"rendered":"Elektromos utcasepr\u0151 S15 Plus | Gy\u00e1ri k\u00f6zvetlen nagykereskedelem - ORVIK"},"content":{"rendered":"<p dir=\"auto\"><strong>Maximaliz\u00e1lja a tiszt\u00edt\u00e1si hat\u00e9konys\u00e1got az S15 Plusszal.<\/strong><br \/>\nAz ORVIK S15 Plus egy teljesen z\u00e1rt elektromos sepr\u0151g\u00e9p, amelyet szigor\u00fa ipari \u00e9s kommun\u00e1lis takar\u00edt\u00e1shoz terveztek. Robusztus <strong>Rotomolding test<\/strong> (Jellemz\u0151), kiv\u00e1l\u00f3 \u00fct\u00e9s\u00e1ll\u00f3s\u00e1got \u00e9s teljes rozsdamentess\u00e9get biztos\u00edt, m\u00e9g nedves vagy tengerparti k\u00f6rnyezetben is (El\u0151ny). Ez a tart\u00f3ss\u00e1g hosszabb \u00e9lettartamot biztos\u00edt, \u00e9s jelent\u0151sen cs\u00f6kkenti a flottakarbantart\u00e1si k\u00f6lts\u00e9geket az ingatlankezel\u0151k \u00e9s a takar\u00edt\u00e1si v\u00e1llalkoz\u00f3k sz\u00e1m\u00e1ra (El\u0151ny).<\/p>\n<div class=\"my-2\"><\/div>\n<p dir=\"auto\">A sokoldal\u00fas\u00e1gra tervezett S15 Plus 1500 mm-es sepr\u0151sz\u00e9less\u00e9ggel \u00e9s a m\u00e1sodlagos por elnyom\u00e1s\u00e1ra szolg\u00e1l\u00f3 integr\u00e1lt v\u00edzp\u00e1r\u00e1s\u00edt\u00f3 rendszerrel kezeli a port, a t\u00f6rmel\u00e9ket \u00e9s a leveleket. Ak\u00e1r egy poros k\u00f6zel-keleti gy\u00e1rpadl\u00f3t, ak\u00e1r egy \u00fcd\u00fcl\u0151helyi utat kezel, ez a k\u00e9sz\u00fcl\u00e9ket teljes\u00edtm\u00e9nyre tervezt\u00e9k.<\/p>\n<div class=\"my-2\"><\/div>\n<ul dir=\"auto\">\n<li class=\"text-start\"><strong>Teljes\u00edtm\u00e9ny testreszab\u00e1sa:<\/strong> A motor teljes\u00edtm\u00e9nye testre szabhat\u00f3, hogy megfeleljen az adott m\u00e1sz\u00e1si vagy terhel\u00e9si k\u00f6vetelm\u00e9nyeknek.<\/li>\n<li class=\"text-start\"><strong>Akkumul\u00e1tor opci\u00f3k:<\/strong> Standard \u00f3lom-sav akkumul\u00e1torral vagy LiFePO4 l\u00edtium akkumul\u00e1torral is rendelhet\u0151 a 24\/7 m\u0171k\u00f6d\u00e9shez.<\/li>\n<\/ul>\n<p dir=\"auto\"><strong>\u00dagy tervezt\u00fck, hogy a munkafolyamatokat megk\u00f6nny\u00edtse.<\/strong><\/p>\n<table class=\"table table-striped-white table-bordered\" data-anchor-id=\"e59t\">\n<thead>\n<tr>\n<th>Specifik\u00e1ci\u00f3<\/th>\n<th>Adatok<\/th>\n<\/tr>\n<\/thead>\n<tbody>\n<tr>\n<td><strong>Modell<\/strong><\/td>\n<td>S15 Plus (z\u00e1rt kabin)<\/td>\n<\/tr>\n<tr>\n<td><strong>M\u00e9retek (L*S*H)<\/strong><\/td>\n<td>1800 \u00d7 1500 \u00d7 1950 mm<\/td>\n<\/tr>\n<tr>\n<td><strong>S\u00f6pr\u0151 sz\u00e9less\u00e9g<\/strong><\/td>\n<td>1500 mm<\/td>\n<\/tr>\n<tr>\n<td><strong>Energiarendszer<\/strong><\/td>\n<td>48V \/ 80Ah (\u00f3lom-savas szabv\u00e1ny, LiFePO4 opcion\u00e1lis) [2]<\/td>\n<\/tr>\n<tr>\n<td><strong>Hajt\u00f3motor teljes\u00edtm\u00e9nye<\/strong><\/td>\n<td>1200W<\/td>\n<\/tr>\n<tr>\n<td><strong>Kef\u00e9s motor teljes\u00edtm\u00e9nye<\/strong><\/td>\n<td>Oldal: 1000W (\u00f6sszesen) \/ F\u0151: 100W \/ Ventil\u00e1tor: 200W<\/td>\n<\/tr>\n<tr>\n<td><strong>Munka hat\u00e9konys\u00e1ga<\/strong><\/td>\n<td>2-3 \u00f3ra folyamatos m\u0171k\u00f6d\u00e9s<\/td>\n<\/tr>\n<tr>\n<td><strong>Tart\u00e1ly kapacit\u00e1sa<\/strong><\/td>\n<td>V\u00edz: 60L \/ Por\/szem\u00e9t: 180L<\/td>\n<\/tr>\n<tr>\n<td><strong>J\u00e1rm\u0171 s\u00falya<\/strong><\/td>\n<td>495 kg<\/td>\n<\/tr>\n<tr>\n<td><strong>F\u00e9krendszer<\/strong><\/td>\n<td>Hidraulikus k\u00e9tt\u00e1rcs\u00e1s f\u00e9kek<\/td>\n<\/tr>\n<tr>\n<td><strong>Test anyaga<\/strong><\/td>\n<td>Rot\u00e1ci\u00f3s fr\u00f6ccs\u00f6nt\u00e9s (korr\u00f3zi\u00f3- \u00e9s \u00fct\u00e9s\u00e1ll\u00f3) [1]<\/td>\n<\/tr>\n<tr>\n<td><strong>Gumiabroncsok<\/strong><\/td>\n<td>T\u00f6m\u00f6r gumiabroncsok (defektbiztos)<\/td>\n<\/tr>\n<tr>\n<td><strong>Rakod\u00e1si mennyis\u00e9g (40HQ)<\/strong><\/td>\n<td>Becsl\u00e9s: 6-7 egys\u00e9g (Kapcsolat az FCL elrendez\u00e9shez)<\/td>\n<\/tr>\n<\/tbody>\n<\/table>\n<div class=\"my-2\"><\/div>\n<p dir=\"auto\">","protected":false},"excerpt":{"rendered":"<p dir=\"auto\">Ipari elektromos sepr\u0151g\u00e9p S15 Plus. 1500 mm sepr\u0151sz\u00e9less\u00e9g, rot\u00e1ci\u00f3s \u00f6nt\u00f6tt korr\u00f3zi\u00f3g\u00e1tl\u00f3 karossz\u00e9ria. Magas h\u0151m\u00e9rs\u00e9klet\u0171 l\u00e9tes\u00edtm\u00e9nyekre k\u00e9sz. K\u00e9rjen FCL \u00e1rat.<\/p>\n<div class=\"my-2\"><\/div>\n<p dir=\"auto\">","protected":false},"featured_media":19090,"comment_status":"open","ping_status":"closed","template":"","meta":{"_eb_attr":""},"product_brand":[],"product_cat":[75,74],"product_tag":[125,91,87,88,95],"class_list":{"0":"post-19089","1":"product","2":"type-product","3":"status-publish","4":"has-post-thumbnail","6":"product_cat-electric-street-sweepers","7":"product_cat-specialized-service-vehicles","8":"product_tag-factory","9":"product_tag-industrial-park","10":"product_tag-municipal","11":"product_tag-resort","12":"product_tag-zero-emission","14":"first","15":"instock","16":"shipping-taxable","17":"product-type-simple"},"yoast_head":"<!-- This site is optimized with the Yoast SEO plugin v26.9 - https:\/\/yoast.com\/product\/yoast-seo-wordpress\/ -->\n<title>Electric Street Sweeper S15 Plus | Factory Direct Wholesale - ORVIK | ORVIK|Light Commercial Electric Vehicles<\/title>\n<meta name=\"robots\" content=\"index, follow, max-snippet:-1, max-image-preview:large, max-video-preview:-1\" \/>\n<link rel=\"canonical\" href=\"https:\/\/orvikpower.com\/hu\/term\u00e9k\/electric-street-sweeper-s15-plus-factory-direct-wholesale-orvik\" \/>\n<meta property=\"og:locale\" content=\"hu_HU\" \/>\n<meta property=\"og:type\" content=\"article\" \/>\n<meta property=\"og:title\" content=\"Electric Street Sweeper S15 Plus | Factory Direct Wholesale - ORVIK | ORVIK|Light Commercial Electric Vehicles\" \/>\n<meta property=\"og:description\" content=\"Industrial electric sweeper S15 Plus. 1500mm sweeping width, rotomolding anti-corrosion body. High-temp ready for facilities. Inquire for FCL Price.\" \/>\n<meta property=\"og:url\" content=\"https:\/\/orvikpower.com\/hu\/term\u00e9k\/electric-street-sweeper-s15-plus-factory-direct-wholesale-orvik\" \/>\n<meta property=\"og:site_name\" content=\"ORVIK|Light Commercial Electric Vehicles\" \/>\n<meta property=\"article:modified_time\" content=\"2026-01-21T14:16:47+00:00\" \/>\n<meta property=\"og:image\" content=\"https:\/\/orvikpower.com\/wp-content\/uploads\/2026\/01\/Electric-Street-Sweeper-S15-Plus-Factory-Direct-Wholesale-ORVIK.jpg\" \/>\n\t<meta property=\"og:image:width\" content=\"1348\" \/>\n\t<meta property=\"og:image:height\" content=\"1544\" \/>\n\t<meta property=\"og:image:type\" content=\"image\/jpeg\" \/>\n<meta name=\"twitter:card\" content=\"summary_large_image\" \/>\n<meta name=\"twitter:label1\" content=\"Becs\u00fclt olvas\u00e1si id\u0151\" \/>\n\t<meta name=\"twitter:data1\" content=\"1 perc\" \/>\n<script type=\"application\/ld+json\" class=\"yoast-schema-graph\">{\"@context\":\"https:\/\/schema.org\",\"@graph\":[{\"@type\":\"WebPage\",\"@id\":\"https:\/\/orvikpower.com\/product\/electric-street-sweeper-s15-plus-factory-direct-wholesale-orvik\",\"url\":\"https:\/\/orvikpower.com\/product\/electric-street-sweeper-s15-plus-factory-direct-wholesale-orvik\",\"name\":\"Electric Street Sweeper S15 Plus | Factory Direct Wholesale - ORVIK | ORVIK|Light Commercial Electric Vehicles\",\"isPartOf\":{\"@id\":\"https:\/\/orvikpower.com\/#website\"},\"primaryImageOfPage\":{\"@id\":\"https:\/\/orvikpower.com\/product\/electric-street-sweeper-s15-plus-factory-direct-wholesale-orvik#primaryimage\"},\"image\":{\"@id\":\"https:\/\/orvikpower.com\/product\/electric-street-sweeper-s15-plus-factory-direct-wholesale-orvik#primaryimage\"},\"thumbnailUrl\":\"https:\/\/orvikpower.com\/wp-content\/uploads\/2026\/01\/Electric-Street-Sweeper-S15-Plus-Factory-Direct-Wholesale-ORVIK.jpg\",\"datePublished\":\"2026-01-21T14:16:35+00:00\",\"dateModified\":\"2026-01-21T14:16:47+00:00\",\"breadcrumb\":{\"@id\":\"https:\/\/orvikpower.com\/product\/electric-street-sweeper-s15-plus-factory-direct-wholesale-orvik#breadcrumb\"},\"inLanguage\":\"hu\",\"potentialAction\":[{\"@type\":\"ReadAction\",\"target\":[\"https:\/\/orvikpower.com\/product\/electric-street-sweeper-s15-plus-factory-direct-wholesale-orvik\"]}]},{\"@type\":\"ImageObject\",\"inLanguage\":\"hu\",\"@id\":\"https:\/\/orvikpower.com\/product\/electric-street-sweeper-s15-plus-factory-direct-wholesale-orvik#primaryimage\",\"url\":\"https:\/\/orvikpower.com\/wp-content\/uploads\/2026\/01\/Electric-Street-Sweeper-S15-Plus-Factory-Direct-Wholesale-ORVIK.jpg\",\"contentUrl\":\"https:\/\/orvikpower.com\/wp-content\/uploads\/2026\/01\/Electric-Street-Sweeper-S15-Plus-Factory-Direct-Wholesale-ORVIK.jpg\",\"width\":1348,\"height\":1544},{\"@type\":\"BreadcrumbList\",\"@id\":\"https:\/\/orvikpower.com\/product\/electric-street-sweeper-s15-plus-factory-direct-wholesale-orvik#breadcrumb\",\"itemListElement\":[{\"@type\":\"ListItem\",\"position\":1,\"name\":\"Home\",\"item\":\"https:\/\/orvikpower.com\/\"},{\"@type\":\"ListItem\",\"position\":2,\"name\":\"SHOP\",\"item\":\"https:\/\/orvikpower.com\/shop\"},{\"@type\":\"ListItem\",\"position\":3,\"name\":\"Electric Street Sweeper S15 Plus | Factory Direct Wholesale &#8211; ORVIK\"}]},{\"@type\":\"WebSite\",\"@id\":\"https:\/\/orvikpower.com\/#website\",\"url\":\"https:\/\/orvikpower.com\/\",\"name\":\"ORVIK | Light Commercial Electric Vehicles\",\"description\":\"Premier Manufacturer of Off-road Electric Utility Vehicles, Pickups &amp; Mini Trucks. High-Temp &amp; Arctic Ready designs for farms &amp; mines. Save costs with Factory-Direct FCL. Make work flow. Get a Quote.\",\"publisher\":{\"@id\":\"https:\/\/orvikpower.com\/#organization\"},\"potentialAction\":[{\"@type\":\"SearchAction\",\"target\":{\"@type\":\"EntryPoint\",\"urlTemplate\":\"https:\/\/orvikpower.com\/?s={search_term_string}\"},\"query-input\":{\"@type\":\"PropertyValueSpecification\",\"valueRequired\":true,\"valueName\":\"search_term_string\"}}],\"inLanguage\":\"hu\"},{\"@type\":\"Organization\",\"@id\":\"https:\/\/orvikpower.com\/#organization\",\"name\":\"ORVIK | Light Commercial Electric Vehicles\",\"url\":\"https:\/\/orvikpower.com\/\",\"logo\":{\"@type\":\"ImageObject\",\"inLanguage\":\"hu\",\"@id\":\"https:\/\/orvikpower.com\/#\/schema\/logo\/image\/\",\"url\":\"https:\/\/orvikpower.com\/wp-content\/uploads\/2026\/01\/cropped-logo-h-main-small.png\",\"contentUrl\":\"https:\/\/orvikpower.com\/wp-content\/uploads\/2026\/01\/cropped-logo-h-main-small.png\",\"width\":512,\"height\":512,\"caption\":\"ORVIK | Light Commercial Electric Vehicles\"},\"image\":{\"@id\":\"https:\/\/orvikpower.com\/#\/schema\/logo\/image\/\"},\"sameAs\":[\"https:\/\/www.youtube.com\/@ORVIKOrvikPower\",\"https:\/\/www.pinterest.com\/OrvikPower\/\"]}]}<\/script>\n<!-- \/ Yoast SEO plugin. -->","yoast_head_json":{"title":"Elektromos utcasepr\u0151 S15 Plus | Gy\u00e1ri k\u00f6zvetlen nagykereskedelem - ORVIK | ORVIK | ORVIK | K\u00f6nny\u0171 haszong\u00e9pj\u00e1rm\u0171vek elektromos j\u00e1rm\u0171vek","robots":{"index":"index","follow":"follow","max-snippet":"max-snippet:-1","max-image-preview":"max-image-preview:large","max-video-preview":"max-video-preview:-1"},"canonical":"https:\/\/orvikpower.com\/hu\/term\u00e9k\/electric-street-sweeper-s15-plus-factory-direct-wholesale-orvik","og_locale":"hu_HU","og_type":"article","og_title":"Electric Street Sweeper S15 Plus | Factory Direct Wholesale - ORVIK | ORVIK|Light Commercial Electric Vehicles","og_description":"Industrial electric sweeper S15 Plus. 1500mm sweeping width, rotomolding anti-corrosion body. High-temp ready for facilities. Inquire for FCL Price.","og_url":"https:\/\/orvikpower.com\/hu\/term\u00e9k\/electric-street-sweeper-s15-plus-factory-direct-wholesale-orvik","og_site_name":"ORVIK|Light Commercial Electric Vehicles","article_modified_time":"2026-01-21T14:16:47+00:00","og_image":[{"width":1348,"height":1544,"url":"https:\/\/orvikpower.com\/wp-content\/uploads\/2026\/01\/Electric-Street-Sweeper-S15-Plus-Factory-Direct-Wholesale-ORVIK.jpg","type":"image\/jpeg"}],"twitter_card":"summary_large_image","twitter_misc":{"Becs\u00fclt olvas\u00e1si id\u0151":"1 perc"},"schema":{"@context":"https:\/\/schema.org","@graph":[{"@type":"WebPage","@id":"https:\/\/orvikpower.com\/product\/electric-street-sweeper-s15-plus-factory-direct-wholesale-orvik","url":"https:\/\/orvikpower.com\/product\/electric-street-sweeper-s15-plus-factory-direct-wholesale-orvik","name":"Elektromos utcasepr\u0151 S15 Plus | Gy\u00e1ri k\u00f6zvetlen nagykereskedelem - ORVIK | ORVIK | ORVIK | K\u00f6nny\u0171 haszong\u00e9pj\u00e1rm\u0171vek elektromos j\u00e1rm\u0171vek","isPartOf":{"@id":"https:\/\/orvikpower.com\/#website"},"primaryImageOfPage":{"@id":"https:\/\/orvikpower.com\/product\/electric-street-sweeper-s15-plus-factory-direct-wholesale-orvik#primaryimage"},"image":{"@id":"https:\/\/orvikpower.com\/product\/electric-street-sweeper-s15-plus-factory-direct-wholesale-orvik#primaryimage"},"thumbnailUrl":"https:\/\/orvikpower.com\/wp-content\/uploads\/2026\/01\/Electric-Street-Sweeper-S15-Plus-Factory-Direct-Wholesale-ORVIK.jpg","datePublished":"2026-01-21T14:16:35+00:00","dateModified":"2026-01-21T14:16:47+00:00","breadcrumb":{"@id":"https:\/\/orvikpower.com\/product\/electric-street-sweeper-s15-plus-factory-direct-wholesale-orvik#breadcrumb"},"inLanguage":"hu","potentialAction":[{"@type":"ReadAction","target":["https:\/\/orvikpower.com\/product\/electric-street-sweeper-s15-plus-factory-direct-wholesale-orvik"]}]},{"@type":"ImageObject","inLanguage":"hu","@id":"https:\/\/orvikpower.com\/product\/electric-street-sweeper-s15-plus-factory-direct-wholesale-orvik#primaryimage","url":"https:\/\/orvikpower.com\/wp-content\/uploads\/2026\/01\/Electric-Street-Sweeper-S15-Plus-Factory-Direct-Wholesale-ORVIK.jpg","contentUrl":"https:\/\/orvikpower.com\/wp-content\/uploads\/2026\/01\/Electric-Street-Sweeper-S15-Plus-Factory-Direct-Wholesale-ORVIK.jpg","width":1348,"height":1544},{"@type":"BreadcrumbList","@id":"https:\/\/orvikpower.com\/product\/electric-street-sweeper-s15-plus-factory-direct-wholesale-orvik#breadcrumb","itemListElement":[{"@type":"ListItem","position":1,"name":"Home","item":"https:\/\/orvikpower.com\/"},{"@type":"ListItem","position":2,"name":"SHOP","item":"https:\/\/orvikpower.com\/shop"},{"@type":"ListItem","position":3,"name":"Electric Street Sweeper S15 Plus | Factory Direct Wholesale &#8211; ORVIK"}]},{"@type":"WebSite","@id":"https:\/\/orvikpower.com\/#website","url":"https:\/\/orvikpower.com\/","name":"ORVIK | K\u00f6nny\u0171 haszong\u00e9pj\u00e1rm\u0171vek","description":"A terepj\u00e1r\u00f3 elektromos haszonj\u00e1rm\u0171vek, pickupok \u00e9s mini teheraut\u00f3k els\u0151sz\u00e1m\u00fa gy\u00e1rt\u00f3ja. High-Temp &amp; Arctic Ready kivitelek farmok \u00e9s b\u00e1ny\u00e1k sz\u00e1m\u00e1ra. K\u00f6lts\u00e9gmegtakar\u00edt\u00e1s a Factory-Direct FCL seg\u00edts\u00e9g\u00e9vel. Tegye a munkafolyamatot. K\u00e9rjen \u00e1raj\u00e1nlatot.","publisher":{"@id":"https:\/\/orvikpower.com\/#organization"},"potentialAction":[{"@type":"SearchAction","target":{"@type":"EntryPoint","urlTemplate":"https:\/\/orvikpower.com\/?s={search_term_string}"},"query-input":{"@type":"PropertyValueSpecification","valueRequired":true,"valueName":"search_term_string"}}],"inLanguage":"hu"},{"@type":"Organization","@id":"https:\/\/orvikpower.com\/#organization","name":"ORVIK | K\u00f6nny\u0171 haszong\u00e9pj\u00e1rm\u0171vek","url":"https:\/\/orvikpower.com\/","logo":{"@type":"ImageObject","inLanguage":"hu","@id":"https:\/\/orvikpower.com\/#\/schema\/logo\/image\/","url":"https:\/\/orvikpower.com\/wp-content\/uploads\/2026\/01\/cropped-logo-h-main-small.png","contentUrl":"https:\/\/orvikpower.com\/wp-content\/uploads\/2026\/01\/cropped-logo-h-main-small.png","width":512,"height":512,"caption":"ORVIK | Light Commercial Electric Vehicles"},"image":{"@id":"https:\/\/orvikpower.com\/#\/schema\/logo\/image\/"},"sameAs":["https:\/\/www.youtube.com\/@ORVIKOrvikPower","https:\/\/www.pinterest.com\/OrvikPower\/"]}]}},"_links":{"self":[{"href":"https:\/\/orvikpower.com\/hu\/wp-json\/wp\/v2\/product\/19089","targetHints":{"allow":["GET"]}}],"collection":[{"href":"https:\/\/orvikpower.com\/hu\/wp-json\/wp\/v2\/product"}],"about":[{"href":"https:\/\/orvikpower.com\/hu\/wp-json\/wp\/v2\/types\/product"}],"replies":[{"embeddable":true,"href":"https:\/\/orvikpower.com\/hu\/wp-json\/wp\/v2\/comments?post=19089"}],"wp:featuredmedia":[{"embeddable":true,"href":"https:\/\/orvikpower.com\/hu\/wp-json\/wp\/v2\/media\/19090"}],"wp:attachment":[{"href":"https:\/\/orvikpower.com\/hu\/wp-json\/wp\/v2\/media?parent=19089"}],"wp:term":[{"taxonomy":"product_brand","embeddable":true,"href":"https:\/\/orvikpower.com\/hu\/wp-json\/wp\/v2\/product_brand?post=19089"},{"taxonomy":"product_cat","embeddable":true,"href":"https:\/\/orvikpower.com\/hu\/wp-json\/wp\/v2\/product_cat?post=19089"},{"taxonomy":"product_tag","embeddable":true,"href":"https:\/\/orvikpower.com\/hu\/wp-json\/wp\/v2\/product_tag?post=19089"}],"curies":[{"name":"wp","href":"https:\/\/api.w.org\/{rel}","templated":true}]}}