{"id":19091,"date":"2026-01-21T14:21:49","date_gmt":"2026-01-21T14:21:49","guid":{"rendered":"https:\/\/orvikpower.com\/?post_type=product&#038;p=19091"},"modified":"2026-01-21T14:21:49","modified_gmt":"2026-01-21T14:21:49","slug":"s16-electric-ride-on-road-sweeper-industrial-cleaning-factory-direct-fcl-orvik","status":"publish","type":"product","link":"https:\/\/orvikpower.com\/hu\/term%c3%a9k\/s16-electric-ride-on-road-sweeper-industrial-cleaning-factory-direct-fcl-orvik","title":{"rendered":"S16 elektromos felhajt\u00f3s utcasepr\u0151 | Ipari takar\u00edt\u00e1s | Factory Direct FCL - ORVIK"},"content":{"rendered":"<p dir=\"auto\"><strong>Legyen \u00farr\u00e1 a l\u00e9tes\u00edtm\u00e9ny karbantart\u00e1s\u00e1n az S16 ipari sepr\u0151g\u00e9ppel.<\/strong><br \/>\nAz ORVIK S16-ot nagyszab\u00e1s\u00fa k\u00f6rnyezetgazd\u00e1lkod\u00e1sra tervezt\u00e9k. Massz\u00edv <strong>2150 mm s\u00f6pr\u00e9si sz\u00e9less\u00e9g<\/strong> \u00e9s az 5 kef\u00e9s konfigur\u00e1ci\u00f3val (Jellemz\u0151) ez a k\u00e9sz\u00fcl\u00e9k drasztikusan cs\u00f6kkenti a nagy telep\u00fcl\u00e9sek, \u00fcd\u00fcl\u0151helyek \u00e9s ipari parkok tiszt\u00edt\u00e1s\u00e1hoz sz\u00fcks\u00e9ges id\u0151t (El\u0151ny). Azzal, hogy a k\u00e9zi munkaer\u0151t foglalkoztat\u00f3 csapatokat egyetlen hat\u00e9kony g\u00e9p v\u00e1ltja fel, jelent\u0151sen cs\u00f6kkenti a m\u0171k\u00f6d\u00e9si k\u00f6lts\u00e9geket \u00e9s a felel\u0151ss\u00e9gi kock\u00e1zatokat (El\u0151ny).<\/p>\n<div class=\"my-2\"><\/div>\n<p dir=\"auto\">A v\u00e1zszerkezetet a k\u00f6vetkez\u0151 anyagokkal kezelt\u00e9k <strong>savas p\u00e1col\u00e1s \u00e9s elektrofor\u00e9zis<\/strong>, \u00e9s v\u00e9di egy <strong>korr\u00f3zi\u00f3\u00e1ll\u00f3 rot\u00e1ci\u00f3s \u00f6nt\u00f6tt test<\/strong>, az S16-ot \u00fagy tervezt\u00e9k, hogy ellen\u00e1lljon a zord k\u00fclt\u00e9ri elemeknek. Ak\u00e1r sivatagi porral, ak\u00e1r ipari t\u00f6rmel\u00e9kkel kell szemben\u00e9znie, a v\u00edz\u00e1ll\u00f3 elektromos rendszer biztos\u00edtja a megb\u00edzhat\u00f3s\u00e1got.<\/p>\n<ul dir=\"auto\">\n<li class=\"text-start\"><strong>Testreszab\u00e1s<\/strong>: El\u00e9rhet\u0151 \u00f3lom-savas vagy <strong>LiFePO4 L\u00edtium<\/strong> hosszabb m\u0171szakokra val\u00f3 friss\u00edt\u00e9s.<\/li>\n<li class=\"text-start\"><strong>Teljes\u00edtm\u00e9ny<\/strong>: A meghajt\u00f3motor \u00e9s a sz\u00edv\u00f3teljes\u00edtm\u00e9ny az \u00d6n egyedi terepi k\u00f6vetelm\u00e9nyeihez hangolhat\u00f3.<br \/>\n<strong>ORVIK S16: Robusztus tiszt\u00edt\u00f3er\u0151. <\/strong><\/li>\n<li class=\"text-start\"><strong>\u00dagy tervezt\u00fck, hogy a munkafolyamatokat megk\u00f6nny\u00edtse.<\/strong><\/li>\n<\/ul>\n<table class=\"table table-striped-white table-bordered\" data-anchor-id=\"e59t\">\n<thead>\n<tr>\n<th>Jellemz\u0151<\/th>\n<th>Specifik\u00e1ci\u00f3<\/th>\n<\/tr>\n<\/thead>\n<tbody>\n<tr>\n<td><strong>Modell<\/strong><\/td>\n<td><strong>ORVIK S16<\/strong><\/td>\n<\/tr>\n<tr>\n<td><strong>Alkalmaz\u00e1s<\/strong><\/td>\n<td>\u00d6nkorm\u00e1nyzati, ipari park, \u00fcd\u00fcl\u0151hely (csak terepj\u00e1r\u00f3 \/ mag\u00e1nter\u00fclet)<\/td>\n<\/tr>\n<tr>\n<td><strong>M\u00e9retek (L*S*H)<\/strong><\/td>\n<td>2100 x 1900 x 1950 mm<\/td>\n<\/tr>\n<tr>\n<td><strong>S\u00f6pr\u0151 sz\u00e9less\u00e9g<\/strong><\/td>\n<td>1500 - 2150 mm (\u00e1ll\u00edthat\u00f3)<\/td>\n<\/tr>\n<tr>\n<td><strong>Tiszt\u00edt\u00e1si hat\u00e9konys\u00e1g<\/strong><\/td>\n<td>Nagy hat\u00e9konys\u00e1g\u00fa 5 kef\u00e9s rendszer<\/td>\n<\/tr>\n<tr>\n<td><strong>Motoros rendszer<\/strong><\/td>\n<td>Hajt\u00e1s: | Oldals\u00f3 kef\u00e9k: 1000W (\u00f6sszesen) | Porr\u00e1z\u00f3: 500W<\/td>\n<\/tr>\n<tr>\n<td><strong>Akkumul\u00e1tor rendszer<\/strong><\/td>\n<td>Standard: 48V 80Ah \u00f3lom-akkumul\u00e1tor (opcion\u00e1lis:\u00a0<strong>LiFePO4 friss\u00edt\u00e9s<\/strong>)<\/td>\n<\/tr>\n<tr>\n<td><strong>Munkaid\u0151<\/strong><\/td>\n<td>2-3 \u00f3ra (standard) \/ testreszabhat\u00f3 8 \u00f3r\u00e1s m\u0171szakra<\/td>\n<\/tr>\n<tr>\n<td><strong>Tart\u00e1ly kapacit\u00e1sa<\/strong><\/td>\n<td>Hullad\u00e9kgy\u0171jt\u0151 tart\u00e1ly: 180L | V\u00edztart\u00e1ly: 60L<\/td>\n<\/tr>\n<tr>\n<td><strong>Alv\u00e1z \u00e9s karossz\u00e9ria<\/strong><\/td>\n<td>Elektrofor\u00e9zis ac\u00e9l alv\u00e1z +\u00a0<strong>Rotomolding (tekercses m\u0171anyag)<\/strong>\u00a0Test<\/td>\n<\/tr>\n<tr>\n<td><strong>F\u00e9krendszer<\/strong><\/td>\n<td>Hidraulikus k\u00e9tt\u00e1rcs\u00e1s f\u00e9kek + k\u00e9zif\u00e9k<\/td>\n<\/tr>\n<tr>\n<td><strong>Gumiabroncsok<\/strong><\/td>\n<td>T\u00f6m\u00f6r ipari gumiabroncsok (defektt\u0171r\u0151)<\/td>\n<\/tr>\n<tr>\n<td><strong>Rakod\u00e1si mennyis\u00e9g (40HQ)<\/strong><\/td>\n<td>Kb. 4-6 egys\u00e9g (CBU) \/ Kapcsolat SKD megold\u00e1shoz<\/td>\n<\/tr>\n<\/tbody>\n<\/table>","protected":false},"excerpt":{"rendered":"<p dir=\"auto\">Nagy teherb\u00edr\u00e1s\u00fa S16 elektromos sepr\u0151g\u00e9p 2150 mm tiszt\u00edt\u00e1si sz\u00e9less\u00e9ggel \u00e9s hidraulikus f\u00e9kekkel. A tart\u00f3ss\u00e1g \u00e9rdek\u00e9ben rot\u00e1ci\u00f3san \u00f6nt\u00f6tt testtel \u00e9s v\u00edz\u00e1ll\u00f3 vezet\u00e9kekkel rendelkezik. Ide\u00e1lis \u00f6nkorm\u00e1nyzatok \u00e9s gy\u00e1rak sz\u00e1m\u00e1ra. <strong>\u00c9rdekl\u0151dj\u00f6n FCL \u00e1r \u00e9s t\u00f6meges OEM.<\/strong><\/p>\n<div class=\"my-2\"><\/div>\n<p dir=\"auto\">","protected":false},"featured_media":19092,"comment_status":"open","ping_status":"closed","template":"","meta":{"_eb_attr":""},"product_brand":[],"product_cat":[75,74],"product_tag":[109,133,114,131,132],"class_list":{"0":"post-19091","1":"product","2":"type-product","3":"status-publish","4":"has-post-thumbnail","6":"product_cat-electric-street-sweepers","7":"product_cat-specialized-service-vehicles","8":"product_tag-dust-control","9":"product_tag-factory-floor-care","10":"product_tag-industrial-park-cleaning","11":"product_tag-municipal-sanitation","12":"product_tag-resort-facility-management","14":"first","15":"instock","16":"shipping-taxable","17":"product-type-simple"},"yoast_head":"<!-- This site is optimized with the Yoast SEO plugin v26.9 - https:\/\/yoast.com\/product\/yoast-seo-wordpress\/ -->\n<title>S16 Electric Ride-on Road Sweeper | Industrial Cleaning | Factory Direct FCL - ORVIK | ORVIK|Light Commercial Electric Vehicles<\/title>\n<meta name=\"robots\" content=\"index, follow, max-snippet:-1, max-image-preview:large, max-video-preview:-1\" \/>\n<link rel=\"canonical\" href=\"https:\/\/orvikpower.com\/hu\/term\u00e9k\/s16-electric-ride-on-road-sweeper-industrial-cleaning-factory-direct-fcl-orvik\" \/>\n<meta property=\"og:locale\" content=\"hu_HU\" \/>\n<meta property=\"og:type\" content=\"article\" \/>\n<meta property=\"og:title\" content=\"S16 Electric Ride-on Road Sweeper | Industrial Cleaning | Factory Direct FCL - ORVIK | ORVIK|Light Commercial Electric Vehicles\" \/>\n<meta property=\"og:description\" content=\"Heavy-duty S16 electric sweeper with 2150mm cleaning width and hydraulic brakes. Features rotomolded body and waterproof wiring for durability. Ideal for municipalities and factories. Inquire for FCL Price &amp; Bulk OEM.\" \/>\n<meta property=\"og:url\" content=\"https:\/\/orvikpower.com\/hu\/term\u00e9k\/s16-electric-ride-on-road-sweeper-industrial-cleaning-factory-direct-fcl-orvik\" \/>\n<meta property=\"og:site_name\" content=\"ORVIK|Light Commercial Electric Vehicles\" \/>\n<meta property=\"og:image\" content=\"https:\/\/orvikpower.com\/wp-content\/uploads\/2026\/01\/S16-Electric-Ride-on-Road-Sweeper-Industrial-Cleaning-Factory-Direct-FCL-ORVIK.jpg\" \/>\n\t<meta property=\"og:image:width\" content=\"1630\" \/>\n\t<meta property=\"og:image:height\" content=\"1456\" \/>\n\t<meta property=\"og:image:type\" content=\"image\/jpeg\" \/>\n<meta name=\"twitter:card\" content=\"summary_large_image\" \/>\n<meta name=\"twitter:label1\" content=\"Becs\u00fclt olvas\u00e1si id\u0151\" \/>\n\t<meta name=\"twitter:data1\" content=\"1 perc\" \/>\n<script type=\"application\/ld+json\" class=\"yoast-schema-graph\">{\"@context\":\"https:\/\/schema.org\",\"@graph\":[{\"@type\":\"WebPage\",\"@id\":\"https:\/\/orvikpower.com\/product\/s16-electric-ride-on-road-sweeper-industrial-cleaning-factory-direct-fcl-orvik\",\"url\":\"https:\/\/orvikpower.com\/product\/s16-electric-ride-on-road-sweeper-industrial-cleaning-factory-direct-fcl-orvik\",\"name\":\"S16 Electric Ride-on Road Sweeper | Industrial Cleaning | Factory Direct FCL - ORVIK | ORVIK|Light Commercial Electric Vehicles\",\"isPartOf\":{\"@id\":\"https:\/\/orvikpower.com\/#website\"},\"primaryImageOfPage\":{\"@id\":\"https:\/\/orvikpower.com\/product\/s16-electric-ride-on-road-sweeper-industrial-cleaning-factory-direct-fcl-orvik#primaryimage\"},\"image\":{\"@id\":\"https:\/\/orvikpower.com\/product\/s16-electric-ride-on-road-sweeper-industrial-cleaning-factory-direct-fcl-orvik#primaryimage\"},\"thumbnailUrl\":\"https:\/\/orvikpower.com\/wp-content\/uploads\/2026\/01\/S16-Electric-Ride-on-Road-Sweeper-Industrial-Cleaning-Factory-Direct-FCL-ORVIK.jpg\",\"datePublished\":\"2026-01-21T14:21:49+00:00\",\"breadcrumb\":{\"@id\":\"https:\/\/orvikpower.com\/product\/s16-electric-ride-on-road-sweeper-industrial-cleaning-factory-direct-fcl-orvik#breadcrumb\"},\"inLanguage\":\"hu\",\"potentialAction\":[{\"@type\":\"ReadAction\",\"target\":[\"https:\/\/orvikpower.com\/product\/s16-electric-ride-on-road-sweeper-industrial-cleaning-factory-direct-fcl-orvik\"]}]},{\"@type\":\"ImageObject\",\"inLanguage\":\"hu\",\"@id\":\"https:\/\/orvikpower.com\/product\/s16-electric-ride-on-road-sweeper-industrial-cleaning-factory-direct-fcl-orvik#primaryimage\",\"url\":\"https:\/\/orvikpower.com\/wp-content\/uploads\/2026\/01\/S16-Electric-Ride-on-Road-Sweeper-Industrial-Cleaning-Factory-Direct-FCL-ORVIK.jpg\",\"contentUrl\":\"https:\/\/orvikpower.com\/wp-content\/uploads\/2026\/01\/S16-Electric-Ride-on-Road-Sweeper-Industrial-Cleaning-Factory-Direct-FCL-ORVIK.jpg\",\"width\":1630,\"height\":1456,\"caption\":\"Heavy-duty S16 electric sweeper with 2150mm cleaning width and hydraulic brakes. Features rotomolded body and waterproof wiring for durability. Ideal for municipalities and factories. Inquire for FCL Price & Bulk OEM.\"},{\"@type\":\"BreadcrumbList\",\"@id\":\"https:\/\/orvikpower.com\/product\/s16-electric-ride-on-road-sweeper-industrial-cleaning-factory-direct-fcl-orvik#breadcrumb\",\"itemListElement\":[{\"@type\":\"ListItem\",\"position\":1,\"name\":\"Home\",\"item\":\"https:\/\/orvikpower.com\/\"},{\"@type\":\"ListItem\",\"position\":2,\"name\":\"SHOP\",\"item\":\"https:\/\/orvikpower.com\/shop\"},{\"@type\":\"ListItem\",\"position\":3,\"name\":\"S16 Electric Ride-on Road Sweeper | Industrial Cleaning | Factory Direct FCL &#8211; ORVIK\"}]},{\"@type\":\"WebSite\",\"@id\":\"https:\/\/orvikpower.com\/#website\",\"url\":\"https:\/\/orvikpower.com\/\",\"name\":\"ORVIK | Light Commercial Electric Vehicles\",\"description\":\"Premier Manufacturer of Off-road Electric Utility Vehicles, Pickups &amp; Mini Trucks. High-Temp &amp; Arctic Ready designs for farms &amp; mines. Save costs with Factory-Direct FCL. Make work flow. Get a Quote.\",\"publisher\":{\"@id\":\"https:\/\/orvikpower.com\/#organization\"},\"potentialAction\":[{\"@type\":\"SearchAction\",\"target\":{\"@type\":\"EntryPoint\",\"urlTemplate\":\"https:\/\/orvikpower.com\/?s={search_term_string}\"},\"query-input\":{\"@type\":\"PropertyValueSpecification\",\"valueRequired\":true,\"valueName\":\"search_term_string\"}}],\"inLanguage\":\"hu\"},{\"@type\":\"Organization\",\"@id\":\"https:\/\/orvikpower.com\/#organization\",\"name\":\"ORVIK | Light Commercial Electric Vehicles\",\"url\":\"https:\/\/orvikpower.com\/\",\"logo\":{\"@type\":\"ImageObject\",\"inLanguage\":\"hu\",\"@id\":\"https:\/\/orvikpower.com\/#\/schema\/logo\/image\/\",\"url\":\"https:\/\/orvikpower.com\/wp-content\/uploads\/2026\/01\/cropped-logo-h-main-small.png\",\"contentUrl\":\"https:\/\/orvikpower.com\/wp-content\/uploads\/2026\/01\/cropped-logo-h-main-small.png\",\"width\":512,\"height\":512,\"caption\":\"ORVIK | Light Commercial Electric Vehicles\"},\"image\":{\"@id\":\"https:\/\/orvikpower.com\/#\/schema\/logo\/image\/\"},\"sameAs\":[\"https:\/\/www.youtube.com\/@ORVIKOrvikPower\",\"https:\/\/www.pinterest.com\/OrvikPower\/\"]}]}<\/script>\n<!-- \/ Yoast SEO plugin. -->","yoast_head_json":{"title":"S16 Elektromos k\u00f6z\u00fati s\u00f6pr\u0151g\u00e9p | Ipari takar\u00edt\u00e1s | Factory Direct FCL - ORVIK | ORVIK | ORVIK|K\u00f6nny\u0171 haszong\u00e9pj\u00e1rm\u0171vek elektromos j\u00e1rm\u0171vek","robots":{"index":"index","follow":"follow","max-snippet":"max-snippet:-1","max-image-preview":"max-image-preview:large","max-video-preview":"max-video-preview:-1"},"canonical":"https:\/\/orvikpower.com\/hu\/term\u00e9k\/s16-electric-ride-on-road-sweeper-industrial-cleaning-factory-direct-fcl-orvik","og_locale":"hu_HU","og_type":"article","og_title":"S16 Electric Ride-on Road Sweeper | Industrial Cleaning | Factory Direct FCL - ORVIK | ORVIK|Light Commercial Electric Vehicles","og_description":"Heavy-duty S16 electric sweeper with 2150mm cleaning width and hydraulic brakes. Features rotomolded body and waterproof wiring for durability. Ideal for municipalities and factories. Inquire for FCL Price &amp; Bulk OEM.","og_url":"https:\/\/orvikpower.com\/hu\/term\u00e9k\/s16-electric-ride-on-road-sweeper-industrial-cleaning-factory-direct-fcl-orvik","og_site_name":"ORVIK|Light Commercial Electric Vehicles","og_image":[{"width":1630,"height":1456,"url":"https:\/\/orvikpower.com\/wp-content\/uploads\/2026\/01\/S16-Electric-Ride-on-Road-Sweeper-Industrial-Cleaning-Factory-Direct-FCL-ORVIK.jpg","type":"image\/jpeg"}],"twitter_card":"summary_large_image","twitter_misc":{"Becs\u00fclt olvas\u00e1si id\u0151":"1 perc"},"schema":{"@context":"https:\/\/schema.org","@graph":[{"@type":"WebPage","@id":"https:\/\/orvikpower.com\/product\/s16-electric-ride-on-road-sweeper-industrial-cleaning-factory-direct-fcl-orvik","url":"https:\/\/orvikpower.com\/product\/s16-electric-ride-on-road-sweeper-industrial-cleaning-factory-direct-fcl-orvik","name":"S16 Elektromos k\u00f6z\u00fati s\u00f6pr\u0151g\u00e9p | Ipari takar\u00edt\u00e1s | Factory Direct FCL - ORVIK | ORVIK | ORVIK|K\u00f6nny\u0171 haszong\u00e9pj\u00e1rm\u0171vek elektromos j\u00e1rm\u0171vek","isPartOf":{"@id":"https:\/\/orvikpower.com\/#website"},"primaryImageOfPage":{"@id":"https:\/\/orvikpower.com\/product\/s16-electric-ride-on-road-sweeper-industrial-cleaning-factory-direct-fcl-orvik#primaryimage"},"image":{"@id":"https:\/\/orvikpower.com\/product\/s16-electric-ride-on-road-sweeper-industrial-cleaning-factory-direct-fcl-orvik#primaryimage"},"thumbnailUrl":"https:\/\/orvikpower.com\/wp-content\/uploads\/2026\/01\/S16-Electric-Ride-on-Road-Sweeper-Industrial-Cleaning-Factory-Direct-FCL-ORVIK.jpg","datePublished":"2026-01-21T14:21:49+00:00","breadcrumb":{"@id":"https:\/\/orvikpower.com\/product\/s16-electric-ride-on-road-sweeper-industrial-cleaning-factory-direct-fcl-orvik#breadcrumb"},"inLanguage":"hu","potentialAction":[{"@type":"ReadAction","target":["https:\/\/orvikpower.com\/product\/s16-electric-ride-on-road-sweeper-industrial-cleaning-factory-direct-fcl-orvik"]}]},{"@type":"ImageObject","inLanguage":"hu","@id":"https:\/\/orvikpower.com\/product\/s16-electric-ride-on-road-sweeper-industrial-cleaning-factory-direct-fcl-orvik#primaryimage","url":"https:\/\/orvikpower.com\/wp-content\/uploads\/2026\/01\/S16-Electric-Ride-on-Road-Sweeper-Industrial-Cleaning-Factory-Direct-FCL-ORVIK.jpg","contentUrl":"https:\/\/orvikpower.com\/wp-content\/uploads\/2026\/01\/S16-Electric-Ride-on-Road-Sweeper-Industrial-Cleaning-Factory-Direct-FCL-ORVIK.jpg","width":1630,"height":1456,"caption":"Heavy-duty S16 electric sweeper with 2150mm cleaning width and hydraulic brakes. Features rotomolded body and waterproof wiring for durability. Ideal for municipalities and factories. Inquire for FCL Price & Bulk OEM."},{"@type":"BreadcrumbList","@id":"https:\/\/orvikpower.com\/product\/s16-electric-ride-on-road-sweeper-industrial-cleaning-factory-direct-fcl-orvik#breadcrumb","itemListElement":[{"@type":"ListItem","position":1,"name":"Home","item":"https:\/\/orvikpower.com\/"},{"@type":"ListItem","position":2,"name":"SHOP","item":"https:\/\/orvikpower.com\/shop"},{"@type":"ListItem","position":3,"name":"S16 Electric Ride-on Road Sweeper | Industrial Cleaning | Factory Direct FCL &#8211; ORVIK"}]},{"@type":"WebSite","@id":"https:\/\/orvikpower.com\/#website","url":"https:\/\/orvikpower.com\/","name":"ORVIK | K\u00f6nny\u0171 haszong\u00e9pj\u00e1rm\u0171vek","description":"A terepj\u00e1r\u00f3 elektromos haszonj\u00e1rm\u0171vek, pickupok \u00e9s mini teheraut\u00f3k els\u0151sz\u00e1m\u00fa gy\u00e1rt\u00f3ja. High-Temp &amp; Arctic Ready kivitelek farmok \u00e9s b\u00e1ny\u00e1k sz\u00e1m\u00e1ra. K\u00f6lts\u00e9gmegtakar\u00edt\u00e1s a Factory-Direct FCL seg\u00edts\u00e9g\u00e9vel. Tegye a munkafolyamatot. K\u00e9rjen \u00e1raj\u00e1nlatot.","publisher":{"@id":"https:\/\/orvikpower.com\/#organization"},"potentialAction":[{"@type":"SearchAction","target":{"@type":"EntryPoint","urlTemplate":"https:\/\/orvikpower.com\/?s={search_term_string}"},"query-input":{"@type":"PropertyValueSpecification","valueRequired":true,"valueName":"search_term_string"}}],"inLanguage":"hu"},{"@type":"Organization","@id":"https:\/\/orvikpower.com\/#organization","name":"ORVIK | K\u00f6nny\u0171 haszong\u00e9pj\u00e1rm\u0171vek","url":"https:\/\/orvikpower.com\/","logo":{"@type":"ImageObject","inLanguage":"hu","@id":"https:\/\/orvikpower.com\/#\/schema\/logo\/image\/","url":"https:\/\/orvikpower.com\/wp-content\/uploads\/2026\/01\/cropped-logo-h-main-small.png","contentUrl":"https:\/\/orvikpower.com\/wp-content\/uploads\/2026\/01\/cropped-logo-h-main-small.png","width":512,"height":512,"caption":"ORVIK | Light Commercial Electric Vehicles"},"image":{"@id":"https:\/\/orvikpower.com\/#\/schema\/logo\/image\/"},"sameAs":["https:\/\/www.youtube.com\/@ORVIKOrvikPower","https:\/\/www.pinterest.com\/OrvikPower\/"]}]}},"_links":{"self":[{"href":"https:\/\/orvikpower.com\/hu\/wp-json\/wp\/v2\/product\/19091","targetHints":{"allow":["GET"]}}],"collection":[{"href":"https:\/\/orvikpower.com\/hu\/wp-json\/wp\/v2\/product"}],"about":[{"href":"https:\/\/orvikpower.com\/hu\/wp-json\/wp\/v2\/types\/product"}],"replies":[{"embeddable":true,"href":"https:\/\/orvikpower.com\/hu\/wp-json\/wp\/v2\/comments?post=19091"}],"wp:featuredmedia":[{"embeddable":true,"href":"https:\/\/orvikpower.com\/hu\/wp-json\/wp\/v2\/media\/19092"}],"wp:attachment":[{"href":"https:\/\/orvikpower.com\/hu\/wp-json\/wp\/v2\/media?parent=19091"}],"wp:term":[{"taxonomy":"product_brand","embeddable":true,"href":"https:\/\/orvikpower.com\/hu\/wp-json\/wp\/v2\/product_brand?post=19091"},{"taxonomy":"product_cat","embeddable":true,"href":"https:\/\/orvikpower.com\/hu\/wp-json\/wp\/v2\/product_cat?post=19091"},{"taxonomy":"product_tag","embeddable":true,"href":"https:\/\/orvikpower.com\/hu\/wp-json\/wp\/v2\/product_tag?post=19091"}],"curies":[{"name":"wp","href":"https:\/\/api.w.org\/{rel}","templated":true}]}}