{"id":19097,"date":"2026-01-21T15:21:44","date_gmt":"2026-01-21T15:21:44","guid":{"rendered":"https:\/\/orvikpower.com\/?post_type=product&#038;p=19097"},"modified":"2026-01-21T15:21:44","modified_gmt":"2026-01-21T15:21:44","slug":"model-x5-electric-street-sweeper-washer-industrial-cleaning-factory-direct-orvik","status":"publish","type":"product","link":"https:\/\/orvikpower.com\/hu\/term%c3%a9k\/model-x5-electric-street-sweeper-washer-industrial-cleaning-factory-direct-orvik","title":{"rendered":"X5 modell elektromos utcasepr\u0151 \u00e9s mos\u00f3 | Ipari takar\u00edt\u00e1s | Factory Direct - ORVIK"},"content":{"rendered":"<p dir=\"auto\"><strong>Uralkodjon k\u00f6rnyezet\u00e9n az ORVIK X5 modell\u0171 ipari sepr\u0151g\u00e9ppel.<\/strong><\/p>\n<div class=\"my-2\"><\/div>\n<p dir=\"auto\">Az X5-\u00f6s modell nem csak egy sepr\u0151g\u00e9p; ez egy \u00e1tfog\u00f3 higi\u00e9niai megold\u00e1s, amelyet nagy ig\u00e9nybev\u00e9tel\u0171 ipari \u00e9s kommun\u00e1lis alkalmaz\u00e1sokhoz terveztek. Robusztus ac\u00e9lv\u00e1zra \u00e9p\u00fcl, amelyet a k\u00f6vetkez\u0151 anyagokkal kezelnek <strong>savas p\u00e1col\u00e1s \u00e9s elektrofor\u00e9zis<\/strong>, ez a j\u00e1rm\u0171 kiv\u00e1l\u00f3 korr\u00f3zi\u00f3\u00e1ll\u00f3s\u00e1got biztos\u00edt (Jellemz\u0151), hossz\u00fa \u00e9lettartamot biztos\u00edtva m\u00e9g nedves vagy zord b\u00e1ny\u00e1szati k\u00f6rnyezetben is (El\u0151ny).<\/p>\n<div class=\"my-2\"><\/div>\n<p dir=\"auto\">Nagy teljes\u00edtm\u00e9ny\u0171 <strong>3000W-os hajt\u00f3motor<\/strong> \u00e9s egy kombin\u00e1lt tiszt\u00edt\u00f3rendszerrel (oldals\u00f3 kef\u00e9k + f\u0151kefe + nagynyom\u00e1s\u00fa k\u00f6d\u00e1gy\u00fa), az X5 massz\u00edv tiszt\u00edt\u00e1st biztos\u00edt <strong>2300mm s\u00f6pr\u00e9si sz\u00e9less\u00e9g<\/strong>. A be\u00e9p\u00edtett nagynyom\u00e1s\u00fa v\u00edzpisztoly \u00e9s k\u00f6d\u00e1gy\u00fa hat\u00e9konyan elnyomja a port s\u00f6pr\u00e9s k\u00f6zben, drasztikusan cs\u00f6kkentve a leveg\u0151ben sz\u00e1ll\u00f3 r\u00e9szecsk\u00e9k sz\u00e1m\u00e1t (el\u0151ny). Ez a kett\u0151s m\u0171k\u00f6d\u00e9s\u0171 tiszt\u00edt\u00e1si k\u00e9pess\u00e9g lehet\u0151v\u00e9 teszi, hogy egy g\u00e9p kiv\u00e1ltsa a t\u00f6bb mint 10 f\u0151s k\u00e9zi munkaer\u0151-csapatot, jelent\u0151sen cs\u00f6kkentve ezzel az \u00d6n m\u0171k\u00f6d\u00e9si k\u00f6lts\u00e9geit \u00e9s jav\u00edtva a l\u00e9tes\u00edtm\u00e9ny higi\u00e9niai szabv\u00e1nyait (El\u0151ny).<\/p>\n<div class=\"my-2\"><\/div>\n<ul dir=\"auto\">\n<li class=\"text-start\"><strong>Teljes\u00edtm\u00e9ny testreszab\u00e1s<\/strong>: Testreszabott motorteljes\u00edtm\u00e9ny-konfigur\u00e1ci\u00f3kkal kaphat\u00f3, hogy megfeleljen a terepviszonyoknak.<\/li>\n<li class=\"text-start\"><strong>Akkumul\u00e1tor opci\u00f3k<\/strong>: V\u00e1lasszon a k\u00f6lts\u00e9ghat\u00e9kony \u00f3lom-sav akkumul\u00e1torok vagy a nagy teljes\u00edtm\u00e9ny\u0171 LiFePO4 (l\u00edtium) akkumul\u00e1torok k\u00f6z\u00fcl a hosszabb \u00e9lettartam \u00e9rdek\u00e9ben.<\/li>\n<\/ul>\n<div class=\"my-2\"><\/div>\n<p dir=\"auto\"><strong>ORVIK X5 modell - \u00dagy tervezt\u00fck, hogy a munkafolyamatokat megk\u00f6nny\u00edtse.<\/strong><\/p>\n<table class=\"table table-striped-white table-bordered\" data-anchor-id=\"zab5\">\n<thead>\n<tr>\n<th>Jellemz\u0151<\/th>\n<th>Specifik\u00e1ci\u00f3<\/th>\n<\/tr>\n<\/thead>\n<tbody>\n<tr>\n<td><strong>Modell<\/strong><\/td>\n<td>ORVIK X5 elektromos sepr\u0151g\u00e9p<\/td>\n<\/tr>\n<tr>\n<td><strong>M\u00e9retek (L*S*H)<\/strong><\/td>\n<td>3200 * 2300 (maxim\u00e1lis sz\u00e9less\u00e9g) * 2160 mm<\/td>\n<\/tr>\n<tr>\n<td><strong>S\u00f6pr\u0151 sz\u00e9less\u00e9g<\/strong><\/td>\n<td>1500 - 2300 mm (\u00e1ll\u00edthat\u00f3)<\/td>\n<\/tr>\n<tr>\n<td><strong>Rendszerfesz\u00fclts\u00e9g<\/strong><\/td>\n<td>48V<\/td>\n<\/tr>\n<tr>\n<td><strong>Az akkumul\u00e1tor kapacit\u00e1sa<\/strong><\/td>\n<td>150Ah \/ 200Ah (\u00f3lom-sav vagy LiFePO4 v\u00e1laszthat\u00f3)<\/td>\n<\/tr>\n<tr>\n<td><strong>Hajt\u00f3motor teljes\u00edtm\u00e9nye<\/strong><\/td>\n<td>3000W<\/td>\n<\/tr>\n<tr>\n<td><strong>Motorok tiszt\u00edt\u00e1sa<\/strong><\/td>\n<td>Oldals\u00f3 kefe (1100W) + f\u0151kefe (150W) + ventil\u00e1tor (200W) + porr\u00e1z\u00f3 (500W)<\/td>\n<\/tr>\n<tr>\n<td><strong>Munkaid\u0151<\/strong><\/td>\n<td>4 - 6 \u00f3ra (a terhel\u00e9st\u0151l\/ terept\u0151l f\u00fcgg\u0151en)<\/td>\n<\/tr>\n<tr>\n<td><strong>Tart\u00e1ly kapacit\u00e1sa<\/strong><\/td>\n<td>V\u00edztart\u00e1ly: 300L<\/td>\n<\/tr>\n<tr>\n<td><strong>F\u00e9krendszer<\/strong><\/td>\n<td>Hidraulikus k\u00e9tt\u00e1rcs\u00e1s + intelligens e-f\u00e9k<\/td>\n<\/tr>\n<tr>\n<td><strong>M\u00e1sz\u00f3k\u00e9pess\u00e9g<\/strong><\/td>\n<td>30%<\/td>\n<\/tr>\n<tr>\n<td><strong>Porelnyom\u00e1s<\/strong><\/td>\n<td>Nagynyom\u00e1s\u00fa v\u00edzipisztoly + k\u00f6d\u00e1gy\u00fa<\/td>\n<\/tr>\n<tr>\n<td><strong>Gumiabroncsok<\/strong><\/td>\n<td>T\u00f6m\u00f6r gumiabroncsok (defektbiztos)<\/td>\n<\/tr>\n<tr>\n<td><strong>Rakod\u00e1si mennyis\u00e9g (40HQ)<\/strong><\/td>\n<td>Kb. 3-4 egys\u00e9g (CBU - kapcsolat a rakod\u00e1si terv\u00e9rt)<\/td>\n<\/tr>\n<\/tbody>\n<\/table>","protected":false},"excerpt":{"rendered":"<p dir=\"auto\">Nagy teherb\u00edr\u00e1s\u00fa elektromos sepr\u0151g\u00e9p nagynyom\u00e1s\u00fa k\u00f6d\u00e1gy\u00faval \u00e9s 2300 mm tiszt\u00edt\u00e1si sz\u00e9less\u00e9ggel. Savval p\u00e1colt korr\u00f3zi\u00f3g\u00e1tl\u00f3 alv\u00e1zzal rendelkezik. Ide\u00e1lis b\u00e1ny\u00e1kba \u00e9s ipari parkokba. \u00c9rdekl\u0151dj\u00f6n az FCL \u00e1rr\u00f3l.<\/p>\n<div class=\"my-2\"><\/div>\n<p dir=\"auto\">","protected":false},"featured_media":19098,"comment_status":"open","ping_status":"closed","template":"","meta":{"_eb_attr":""},"product_brand":[],"product_cat":[75,74],"product_tag":[135,101,91,100,134],"class_list":{"0":"post-19097","1":"product","2":"type-product","3":"status-publish","4":"has-post-thumbnail","6":"product_cat-electric-street-sweepers","7":"product_cat-specialized-service-vehicles","8":"product_tag-dust-suppression","9":"product_tag-factory-warehouse","10":"product_tag-industrial-park","11":"product_tag-mining-site","12":"product_tag-municipal-sanitatio","14":"first","15":"instock","16":"shipping-taxable","17":"product-type-simple"},"yoast_head":"<!-- This site is optimized with the Yoast SEO plugin v26.9 - https:\/\/yoast.com\/product\/yoast-seo-wordpress\/ -->\n<title>Model X5 Electric Street Sweeper &amp; Washer | Industrial Cleaning | Factory Direct - ORVIK | ORVIK|Light Commercial Electric Vehicles<\/title>\n<meta name=\"robots\" content=\"index, follow, max-snippet:-1, max-image-preview:large, max-video-preview:-1\" \/>\n<link rel=\"canonical\" href=\"https:\/\/orvikpower.com\/hu\/term\u00e9k\/model-x5-electric-street-sweeper-washer-industrial-cleaning-factory-direct-orvik\" \/>\n<meta property=\"og:locale\" content=\"hu_HU\" \/>\n<meta property=\"og:type\" content=\"article\" \/>\n<meta property=\"og:title\" content=\"Model X5 Electric Street Sweeper &amp; Washer | Industrial Cleaning | Factory Direct - ORVIK | ORVIK|Light Commercial Electric Vehicles\" \/>\n<meta property=\"og:description\" content=\"Heavy-duty electric sweeper with high-pressure fog cannon and 2300mm cleaning width. Features acid-pickled anti-corrosion chassis. Ideal for mines and industrial parks. Inquire for FCL Price.\" \/>\n<meta property=\"og:url\" content=\"https:\/\/orvikpower.com\/hu\/term\u00e9k\/model-x5-electric-street-sweeper-washer-industrial-cleaning-factory-direct-orvik\" \/>\n<meta property=\"og:site_name\" content=\"ORVIK|Light Commercial Electric Vehicles\" \/>\n<meta property=\"og:image\" content=\"https:\/\/orvikpower.com\/wp-content\/uploads\/2026\/01\/Model-X5-Electric-Street-Sweeper-Washer-Industrial-Cleaning-Factory-Direct-ORVIK.jpg\" \/>\n\t<meta property=\"og:image:width\" content=\"1650\" \/>\n\t<meta property=\"og:image:height\" content=\"1327\" \/>\n\t<meta property=\"og:image:type\" content=\"image\/jpeg\" \/>\n<meta name=\"twitter:card\" content=\"summary_large_image\" \/>\n<meta name=\"twitter:label1\" content=\"Becs\u00fclt olvas\u00e1si id\u0151\" \/>\n\t<meta name=\"twitter:data1\" content=\"1 perc\" \/>\n<script type=\"application\/ld+json\" class=\"yoast-schema-graph\">{\"@context\":\"https:\/\/schema.org\",\"@graph\":[{\"@type\":\"WebPage\",\"@id\":\"https:\/\/orvikpower.com\/product\/model-x5-electric-street-sweeper-washer-industrial-cleaning-factory-direct-orvik\",\"url\":\"https:\/\/orvikpower.com\/product\/model-x5-electric-street-sweeper-washer-industrial-cleaning-factory-direct-orvik\",\"name\":\"Model X5 Electric Street Sweeper & Washer | Industrial Cleaning | Factory Direct - ORVIK | ORVIK|Light Commercial Electric Vehicles\",\"isPartOf\":{\"@id\":\"https:\/\/orvikpower.com\/#website\"},\"primaryImageOfPage\":{\"@id\":\"https:\/\/orvikpower.com\/product\/model-x5-electric-street-sweeper-washer-industrial-cleaning-factory-direct-orvik#primaryimage\"},\"image\":{\"@id\":\"https:\/\/orvikpower.com\/product\/model-x5-electric-street-sweeper-washer-industrial-cleaning-factory-direct-orvik#primaryimage\"},\"thumbnailUrl\":\"https:\/\/orvikpower.com\/wp-content\/uploads\/2026\/01\/Model-X5-Electric-Street-Sweeper-Washer-Industrial-Cleaning-Factory-Direct-ORVIK.jpg\",\"datePublished\":\"2026-01-21T15:21:44+00:00\",\"breadcrumb\":{\"@id\":\"https:\/\/orvikpower.com\/product\/model-x5-electric-street-sweeper-washer-industrial-cleaning-factory-direct-orvik#breadcrumb\"},\"inLanguage\":\"hu\",\"potentialAction\":[{\"@type\":\"ReadAction\",\"target\":[\"https:\/\/orvikpower.com\/product\/model-x5-electric-street-sweeper-washer-industrial-cleaning-factory-direct-orvik\"]}]},{\"@type\":\"ImageObject\",\"inLanguage\":\"hu\",\"@id\":\"https:\/\/orvikpower.com\/product\/model-x5-electric-street-sweeper-washer-industrial-cleaning-factory-direct-orvik#primaryimage\",\"url\":\"https:\/\/orvikpower.com\/wp-content\/uploads\/2026\/01\/Model-X5-Electric-Street-Sweeper-Washer-Industrial-Cleaning-Factory-Direct-ORVIK.jpg\",\"contentUrl\":\"https:\/\/orvikpower.com\/wp-content\/uploads\/2026\/01\/Model-X5-Electric-Street-Sweeper-Washer-Industrial-Cleaning-Factory-Direct-ORVIK.jpg\",\"width\":1650,\"height\":1327,\"caption\":\"Heavy-duty electric sweeper with high-pressure fog cannon and 2300mm cleaning width. Features acid-pickled anti-corrosion chassis. Ideal for mines and industrial parks. Inquire for FCL Price.\"},{\"@type\":\"BreadcrumbList\",\"@id\":\"https:\/\/orvikpower.com\/product\/model-x5-electric-street-sweeper-washer-industrial-cleaning-factory-direct-orvik#breadcrumb\",\"itemListElement\":[{\"@type\":\"ListItem\",\"position\":1,\"name\":\"Home\",\"item\":\"https:\/\/orvikpower.com\/\"},{\"@type\":\"ListItem\",\"position\":2,\"name\":\"SHOP\",\"item\":\"https:\/\/orvikpower.com\/shop\"},{\"@type\":\"ListItem\",\"position\":3,\"name\":\"Model X5 Electric Street Sweeper &#038; Washer | Industrial Cleaning | Factory Direct &#8211; ORVIK\"}]},{\"@type\":\"WebSite\",\"@id\":\"https:\/\/orvikpower.com\/#website\",\"url\":\"https:\/\/orvikpower.com\/\",\"name\":\"ORVIK | Light Commercial Electric Vehicles\",\"description\":\"Premier Manufacturer of Off-road Electric Utility Vehicles, Pickups &amp; Mini Trucks. High-Temp &amp; Arctic Ready designs for farms &amp; mines. Save costs with Factory-Direct FCL. Make work flow. Get a Quote.\",\"publisher\":{\"@id\":\"https:\/\/orvikpower.com\/#organization\"},\"potentialAction\":[{\"@type\":\"SearchAction\",\"target\":{\"@type\":\"EntryPoint\",\"urlTemplate\":\"https:\/\/orvikpower.com\/?s={search_term_string}\"},\"query-input\":{\"@type\":\"PropertyValueSpecification\",\"valueRequired\":true,\"valueName\":\"search_term_string\"}}],\"inLanguage\":\"hu\"},{\"@type\":\"Organization\",\"@id\":\"https:\/\/orvikpower.com\/#organization\",\"name\":\"ORVIK | Light Commercial Electric Vehicles\",\"url\":\"https:\/\/orvikpower.com\/\",\"logo\":{\"@type\":\"ImageObject\",\"inLanguage\":\"hu\",\"@id\":\"https:\/\/orvikpower.com\/#\/schema\/logo\/image\/\",\"url\":\"https:\/\/orvikpower.com\/wp-content\/uploads\/2026\/01\/cropped-logo-h-main-small.png\",\"contentUrl\":\"https:\/\/orvikpower.com\/wp-content\/uploads\/2026\/01\/cropped-logo-h-main-small.png\",\"width\":512,\"height\":512,\"caption\":\"ORVIK | Light Commercial Electric Vehicles\"},\"image\":{\"@id\":\"https:\/\/orvikpower.com\/#\/schema\/logo\/image\/\"},\"sameAs\":[\"https:\/\/www.youtube.com\/@ORVIKOrvikPower\",\"https:\/\/www.pinterest.com\/OrvikPower\/\"]}]}<\/script>\n<!-- \/ Yoast SEO plugin. -->","yoast_head_json":{"title":"X5 modell elektromos utcasepr\u0151 \u00e9s mos\u00f3 | Ipari takar\u00edt\u00e1s | Factory Direct - ORVIK | ORVIK | ORVIK|K\u00f6nny\u0171 haszong\u00e9pj\u00e1rm\u0171vek elektromos j\u00e1rm\u0171vek","robots":{"index":"index","follow":"follow","max-snippet":"max-snippet:-1","max-image-preview":"max-image-preview:large","max-video-preview":"max-video-preview:-1"},"canonical":"https:\/\/orvikpower.com\/hu\/term\u00e9k\/model-x5-electric-street-sweeper-washer-industrial-cleaning-factory-direct-orvik","og_locale":"hu_HU","og_type":"article","og_title":"Model X5 Electric Street Sweeper & Washer | Industrial Cleaning | Factory Direct - ORVIK | ORVIK|Light Commercial Electric Vehicles","og_description":"Heavy-duty electric sweeper with high-pressure fog cannon and 2300mm cleaning width. Features acid-pickled anti-corrosion chassis. Ideal for mines and industrial parks. Inquire for FCL Price.","og_url":"https:\/\/orvikpower.com\/hu\/term\u00e9k\/model-x5-electric-street-sweeper-washer-industrial-cleaning-factory-direct-orvik","og_site_name":"ORVIK|Light Commercial Electric Vehicles","og_image":[{"width":1650,"height":1327,"url":"https:\/\/orvikpower.com\/wp-content\/uploads\/2026\/01\/Model-X5-Electric-Street-Sweeper-Washer-Industrial-Cleaning-Factory-Direct-ORVIK.jpg","type":"image\/jpeg"}],"twitter_card":"summary_large_image","twitter_misc":{"Becs\u00fclt olvas\u00e1si id\u0151":"1 perc"},"schema":{"@context":"https:\/\/schema.org","@graph":[{"@type":"WebPage","@id":"https:\/\/orvikpower.com\/product\/model-x5-electric-street-sweeper-washer-industrial-cleaning-factory-direct-orvik","url":"https:\/\/orvikpower.com\/product\/model-x5-electric-street-sweeper-washer-industrial-cleaning-factory-direct-orvik","name":"X5 modell elektromos utcasepr\u0151 \u00e9s mos\u00f3 | Ipari takar\u00edt\u00e1s | Factory Direct - ORVIK | ORVIK | ORVIK|K\u00f6nny\u0171 haszong\u00e9pj\u00e1rm\u0171vek elektromos j\u00e1rm\u0171vek","isPartOf":{"@id":"https:\/\/orvikpower.com\/#website"},"primaryImageOfPage":{"@id":"https:\/\/orvikpower.com\/product\/model-x5-electric-street-sweeper-washer-industrial-cleaning-factory-direct-orvik#primaryimage"},"image":{"@id":"https:\/\/orvikpower.com\/product\/model-x5-electric-street-sweeper-washer-industrial-cleaning-factory-direct-orvik#primaryimage"},"thumbnailUrl":"https:\/\/orvikpower.com\/wp-content\/uploads\/2026\/01\/Model-X5-Electric-Street-Sweeper-Washer-Industrial-Cleaning-Factory-Direct-ORVIK.jpg","datePublished":"2026-01-21T15:21:44+00:00","breadcrumb":{"@id":"https:\/\/orvikpower.com\/product\/model-x5-electric-street-sweeper-washer-industrial-cleaning-factory-direct-orvik#breadcrumb"},"inLanguage":"hu","potentialAction":[{"@type":"ReadAction","target":["https:\/\/orvikpower.com\/product\/model-x5-electric-street-sweeper-washer-industrial-cleaning-factory-direct-orvik"]}]},{"@type":"ImageObject","inLanguage":"hu","@id":"https:\/\/orvikpower.com\/product\/model-x5-electric-street-sweeper-washer-industrial-cleaning-factory-direct-orvik#primaryimage","url":"https:\/\/orvikpower.com\/wp-content\/uploads\/2026\/01\/Model-X5-Electric-Street-Sweeper-Washer-Industrial-Cleaning-Factory-Direct-ORVIK.jpg","contentUrl":"https:\/\/orvikpower.com\/wp-content\/uploads\/2026\/01\/Model-X5-Electric-Street-Sweeper-Washer-Industrial-Cleaning-Factory-Direct-ORVIK.jpg","width":1650,"height":1327,"caption":"Heavy-duty electric sweeper with high-pressure fog cannon and 2300mm cleaning width. Features acid-pickled anti-corrosion chassis. Ideal for mines and industrial parks. Inquire for FCL Price."},{"@type":"BreadcrumbList","@id":"https:\/\/orvikpower.com\/product\/model-x5-electric-street-sweeper-washer-industrial-cleaning-factory-direct-orvik#breadcrumb","itemListElement":[{"@type":"ListItem","position":1,"name":"Home","item":"https:\/\/orvikpower.com\/"},{"@type":"ListItem","position":2,"name":"SHOP","item":"https:\/\/orvikpower.com\/shop"},{"@type":"ListItem","position":3,"name":"Model X5 Electric Street Sweeper &#038; Washer | Industrial Cleaning | Factory Direct &#8211; ORVIK"}]},{"@type":"WebSite","@id":"https:\/\/orvikpower.com\/#website","url":"https:\/\/orvikpower.com\/","name":"ORVIK | K\u00f6nny\u0171 haszong\u00e9pj\u00e1rm\u0171vek","description":"A terepj\u00e1r\u00f3 elektromos haszonj\u00e1rm\u0171vek, pickupok \u00e9s mini teheraut\u00f3k els\u0151sz\u00e1m\u00fa gy\u00e1rt\u00f3ja. High-Temp &amp; Arctic Ready kivitelek farmok \u00e9s b\u00e1ny\u00e1k sz\u00e1m\u00e1ra. K\u00f6lts\u00e9gmegtakar\u00edt\u00e1s a Factory-Direct FCL seg\u00edts\u00e9g\u00e9vel. Tegye a munkafolyamatot. K\u00e9rjen \u00e1raj\u00e1nlatot.","publisher":{"@id":"https:\/\/orvikpower.com\/#organization"},"potentialAction":[{"@type":"SearchAction","target":{"@type":"EntryPoint","urlTemplate":"https:\/\/orvikpower.com\/?s={search_term_string}"},"query-input":{"@type":"PropertyValueSpecification","valueRequired":true,"valueName":"search_term_string"}}],"inLanguage":"hu"},{"@type":"Organization","@id":"https:\/\/orvikpower.com\/#organization","name":"ORVIK | K\u00f6nny\u0171 haszong\u00e9pj\u00e1rm\u0171vek","url":"https:\/\/orvikpower.com\/","logo":{"@type":"ImageObject","inLanguage":"hu","@id":"https:\/\/orvikpower.com\/#\/schema\/logo\/image\/","url":"https:\/\/orvikpower.com\/wp-content\/uploads\/2026\/01\/cropped-logo-h-main-small.png","contentUrl":"https:\/\/orvikpower.com\/wp-content\/uploads\/2026\/01\/cropped-logo-h-main-small.png","width":512,"height":512,"caption":"ORVIK | Light Commercial Electric Vehicles"},"image":{"@id":"https:\/\/orvikpower.com\/#\/schema\/logo\/image\/"},"sameAs":["https:\/\/www.youtube.com\/@ORVIKOrvikPower","https:\/\/www.pinterest.com\/OrvikPower\/"]}]}},"_links":{"self":[{"href":"https:\/\/orvikpower.com\/hu\/wp-json\/wp\/v2\/product\/19097","targetHints":{"allow":["GET"]}}],"collection":[{"href":"https:\/\/orvikpower.com\/hu\/wp-json\/wp\/v2\/product"}],"about":[{"href":"https:\/\/orvikpower.com\/hu\/wp-json\/wp\/v2\/types\/product"}],"replies":[{"embeddable":true,"href":"https:\/\/orvikpower.com\/hu\/wp-json\/wp\/v2\/comments?post=19097"}],"wp:featuredmedia":[{"embeddable":true,"href":"https:\/\/orvikpower.com\/hu\/wp-json\/wp\/v2\/media\/19098"}],"wp:attachment":[{"href":"https:\/\/orvikpower.com\/hu\/wp-json\/wp\/v2\/media?parent=19097"}],"wp:term":[{"taxonomy":"product_brand","embeddable":true,"href":"https:\/\/orvikpower.com\/hu\/wp-json\/wp\/v2\/product_brand?post=19097"},{"taxonomy":"product_cat","embeddable":true,"href":"https:\/\/orvikpower.com\/hu\/wp-json\/wp\/v2\/product_cat?post=19097"},{"taxonomy":"product_tag","embeddable":true,"href":"https:\/\/orvikpower.com\/hu\/wp-json\/wp\/v2\/product_tag?post=19097"}],"curies":[{"name":"wp","href":"https:\/\/api.w.org\/{rel}","templated":true}]}}