{"id":19099,"date":"2026-01-21T15:32:48","date_gmt":"2026-01-21T15:32:48","guid":{"rendered":"https:\/\/orvikpower.com\/?post_type=product&#038;p=19099"},"modified":"2026-01-21T15:32:58","modified_gmt":"2026-01-21T15:32:58","slug":"x7-electric-street-sweeper-for-industrial-parks-factory-direct-fcl-orvik","status":"publish","type":"product","link":"https:\/\/orvikpower.com\/hu\/term%c3%a9k\/x7-electric-street-sweeper-for-industrial-parks-factory-direct-fcl-orvik","title":{"rendered":"X7 elektromos utcasepr\u0151 ipari parkok sz\u00e1m\u00e1ra | Factory Direct FCL - ORVIK"},"content":{"rendered":"<p dir=\"auto\">Ismerje meg a <strong>ORVIK X7<\/strong>, egy nagy teherb\u00edr\u00e1s\u00fa elektromos sepr\u0151g\u00e9p, amelyet ipari \u00e9s kereskedelmi k\u00f6rnyezetek agressz\u00edv tiszt\u00edt\u00e1s\u00e1ra terveztek.<\/p>\n<ul dir=\"auto\">\n<li class=\"text-start\"><strong>Jellemz\u0151<\/strong>: Az X7 egy nagy teljes\u00edtm\u00e9ny\u0171 3000W-os meghajt\u00f3motort kombin\u00e1l egy \u00e1tfog\u00f3 4 kef\u00e9s sepr\u0151rendszerrel (\u00e1ll\u00edthat\u00f3 1500-2450mm sz\u00e9less\u00e9g) \u00e9s egy nagynyom\u00e1s\u00fa k\u00f6d\u00e1gy\u00faval.<\/li>\n<li class=\"text-start\"><strong>El\u0151ny<\/strong>: A hagyom\u00e1nyos sepr\u0151g\u00e9pekkel ellent\u00e9tben az X7 integr\u00e1lt egy <strong>240 literes szabv\u00e1nyos szemetes kont\u00e9ner<\/strong> mechanizmussal, amely lehet\u0151v\u00e9 teszi a hullad\u00e9k gyors, k\u00e9zi lap\u00e1tol\u00e1s n\u00e9lk\u00fcli \u00e1rtalmatlan\u00edt\u00e1s\u00e1t. A savval pikkelhet\u0151 \u00e9s elektrofor\u00e9zissel kezelt alv\u00e1z kiv\u00e1l\u00f3 rozsda\u00e1ll\u00f3s\u00e1got biztos\u00edt, m\u00e9g nedves vagy tengerparti k\u00f6rnyezetben is.<\/li>\n<li class=\"text-start\"><strong>El\u0151ny<\/strong>: Ez a rendszer drasztikusan cs\u00f6kkenti a takar\u00edt\u00e1si munkak\u00f6lts\u00e9geket - egy X7-es egy 10 f\u0151s k\u00e9zi szem\u00e9lyzetet helyettes\u00edt. A be\u00e9p\u00edtett porelnyom\u00f3 rendszer v\u00e9di a l\u00e9tes\u00edtm\u00e9ny leveg\u0151min\u0151s\u00e9g\u00e9t, m\u00edg a robusztus fel\u00e9p\u00edt\u00e9s minimaliz\u00e1lja az \u00e1ll\u00e1sid\u0151t.<\/li>\n<li class=\"text-start\"><strong>Testreszab\u00e1s<\/strong>: El\u00e9rhet\u0151 <strong>\u00d3lom-sav vagy LiFePO4 (l\u00edtium)<\/strong> a k\u00f6lts\u00e9gvet\u00e9snek \u00e9s a m\u0171szakra vonatkoz\u00f3 k\u00f6vetelm\u00e9nyeknek megfelel\u0151 akkumul\u00e1tor-v\u00e1ltozatok. A motor teljes\u00edtm\u00e9nye testre szabhat\u00f3 az adott terepszintekhez.<\/li>\n<\/ul>\n<div class=\"my-2\"><\/div>\n<p dir=\"auto\"><strong>\u00dagy tervezt\u00fck, hogy a munkafolyamatokat megk\u00f6nny\u00edtse.<\/strong><\/p>\n<p dir=\"auto\">\n<table class=\"table table-striped-white table-bordered\" data-anchor-id=\"zab5\">\n<thead>\n<tr>\n<th>Specifik\u00e1ci\u00f3<\/th>\n<th>R\u00e9szletek<\/th>\n<\/tr>\n<\/thead>\n<tbody>\n<tr>\n<td><strong>Modell neve<\/strong><\/td>\n<td>ORVIK X7 ipari sepr\u0151g\u00e9p<\/td>\n<\/tr>\n<tr>\n<td><strong>M\u00e9retek (L*S*H)<\/strong><\/td>\n<td>3500 \u00d7 2500 \u00d7 2550 mm (a sz\u00e9less\u00e9g a meghosszabb\u00edtott kef\u00e9kkel egy\u00fctt)<\/td>\n<\/tr>\n<tr>\n<td><strong>Tiszt\u00edt\u00e1si sz\u00e9less\u00e9g<\/strong><\/td>\n<td>1500 mm - 2450 mm (\u00e1ll\u00edthat\u00f3)<\/td>\n<\/tr>\n<tr>\n<td><strong>Motor teljes\u00edtm\u00e9ny<\/strong><\/td>\n<td><strong>Hajt\u00e1s:<\/strong>\u00a03000W<\/td>\n<\/tr>\n<tr>\n<td><strong>Rendszerfesz\u00fclts\u00e9g<\/strong><\/td>\n<td>48V \/ 60V \/ 72V (testreszabhat\u00f3)<\/td>\n<\/tr>\n<tr>\n<td><strong>Az akkumul\u00e1tor adatai<\/strong><\/td>\n<td>Standard: 48V 200Ah \u00f3lom-sav (l\u00edtium opcion\u00e1lis)<\/td>\n<\/tr>\n<tr>\n<td><strong>Maxim\u00e1lis munkaid\u0151<\/strong><\/td>\n<td>4-6 \u00f3ra (az akkumul\u00e1tor konfigur\u00e1ci\u00f3j\u00e1t\u00f3l f\u00fcgg\u0151en)<\/td>\n<\/tr>\n<tr>\n<td><strong>V\u00edz\/hullad\u00e9k kapacit\u00e1s<\/strong><\/td>\n<td><strong>V\u00edztart\u00e1ly:<\/strong>\u00a0300L\u00a0<strong>Hullad\u00e9k:<\/strong>\u00a0Illeszkedik a 240 literes szabv\u00e1nyos t\u00e1rol\u00f3hoz<\/td>\n<\/tr>\n<tr>\n<td><strong>Porelnyom\u00e1s<\/strong><\/td>\n<td>Nagynyom\u00e1s\u00fa v\u00edzipisztoly + k\u00f6d\u00e1gy\u00fa<\/td>\n<\/tr>\n<tr>\n<td><strong>M\u00e1sz\u00f3k\u00e9pess\u00e9g<\/strong><\/td>\n<td>30% Fokozat<\/td>\n<\/tr>\n<tr>\n<td><strong>F\u00e9krendszer<\/strong><\/td>\n<td>Hidraulikus kett\u0151s t\u00e1rcsa + E-ABS<\/td>\n<\/tr>\n<tr>\n<td><strong>Alv\u00e1zkezel\u00e9s<\/strong><\/td>\n<td>P\u00e1col\u00e1s, elektrofor\u00e9zis \u00e9s magas h\u0151m\u00e9rs\u00e9klet\u0171 porbevonatok<\/td>\n<\/tr>\n<tr>\n<td><strong>Gumiabroncsok<\/strong><\/td>\n<td>T\u00f6ml\u0151 n\u00e9lk\u00fcli ipari gumiabroncsok<\/td>\n<\/tr>\n<tr>\n<td><strong>Rakod\u00e1si mennyis\u00e9g (40HQ)<\/strong><\/td>\n<td><em>Konzult\u00e1ljon az FCL rakod\u00e1si tervhez (SKD aj\u00e1nlott)<\/em><\/td>\n<\/tr>\n<\/tbody>\n<\/table>","protected":false},"excerpt":{"rendered":"<p dir=\"auto\"><strong>Nagy teherb\u00edr\u00e1s\u00fa X7 elektromos sepr\u0151g\u00e9p nagynyom\u00e1s\u00fa k\u00f6d\u00e1gy\u00faval \u00e9s 240 literes tart\u00e1lykapacit\u00e1ssal. Korr\u00f3zi\u00f3\u00e1ll\u00f3 alv\u00e1zzal \u00e9s testreszabhat\u00f3 akkumul\u00e1tor-opci\u00f3kkal rendelkezik b\u00e1ny\u00e1szati \u00e9s ipari felhaszn\u00e1l\u00e1sra. K\u00e9rjen gy\u00e1ri \u00e1raj\u00e1nlatot.<\/strong><\/p>\n<div class=\"my-2\"><\/div>\n<p dir=\"auto\">","protected":false},"featured_media":19100,"comment_status":"open","ping_status":"closed","template":"","meta":{"_eb_attr":""},"product_brand":[],"product_cat":[75,74],"product_tag":[96,91,100,136,88],"class_list":{"0":"post-19099","1":"product","2":"type-product","3":"status-publish","4":"has-post-thumbnail","6":"product_cat-electric-street-sweepers","7":"product_cat-specialized-service-vehicles","8":"product_tag-factory-complex","9":"product_tag-industrial-park","10":"product_tag-mining-site","11":"product_tag-municipal-services-private-road","12":"product_tag-resort","14":"first","15":"instock","16":"shipping-taxable","17":"product-type-simple"},"yoast_head":"<!-- This site is optimized with the Yoast SEO plugin v26.9 - https:\/\/yoast.com\/product\/yoast-seo-wordpress\/ -->\n<title>X7 Electric Street Sweeper for Industrial Parks | Factory Direct FCL - ORVIK | ORVIK|Light Commercial Electric Vehicles<\/title>\n<meta name=\"robots\" content=\"index, follow, max-snippet:-1, max-image-preview:large, max-video-preview:-1\" \/>\n<link rel=\"canonical\" href=\"https:\/\/orvikpower.com\/hu\/term\u00e9k\/x7-electric-street-sweeper-for-industrial-parks-factory-direct-fcl-orvik\" \/>\n<meta property=\"og:locale\" content=\"hu_HU\" \/>\n<meta property=\"og:type\" content=\"article\" \/>\n<meta property=\"og:title\" content=\"X7 Electric Street Sweeper for Industrial Parks | Factory Direct FCL - ORVIK | ORVIK|Light Commercial Electric Vehicles\" \/>\n<meta property=\"og:description\" content=\"Heavy-duty electric sweeper X7 with high-pressure fog cannon and 240L bin capacity. Features anti-corrosion chassis and customizable battery options for mining and industrial use. Get Factory Quote.\" \/>\n<meta property=\"og:url\" content=\"https:\/\/orvikpower.com\/hu\/term\u00e9k\/x7-electric-street-sweeper-for-industrial-parks-factory-direct-fcl-orvik\" \/>\n<meta property=\"og:site_name\" content=\"ORVIK|Light Commercial Electric Vehicles\" \/>\n<meta property=\"article:modified_time\" content=\"2026-01-21T15:32:58+00:00\" \/>\n<meta property=\"og:image\" content=\"https:\/\/orvikpower.com\/wp-content\/uploads\/2026\/01\/X7-Electric-Street-Sweeper-for-Industrial-Parks-Factory-Direct-FCL-ORVIK.jpg\" \/>\n\t<meta property=\"og:image:width\" content=\"1650\" \/>\n\t<meta property=\"og:image:height\" content=\"1327\" \/>\n\t<meta property=\"og:image:type\" content=\"image\/jpeg\" \/>\n<meta name=\"twitter:card\" content=\"summary_large_image\" \/>\n<meta name=\"twitter:label1\" content=\"Becs\u00fclt olvas\u00e1si id\u0151\" \/>\n\t<meta name=\"twitter:data1\" content=\"1 perc\" \/>\n<script type=\"application\/ld+json\" class=\"yoast-schema-graph\">{\"@context\":\"https:\/\/schema.org\",\"@graph\":[{\"@type\":\"WebPage\",\"@id\":\"https:\/\/orvikpower.com\/product\/x7-electric-street-sweeper-for-industrial-parks-factory-direct-fcl-orvik\",\"url\":\"https:\/\/orvikpower.com\/product\/x7-electric-street-sweeper-for-industrial-parks-factory-direct-fcl-orvik\",\"name\":\"X7 Electric Street Sweeper for Industrial Parks | Factory Direct FCL - ORVIK | ORVIK|Light Commercial Electric Vehicles\",\"isPartOf\":{\"@id\":\"https:\/\/orvikpower.com\/#website\"},\"primaryImageOfPage\":{\"@id\":\"https:\/\/orvikpower.com\/product\/x7-electric-street-sweeper-for-industrial-parks-factory-direct-fcl-orvik#primaryimage\"},\"image\":{\"@id\":\"https:\/\/orvikpower.com\/product\/x7-electric-street-sweeper-for-industrial-parks-factory-direct-fcl-orvik#primaryimage\"},\"thumbnailUrl\":\"https:\/\/orvikpower.com\/wp-content\/uploads\/2026\/01\/X7-Electric-Street-Sweeper-for-Industrial-Parks-Factory-Direct-FCL-ORVIK.jpg\",\"datePublished\":\"2026-01-21T15:32:48+00:00\",\"dateModified\":\"2026-01-21T15:32:58+00:00\",\"breadcrumb\":{\"@id\":\"https:\/\/orvikpower.com\/product\/x7-electric-street-sweeper-for-industrial-parks-factory-direct-fcl-orvik#breadcrumb\"},\"inLanguage\":\"hu\",\"potentialAction\":[{\"@type\":\"ReadAction\",\"target\":[\"https:\/\/orvikpower.com\/product\/x7-electric-street-sweeper-for-industrial-parks-factory-direct-fcl-orvik\"]}]},{\"@type\":\"ImageObject\",\"inLanguage\":\"hu\",\"@id\":\"https:\/\/orvikpower.com\/product\/x7-electric-street-sweeper-for-industrial-parks-factory-direct-fcl-orvik#primaryimage\",\"url\":\"https:\/\/orvikpower.com\/wp-content\/uploads\/2026\/01\/X7-Electric-Street-Sweeper-for-Industrial-Parks-Factory-Direct-FCL-ORVIK.jpg\",\"contentUrl\":\"https:\/\/orvikpower.com\/wp-content\/uploads\/2026\/01\/X7-Electric-Street-Sweeper-for-Industrial-Parks-Factory-Direct-FCL-ORVIK.jpg\",\"width\":1650,\"height\":1327,\"caption\":\"Heavy-duty electric sweeper X7 with high-pressure fog cannon and 240L bin capacity. Features anti-corrosion chassis and customizable battery options for mining and industrial use. Get Factory Quote.\"},{\"@type\":\"BreadcrumbList\",\"@id\":\"https:\/\/orvikpower.com\/product\/x7-electric-street-sweeper-for-industrial-parks-factory-direct-fcl-orvik#breadcrumb\",\"itemListElement\":[{\"@type\":\"ListItem\",\"position\":1,\"name\":\"Home\",\"item\":\"https:\/\/orvikpower.com\/\"},{\"@type\":\"ListItem\",\"position\":2,\"name\":\"SHOP\",\"item\":\"https:\/\/orvikpower.com\/shop\"},{\"@type\":\"ListItem\",\"position\":3,\"name\":\"X7 Electric Street Sweeper for Industrial Parks | Factory Direct FCL &#8211; ORVIK\"}]},{\"@type\":\"WebSite\",\"@id\":\"https:\/\/orvikpower.com\/#website\",\"url\":\"https:\/\/orvikpower.com\/\",\"name\":\"ORVIK | Light Commercial Electric Vehicles\",\"description\":\"Premier Manufacturer of Off-road Electric Utility Vehicles, Pickups &amp; Mini Trucks. High-Temp &amp; Arctic Ready designs for farms &amp; mines. Save costs with Factory-Direct FCL. Make work flow. Get a Quote.\",\"publisher\":{\"@id\":\"https:\/\/orvikpower.com\/#organization\"},\"potentialAction\":[{\"@type\":\"SearchAction\",\"target\":{\"@type\":\"EntryPoint\",\"urlTemplate\":\"https:\/\/orvikpower.com\/?s={search_term_string}\"},\"query-input\":{\"@type\":\"PropertyValueSpecification\",\"valueRequired\":true,\"valueName\":\"search_term_string\"}}],\"inLanguage\":\"hu\"},{\"@type\":\"Organization\",\"@id\":\"https:\/\/orvikpower.com\/#organization\",\"name\":\"ORVIK | Light Commercial Electric Vehicles\",\"url\":\"https:\/\/orvikpower.com\/\",\"logo\":{\"@type\":\"ImageObject\",\"inLanguage\":\"hu\",\"@id\":\"https:\/\/orvikpower.com\/#\/schema\/logo\/image\/\",\"url\":\"https:\/\/orvikpower.com\/wp-content\/uploads\/2026\/01\/cropped-logo-h-main-small.png\",\"contentUrl\":\"https:\/\/orvikpower.com\/wp-content\/uploads\/2026\/01\/cropped-logo-h-main-small.png\",\"width\":512,\"height\":512,\"caption\":\"ORVIK | Light Commercial Electric Vehicles\"},\"image\":{\"@id\":\"https:\/\/orvikpower.com\/#\/schema\/logo\/image\/\"},\"sameAs\":[\"https:\/\/www.youtube.com\/@ORVIKOrvikPower\",\"https:\/\/www.pinterest.com\/OrvikPower\/\"]}]}<\/script>\n<!-- \/ Yoast SEO plugin. -->","yoast_head_json":{"title":"X7 elektromos utcasepr\u0151 ipari parkok sz\u00e1m\u00e1ra | Factory Direct FCL - ORVIK | ORVIK | ORVIK | K\u00f6nny\u0171 haszong\u00e9pj\u00e1rm\u0171vek elektromos j\u00e1rm\u0171vek","robots":{"index":"index","follow":"follow","max-snippet":"max-snippet:-1","max-image-preview":"max-image-preview:large","max-video-preview":"max-video-preview:-1"},"canonical":"https:\/\/orvikpower.com\/hu\/term\u00e9k\/x7-electric-street-sweeper-for-industrial-parks-factory-direct-fcl-orvik","og_locale":"hu_HU","og_type":"article","og_title":"X7 Electric Street Sweeper for Industrial Parks | Factory Direct FCL - ORVIK | ORVIK|Light Commercial Electric Vehicles","og_description":"Heavy-duty electric sweeper X7 with high-pressure fog cannon and 240L bin capacity. Features anti-corrosion chassis and customizable battery options for mining and industrial use. Get Factory Quote.","og_url":"https:\/\/orvikpower.com\/hu\/term\u00e9k\/x7-electric-street-sweeper-for-industrial-parks-factory-direct-fcl-orvik","og_site_name":"ORVIK|Light Commercial Electric Vehicles","article_modified_time":"2026-01-21T15:32:58+00:00","og_image":[{"width":1650,"height":1327,"url":"https:\/\/orvikpower.com\/wp-content\/uploads\/2026\/01\/X7-Electric-Street-Sweeper-for-Industrial-Parks-Factory-Direct-FCL-ORVIK.jpg","type":"image\/jpeg"}],"twitter_card":"summary_large_image","twitter_misc":{"Becs\u00fclt olvas\u00e1si id\u0151":"1 perc"},"schema":{"@context":"https:\/\/schema.org","@graph":[{"@type":"WebPage","@id":"https:\/\/orvikpower.com\/product\/x7-electric-street-sweeper-for-industrial-parks-factory-direct-fcl-orvik","url":"https:\/\/orvikpower.com\/product\/x7-electric-street-sweeper-for-industrial-parks-factory-direct-fcl-orvik","name":"X7 elektromos utcasepr\u0151 ipari parkok sz\u00e1m\u00e1ra | Factory Direct FCL - ORVIK | ORVIK | ORVIK | K\u00f6nny\u0171 haszong\u00e9pj\u00e1rm\u0171vek elektromos j\u00e1rm\u0171vek","isPartOf":{"@id":"https:\/\/orvikpower.com\/#website"},"primaryImageOfPage":{"@id":"https:\/\/orvikpower.com\/product\/x7-electric-street-sweeper-for-industrial-parks-factory-direct-fcl-orvik#primaryimage"},"image":{"@id":"https:\/\/orvikpower.com\/product\/x7-electric-street-sweeper-for-industrial-parks-factory-direct-fcl-orvik#primaryimage"},"thumbnailUrl":"https:\/\/orvikpower.com\/wp-content\/uploads\/2026\/01\/X7-Electric-Street-Sweeper-for-Industrial-Parks-Factory-Direct-FCL-ORVIK.jpg","datePublished":"2026-01-21T15:32:48+00:00","dateModified":"2026-01-21T15:32:58+00:00","breadcrumb":{"@id":"https:\/\/orvikpower.com\/product\/x7-electric-street-sweeper-for-industrial-parks-factory-direct-fcl-orvik#breadcrumb"},"inLanguage":"hu","potentialAction":[{"@type":"ReadAction","target":["https:\/\/orvikpower.com\/product\/x7-electric-street-sweeper-for-industrial-parks-factory-direct-fcl-orvik"]}]},{"@type":"ImageObject","inLanguage":"hu","@id":"https:\/\/orvikpower.com\/product\/x7-electric-street-sweeper-for-industrial-parks-factory-direct-fcl-orvik#primaryimage","url":"https:\/\/orvikpower.com\/wp-content\/uploads\/2026\/01\/X7-Electric-Street-Sweeper-for-Industrial-Parks-Factory-Direct-FCL-ORVIK.jpg","contentUrl":"https:\/\/orvikpower.com\/wp-content\/uploads\/2026\/01\/X7-Electric-Street-Sweeper-for-Industrial-Parks-Factory-Direct-FCL-ORVIK.jpg","width":1650,"height":1327,"caption":"Heavy-duty electric sweeper X7 with high-pressure fog cannon and 240L bin capacity. Features anti-corrosion chassis and customizable battery options for mining and industrial use. Get Factory Quote."},{"@type":"BreadcrumbList","@id":"https:\/\/orvikpower.com\/product\/x7-electric-street-sweeper-for-industrial-parks-factory-direct-fcl-orvik#breadcrumb","itemListElement":[{"@type":"ListItem","position":1,"name":"Home","item":"https:\/\/orvikpower.com\/"},{"@type":"ListItem","position":2,"name":"SHOP","item":"https:\/\/orvikpower.com\/shop"},{"@type":"ListItem","position":3,"name":"X7 Electric Street Sweeper for Industrial Parks | Factory Direct FCL &#8211; ORVIK"}]},{"@type":"WebSite","@id":"https:\/\/orvikpower.com\/#website","url":"https:\/\/orvikpower.com\/","name":"ORVIK | K\u00f6nny\u0171 haszong\u00e9pj\u00e1rm\u0171vek","description":"A terepj\u00e1r\u00f3 elektromos haszonj\u00e1rm\u0171vek, pickupok \u00e9s mini teheraut\u00f3k els\u0151sz\u00e1m\u00fa gy\u00e1rt\u00f3ja. High-Temp &amp; Arctic Ready kivitelek farmok \u00e9s b\u00e1ny\u00e1k sz\u00e1m\u00e1ra. K\u00f6lts\u00e9gmegtakar\u00edt\u00e1s a Factory-Direct FCL seg\u00edts\u00e9g\u00e9vel. Tegye a munkafolyamatot. K\u00e9rjen \u00e1raj\u00e1nlatot.","publisher":{"@id":"https:\/\/orvikpower.com\/#organization"},"potentialAction":[{"@type":"SearchAction","target":{"@type":"EntryPoint","urlTemplate":"https:\/\/orvikpower.com\/?s={search_term_string}"},"query-input":{"@type":"PropertyValueSpecification","valueRequired":true,"valueName":"search_term_string"}}],"inLanguage":"hu"},{"@type":"Organization","@id":"https:\/\/orvikpower.com\/#organization","name":"ORVIK | K\u00f6nny\u0171 haszong\u00e9pj\u00e1rm\u0171vek","url":"https:\/\/orvikpower.com\/","logo":{"@type":"ImageObject","inLanguage":"hu","@id":"https:\/\/orvikpower.com\/#\/schema\/logo\/image\/","url":"https:\/\/orvikpower.com\/wp-content\/uploads\/2026\/01\/cropped-logo-h-main-small.png","contentUrl":"https:\/\/orvikpower.com\/wp-content\/uploads\/2026\/01\/cropped-logo-h-main-small.png","width":512,"height":512,"caption":"ORVIK | Light Commercial Electric Vehicles"},"image":{"@id":"https:\/\/orvikpower.com\/#\/schema\/logo\/image\/"},"sameAs":["https:\/\/www.youtube.com\/@ORVIKOrvikPower","https:\/\/www.pinterest.com\/OrvikPower\/"]}]}},"_links":{"self":[{"href":"https:\/\/orvikpower.com\/hu\/wp-json\/wp\/v2\/product\/19099","targetHints":{"allow":["GET"]}}],"collection":[{"href":"https:\/\/orvikpower.com\/hu\/wp-json\/wp\/v2\/product"}],"about":[{"href":"https:\/\/orvikpower.com\/hu\/wp-json\/wp\/v2\/types\/product"}],"replies":[{"embeddable":true,"href":"https:\/\/orvikpower.com\/hu\/wp-json\/wp\/v2\/comments?post=19099"}],"wp:featuredmedia":[{"embeddable":true,"href":"https:\/\/orvikpower.com\/hu\/wp-json\/wp\/v2\/media\/19100"}],"wp:attachment":[{"href":"https:\/\/orvikpower.com\/hu\/wp-json\/wp\/v2\/media?parent=19099"}],"wp:term":[{"taxonomy":"product_brand","embeddable":true,"href":"https:\/\/orvikpower.com\/hu\/wp-json\/wp\/v2\/product_brand?post=19099"},{"taxonomy":"product_cat","embeddable":true,"href":"https:\/\/orvikpower.com\/hu\/wp-json\/wp\/v2\/product_cat?post=19099"},{"taxonomy":"product_tag","embeddable":true,"href":"https:\/\/orvikpower.com\/hu\/wp-json\/wp\/v2\/product_tag?post=19099"}],"curies":[{"name":"wp","href":"https:\/\/api.w.org\/{rel}","templated":true}]}}