{"id":19102,"date":"2026-01-21T15:48:08","date_gmt":"2026-01-21T15:48:08","guid":{"rendered":"https:\/\/orvikpower.com\/?post_type=product&#038;p=19102"},"modified":"2026-01-21T15:48:08","modified_gmt":"2026-01-21T15:48:08","slug":"type-a-2-seater-electric-golf-cart-fleet-resort-villa-factory-direct-fcl-orvik","status":"publish","type":"product","link":"https:\/\/orvikpower.com\/hu\/term%c3%a9k\/type-a-2-seater-electric-golf-cart-fleet-resort-villa-factory-direct-fcl-orvik","title":{"rendered":"A-t\u00edpus\u00fa 2 \u00fcl\u00e9ses elektromos golfkocsi flotta | Resort &amp; Villa | Factory Direct FCL - ORVIK"},"content":{"rendered":"<p dir=\"auto\"><strong>Megb\u00edzhat\u00f3s\u00e1gra tervezve ig\u00e9nyes k\u00f6rnyezetben.<\/strong><br \/>\nAz ORVIK Type-A 2 \u00fcl\u00e9ses elektromos golfkocsi nem j\u00e1t\u00e9k; ez egy robusztus haszonj\u00e1rm\u0171, amelyet \u00fcd\u00fcl\u0151helyek, mag\u00e1nvill\u00e1k \u00e9s nagy campusok sz\u00e1m\u00e1ra terveztek. Egy <strong>3 mm-es korr\u00f3zi\u00f3\u00e1ll\u00f3 horganyzott ac\u00e9l v\u00e1z (jellemz\u0151)<\/strong>, ez a j\u00e1rm\u0171 kiv\u00e1l\u00f3an ellen\u00e1ll a rozsd\u00e1nak \u00e9s a szerkezeti f\u00e1rad\u00e1snak, m\u00e9g tengerparti vagy nedves k\u00f6rnyezetben is (el\u0151ny). Ez hosszabb \u00e9lettartamot biztos\u00edt flott\u00e1ja sz\u00e1m\u00e1ra, ami id\u0151vel jelent\u0151sen cs\u00f6kkenti a cser\u00e9kre ford\u00edtott t\u0151kekiad\u00e1sokat (El\u0151ny).<\/p>\n<div class=\"my-2\"><\/div>\n<p dir=\"auto\">A 3,5 kW-os v\u00e1ltakoz\u00f3 \u00e1ram\u00fa motorral \u00e9s teljesen intelligens Hercules vez\u00e9rl\u0151vel felszerelt k\u00e9sz\u00fcl\u00e9k egyenletes teljes\u00edtm\u00e9nyt biztos\u00edt a 20% fokozathoz, t\u00falmeleged\u00e9s n\u00e9lk\u00fcl. Speci\u00e1lis \u00fczemeltet\u00e9si ig\u00e9nyekhez k\u00edn\u00e1lunk <strong>testreszabhat\u00f3 akkumul\u00e1tor rendszerek<\/strong> (\u00f3lom-sav vagy LiFePO4) \u00e9s <strong>motoros teljes\u00edtm\u00e9nyn\u00f6vel\u00e9s<\/strong> hogy megfeleljen a terepnek.<br \/>\n<strong>Kiz\u00e1r\u00f3lag terepen \/ mag\u00e1nter\u00fcleteken haszn\u00e1lhat\u00f3.<\/strong><br \/>\n<strong>\u00dagy tervezt\u00fck, hogy a munkafolyamatokat megk\u00f6nny\u00edtse.<\/strong><\/p>\n<table class=\"table table-striped-white table-bordered\" data-anchor-id=\"v56w\">\n<thead>\n<tr>\n<th>Jellemz\u0151<\/th>\n<th>Specifik\u00e1ci\u00f3<\/th>\n<\/tr>\n<\/thead>\n<tbody>\n<tr>\n<td><strong>M\u00e9retek (L*S*H)<\/strong><\/td>\n<td>2450 \u00d7 1200 \u00d7 1950 mm<\/td>\n<\/tr>\n<tr>\n<td><strong>Motor teljes\u00edtm\u00e9ny \u00e9s fesz\u00fclts\u00e9g<\/strong><\/td>\n<td>60V \/ 3,5KW AC motor (testreszabhat\u00f3)<\/td>\n<\/tr>\n<tr>\n<td><strong>Akkumul\u00e1tor rendszer<\/strong><\/td>\n<td>60V 100AH \u00f3lom-sav (LiFePO4 opcion\u00e1lis)<\/td>\n<\/tr>\n<tr>\n<td><strong>Maxim\u00e1lis tartom\u00e1ny<\/strong><\/td>\n<td>\n<blockquote class=\"white-blockquote\"><p>80 km (terhel\u00e9ssel)<\/p><\/blockquote>\n<\/td>\n<\/tr>\n<tr>\n<td><strong>Terhelhet\u0151s\u00e9g<\/strong><\/td>\n<td>2 utas \/ Kb. 300kg<\/td>\n<\/tr>\n<tr>\n<td><strong>Alv\u00e1z anyaga<\/strong><\/td>\n<td>3mm horganyzott ac\u00e9l (rozsdamentes)<\/td>\n<\/tr>\n<tr>\n<td><strong>Maxim\u00e1lis sebess\u00e9g<\/strong><\/td>\n<td>30 km\/h (a biztons\u00e1g kedv\u00e9\u00e9rt \u00e1ll\u00edthat\u00f3)<\/td>\n<\/tr>\n<tr>\n<td><strong>M\u00e1sz\u00f3k\u00e9pess\u00e9g<\/strong><\/td>\n<td>20%<\/td>\n<\/tr>\n<tr>\n<td><strong>F\u00e9krendszer<\/strong><\/td>\n<td>4-ker\u00e9k hidraulikus dobf\u00e9kek<\/td>\n<\/tr>\n<tr>\n<td><strong>Gumiabroncs m\u00e9rete<\/strong><\/td>\n<td>22 \u00d7 10 - 12\u201d (terepj\u00e1r\u00f3 fut\u00f3fel\u00fclet kaphat\u00f3)<\/td>\n<\/tr>\n<tr>\n<td><strong>Felf\u00fcggeszt\u00e9s<\/strong><\/td>\n<td>El\u00f6l: H\u00e1tul: f\u00e9lig lebeg\u0151; H\u00e1tul: Laprug\u00f3 + leng\u00e9scsillap\u00edt\u00f3<\/td>\n<\/tr>\n<tr>\n<td><strong>Test anyaga<\/strong><\/td>\n<td>M\u00e9rn\u00f6ki PP Kem\u00e9ny m\u0171anyag<\/td>\n<\/tr>\n<tr>\n<td><strong>Rakod\u00e1si mennyis\u00e9g (40HQ)<\/strong><\/td>\n<td>Kb. 18-24 egys\u00e9g (SKD) -\u00a0<em>Kapcsolat az elrendez\u00e9si tervhez<\/em><\/td>\n<\/tr>\n<\/tbody>\n<\/table>","protected":false},"excerpt":{"rendered":"<p dir=\"auto\">Nagykereskedelmi 2 \u00fcl\u00e9ses elektromos golfkocsik. High-Temp Ready horganyzott alv\u00e1zzal \u00e9s 3,5KW AC motorral. Optimaliz\u00e1lt \u00fcd\u00fcl\u0151helyek \u00e9s vill\u00e1k sz\u00e1m\u00e1ra. \u00c9rdekl\u0151dj\u00f6n az FCL \u00e1rr\u00f3l.<\/p>\n<div class=\"my-2\"><\/div>\n<p dir=\"auto\">","protected":false},"featured_media":19121,"comment_status":"open","ping_status":"closed","template":"","meta":{"_eb_attr":""},"product_brand":[],"product_cat":[71,70],"product_tag":[89,137,139,88,138],"class_list":{"0":"post-19102","1":"product","2":"type-product","3":"status-publish","4":"has-post-thumbnail","6":"product_cat-electric-golf-carts","7":"product_cat-lsev-passenger-mobility","8":"product_tag-campus","9":"product_tag-golfcourse","10":"product_tag-patrol","11":"product_tag-resort","12":"product_tag-villa","14":"first","15":"instock","16":"shipping-taxable","17":"product-type-simple"},"yoast_head":"<!-- This site is optimized with the Yoast SEO plugin v26.9 - https:\/\/yoast.com\/product\/yoast-seo-wordpress\/ -->\n<title>Type-A 2-Seater Electric Golf Cart Fleet | Resort &amp; Villa | Factory Direct FCL - ORVIK | ORVIK|Light Commercial Electric Vehicles<\/title>\n<meta name=\"robots\" content=\"index, follow, max-snippet:-1, max-image-preview:large, max-video-preview:-1\" \/>\n<link rel=\"canonical\" href=\"https:\/\/orvikpower.com\/hu\/term\u00e9k\/type-a-2-seater-electric-golf-cart-fleet-resort-villa-factory-direct-fcl-orvik\" \/>\n<meta property=\"og:locale\" content=\"hu_HU\" \/>\n<meta property=\"og:type\" content=\"article\" \/>\n<meta property=\"og:title\" content=\"Type-A 2-Seater Electric Golf Cart Fleet | Resort &amp; Villa | Factory Direct FCL - ORVIK | ORVIK|Light Commercial Electric Vehicles\" \/>\n<meta property=\"og:description\" content=\"Wholesale 2-seater electric golf carts. Featuring High-Temp Ready galvanized chassis and 3.5KW AC motor. Optimized for resorts &amp; villas. Inquire for FCL Price.\" \/>\n<meta property=\"og:url\" content=\"https:\/\/orvikpower.com\/hu\/term\u00e9k\/type-a-2-seater-electric-golf-cart-fleet-resort-villa-factory-direct-fcl-orvik\" \/>\n<meta property=\"og:site_name\" content=\"ORVIK|Light Commercial Electric Vehicles\" \/>\n<meta property=\"og:image\" content=\"https:\/\/orvikpower.com\/wp-content\/uploads\/2026\/01\/2-Seater-Electric-Golf-Cart-Fleet-Resort-Villa-Factory-Direct-FCL-ORVIK.jpeg\" \/>\n\t<meta property=\"og:image:width\" content=\"1200\" \/>\n\t<meta property=\"og:image:height\" content=\"1200\" \/>\n\t<meta property=\"og:image:type\" content=\"image\/jpeg\" \/>\n<meta name=\"twitter:card\" content=\"summary_large_image\" \/>\n<meta name=\"twitter:label1\" content=\"Becs\u00fclt olvas\u00e1si id\u0151\" \/>\n\t<meta name=\"twitter:data1\" content=\"1 perc\" \/>\n<script type=\"application\/ld+json\" class=\"yoast-schema-graph\">{\"@context\":\"https:\/\/schema.org\",\"@graph\":[{\"@type\":\"WebPage\",\"@id\":\"https:\/\/orvikpower.com\/product\/type-a-2-seater-electric-golf-cart-fleet-resort-villa-factory-direct-fcl-orvik\",\"url\":\"https:\/\/orvikpower.com\/product\/type-a-2-seater-electric-golf-cart-fleet-resort-villa-factory-direct-fcl-orvik\",\"name\":\"Type-A 2-Seater Electric Golf Cart Fleet | Resort & Villa | Factory Direct FCL - ORVIK | ORVIK|Light Commercial Electric Vehicles\",\"isPartOf\":{\"@id\":\"https:\/\/orvikpower.com\/#website\"},\"primaryImageOfPage\":{\"@id\":\"https:\/\/orvikpower.com\/product\/type-a-2-seater-electric-golf-cart-fleet-resort-villa-factory-direct-fcl-orvik#primaryimage\"},\"image\":{\"@id\":\"https:\/\/orvikpower.com\/product\/type-a-2-seater-electric-golf-cart-fleet-resort-villa-factory-direct-fcl-orvik#primaryimage\"},\"thumbnailUrl\":\"https:\/\/orvikpower.com\/wp-content\/uploads\/2026\/01\/2-Seater-Electric-Golf-Cart-Fleet-Resort-Villa-Factory-Direct-FCL-ORVIK.jpeg\",\"datePublished\":\"2026-01-21T15:48:08+00:00\",\"breadcrumb\":{\"@id\":\"https:\/\/orvikpower.com\/product\/type-a-2-seater-electric-golf-cart-fleet-resort-villa-factory-direct-fcl-orvik#breadcrumb\"},\"inLanguage\":\"hu\",\"potentialAction\":[{\"@type\":\"ReadAction\",\"target\":[\"https:\/\/orvikpower.com\/product\/type-a-2-seater-electric-golf-cart-fleet-resort-villa-factory-direct-fcl-orvik\"]}]},{\"@type\":\"ImageObject\",\"inLanguage\":\"hu\",\"@id\":\"https:\/\/orvikpower.com\/product\/type-a-2-seater-electric-golf-cart-fleet-resort-villa-factory-direct-fcl-orvik#primaryimage\",\"url\":\"https:\/\/orvikpower.com\/wp-content\/uploads\/2026\/01\/2-Seater-Electric-Golf-Cart-Fleet-Resort-Villa-Factory-Direct-FCL-ORVIK.jpeg\",\"contentUrl\":\"https:\/\/orvikpower.com\/wp-content\/uploads\/2026\/01\/2-Seater-Electric-Golf-Cart-Fleet-Resort-Villa-Factory-Direct-FCL-ORVIK.jpeg\",\"width\":1200,\"height\":1200},{\"@type\":\"BreadcrumbList\",\"@id\":\"https:\/\/orvikpower.com\/product\/type-a-2-seater-electric-golf-cart-fleet-resort-villa-factory-direct-fcl-orvik#breadcrumb\",\"itemListElement\":[{\"@type\":\"ListItem\",\"position\":1,\"name\":\"Home\",\"item\":\"https:\/\/orvikpower.com\/\"},{\"@type\":\"ListItem\",\"position\":2,\"name\":\"SHOP\",\"item\":\"https:\/\/orvikpower.com\/shop\"},{\"@type\":\"ListItem\",\"position\":3,\"name\":\"Type-A 2-Seater Electric Golf Cart Fleet | Resort &#038; Villa | Factory Direct FCL &#8211; ORVIK\"}]},{\"@type\":\"WebSite\",\"@id\":\"https:\/\/orvikpower.com\/#website\",\"url\":\"https:\/\/orvikpower.com\/\",\"name\":\"ORVIK | Light Commercial Electric Vehicles\",\"description\":\"Premier Manufacturer of Off-road Electric Utility Vehicles, Pickups &amp; Mini Trucks. High-Temp &amp; Arctic Ready designs for farms &amp; mines. Save costs with Factory-Direct FCL. Make work flow. Get a Quote.\",\"publisher\":{\"@id\":\"https:\/\/orvikpower.com\/#organization\"},\"potentialAction\":[{\"@type\":\"SearchAction\",\"target\":{\"@type\":\"EntryPoint\",\"urlTemplate\":\"https:\/\/orvikpower.com\/?s={search_term_string}\"},\"query-input\":{\"@type\":\"PropertyValueSpecification\",\"valueRequired\":true,\"valueName\":\"search_term_string\"}}],\"inLanguage\":\"hu\"},{\"@type\":\"Organization\",\"@id\":\"https:\/\/orvikpower.com\/#organization\",\"name\":\"ORVIK | Light Commercial Electric Vehicles\",\"url\":\"https:\/\/orvikpower.com\/\",\"logo\":{\"@type\":\"ImageObject\",\"inLanguage\":\"hu\",\"@id\":\"https:\/\/orvikpower.com\/#\/schema\/logo\/image\/\",\"url\":\"https:\/\/orvikpower.com\/wp-content\/uploads\/2026\/01\/cropped-logo-h-main-small.png\",\"contentUrl\":\"https:\/\/orvikpower.com\/wp-content\/uploads\/2026\/01\/cropped-logo-h-main-small.png\",\"width\":512,\"height\":512,\"caption\":\"ORVIK | Light Commercial Electric Vehicles\"},\"image\":{\"@id\":\"https:\/\/orvikpower.com\/#\/schema\/logo\/image\/\"},\"sameAs\":[\"https:\/\/www.youtube.com\/@ORVIKOrvikPower\",\"https:\/\/www.pinterest.com\/OrvikPower\/\"]}]}<\/script>\n<!-- \/ Yoast SEO plugin. -->","yoast_head_json":{"title":"A-t\u00edpus\u00fa 2 \u00fcl\u00e9ses elektromos golfkocsi flotta | Resort &amp; Villa | Factory Direct FCL - ORVIK | ORVIK | ORVIK|K\u00f6nny\u0171 haszong\u00e9pj\u00e1rm\u0171vek elektromos j\u00e1rm\u0171vek","robots":{"index":"index","follow":"follow","max-snippet":"max-snippet:-1","max-image-preview":"max-image-preview:large","max-video-preview":"max-video-preview:-1"},"canonical":"https:\/\/orvikpower.com\/hu\/term\u00e9k\/type-a-2-seater-electric-golf-cart-fleet-resort-villa-factory-direct-fcl-orvik","og_locale":"hu_HU","og_type":"article","og_title":"Type-A 2-Seater Electric Golf Cart Fleet | Resort & Villa | Factory Direct FCL - ORVIK | ORVIK|Light Commercial Electric Vehicles","og_description":"Wholesale 2-seater electric golf carts. Featuring High-Temp Ready galvanized chassis and 3.5KW AC motor. Optimized for resorts &amp; villas. Inquire for FCL Price.","og_url":"https:\/\/orvikpower.com\/hu\/term\u00e9k\/type-a-2-seater-electric-golf-cart-fleet-resort-villa-factory-direct-fcl-orvik","og_site_name":"ORVIK|Light Commercial Electric Vehicles","og_image":[{"width":1200,"height":1200,"url":"https:\/\/orvikpower.com\/wp-content\/uploads\/2026\/01\/2-Seater-Electric-Golf-Cart-Fleet-Resort-Villa-Factory-Direct-FCL-ORVIK.jpeg","type":"image\/jpeg"}],"twitter_card":"summary_large_image","twitter_misc":{"Becs\u00fclt olvas\u00e1si id\u0151":"1 perc"},"schema":{"@context":"https:\/\/schema.org","@graph":[{"@type":"WebPage","@id":"https:\/\/orvikpower.com\/product\/type-a-2-seater-electric-golf-cart-fleet-resort-villa-factory-direct-fcl-orvik","url":"https:\/\/orvikpower.com\/product\/type-a-2-seater-electric-golf-cart-fleet-resort-villa-factory-direct-fcl-orvik","name":"A-t\u00edpus\u00fa 2 \u00fcl\u00e9ses elektromos golfkocsi flotta | Resort &amp; Villa | Factory Direct FCL - ORVIK | ORVIK | ORVIK|K\u00f6nny\u0171 haszong\u00e9pj\u00e1rm\u0171vek elektromos j\u00e1rm\u0171vek","isPartOf":{"@id":"https:\/\/orvikpower.com\/#website"},"primaryImageOfPage":{"@id":"https:\/\/orvikpower.com\/product\/type-a-2-seater-electric-golf-cart-fleet-resort-villa-factory-direct-fcl-orvik#primaryimage"},"image":{"@id":"https:\/\/orvikpower.com\/product\/type-a-2-seater-electric-golf-cart-fleet-resort-villa-factory-direct-fcl-orvik#primaryimage"},"thumbnailUrl":"https:\/\/orvikpower.com\/wp-content\/uploads\/2026\/01\/2-Seater-Electric-Golf-Cart-Fleet-Resort-Villa-Factory-Direct-FCL-ORVIK.jpeg","datePublished":"2026-01-21T15:48:08+00:00","breadcrumb":{"@id":"https:\/\/orvikpower.com\/product\/type-a-2-seater-electric-golf-cart-fleet-resort-villa-factory-direct-fcl-orvik#breadcrumb"},"inLanguage":"hu","potentialAction":[{"@type":"ReadAction","target":["https:\/\/orvikpower.com\/product\/type-a-2-seater-electric-golf-cart-fleet-resort-villa-factory-direct-fcl-orvik"]}]},{"@type":"ImageObject","inLanguage":"hu","@id":"https:\/\/orvikpower.com\/product\/type-a-2-seater-electric-golf-cart-fleet-resort-villa-factory-direct-fcl-orvik#primaryimage","url":"https:\/\/orvikpower.com\/wp-content\/uploads\/2026\/01\/2-Seater-Electric-Golf-Cart-Fleet-Resort-Villa-Factory-Direct-FCL-ORVIK.jpeg","contentUrl":"https:\/\/orvikpower.com\/wp-content\/uploads\/2026\/01\/2-Seater-Electric-Golf-Cart-Fleet-Resort-Villa-Factory-Direct-FCL-ORVIK.jpeg","width":1200,"height":1200},{"@type":"BreadcrumbList","@id":"https:\/\/orvikpower.com\/product\/type-a-2-seater-electric-golf-cart-fleet-resort-villa-factory-direct-fcl-orvik#breadcrumb","itemListElement":[{"@type":"ListItem","position":1,"name":"Home","item":"https:\/\/orvikpower.com\/"},{"@type":"ListItem","position":2,"name":"SHOP","item":"https:\/\/orvikpower.com\/shop"},{"@type":"ListItem","position":3,"name":"Type-A 2-Seater Electric Golf Cart Fleet | Resort &#038; Villa | Factory Direct FCL &#8211; ORVIK"}]},{"@type":"WebSite","@id":"https:\/\/orvikpower.com\/#website","url":"https:\/\/orvikpower.com\/","name":"ORVIK | K\u00f6nny\u0171 haszong\u00e9pj\u00e1rm\u0171vek","description":"A terepj\u00e1r\u00f3 elektromos haszonj\u00e1rm\u0171vek, pickupok \u00e9s mini teheraut\u00f3k els\u0151sz\u00e1m\u00fa gy\u00e1rt\u00f3ja. High-Temp &amp; Arctic Ready kivitelek farmok \u00e9s b\u00e1ny\u00e1k sz\u00e1m\u00e1ra. K\u00f6lts\u00e9gmegtakar\u00edt\u00e1s a Factory-Direct FCL seg\u00edts\u00e9g\u00e9vel. Tegye a munkafolyamatot. K\u00e9rjen \u00e1raj\u00e1nlatot.","publisher":{"@id":"https:\/\/orvikpower.com\/#organization"},"potentialAction":[{"@type":"SearchAction","target":{"@type":"EntryPoint","urlTemplate":"https:\/\/orvikpower.com\/?s={search_term_string}"},"query-input":{"@type":"PropertyValueSpecification","valueRequired":true,"valueName":"search_term_string"}}],"inLanguage":"hu"},{"@type":"Organization","@id":"https:\/\/orvikpower.com\/#organization","name":"ORVIK | K\u00f6nny\u0171 haszong\u00e9pj\u00e1rm\u0171vek","url":"https:\/\/orvikpower.com\/","logo":{"@type":"ImageObject","inLanguage":"hu","@id":"https:\/\/orvikpower.com\/#\/schema\/logo\/image\/","url":"https:\/\/orvikpower.com\/wp-content\/uploads\/2026\/01\/cropped-logo-h-main-small.png","contentUrl":"https:\/\/orvikpower.com\/wp-content\/uploads\/2026\/01\/cropped-logo-h-main-small.png","width":512,"height":512,"caption":"ORVIK | Light Commercial Electric Vehicles"},"image":{"@id":"https:\/\/orvikpower.com\/#\/schema\/logo\/image\/"},"sameAs":["https:\/\/www.youtube.com\/@ORVIKOrvikPower","https:\/\/www.pinterest.com\/OrvikPower\/"]}]}},"_links":{"self":[{"href":"https:\/\/orvikpower.com\/hu\/wp-json\/wp\/v2\/product\/19102","targetHints":{"allow":["GET"]}}],"collection":[{"href":"https:\/\/orvikpower.com\/hu\/wp-json\/wp\/v2\/product"}],"about":[{"href":"https:\/\/orvikpower.com\/hu\/wp-json\/wp\/v2\/types\/product"}],"replies":[{"embeddable":true,"href":"https:\/\/orvikpower.com\/hu\/wp-json\/wp\/v2\/comments?post=19102"}],"wp:featuredmedia":[{"embeddable":true,"href":"https:\/\/orvikpower.com\/hu\/wp-json\/wp\/v2\/media\/19121"}],"wp:attachment":[{"href":"https:\/\/orvikpower.com\/hu\/wp-json\/wp\/v2\/media?parent=19102"}],"wp:term":[{"taxonomy":"product_brand","embeddable":true,"href":"https:\/\/orvikpower.com\/hu\/wp-json\/wp\/v2\/product_brand?post=19102"},{"taxonomy":"product_cat","embeddable":true,"href":"https:\/\/orvikpower.com\/hu\/wp-json\/wp\/v2\/product_cat?post=19102"},{"taxonomy":"product_tag","embeddable":true,"href":"https:\/\/orvikpower.com\/hu\/wp-json\/wp\/v2\/product_tag?post=19102"}],"curies":[{"name":"wp","href":"https:\/\/api.w.org\/{rel}","templated":true}]}}