{"id":19122,"date":"2026-01-21T15:55:00","date_gmt":"2026-01-21T15:55:00","guid":{"rendered":"https:\/\/orvikpower.com\/?post_type=product&#038;p=19122"},"modified":"2026-01-21T15:55:00","modified_gmt":"2026-01-21T15:55:00","slug":"orvik-22-seater-electric-golf-cart-resort-villa-factory-direct-fcl","status":"publish","type":"product","link":"https:\/\/orvikpower.com\/hu\/term%c3%a9k\/orvik-22-seater-electric-golf-cart-resort-villa-factory-direct-fcl","title":{"rendered":"ORVIK 2+2 \u00fcl\u00e9ses elektromos golfkocsi | Resort &amp; Villa | Factory Direct FCL"},"content":{"rendered":"<p dir=\"auto\"><strong>Modell: ORVIK Type-A (2+2 \u00fcl\u00e9ses)<\/strong><br \/>\n<strong>Tart\u00f3ss\u00e1gra tervezve, k\u00e9nyelemre \u00e9p\u00edtve.<\/strong><\/p>\n<div class=\"my-2\"><\/div>\n<p dir=\"auto\">Az ORVIK Type-A nem csak egy golfkocsi; ez egy robusztus szem\u00e9lysz\u00e1ll\u00edt\u00e1si megold\u00e1s, amelyet mag\u00e1nbirtokok, luxus \u00fcd\u00fcl\u0151helyek \u00e9s z\u00e1rt k\u00f6z\u00f6ss\u00e9gek sz\u00e1m\u00e1ra terveztek.<\/p>\n<ul dir=\"auto\">\n<li class=\"text-start\"><strong>Jellemz\u0151<\/strong>: A j\u00e1rm\u0171vet egy <strong>3 mm vastag horganyzott ac\u00e9l v\u00e1z<\/strong> m\u00e9rn\u00f6ki min\u0151s\u00e9g\u0171 PP kem\u00e9ny m\u0171anyag testtel kombin\u00e1lva.<\/li>\n<li class=\"text-start\"><strong>El\u0151ny<\/strong>: Ez a \u201crozsdamentes\u201d fel\u00e9p\u00edt\u00e9s a szabv\u00e1nyos vasv\u00e1zas kocsikkal ellent\u00e9tben kiv\u00e1l\u00f3 nedvess\u00e9g- \u00e9s korr\u00f3zi\u00f3\u00e1ll\u00f3s\u00e1got biztos\u00edt, k\u00fcl\u00f6n\u00f6sen a tengerparti \u00fcd\u00fcl\u0151helyeken.<\/li>\n<li class=\"text-start\"><strong>El\u0151ny<\/strong>: Jelent\u0151sen hosszabb \u00e9lettartamot \u00e9s cs\u00f6kkentett szerkezeti karbantart\u00e1si k\u00f6lts\u00e9geket kap, ami hossz\u00fa t\u00e1von v\u00e9di flottabefektet\u00e9s\u00e9t.<\/li>\n<\/ul>\n<div class=\"my-2\"><\/div>\n<p dir=\"auto\"><strong>Testreszab\u00e1si lehet\u0151s\u00e9gek:<\/strong><\/p>\n<ul dir=\"auto\">\n<li class=\"text-start\"><strong>Energiarendszer<\/strong>: Standard 3,5KW v\u00e1lt\u00f3\u00e1ram\u00fa motor. Egyedi teljes\u00edtm\u00e9nykonfigur\u00e1ci\u00f3k is rendelkez\u00e9sre \u00e1llnak, hogy megfeleljenek az adott terepviszonyoknak.<\/li>\n<li class=\"text-start\"><strong>Akkumul\u00e1tor rendszer<\/strong>: 60V-os \u00f3lom-sav akkumul\u00e1torral \u00e9rkezik. <strong>Opcion\u00e1lis friss\u00edt\u00e9s LiFePO4 l\u00edtium akkumul\u00e1torra<\/strong> a gyors t\u00f6lt\u00e9s \u00e9s a hosszabb \u00e9lettartam \u00e9rdek\u00e9ben.<\/li>\n<\/ul>\n<div class=\"my-2\"><\/div>\n<p dir=\"auto\"><strong>\u00dagy tervezt\u00fck, hogy a munkafolyamatokat megk\u00f6nny\u00edtse.<\/strong><\/p>","protected":false},"excerpt":{"rendered":"<p>3 mm-es horganyzott ac\u00e9lv\u00e1zra \u00e9p\u00fcl a rozsdamentes tart\u00f3ss\u00e1g \u00e9rdek\u00e9ben. Ez a 2+2 \u00fcl\u00e9ses elektromos kocsi 3,5KW-os motorral \u00e9s &gt;80 km-es hat\u00f3t\u00e1vols\u00e1ggal rendelkezik. Ide\u00e1lis \u00fcd\u00fcl\u0151helyek \u00e9s ingatlanok kezel\u00e9s\u00e9hez. Magas h\u0151m\u00e9rs\u00e9kletre k\u00e9sz opci\u00f3k \u00e1llnak rendelkez\u00e9sre. <strong>\u00c9rdekl\u0151dj\u00f6n az FCL gy\u00e1ri \u00e1rr\u00f3l.<\/strong><\/p>","protected":false},"featured_media":19134,"comment_status":"open","ping_status":"closed","template":"","meta":{"_eb_attr":""},"product_brand":[],"product_cat":[71,70],"product_tag":[141,142,140,88,138],"class_list":{"0":"post-19122","1":"product","2":"type-product","3":"status-publish","4":"has-post-thumbnail","6":"product_cat-electric-golf-carts","7":"product_cat-lsev-passenger-mobility","8":"product_tag-golf-course","9":"product_tag-hotel-reception","10":"product_tag-real-estate","11":"product_tag-resort","12":"product_tag-villa","14":"first","15":"instock","16":"shipping-taxable","17":"product-type-simple"},"yoast_head":"<!-- This site is optimized with the Yoast SEO plugin v26.9 - https:\/\/yoast.com\/product\/yoast-seo-wordpress\/ -->\n<title>ORVIK 2+2 Seater Electric Golf Cart | Resort &amp; Villa | Factory Direct FCL | ORVIK|Light Commercial Electric Vehicles<\/title>\n<meta name=\"robots\" content=\"index, follow, max-snippet:-1, max-image-preview:large, max-video-preview:-1\" \/>\n<link rel=\"canonical\" href=\"https:\/\/orvikpower.com\/hu\/term\u00e9k\/orvik-22-seater-electric-golf-cart-resort-villa-factory-direct-fcl\" \/>\n<meta property=\"og:locale\" content=\"hu_HU\" \/>\n<meta property=\"og:type\" content=\"article\" \/>\n<meta property=\"og:title\" content=\"ORVIK 2+2 Seater Electric Golf Cart | Resort &amp; Villa | Factory Direct FCL | ORVIK|Light Commercial Electric Vehicles\" \/>\n<meta property=\"og:description\" content=\"Built on a 3mm galvanized steel chassis for rust-proof durability. This 2+2 seater electric cart features a 3.5KW motor and &gt;80km range. Ideal for resorts and property management. High-temp ready options available. Inquire for FCL Factory Price.\" \/>\n<meta property=\"og:url\" content=\"https:\/\/orvikpower.com\/hu\/term\u00e9k\/orvik-22-seater-electric-golf-cart-resort-villa-factory-direct-fcl\" \/>\n<meta property=\"og:site_name\" content=\"ORVIK|Light Commercial Electric Vehicles\" \/>\n<meta property=\"og:image\" content=\"https:\/\/orvikpower.com\/wp-content\/uploads\/2026\/01\/ORVIK-22-Seater-Electric-Golf-Cart-Resort-Villa-Factory-Direct-FCL.jpeg\" \/>\n\t<meta property=\"og:image:width\" content=\"1200\" \/>\n\t<meta property=\"og:image:height\" content=\"1200\" \/>\n\t<meta property=\"og:image:type\" content=\"image\/jpeg\" \/>\n<meta name=\"twitter:card\" content=\"summary_large_image\" \/>\n<meta name=\"twitter:label1\" content=\"Becs\u00fclt olvas\u00e1si id\u0151\" \/>\n\t<meta name=\"twitter:data1\" content=\"1 perc\" \/>\n<script type=\"application\/ld+json\" class=\"yoast-schema-graph\">{\"@context\":\"https:\/\/schema.org\",\"@graph\":[{\"@type\":\"WebPage\",\"@id\":\"https:\/\/orvikpower.com\/product\/orvik-22-seater-electric-golf-cart-resort-villa-factory-direct-fcl\",\"url\":\"https:\/\/orvikpower.com\/product\/orvik-22-seater-electric-golf-cart-resort-villa-factory-direct-fcl\",\"name\":\"ORVIK 2+2 Seater Electric Golf Cart | Resort & Villa | Factory Direct FCL | ORVIK|Light Commercial Electric Vehicles\",\"isPartOf\":{\"@id\":\"https:\/\/orvikpower.com\/#website\"},\"primaryImageOfPage\":{\"@id\":\"https:\/\/orvikpower.com\/product\/orvik-22-seater-electric-golf-cart-resort-villa-factory-direct-fcl#primaryimage\"},\"image\":{\"@id\":\"https:\/\/orvikpower.com\/product\/orvik-22-seater-electric-golf-cart-resort-villa-factory-direct-fcl#primaryimage\"},\"thumbnailUrl\":\"https:\/\/orvikpower.com\/wp-content\/uploads\/2026\/01\/ORVIK-22-Seater-Electric-Golf-Cart-Resort-Villa-Factory-Direct-FCL.jpeg\",\"datePublished\":\"2026-01-21T15:55:00+00:00\",\"breadcrumb\":{\"@id\":\"https:\/\/orvikpower.com\/product\/orvik-22-seater-electric-golf-cart-resort-villa-factory-direct-fcl#breadcrumb\"},\"inLanguage\":\"hu\",\"potentialAction\":[{\"@type\":\"ReadAction\",\"target\":[\"https:\/\/orvikpower.com\/product\/orvik-22-seater-electric-golf-cart-resort-villa-factory-direct-fcl\"]}]},{\"@type\":\"ImageObject\",\"inLanguage\":\"hu\",\"@id\":\"https:\/\/orvikpower.com\/product\/orvik-22-seater-electric-golf-cart-resort-villa-factory-direct-fcl#primaryimage\",\"url\":\"https:\/\/orvikpower.com\/wp-content\/uploads\/2026\/01\/ORVIK-22-Seater-Electric-Golf-Cart-Resort-Villa-Factory-Direct-FCL.jpeg\",\"contentUrl\":\"https:\/\/orvikpower.com\/wp-content\/uploads\/2026\/01\/ORVIK-22-Seater-Electric-Golf-Cart-Resort-Villa-Factory-Direct-FCL.jpeg\",\"width\":1200,\"height\":1200},{\"@type\":\"BreadcrumbList\",\"@id\":\"https:\/\/orvikpower.com\/product\/orvik-22-seater-electric-golf-cart-resort-villa-factory-direct-fcl#breadcrumb\",\"itemListElement\":[{\"@type\":\"ListItem\",\"position\":1,\"name\":\"Home\",\"item\":\"https:\/\/orvikpower.com\/\"},{\"@type\":\"ListItem\",\"position\":2,\"name\":\"SHOP\",\"item\":\"https:\/\/orvikpower.com\/shop\"},{\"@type\":\"ListItem\",\"position\":3,\"name\":\"ORVIK 2+2 Seater Electric Golf Cart | Resort &#038; Villa | Factory Direct FCL\"}]},{\"@type\":\"WebSite\",\"@id\":\"https:\/\/orvikpower.com\/#website\",\"url\":\"https:\/\/orvikpower.com\/\",\"name\":\"ORVIK | Light Commercial Electric Vehicles\",\"description\":\"Premier Manufacturer of Off-road Electric Utility Vehicles, Pickups &amp; Mini Trucks. High-Temp &amp; Arctic Ready designs for farms &amp; mines. Save costs with Factory-Direct FCL. Make work flow. Get a Quote.\",\"publisher\":{\"@id\":\"https:\/\/orvikpower.com\/#organization\"},\"potentialAction\":[{\"@type\":\"SearchAction\",\"target\":{\"@type\":\"EntryPoint\",\"urlTemplate\":\"https:\/\/orvikpower.com\/?s={search_term_string}\"},\"query-input\":{\"@type\":\"PropertyValueSpecification\",\"valueRequired\":true,\"valueName\":\"search_term_string\"}}],\"inLanguage\":\"hu\"},{\"@type\":\"Organization\",\"@id\":\"https:\/\/orvikpower.com\/#organization\",\"name\":\"ORVIK | Light Commercial Electric Vehicles\",\"url\":\"https:\/\/orvikpower.com\/\",\"logo\":{\"@type\":\"ImageObject\",\"inLanguage\":\"hu\",\"@id\":\"https:\/\/orvikpower.com\/#\/schema\/logo\/image\/\",\"url\":\"https:\/\/orvikpower.com\/wp-content\/uploads\/2026\/01\/cropped-logo-h-main-small.png\",\"contentUrl\":\"https:\/\/orvikpower.com\/wp-content\/uploads\/2026\/01\/cropped-logo-h-main-small.png\",\"width\":512,\"height\":512,\"caption\":\"ORVIK | Light Commercial Electric Vehicles\"},\"image\":{\"@id\":\"https:\/\/orvikpower.com\/#\/schema\/logo\/image\/\"},\"sameAs\":[\"https:\/\/www.youtube.com\/@ORVIKOrvikPower\",\"https:\/\/www.pinterest.com\/OrvikPower\/\"]}]}<\/script>\n<!-- \/ Yoast SEO plugin. -->","yoast_head_json":{"title":"ORVIK 2+2 \u00fcl\u00e9ses elektromos golfkocsi | Resort &amp; Villa | Factory Direct FCL | ORVIK|K\u00f6nny\u0171 haszong\u00e9pj\u00e1rm\u0171vek elektromos j\u00e1rm\u0171vek","robots":{"index":"index","follow":"follow","max-snippet":"max-snippet:-1","max-image-preview":"max-image-preview:large","max-video-preview":"max-video-preview:-1"},"canonical":"https:\/\/orvikpower.com\/hu\/term\u00e9k\/orvik-22-seater-electric-golf-cart-resort-villa-factory-direct-fcl","og_locale":"hu_HU","og_type":"article","og_title":"ORVIK 2+2 Seater Electric Golf Cart | Resort & Villa | Factory Direct FCL | ORVIK|Light Commercial Electric Vehicles","og_description":"Built on a 3mm galvanized steel chassis for rust-proof durability. This 2+2 seater electric cart features a 3.5KW motor and &gt;80km range. Ideal for resorts and property management. High-temp ready options available. Inquire for FCL Factory Price.","og_url":"https:\/\/orvikpower.com\/hu\/term\u00e9k\/orvik-22-seater-electric-golf-cart-resort-villa-factory-direct-fcl","og_site_name":"ORVIK|Light Commercial Electric Vehicles","og_image":[{"width":1200,"height":1200,"url":"https:\/\/orvikpower.com\/wp-content\/uploads\/2026\/01\/ORVIK-22-Seater-Electric-Golf-Cart-Resort-Villa-Factory-Direct-FCL.jpeg","type":"image\/jpeg"}],"twitter_card":"summary_large_image","twitter_misc":{"Becs\u00fclt olvas\u00e1si id\u0151":"1 perc"},"schema":{"@context":"https:\/\/schema.org","@graph":[{"@type":"WebPage","@id":"https:\/\/orvikpower.com\/product\/orvik-22-seater-electric-golf-cart-resort-villa-factory-direct-fcl","url":"https:\/\/orvikpower.com\/product\/orvik-22-seater-electric-golf-cart-resort-villa-factory-direct-fcl","name":"ORVIK 2+2 \u00fcl\u00e9ses elektromos golfkocsi | Resort &amp; Villa | Factory Direct FCL | ORVIK|K\u00f6nny\u0171 haszong\u00e9pj\u00e1rm\u0171vek elektromos j\u00e1rm\u0171vek","isPartOf":{"@id":"https:\/\/orvikpower.com\/#website"},"primaryImageOfPage":{"@id":"https:\/\/orvikpower.com\/product\/orvik-22-seater-electric-golf-cart-resort-villa-factory-direct-fcl#primaryimage"},"image":{"@id":"https:\/\/orvikpower.com\/product\/orvik-22-seater-electric-golf-cart-resort-villa-factory-direct-fcl#primaryimage"},"thumbnailUrl":"https:\/\/orvikpower.com\/wp-content\/uploads\/2026\/01\/ORVIK-22-Seater-Electric-Golf-Cart-Resort-Villa-Factory-Direct-FCL.jpeg","datePublished":"2026-01-21T15:55:00+00:00","breadcrumb":{"@id":"https:\/\/orvikpower.com\/product\/orvik-22-seater-electric-golf-cart-resort-villa-factory-direct-fcl#breadcrumb"},"inLanguage":"hu","potentialAction":[{"@type":"ReadAction","target":["https:\/\/orvikpower.com\/product\/orvik-22-seater-electric-golf-cart-resort-villa-factory-direct-fcl"]}]},{"@type":"ImageObject","inLanguage":"hu","@id":"https:\/\/orvikpower.com\/product\/orvik-22-seater-electric-golf-cart-resort-villa-factory-direct-fcl#primaryimage","url":"https:\/\/orvikpower.com\/wp-content\/uploads\/2026\/01\/ORVIK-22-Seater-Electric-Golf-Cart-Resort-Villa-Factory-Direct-FCL.jpeg","contentUrl":"https:\/\/orvikpower.com\/wp-content\/uploads\/2026\/01\/ORVIK-22-Seater-Electric-Golf-Cart-Resort-Villa-Factory-Direct-FCL.jpeg","width":1200,"height":1200},{"@type":"BreadcrumbList","@id":"https:\/\/orvikpower.com\/product\/orvik-22-seater-electric-golf-cart-resort-villa-factory-direct-fcl#breadcrumb","itemListElement":[{"@type":"ListItem","position":1,"name":"Home","item":"https:\/\/orvikpower.com\/"},{"@type":"ListItem","position":2,"name":"SHOP","item":"https:\/\/orvikpower.com\/shop"},{"@type":"ListItem","position":3,"name":"ORVIK 2+2 Seater Electric Golf Cart | Resort &#038; Villa | Factory Direct FCL"}]},{"@type":"WebSite","@id":"https:\/\/orvikpower.com\/#website","url":"https:\/\/orvikpower.com\/","name":"ORVIK | K\u00f6nny\u0171 haszong\u00e9pj\u00e1rm\u0171vek","description":"A terepj\u00e1r\u00f3 elektromos haszonj\u00e1rm\u0171vek, pickupok \u00e9s mini teheraut\u00f3k els\u0151sz\u00e1m\u00fa gy\u00e1rt\u00f3ja. High-Temp &amp; Arctic Ready kivitelek farmok \u00e9s b\u00e1ny\u00e1k sz\u00e1m\u00e1ra. K\u00f6lts\u00e9gmegtakar\u00edt\u00e1s a Factory-Direct FCL seg\u00edts\u00e9g\u00e9vel. Tegye a munkafolyamatot. K\u00e9rjen \u00e1raj\u00e1nlatot.","publisher":{"@id":"https:\/\/orvikpower.com\/#organization"},"potentialAction":[{"@type":"SearchAction","target":{"@type":"EntryPoint","urlTemplate":"https:\/\/orvikpower.com\/?s={search_term_string}"},"query-input":{"@type":"PropertyValueSpecification","valueRequired":true,"valueName":"search_term_string"}}],"inLanguage":"hu"},{"@type":"Organization","@id":"https:\/\/orvikpower.com\/#organization","name":"ORVIK | K\u00f6nny\u0171 haszong\u00e9pj\u00e1rm\u0171vek","url":"https:\/\/orvikpower.com\/","logo":{"@type":"ImageObject","inLanguage":"hu","@id":"https:\/\/orvikpower.com\/#\/schema\/logo\/image\/","url":"https:\/\/orvikpower.com\/wp-content\/uploads\/2026\/01\/cropped-logo-h-main-small.png","contentUrl":"https:\/\/orvikpower.com\/wp-content\/uploads\/2026\/01\/cropped-logo-h-main-small.png","width":512,"height":512,"caption":"ORVIK | Light Commercial Electric Vehicles"},"image":{"@id":"https:\/\/orvikpower.com\/#\/schema\/logo\/image\/"},"sameAs":["https:\/\/www.youtube.com\/@ORVIKOrvikPower","https:\/\/www.pinterest.com\/OrvikPower\/"]}]}},"_links":{"self":[{"href":"https:\/\/orvikpower.com\/hu\/wp-json\/wp\/v2\/product\/19122","targetHints":{"allow":["GET"]}}],"collection":[{"href":"https:\/\/orvikpower.com\/hu\/wp-json\/wp\/v2\/product"}],"about":[{"href":"https:\/\/orvikpower.com\/hu\/wp-json\/wp\/v2\/types\/product"}],"replies":[{"embeddable":true,"href":"https:\/\/orvikpower.com\/hu\/wp-json\/wp\/v2\/comments?post=19122"}],"wp:featuredmedia":[{"embeddable":true,"href":"https:\/\/orvikpower.com\/hu\/wp-json\/wp\/v2\/media\/19134"}],"wp:attachment":[{"href":"https:\/\/orvikpower.com\/hu\/wp-json\/wp\/v2\/media?parent=19122"}],"wp:term":[{"taxonomy":"product_brand","embeddable":true,"href":"https:\/\/orvikpower.com\/hu\/wp-json\/wp\/v2\/product_brand?post=19122"},{"taxonomy":"product_cat","embeddable":true,"href":"https:\/\/orvikpower.com\/hu\/wp-json\/wp\/v2\/product_cat?post=19122"},{"taxonomy":"product_tag","embeddable":true,"href":"https:\/\/orvikpower.com\/hu\/wp-json\/wp\/v2\/product_tag?post=19122"}],"curies":[{"name":"wp","href":"https:\/\/api.w.org\/{rel}","templated":true}]}}