{"id":19175,"date":"2026-01-22T07:38:03","date_gmt":"2026-01-22T07:38:03","guid":{"rendered":"https:\/\/orvikpower.com\/?post_type=product&#038;p=19175"},"modified":"2026-01-22T07:38:03","modified_gmt":"2026-01-22T07:38:03","slug":"gs6-6-seater-electric-golf-cart-resort-shuttle-factory-direct-wholesale-orvik","status":"publish","type":"product","link":"https:\/\/orvikpower.com\/hu\/term%c3%a9k\/gs6-6-seater-electric-golf-cart-resort-shuttle-factory-direct-wholesale-orvik","title":{"rendered":"GS6 6 \u00fcl\u00e9ses elektromos golfkocsi \/ Resort Shuttle | Gy\u00e1ri k\u00f6zvetlen nagykereskedelem - ORVIK"},"content":{"rendered":"<p dir=\"auto\">A <strong>ORVIK GS6 (A t\u00edpus)<\/strong> nem csup\u00e1n egy szem\u00e9lysz\u00e1ll\u00edt\u00f3 j\u00e1rm\u0171; ez egy olyan c\u00e9lzott mobilit\u00e1si megold\u00e1s, amelyet a z\u00e1rtk\u00f6r\u0171 k\u00f6rnyezetben t\u00f6rt\u00e9n\u0151 szem\u00e9lysz\u00e1ll\u00edt\u00e1s racionaliz\u00e1l\u00e1s\u00e1ra terveztek. A tart\u00f3ss\u00e1gra tervezett, 6 \u00fcl\u00e9ses j\u00e1rm\u0171 a k\u00f6vetkez\u0151kkel rendelkezik <strong>3 mm vastag horganyzott ac\u00e9l v\u00e1z<\/strong> (Jellemz\u0151), amely kiv\u00e1l\u00f3 rozsdav\u00e9delmet biztos\u00edt a nedves vagy tengerparti \u00fcd\u00fcl\u0151helyi k\u00f6rnyezetben (El\u0151ny), jelent\u0151sen meghosszabb\u00edtja a j\u00e1rm\u0171 \u00e9lettartam\u00e1t \u00e9s v\u00e9di az \u00d6n eszk\u00f6z\u00e9rt\u00e9k\u00e9t (El\u0151ny).<\/p>\n<div class=\"my-2\"><\/div>\n<p dir=\"auto\">Er\u0151s, robusztus <strong>5KW AC motor<\/strong> \u00e9s egy intelligens Hercules vez\u00e9rl\u0151vel a GS6 megb\u00edzhat\u00f3 nyomat\u00e9kot biztos\u00edt ak\u00e1r 20%-es meredeks\u00e9ghez is. A k\u00fcl\u00f6nf\u00e9le \u00fczemeltet\u00e9si ig\u00e9nyek kiel\u00e9g\u00edt\u00e9s\u00e9re testreszabhat\u00f3 teljes\u00edtm\u00e9nykonfigur\u00e1ci\u00f3kat k\u00edn\u00e1lunk, \u00e9s v\u00e1laszt\u00e1si lehet\u0151s\u00e9get a k\u00f6lts\u00e9ghat\u00e9kony \u00f3lom-sav akkumul\u00e1torok vagy a nagy ciklus\u00fa LiFePO4 l\u00edtium akkumul\u00e1torok k\u00f6z\u00f6tt. Ak\u00e1r egy kiterjedt \u00fcd\u00fcl\u0151k\u00f6zpontot, ak\u00e1r egy nagy ipari kampuszt kezel, a GS6-ot \u00fagy tervezt\u00e9k, hogy <strong>hogy a munka foly\u00e9konyan folyjon<\/strong>.<\/p>\n<div class=\"my-2\"><\/div>\n<p dir=\"auto\"><em>Megjegyz\u00e9s: Ez a j\u00e1rm\u0171 szigor\u00faan csak terepj\u00e1r\u00f3 \/ mag\u00e1nter\u00fclet haszn\u00e1lat\u00e1ra alkalmas.<\/em><\/p>\n<p dir=\"auto\">\n<table class=\"table table-striped-white table-bordered\" data-anchor-id=\"t66c\">\n<thead>\n<tr>\n<th>Specifik\u00e1ci\u00f3 t\u00e9tel<\/th>\n<th>R\u00e9szletek<\/th>\n<\/tr>\n<\/thead>\n<tbody>\n<tr>\n<td><strong>Modell k\u00f3d<\/strong><\/td>\n<td>ORVIK GS6 (A t\u00edpus)<\/td>\n<\/tr>\n<tr>\n<td><strong>M\u00e9retek (L*S*H)<\/strong><\/td>\n<td>3900 x 1200 x 1950 mm<\/td>\n<\/tr>\n<tr>\n<td><strong>Motoros rendszer<\/strong><\/td>\n<td>5KW AC motor (testreszabhat\u00f3)<\/td>\n<\/tr>\n<tr>\n<td><strong>Akkumul\u00e1tor konfigur\u00e1ci\u00f3<\/strong><\/td>\n<td>72V 100AH \u00f3lom-sav (LiFePO4 opcion\u00e1lis)<\/td>\n<\/tr>\n<tr>\n<td><strong>Maxim\u00e1lis tartom\u00e1ny<\/strong><\/td>\n<td>\n<blockquote class=\"white-blockquote\"><p>70 km (terhel\u00e9ssel)<\/p><\/blockquote>\n<\/td>\n<\/tr>\n<tr>\n<td><strong>Maxim\u00e1lis sebess\u00e9g<\/strong><\/td>\n<td>30 km\/h (\u00e1ll\u00edthat\u00f3)<\/td>\n<\/tr>\n<tr>\n<td><strong>Terhelhet\u0151s\u00e9g<\/strong><\/td>\n<td>6 utas \/ Kb. 480kg<\/td>\n<\/tr>\n<tr>\n<td><strong>Alv\u00e1z anyaga<\/strong><\/td>\n<td>Horganyzott ac\u00e9l (3mm vastags\u00e1g)<\/td>\n<\/tr>\n<tr>\n<td><strong>Test anyaga<\/strong><\/td>\n<td>M\u00e9rn\u00f6ki PP Kem\u00e9ny m\u0171anyag<\/td>\n<\/tr>\n<tr>\n<td><strong>F\u00e9krendszer<\/strong><\/td>\n<td>4-ker\u00e9k hidraulikus dob\/t\u00e1rcsa*<\/td>\n<\/tr>\n<tr>\n<td><strong>Felf\u00fcggeszt\u00e9s<\/strong><\/td>\n<td>El\u00f6l: H\u00e1tul: F\u00e9lig lebeg\u0151 \/ H\u00e1tul: F\u00e9lig lebeg\u0151 \/ H\u00e1tul: F\u00e9lig lebeg\u0151: Leng\u0151rug\u00f3 + leng\u00e9scsillap\u00edt\u00f3<\/td>\n<\/tr>\n<tr>\n<td><strong>F\u00f6ldt\u00e1vols\u00e1g<\/strong><\/td>\n<td>200 mm<\/td>\n<\/tr>\n<tr>\n<td><strong>Rakod\u00e1si mennyis\u00e9g (40HQ)<\/strong><\/td>\n<td>Kapcsolat az SKD\/CBU rakod\u00e1si tervhez<\/td>\n<\/tr>\n<\/tbody>\n<\/table>\n<p dir=\"auto\">","protected":false},"excerpt":{"rendered":"<p dir=\"auto\">Robusztus 6 \u00fcl\u00e9ses elektromos kocsi 5KW v\u00e1lt\u00f3\u00e1ram\u00fa motorral \u00e9s 3 mm-es horganyzott alv\u00e1zzal. \u00dcd\u00fcl\u0151helyekre \u00e9s kampuszokra tervezt\u00e9k. Alacsony karbantart\u00e1si ig\u00e9ny, magas megt\u00e9r\u00fcl\u00e9s. \u00c9rdekl\u0151dj\u00f6n FCL gy\u00e1ri \u00e1r\u00e9rt.<\/p>\n<div class=\"my-2\"><\/div>\n<p dir=\"auto\">","protected":false},"featured_media":19186,"comment_status":"open","ping_status":"closed","template":"","meta":{"_eb_attr":""},"product_brand":[],"product_cat":[71,70,73],"product_tag":[89,141,143,140,88,138],"class_list":{"0":"post-19175","1":"product","2":"type-product","3":"status-publish","4":"has-post-thumbnail","6":"product_cat-electric-golf-carts","7":"product_cat-lsev-passenger-mobility","8":"product_cat-sightseeing-shuttle-buses","9":"product_tag-campus","10":"product_tag-golf-course","11":"product_tag-hotel","12":"product_tag-real-estate","13":"product_tag-resort","14":"product_tag-villa","16":"first","17":"instock","18":"shipping-taxable","19":"product-type-simple"},"yoast_head":"<!-- This site is optimized with the Yoast SEO plugin v26.9 - https:\/\/yoast.com\/product\/yoast-seo-wordpress\/ -->\n<title>GS6 6-Seater Electric Golf Cart \/ Resort Shuttle | Factory Direct Wholesale - ORVIK | ORVIK|Light Commercial Electric Vehicles<\/title>\n<meta name=\"robots\" content=\"index, follow, max-snippet:-1, max-image-preview:large, max-video-preview:-1\" \/>\n<link rel=\"canonical\" href=\"https:\/\/orvikpower.com\/hu\/term\u00e9k\/gs6-6-seater-electric-golf-cart-resort-shuttle-factory-direct-wholesale-orvik\" \/>\n<meta property=\"og:locale\" content=\"hu_HU\" \/>\n<meta property=\"og:type\" content=\"article\" \/>\n<meta property=\"og:title\" content=\"GS6 6-Seater Electric Golf Cart \/ Resort Shuttle | Factory Direct Wholesale - ORVIK | ORVIK|Light Commercial Electric Vehicles\" \/>\n<meta property=\"og:description\" content=\"Robust 6-seater electric cart with 5KW AC motor and 3mm galvanized chassis. Built for resorts and campuses. Low maintenance, high ROI. Inquire for FCL factory price.\" \/>\n<meta property=\"og:url\" content=\"https:\/\/orvikpower.com\/hu\/term\u00e9k\/gs6-6-seater-electric-golf-cart-resort-shuttle-factory-direct-wholesale-orvik\" \/>\n<meta property=\"og:site_name\" content=\"ORVIK|Light Commercial Electric Vehicles\" \/>\n<meta property=\"og:image\" content=\"https:\/\/orvikpower.com\/wp-content\/uploads\/2026\/01\/6-Seater-Electric-Golf-Cart-Resort-Shuttle-Factory-Direct-Wholesale-ORVIK.jpg\" \/>\n\t<meta property=\"og:image:width\" content=\"1650\" \/>\n\t<meta property=\"og:image:height\" content=\"1261\" \/>\n\t<meta property=\"og:image:type\" content=\"image\/jpeg\" \/>\n<meta name=\"twitter:card\" content=\"summary_large_image\" \/>\n<meta name=\"twitter:label1\" content=\"Becs\u00fclt olvas\u00e1si id\u0151\" \/>\n\t<meta name=\"twitter:data1\" content=\"1 perc\" \/>\n<script type=\"application\/ld+json\" class=\"yoast-schema-graph\">{\"@context\":\"https:\/\/schema.org\",\"@graph\":[{\"@type\":\"WebPage\",\"@id\":\"https:\/\/orvikpower.com\/product\/gs6-6-seater-electric-golf-cart-resort-shuttle-factory-direct-wholesale-orvik\",\"url\":\"https:\/\/orvikpower.com\/product\/gs6-6-seater-electric-golf-cart-resort-shuttle-factory-direct-wholesale-orvik\",\"name\":\"GS6 6-Seater Electric Golf Cart \/ Resort Shuttle | Factory Direct Wholesale - ORVIK | ORVIK|Light Commercial Electric Vehicles\",\"isPartOf\":{\"@id\":\"https:\/\/orvikpower.com\/#website\"},\"primaryImageOfPage\":{\"@id\":\"https:\/\/orvikpower.com\/product\/gs6-6-seater-electric-golf-cart-resort-shuttle-factory-direct-wholesale-orvik#primaryimage\"},\"image\":{\"@id\":\"https:\/\/orvikpower.com\/product\/gs6-6-seater-electric-golf-cart-resort-shuttle-factory-direct-wholesale-orvik#primaryimage\"},\"thumbnailUrl\":\"https:\/\/orvikpower.com\/wp-content\/uploads\/2026\/01\/6-Seater-Electric-Golf-Cart-Resort-Shuttle-Factory-Direct-Wholesale-ORVIK.jpg\",\"datePublished\":\"2026-01-22T07:38:03+00:00\",\"breadcrumb\":{\"@id\":\"https:\/\/orvikpower.com\/product\/gs6-6-seater-electric-golf-cart-resort-shuttle-factory-direct-wholesale-orvik#breadcrumb\"},\"inLanguage\":\"hu\",\"potentialAction\":[{\"@type\":\"ReadAction\",\"target\":[\"https:\/\/orvikpower.com\/product\/gs6-6-seater-electric-golf-cart-resort-shuttle-factory-direct-wholesale-orvik\"]}]},{\"@type\":\"ImageObject\",\"inLanguage\":\"hu\",\"@id\":\"https:\/\/orvikpower.com\/product\/gs6-6-seater-electric-golf-cart-resort-shuttle-factory-direct-wholesale-orvik#primaryimage\",\"url\":\"https:\/\/orvikpower.com\/wp-content\/uploads\/2026\/01\/6-Seater-Electric-Golf-Cart-Resort-Shuttle-Factory-Direct-Wholesale-ORVIK.jpg\",\"contentUrl\":\"https:\/\/orvikpower.com\/wp-content\/uploads\/2026\/01\/6-Seater-Electric-Golf-Cart-Resort-Shuttle-Factory-Direct-Wholesale-ORVIK.jpg\",\"width\":1650,\"height\":1261,\"caption\":\"Robust 6-seater electric cart with 5KW AC motor and 3mm galvanized chassis. Built for resorts and campuses. Low maintenance, high ROI. Inquire for FCL factory price.\"},{\"@type\":\"BreadcrumbList\",\"@id\":\"https:\/\/orvikpower.com\/product\/gs6-6-seater-electric-golf-cart-resort-shuttle-factory-direct-wholesale-orvik#breadcrumb\",\"itemListElement\":[{\"@type\":\"ListItem\",\"position\":1,\"name\":\"Home\",\"item\":\"https:\/\/orvikpower.com\/\"},{\"@type\":\"ListItem\",\"position\":2,\"name\":\"SHOP\",\"item\":\"https:\/\/orvikpower.com\/shop\"},{\"@type\":\"ListItem\",\"position\":3,\"name\":\"GS6 6-Seater Electric Golf Cart \/ Resort Shuttle | Factory Direct Wholesale &#8211; ORVIK\"}]},{\"@type\":\"WebSite\",\"@id\":\"https:\/\/orvikpower.com\/#website\",\"url\":\"https:\/\/orvikpower.com\/\",\"name\":\"ORVIK | Light Commercial Electric Vehicles\",\"description\":\"Premier Manufacturer of Off-road Electric Utility Vehicles, Pickups &amp; Mini Trucks. High-Temp &amp; Arctic Ready designs for farms &amp; mines. Save costs with Factory-Direct FCL. Make work flow. Get a Quote.\",\"publisher\":{\"@id\":\"https:\/\/orvikpower.com\/#organization\"},\"potentialAction\":[{\"@type\":\"SearchAction\",\"target\":{\"@type\":\"EntryPoint\",\"urlTemplate\":\"https:\/\/orvikpower.com\/?s={search_term_string}\"},\"query-input\":{\"@type\":\"PropertyValueSpecification\",\"valueRequired\":true,\"valueName\":\"search_term_string\"}}],\"inLanguage\":\"hu\"},{\"@type\":\"Organization\",\"@id\":\"https:\/\/orvikpower.com\/#organization\",\"name\":\"ORVIK | Light Commercial Electric Vehicles\",\"url\":\"https:\/\/orvikpower.com\/\",\"logo\":{\"@type\":\"ImageObject\",\"inLanguage\":\"hu\",\"@id\":\"https:\/\/orvikpower.com\/#\/schema\/logo\/image\/\",\"url\":\"https:\/\/orvikpower.com\/wp-content\/uploads\/2026\/01\/cropped-logo-h-main-small.png\",\"contentUrl\":\"https:\/\/orvikpower.com\/wp-content\/uploads\/2026\/01\/cropped-logo-h-main-small.png\",\"width\":512,\"height\":512,\"caption\":\"ORVIK | Light Commercial Electric Vehicles\"},\"image\":{\"@id\":\"https:\/\/orvikpower.com\/#\/schema\/logo\/image\/\"},\"sameAs\":[\"https:\/\/www.youtube.com\/@ORVIKOrvikPower\",\"https:\/\/www.pinterest.com\/OrvikPower\/\"]}]}<\/script>\n<!-- \/ Yoast SEO plugin. -->","yoast_head_json":{"title":"GS6 6 \u00fcl\u00e9ses elektromos golfkocsi \/ Resort Shuttle | Gy\u00e1ri k\u00f6zvetlen nagykereskedelem - ORVIK | ORVIK | ORVIK | K\u00f6nny\u0171 haszong\u00e9pj\u00e1rm\u0171vek elektromos j\u00e1rm\u0171vek","robots":{"index":"index","follow":"follow","max-snippet":"max-snippet:-1","max-image-preview":"max-image-preview:large","max-video-preview":"max-video-preview:-1"},"canonical":"https:\/\/orvikpower.com\/hu\/term\u00e9k\/gs6-6-seater-electric-golf-cart-resort-shuttle-factory-direct-wholesale-orvik","og_locale":"hu_HU","og_type":"article","og_title":"GS6 6-Seater Electric Golf Cart \/ Resort Shuttle | Factory Direct Wholesale - ORVIK | ORVIK|Light Commercial Electric Vehicles","og_description":"Robust 6-seater electric cart with 5KW AC motor and 3mm galvanized chassis. Built for resorts and campuses. Low maintenance, high ROI. Inquire for FCL factory price.","og_url":"https:\/\/orvikpower.com\/hu\/term\u00e9k\/gs6-6-seater-electric-golf-cart-resort-shuttle-factory-direct-wholesale-orvik","og_site_name":"ORVIK|Light Commercial Electric Vehicles","og_image":[{"width":1650,"height":1261,"url":"https:\/\/orvikpower.com\/wp-content\/uploads\/2026\/01\/6-Seater-Electric-Golf-Cart-Resort-Shuttle-Factory-Direct-Wholesale-ORVIK.jpg","type":"image\/jpeg"}],"twitter_card":"summary_large_image","twitter_misc":{"Becs\u00fclt olvas\u00e1si id\u0151":"1 perc"},"schema":{"@context":"https:\/\/schema.org","@graph":[{"@type":"WebPage","@id":"https:\/\/orvikpower.com\/product\/gs6-6-seater-electric-golf-cart-resort-shuttle-factory-direct-wholesale-orvik","url":"https:\/\/orvikpower.com\/product\/gs6-6-seater-electric-golf-cart-resort-shuttle-factory-direct-wholesale-orvik","name":"GS6 6 \u00fcl\u00e9ses elektromos golfkocsi \/ Resort Shuttle | Gy\u00e1ri k\u00f6zvetlen nagykereskedelem - ORVIK | ORVIK | ORVIK | K\u00f6nny\u0171 haszong\u00e9pj\u00e1rm\u0171vek elektromos j\u00e1rm\u0171vek","isPartOf":{"@id":"https:\/\/orvikpower.com\/#website"},"primaryImageOfPage":{"@id":"https:\/\/orvikpower.com\/product\/gs6-6-seater-electric-golf-cart-resort-shuttle-factory-direct-wholesale-orvik#primaryimage"},"image":{"@id":"https:\/\/orvikpower.com\/product\/gs6-6-seater-electric-golf-cart-resort-shuttle-factory-direct-wholesale-orvik#primaryimage"},"thumbnailUrl":"https:\/\/orvikpower.com\/wp-content\/uploads\/2026\/01\/6-Seater-Electric-Golf-Cart-Resort-Shuttle-Factory-Direct-Wholesale-ORVIK.jpg","datePublished":"2026-01-22T07:38:03+00:00","breadcrumb":{"@id":"https:\/\/orvikpower.com\/product\/gs6-6-seater-electric-golf-cart-resort-shuttle-factory-direct-wholesale-orvik#breadcrumb"},"inLanguage":"hu","potentialAction":[{"@type":"ReadAction","target":["https:\/\/orvikpower.com\/product\/gs6-6-seater-electric-golf-cart-resort-shuttle-factory-direct-wholesale-orvik"]}]},{"@type":"ImageObject","inLanguage":"hu","@id":"https:\/\/orvikpower.com\/product\/gs6-6-seater-electric-golf-cart-resort-shuttle-factory-direct-wholesale-orvik#primaryimage","url":"https:\/\/orvikpower.com\/wp-content\/uploads\/2026\/01\/6-Seater-Electric-Golf-Cart-Resort-Shuttle-Factory-Direct-Wholesale-ORVIK.jpg","contentUrl":"https:\/\/orvikpower.com\/wp-content\/uploads\/2026\/01\/6-Seater-Electric-Golf-Cart-Resort-Shuttle-Factory-Direct-Wholesale-ORVIK.jpg","width":1650,"height":1261,"caption":"Robust 6-seater electric cart with 5KW AC motor and 3mm galvanized chassis. Built for resorts and campuses. Low maintenance, high ROI. Inquire for FCL factory price."},{"@type":"BreadcrumbList","@id":"https:\/\/orvikpower.com\/product\/gs6-6-seater-electric-golf-cart-resort-shuttle-factory-direct-wholesale-orvik#breadcrumb","itemListElement":[{"@type":"ListItem","position":1,"name":"Home","item":"https:\/\/orvikpower.com\/"},{"@type":"ListItem","position":2,"name":"SHOP","item":"https:\/\/orvikpower.com\/shop"},{"@type":"ListItem","position":3,"name":"GS6 6-Seater Electric Golf Cart \/ Resort Shuttle | Factory Direct Wholesale &#8211; ORVIK"}]},{"@type":"WebSite","@id":"https:\/\/orvikpower.com\/#website","url":"https:\/\/orvikpower.com\/","name":"ORVIK | K\u00f6nny\u0171 haszong\u00e9pj\u00e1rm\u0171vek","description":"A terepj\u00e1r\u00f3 elektromos haszonj\u00e1rm\u0171vek, pickupok \u00e9s mini teheraut\u00f3k els\u0151sz\u00e1m\u00fa gy\u00e1rt\u00f3ja. High-Temp &amp; Arctic Ready kivitelek farmok \u00e9s b\u00e1ny\u00e1k sz\u00e1m\u00e1ra. K\u00f6lts\u00e9gmegtakar\u00edt\u00e1s a Factory-Direct FCL seg\u00edts\u00e9g\u00e9vel. Tegye a munkafolyamatot. K\u00e9rjen \u00e1raj\u00e1nlatot.","publisher":{"@id":"https:\/\/orvikpower.com\/#organization"},"potentialAction":[{"@type":"SearchAction","target":{"@type":"EntryPoint","urlTemplate":"https:\/\/orvikpower.com\/?s={search_term_string}"},"query-input":{"@type":"PropertyValueSpecification","valueRequired":true,"valueName":"search_term_string"}}],"inLanguage":"hu"},{"@type":"Organization","@id":"https:\/\/orvikpower.com\/#organization","name":"ORVIK | K\u00f6nny\u0171 haszong\u00e9pj\u00e1rm\u0171vek","url":"https:\/\/orvikpower.com\/","logo":{"@type":"ImageObject","inLanguage":"hu","@id":"https:\/\/orvikpower.com\/#\/schema\/logo\/image\/","url":"https:\/\/orvikpower.com\/wp-content\/uploads\/2026\/01\/cropped-logo-h-main-small.png","contentUrl":"https:\/\/orvikpower.com\/wp-content\/uploads\/2026\/01\/cropped-logo-h-main-small.png","width":512,"height":512,"caption":"ORVIK | Light Commercial Electric Vehicles"},"image":{"@id":"https:\/\/orvikpower.com\/#\/schema\/logo\/image\/"},"sameAs":["https:\/\/www.youtube.com\/@ORVIKOrvikPower","https:\/\/www.pinterest.com\/OrvikPower\/"]}]}},"_links":{"self":[{"href":"https:\/\/orvikpower.com\/hu\/wp-json\/wp\/v2\/product\/19175","targetHints":{"allow":["GET"]}}],"collection":[{"href":"https:\/\/orvikpower.com\/hu\/wp-json\/wp\/v2\/product"}],"about":[{"href":"https:\/\/orvikpower.com\/hu\/wp-json\/wp\/v2\/types\/product"}],"replies":[{"embeddable":true,"href":"https:\/\/orvikpower.com\/hu\/wp-json\/wp\/v2\/comments?post=19175"}],"wp:featuredmedia":[{"embeddable":true,"href":"https:\/\/orvikpower.com\/hu\/wp-json\/wp\/v2\/media\/19186"}],"wp:attachment":[{"href":"https:\/\/orvikpower.com\/hu\/wp-json\/wp\/v2\/media?parent=19175"}],"wp:term":[{"taxonomy":"product_brand","embeddable":true,"href":"https:\/\/orvikpower.com\/hu\/wp-json\/wp\/v2\/product_brand?post=19175"},{"taxonomy":"product_cat","embeddable":true,"href":"https:\/\/orvikpower.com\/hu\/wp-json\/wp\/v2\/product_cat?post=19175"},{"taxonomy":"product_tag","embeddable":true,"href":"https:\/\/orvikpower.com\/hu\/wp-json\/wp\/v2\/product_tag?post=19175"}],"curies":[{"name":"wp","href":"https:\/\/api.w.org\/{rel}","templated":true}]}}