{"id":19187,"date":"2026-01-22T07:46:09","date_gmt":"2026-01-22T07:46:09","guid":{"rendered":"https:\/\/orvikpower.com\/?post_type=product&#038;p=19187"},"modified":"2026-01-22T07:46:23","modified_gmt":"2026-01-22T07:46:23","slug":"ga8-type-8-passenger-electric-resort-shuttle-factory-direct-wholesale-fcl-orvik","status":"publish","type":"product","link":"https:\/\/orvikpower.com\/hu\/term%c3%a9k\/ga8-type-8-passenger-electric-resort-shuttle-factory-direct-wholesale-fcl-orvik","title":{"rendered":"GA8 t\u00edpus\u00fa 8 szem\u00e9lyes elektromos \u00fcd\u00fcl\u0151helyi transzfer | Gy\u00e1ri k\u00f6zvetlen nagykereskedelmi FCL - ORVIK"},"content":{"rendered":"<p dir=\"auto\">Az ORVIK GA8 (6+2 \u00fcl\u00e9ses) szem\u00e9lysz\u00e1ll\u00edt\u00f3t \u00fagy tervezt\u00e9k, hogy egyszer\u0171s\u00edtse a z\u00e1rt kampuszok szem\u00e9lysz\u00e1ll\u00edt\u00e1s\u00e1t. A szabv\u00e1nyos k\u00f6nny\u0171 teherkocsikkal ellent\u00e9tben a GA8 robusztus <strong>3 mm-es horganyzott ac\u00e9l v\u00e1z<\/strong> (Jellemz\u0151), kiv\u00e9teles rozsdav\u00e9delmet \u00e9s szerkezeti integrit\u00e1st biztos\u00edtva m\u00e9g a nedves tengerparti \u00fcd\u00fcl\u0151helyeken vagy a zord ipari parkokban is (El\u0151ny). Ez a nagy teherb\u00edr\u00e1s\u00fa konstrukci\u00f3 minimaliz\u00e1lja az alv\u00e1z korr\u00f3zi\u00f3j\u00e1nak kock\u00e1zat\u00e1t, jelent\u0151sen meghosszabb\u00edtva a j\u00e1rm\u0171 \u00e9lettartam\u00e1t \u00e9s cs\u00f6kkentve a flotta hossz\u00fa t\u00e1v\u00fa cserek\u00f6lts\u00e9geit (El\u0151ny).<\/p>\n<ul dir=\"auto\">\n<li class=\"text-start\"><strong>Energiarendszer<\/strong>: Szabv\u00e1nyos 5KW v\u00e1lt\u00f3\u00e1ram\u00fa motor a megb\u00edzhat\u00f3 nyomat\u00e9k\u00e9rt. <strong>Testreszabhat\u00f3 kimeneti teljes\u00edtm\u00e9ny<\/strong> \u00e1llnak rendelkez\u00e9sre, hogy megfeleljenek az \u00d6n terepi k\u00f6vetelm\u00e9nyeinek.<\/li>\n<li class=\"text-start\"><strong>Energiat\u00e1rol\u00e1s<\/strong>: 72 V-os \u00f3lom-sav akkumul\u00e1torokkal felszerelt. <strong>LiFePO4 L\u00edtium friss\u00edt\u00e9sek<\/strong> rendelkez\u00e9sre \u00e1llnak a nagyobb hat\u00f3t\u00e1vols\u00e1g \u00e9s a gyorsabb t\u00f6lt\u00e9si ciklusok \u00e9rdek\u00e9ben.<br \/>\n<strong>\u00dagy tervezt\u00fck, hogy a munkafolyamatokat megk\u00f6nny\u00edtse.<\/strong><\/li>\n<\/ul>\n<table class=\"table table-striped-white table-bordered\" data-anchor-id=\"tp5c\">\n<thead>\n<tr>\n<th>Jellemz\u0151<\/th>\n<th>M\u0171szaki adatok<\/th>\n<\/tr>\n<\/thead>\n<tbody>\n<tr>\n<td><strong>Modell<\/strong><\/td>\n<td>GA8 A t\u00edpus (6+2 \u00fcl\u00e9ses)<\/td>\n<\/tr>\n<tr>\n<td><strong>M\u00e9retek (L*S*H)<\/strong><\/td>\n<td>4400 * 1200 * 1950 mm<\/td>\n<\/tr>\n<tr>\n<td><strong>Motor teljes\u00edtm\u00e9ny<\/strong><\/td>\n<td>5KW AC (testreszabhat\u00f3)<\/td>\n<\/tr>\n<tr>\n<td><strong>Fesz\u00fclts\u00e9g<\/strong><\/td>\n<td>72V<\/td>\n<\/tr>\n<tr>\n<td><strong>Akkumul\u00e1tor t\u00edpusa<\/strong><\/td>\n<td>72V100Ah \u00f3lom-sav (LiFePO4 opcion\u00e1lis)<\/td>\n<\/tr>\n<tr>\n<td><strong>Maxim\u00e1lis tartom\u00e1ny<\/strong><\/td>\n<td>\n<blockquote class=\"white-blockquote\"><p>70 km (terhel\u00e9sf\u00fcgg\u0151)<\/p><\/blockquote>\n<\/td>\n<\/tr>\n<tr>\n<td><strong>Legnagyobb sebess\u00e9g<\/strong><\/td>\n<td>30 Km\/h (\u00e1ll\u00edthat\u00f3)<\/td>\n<\/tr>\n<tr>\n<td><strong>Terhelhet\u0151s\u00e9g<\/strong><\/td>\n<td>Kb. 640kg (8 utas)<\/td>\n<\/tr>\n<tr>\n<td><strong>Alv\u00e1z anyaga<\/strong><\/td>\n<td>3mm horganyzott ac\u00e9l (rozsdamentes)<\/td>\n<\/tr>\n<tr>\n<td><strong>F\u00e9krendszer<\/strong><\/td>\n<td>4-ker\u00e9k hidraulikus dob + k\u00e9zif\u00e9k<\/td>\n<\/tr>\n<tr>\n<td><strong>Gumiabroncsok<\/strong><\/td>\n<td>20\u00d710-12 (alum\u00ednium felni)<\/td>\n<\/tr>\n<tr>\n<td><strong>Rakod\u00e1si mennyis\u00e9g (40HQ)<\/strong><\/td>\n<td>Konzult\u00e1ljon az FCL \/ SKD csomagol\u00e1si tervhez<\/td>\n<\/tr>\n<\/tbody>\n<\/table>","protected":false},"excerpt":{"rendered":"<p>Nagy teherb\u00edr\u00e1s\u00fa, 8 \u00fcl\u00e9ses elektromos sikl\u00f3, 3 mm-es horganyzott alv\u00e1zzal \u00e9s magas h\u0151m\u00e9rs\u00e9klet\u0171 motorral. Ide\u00e1lis \u00fcd\u00fcl\u0151helyekre \u00e9s egyetemi kampuszokra. \u00c9rdekl\u0151dj\u00f6n az FCL-\u00e1rr\u00f3l. <a id=\"xk_Ob-_WtI\" role=\"button\" aria-haspopup=\"dialog\" aria-expanded=\"false\" data-state=\"closed\" aria-controls=\"z6ODuSOzHP\" data-melt-hover-card-trigger=\"\" data-link-preview-trigger=\"\"><\/a><button class=\"text-[10px] w-fit translate-y-[2px] px-2 py-0.5 dark:bg-white\/5 dark:text-white\/80 dark:hover:text-white bg-gray-50 text-black\/80 hover:text-black transition rounded-xl\"><\/button><\/p>","protected":false},"featured_media":19198,"comment_status":"open","ping_status":"closed","template":"","meta":{"_eb_attr":""},"product_brand":[],"product_cat":[71,70,73],"product_tag":[89,143,140,88,144,138],"class_list":{"0":"post-19187","1":"product","2":"type-product","3":"status-publish","4":"has-post-thumbnail","6":"product_cat-electric-golf-carts","7":"product_cat-lsev-passenger-mobility","8":"product_cat-sightseeing-shuttle-buses","9":"product_tag-campus","10":"product_tag-hotel","11":"product_tag-real-estate","12":"product_tag-resort","13":"product_tag-sightseeing","14":"product_tag-villa","16":"first","17":"instock","18":"shipping-taxable","19":"product-type-simple"},"yoast_head":"<!-- This site is optimized with the Yoast SEO plugin v26.9 - https:\/\/yoast.com\/product\/yoast-seo-wordpress\/ -->\n<title>GA8 Type 8-Passenger Electric Resort Shuttle | Factory Direct Wholesale FCL - ORVIK | ORVIK|Light Commercial Electric Vehicles<\/title>\n<meta name=\"robots\" content=\"index, follow, max-snippet:-1, max-image-preview:large, max-video-preview:-1\" \/>\n<link rel=\"canonical\" href=\"https:\/\/orvikpower.com\/hu\/term\u00e9k\/ga8-type-8-passenger-electric-resort-shuttle-factory-direct-wholesale-fcl-orvik\" \/>\n<meta property=\"og:locale\" content=\"hu_HU\" \/>\n<meta property=\"og:type\" content=\"article\" \/>\n<meta property=\"og:title\" content=\"GA8 Type 8-Passenger Electric Resort Shuttle | Factory Direct Wholesale FCL - ORVIK | ORVIK|Light Commercial Electric Vehicles\" \/>\n<meta property=\"og:description\" content=\"Heavy-duty 8-seater electric shuttle featuring 3mm galvanized chassis and high-temp ready motor. Ideal for resorts and campuses. Inquire for FCL Price.\" \/>\n<meta property=\"og:url\" content=\"https:\/\/orvikpower.com\/hu\/term\u00e9k\/ga8-type-8-passenger-electric-resort-shuttle-factory-direct-wholesale-fcl-orvik\" \/>\n<meta property=\"og:site_name\" content=\"ORVIK|Light Commercial Electric Vehicles\" \/>\n<meta property=\"article:modified_time\" content=\"2026-01-22T07:46:23+00:00\" \/>\n<meta property=\"og:image\" content=\"https:\/\/orvikpower.com\/wp-content\/uploads\/2026\/01\/8-Passenger-Electric-Resort-Shuttle-Factory-Direct-Wholesale-FCL-ORVIK-car1.jpeg\" \/>\n\t<meta property=\"og:image:width\" content=\"1484\" \/>\n\t<meta property=\"og:image:height\" content=\"1403\" \/>\n\t<meta property=\"og:image:type\" content=\"image\/jpeg\" \/>\n<meta name=\"twitter:card\" content=\"summary_large_image\" \/>\n<meta name=\"twitter:label1\" content=\"Becs\u00fclt olvas\u00e1si id\u0151\" \/>\n\t<meta name=\"twitter:data1\" content=\"1 perc\" \/>\n<script type=\"application\/ld+json\" class=\"yoast-schema-graph\">{\"@context\":\"https:\/\/schema.org\",\"@graph\":[{\"@type\":\"WebPage\",\"@id\":\"https:\/\/orvikpower.com\/product\/ga8-type-8-passenger-electric-resort-shuttle-factory-direct-wholesale-fcl-orvik\",\"url\":\"https:\/\/orvikpower.com\/product\/ga8-type-8-passenger-electric-resort-shuttle-factory-direct-wholesale-fcl-orvik\",\"name\":\"GA8 Type 8-Passenger Electric Resort Shuttle | Factory Direct Wholesale FCL - ORVIK | ORVIK|Light Commercial Electric Vehicles\",\"isPartOf\":{\"@id\":\"https:\/\/orvikpower.com\/#website\"},\"primaryImageOfPage\":{\"@id\":\"https:\/\/orvikpower.com\/product\/ga8-type-8-passenger-electric-resort-shuttle-factory-direct-wholesale-fcl-orvik#primaryimage\"},\"image\":{\"@id\":\"https:\/\/orvikpower.com\/product\/ga8-type-8-passenger-electric-resort-shuttle-factory-direct-wholesale-fcl-orvik#primaryimage\"},\"thumbnailUrl\":\"https:\/\/orvikpower.com\/wp-content\/uploads\/2026\/01\/8-Passenger-Electric-Resort-Shuttle-Factory-Direct-Wholesale-FCL-ORVIK-car1.jpeg\",\"datePublished\":\"2026-01-22T07:46:09+00:00\",\"dateModified\":\"2026-01-22T07:46:23+00:00\",\"breadcrumb\":{\"@id\":\"https:\/\/orvikpower.com\/product\/ga8-type-8-passenger-electric-resort-shuttle-factory-direct-wholesale-fcl-orvik#breadcrumb\"},\"inLanguage\":\"hu\",\"potentialAction\":[{\"@type\":\"ReadAction\",\"target\":[\"https:\/\/orvikpower.com\/product\/ga8-type-8-passenger-electric-resort-shuttle-factory-direct-wholesale-fcl-orvik\"]}]},{\"@type\":\"ImageObject\",\"inLanguage\":\"hu\",\"@id\":\"https:\/\/orvikpower.com\/product\/ga8-type-8-passenger-electric-resort-shuttle-factory-direct-wholesale-fcl-orvik#primaryimage\",\"url\":\"https:\/\/orvikpower.com\/wp-content\/uploads\/2026\/01\/8-Passenger-Electric-Resort-Shuttle-Factory-Direct-Wholesale-FCL-ORVIK-car1.jpeg\",\"contentUrl\":\"https:\/\/orvikpower.com\/wp-content\/uploads\/2026\/01\/8-Passenger-Electric-Resort-Shuttle-Factory-Direct-Wholesale-FCL-ORVIK-car1.jpeg\",\"width\":1484,\"height\":1403},{\"@type\":\"BreadcrumbList\",\"@id\":\"https:\/\/orvikpower.com\/product\/ga8-type-8-passenger-electric-resort-shuttle-factory-direct-wholesale-fcl-orvik#breadcrumb\",\"itemListElement\":[{\"@type\":\"ListItem\",\"position\":1,\"name\":\"Home\",\"item\":\"https:\/\/orvikpower.com\/\"},{\"@type\":\"ListItem\",\"position\":2,\"name\":\"SHOP\",\"item\":\"https:\/\/orvikpower.com\/shop\"},{\"@type\":\"ListItem\",\"position\":3,\"name\":\"GA8 Type 8-Passenger Electric Resort Shuttle | Factory Direct Wholesale FCL &#8211; ORVIK\"}]},{\"@type\":\"WebSite\",\"@id\":\"https:\/\/orvikpower.com\/#website\",\"url\":\"https:\/\/orvikpower.com\/\",\"name\":\"ORVIK | Light Commercial Electric Vehicles\",\"description\":\"Premier Manufacturer of Off-road Electric Utility Vehicles, Pickups &amp; Mini Trucks. High-Temp &amp; Arctic Ready designs for farms &amp; mines. Save costs with Factory-Direct FCL. Make work flow. Get a Quote.\",\"publisher\":{\"@id\":\"https:\/\/orvikpower.com\/#organization\"},\"potentialAction\":[{\"@type\":\"SearchAction\",\"target\":{\"@type\":\"EntryPoint\",\"urlTemplate\":\"https:\/\/orvikpower.com\/?s={search_term_string}\"},\"query-input\":{\"@type\":\"PropertyValueSpecification\",\"valueRequired\":true,\"valueName\":\"search_term_string\"}}],\"inLanguage\":\"hu\"},{\"@type\":\"Organization\",\"@id\":\"https:\/\/orvikpower.com\/#organization\",\"name\":\"ORVIK | Light Commercial Electric Vehicles\",\"url\":\"https:\/\/orvikpower.com\/\",\"logo\":{\"@type\":\"ImageObject\",\"inLanguage\":\"hu\",\"@id\":\"https:\/\/orvikpower.com\/#\/schema\/logo\/image\/\",\"url\":\"https:\/\/orvikpower.com\/wp-content\/uploads\/2026\/01\/cropped-logo-h-main-small.png\",\"contentUrl\":\"https:\/\/orvikpower.com\/wp-content\/uploads\/2026\/01\/cropped-logo-h-main-small.png\",\"width\":512,\"height\":512,\"caption\":\"ORVIK | Light Commercial Electric Vehicles\"},\"image\":{\"@id\":\"https:\/\/orvikpower.com\/#\/schema\/logo\/image\/\"},\"sameAs\":[\"https:\/\/www.youtube.com\/@ORVIKOrvikPower\",\"https:\/\/www.pinterest.com\/OrvikPower\/\"]}]}<\/script>\n<!-- \/ Yoast SEO plugin. -->","yoast_head_json":{"title":"GA8 t\u00edpus\u00fa 8 utasos elektromos \u00fcd\u00fcl\u0151helyi sikl\u00f3 | Gy\u00e1ri k\u00f6zvetlen nagykereskedelmi FCL - ORVIK | ORVIK | ORVIK | K\u00f6nny\u0171 haszong\u00e9pj\u00e1rm\u0171vek elektromos j\u00e1rm\u0171vek","robots":{"index":"index","follow":"follow","max-snippet":"max-snippet:-1","max-image-preview":"max-image-preview:large","max-video-preview":"max-video-preview:-1"},"canonical":"https:\/\/orvikpower.com\/hu\/term\u00e9k\/ga8-type-8-passenger-electric-resort-shuttle-factory-direct-wholesale-fcl-orvik","og_locale":"hu_HU","og_type":"article","og_title":"GA8 Type 8-Passenger Electric Resort Shuttle | Factory Direct Wholesale FCL - ORVIK | ORVIK|Light Commercial Electric Vehicles","og_description":"Heavy-duty 8-seater electric shuttle featuring 3mm galvanized chassis and high-temp ready motor. Ideal for resorts and campuses. Inquire for FCL Price.","og_url":"https:\/\/orvikpower.com\/hu\/term\u00e9k\/ga8-type-8-passenger-electric-resort-shuttle-factory-direct-wholesale-fcl-orvik","og_site_name":"ORVIK|Light Commercial Electric Vehicles","article_modified_time":"2026-01-22T07:46:23+00:00","og_image":[{"width":1484,"height":1403,"url":"https:\/\/orvikpower.com\/wp-content\/uploads\/2026\/01\/8-Passenger-Electric-Resort-Shuttle-Factory-Direct-Wholesale-FCL-ORVIK-car1.jpeg","type":"image\/jpeg"}],"twitter_card":"summary_large_image","twitter_misc":{"Becs\u00fclt olvas\u00e1si id\u0151":"1 perc"},"schema":{"@context":"https:\/\/schema.org","@graph":[{"@type":"WebPage","@id":"https:\/\/orvikpower.com\/product\/ga8-type-8-passenger-electric-resort-shuttle-factory-direct-wholesale-fcl-orvik","url":"https:\/\/orvikpower.com\/product\/ga8-type-8-passenger-electric-resort-shuttle-factory-direct-wholesale-fcl-orvik","name":"GA8 t\u00edpus\u00fa 8 utasos elektromos \u00fcd\u00fcl\u0151helyi sikl\u00f3 | Gy\u00e1ri k\u00f6zvetlen nagykereskedelmi FCL - ORVIK | ORVIK | ORVIK | K\u00f6nny\u0171 haszong\u00e9pj\u00e1rm\u0171vek elektromos j\u00e1rm\u0171vek","isPartOf":{"@id":"https:\/\/orvikpower.com\/#website"},"primaryImageOfPage":{"@id":"https:\/\/orvikpower.com\/product\/ga8-type-8-passenger-electric-resort-shuttle-factory-direct-wholesale-fcl-orvik#primaryimage"},"image":{"@id":"https:\/\/orvikpower.com\/product\/ga8-type-8-passenger-electric-resort-shuttle-factory-direct-wholesale-fcl-orvik#primaryimage"},"thumbnailUrl":"https:\/\/orvikpower.com\/wp-content\/uploads\/2026\/01\/8-Passenger-Electric-Resort-Shuttle-Factory-Direct-Wholesale-FCL-ORVIK-car1.jpeg","datePublished":"2026-01-22T07:46:09+00:00","dateModified":"2026-01-22T07:46:23+00:00","breadcrumb":{"@id":"https:\/\/orvikpower.com\/product\/ga8-type-8-passenger-electric-resort-shuttle-factory-direct-wholesale-fcl-orvik#breadcrumb"},"inLanguage":"hu","potentialAction":[{"@type":"ReadAction","target":["https:\/\/orvikpower.com\/product\/ga8-type-8-passenger-electric-resort-shuttle-factory-direct-wholesale-fcl-orvik"]}]},{"@type":"ImageObject","inLanguage":"hu","@id":"https:\/\/orvikpower.com\/product\/ga8-type-8-passenger-electric-resort-shuttle-factory-direct-wholesale-fcl-orvik#primaryimage","url":"https:\/\/orvikpower.com\/wp-content\/uploads\/2026\/01\/8-Passenger-Electric-Resort-Shuttle-Factory-Direct-Wholesale-FCL-ORVIK-car1.jpeg","contentUrl":"https:\/\/orvikpower.com\/wp-content\/uploads\/2026\/01\/8-Passenger-Electric-Resort-Shuttle-Factory-Direct-Wholesale-FCL-ORVIK-car1.jpeg","width":1484,"height":1403},{"@type":"BreadcrumbList","@id":"https:\/\/orvikpower.com\/product\/ga8-type-8-passenger-electric-resort-shuttle-factory-direct-wholesale-fcl-orvik#breadcrumb","itemListElement":[{"@type":"ListItem","position":1,"name":"Home","item":"https:\/\/orvikpower.com\/"},{"@type":"ListItem","position":2,"name":"SHOP","item":"https:\/\/orvikpower.com\/shop"},{"@type":"ListItem","position":3,"name":"GA8 Type 8-Passenger Electric Resort Shuttle | Factory Direct Wholesale FCL &#8211; ORVIK"}]},{"@type":"WebSite","@id":"https:\/\/orvikpower.com\/#website","url":"https:\/\/orvikpower.com\/","name":"ORVIK | K\u00f6nny\u0171 haszong\u00e9pj\u00e1rm\u0171vek","description":"A terepj\u00e1r\u00f3 elektromos haszonj\u00e1rm\u0171vek, pickupok \u00e9s mini teheraut\u00f3k els\u0151sz\u00e1m\u00fa gy\u00e1rt\u00f3ja. High-Temp &amp; Arctic Ready kivitelek farmok \u00e9s b\u00e1ny\u00e1k sz\u00e1m\u00e1ra. K\u00f6lts\u00e9gmegtakar\u00edt\u00e1s a Factory-Direct FCL seg\u00edts\u00e9g\u00e9vel. Tegye a munkafolyamatot. K\u00e9rjen \u00e1raj\u00e1nlatot.","publisher":{"@id":"https:\/\/orvikpower.com\/#organization"},"potentialAction":[{"@type":"SearchAction","target":{"@type":"EntryPoint","urlTemplate":"https:\/\/orvikpower.com\/?s={search_term_string}"},"query-input":{"@type":"PropertyValueSpecification","valueRequired":true,"valueName":"search_term_string"}}],"inLanguage":"hu"},{"@type":"Organization","@id":"https:\/\/orvikpower.com\/#organization","name":"ORVIK | K\u00f6nny\u0171 haszong\u00e9pj\u00e1rm\u0171vek","url":"https:\/\/orvikpower.com\/","logo":{"@type":"ImageObject","inLanguage":"hu","@id":"https:\/\/orvikpower.com\/#\/schema\/logo\/image\/","url":"https:\/\/orvikpower.com\/wp-content\/uploads\/2026\/01\/cropped-logo-h-main-small.png","contentUrl":"https:\/\/orvikpower.com\/wp-content\/uploads\/2026\/01\/cropped-logo-h-main-small.png","width":512,"height":512,"caption":"ORVIK | Light Commercial Electric Vehicles"},"image":{"@id":"https:\/\/orvikpower.com\/#\/schema\/logo\/image\/"},"sameAs":["https:\/\/www.youtube.com\/@ORVIKOrvikPower","https:\/\/www.pinterest.com\/OrvikPower\/"]}]}},"_links":{"self":[{"href":"https:\/\/orvikpower.com\/hu\/wp-json\/wp\/v2\/product\/19187","targetHints":{"allow":["GET"]}}],"collection":[{"href":"https:\/\/orvikpower.com\/hu\/wp-json\/wp\/v2\/product"}],"about":[{"href":"https:\/\/orvikpower.com\/hu\/wp-json\/wp\/v2\/types\/product"}],"replies":[{"embeddable":true,"href":"https:\/\/orvikpower.com\/hu\/wp-json\/wp\/v2\/comments?post=19187"}],"wp:featuredmedia":[{"embeddable":true,"href":"https:\/\/orvikpower.com\/hu\/wp-json\/wp\/v2\/media\/19198"}],"wp:attachment":[{"href":"https:\/\/orvikpower.com\/hu\/wp-json\/wp\/v2\/media?parent=19187"}],"wp:term":[{"taxonomy":"product_brand","embeddable":true,"href":"https:\/\/orvikpower.com\/hu\/wp-json\/wp\/v2\/product_brand?post=19187"},{"taxonomy":"product_cat","embeddable":true,"href":"https:\/\/orvikpower.com\/hu\/wp-json\/wp\/v2\/product_cat?post=19187"},{"taxonomy":"product_tag","embeddable":true,"href":"https:\/\/orvikpower.com\/hu\/wp-json\/wp\/v2\/product_tag?post=19187"}],"curies":[{"name":"wp","href":"https:\/\/api.w.org\/{rel}","templated":true}]}}