{"id":19200,"date":"2026-01-22T08:12:05","date_gmt":"2026-01-22T08:12:05","guid":{"rendered":"https:\/\/orvikpower.com\/?post_type=product&#038;p=19200"},"modified":"2026-01-22T09:27:17","modified_gmt":"2026-01-22T09:27:17","slug":"b-type-off-road-electric-utility-vehicle-series-2-10-seats-mining-resort-factory-direct-orvik","status":"publish","type":"product","link":"https:\/\/orvikpower.com\/hu\/term%c3%a9k\/b-type-off-road-electric-utility-vehicle-series-2-10-seats-mining-resort-factory-direct-orvik","title":{"rendered":"B t\u00edpus\u00fa terepj\u00e1r\u00f3 elektromos haszonj\u00e1rm\u0171 sorozat (2-10 \u00fcl\u00e9s) | B\u00e1ny\u00e1szat \u00e9s \u00fcd\u00fcl\u0151hely | Factory Direct - ORVIK"},"content":{"rendered":"<p dir=\"auto\"><strong>Uralkodjon a durva terepen az ORVIK Off-Road sorozat\u00e1val.<\/strong><br \/>\nAz ORVIK Off-Road Utility sorozat olyan k\u00f6rnyezetekre tervezt\u00e9k, ahol a szabv\u00e1nyos golfkocsik nem tudnak m\u0171k\u00f6dni, \u00e9s az ORVIK Off-Road Utility sorozat az utasok k\u00e9nyelm\u00e9t ipari min\u0151s\u00e9g\u0171 tart\u00f3ss\u00e1ggal kombin\u00e1lja.<\/p>\n<ul dir=\"auto\">\n<li class=\"text-start\"><strong>Jellemz\u0151 (robusztus alv\u00e1z):<\/strong> Integr\u00e1lt, hegeszt\u00e9smentes, 3 mm vastags\u00e1g\u00fa, horganyzott ac\u00e9lv\u00e1zra \u00e9p\u00fcl, aut\u00f3ipari min\u0151s\u00e9g\u0171 elektroforetikus rozsdag\u00e1tl\u00f3 bevonattal.<\/li>\n<li class=\"text-start\"><strong>El\u0151ny (terepk\u00e9pess\u00e9g):<\/strong> Emelt McPherson f\u00fcggetlen felf\u00fcggeszt\u00e9ssel \u00e9s 23 colos b\u00e1nyamint\u00e1s gumiabroncsokkal felszerelve, 240 mm-es hasmagass\u00e1got k\u00edn\u00e1lva, hogy k\u00f6nnyed\u00e9n navig\u00e1ljon a szikl\u00e1s utakon, homokos \u00fcd\u00fcl\u0151helyeken vagy egyenetlen ipari ter\u00fcleteken.<\/li>\n<li class=\"text-start\"><strong>Haszon (ROI):<\/strong> A nem hegesztett f\u0151gerendaszerkezet jelent\u0151sen meghosszabb\u00edtja a j\u00e1rm\u0171 \u00e9lettartam\u00e1t a szerkezeti f\u00e1rad\u00e1s megel\u0151z\u00e9s\u00e9vel, cs\u00f6kkentve ezzel flott\u00e1ja hossz\u00fa t\u00e1v\u00fa cserek\u00f6lts\u00e9geit.<\/li>\n<li class=\"text-start\"><strong>Testreszab\u00e1s:<\/strong> \u00d3lom-akkumul\u00e1tor vagy LiFePO4 l\u00edtium konfigur\u00e1ci\u00f3ban kaphat\u00f3, testreszabhat\u00f3 motorteljes\u00edtm\u00e9nnyel (5KW-7,5KW+), hogy megfeleljen a lejt\u00e9si k\u00f6vetelm\u00e9nyeknek.<br \/>\n<strong>\u00dagy tervezt\u00fck, hogy a munkafolyamatokat megk\u00f6nny\u00edtse.<\/strong><\/li>\n<\/ul>\n<table class=\"table table-striped-white table-bordered\" data-anchor-id=\"tp5c\">\n<thead>\n<tr>\n<th>Modell konfigur\u00e1ci\u00f3<\/th>\n<th>M\u00e9retek (L*S*H mm)<\/th>\n<th>Tengelyt\u00e1v (mm)<\/th>\n<th>Motor teljes\u00edtm\u00e9ny (KW)<\/th>\n<th>Akkumul\u00e1tor kapacit\u00e1s (\u00f3lom-akkumul\u00e1tor)<\/th>\n<th>Maxim\u00e1lis hat\u00f3t\u00e1vols\u00e1g (km)<\/th>\n<th>Terhelhet\u0151s\u00e9g<\/th>\n<th>Rakod\u00e1si mennyis\u00e9g (40HQ)<\/th>\n<\/tr>\n<\/thead>\n<tbody>\n<tr>\n<td><strong>2 \u00fcl\u00e9ses<\/strong><\/td>\n<td>2500 x 1350 x 2000<\/td>\n<td>1680<\/td>\n<td>5 KW<\/td>\n<td>48V 150AH<\/td>\n<td>\n<blockquote class=\"white-blockquote\"><p>80<\/p><\/blockquote>\n<\/td>\n<td>450 kg<\/td>\n<td><em>Kapcsolat calc<\/em><\/td>\n<\/tr>\n<tr>\n<td><strong>2+2 \u00fcl\u00e9ses<\/strong><\/td>\n<td>2950 x 1350 x 2150<\/td>\n<td>1680<\/td>\n<td>5 KW<\/td>\n<td>48V 150AH<\/td>\n<td>\n<blockquote class=\"white-blockquote\"><p>80<\/p><\/blockquote>\n<\/td>\n<td>570 kg<\/td>\n<td><em>Kapcsolat calc<\/em><\/td>\n<\/tr>\n<tr>\n<td><strong>4 \u00fcl\u00e9ses<\/strong><\/td>\n<td>3150 x 1350 x 2150<\/td>\n<td>2460<\/td>\n<td>5 KW<\/td>\n<td>48V 150AH<\/td>\n<td>\n<blockquote class=\"white-blockquote\"><p>80<\/p><\/blockquote>\n<\/td>\n<td>570 kg<\/td>\n<td><em>Kapcsolat calc<\/em><\/td>\n<\/tr>\n<tr>\n<td><strong>4+2 \u00fcl\u00e9ses<\/strong><\/td>\n<td>3700 x 1350 x 2150<\/td>\n<td>2460<\/td>\n<td>5 KW<\/td>\n<td>48V 150AH<\/td>\n<td>\n<blockquote class=\"white-blockquote\"><p>80<\/p><\/blockquote>\n<\/td>\n<td>690 kg<\/td>\n<td><em>Kapcsolat calc<\/em><\/td>\n<\/tr>\n<tr>\n<td><strong>6 \u00fcl\u00e9ses<\/strong><\/td>\n<td>3900 x 1350 x 2150<\/td>\n<td>3220<\/td>\n<td>5 KW<\/td>\n<td>48V 150AH<\/td>\n<td>\n<blockquote class=\"white-blockquote\"><p>80<\/p><\/blockquote>\n<\/td>\n<td>690 kg<\/td>\n<td><em>Kapcsolat calc<\/em><\/td>\n<\/tr>\n<tr>\n<td><strong>6+2 \u00fcl\u00e9ses<\/strong><\/td>\n<td>4300 x 1350 x 2150<\/td>\n<td>3220<\/td>\n<td>7,5 KW<\/td>\n<td>72V 150AH<\/td>\n<td>\n<blockquote class=\"white-blockquote\"><p>70<\/p><\/blockquote>\n<\/td>\n<td>830 kg<\/td>\n<td><em>Kapcsolat calc<\/em><\/td>\n<\/tr>\n<tr>\n<td><strong>8 \u00fcl\u00e9ses<\/strong><\/td>\n<td>4700 x 1350 x 2150<\/td>\n<td>3980<\/td>\n<td>7,5 KW<\/td>\n<td>72V 150AH<\/td>\n<td>\n<blockquote class=\"white-blockquote\"><p>70<\/p><\/blockquote>\n<\/td>\n<td>830 kg<\/td>\n<td><em>Kapcsolat calc<\/em><\/td>\n<\/tr>\n<tr>\n<td><strong>8+2 \u00fcl\u00e9ses<\/strong><\/td>\n<td>5000 x 1350 x 2150<\/td>\n<td>3980<\/td>\n<td>7,5 KW<\/td>\n<td>72V 150AH<\/td>\n<td>\n<blockquote class=\"white-blockquote\"><p>70<\/p><\/blockquote>\n<\/td>\n<td>980 kg<\/td>\n<td><em>Kapcsolat calc<\/em><\/td>\n<\/tr>\n<\/tbody>\n<\/table>\n<p dir=\"auto\"><strong>M\u0171szaki jellemz\u0151k:<\/strong><\/p>\n<ul dir=\"auto\">\n<li class=\"text-start\"><strong>Alv\u00e1z:<\/strong> Integr\u00e1lt horganyzott ac\u00e9l (3 mm), l\u00e9zeres rozsdaelt\u00e1vol\u00edt\u00e1s, porsz\u00f3rt bevonat.<\/li>\n<li class=\"text-start\"><strong>Felf\u00fcggeszt\u00e9s:<\/strong> Els\u0151 emelt McPherson f\u00fcggetlen \/ H\u00e1ts\u00f3 von\u00f3kar.<\/li>\n<li class=\"text-start\"><strong>F\u00e9kek:<\/strong> 4 ker\u00e9kt\u00e1rcsaf\u00e9kek integr\u00e1lt f\u00e9m ped\u00e1llal.<\/li>\n<li class=\"text-start\"><strong>Gumiabroncsok:<\/strong> 23\u00d710-14 Off-Road b\u00e1ny\u00e1szati minta.<\/li>\n<li class=\"text-start\"><strong>V\u00edzszigetel\u00e9s:<\/strong> Kiv\u00e1l\u00f3 min\u0151s\u00e9g\u0171 v\u00edz\u00e1ll\u00f3 k\u00e1belk\u00f6teg \u00e9s akkumul\u00e1tor csatlakoz\u00f3k.<\/li>\n<li class=\"text-start\"><strong>Testreszab\u00e1s:<\/strong> <em>LiFePO4 akkumul\u00e1tor \u00e9s egyedi motorteljes\u00edtm\u00e9ny k\u00e9r\u00e9sre.<\/em><\/li>\n<\/ul>","protected":false},"excerpt":{"rendered":"<p>Robusztus elektromos szem\u00e9lysz\u00e1ll\u00edt\u00f3 j\u00e1rm\u0171vek b\u00e1ny\u00e1k, \u00fcd\u00fcl\u0151helyek \u00e9s gazdas\u00e1gok sz\u00e1m\u00e1ra. Magas\u00edtott McPherson felf\u00fcggeszt\u00e9ssel, horganyzott alv\u00e1zzal \u00e9s testre szabhat\u00f3 LiFePO4 akkumul\u00e1tor opci\u00f3kkal rendelkezik. \u00c9rdekl\u0151dj\u00f6n az FCL gy\u00e1ri \u00e1raz\u00e1sr\u00f3l.<\/p>","protected":false},"featured_media":19207,"comment_status":"open","ping_status":"closed","template":"","meta":{"_eb_attr":""},"product_brand":[],"product_cat":[71,72,70,73,77],"product_tag":[147,91,100,149,88,148],"class_list":{"0":"post-19200","1":"product","2":"type-product","3":"status-publish","4":"has-post-thumbnail","6":"product_cat-electric-golf-carts","7":"product_cat-lsev-commuter-vehicles","8":"product_cat-lsev-passenger-mobility","9":"product_cat-sightseeing-shuttle-buses","10":"product_cat-utility-logistics","11":"product_tag-farm","12":"product_tag-industrial-park","13":"product_tag-mining-site","14":"product_tag-off-road","15":"product_tag-resort","16":"product_tag-security-patrol","18":"first","19":"instock","20":"shipping-taxable","21":"product-type-simple"},"yoast_head":"<!-- This site is optimized with the Yoast SEO plugin v26.9 - https:\/\/yoast.com\/product\/yoast-seo-wordpress\/ -->\n<title>B Type Off-Road Electric Utility Vehicle Series (2-10 Seats) | Mining &amp; Resort | Factory Direct - ORVIK | ORVIK|Light Commercial Electric Vehicles<\/title>\n<meta name=\"robots\" content=\"index, follow, max-snippet:-1, max-image-preview:large, max-video-preview:-1\" \/>\n<link rel=\"canonical\" href=\"https:\/\/orvikpower.com\/hu\/term\u00e9k\/b-type-off-road-electric-utility-vehicle-series-2-10-seats-mining-resort-factory-direct-orvik\" \/>\n<meta property=\"og:locale\" content=\"hu_HU\" \/>\n<meta property=\"og:type\" content=\"article\" \/>\n<meta property=\"og:title\" content=\"B Type Off-Road Electric Utility Vehicle Series (2-10 Seats) | Mining &amp; Resort | Factory Direct - ORVIK | ORVIK|Light Commercial Electric Vehicles\" \/>\n<meta property=\"og:description\" content=\"Rugged electric personnel carriers for mines, resorts, and farms. Features elevated McPherson suspension, galvanized chassis, and customizable LiFePO4 battery options. Inquire for FCL factory pricing.\" \/>\n<meta property=\"og:url\" content=\"https:\/\/orvikpower.com\/hu\/term\u00e9k\/b-type-off-road-electric-utility-vehicle-series-2-10-seats-mining-resort-factory-direct-orvik\" \/>\n<meta property=\"og:site_name\" content=\"ORVIK|Light Commercial Electric Vehicles\" \/>\n<meta property=\"article:modified_time\" content=\"2026-01-22T09:27:17+00:00\" \/>\n<meta property=\"og:image\" content=\"https:\/\/orvikpower.com\/wp-content\/uploads\/2026\/01\/Off-Road-Electric-Utility-Vehicle-Series-2-10-Seats-Mining-Resort-Factory-Direct-ORVIK.jpeg\" \/>\n\t<meta property=\"og:image:width\" content=\"800\" \/>\n\t<meta property=\"og:image:height\" content=\"800\" \/>\n\t<meta property=\"og:image:type\" content=\"image\/jpeg\" \/>\n<meta name=\"twitter:card\" content=\"summary_large_image\" \/>\n<meta name=\"twitter:label1\" content=\"Becs\u00fclt olvas\u00e1si id\u0151\" \/>\n\t<meta name=\"twitter:data1\" content=\"1 perc\" \/>\n<script type=\"application\/ld+json\" class=\"yoast-schema-graph\">{\"@context\":\"https:\/\/schema.org\",\"@graph\":[{\"@type\":\"WebPage\",\"@id\":\"https:\/\/orvikpower.com\/product\/b-type-off-road-electric-utility-vehicle-series-2-10-seats-mining-resort-factory-direct-orvik\",\"url\":\"https:\/\/orvikpower.com\/product\/b-type-off-road-electric-utility-vehicle-series-2-10-seats-mining-resort-factory-direct-orvik\",\"name\":\"B Type Off-Road Electric Utility Vehicle Series (2-10 Seats) | Mining & Resort | Factory Direct - ORVIK | ORVIK|Light Commercial Electric Vehicles\",\"isPartOf\":{\"@id\":\"https:\/\/orvikpower.com\/#website\"},\"primaryImageOfPage\":{\"@id\":\"https:\/\/orvikpower.com\/product\/b-type-off-road-electric-utility-vehicle-series-2-10-seats-mining-resort-factory-direct-orvik#primaryimage\"},\"image\":{\"@id\":\"https:\/\/orvikpower.com\/product\/b-type-off-road-electric-utility-vehicle-series-2-10-seats-mining-resort-factory-direct-orvik#primaryimage\"},\"thumbnailUrl\":\"https:\/\/orvikpower.com\/wp-content\/uploads\/2026\/01\/Off-Road-Electric-Utility-Vehicle-Series-2-10-Seats-Mining-Resort-Factory-Direct-ORVIK.jpeg\",\"datePublished\":\"2026-01-22T08:12:05+00:00\",\"dateModified\":\"2026-01-22T09:27:17+00:00\",\"breadcrumb\":{\"@id\":\"https:\/\/orvikpower.com\/product\/b-type-off-road-electric-utility-vehicle-series-2-10-seats-mining-resort-factory-direct-orvik#breadcrumb\"},\"inLanguage\":\"hu\",\"potentialAction\":[{\"@type\":\"ReadAction\",\"target\":[\"https:\/\/orvikpower.com\/product\/b-type-off-road-electric-utility-vehicle-series-2-10-seats-mining-resort-factory-direct-orvik\"]}]},{\"@type\":\"ImageObject\",\"inLanguage\":\"hu\",\"@id\":\"https:\/\/orvikpower.com\/product\/b-type-off-road-electric-utility-vehicle-series-2-10-seats-mining-resort-factory-direct-orvik#primaryimage\",\"url\":\"https:\/\/orvikpower.com\/wp-content\/uploads\/2026\/01\/Off-Road-Electric-Utility-Vehicle-Series-2-10-Seats-Mining-Resort-Factory-Direct-ORVIK.jpeg\",\"contentUrl\":\"https:\/\/orvikpower.com\/wp-content\/uploads\/2026\/01\/Off-Road-Electric-Utility-Vehicle-Series-2-10-Seats-Mining-Resort-Factory-Direct-ORVIK.jpeg\",\"width\":800,\"height\":800,\"caption\":\"Rugged electric personnel carriers for mines, resorts, and farms. Features elevated McPherson suspension, galvanized chassis, and customizable LiFePO4 battery options. Inquire for FCL factory pricing.\"},{\"@type\":\"BreadcrumbList\",\"@id\":\"https:\/\/orvikpower.com\/product\/b-type-off-road-electric-utility-vehicle-series-2-10-seats-mining-resort-factory-direct-orvik#breadcrumb\",\"itemListElement\":[{\"@type\":\"ListItem\",\"position\":1,\"name\":\"Home\",\"item\":\"https:\/\/orvikpower.com\/\"},{\"@type\":\"ListItem\",\"position\":2,\"name\":\"SHOP\",\"item\":\"https:\/\/orvikpower.com\/shop\"},{\"@type\":\"ListItem\",\"position\":3,\"name\":\"B Type Off-Road Electric Utility Vehicle Series (2-10 Seats) | Mining &#038; Resort | Factory Direct &#8211; ORVIK\"}]},{\"@type\":\"WebSite\",\"@id\":\"https:\/\/orvikpower.com\/#website\",\"url\":\"https:\/\/orvikpower.com\/\",\"name\":\"ORVIK | Light Commercial Electric Vehicles\",\"description\":\"Premier Manufacturer of Off-road Electric Utility Vehicles, Pickups &amp; Mini Trucks. High-Temp &amp; Arctic Ready designs for farms &amp; mines. Save costs with Factory-Direct FCL. Make work flow. Get a Quote.\",\"publisher\":{\"@id\":\"https:\/\/orvikpower.com\/#organization\"},\"potentialAction\":[{\"@type\":\"SearchAction\",\"target\":{\"@type\":\"EntryPoint\",\"urlTemplate\":\"https:\/\/orvikpower.com\/?s={search_term_string}\"},\"query-input\":{\"@type\":\"PropertyValueSpecification\",\"valueRequired\":true,\"valueName\":\"search_term_string\"}}],\"inLanguage\":\"hu\"},{\"@type\":\"Organization\",\"@id\":\"https:\/\/orvikpower.com\/#organization\",\"name\":\"ORVIK | Light Commercial Electric Vehicles\",\"url\":\"https:\/\/orvikpower.com\/\",\"logo\":{\"@type\":\"ImageObject\",\"inLanguage\":\"hu\",\"@id\":\"https:\/\/orvikpower.com\/#\/schema\/logo\/image\/\",\"url\":\"https:\/\/orvikpower.com\/wp-content\/uploads\/2026\/01\/cropped-logo-h-main-small.png\",\"contentUrl\":\"https:\/\/orvikpower.com\/wp-content\/uploads\/2026\/01\/cropped-logo-h-main-small.png\",\"width\":512,\"height\":512,\"caption\":\"ORVIK | Light Commercial Electric Vehicles\"},\"image\":{\"@id\":\"https:\/\/orvikpower.com\/#\/schema\/logo\/image\/\"},\"sameAs\":[\"https:\/\/www.youtube.com\/@ORVIKOrvikPower\",\"https:\/\/www.pinterest.com\/OrvikPower\/\"]}]}<\/script>\n<!-- \/ Yoast SEO plugin. -->","yoast_head_json":{"title":"B t\u00edpus\u00fa elektromos terepj\u00e1r\u00f3 elektromos haszonj\u00e1rm\u0171 sorozat (2-10 f\u00e9r\u0151hely) | B\u00e1ny\u00e1szat \u00e9s \u00fcd\u00fcl\u0151hely | Factory Direct - ORVIK | ORVIK | ORVIK|K\u00f6nny\u0171 haszong\u00e9pj\u00e1rm\u0171vek elektromos j\u00e1rm\u0171vek","robots":{"index":"index","follow":"follow","max-snippet":"max-snippet:-1","max-image-preview":"max-image-preview:large","max-video-preview":"max-video-preview:-1"},"canonical":"https:\/\/orvikpower.com\/hu\/term\u00e9k\/b-type-off-road-electric-utility-vehicle-series-2-10-seats-mining-resort-factory-direct-orvik","og_locale":"hu_HU","og_type":"article","og_title":"B Type Off-Road Electric Utility Vehicle Series (2-10 Seats) | Mining & Resort | Factory Direct - ORVIK | ORVIK|Light Commercial Electric Vehicles","og_description":"Rugged electric personnel carriers for mines, resorts, and farms. Features elevated McPherson suspension, galvanized chassis, and customizable LiFePO4 battery options. Inquire for FCL factory pricing.","og_url":"https:\/\/orvikpower.com\/hu\/term\u00e9k\/b-type-off-road-electric-utility-vehicle-series-2-10-seats-mining-resort-factory-direct-orvik","og_site_name":"ORVIK|Light Commercial Electric Vehicles","article_modified_time":"2026-01-22T09:27:17+00:00","og_image":[{"width":800,"height":800,"url":"https:\/\/orvikpower.com\/wp-content\/uploads\/2026\/01\/Off-Road-Electric-Utility-Vehicle-Series-2-10-Seats-Mining-Resort-Factory-Direct-ORVIK.jpeg","type":"image\/jpeg"}],"twitter_card":"summary_large_image","twitter_misc":{"Becs\u00fclt olvas\u00e1si id\u0151":"1 perc"},"schema":{"@context":"https:\/\/schema.org","@graph":[{"@type":"WebPage","@id":"https:\/\/orvikpower.com\/product\/b-type-off-road-electric-utility-vehicle-series-2-10-seats-mining-resort-factory-direct-orvik","url":"https:\/\/orvikpower.com\/product\/b-type-off-road-electric-utility-vehicle-series-2-10-seats-mining-resort-factory-direct-orvik","name":"B t\u00edpus\u00fa elektromos terepj\u00e1r\u00f3 elektromos haszonj\u00e1rm\u0171 sorozat (2-10 f\u00e9r\u0151hely) | B\u00e1ny\u00e1szat \u00e9s \u00fcd\u00fcl\u0151hely | Factory Direct - ORVIK | ORVIK | ORVIK|K\u00f6nny\u0171 haszong\u00e9pj\u00e1rm\u0171vek elektromos j\u00e1rm\u0171vek","isPartOf":{"@id":"https:\/\/orvikpower.com\/#website"},"primaryImageOfPage":{"@id":"https:\/\/orvikpower.com\/product\/b-type-off-road-electric-utility-vehicle-series-2-10-seats-mining-resort-factory-direct-orvik#primaryimage"},"image":{"@id":"https:\/\/orvikpower.com\/product\/b-type-off-road-electric-utility-vehicle-series-2-10-seats-mining-resort-factory-direct-orvik#primaryimage"},"thumbnailUrl":"https:\/\/orvikpower.com\/wp-content\/uploads\/2026\/01\/Off-Road-Electric-Utility-Vehicle-Series-2-10-Seats-Mining-Resort-Factory-Direct-ORVIK.jpeg","datePublished":"2026-01-22T08:12:05+00:00","dateModified":"2026-01-22T09:27:17+00:00","breadcrumb":{"@id":"https:\/\/orvikpower.com\/product\/b-type-off-road-electric-utility-vehicle-series-2-10-seats-mining-resort-factory-direct-orvik#breadcrumb"},"inLanguage":"hu","potentialAction":[{"@type":"ReadAction","target":["https:\/\/orvikpower.com\/product\/b-type-off-road-electric-utility-vehicle-series-2-10-seats-mining-resort-factory-direct-orvik"]}]},{"@type":"ImageObject","inLanguage":"hu","@id":"https:\/\/orvikpower.com\/product\/b-type-off-road-electric-utility-vehicle-series-2-10-seats-mining-resort-factory-direct-orvik#primaryimage","url":"https:\/\/orvikpower.com\/wp-content\/uploads\/2026\/01\/Off-Road-Electric-Utility-Vehicle-Series-2-10-Seats-Mining-Resort-Factory-Direct-ORVIK.jpeg","contentUrl":"https:\/\/orvikpower.com\/wp-content\/uploads\/2026\/01\/Off-Road-Electric-Utility-Vehicle-Series-2-10-Seats-Mining-Resort-Factory-Direct-ORVIK.jpeg","width":800,"height":800,"caption":"Rugged electric personnel carriers for mines, resorts, and farms. Features elevated McPherson suspension, galvanized chassis, and customizable LiFePO4 battery options. Inquire for FCL factory pricing."},{"@type":"BreadcrumbList","@id":"https:\/\/orvikpower.com\/product\/b-type-off-road-electric-utility-vehicle-series-2-10-seats-mining-resort-factory-direct-orvik#breadcrumb","itemListElement":[{"@type":"ListItem","position":1,"name":"Home","item":"https:\/\/orvikpower.com\/"},{"@type":"ListItem","position":2,"name":"SHOP","item":"https:\/\/orvikpower.com\/shop"},{"@type":"ListItem","position":3,"name":"B Type Off-Road Electric Utility Vehicle Series (2-10 Seats) | Mining &#038; Resort | Factory Direct &#8211; ORVIK"}]},{"@type":"WebSite","@id":"https:\/\/orvikpower.com\/#website","url":"https:\/\/orvikpower.com\/","name":"ORVIK | K\u00f6nny\u0171 haszong\u00e9pj\u00e1rm\u0171vek","description":"A terepj\u00e1r\u00f3 elektromos haszonj\u00e1rm\u0171vek, pickupok \u00e9s mini teheraut\u00f3k els\u0151sz\u00e1m\u00fa gy\u00e1rt\u00f3ja. High-Temp &amp; Arctic Ready kivitelek farmok \u00e9s b\u00e1ny\u00e1k sz\u00e1m\u00e1ra. K\u00f6lts\u00e9gmegtakar\u00edt\u00e1s a Factory-Direct FCL seg\u00edts\u00e9g\u00e9vel. Tegye a munkafolyamatot. K\u00e9rjen \u00e1raj\u00e1nlatot.","publisher":{"@id":"https:\/\/orvikpower.com\/#organization"},"potentialAction":[{"@type":"SearchAction","target":{"@type":"EntryPoint","urlTemplate":"https:\/\/orvikpower.com\/?s={search_term_string}"},"query-input":{"@type":"PropertyValueSpecification","valueRequired":true,"valueName":"search_term_string"}}],"inLanguage":"hu"},{"@type":"Organization","@id":"https:\/\/orvikpower.com\/#organization","name":"ORVIK | K\u00f6nny\u0171 haszong\u00e9pj\u00e1rm\u0171vek","url":"https:\/\/orvikpower.com\/","logo":{"@type":"ImageObject","inLanguage":"hu","@id":"https:\/\/orvikpower.com\/#\/schema\/logo\/image\/","url":"https:\/\/orvikpower.com\/wp-content\/uploads\/2026\/01\/cropped-logo-h-main-small.png","contentUrl":"https:\/\/orvikpower.com\/wp-content\/uploads\/2026\/01\/cropped-logo-h-main-small.png","width":512,"height":512,"caption":"ORVIK | Light Commercial Electric Vehicles"},"image":{"@id":"https:\/\/orvikpower.com\/#\/schema\/logo\/image\/"},"sameAs":["https:\/\/www.youtube.com\/@ORVIKOrvikPower","https:\/\/www.pinterest.com\/OrvikPower\/"]}]}},"_links":{"self":[{"href":"https:\/\/orvikpower.com\/hu\/wp-json\/wp\/v2\/product\/19200","targetHints":{"allow":["GET"]}}],"collection":[{"href":"https:\/\/orvikpower.com\/hu\/wp-json\/wp\/v2\/product"}],"about":[{"href":"https:\/\/orvikpower.com\/hu\/wp-json\/wp\/v2\/types\/product"}],"replies":[{"embeddable":true,"href":"https:\/\/orvikpower.com\/hu\/wp-json\/wp\/v2\/comments?post=19200"}],"wp:featuredmedia":[{"embeddable":true,"href":"https:\/\/orvikpower.com\/hu\/wp-json\/wp\/v2\/media\/19207"}],"wp:attachment":[{"href":"https:\/\/orvikpower.com\/hu\/wp-json\/wp\/v2\/media?parent=19200"}],"wp:term":[{"taxonomy":"product_brand","embeddable":true,"href":"https:\/\/orvikpower.com\/hu\/wp-json\/wp\/v2\/product_brand?post=19200"},{"taxonomy":"product_cat","embeddable":true,"href":"https:\/\/orvikpower.com\/hu\/wp-json\/wp\/v2\/product_cat?post=19200"},{"taxonomy":"product_tag","embeddable":true,"href":"https:\/\/orvikpower.com\/hu\/wp-json\/wp\/v2\/product_tag?post=19200"}],"curies":[{"name":"wp","href":"https:\/\/api.w.org\/{rel}","templated":true}]}}