{"id":19210,"date":"2026-01-22T09:24:54","date_gmt":"2026-01-22T09:24:54","guid":{"rendered":"https:\/\/orvikpower.com\/?post_type=product&#038;p=19210"},"modified":"2026-01-22T09:24:54","modified_gmt":"2026-01-22T09:24:54","slug":"off-road-electric-shuttle-series-2-10-seats-resort-mining-utility-factory-direct-orvik","status":"publish","type":"product","link":"https:\/\/orvikpower.com\/hu\/term%c3%a9k\/off-road-electric-shuttle-series-2-10-seats-resort-mining-utility-factory-direct-orvik","title":{"rendered":"Off-Road elektromos sikl\u00f3 sorozat (2-10 f\u00e9r\u0151hely) | \u00dcd\u00fcl\u0151- \u00e9s b\u00e1ny\u00e1szati seg\u00e9dmotoros ker\u00e9kp\u00e1r | Factory Direct - ORVIK"},"content":{"rendered":"<p dir=\"auto\"><strong>Kem\u00e9ny terepre \u00e9p\u00fclt. Megb\u00edzhat\u00f3s\u00e1gra tervezve.<\/strong><br \/>\nAz ORVIK Off-Road Shuttle sorozat nem egy hagyom\u00e1nyos golfkocsi; ez egy nagy teherb\u00edr\u00e1s\u00fa szem\u00e9lysz\u00e1ll\u00edt\u00f3, amelyet kih\u00edv\u00e1st jelent\u0151 terepekre terveztek.<\/p>\n<ul dir=\"auto\">\n<li class=\"text-start\"><strong>Jellemz\u0151<\/strong>: A j\u00e1rm\u0171 meger\u0151s\u00edtett, integr\u00e1lt, horganyzott ac\u00e9lv\u00e1zzal (3 mm vastag) \u00e9s megemelt McPherson f\u00fcggetlen felf\u00fcggeszt\u00e9ssel rendelkezik, amelyhez 23 colos b\u00e1nyamint\u00e1zat\u00fa gumiabroncsok t\u00e1rsulnak.<\/li>\n<li class=\"text-start\"><strong>El\u0151ny<\/strong>: A hagyom\u00e1nyos kocsikkal ellent\u00e9tben ez kiv\u00e1l\u00f3 hasmagass\u00e1got (240 mm) \u00e9s tapad\u00e1st tesz lehet\u0151v\u00e9 kavicsos, homokos \u00e9s egyenetlen ipari fel\u00fcleteken, m\u00edg a l\u00e9zerrel kezelt, elektroforetikus bevonat megakad\u00e1lyozza a rozsd\u00e1sod\u00e1st m\u00e9g nedves vagy tengerparti k\u00f6rnyezetben is.<\/li>\n<li class=\"text-start\"><strong>El\u0151ny<\/strong>: Hosszabb \u00e9lettartamot \u00e9s jelent\u0151sen cs\u00f6kkentett karbantart\u00e1si \u00e1ll\u00e1sid\u0151t kap, \u00edgy biztos\u00edtva vend\u00e9gei vagy dolgoz\u00f3i biztons\u00e1gos, megszak\u00edt\u00e1s n\u00e9lk\u00fcli sz\u00e1ll\u00edt\u00e1s\u00e1t.<\/li>\n<\/ul>\n<div class=\"my-2\"><\/div>\n<p dir=\"auto\"><em>Megjegyz\u00e9s: A teljes\u00edtm\u00e9nyrendszer (motor kW) \u00e9s az akkumul\u00e1tor t\u00edpusa (\u00f3lom-sav vagy LiFePO4) testre szabhat\u00f3 a projekt k\u00f6vetelm\u00e9nyei alapj\u00e1n.<\/em><br \/>\n<strong>\u00dagy tervezt\u00fck, hogy a munkafolyamatokat megk\u00f6nny\u00edtse.<\/strong><\/p>\n<p dir=\"auto\"><strong>Helyesb\u00edt\u0151 megjegyz\u00e9s<\/strong>:<\/p>\n<ol dir=\"auto\" start=\"1\">\n<li class=\"text-start\"><strong>Bet\u00f6lt\u00e9s Mennyis\u00e9g<\/strong>: A 40HQ szabv\u00e1nyos bels\u0151 m\u00e9retei alapj\u00e1n sz\u00e1m\u00edtva. A t\u00e9nyleges mennyis\u00e9g +\/- 2 egys\u00e9ggel v\u00e1ltozhat a csomagol\u00e1si m\u00f3dt\u00f3l f\u00fcgg\u0151en (CBU vs. SKD).<\/li>\n<li class=\"text-start\"><strong>Konfigur\u00e1ci\u00f3k<\/strong>: \u201c2+2\u201d, \u201c4+2\u201d stb. el\u0151re n\u00e9z\u0151 \u00fcl\u00e9sekre + h\u00e1trafel\u00e9 ford\u00edthat\u00f3 \u00fcl\u00e9sekre utal.<\/li>\n<\/ol>\n<div id=\"preview-button-bar\" class=\"preview-button-bar\"><\/div>\n<div id=\"wmd-panel-preview\" class=\"wmd-panel-preview preview-container\">\n<div class=\"md-section-divider\"><\/div>\n<div id=\"wmd-preview\" class=\"wmd-preview\" data-medium-element=\"true\">\n<table class=\"table table-striped-white table-bordered\" data-anchor-id=\"tp5c\">\n<thead>\n<tr>\n<th>Modell konfigur\u00e1ci\u00f3<\/th>\n<th><strong>2 \u00fcl\u00e9ses<\/strong><\/th>\n<th><strong>2+2 \u00fcl\u00e9ses<\/strong><\/th>\n<th><strong>4 \u00fcl\u00e9ses<\/strong><\/th>\n<th><strong>4+2 \u00fcl\u00e9ses<\/strong><\/th>\n<th><strong>6 \u00fcl\u00e9ses<\/strong><\/th>\n<th><strong>6+2 \u00fcl\u00e9ses<\/strong><\/th>\n<th><strong>8 \u00fcl\u00e9ses<\/strong><\/th>\n<th><strong>8+2 \u00fcl\u00e9ses<\/strong><\/th>\n<\/tr>\n<\/thead>\n<tbody>\n<tr>\n<td><strong>M\u00e9retek (mm)<\/strong><\/td>\n<td>2500\u00d71350\u00d72000<\/td>\n<td>2950\u00d71350\u00d72150<\/td>\n<td>3150\u00d71350\u00d72150<\/td>\n<td>3700\u00d71350\u00d72150<\/td>\n<td>3900\u00d71350\u00d72150<\/td>\n<td>4300\u00d71350\u00d72150<\/td>\n<td>4700\u00d71350\u00d72150<\/td>\n<td>5000\u00d71350\u00d72150<\/td>\n<\/tr>\n<tr>\n<td><strong>Curb Weight<\/strong><\/td>\n<td>450 kg<\/td>\n<td>570 kg<\/td>\n<td>570 kg<\/td>\n<td>690 kg<\/td>\n<td>690 kg<\/td>\n<td>830 kg<\/td>\n<td>830 kg<\/td>\n<td>980 kg<\/td>\n<\/tr>\n<tr>\n<td><strong>Utaskapacit\u00e1s<\/strong><\/td>\n<td>2<\/td>\n<td>4<\/td>\n<td>4<\/td>\n<td>6<\/td>\n<td>6<\/td>\n<td>8<\/td>\n<td>8<\/td>\n<td>10<\/td>\n<\/tr>\n<tr>\n<td><strong>Motor teljes\u00edtm\u00e9ny<\/strong><\/td>\n<td>5KW AC<\/td>\n<td>5KW AC<\/td>\n<td>5KW AC<\/td>\n<td>5KW AC<\/td>\n<td>5KW AC<\/td>\n<td>7.5KW AC<\/td>\n<td>7.5KW AC<\/td>\n<td>7.5KW AC<\/td>\n<\/tr>\n<tr>\n<td><strong>Rendszerfesz\u00fclts\u00e9g<\/strong><\/td>\n<td>48V<\/td>\n<td>48V<\/td>\n<td>48V<\/td>\n<td>48V<\/td>\n<td>48V<\/td>\n<td>72V<\/td>\n<td>72V<\/td>\n<td>72V<\/td>\n<\/tr>\n<tr>\n<td><strong>Akkumul\u00e1tor szabv\u00e1ny<\/strong><\/td>\n<td>\u00d3lom-sav akkumul\u00e1tor 150AH<\/td>\n<td>\u00d3lom-sav akkumul\u00e1tor 150AH<\/td>\n<td>\u00d3lom-sav akkumul\u00e1tor 150AH<\/td>\n<td>\u00d3lom-sav akkumul\u00e1tor 150AH<\/td>\n<td>\u00d3lom-sav akkumul\u00e1tor 150AH<\/td>\n<td>\u00d3lom-sav akkumul\u00e1tor 150AH<\/td>\n<td>\u00d3lom-sav akkumul\u00e1tor 150AH<\/td>\n<td>\u00d3lom-sav akkumul\u00e1tor 150AH<\/td>\n<\/tr>\n<tr>\n<td><strong>Akkumul\u00e1tor opci\u00f3<\/strong><\/td>\n<td><em>LiFePO4 El\u00e9rhet\u0151<\/em><\/td>\n<td><em>LiFePO4 El\u00e9rhet\u0151<\/em><\/td>\n<td><em>LiFePO4 El\u00e9rhet\u0151<\/em><\/td>\n<td><em>LiFePO4 El\u00e9rhet\u0151<\/em><\/td>\n<td><em>LiFePO4 El\u00e9rhet\u0151<\/em><\/td>\n<td><em>LiFePO4 El\u00e9rhet\u0151<\/em><\/td>\n<td><em>LiFePO4 El\u00e9rhet\u0151<\/em><\/td>\n<td><em>LiFePO4 El\u00e9rhet\u0151<\/em><\/td>\n<\/tr>\n<tr>\n<td><strong>Maxim\u00e1lis tartom\u00e1ny<\/strong><\/td>\n<td>\n<blockquote class=\"white-blockquote\"><p>80 km<\/p><\/blockquote>\n<\/td>\n<td>\n<blockquote class=\"white-blockquote\"><p>80 km<\/p><\/blockquote>\n<\/td>\n<td>\n<blockquote class=\"white-blockquote\"><p>80 km<\/p><\/blockquote>\n<\/td>\n<td>\n<blockquote class=\"white-blockquote\"><p>70 km<\/p><\/blockquote>\n<\/td>\n<td>\n<blockquote class=\"white-blockquote\"><p>70 km<\/p><\/blockquote>\n<\/td>\n<td>\n<blockquote class=\"white-blockquote\"><p>70 km<\/p><\/blockquote>\n<\/td>\n<td>\n<blockquote class=\"white-blockquote\"><p>70 km<\/p><\/blockquote>\n<\/td>\n<td>\n<blockquote class=\"white-blockquote\"><p>70 km<\/p><\/blockquote>\n<\/td>\n<\/tr>\n<tr>\n<td><strong>Maxim\u00e1lis sebess\u00e9g<\/strong><\/td>\n<td>40 km\/h<\/td>\n<td>40 km\/h<\/td>\n<td>40 km\/h<\/td>\n<td>40 km\/h<\/td>\n<td>40 km\/h<\/td>\n<td>40 km\/h<\/td>\n<td>40 km\/h<\/td>\n<td>40 km\/h<\/td>\n<\/tr>\n<tr>\n<td><strong>M\u00e1sz\u00f3 k\u00e9pess\u00e9g<\/strong><\/td>\n<td>25\u00b0<\/td>\n<td>25\u00b0<\/td>\n<td>25\u00b0<\/td>\n<td>20\u00b0<\/td>\n<td>20\u00b0<\/td>\n<td>20\u00b0<\/td>\n<td>20\u00b0<\/td>\n<td>20\u00b0<\/td>\n<\/tr>\n<tr>\n<td><strong>Tengelyt\u00e1v (mm)<\/strong><\/td>\n<td>1680<\/td>\n<td>1680<\/td>\n<td>2460<\/td>\n<td>2460<\/td>\n<td>3220<\/td>\n<td>3220<\/td>\n<td>3980<\/td>\n<td>3980<\/td>\n<\/tr>\n<tr>\n<td><strong>Gumiabroncsok<\/strong><\/td>\n<td>23\u00d710-14 (terepj\u00e1r\u00f3)<\/td>\n<td>23\u00d710-14 (terepj\u00e1r\u00f3)<\/td>\n<td>23\u00d710-14 (terepj\u00e1r\u00f3)<\/td>\n<td>23\u00d710-14 (terepj\u00e1r\u00f3)<\/td>\n<td>23\u00d710-14 (terepj\u00e1r\u00f3)<\/td>\n<td>23\u00d710-14 (terepj\u00e1r\u00f3)<\/td>\n<td>23\u00d710-14 (terepj\u00e1r\u00f3)<\/td>\n<td>23\u00d710-14 (terepj\u00e1r\u00f3)<\/td>\n<\/tr>\n<tr>\n<td><strong>F\u00f6ldt\u00e1vols\u00e1g<\/strong><\/td>\n<td>240 mm<\/td>\n<td>240 mm<\/td>\n<td>240 mm<\/td>\n<td>240 mm<\/td>\n<td>240 mm<\/td>\n<td>240 mm<\/td>\n<td>240 mm<\/td>\n<td>240 mm<\/td>\n<\/tr>\n<tr>\n<td><strong>Alv\u00e1z anyaga<\/strong><\/td>\n<td>Horganyzott ac\u00e9l<\/td>\n<td>Horganyzott ac\u00e9l<\/td>\n<td>Horganyzott ac\u00e9l<\/td>\n<td>Horganyzott ac\u00e9l<\/td>\n<td>Horganyzott ac\u00e9l<\/td>\n<td>Horganyzott ac\u00e9l<\/td>\n<td>Horganyzott ac\u00e9l<\/td>\n<td>Horganyzott ac\u00e9l<\/td>\n<\/tr>\n<tr>\n<td><strong>Rakod\u00e1si mennyis\u00e9g (40HQ)<\/strong><\/td>\n<td><em>Kapcsolat a tervhez<\/em><\/td>\n<td><em>Kapcsolat a tervhez<\/em><\/td>\n<td><em>Kapcsolat a tervhez<\/em><\/td>\n<td><em>Kapcsolat a tervhez<\/em><\/td>\n<td><em>Kapcsolat a tervhez<\/em><\/td>\n<td><em>Kapcsolat a tervhez<\/em><\/td>\n<td><em>Kapcsolat a tervhez<\/em><\/td>\n<td><em>Kapcsolat a tervhez<\/em><\/td>\n<\/tr>\n<\/tbody>\n<\/table>\n<\/div>\n<\/div>","protected":false},"excerpt":{"rendered":"<p>Nagy teherb\u00edr\u00e1s\u00fa elektromos haszonj\u00e1rm\u0171vek, emelt McPherson felf\u00fcggeszt\u00e9ssel \u00e9s horganyzott alv\u00e1zzal. 2-10 szem\u00e9lyes konfigur\u00e1ci\u00f3ban kaphat\u00f3k. Ide\u00e1lis \u00fcd\u00fcl\u0151helyekre, b\u00e1nyatelepekre \u00e9s ipari parkokba. Magas h\u0151m\u00e9rs\u00e9kletre is felk\u00e9sz\u00fclt. <strong>\u00c9rdekl\u0151dj\u00f6n az FCL \u00e1rr\u00f3l.<\/strong><\/p>","protected":false},"featured_media":19211,"comment_status":"open","ping_status":"closed","template":"","meta":{"_eb_attr":""},"product_brand":[],"product_cat":[71,72,70,73,77],"product_tag":[91,100,146,88,145],"class_list":{"0":"post-19210","1":"product","2":"type-product","3":"status-publish","4":"has-post-thumbnail","6":"product_cat-electric-golf-carts","7":"product_cat-lsev-commuter-vehicles","8":"product_cat-lsev-passenger-mobility","9":"product_cat-sightseeing-shuttle-buses","10":"product_cat-utility-logistics","11":"product_tag-industrial-park","12":"product_tag-mining-site","13":"product_tag-off-road-patrol","14":"product_tag-resort","15":"product_tag-villa-complex","17":"first","18":"instock","19":"shipping-taxable","20":"product-type-simple"},"yoast_head":"<!-- This site is optimized with the Yoast SEO plugin v26.9 - https:\/\/yoast.com\/product\/yoast-seo-wordpress\/ -->\n<title>Off-Road Electric Shuttle Series (2-10 Seats) | Resort &amp; Mining Utility | Factory Direct - ORVIK | ORVIK|Light Commercial Electric Vehicles<\/title>\n<meta name=\"robots\" content=\"index, follow, max-snippet:-1, max-image-preview:large, max-video-preview:-1\" \/>\n<link rel=\"canonical\" href=\"https:\/\/orvikpower.com\/hu\/term\u00e9k\/off-road-electric-shuttle-series-2-10-seats-resort-mining-utility-factory-direct-orvik\" \/>\n<meta property=\"og:locale\" content=\"hu_HU\" \/>\n<meta property=\"og:type\" content=\"article\" \/>\n<meta property=\"og:title\" content=\"Off-Road Electric Shuttle Series (2-10 Seats) | Resort &amp; Mining Utility | Factory Direct - ORVIK | ORVIK|Light Commercial Electric Vehicles\" \/>\n<meta property=\"og:description\" content=\"Heavy-duty electric utility vehicles featuring elevated McPherson suspension and galvanized chassis. Available in 2 to 10-seater configurations. Ideal for resorts, mining sites, and industrial parks. High-temp ready. Inquire for FCL Price.\" \/>\n<meta property=\"og:url\" content=\"https:\/\/orvikpower.com\/hu\/term\u00e9k\/off-road-electric-shuttle-series-2-10-seats-resort-mining-utility-factory-direct-orvik\" \/>\n<meta property=\"og:site_name\" content=\"ORVIK|Light Commercial Electric Vehicles\" \/>\n<meta property=\"og:image\" content=\"https:\/\/orvikpower.com\/wp-content\/uploads\/2026\/01\/Off-Road-Electric-Shuttle-Series-2-10-Seats-Resort-Mining-Utility-Factory-Direct-ORVIK.jpeg\" \/>\n\t<meta property=\"og:image:width\" content=\"800\" \/>\n\t<meta property=\"og:image:height\" content=\"800\" \/>\n\t<meta property=\"og:image:type\" content=\"image\/jpeg\" \/>\n<meta name=\"twitter:card\" content=\"summary_large_image\" \/>\n<meta name=\"twitter:label1\" content=\"Becs\u00fclt olvas\u00e1si id\u0151\" \/>\n\t<meta name=\"twitter:data1\" content=\"2 perc\" \/>\n<script type=\"application\/ld+json\" class=\"yoast-schema-graph\">{\"@context\":\"https:\/\/schema.org\",\"@graph\":[{\"@type\":\"WebPage\",\"@id\":\"https:\/\/orvikpower.com\/product\/off-road-electric-shuttle-series-2-10-seats-resort-mining-utility-factory-direct-orvik\",\"url\":\"https:\/\/orvikpower.com\/product\/off-road-electric-shuttle-series-2-10-seats-resort-mining-utility-factory-direct-orvik\",\"name\":\"Off-Road Electric Shuttle Series (2-10 Seats) | Resort & Mining Utility | Factory Direct - ORVIK | ORVIK|Light Commercial Electric Vehicles\",\"isPartOf\":{\"@id\":\"https:\/\/orvikpower.com\/#website\"},\"primaryImageOfPage\":{\"@id\":\"https:\/\/orvikpower.com\/product\/off-road-electric-shuttle-series-2-10-seats-resort-mining-utility-factory-direct-orvik#primaryimage\"},\"image\":{\"@id\":\"https:\/\/orvikpower.com\/product\/off-road-electric-shuttle-series-2-10-seats-resort-mining-utility-factory-direct-orvik#primaryimage\"},\"thumbnailUrl\":\"https:\/\/orvikpower.com\/wp-content\/uploads\/2026\/01\/Off-Road-Electric-Shuttle-Series-2-10-Seats-Resort-Mining-Utility-Factory-Direct-ORVIK.jpeg\",\"datePublished\":\"2026-01-22T09:24:54+00:00\",\"breadcrumb\":{\"@id\":\"https:\/\/orvikpower.com\/product\/off-road-electric-shuttle-series-2-10-seats-resort-mining-utility-factory-direct-orvik#breadcrumb\"},\"inLanguage\":\"hu\",\"potentialAction\":[{\"@type\":\"ReadAction\",\"target\":[\"https:\/\/orvikpower.com\/product\/off-road-electric-shuttle-series-2-10-seats-resort-mining-utility-factory-direct-orvik\"]}]},{\"@type\":\"ImageObject\",\"inLanguage\":\"hu\",\"@id\":\"https:\/\/orvikpower.com\/product\/off-road-electric-shuttle-series-2-10-seats-resort-mining-utility-factory-direct-orvik#primaryimage\",\"url\":\"https:\/\/orvikpower.com\/wp-content\/uploads\/2026\/01\/Off-Road-Electric-Shuttle-Series-2-10-Seats-Resort-Mining-Utility-Factory-Direct-ORVIK.jpeg\",\"contentUrl\":\"https:\/\/orvikpower.com\/wp-content\/uploads\/2026\/01\/Off-Road-Electric-Shuttle-Series-2-10-Seats-Resort-Mining-Utility-Factory-Direct-ORVIK.jpeg\",\"width\":800,\"height\":800,\"caption\":\"Heavy-duty electric utility vehicles featuring elevated McPherson suspension and galvanized chassis. Available in 2 to 10-seater configurations. Ideal for resorts, mining sites, and industrial parks. High-temp ready. Inquire for FCL Price.\"},{\"@type\":\"BreadcrumbList\",\"@id\":\"https:\/\/orvikpower.com\/product\/off-road-electric-shuttle-series-2-10-seats-resort-mining-utility-factory-direct-orvik#breadcrumb\",\"itemListElement\":[{\"@type\":\"ListItem\",\"position\":1,\"name\":\"Home\",\"item\":\"https:\/\/orvikpower.com\/\"},{\"@type\":\"ListItem\",\"position\":2,\"name\":\"SHOP\",\"item\":\"https:\/\/orvikpower.com\/shop\"},{\"@type\":\"ListItem\",\"position\":3,\"name\":\"Off-Road Electric Shuttle Series (2-10 Seats) | Resort &#038; Mining Utility | Factory Direct &#8211; ORVIK\"}]},{\"@type\":\"WebSite\",\"@id\":\"https:\/\/orvikpower.com\/#website\",\"url\":\"https:\/\/orvikpower.com\/\",\"name\":\"ORVIK | Light Commercial Electric Vehicles\",\"description\":\"Premier Manufacturer of Off-road Electric Utility Vehicles, Pickups &amp; Mini Trucks. High-Temp &amp; Arctic Ready designs for farms &amp; mines. Save costs with Factory-Direct FCL. Make work flow. Get a Quote.\",\"publisher\":{\"@id\":\"https:\/\/orvikpower.com\/#organization\"},\"potentialAction\":[{\"@type\":\"SearchAction\",\"target\":{\"@type\":\"EntryPoint\",\"urlTemplate\":\"https:\/\/orvikpower.com\/?s={search_term_string}\"},\"query-input\":{\"@type\":\"PropertyValueSpecification\",\"valueRequired\":true,\"valueName\":\"search_term_string\"}}],\"inLanguage\":\"hu\"},{\"@type\":\"Organization\",\"@id\":\"https:\/\/orvikpower.com\/#organization\",\"name\":\"ORVIK | Light Commercial Electric Vehicles\",\"url\":\"https:\/\/orvikpower.com\/\",\"logo\":{\"@type\":\"ImageObject\",\"inLanguage\":\"hu\",\"@id\":\"https:\/\/orvikpower.com\/#\/schema\/logo\/image\/\",\"url\":\"https:\/\/orvikpower.com\/wp-content\/uploads\/2026\/01\/cropped-logo-h-main-small.png\",\"contentUrl\":\"https:\/\/orvikpower.com\/wp-content\/uploads\/2026\/01\/cropped-logo-h-main-small.png\",\"width\":512,\"height\":512,\"caption\":\"ORVIK | Light Commercial Electric Vehicles\"},\"image\":{\"@id\":\"https:\/\/orvikpower.com\/#\/schema\/logo\/image\/\"},\"sameAs\":[\"https:\/\/www.youtube.com\/@ORVIKOrvikPower\",\"https:\/\/www.pinterest.com\/OrvikPower\/\"]}]}<\/script>\n<!-- \/ Yoast SEO plugin. -->","yoast_head_json":{"title":"Off-Road Electric Shuttle sorozat (2-10 f\u00e9r\u0151helyes) | Resort &amp; Mining Utility | Factory Direct - ORVIK | ORVIK | ORVIK|K\u00f6nny\u0171 haszong\u00e9pj\u00e1rm\u0171vek elektromos j\u00e1rm\u0171vek","robots":{"index":"index","follow":"follow","max-snippet":"max-snippet:-1","max-image-preview":"max-image-preview:large","max-video-preview":"max-video-preview:-1"},"canonical":"https:\/\/orvikpower.com\/hu\/term\u00e9k\/off-road-electric-shuttle-series-2-10-seats-resort-mining-utility-factory-direct-orvik","og_locale":"hu_HU","og_type":"article","og_title":"Off-Road Electric Shuttle Series (2-10 Seats) | Resort & Mining Utility | Factory Direct - ORVIK | ORVIK|Light Commercial Electric Vehicles","og_description":"Heavy-duty electric utility vehicles featuring elevated McPherson suspension and galvanized chassis. Available in 2 to 10-seater configurations. Ideal for resorts, mining sites, and industrial parks. High-temp ready. Inquire for FCL Price.","og_url":"https:\/\/orvikpower.com\/hu\/term\u00e9k\/off-road-electric-shuttle-series-2-10-seats-resort-mining-utility-factory-direct-orvik","og_site_name":"ORVIK|Light Commercial Electric Vehicles","og_image":[{"width":800,"height":800,"url":"https:\/\/orvikpower.com\/wp-content\/uploads\/2026\/01\/Off-Road-Electric-Shuttle-Series-2-10-Seats-Resort-Mining-Utility-Factory-Direct-ORVIK.jpeg","type":"image\/jpeg"}],"twitter_card":"summary_large_image","twitter_misc":{"Becs\u00fclt olvas\u00e1si id\u0151":"2 perc"},"schema":{"@context":"https:\/\/schema.org","@graph":[{"@type":"WebPage","@id":"https:\/\/orvikpower.com\/product\/off-road-electric-shuttle-series-2-10-seats-resort-mining-utility-factory-direct-orvik","url":"https:\/\/orvikpower.com\/product\/off-road-electric-shuttle-series-2-10-seats-resort-mining-utility-factory-direct-orvik","name":"Off-Road Electric Shuttle sorozat (2-10 f\u00e9r\u0151helyes) | Resort &amp; Mining Utility | Factory Direct - ORVIK | ORVIK | ORVIK|K\u00f6nny\u0171 haszong\u00e9pj\u00e1rm\u0171vek elektromos j\u00e1rm\u0171vek","isPartOf":{"@id":"https:\/\/orvikpower.com\/#website"},"primaryImageOfPage":{"@id":"https:\/\/orvikpower.com\/product\/off-road-electric-shuttle-series-2-10-seats-resort-mining-utility-factory-direct-orvik#primaryimage"},"image":{"@id":"https:\/\/orvikpower.com\/product\/off-road-electric-shuttle-series-2-10-seats-resort-mining-utility-factory-direct-orvik#primaryimage"},"thumbnailUrl":"https:\/\/orvikpower.com\/wp-content\/uploads\/2026\/01\/Off-Road-Electric-Shuttle-Series-2-10-Seats-Resort-Mining-Utility-Factory-Direct-ORVIK.jpeg","datePublished":"2026-01-22T09:24:54+00:00","breadcrumb":{"@id":"https:\/\/orvikpower.com\/product\/off-road-electric-shuttle-series-2-10-seats-resort-mining-utility-factory-direct-orvik#breadcrumb"},"inLanguage":"hu","potentialAction":[{"@type":"ReadAction","target":["https:\/\/orvikpower.com\/product\/off-road-electric-shuttle-series-2-10-seats-resort-mining-utility-factory-direct-orvik"]}]},{"@type":"ImageObject","inLanguage":"hu","@id":"https:\/\/orvikpower.com\/product\/off-road-electric-shuttle-series-2-10-seats-resort-mining-utility-factory-direct-orvik#primaryimage","url":"https:\/\/orvikpower.com\/wp-content\/uploads\/2026\/01\/Off-Road-Electric-Shuttle-Series-2-10-Seats-Resort-Mining-Utility-Factory-Direct-ORVIK.jpeg","contentUrl":"https:\/\/orvikpower.com\/wp-content\/uploads\/2026\/01\/Off-Road-Electric-Shuttle-Series-2-10-Seats-Resort-Mining-Utility-Factory-Direct-ORVIK.jpeg","width":800,"height":800,"caption":"Heavy-duty electric utility vehicles featuring elevated McPherson suspension and galvanized chassis. Available in 2 to 10-seater configurations. Ideal for resorts, mining sites, and industrial parks. High-temp ready. Inquire for FCL Price."},{"@type":"BreadcrumbList","@id":"https:\/\/orvikpower.com\/product\/off-road-electric-shuttle-series-2-10-seats-resort-mining-utility-factory-direct-orvik#breadcrumb","itemListElement":[{"@type":"ListItem","position":1,"name":"Home","item":"https:\/\/orvikpower.com\/"},{"@type":"ListItem","position":2,"name":"SHOP","item":"https:\/\/orvikpower.com\/shop"},{"@type":"ListItem","position":3,"name":"Off-Road Electric Shuttle Series (2-10 Seats) | Resort &#038; Mining Utility | Factory Direct &#8211; ORVIK"}]},{"@type":"WebSite","@id":"https:\/\/orvikpower.com\/#website","url":"https:\/\/orvikpower.com\/","name":"ORVIK | K\u00f6nny\u0171 haszong\u00e9pj\u00e1rm\u0171vek","description":"A terepj\u00e1r\u00f3 elektromos haszonj\u00e1rm\u0171vek, pickupok \u00e9s mini teheraut\u00f3k els\u0151sz\u00e1m\u00fa gy\u00e1rt\u00f3ja. High-Temp &amp; Arctic Ready kivitelek farmok \u00e9s b\u00e1ny\u00e1k sz\u00e1m\u00e1ra. K\u00f6lts\u00e9gmegtakar\u00edt\u00e1s a Factory-Direct FCL seg\u00edts\u00e9g\u00e9vel. Tegye a munkafolyamatot. K\u00e9rjen \u00e1raj\u00e1nlatot.","publisher":{"@id":"https:\/\/orvikpower.com\/#organization"},"potentialAction":[{"@type":"SearchAction","target":{"@type":"EntryPoint","urlTemplate":"https:\/\/orvikpower.com\/?s={search_term_string}"},"query-input":{"@type":"PropertyValueSpecification","valueRequired":true,"valueName":"search_term_string"}}],"inLanguage":"hu"},{"@type":"Organization","@id":"https:\/\/orvikpower.com\/#organization","name":"ORVIK | K\u00f6nny\u0171 haszong\u00e9pj\u00e1rm\u0171vek","url":"https:\/\/orvikpower.com\/","logo":{"@type":"ImageObject","inLanguage":"hu","@id":"https:\/\/orvikpower.com\/#\/schema\/logo\/image\/","url":"https:\/\/orvikpower.com\/wp-content\/uploads\/2026\/01\/cropped-logo-h-main-small.png","contentUrl":"https:\/\/orvikpower.com\/wp-content\/uploads\/2026\/01\/cropped-logo-h-main-small.png","width":512,"height":512,"caption":"ORVIK | Light Commercial Electric Vehicles"},"image":{"@id":"https:\/\/orvikpower.com\/#\/schema\/logo\/image\/"},"sameAs":["https:\/\/www.youtube.com\/@ORVIKOrvikPower","https:\/\/www.pinterest.com\/OrvikPower\/"]}]}},"_links":{"self":[{"href":"https:\/\/orvikpower.com\/hu\/wp-json\/wp\/v2\/product\/19210","targetHints":{"allow":["GET"]}}],"collection":[{"href":"https:\/\/orvikpower.com\/hu\/wp-json\/wp\/v2\/product"}],"about":[{"href":"https:\/\/orvikpower.com\/hu\/wp-json\/wp\/v2\/types\/product"}],"replies":[{"embeddable":true,"href":"https:\/\/orvikpower.com\/hu\/wp-json\/wp\/v2\/comments?post=19210"}],"wp:featuredmedia":[{"embeddable":true,"href":"https:\/\/orvikpower.com\/hu\/wp-json\/wp\/v2\/media\/19211"}],"wp:attachment":[{"href":"https:\/\/orvikpower.com\/hu\/wp-json\/wp\/v2\/media?parent=19210"}],"wp:term":[{"taxonomy":"product_brand","embeddable":true,"href":"https:\/\/orvikpower.com\/hu\/wp-json\/wp\/v2\/product_brand?post=19210"},{"taxonomy":"product_cat","embeddable":true,"href":"https:\/\/orvikpower.com\/hu\/wp-json\/wp\/v2\/product_cat?post=19210"},{"taxonomy":"product_tag","embeddable":true,"href":"https:\/\/orvikpower.com\/hu\/wp-json\/wp\/v2\/product_tag?post=19210"}],"curies":[{"name":"wp","href":"https:\/\/api.w.org\/{rel}","templated":true}]}}