{"id":19830,"date":"2026-04-07T13:21:07","date_gmt":"2026-04-07T13:21:07","guid":{"rendered":"https:\/\/orvikpower.com\/?post_type=product&#038;p=19830"},"modified":"2026-04-07T13:21:08","modified_gmt":"2026-04-07T13:21:08","slug":"electric-cargo-tricycle-for-farm-use-factory-fcl-wholesale-orvik","status":"publish","type":"product","link":"https:\/\/orvikpower.com\/hu\/term%c3%a9k\/electric-cargo-tricycle-for-farm-use-factory-fcl-wholesale-orvik","title":{"rendered":"Elektromos teherhord\u00f3 tricikli mez\u0151gazdas\u00e1gi haszn\u00e1latra | Gy\u00e1ri FCL nagykereskedelem - ORVIK"},"content":{"rendered":"<p dir=\"auto\">A <strong>ORVIK NUEN-SK1.1 elektromos teherhord\u00f3 tricikli<\/strong> tiszta munkag\u00e9pk\u00e9nt \u00e9p\u00fclt a gazdas\u00e1gok, rakt\u00e1rak \u00e9s ipari parkok sz\u00e1m\u00e1ra. A nagy teherb\u00edr\u00e1s\u00fa v\u00e1zszerkezettel \u00e9s meger\u0151s\u00edtett h\u00edd t\u00edpus\u00fa laprug\u00f3s felf\u00fcggeszt\u00e9ssel rendelkez\u0151 trike-ot \u00fagy tervezt\u00e9k, hogy k\u00e9pes legy\u0151zni a durva terepeket \u00e9s az ak\u00e1r 30 fokos emelked\u0151ket.<\/p>\n<div class=\"my-2\"><\/div>\n<p dir=\"auto\">A k\u00fcl\u00f6nb\u00f6z\u0151 m\u0171k\u00f6d\u00e9si ig\u00e9nyek kiel\u00e9g\u00edt\u00e9se \u00e9rdek\u00e9ben az energiarendszer teljes m\u00e9rt\u00e9kben testre szabhat\u00f3 - a standard 500 W-os motort\u00f3l kezdve az opcion\u00e1lis 800 W-os vagy ann\u00e1l nagyobb teljes\u00edtm\u00e9nyig, t\u00f6k\u00e9letesen p\u00e1ros\u00edtva egy 48-60 V-os univerz\u00e1lis vez\u00e9rl\u0151vel. A v\u00e1s\u00e1rl\u00f3k rugalmasan v\u00e1laszthatnak a k\u00f6lts\u00e9ghat\u00e9kony \u00f3lom-sav akkumul\u00e1torok vagy a nagy teljes\u00edtm\u00e9ny\u0171 LiFePO4 (l\u00edtium) akkumul\u00e1torcsomagok k\u00f6z\u00f6tt a k\u00f6lts\u00e9gvet\u00e9s\u00fck \u00e9s az \u00e9ghajlatuk alapj\u00e1n.<\/p>\n<div class=\"my-2\"><\/div>\n<p dir=\"auto\">Ha flott\u00e1j\u00e1t ezzel a robusztus, alacsony karbantart\u00e1si ig\u00e9ny\u0171 elektromos triciklivel korszer\u0171s\u00edti, megsz\u00fcnteti az \u00fczemanyagk\u00f6lts\u00e9geket, \u00e9s drasztikusan cs\u00f6kkenti a j\u00e1rm\u0171vek \u00e1ll\u00e1sidej\u00e9t. Az ak\u00e1r 400 kg hasznos teherb\u00edr\u00e1s\u00fa \u00e9s megb\u00edzhat\u00f3 els\u0151 hidraulikus\/h\u00e1ts\u00f3 kett\u0151s dobf\u00e9kkel rendelkez\u0151 tricikli maxim\u00e1lis megt\u00e9r\u00fcl\u00e9st biztos\u00edt a neh\u00e9z r\u00f6vid t\u00e1v\u00fa logisztika sz\u00e1m\u00e1ra. Kiz\u00e1r\u00f3lag terepj\u00e1r\u00f3 \u00e9s mag\u00e1nter\u00fcleti haszn\u00e1latra tervezt\u00e9k, \u00edgy ez a v\u00e9gs\u0151 eszk\u00f6z, hogy a munkafolyamatok z\u00f6kken\u0151mentess\u00e9 v\u00e1ljanak.<\/p>\n<table class=\"table table-striped-white table-bordered\" style=\"width: 71.1771%; height: 312px;\" data-anchor-id=\"jh6s\">\n<thead>\n<tr style=\"height: 24px;\">\n<th style=\"height: 24px;\">Specifik\u00e1ci\u00f3 \/ param\u00e9terek<\/th>\n<th style=\"height: 24px;\">R\u00e9szletek (NUEN-SK1.1)<\/th>\n<\/tr>\n<\/thead>\n<tbody>\n<tr style=\"height: 24px;\">\n<td style=\"height: 24px;\"><strong>Rakod\u00f3hely m\u00e9retei (L*S)<\/strong><\/td>\n<td style=\"height: 24px;\">1100 * 800 mm<\/td>\n<\/tr>\n<tr style=\"height: 24px;\">\n<td style=\"height: 24px;\"><strong>Motor teljes\u00edtm\u00e9ny (kW)<\/strong><\/td>\n<td style=\"height: 24px;\">0,5 kW (500W) Standard \/ 0,8 kW opcion\u00e1lis\u00a0<em>(Testreszabhat\u00f3)<\/em><\/td>\n<\/tr>\n<tr style=\"height: 24px;\">\n<td style=\"height: 24px;\"><strong>Fesz\u00fclts\u00e9g (V)<\/strong><\/td>\n<td style=\"height: 24px;\">48-60V univerz\u00e1lis<\/td>\n<\/tr>\n<tr style=\"height: 24px;\">\n<td style=\"height: 24px;\"><strong>Akkumul\u00e1tor t\u00edpusa<\/strong><\/td>\n<td style=\"height: 24px;\">Testreszabhat\u00f3 (\u00f3lom-sav vagy LiFePO4 opci\u00f3k \u00e1llnak rendelkez\u00e9sre)<\/td>\n<\/tr>\n<tr style=\"height: 24px;\">\n<td style=\"height: 24px;\"><strong>Maxim\u00e1lis hat\u00f3t\u00e1vols\u00e1g (km)<\/strong><\/td>\n<td style=\"height: 24px;\"><em>A kiv\u00e1lasztott akkumul\u00e1tor kapacit\u00e1s\u00e1t\u00f3l f\u00fcgg<\/em><\/td>\n<\/tr>\n<tr style=\"height: 24px;\">\n<td style=\"height: 24px;\"><strong>Terhelhet\u0151s\u00e9g (kg)<\/strong><\/td>\n<td style=\"height: 24px;\">400 kg-ig<\/td>\n<\/tr>\n<tr style=\"height: 24px;\">\n<td style=\"height: 24px;\"><strong>V\u00e9gsebess\u00e9g (km\/h)<\/strong><\/td>\n<td style=\"height: 24px;\">30-40 km\/h\u00a0<em>(Kiz\u00e1r\u00f3lag terepen \/ mag\u00e1nter\u00fcleteken)<\/em><\/td>\n<\/tr>\n<tr style=\"height: 24px;\">\n<td style=\"height: 24px;\"><strong>M\u00e1sz\u00f3k\u00e9pess\u00e9g<\/strong><\/td>\n<td style=\"height: 24px;\">15-30 fok<\/td>\n<\/tr>\n<tr style=\"height: 24px;\">\n<td style=\"height: 24px;\"><strong>Felf\u00fcggeszt\u00e9s t\u00edpusa<\/strong><\/td>\n<td style=\"height: 24px;\">H\u00edd t\u00edpus\u00fa laprug\u00f3s felf\u00fcggeszt\u00e9s<\/td>\n<\/tr>\n<tr style=\"height: 24px;\">\n<td style=\"height: 24px;\"><strong>F\u00e9krendszer<\/strong><\/td>\n<td style=\"height: 24px;\">Els\u0151 hidraulikus \/ h\u00e1ts\u00f3 kett\u0151s dobf\u00e9kek<\/td>\n<\/tr>\n<tr style=\"height: 24px;\">\n<td style=\"height: 24px;\"><strong>Gumiabroncs m\u00e9rete<\/strong><\/td>\n<td style=\"height: 24px;\">300-12 meger\u0151s\u00edtett vas-ac\u00e9l felnikkel<\/td>\n<\/tr>\n<tr style=\"height: 24px;\">\n<td style=\"height: 24px;\"><strong>Rakod\u00e1si mennyis\u00e9g (40HQ)<\/strong><\/td>\n<td style=\"height: 24px;\">Kb. 110-130 darab (SKD) -\u00a0<em>A v\u00e9gs\u0151 csomagol\u00e1s f\u00fcggv\u00e9ny\u00e9ben<\/em><\/td>\n<\/tr>\n<\/tbody>\n<\/table>\n<p dir=\"auto\">","protected":false},"excerpt":{"rendered":"<p dir=\"auto\">A NUEN-SK1.1 elektromos teherhord\u00f3 tricikli forr\u00e1sa flott\u00e1ja sz\u00e1m\u00e1ra. Magas h\u0151m\u00e9rs\u00e9klet\u0171, alacsony karbantart\u00e1si ig\u00e9ny\u0171, 400 kg hasznos teherb\u00edr\u00e1s\u00fa \u00e9s terepj\u00e1r\u00f3 kivitel\u0171. \u00c9rdekl\u0151dj\u00f6n a gy\u00e1ri FCL \u00e1rr\u00f3l!<\/p>","protected":false},"featured_media":19831,"comment_status":"open","ping_status":"closed","template":"","meta":{"_eb_attr":""},"product_brand":[],"product_cat":[79,77],"product_tag":[125,147,91,151,149,123],"class_list":{"0":"post-19830","1":"product","2":"type-product","3":"status-publish","4":"has-post-thumbnail","6":"product_cat-electric-cargo-tricycles","7":"product_cat-utility-logistics","8":"product_tag-factory","9":"product_tag-farm","10":"product_tag-industrial-park","11":"product_tag-last-mile-delivery","12":"product_tag-off-road","13":"product_tag-warehouse","15":"first","16":"instock","17":"shipping-taxable","18":"product-type-simple"},"yoast_head":"<!-- This site is optimized with the Yoast SEO plugin v26.9 - https:\/\/yoast.com\/product\/yoast-seo-wordpress\/ -->\n<title>Electric Cargo Tricycle for Farm Use | Factory FCL Wholesale - ORVIK | ORVIK|Light Commercial Electric Vehicles<\/title>\n<meta name=\"robots\" content=\"index, follow, max-snippet:-1, max-image-preview:large, max-video-preview:-1\" \/>\n<link rel=\"canonical\" href=\"https:\/\/orvikpower.com\/hu\/term\u00e9k\/electric-cargo-tricycle-for-farm-use-factory-fcl-wholesale-orvik\" \/>\n<meta property=\"og:locale\" content=\"hu_HU\" \/>\n<meta property=\"og:type\" content=\"article\" \/>\n<meta property=\"og:title\" content=\"Electric Cargo Tricycle for Farm Use | Factory FCL Wholesale - ORVIK | ORVIK|Light Commercial Electric Vehicles\" \/>\n<meta property=\"og:description\" content=\"Source the NUEN-SK1.1 Electric Cargo Tricycle for your fleet. High-temp ready, low maintenance, 400kg payload &amp; off-road built. Inquire for factory FCL price!\" \/>\n<meta property=\"og:url\" content=\"https:\/\/orvikpower.com\/hu\/term\u00e9k\/electric-cargo-tricycle-for-farm-use-factory-fcl-wholesale-orvik\" \/>\n<meta property=\"og:site_name\" content=\"ORVIK|Light Commercial Electric Vehicles\" \/>\n<meta property=\"article:modified_time\" content=\"2026-04-07T13:21:08+00:00\" \/>\n<meta property=\"og:image\" content=\"https:\/\/orvikpower.com\/wp-content\/uploads\/2026\/04\/nuke.png\" \/>\n\t<meta property=\"og:image:width\" content=\"588\" \/>\n\t<meta property=\"og:image:height\" content=\"584\" \/>\n\t<meta property=\"og:image:type\" content=\"image\/png\" \/>\n<meta name=\"twitter:card\" content=\"summary_large_image\" \/>\n<meta name=\"twitter:label1\" content=\"Becs\u00fclt olvas\u00e1si id\u0151\" \/>\n\t<meta name=\"twitter:data1\" content=\"2 perc\" \/>\n<script type=\"application\/ld+json\" class=\"yoast-schema-graph\">{\"@context\":\"https:\/\/schema.org\",\"@graph\":[{\"@type\":\"WebPage\",\"@id\":\"https:\/\/orvikpower.com\/product\/electric-cargo-tricycle-for-farm-use-factory-fcl-wholesale-orvik\",\"url\":\"https:\/\/orvikpower.com\/product\/electric-cargo-tricycle-for-farm-use-factory-fcl-wholesale-orvik\",\"name\":\"Electric Cargo Tricycle for Farm Use | Factory FCL Wholesale - ORVIK | ORVIK|Light Commercial Electric Vehicles\",\"isPartOf\":{\"@id\":\"https:\/\/orvikpower.com\/#website\"},\"primaryImageOfPage\":{\"@id\":\"https:\/\/orvikpower.com\/product\/electric-cargo-tricycle-for-farm-use-factory-fcl-wholesale-orvik#primaryimage\"},\"image\":{\"@id\":\"https:\/\/orvikpower.com\/product\/electric-cargo-tricycle-for-farm-use-factory-fcl-wholesale-orvik#primaryimage\"},\"thumbnailUrl\":\"https:\/\/orvikpower.com\/wp-content\/uploads\/2026\/04\/nuke.png\",\"datePublished\":\"2026-04-07T13:21:07+00:00\",\"dateModified\":\"2026-04-07T13:21:08+00:00\",\"breadcrumb\":{\"@id\":\"https:\/\/orvikpower.com\/product\/electric-cargo-tricycle-for-farm-use-factory-fcl-wholesale-orvik#breadcrumb\"},\"inLanguage\":\"hu\",\"potentialAction\":[{\"@type\":\"ReadAction\",\"target\":[\"https:\/\/orvikpower.com\/product\/electric-cargo-tricycle-for-farm-use-factory-fcl-wholesale-orvik\"]}]},{\"@type\":\"ImageObject\",\"inLanguage\":\"hu\",\"@id\":\"https:\/\/orvikpower.com\/product\/electric-cargo-tricycle-for-farm-use-factory-fcl-wholesale-orvik#primaryimage\",\"url\":\"https:\/\/orvikpower.com\/wp-content\/uploads\/2026\/04\/nuke.png\",\"contentUrl\":\"https:\/\/orvikpower.com\/wp-content\/uploads\/2026\/04\/nuke.png\",\"width\":588,\"height\":584,\"caption\":\"Source the NUEN-SK1.1 Electric Cargo Tricycle for your fleet. High-temp ready, low maintenance, 400kg payload & off-road built. Inquire for factory FCL price!\"},{\"@type\":\"BreadcrumbList\",\"@id\":\"https:\/\/orvikpower.com\/product\/electric-cargo-tricycle-for-farm-use-factory-fcl-wholesale-orvik#breadcrumb\",\"itemListElement\":[{\"@type\":\"ListItem\",\"position\":1,\"name\":\"Home\",\"item\":\"https:\/\/orvikpower.com\/\"},{\"@type\":\"ListItem\",\"position\":2,\"name\":\"SHOP\",\"item\":\"https:\/\/orvikpower.com\/shop\"},{\"@type\":\"ListItem\",\"position\":3,\"name\":\"Electric Cargo Tricycle for Farm Use | Factory FCL Wholesale &#8211; ORVIK\"}]},{\"@type\":\"WebSite\",\"@id\":\"https:\/\/orvikpower.com\/#website\",\"url\":\"https:\/\/orvikpower.com\/\",\"name\":\"ORVIK | Light Commercial Electric Vehicles\",\"description\":\"Premier Manufacturer of Off-road Electric Utility Vehicles, Pickups &amp; Mini Trucks. High-Temp &amp; Arctic Ready designs for farms &amp; mines. Save costs with Factory-Direct FCL. Make work flow. Get a Quote.\",\"publisher\":{\"@id\":\"https:\/\/orvikpower.com\/#organization\"},\"potentialAction\":[{\"@type\":\"SearchAction\",\"target\":{\"@type\":\"EntryPoint\",\"urlTemplate\":\"https:\/\/orvikpower.com\/?s={search_term_string}\"},\"query-input\":{\"@type\":\"PropertyValueSpecification\",\"valueRequired\":true,\"valueName\":\"search_term_string\"}}],\"inLanguage\":\"hu\"},{\"@type\":\"Organization\",\"@id\":\"https:\/\/orvikpower.com\/#organization\",\"name\":\"ORVIK | Light Commercial Electric Vehicles\",\"url\":\"https:\/\/orvikpower.com\/\",\"logo\":{\"@type\":\"ImageObject\",\"inLanguage\":\"hu\",\"@id\":\"https:\/\/orvikpower.com\/#\/schema\/logo\/image\/\",\"url\":\"https:\/\/orvikpower.com\/wp-content\/uploads\/2026\/01\/cropped-logo-h-main-small.png\",\"contentUrl\":\"https:\/\/orvikpower.com\/wp-content\/uploads\/2026\/01\/cropped-logo-h-main-small.png\",\"width\":512,\"height\":512,\"caption\":\"ORVIK | Light Commercial Electric Vehicles\"},\"image\":{\"@id\":\"https:\/\/orvikpower.com\/#\/schema\/logo\/image\/\"},\"sameAs\":[\"https:\/\/www.youtube.com\/@ORVIKOrvikPower\",\"https:\/\/www.pinterest.com\/OrvikPower\/\"]}]}<\/script>\n<!-- \/ Yoast SEO plugin. -->","yoast_head_json":{"title":"Elektromos teherhord\u00f3 tricikli mez\u0151gazdas\u00e1gi haszn\u00e1latra | Gy\u00e1ri FCL nagykereskedelem - ORVIK | ORVIK | ORVIK | K\u00f6nny\u0171 haszong\u00e9pj\u00e1rm\u0171vek elektromos j\u00e1rm\u0171vek","robots":{"index":"index","follow":"follow","max-snippet":"max-snippet:-1","max-image-preview":"max-image-preview:large","max-video-preview":"max-video-preview:-1"},"canonical":"https:\/\/orvikpower.com\/hu\/term\u00e9k\/electric-cargo-tricycle-for-farm-use-factory-fcl-wholesale-orvik","og_locale":"hu_HU","og_type":"article","og_title":"Electric Cargo Tricycle for Farm Use | Factory FCL Wholesale - ORVIK | ORVIK|Light Commercial Electric Vehicles","og_description":"Source the NUEN-SK1.1 Electric Cargo Tricycle for your fleet. High-temp ready, low maintenance, 400kg payload &amp; off-road built. Inquire for factory FCL price!","og_url":"https:\/\/orvikpower.com\/hu\/term\u00e9k\/electric-cargo-tricycle-for-farm-use-factory-fcl-wholesale-orvik","og_site_name":"ORVIK|Light Commercial Electric Vehicles","article_modified_time":"2026-04-07T13:21:08+00:00","og_image":[{"width":588,"height":584,"url":"https:\/\/orvikpower.com\/wp-content\/uploads\/2026\/04\/nuke.png","type":"image\/png"}],"twitter_card":"summary_large_image","twitter_misc":{"Becs\u00fclt olvas\u00e1si id\u0151":"2 perc"},"schema":{"@context":"https:\/\/schema.org","@graph":[{"@type":"WebPage","@id":"https:\/\/orvikpower.com\/product\/electric-cargo-tricycle-for-farm-use-factory-fcl-wholesale-orvik","url":"https:\/\/orvikpower.com\/product\/electric-cargo-tricycle-for-farm-use-factory-fcl-wholesale-orvik","name":"Elektromos teherhord\u00f3 tricikli mez\u0151gazdas\u00e1gi haszn\u00e1latra | Gy\u00e1ri FCL nagykereskedelem - ORVIK | ORVIK | ORVIK | K\u00f6nny\u0171 haszong\u00e9pj\u00e1rm\u0171vek elektromos j\u00e1rm\u0171vek","isPartOf":{"@id":"https:\/\/orvikpower.com\/#website"},"primaryImageOfPage":{"@id":"https:\/\/orvikpower.com\/product\/electric-cargo-tricycle-for-farm-use-factory-fcl-wholesale-orvik#primaryimage"},"image":{"@id":"https:\/\/orvikpower.com\/product\/electric-cargo-tricycle-for-farm-use-factory-fcl-wholesale-orvik#primaryimage"},"thumbnailUrl":"https:\/\/orvikpower.com\/wp-content\/uploads\/2026\/04\/nuke.png","datePublished":"2026-04-07T13:21:07+00:00","dateModified":"2026-04-07T13:21:08+00:00","breadcrumb":{"@id":"https:\/\/orvikpower.com\/product\/electric-cargo-tricycle-for-farm-use-factory-fcl-wholesale-orvik#breadcrumb"},"inLanguage":"hu","potentialAction":[{"@type":"ReadAction","target":["https:\/\/orvikpower.com\/product\/electric-cargo-tricycle-for-farm-use-factory-fcl-wholesale-orvik"]}]},{"@type":"ImageObject","inLanguage":"hu","@id":"https:\/\/orvikpower.com\/product\/electric-cargo-tricycle-for-farm-use-factory-fcl-wholesale-orvik#primaryimage","url":"https:\/\/orvikpower.com\/wp-content\/uploads\/2026\/04\/nuke.png","contentUrl":"https:\/\/orvikpower.com\/wp-content\/uploads\/2026\/04\/nuke.png","width":588,"height":584,"caption":"Source the NUEN-SK1.1 Electric Cargo Tricycle for your fleet. High-temp ready, low maintenance, 400kg payload & off-road built. Inquire for factory FCL price!"},{"@type":"BreadcrumbList","@id":"https:\/\/orvikpower.com\/product\/electric-cargo-tricycle-for-farm-use-factory-fcl-wholesale-orvik#breadcrumb","itemListElement":[{"@type":"ListItem","position":1,"name":"Home","item":"https:\/\/orvikpower.com\/"},{"@type":"ListItem","position":2,"name":"SHOP","item":"https:\/\/orvikpower.com\/shop"},{"@type":"ListItem","position":3,"name":"Electric Cargo Tricycle for Farm Use | Factory FCL Wholesale &#8211; ORVIK"}]},{"@type":"WebSite","@id":"https:\/\/orvikpower.com\/#website","url":"https:\/\/orvikpower.com\/","name":"ORVIK | K\u00f6nny\u0171 haszong\u00e9pj\u00e1rm\u0171vek","description":"A terepj\u00e1r\u00f3 elektromos haszonj\u00e1rm\u0171vek, pickupok \u00e9s mini teheraut\u00f3k els\u0151sz\u00e1m\u00fa gy\u00e1rt\u00f3ja. High-Temp &amp; Arctic Ready kivitelek farmok \u00e9s b\u00e1ny\u00e1k sz\u00e1m\u00e1ra. K\u00f6lts\u00e9gmegtakar\u00edt\u00e1s a Factory-Direct FCL seg\u00edts\u00e9g\u00e9vel. Tegye a munkafolyamatot. K\u00e9rjen \u00e1raj\u00e1nlatot.","publisher":{"@id":"https:\/\/orvikpower.com\/#organization"},"potentialAction":[{"@type":"SearchAction","target":{"@type":"EntryPoint","urlTemplate":"https:\/\/orvikpower.com\/?s={search_term_string}"},"query-input":{"@type":"PropertyValueSpecification","valueRequired":true,"valueName":"search_term_string"}}],"inLanguage":"hu"},{"@type":"Organization","@id":"https:\/\/orvikpower.com\/#organization","name":"ORVIK | K\u00f6nny\u0171 haszong\u00e9pj\u00e1rm\u0171vek","url":"https:\/\/orvikpower.com\/","logo":{"@type":"ImageObject","inLanguage":"hu","@id":"https:\/\/orvikpower.com\/#\/schema\/logo\/image\/","url":"https:\/\/orvikpower.com\/wp-content\/uploads\/2026\/01\/cropped-logo-h-main-small.png","contentUrl":"https:\/\/orvikpower.com\/wp-content\/uploads\/2026\/01\/cropped-logo-h-main-small.png","width":512,"height":512,"caption":"ORVIK | Light Commercial Electric Vehicles"},"image":{"@id":"https:\/\/orvikpower.com\/#\/schema\/logo\/image\/"},"sameAs":["https:\/\/www.youtube.com\/@ORVIKOrvikPower","https:\/\/www.pinterest.com\/OrvikPower\/"]}]}},"_links":{"self":[{"href":"https:\/\/orvikpower.com\/hu\/wp-json\/wp\/v2\/product\/19830","targetHints":{"allow":["GET"]}}],"collection":[{"href":"https:\/\/orvikpower.com\/hu\/wp-json\/wp\/v2\/product"}],"about":[{"href":"https:\/\/orvikpower.com\/hu\/wp-json\/wp\/v2\/types\/product"}],"replies":[{"embeddable":true,"href":"https:\/\/orvikpower.com\/hu\/wp-json\/wp\/v2\/comments?post=19830"}],"wp:featuredmedia":[{"embeddable":true,"href":"https:\/\/orvikpower.com\/hu\/wp-json\/wp\/v2\/media\/19831"}],"wp:attachment":[{"href":"https:\/\/orvikpower.com\/hu\/wp-json\/wp\/v2\/media?parent=19830"}],"wp:term":[{"taxonomy":"product_brand","embeddable":true,"href":"https:\/\/orvikpower.com\/hu\/wp-json\/wp\/v2\/product_brand?post=19830"},{"taxonomy":"product_cat","embeddable":true,"href":"https:\/\/orvikpower.com\/hu\/wp-json\/wp\/v2\/product_cat?post=19830"},{"taxonomy":"product_tag","embeddable":true,"href":"https:\/\/orvikpower.com\/hu\/wp-json\/wp\/v2\/product_tag?post=19830"}],"curies":[{"name":"wp","href":"https:\/\/api.w.org\/{rel}","templated":true}]}}