{"id":19834,"date":"2026-04-07T15:00:10","date_gmt":"2026-04-07T15:00:10","guid":{"rendered":"https:\/\/orvikpower.com\/?post_type=product&#038;p=19834"},"modified":"2026-04-07T15:00:10","modified_gmt":"2026-04-07T15:00:10","slug":"sk1-3-electric-cargo-trike-for-farm-mining-factory-direct-fcl-orvik","status":"publish","type":"product","link":"https:\/\/orvikpower.com\/hu\/term%c3%a9k\/sk1-3-electric-cargo-trike-for-farm-mining-factory-direct-fcl-orvik","title":{"rendered":"SK1.3 elektromos teherhord\u00f3 trike a gazdas\u00e1g \u00e9s a b\u00e1ny\u00e1szat sz\u00e1m\u00e1ra | Factory Direct FCL - ORVIK"},"content":{"rendered":"<p dir=\"auto\">Az ORVIK SK1.3 egy nagy teherb\u00edr\u00e1s\u00fa elektromos teherhord\u00f3 tricikli, amelyet szigor\u00faan terepre \u00e9s mag\u00e1nter\u00fcletre terveztek. Ez a meger\u0151s\u00edtett v\u00e1zszerkezettel \u00e9s h\u00e1ts\u00f3 laprug\u00f3s felf\u00fcggeszt\u00e9ssel \u00e9p\u00edtett munkag\u00e9p k\u00f6nnyed\u00e9n kezeli az ak\u00e1r 500 kg-os hasznos terhet a zord mez\u0151gazdas\u00e1gi utakon vagy az ig\u00e9nyes b\u00e1nyatelepeken. A be\u00e9p\u00edtett h\u00e1ts\u00f3 meghajt\u00e1s\u00fa differenci\u00e1lm\u0171 maxim\u00e1lis tapad\u00e1st biztos\u00edt, jelent\u0151sen cs\u00f6kkentve az elakad\u00e1s kock\u00e1zat\u00e1t a zord k\u00f6rnyezetben.<\/p>\n<div class=\"my-2\"><\/div>\n<p dir=\"auto\">Az SK1.3 az \u00f6sszetett hajt\u00e1srendszerek kik\u00fcsz\u00f6b\u00f6l\u00e9s\u00e9vel drasztikusan cs\u00f6kkenti a flotta karbantart\u00e1si k\u00f6lts\u00e9geit \u00e9s az \u00fczemsz\u00fcneteket. A k\u00fcl\u00f6nb\u00f6z\u0151 region\u00e1lis ig\u00e9nyek kiel\u00e9g\u00edt\u00e9se \u00e9rdek\u00e9ben az akkumul\u00e1torrendszer teljes m\u00e9rt\u00e9kben testre szabhat\u00f3 (a lehet\u0151s\u00e9gek k\u00f6z\u00f6tt szerepel a hagyom\u00e1nyos \u00f3lom-sav akkumul\u00e1tor vagy a sz\u00e9ls\u0151s\u00e9ges \u00e9ghajlatra sz\u00e1nt nagy s\u0171r\u0171s\u00e9g\u0171 LiFePO4 akkumul\u00e1tor). Tov\u00e1bb\u00e1 a hajt\u00e1sl\u00e1nc rugalmas: b\u00e1r alapfelszerelts\u00e9gk\u00e9nt egy robusztus 800 W-os motorral van felszerelve, egyedi teljes\u00edtm\u00e9nyt \u00e9s opcion\u00e1lis hat\u00f3t\u00e1v-b\u0151v\u00edt\u0151ket k\u00edn\u00e1lunk, hogy megfeleljen az \u00d6n egyedi sz\u00e1ll\u00edt\u00e1si ig\u00e9nyeinek. Kem\u00e9nyre \u00e9p\u00edtett. K\u00f6zvetlen\u00fcl. \u00dagy tervezt\u00e9k, hogy a munka foly\u00e9konyan folyjon.<\/p>\n<table>\n<thead>\n<tr>\n<th>Param\u00e9ter kateg\u00f3ria<\/th>\n<th>Specifik\u00e1ci\u00f3 r\u00e9szletek<\/th>\n<\/tr>\n<\/thead>\n<tbody>\n<tr>\n<td><strong>Rakod\u00f3\u00e1gy m\u00e9retei (L*S*H)<\/strong><\/td>\n<td>1300 * 1000 mm<\/td>\n<\/tr>\n<tr>\n<td><strong>Testszerkezet<\/strong><\/td>\n<td>Meger\u0151s\u00edtett keretszerkezet<\/td>\n<\/tr>\n<tr>\n<td><strong>Fesz\u00fclts\u00e9g<\/strong><\/td>\n<td>48-60V univerz\u00e1lis<\/td>\n<\/tr>\n<tr>\n<td><strong>Motor teljes\u00edtm\u00e9ny<\/strong><\/td>\n<td>800W (testreszabhat\u00f3 teljes\u00edtm\u00e9ny opci\u00f3k \u00e1llnak rendelkez\u00e9sre)<\/td>\n<\/tr>\n<tr>\n<td><strong>Akkumul\u00e1tor t\u00edpusa<\/strong><\/td>\n<td>Testreszabhat\u00f3 (\u00f3lom-sav \/ LiFePO4)<\/td>\n<\/tr>\n<tr>\n<td><strong>Hajt\u00e1srendszer<\/strong><\/td>\n<td>H\u00e1ts\u00f3 tengely integr\u00e1lt differenci\u00e1lm\u0171<\/td>\n<\/tr>\n<tr>\n<td><strong>Felf\u00fcggeszt\u00e9s<\/strong><\/td>\n<td>Els\u0151 hidraulikus \/ h\u00e1ts\u00f3 laprug\u00f3s ac\u00e9llemez<\/td>\n<\/tr>\n<tr>\n<td><strong>F\u00e9krendszer<\/strong><\/td>\n<td>Els\u0151 hidraulikus \/ h\u00e1ts\u00f3 kett\u0151s dobf\u00e9kek<\/td>\n<\/tr>\n<tr>\n<td><strong>Gumiabroncs m\u00e9rete<\/strong><\/td>\n<td>El\u00f6l: 3.0-10 \/ H\u00e1tul: 3.5-10<\/td>\n<\/tr>\n<tr>\n<td><strong>Maxim\u00e1lis sebess\u00e9g<\/strong><\/td>\n<td>30-40 km\/h (terepen \/ csak mag\u00e1nter\u00fcleten)<\/td>\n<\/tr>\n<tr>\n<td><strong>M\u00e1sz\u00f3k\u00e9pess\u00e9g<\/strong><\/td>\n<td>15 - 30 fok<\/td>\n<\/tr>\n<tr>\n<td><strong>N\u00e9vleges terhelhet\u0151s\u00e9g<\/strong><\/td>\n<td>300 - 500 KG<\/td>\n<\/tr>\n<tr>\n<td><strong>Rakod\u00e1si mennyis\u00e9g (40HQ)<\/strong><\/td>\n<td>Kb. 50-60 darab (SKD - a pontos elrendez\u00e9s\u00e9rt \u00e9rdekl\u0151dj\u00f6n)<\/td>\n<\/tr>\n<\/tbody>\n<\/table>","protected":false},"excerpt":{"rendered":"<p>Nagykereskedelmi 800W-os elektromos teherhord\u00f3 trike 500kg hasznos teherb\u00edr\u00e1ssal. Magas h\u0151m\u00e9rs\u00e9kletre k\u00e9sz, alacsony karbantart\u00e1si ig\u00e9ny\u0171, meger\u0151s\u00edtett alv\u00e1z terepj\u00e1r\u00f3 haszn\u00e1latra. K\u00e9rjen gy\u00e1ri FCL \u00e1raj\u00e1nlatot m\u00e9g ma.<\/p>","protected":false},"featured_media":19835,"comment_status":"open","ping_status":"closed","template":"","meta":{"_eb_attr":""},"product_brand":[],"product_cat":[79,77],"product_tag":[125,147,91,152,153,149],"class_list":{"0":"post-19834","1":"product","2":"type-product","3":"status-publish","4":"has-post-thumbnail","6":"product_cat-electric-cargo-tricycles","7":"product_cat-utility-logistics","8":"product_tag-factory","9":"product_tag-farm","10":"product_tag-industrial-park","11":"product_tag-mining-area","12":"product_tag-new-rural-construction","13":"product_tag-off-road","15":"first","16":"instock","17":"shipping-taxable","18":"product-type-simple"},"yoast_head":"<!-- This site is optimized with the Yoast SEO plugin v26.9 - https:\/\/yoast.com\/product\/yoast-seo-wordpress\/ -->\n<title>SK1.3 Electric Cargo Trike for Farm &amp; Mining | Factory Direct FCL - ORVIK | ORVIK|Light Commercial Electric Vehicles<\/title>\n<meta name=\"robots\" content=\"index, follow, max-snippet:-1, max-image-preview:large, max-video-preview:-1\" \/>\n<link rel=\"canonical\" href=\"https:\/\/orvikpower.com\/hu\/term\u00e9k\/sk1-3-electric-cargo-trike-for-farm-mining-factory-direct-fcl-orvik\" \/>\n<meta property=\"og:locale\" content=\"hu_HU\" \/>\n<meta property=\"og:type\" content=\"article\" \/>\n<meta property=\"og:title\" content=\"SK1.3 Electric Cargo Trike for Farm &amp; Mining | Factory Direct FCL - ORVIK | ORVIK|Light Commercial Electric Vehicles\" \/>\n<meta property=\"og:description\" content=\"Wholesale 800W electric cargo trike with 500kg payload. High-temp ready, low maintenance reinforced chassis for off-road use. Get factory FCL quote today.\" \/>\n<meta property=\"og:url\" content=\"https:\/\/orvikpower.com\/hu\/term\u00e9k\/sk1-3-electric-cargo-trike-for-farm-mining-factory-direct-fcl-orvik\" \/>\n<meta property=\"og:site_name\" content=\"ORVIK|Light Commercial Electric Vehicles\" \/>\n<meta property=\"og:image\" content=\"https:\/\/orvikpower.com\/wp-content\/uploads\/2026\/04\/main_image.png\" \/>\n\t<meta property=\"og:image:width\" content=\"2008\" \/>\n\t<meta property=\"og:image:height\" content=\"2008\" \/>\n\t<meta property=\"og:image:type\" content=\"image\/png\" \/>\n<meta name=\"twitter:card\" content=\"summary_large_image\" \/>\n<meta name=\"twitter:label1\" content=\"Becs\u00fclt olvas\u00e1si id\u0151\" \/>\n\t<meta name=\"twitter:data1\" content=\"2 perc\" \/>\n<script type=\"application\/ld+json\" class=\"yoast-schema-graph\">{\"@context\":\"https:\/\/schema.org\",\"@graph\":[{\"@type\":\"WebPage\",\"@id\":\"https:\/\/orvikpower.com\/product\/sk1-3-electric-cargo-trike-for-farm-mining-factory-direct-fcl-orvik\",\"url\":\"https:\/\/orvikpower.com\/product\/sk1-3-electric-cargo-trike-for-farm-mining-factory-direct-fcl-orvik\",\"name\":\"SK1.3 Electric Cargo Trike for Farm & Mining | Factory Direct FCL - ORVIK | ORVIK|Light Commercial Electric Vehicles\",\"isPartOf\":{\"@id\":\"https:\/\/orvikpower.com\/#website\"},\"primaryImageOfPage\":{\"@id\":\"https:\/\/orvikpower.com\/product\/sk1-3-electric-cargo-trike-for-farm-mining-factory-direct-fcl-orvik#primaryimage\"},\"image\":{\"@id\":\"https:\/\/orvikpower.com\/product\/sk1-3-electric-cargo-trike-for-farm-mining-factory-direct-fcl-orvik#primaryimage\"},\"thumbnailUrl\":\"https:\/\/orvikpower.com\/wp-content\/uploads\/2026\/04\/main_image.png\",\"datePublished\":\"2026-04-07T15:00:10+00:00\",\"breadcrumb\":{\"@id\":\"https:\/\/orvikpower.com\/product\/sk1-3-electric-cargo-trike-for-farm-mining-factory-direct-fcl-orvik#breadcrumb\"},\"inLanguage\":\"hu\",\"potentialAction\":[{\"@type\":\"ReadAction\",\"target\":[\"https:\/\/orvikpower.com\/product\/sk1-3-electric-cargo-trike-for-farm-mining-factory-direct-fcl-orvik\"]}]},{\"@type\":\"ImageObject\",\"inLanguage\":\"hu\",\"@id\":\"https:\/\/orvikpower.com\/product\/sk1-3-electric-cargo-trike-for-farm-mining-factory-direct-fcl-orvik#primaryimage\",\"url\":\"https:\/\/orvikpower.com\/wp-content\/uploads\/2026\/04\/main_image.png\",\"contentUrl\":\"https:\/\/orvikpower.com\/wp-content\/uploads\/2026\/04\/main_image.png\",\"width\":2008,\"height\":2008,\"caption\":\"Wholesale 800W electric cargo trike with 500kg payload. High-temp ready, low maintenance reinforced chassis for off-road use. Get factory FCL quote today.\"},{\"@type\":\"BreadcrumbList\",\"@id\":\"https:\/\/orvikpower.com\/product\/sk1-3-electric-cargo-trike-for-farm-mining-factory-direct-fcl-orvik#breadcrumb\",\"itemListElement\":[{\"@type\":\"ListItem\",\"position\":1,\"name\":\"Home\",\"item\":\"https:\/\/orvikpower.com\/\"},{\"@type\":\"ListItem\",\"position\":2,\"name\":\"SHOP\",\"item\":\"https:\/\/orvikpower.com\/shop\"},{\"@type\":\"ListItem\",\"position\":3,\"name\":\"SK1.3 Electric Cargo Trike for Farm &#038; Mining | Factory Direct FCL &#8211; ORVIK\"}]},{\"@type\":\"WebSite\",\"@id\":\"https:\/\/orvikpower.com\/#website\",\"url\":\"https:\/\/orvikpower.com\/\",\"name\":\"ORVIK | Light Commercial Electric Vehicles\",\"description\":\"Premier Manufacturer of Off-road Electric Utility Vehicles, Pickups &amp; Mini Trucks. High-Temp &amp; Arctic Ready designs for farms &amp; mines. Save costs with Factory-Direct FCL. Make work flow. Get a Quote.\",\"publisher\":{\"@id\":\"https:\/\/orvikpower.com\/#organization\"},\"potentialAction\":[{\"@type\":\"SearchAction\",\"target\":{\"@type\":\"EntryPoint\",\"urlTemplate\":\"https:\/\/orvikpower.com\/?s={search_term_string}\"},\"query-input\":{\"@type\":\"PropertyValueSpecification\",\"valueRequired\":true,\"valueName\":\"search_term_string\"}}],\"inLanguage\":\"hu\"},{\"@type\":\"Organization\",\"@id\":\"https:\/\/orvikpower.com\/#organization\",\"name\":\"ORVIK | Light Commercial Electric Vehicles\",\"url\":\"https:\/\/orvikpower.com\/\",\"logo\":{\"@type\":\"ImageObject\",\"inLanguage\":\"hu\",\"@id\":\"https:\/\/orvikpower.com\/#\/schema\/logo\/image\/\",\"url\":\"https:\/\/orvikpower.com\/wp-content\/uploads\/2026\/01\/cropped-logo-h-main-small.png\",\"contentUrl\":\"https:\/\/orvikpower.com\/wp-content\/uploads\/2026\/01\/cropped-logo-h-main-small.png\",\"width\":512,\"height\":512,\"caption\":\"ORVIK | Light Commercial Electric Vehicles\"},\"image\":{\"@id\":\"https:\/\/orvikpower.com\/#\/schema\/logo\/image\/\"},\"sameAs\":[\"https:\/\/www.youtube.com\/@ORVIKOrvikPower\",\"https:\/\/www.pinterest.com\/OrvikPower\/\"]}]}<\/script>\n<!-- \/ Yoast SEO plugin. -->","yoast_head_json":{"title":"SK1.3 elektromos teherhord\u00f3 trike a gazdas\u00e1g \u00e9s a b\u00e1ny\u00e1szat sz\u00e1m\u00e1ra | Factory Direct FCL - ORVIK | ORVIK | ORVIK | K\u00f6nny\u0171 haszong\u00e9pj\u00e1rm\u0171vek elektromos j\u00e1rm\u0171vek","robots":{"index":"index","follow":"follow","max-snippet":"max-snippet:-1","max-image-preview":"max-image-preview:large","max-video-preview":"max-video-preview:-1"},"canonical":"https:\/\/orvikpower.com\/hu\/term\u00e9k\/sk1-3-electric-cargo-trike-for-farm-mining-factory-direct-fcl-orvik","og_locale":"hu_HU","og_type":"article","og_title":"SK1.3 Electric Cargo Trike for Farm & Mining | Factory Direct FCL - ORVIK | ORVIK|Light Commercial Electric Vehicles","og_description":"Wholesale 800W electric cargo trike with 500kg payload. High-temp ready, low maintenance reinforced chassis for off-road use. Get factory FCL quote today.","og_url":"https:\/\/orvikpower.com\/hu\/term\u00e9k\/sk1-3-electric-cargo-trike-for-farm-mining-factory-direct-fcl-orvik","og_site_name":"ORVIK|Light Commercial Electric Vehicles","og_image":[{"width":2008,"height":2008,"url":"https:\/\/orvikpower.com\/wp-content\/uploads\/2026\/04\/main_image.png","type":"image\/png"}],"twitter_card":"summary_large_image","twitter_misc":{"Becs\u00fclt olvas\u00e1si id\u0151":"2 perc"},"schema":{"@context":"https:\/\/schema.org","@graph":[{"@type":"WebPage","@id":"https:\/\/orvikpower.com\/product\/sk1-3-electric-cargo-trike-for-farm-mining-factory-direct-fcl-orvik","url":"https:\/\/orvikpower.com\/product\/sk1-3-electric-cargo-trike-for-farm-mining-factory-direct-fcl-orvik","name":"SK1.3 elektromos teherhord\u00f3 trike a gazdas\u00e1g \u00e9s a b\u00e1ny\u00e1szat sz\u00e1m\u00e1ra | Factory Direct FCL - ORVIK | ORVIK | ORVIK | K\u00f6nny\u0171 haszong\u00e9pj\u00e1rm\u0171vek elektromos j\u00e1rm\u0171vek","isPartOf":{"@id":"https:\/\/orvikpower.com\/#website"},"primaryImageOfPage":{"@id":"https:\/\/orvikpower.com\/product\/sk1-3-electric-cargo-trike-for-farm-mining-factory-direct-fcl-orvik#primaryimage"},"image":{"@id":"https:\/\/orvikpower.com\/product\/sk1-3-electric-cargo-trike-for-farm-mining-factory-direct-fcl-orvik#primaryimage"},"thumbnailUrl":"https:\/\/orvikpower.com\/wp-content\/uploads\/2026\/04\/main_image.png","datePublished":"2026-04-07T15:00:10+00:00","breadcrumb":{"@id":"https:\/\/orvikpower.com\/product\/sk1-3-electric-cargo-trike-for-farm-mining-factory-direct-fcl-orvik#breadcrumb"},"inLanguage":"hu","potentialAction":[{"@type":"ReadAction","target":["https:\/\/orvikpower.com\/product\/sk1-3-electric-cargo-trike-for-farm-mining-factory-direct-fcl-orvik"]}]},{"@type":"ImageObject","inLanguage":"hu","@id":"https:\/\/orvikpower.com\/product\/sk1-3-electric-cargo-trike-for-farm-mining-factory-direct-fcl-orvik#primaryimage","url":"https:\/\/orvikpower.com\/wp-content\/uploads\/2026\/04\/main_image.png","contentUrl":"https:\/\/orvikpower.com\/wp-content\/uploads\/2026\/04\/main_image.png","width":2008,"height":2008,"caption":"Wholesale 800W electric cargo trike with 500kg payload. High-temp ready, low maintenance reinforced chassis for off-road use. Get factory FCL quote today."},{"@type":"BreadcrumbList","@id":"https:\/\/orvikpower.com\/product\/sk1-3-electric-cargo-trike-for-farm-mining-factory-direct-fcl-orvik#breadcrumb","itemListElement":[{"@type":"ListItem","position":1,"name":"Home","item":"https:\/\/orvikpower.com\/"},{"@type":"ListItem","position":2,"name":"SHOP","item":"https:\/\/orvikpower.com\/shop"},{"@type":"ListItem","position":3,"name":"SK1.3 Electric Cargo Trike for Farm &#038; Mining | Factory Direct FCL &#8211; ORVIK"}]},{"@type":"WebSite","@id":"https:\/\/orvikpower.com\/#website","url":"https:\/\/orvikpower.com\/","name":"ORVIK | K\u00f6nny\u0171 haszong\u00e9pj\u00e1rm\u0171vek","description":"A terepj\u00e1r\u00f3 elektromos haszonj\u00e1rm\u0171vek, pickupok \u00e9s mini teheraut\u00f3k els\u0151sz\u00e1m\u00fa gy\u00e1rt\u00f3ja. High-Temp &amp; Arctic Ready kivitelek farmok \u00e9s b\u00e1ny\u00e1k sz\u00e1m\u00e1ra. K\u00f6lts\u00e9gmegtakar\u00edt\u00e1s a Factory-Direct FCL seg\u00edts\u00e9g\u00e9vel. Tegye a munkafolyamatot. K\u00e9rjen \u00e1raj\u00e1nlatot.","publisher":{"@id":"https:\/\/orvikpower.com\/#organization"},"potentialAction":[{"@type":"SearchAction","target":{"@type":"EntryPoint","urlTemplate":"https:\/\/orvikpower.com\/?s={search_term_string}"},"query-input":{"@type":"PropertyValueSpecification","valueRequired":true,"valueName":"search_term_string"}}],"inLanguage":"hu"},{"@type":"Organization","@id":"https:\/\/orvikpower.com\/#organization","name":"ORVIK | K\u00f6nny\u0171 haszong\u00e9pj\u00e1rm\u0171vek","url":"https:\/\/orvikpower.com\/","logo":{"@type":"ImageObject","inLanguage":"hu","@id":"https:\/\/orvikpower.com\/#\/schema\/logo\/image\/","url":"https:\/\/orvikpower.com\/wp-content\/uploads\/2026\/01\/cropped-logo-h-main-small.png","contentUrl":"https:\/\/orvikpower.com\/wp-content\/uploads\/2026\/01\/cropped-logo-h-main-small.png","width":512,"height":512,"caption":"ORVIK | Light Commercial Electric Vehicles"},"image":{"@id":"https:\/\/orvikpower.com\/#\/schema\/logo\/image\/"},"sameAs":["https:\/\/www.youtube.com\/@ORVIKOrvikPower","https:\/\/www.pinterest.com\/OrvikPower\/"]}]}},"_links":{"self":[{"href":"https:\/\/orvikpower.com\/hu\/wp-json\/wp\/v2\/product\/19834","targetHints":{"allow":["GET"]}}],"collection":[{"href":"https:\/\/orvikpower.com\/hu\/wp-json\/wp\/v2\/product"}],"about":[{"href":"https:\/\/orvikpower.com\/hu\/wp-json\/wp\/v2\/types\/product"}],"replies":[{"embeddable":true,"href":"https:\/\/orvikpower.com\/hu\/wp-json\/wp\/v2\/comments?post=19834"}],"wp:featuredmedia":[{"embeddable":true,"href":"https:\/\/orvikpower.com\/hu\/wp-json\/wp\/v2\/media\/19835"}],"wp:attachment":[{"href":"https:\/\/orvikpower.com\/hu\/wp-json\/wp\/v2\/media?parent=19834"}],"wp:term":[{"taxonomy":"product_brand","embeddable":true,"href":"https:\/\/orvikpower.com\/hu\/wp-json\/wp\/v2\/product_brand?post=19834"},{"taxonomy":"product_cat","embeddable":true,"href":"https:\/\/orvikpower.com\/hu\/wp-json\/wp\/v2\/product_cat?post=19834"},{"taxonomy":"product_tag","embeddable":true,"href":"https:\/\/orvikpower.com\/hu\/wp-json\/wp\/v2\/product_tag?post=19834"}],"curies":[{"name":"wp","href":"https:\/\/api.w.org\/{rel}","templated":true}]}}