{"id":19841,"date":"2026-04-07T15:15:53","date_gmt":"2026-04-07T15:15:53","guid":{"rendered":"https:\/\/orvikpower.com\/?post_type=product&#038;p=19841"},"modified":"2026-04-07T15:15:53","modified_gmt":"2026-04-07T15:15:53","slug":"1000w-electric-cargo-trike-for-farm-mining-factory-fcl-orvik","status":"publish","type":"product","link":"https:\/\/orvikpower.com\/hu\/term%c3%a9k\/1000w-electric-cargo-trike-for-farm-mining-factory-fcl-orvik","title":{"rendered":"1000W elektromos teherhord\u00f3 trike a gazdas\u00e1g \u00e9s a b\u00e1ny\u00e1szat sz\u00e1m\u00e1ra | Factory FCL - ORVIK"},"content":{"rendered":"<p dir=\"auto\">Az ORVIK SK1.5 megn\u00f6veli a fuvaroz\u00e1si k\u00e9pess\u00e9g\u00e9t egy 1,5 m-es meghosszabb\u00edtott rakod\u00f3t\u00e9rrel \u00e9s nagyobb, 12 h\u00fcvelykes gumiabroncsokkal, amelyeket szigor\u00faan terepj\u00e1r\u00f3 \u00e9s ipari ingatlanok haszn\u00e1lat\u00e1ra terveztek. A meger\u0151s\u00edtett v\u00e1zra \u00e9s nagy teherb\u00edr\u00e1s\u00fa h\u00e1ts\u00f3 laprug\u00f3s felf\u00fcggeszt\u00e9sre \u00e9p\u00fcl\u0151 munkag\u00e9pet \u00fagy tervezt\u00e9k, hogy ak\u00e1r 500 kg terjedelmes anyagot - p\u00e9ld\u00e1ul mez\u0151gazdas\u00e1gi betakar\u00edt\u00e1st vagy \u00e9p\u00edt\u00e9si t\u00f6rmel\u00e9ket - sz\u00e1ll\u00edthasson egyenetlen, kih\u00edv\u00e1sokkal teli terepen, an\u00e9lk\u00fcl, hogy fen\u00e9kre esne. A nagyobb ker\u00e9k\u00e1tm\u00e9r\u0151 k\u00f6zvetlen\u00fcl nagyobb hasmagass\u00e1got eredm\u00e9nyez, \u00edgy a kezel\u0151i magabiztosan navig\u00e1lhatnak a s\u00e1ros mez\u0151gazdas\u00e1gi utakon vagy a kavicsb\u00e1nya-telepeken.<\/p>\n<div class=\"my-2\"><\/div>\n<p dir=\"auto\">Az SK1.5 k\u00f6zvetlen h\u00e1ts\u00f3 tengelyes differenci\u00e1lhajt\u00e1s alkalmaz\u00e1s\u00e1val kik\u00fcsz\u00f6b\u00f6li a nagy karbantart\u00e1si ig\u00e9ny\u0171 er\u0151\u00e1tviteli alkatr\u00e9szeket, \u00edgy drasztikusan cs\u00f6kkenti a flotta teljes tulajdonl\u00e1si k\u00f6lts\u00e9g\u00e9t (TCO) \u00e9s az \u00fczemsz\u00fcneteket. Az elt\u00e9r\u0151 glob\u00e1lis \u00e9ghajlati viszonyokhoz val\u00f3 alkalmazkod\u00e1s \u00e9rdek\u00e9ben az akkumul\u00e1torrendszer teljes m\u00e9rt\u00e9kben testre szabhat\u00f3; v\u00e1lasszon k\u00f6lts\u00e9ghat\u00e9kony \u00f3lom-sav akkumul\u00e1torokat a norm\u00e1l haszn\u00e1lathoz, vagy nagy s\u0171r\u0171s\u00e9g\u0171 LiFePO4 akkumul\u00e1torokat a sz\u00e9ls\u0151s\u00e9ges h\u0151m\u00e9rs\u00e9kleti k\u00f6rnyezetekhez. Ha az \u00d6n m\u0171k\u00f6d\u00e9si ig\u00e9nyei n\u00f6vekednek, mi is ezt tessz\u00fck: m\u00edg a standard 1000 W-os motor robusztus nyomat\u00e9kot biztos\u00edt, az energiarendszer testre szabhat\u00f3, \u00e9s lehet\u0151s\u00e9g van 1200 W\/1500 W-os motorokra val\u00f3 friss\u00edt\u00e9sre, vagy a megszak\u00edt\u00e1s n\u00e9lk\u00fcli nagy ig\u00e9nybev\u00e9tel\u0171 ciklusokhoz hat\u00f3t\u00e1v-kiterjeszt\u0151 telep\u00edt\u00e9s\u00e9re. A dar\u00e1l\u00e1shoz \u00e9p\u00fclt. \u00dagy tervezt\u00e9k, hogy a munka foly\u00e9konyan folyjon.<\/p>\n<table>\n<thead>\n<tr>\n<th>Param\u00e9ter kateg\u00f3ria<\/th>\n<th>Specifik\u00e1ci\u00f3 r\u00e9szletek<\/th>\n<\/tr>\n<\/thead>\n<tbody>\n<tr>\n<td><strong>Rakod\u00f3\u00e1gy m\u00e9retei (L*S*H)<\/strong><\/td>\n<td>1500 * 1000 mm<\/td>\n<\/tr>\n<tr>\n<td><strong>Testszerkezet<\/strong><\/td>\n<td>Meger\u0151s\u00edtett keretszerkezet<\/td>\n<\/tr>\n<tr>\n<td><strong>Fesz\u00fclts\u00e9g<\/strong><\/td>\n<td>48-60V univerz\u00e1lis<\/td>\n<\/tr>\n<tr>\n<td><strong>Motor teljes\u00edtm\u00e9ny<\/strong><\/td>\n<td>1000W Standard (1200W\/1500W-ig testreszabhat\u00f3)<\/td>\n<\/tr>\n<tr>\n<td><strong>Akkumul\u00e1tor t\u00edpusa<\/strong><\/td>\n<td>Testreszabhat\u00f3 (\u00f3lom-sav \/ LiFePO4)<\/td>\n<\/tr>\n<tr>\n<td><strong>Hajt\u00e1srendszer<\/strong><\/td>\n<td>H\u00e1ts\u00f3 tengely integr\u00e1lt differenci\u00e1lm\u0171<\/td>\n<\/tr>\n<tr>\n<td><strong>Felf\u00fcggeszt\u00e9s<\/strong><\/td>\n<td>Els\u0151 hidraulikus \/ h\u00e1ts\u00f3 laprug\u00f3s ac\u00e9llemez<\/td>\n<\/tr>\n<tr>\n<td><strong>F\u00e9krendszer<\/strong><\/td>\n<td>Els\u0151 hidraulikus \/ h\u00e1ts\u00f3 kett\u0151s dobf\u00e9kek<\/td>\n<\/tr>\n<tr>\n<td><strong>Gumiabroncs m\u00e9rete<\/strong><\/td>\n<td>El\u00f6l: 3.0-12 \/ H\u00e1tul: 3.75-12<\/td>\n<\/tr>\n<tr>\n<td><strong>Maxim\u00e1lis sebess\u00e9g<\/strong><\/td>\n<td>30-40 km\/h (terepen \/ csak mag\u00e1nter\u00fcleten)<\/td>\n<\/tr>\n<tr>\n<td><strong>M\u00e1sz\u00f3k\u00e9pess\u00e9g<\/strong><\/td>\n<td>15 - 30 fok<\/td>\n<\/tr>\n<tr>\n<td><strong>N\u00e9vleges terhelhet\u0151s\u00e9g<\/strong><\/td>\n<td>300 - 500 KG<\/td>\n<\/tr>\n<tr>\n<td><strong>V\u00e1laszthat\u00f3 eszk\u00f6z\u00f6k<\/strong><\/td>\n<td>Hat\u00f3t\u00e1vols\u00e1g-kiterjeszt\u0151, tov\u00e1bbfejlesztett motor<\/td>\n<\/tr>\n<tr>\n<td><strong>Rakod\u00e1si mennyis\u00e9g (40HQ)<\/strong><\/td>\n<td>Kb. 45-55 darab (SKD - a pontos elrendez\u00e9s\u00e9rt \u00e9rdekl\u0151dj\u00f6n)<\/td>\n<\/tr>\n<\/tbody>\n<\/table>","protected":false},"excerpt":{"rendered":"<p>Nagykereskedelmi 1000W-os elektromos teherhord\u00f3 trike, amely meghosszabb\u00edtott 1,5 m-es \u00e1ggyal \u00e9s 12 h\u00fcvelykes gumiabroncsokkal rendelkezik a terjedelmes rakom\u00e1nyokhoz. Arctic\/High-temp k\u00e9szen \u00e1ll. K\u00e9rje gy\u00e1ri FCL \u00e1raj\u00e1nlat\u00e1t m\u00e9g ma.<\/p>","protected":false},"featured_media":19842,"comment_status":"open","ping_status":"closed","template":"","meta":{"_eb_attr":""},"product_brand":[],"product_cat":[79,77],"product_tag":[125,147,91,154,152,149],"class_list":{"0":"post-19841","1":"product","2":"type-product","3":"status-publish","4":"has-post-thumbnail","6":"product_cat-electric-cargo-tricycles","7":"product_cat-utility-logistics","8":"product_tag-factory","9":"product_tag-farm","10":"product_tag-industrial-park","11":"product_tag-logistics-hub","12":"product_tag-mining-area","13":"product_tag-off-road","15":"first","16":"instock","17":"shipping-taxable","18":"product-type-simple"},"yoast_head":"<!-- This site is optimized with the Yoast SEO plugin v26.9 - https:\/\/yoast.com\/product\/yoast-seo-wordpress\/ -->\n<title>1000W Electric Cargo Trike for Farm &amp; Mining | Factory FCL - ORVIK | ORVIK|Light Commercial Electric Vehicles<\/title>\n<meta name=\"robots\" content=\"index, follow, max-snippet:-1, max-image-preview:large, max-video-preview:-1\" \/>\n<link rel=\"canonical\" href=\"https:\/\/orvikpower.com\/hu\/term\u00e9k\/1000w-electric-cargo-trike-for-farm-mining-factory-fcl-orvik\" \/>\n<meta property=\"og:locale\" content=\"hu_HU\" \/>\n<meta property=\"og:type\" content=\"article\" \/>\n<meta property=\"og:title\" content=\"1000W Electric Cargo Trike for Farm &amp; Mining | Factory FCL - ORVIK | ORVIK|Light Commercial Electric Vehicles\" \/>\n<meta property=\"og:description\" content=\"Wholesale 1000W electric cargo trike featuring an extended 1.5m bed and 12-inch tires for bulky loads. Arctic\/High-temp ready. Get your factory FCL quote today.\" \/>\n<meta property=\"og:url\" content=\"https:\/\/orvikpower.com\/hu\/term\u00e9k\/1000w-electric-cargo-trike-for-farm-mining-factory-fcl-orvik\" \/>\n<meta property=\"og:site_name\" content=\"ORVIK|Light Commercial Electric Vehicles\" \/>\n<meta property=\"og:image\" content=\"https:\/\/orvikpower.com\/wp-content\/uploads\/2026\/04\/main.png\" \/>\n\t<meta property=\"og:image:width\" content=\"2008\" \/>\n\t<meta property=\"og:image:height\" content=\"2008\" \/>\n\t<meta property=\"og:image:type\" content=\"image\/png\" \/>\n<meta name=\"twitter:card\" content=\"summary_large_image\" \/>\n<meta name=\"twitter:label1\" content=\"Becs\u00fclt olvas\u00e1si id\u0151\" \/>\n\t<meta name=\"twitter:data1\" content=\"2 perc\" \/>\n<script type=\"application\/ld+json\" class=\"yoast-schema-graph\">{\"@context\":\"https:\/\/schema.org\",\"@graph\":[{\"@type\":\"WebPage\",\"@id\":\"https:\/\/orvikpower.com\/product\/1000w-electric-cargo-trike-for-farm-mining-factory-fcl-orvik\",\"url\":\"https:\/\/orvikpower.com\/product\/1000w-electric-cargo-trike-for-farm-mining-factory-fcl-orvik\",\"name\":\"1000W Electric Cargo Trike for Farm & Mining | Factory FCL - ORVIK | ORVIK|Light Commercial Electric Vehicles\",\"isPartOf\":{\"@id\":\"https:\/\/orvikpower.com\/#website\"},\"primaryImageOfPage\":{\"@id\":\"https:\/\/orvikpower.com\/product\/1000w-electric-cargo-trike-for-farm-mining-factory-fcl-orvik#primaryimage\"},\"image\":{\"@id\":\"https:\/\/orvikpower.com\/product\/1000w-electric-cargo-trike-for-farm-mining-factory-fcl-orvik#primaryimage\"},\"thumbnailUrl\":\"https:\/\/orvikpower.com\/wp-content\/uploads\/2026\/04\/main.png\",\"datePublished\":\"2026-04-07T15:15:53+00:00\",\"breadcrumb\":{\"@id\":\"https:\/\/orvikpower.com\/product\/1000w-electric-cargo-trike-for-farm-mining-factory-fcl-orvik#breadcrumb\"},\"inLanguage\":\"hu\",\"potentialAction\":[{\"@type\":\"ReadAction\",\"target\":[\"https:\/\/orvikpower.com\/product\/1000w-electric-cargo-trike-for-farm-mining-factory-fcl-orvik\"]}]},{\"@type\":\"ImageObject\",\"inLanguage\":\"hu\",\"@id\":\"https:\/\/orvikpower.com\/product\/1000w-electric-cargo-trike-for-farm-mining-factory-fcl-orvik#primaryimage\",\"url\":\"https:\/\/orvikpower.com\/wp-content\/uploads\/2026\/04\/main.png\",\"contentUrl\":\"https:\/\/orvikpower.com\/wp-content\/uploads\/2026\/04\/main.png\",\"width\":2008,\"height\":2008,\"caption\":\"Wholesale 1000W electric cargo trike featuring an extended 1.5m bed and 12-inch tires for bulky loads. Arctic\/High-temp ready. Get your factory FCL quote today.\"},{\"@type\":\"BreadcrumbList\",\"@id\":\"https:\/\/orvikpower.com\/product\/1000w-electric-cargo-trike-for-farm-mining-factory-fcl-orvik#breadcrumb\",\"itemListElement\":[{\"@type\":\"ListItem\",\"position\":1,\"name\":\"Home\",\"item\":\"https:\/\/orvikpower.com\/\"},{\"@type\":\"ListItem\",\"position\":2,\"name\":\"SHOP\",\"item\":\"https:\/\/orvikpower.com\/shop\"},{\"@type\":\"ListItem\",\"position\":3,\"name\":\"1000W Electric Cargo Trike for Farm &#038; Mining | Factory FCL &#8211; ORVIK\"}]},{\"@type\":\"WebSite\",\"@id\":\"https:\/\/orvikpower.com\/#website\",\"url\":\"https:\/\/orvikpower.com\/\",\"name\":\"ORVIK | Light Commercial Electric Vehicles\",\"description\":\"Premier Manufacturer of Off-road Electric Utility Vehicles, Pickups &amp; Mini Trucks. High-Temp &amp; Arctic Ready designs for farms &amp; mines. Save costs with Factory-Direct FCL. Make work flow. Get a Quote.\",\"publisher\":{\"@id\":\"https:\/\/orvikpower.com\/#organization\"},\"potentialAction\":[{\"@type\":\"SearchAction\",\"target\":{\"@type\":\"EntryPoint\",\"urlTemplate\":\"https:\/\/orvikpower.com\/?s={search_term_string}\"},\"query-input\":{\"@type\":\"PropertyValueSpecification\",\"valueRequired\":true,\"valueName\":\"search_term_string\"}}],\"inLanguage\":\"hu\"},{\"@type\":\"Organization\",\"@id\":\"https:\/\/orvikpower.com\/#organization\",\"name\":\"ORVIK | Light Commercial Electric Vehicles\",\"url\":\"https:\/\/orvikpower.com\/\",\"logo\":{\"@type\":\"ImageObject\",\"inLanguage\":\"hu\",\"@id\":\"https:\/\/orvikpower.com\/#\/schema\/logo\/image\/\",\"url\":\"https:\/\/orvikpower.com\/wp-content\/uploads\/2026\/01\/cropped-logo-h-main-small.png\",\"contentUrl\":\"https:\/\/orvikpower.com\/wp-content\/uploads\/2026\/01\/cropped-logo-h-main-small.png\",\"width\":512,\"height\":512,\"caption\":\"ORVIK | Light Commercial Electric Vehicles\"},\"image\":{\"@id\":\"https:\/\/orvikpower.com\/#\/schema\/logo\/image\/\"},\"sameAs\":[\"https:\/\/www.youtube.com\/@ORVIKOrvikPower\",\"https:\/\/www.pinterest.com\/OrvikPower\/\"]}]}<\/script>\n<!-- \/ Yoast SEO plugin. -->","yoast_head_json":{"title":"1000W elektromos teherhord\u00f3 trike a gazdas\u00e1g \u00e9s a b\u00e1ny\u00e1szat sz\u00e1m\u00e1ra | Gy\u00e1ri FCL - ORVIK | ORVIK | ORVIK | K\u00f6nny\u0171 haszong\u00e9pj\u00e1rm\u0171vek elektromos j\u00e1rm\u0171vek","robots":{"index":"index","follow":"follow","max-snippet":"max-snippet:-1","max-image-preview":"max-image-preview:large","max-video-preview":"max-video-preview:-1"},"canonical":"https:\/\/orvikpower.com\/hu\/term\u00e9k\/1000w-electric-cargo-trike-for-farm-mining-factory-fcl-orvik","og_locale":"hu_HU","og_type":"article","og_title":"1000W Electric Cargo Trike for Farm & Mining | Factory FCL - ORVIK | ORVIK|Light Commercial Electric Vehicles","og_description":"Wholesale 1000W electric cargo trike featuring an extended 1.5m bed and 12-inch tires for bulky loads. Arctic\/High-temp ready. Get your factory FCL quote today.","og_url":"https:\/\/orvikpower.com\/hu\/term\u00e9k\/1000w-electric-cargo-trike-for-farm-mining-factory-fcl-orvik","og_site_name":"ORVIK|Light Commercial Electric Vehicles","og_image":[{"width":2008,"height":2008,"url":"https:\/\/orvikpower.com\/wp-content\/uploads\/2026\/04\/main.png","type":"image\/png"}],"twitter_card":"summary_large_image","twitter_misc":{"Becs\u00fclt olvas\u00e1si id\u0151":"2 perc"},"schema":{"@context":"https:\/\/schema.org","@graph":[{"@type":"WebPage","@id":"https:\/\/orvikpower.com\/product\/1000w-electric-cargo-trike-for-farm-mining-factory-fcl-orvik","url":"https:\/\/orvikpower.com\/product\/1000w-electric-cargo-trike-for-farm-mining-factory-fcl-orvik","name":"1000W elektromos teherhord\u00f3 trike a gazdas\u00e1g \u00e9s a b\u00e1ny\u00e1szat sz\u00e1m\u00e1ra | Gy\u00e1ri FCL - ORVIK | ORVIK | ORVIK | K\u00f6nny\u0171 haszong\u00e9pj\u00e1rm\u0171vek elektromos j\u00e1rm\u0171vek","isPartOf":{"@id":"https:\/\/orvikpower.com\/#website"},"primaryImageOfPage":{"@id":"https:\/\/orvikpower.com\/product\/1000w-electric-cargo-trike-for-farm-mining-factory-fcl-orvik#primaryimage"},"image":{"@id":"https:\/\/orvikpower.com\/product\/1000w-electric-cargo-trike-for-farm-mining-factory-fcl-orvik#primaryimage"},"thumbnailUrl":"https:\/\/orvikpower.com\/wp-content\/uploads\/2026\/04\/main.png","datePublished":"2026-04-07T15:15:53+00:00","breadcrumb":{"@id":"https:\/\/orvikpower.com\/product\/1000w-electric-cargo-trike-for-farm-mining-factory-fcl-orvik#breadcrumb"},"inLanguage":"hu","potentialAction":[{"@type":"ReadAction","target":["https:\/\/orvikpower.com\/product\/1000w-electric-cargo-trike-for-farm-mining-factory-fcl-orvik"]}]},{"@type":"ImageObject","inLanguage":"hu","@id":"https:\/\/orvikpower.com\/product\/1000w-electric-cargo-trike-for-farm-mining-factory-fcl-orvik#primaryimage","url":"https:\/\/orvikpower.com\/wp-content\/uploads\/2026\/04\/main.png","contentUrl":"https:\/\/orvikpower.com\/wp-content\/uploads\/2026\/04\/main.png","width":2008,"height":2008,"caption":"Wholesale 1000W electric cargo trike featuring an extended 1.5m bed and 12-inch tires for bulky loads. Arctic\/High-temp ready. Get your factory FCL quote today."},{"@type":"BreadcrumbList","@id":"https:\/\/orvikpower.com\/product\/1000w-electric-cargo-trike-for-farm-mining-factory-fcl-orvik#breadcrumb","itemListElement":[{"@type":"ListItem","position":1,"name":"Home","item":"https:\/\/orvikpower.com\/"},{"@type":"ListItem","position":2,"name":"SHOP","item":"https:\/\/orvikpower.com\/shop"},{"@type":"ListItem","position":3,"name":"1000W Electric Cargo Trike for Farm &#038; Mining | Factory FCL &#8211; ORVIK"}]},{"@type":"WebSite","@id":"https:\/\/orvikpower.com\/#website","url":"https:\/\/orvikpower.com\/","name":"ORVIK | K\u00f6nny\u0171 haszong\u00e9pj\u00e1rm\u0171vek","description":"A terepj\u00e1r\u00f3 elektromos haszonj\u00e1rm\u0171vek, pickupok \u00e9s mini teheraut\u00f3k els\u0151sz\u00e1m\u00fa gy\u00e1rt\u00f3ja. High-Temp &amp; Arctic Ready kivitelek farmok \u00e9s b\u00e1ny\u00e1k sz\u00e1m\u00e1ra. K\u00f6lts\u00e9gmegtakar\u00edt\u00e1s a Factory-Direct FCL seg\u00edts\u00e9g\u00e9vel. Tegye a munkafolyamatot. K\u00e9rjen \u00e1raj\u00e1nlatot.","publisher":{"@id":"https:\/\/orvikpower.com\/#organization"},"potentialAction":[{"@type":"SearchAction","target":{"@type":"EntryPoint","urlTemplate":"https:\/\/orvikpower.com\/?s={search_term_string}"},"query-input":{"@type":"PropertyValueSpecification","valueRequired":true,"valueName":"search_term_string"}}],"inLanguage":"hu"},{"@type":"Organization","@id":"https:\/\/orvikpower.com\/#organization","name":"ORVIK | K\u00f6nny\u0171 haszong\u00e9pj\u00e1rm\u0171vek","url":"https:\/\/orvikpower.com\/","logo":{"@type":"ImageObject","inLanguage":"hu","@id":"https:\/\/orvikpower.com\/#\/schema\/logo\/image\/","url":"https:\/\/orvikpower.com\/wp-content\/uploads\/2026\/01\/cropped-logo-h-main-small.png","contentUrl":"https:\/\/orvikpower.com\/wp-content\/uploads\/2026\/01\/cropped-logo-h-main-small.png","width":512,"height":512,"caption":"ORVIK | Light Commercial Electric Vehicles"},"image":{"@id":"https:\/\/orvikpower.com\/#\/schema\/logo\/image\/"},"sameAs":["https:\/\/www.youtube.com\/@ORVIKOrvikPower","https:\/\/www.pinterest.com\/OrvikPower\/"]}]}},"_links":{"self":[{"href":"https:\/\/orvikpower.com\/hu\/wp-json\/wp\/v2\/product\/19841","targetHints":{"allow":["GET"]}}],"collection":[{"href":"https:\/\/orvikpower.com\/hu\/wp-json\/wp\/v2\/product"}],"about":[{"href":"https:\/\/orvikpower.com\/hu\/wp-json\/wp\/v2\/types\/product"}],"replies":[{"embeddable":true,"href":"https:\/\/orvikpower.com\/hu\/wp-json\/wp\/v2\/comments?post=19841"}],"wp:featuredmedia":[{"embeddable":true,"href":"https:\/\/orvikpower.com\/hu\/wp-json\/wp\/v2\/media\/19842"}],"wp:attachment":[{"href":"https:\/\/orvikpower.com\/hu\/wp-json\/wp\/v2\/media?parent=19841"}],"wp:term":[{"taxonomy":"product_brand","embeddable":true,"href":"https:\/\/orvikpower.com\/hu\/wp-json\/wp\/v2\/product_brand?post=19841"},{"taxonomy":"product_cat","embeddable":true,"href":"https:\/\/orvikpower.com\/hu\/wp-json\/wp\/v2\/product_cat?post=19841"},{"taxonomy":"product_tag","embeddable":true,"href":"https:\/\/orvikpower.com\/hu\/wp-json\/wp\/v2\/product_tag?post=19841"}],"curies":[{"name":"wp","href":"https:\/\/api.w.org\/{rel}","templated":true}]}}