{"id":19855,"date":"2026-04-07T16:09:22","date_gmt":"2026-04-07T16:09:22","guid":{"rendered":"https:\/\/orvikpower.com\/?post_type=product&#038;p=19855"},"modified":"2026-04-07T16:09:22","modified_gmt":"2026-04-07T16:09:22","slug":"1500w-enclosed-electric-tuk-tuk-for-campuses-factory-fcl-orvik","status":"publish","type":"product","link":"https:\/\/orvikpower.com\/hu\/term%c3%a9k\/1500w-enclosed-electric-tuk-tuk-for-campuses-factory-fcl-orvik","title":{"rendered":"1500W z\u00e1rt elektromos Tuk-Tuk a campusokhoz | Factory FCL - ORVIK"},"content":{"rendered":"<p dir=\"auto\">Az ORVIK DDC egysoros Tuk-Tuk egy teljesen z\u00e1rt, nagy teherb\u00edr\u00e1s\u00fa elektromos h\u00e1romkerek\u0171 szem\u00e9lysz\u00e1ll\u00edt\u00f3 tricikli, amelyet szigor\u00faan terepj\u00e1r\u00f3 \u00fcd\u00fcl\u0151helyekre \u00e9s mag\u00e1negyetemi tranzitra \u00e9p\u00edtettek. Ezt a modellt \u00fagy tervezt\u00e9k, hogy megv\u00e9dje az utasokat a zord elemekt\u0151l, \u00e9s id\u0151j\u00e1r\u00e1s\u00e1ll\u00f3, be\u00e9p\u00edtett f\u0171t\u00e9ssel ell\u00e1tott kabinnal rendelkezik, \u00edgy ez a modell a legv\u00e9gs\u0151 megold\u00e1s a magas sz\u00e9less\u00e9gi fok\u00fa ipari parkok vagy a sz\u00e9ls\u0151s\u00e9ges t\u00e9li k\u00f6rnyezetek sz\u00e1m\u00e1ra. A robusztus 1500 W-os motor a kett\u0151s 18 cs\u00f6ves vez\u00e9rl\u0151vel p\u00e1ros\u00edtva kiv\u00e9teles nyomat\u00e9kot biztos\u00edt, m\u00edg a fejlett h\u00e1romkerek\u0171 t\u00e1rcsaf\u00e9krendszer maxim\u00e1lis f\u00e9ker\u0151t \u00e9s biztons\u00e1got ny\u00fajt a campus meredek emelked\u0151in.<\/p>\n<div class=\"my-2\"><\/div>\n<p dir=\"auto\">A z\u00e1rt elektromos fel\u00e9p\u00edt\u00e9s\u0171re val\u00f3 \u00e1t\u00e1ll\u00e1ssal kik\u00fcsz\u00f6b\u00f6lheti a hagyom\u00e1nyos benzin\u00fczem\u0171 tuk-tukok \u00fczemanyagk\u00f6lts\u00e9geit \u00e9s hangos motorzaj\u00e1t, ami k\u00f6zvetlen\u00fcl jav\u00edtja az utasok k\u00e9nyelm\u00e9t \u00e9s az \u00d6n m\u0171k\u00f6d\u00e9si eredm\u00e9ny\u00e9t. Az egyedi region\u00e1lis ig\u00e9nyeknek val\u00f3 megfelel\u00e9s \u00e9rdek\u00e9ben az akkumul\u00e1torrendszer teljes m\u00e9rt\u00e9kben testre szabhat\u00f3 (\u00f3lom-sav vagy LiFePO4). A DDC modell tov\u00e1bb\u00e1 rendk\u00edv\u00fcl j\u00f3l adapt\u00e1lhat\u00f3: a standard konfigur\u00e1ci\u00f3k k\u00f6z\u00e9 tartozik az LCD m\u0171szerfal \u00e9s a tolat\u00f3kamera, m\u00edg az energiarendszer opcion\u00e1lis hibrid hat\u00f3t\u00e1vn\u00f6vel\u0151kkel vagy a tet\u0151re szerelt napelemekkel testre szabhat\u00f3, hogy a napf\u00e9nyben gazdag, h\u00e1l\u00f3zaton k\u00edv\u00fcli helyeken maximaliz\u00e1lni lehessen az \u00fczemid\u0151t. Sz\u00e9ls\u0151s\u00e9ges id\u0151j\u00e1r\u00e1si viszonyokra tervezve. K\u00f6zvetlen\u00fcl \u00e9p\u00fclt. \u00dagy tervezt\u00e9k, hogy a munkafolyamatokat megk\u00f6nny\u00edtse.<\/p>\n<table>\n<thead>\n<tr>\n<th>Param\u00e9ter kateg\u00f3ria<\/th>\n<th>Specifik\u00e1ci\u00f3 r\u00e9szletek<\/th>\n<\/tr>\n<\/thead>\n<tbody>\n<tr>\n<td><strong>Teljes m\u00e9retek (L*S*H)<\/strong><\/td>\n<td>2800 <em>1300 <\/em>1700 mm<\/td>\n<\/tr>\n<tr>\n<td><strong>Utaskapacit\u00e1s<\/strong><\/td>\n<td>3 szem\u00e9ly (bele\u00e9rtve a sof\u0151rt)<\/td>\n<\/tr>\n<tr>\n<td><strong>Fesz\u00fclts\u00e9g<\/strong><\/td>\n<td>60-72V Univerz\u00e1lis<\/td>\n<\/tr>\n<tr>\n<td><strong>Motor teljes\u00edtm\u00e9ny<\/strong><\/td>\n<td>1500W standard (testreszabhat\u00f3 teljes\u00edtm\u00e9ny opci\u00f3k el\u00e9rhet\u0151ek)<\/td>\n<\/tr>\n<tr>\n<td><strong>Vez\u00e9rl\u0151<\/strong><\/td>\n<td>Kett\u0151s 18 cs\u00f6ves vez\u00e9rl\u0151<\/td>\n<\/tr>\n<tr>\n<td><strong>Akkumul\u00e1tor t\u00edpusa<\/strong><\/td>\n<td>Testreszabhat\u00f3 (\u00f3lom-sav \/ LiFePO4)<\/td>\n<\/tr>\n<tr>\n<td><strong>Felf\u00fcggeszt\u00e9s<\/strong><\/td>\n<td>Els\u0151 hidraulikus \/ h\u00e1ts\u00f3 laprug\u00f3s ac\u00e9llemez<\/td>\n<\/tr>\n<tr>\n<td><strong>F\u00e9krendszer<\/strong><\/td>\n<td>H\u00e1romkerek\u0171 t\u00e1rcsaf\u00e9kek<\/td>\n<\/tr>\n<tr>\n<td><strong>Gumiabroncs m\u00e9rete<\/strong><\/td>\n<td>4.00 - 12<\/td>\n<\/tr>\n<tr>\n<td><strong>F\u0151 konfigur\u00e1ci\u00f3k<\/strong><\/td>\n<td>Integr\u00e1lt LCD m\u0171szerfal, tolat\u00f3kamera, kabinf\u0171t\u00e9s, r\u00e1di\u00f3<\/td>\n<\/tr>\n<tr>\n<td><strong>Opcion\u00e1lis b\u0151v\u00edt\u00e9sek<\/strong><\/td>\n<td>Hibrid Range Extender, napenergia-termel\u00e9s tet\u0151n<\/td>\n<\/tr>\n<tr>\n<td><strong>Maxim\u00e1lis sebess\u00e9g<\/strong><\/td>\n<td>Szigor\u00faan korl\u00e1tozott (csak terepen \/ mag\u00e1nter\u00fcleten haszn\u00e1lhat\u00f3)<\/td>\n<\/tr>\n<tr>\n<td><strong>Rakod\u00e1si mennyis\u00e9g (40HQ)<\/strong><\/td>\n<td>Kb. 25-30 egys\u00e9g (SKD - a pontos kont\u00e9nerelrendez\u00e9s\u00e9rt \u00e9rdekl\u0151dj\u00f6n)<\/td>\n<\/tr>\n<\/tbody>\n<\/table>","protected":false},"excerpt":{"rendered":"<p>Nagykereskedelem 1500W z\u00e1rt elektromos szem\u00e9lysz\u00e1ll\u00edt\u00f3 trike (3 \u00fcl\u00e9ses). Be\u00e9p\u00edtett kabinf\u0171t\u00e9ssel, Arctic-ready alv\u00e1zzal \u00e9s napelemes opci\u00f3kkal rendelkezik. K\u00e9rjen FCL \u00e1raj\u00e1nlatokat m\u00e9g ma.<\/p>","protected":false},"featured_media":19856,"comment_status":"open","ping_status":"closed","template":"","meta":{"_eb_attr":""},"product_brand":[],"product_cat":[70,73],"product_tag":[160,159,161,149,158,156],"class_list":{"0":"post-19855","1":"product","2":"type-product","3":"status-publish","4":"has-post-thumbnail","6":"product_cat-lsev-passenger-mobility","7":"product_cat-sightseeing-shuttle-buses","8":"product_tag-cold-climate-transit","9":"product_tag-industrial-campus","10":"product_tag-off-grid-resort","11":"product_tag-off-road","12":"product_tag-resort-shuttle","13":"product_tag-tourist-attraction","15":"first","16":"instock","17":"shipping-taxable","18":"product-type-simple"},"yoast_head":"<!-- This site is optimized with the Yoast SEO plugin v26.9 - https:\/\/yoast.com\/product\/yoast-seo-wordpress\/ -->\n<title>1500W Enclosed Electric Tuk-Tuk for Campuses | Factory FCL - ORVIK | ORVIK|Light Commercial Electric Vehicles<\/title>\n<meta name=\"robots\" content=\"index, follow, max-snippet:-1, max-image-preview:large, max-video-preview:-1\" \/>\n<link rel=\"canonical\" href=\"https:\/\/orvikpower.com\/hu\/term\u00e9k\/1500w-enclosed-electric-tuk-tuk-for-campuses-factory-fcl-orvik\" \/>\n<meta property=\"og:locale\" content=\"hu_HU\" \/>\n<meta property=\"og:type\" content=\"article\" \/>\n<meta property=\"og:title\" content=\"1500W Enclosed Electric Tuk-Tuk for Campuses | Factory FCL - ORVIK | ORVIK|Light Commercial Electric Vehicles\" \/>\n<meta property=\"og:description\" content=\"Wholesale 1500W enclosed electric passenger trike (3-seater). Features built-in cabin heater, Arctic-ready chassis, and solar options. Get FCL quotes today.\" \/>\n<meta property=\"og:url\" content=\"https:\/\/orvikpower.com\/hu\/term\u00e9k\/1500w-enclosed-electric-tuk-tuk-for-campuses-factory-fcl-orvik\" \/>\n<meta property=\"og:site_name\" content=\"ORVIK|Light Commercial Electric Vehicles\" \/>\n<meta property=\"og:image\" content=\"https:\/\/orvikpower.com\/wp-content\/uploads\/2026\/04\/\u7b2c7\u9875-39.png\" \/>\n\t<meta property=\"og:image:width\" content=\"1276\" \/>\n\t<meta property=\"og:image:height\" content=\"1276\" \/>\n\t<meta property=\"og:image:type\" content=\"image\/png\" \/>\n<meta name=\"twitter:card\" content=\"summary_large_image\" \/>\n<meta name=\"twitter:label1\" content=\"Becs\u00fclt olvas\u00e1si id\u0151\" \/>\n\t<meta name=\"twitter:data1\" content=\"2 perc\" \/>\n<script type=\"application\/ld+json\" class=\"yoast-schema-graph\">{\"@context\":\"https:\/\/schema.org\",\"@graph\":[{\"@type\":\"WebPage\",\"@id\":\"https:\/\/orvikpower.com\/product\/1500w-enclosed-electric-tuk-tuk-for-campuses-factory-fcl-orvik\",\"url\":\"https:\/\/orvikpower.com\/product\/1500w-enclosed-electric-tuk-tuk-for-campuses-factory-fcl-orvik\",\"name\":\"1500W Enclosed Electric Tuk-Tuk for Campuses | Factory FCL - ORVIK | ORVIK|Light Commercial Electric Vehicles\",\"isPartOf\":{\"@id\":\"https:\/\/orvikpower.com\/#website\"},\"primaryImageOfPage\":{\"@id\":\"https:\/\/orvikpower.com\/product\/1500w-enclosed-electric-tuk-tuk-for-campuses-factory-fcl-orvik#primaryimage\"},\"image\":{\"@id\":\"https:\/\/orvikpower.com\/product\/1500w-enclosed-electric-tuk-tuk-for-campuses-factory-fcl-orvik#primaryimage\"},\"thumbnailUrl\":\"https:\/\/orvikpower.com\/wp-content\/uploads\/2026\/04\/\u7b2c7\u9875-39.png\",\"datePublished\":\"2026-04-07T16:09:22+00:00\",\"breadcrumb\":{\"@id\":\"https:\/\/orvikpower.com\/product\/1500w-enclosed-electric-tuk-tuk-for-campuses-factory-fcl-orvik#breadcrumb\"},\"inLanguage\":\"hu\",\"potentialAction\":[{\"@type\":\"ReadAction\",\"target\":[\"https:\/\/orvikpower.com\/product\/1500w-enclosed-electric-tuk-tuk-for-campuses-factory-fcl-orvik\"]}]},{\"@type\":\"ImageObject\",\"inLanguage\":\"hu\",\"@id\":\"https:\/\/orvikpower.com\/product\/1500w-enclosed-electric-tuk-tuk-for-campuses-factory-fcl-orvik#primaryimage\",\"url\":\"https:\/\/orvikpower.com\/wp-content\/uploads\/2026\/04\/\u7b2c7\u9875-39.png\",\"contentUrl\":\"https:\/\/orvikpower.com\/wp-content\/uploads\/2026\/04\/\u7b2c7\u9875-39.png\",\"width\":1276,\"height\":1276,\"caption\":\"Wholesale 1500W enclosed electric passenger trike (3-seater). Features built-in cabin heater, Arctic-ready chassis, and solar options. Get FCL quotes today.\"},{\"@type\":\"BreadcrumbList\",\"@id\":\"https:\/\/orvikpower.com\/product\/1500w-enclosed-electric-tuk-tuk-for-campuses-factory-fcl-orvik#breadcrumb\",\"itemListElement\":[{\"@type\":\"ListItem\",\"position\":1,\"name\":\"Home\",\"item\":\"https:\/\/orvikpower.com\/\"},{\"@type\":\"ListItem\",\"position\":2,\"name\":\"SHOP\",\"item\":\"https:\/\/orvikpower.com\/shop\"},{\"@type\":\"ListItem\",\"position\":3,\"name\":\"1500W Enclosed Electric Tuk-Tuk for Campuses | Factory FCL &#8211; ORVIK\"}]},{\"@type\":\"WebSite\",\"@id\":\"https:\/\/orvikpower.com\/#website\",\"url\":\"https:\/\/orvikpower.com\/\",\"name\":\"ORVIK | Light Commercial Electric Vehicles\",\"description\":\"Premier Manufacturer of Off-road Electric Utility Vehicles, Pickups &amp; Mini Trucks. High-Temp &amp; Arctic Ready designs for farms &amp; mines. Save costs with Factory-Direct FCL. Make work flow. Get a Quote.\",\"publisher\":{\"@id\":\"https:\/\/orvikpower.com\/#organization\"},\"potentialAction\":[{\"@type\":\"SearchAction\",\"target\":{\"@type\":\"EntryPoint\",\"urlTemplate\":\"https:\/\/orvikpower.com\/?s={search_term_string}\"},\"query-input\":{\"@type\":\"PropertyValueSpecification\",\"valueRequired\":true,\"valueName\":\"search_term_string\"}}],\"inLanguage\":\"hu\"},{\"@type\":\"Organization\",\"@id\":\"https:\/\/orvikpower.com\/#organization\",\"name\":\"ORVIK | Light Commercial Electric Vehicles\",\"url\":\"https:\/\/orvikpower.com\/\",\"logo\":{\"@type\":\"ImageObject\",\"inLanguage\":\"hu\",\"@id\":\"https:\/\/orvikpower.com\/#\/schema\/logo\/image\/\",\"url\":\"https:\/\/orvikpower.com\/wp-content\/uploads\/2026\/01\/cropped-logo-h-main-small.png\",\"contentUrl\":\"https:\/\/orvikpower.com\/wp-content\/uploads\/2026\/01\/cropped-logo-h-main-small.png\",\"width\":512,\"height\":512,\"caption\":\"ORVIK | Light Commercial Electric Vehicles\"},\"image\":{\"@id\":\"https:\/\/orvikpower.com\/#\/schema\/logo\/image\/\"},\"sameAs\":[\"https:\/\/www.youtube.com\/@ORVIKOrvikPower\",\"https:\/\/www.pinterest.com\/OrvikPower\/\"]}]}<\/script>\n<!-- \/ Yoast SEO plugin. -->","yoast_head_json":{"title":"1500W z\u00e1rt elektromos Tuk-Tuk a kampuszok sz\u00e1m\u00e1ra | Factory FCL - ORVIK | ORVIK | ORVIK | K\u00f6nny\u0171 haszong\u00e9pj\u00e1rm\u0171vek elektromos j\u00e1rm\u0171vek","robots":{"index":"index","follow":"follow","max-snippet":"max-snippet:-1","max-image-preview":"max-image-preview:large","max-video-preview":"max-video-preview:-1"},"canonical":"https:\/\/orvikpower.com\/hu\/term\u00e9k\/1500w-enclosed-electric-tuk-tuk-for-campuses-factory-fcl-orvik","og_locale":"hu_HU","og_type":"article","og_title":"1500W Enclosed Electric Tuk-Tuk for Campuses | Factory FCL - ORVIK | ORVIK|Light Commercial Electric Vehicles","og_description":"Wholesale 1500W enclosed electric passenger trike (3-seater). Features built-in cabin heater, Arctic-ready chassis, and solar options. Get FCL quotes today.","og_url":"https:\/\/orvikpower.com\/hu\/term\u00e9k\/1500w-enclosed-electric-tuk-tuk-for-campuses-factory-fcl-orvik","og_site_name":"ORVIK|Light Commercial Electric Vehicles","og_image":[{"width":1276,"height":1276,"url":"https:\/\/orvikpower.com\/wp-content\/uploads\/2026\/04\/\u7b2c7\u9875-39.png","type":"image\/png"}],"twitter_card":"summary_large_image","twitter_misc":{"Becs\u00fclt olvas\u00e1si id\u0151":"2 perc"},"schema":{"@context":"https:\/\/schema.org","@graph":[{"@type":"WebPage","@id":"https:\/\/orvikpower.com\/product\/1500w-enclosed-electric-tuk-tuk-for-campuses-factory-fcl-orvik","url":"https:\/\/orvikpower.com\/product\/1500w-enclosed-electric-tuk-tuk-for-campuses-factory-fcl-orvik","name":"1500W z\u00e1rt elektromos Tuk-Tuk a kampuszok sz\u00e1m\u00e1ra | Factory FCL - ORVIK | ORVIK | ORVIK | K\u00f6nny\u0171 haszong\u00e9pj\u00e1rm\u0171vek elektromos j\u00e1rm\u0171vek","isPartOf":{"@id":"https:\/\/orvikpower.com\/#website"},"primaryImageOfPage":{"@id":"https:\/\/orvikpower.com\/product\/1500w-enclosed-electric-tuk-tuk-for-campuses-factory-fcl-orvik#primaryimage"},"image":{"@id":"https:\/\/orvikpower.com\/product\/1500w-enclosed-electric-tuk-tuk-for-campuses-factory-fcl-orvik#primaryimage"},"thumbnailUrl":"https:\/\/orvikpower.com\/wp-content\/uploads\/2026\/04\/\u7b2c7\u9875-39.png","datePublished":"2026-04-07T16:09:22+00:00","breadcrumb":{"@id":"https:\/\/orvikpower.com\/product\/1500w-enclosed-electric-tuk-tuk-for-campuses-factory-fcl-orvik#breadcrumb"},"inLanguage":"hu","potentialAction":[{"@type":"ReadAction","target":["https:\/\/orvikpower.com\/product\/1500w-enclosed-electric-tuk-tuk-for-campuses-factory-fcl-orvik"]}]},{"@type":"ImageObject","inLanguage":"hu","@id":"https:\/\/orvikpower.com\/product\/1500w-enclosed-electric-tuk-tuk-for-campuses-factory-fcl-orvik#primaryimage","url":"https:\/\/orvikpower.com\/wp-content\/uploads\/2026\/04\/\u7b2c7\u9875-39.png","contentUrl":"https:\/\/orvikpower.com\/wp-content\/uploads\/2026\/04\/\u7b2c7\u9875-39.png","width":1276,"height":1276,"caption":"Wholesale 1500W enclosed electric passenger trike (3-seater). Features built-in cabin heater, Arctic-ready chassis, and solar options. Get FCL quotes today."},{"@type":"BreadcrumbList","@id":"https:\/\/orvikpower.com\/product\/1500w-enclosed-electric-tuk-tuk-for-campuses-factory-fcl-orvik#breadcrumb","itemListElement":[{"@type":"ListItem","position":1,"name":"Home","item":"https:\/\/orvikpower.com\/"},{"@type":"ListItem","position":2,"name":"SHOP","item":"https:\/\/orvikpower.com\/shop"},{"@type":"ListItem","position":3,"name":"1500W Enclosed Electric Tuk-Tuk for Campuses | Factory FCL &#8211; ORVIK"}]},{"@type":"WebSite","@id":"https:\/\/orvikpower.com\/#website","url":"https:\/\/orvikpower.com\/","name":"ORVIK | K\u00f6nny\u0171 haszong\u00e9pj\u00e1rm\u0171vek","description":"A terepj\u00e1r\u00f3 elektromos haszonj\u00e1rm\u0171vek, pickupok \u00e9s mini teheraut\u00f3k els\u0151sz\u00e1m\u00fa gy\u00e1rt\u00f3ja. High-Temp &amp; Arctic Ready kivitelek farmok \u00e9s b\u00e1ny\u00e1k sz\u00e1m\u00e1ra. K\u00f6lts\u00e9gmegtakar\u00edt\u00e1s a Factory-Direct FCL seg\u00edts\u00e9g\u00e9vel. Tegye a munkafolyamatot. K\u00e9rjen \u00e1raj\u00e1nlatot.","publisher":{"@id":"https:\/\/orvikpower.com\/#organization"},"potentialAction":[{"@type":"SearchAction","target":{"@type":"EntryPoint","urlTemplate":"https:\/\/orvikpower.com\/?s={search_term_string}"},"query-input":{"@type":"PropertyValueSpecification","valueRequired":true,"valueName":"search_term_string"}}],"inLanguage":"hu"},{"@type":"Organization","@id":"https:\/\/orvikpower.com\/#organization","name":"ORVIK | K\u00f6nny\u0171 haszong\u00e9pj\u00e1rm\u0171vek","url":"https:\/\/orvikpower.com\/","logo":{"@type":"ImageObject","inLanguage":"hu","@id":"https:\/\/orvikpower.com\/#\/schema\/logo\/image\/","url":"https:\/\/orvikpower.com\/wp-content\/uploads\/2026\/01\/cropped-logo-h-main-small.png","contentUrl":"https:\/\/orvikpower.com\/wp-content\/uploads\/2026\/01\/cropped-logo-h-main-small.png","width":512,"height":512,"caption":"ORVIK | Light Commercial Electric Vehicles"},"image":{"@id":"https:\/\/orvikpower.com\/#\/schema\/logo\/image\/"},"sameAs":["https:\/\/www.youtube.com\/@ORVIKOrvikPower","https:\/\/www.pinterest.com\/OrvikPower\/"]}]}},"_links":{"self":[{"href":"https:\/\/orvikpower.com\/hu\/wp-json\/wp\/v2\/product\/19855","targetHints":{"allow":["GET"]}}],"collection":[{"href":"https:\/\/orvikpower.com\/hu\/wp-json\/wp\/v2\/product"}],"about":[{"href":"https:\/\/orvikpower.com\/hu\/wp-json\/wp\/v2\/types\/product"}],"replies":[{"embeddable":true,"href":"https:\/\/orvikpower.com\/hu\/wp-json\/wp\/v2\/comments?post=19855"}],"wp:featuredmedia":[{"embeddable":true,"href":"https:\/\/orvikpower.com\/hu\/wp-json\/wp\/v2\/media\/19856"}],"wp:attachment":[{"href":"https:\/\/orvikpower.com\/hu\/wp-json\/wp\/v2\/media?parent=19855"}],"wp:term":[{"taxonomy":"product_brand","embeddable":true,"href":"https:\/\/orvikpower.com\/hu\/wp-json\/wp\/v2\/product_brand?post=19855"},{"taxonomy":"product_cat","embeddable":true,"href":"https:\/\/orvikpower.com\/hu\/wp-json\/wp\/v2\/product_cat?post=19855"},{"taxonomy":"product_tag","embeddable":true,"href":"https:\/\/orvikpower.com\/hu\/wp-json\/wp\/v2\/product_tag?post=19855"}],"curies":[{"name":"wp","href":"https:\/\/api.w.org\/{rel}","templated":true}]}}