{"id":19875,"date":"2026-04-07T16:42:50","date_gmt":"2026-04-07T16:42:50","guid":{"rendered":"https:\/\/orvikpower.com\/?post_type=product&#038;p=19875"},"modified":"2026-04-07T16:42:51","modified_gmt":"2026-04-07T16:42:51","slug":"1500w-enclosed-electric-shuttle-6-seater-factory-fcl-orvik","status":"publish","type":"product","link":"https:\/\/orvikpower.com\/hu\/term%c3%a9k\/1500w-enclosed-electric-shuttle-6-seater-factory-fcl-orvik","title":{"rendered":"1500W z\u00e1rt elektromos sikl\u00f3 (6 \u00fcl\u00e9ses) | Gy\u00e1ri FCL - ORVIK"},"content":{"rendered":"<p dir=\"auto\">Az ORVIK DDC II egy nagy kapacit\u00e1s\u00fa, teljesen z\u00e1rt, elektromos h\u00e1romkerek\u0171 szem\u00e9lysz\u00e1ll\u00edt\u00f3 tricikli, amelyet a szem\u00e9lyzet hat\u00e9kony k\u00f6zleked\u00e9s\u00e9re terveztek terepj\u00e1r\u00f3 \u00fcd\u00fcl\u0151helyeken \u00e9s ipari t\u00e1borokban. A 2900 mm-es meghosszabb\u00edtott tengelyt\u00e1vval rendelkez\u0151 j\u00e1rm\u0171 ak\u00e1r 6 szem\u00e9lyt is k\u00e9nyelmesen sz\u00e1ll\u00edthat egy \u00fat sor\u00e1n. A be\u00e9p\u00edtett f\u0171t\u0151berendez\u00e9ssel ell\u00e1tott, id\u0151j\u00e1r\u00e1s\u00e1ll\u00f3 f\u00fclke megv\u00e9di az utasokat a zord k\u00f6rnyezeti elemekt\u0151l, \u00edgy n\u00e9lk\u00fcl\u00f6zhetetlen transzfermegold\u00e1s a magas sz\u00e9less\u00e9gi fok\u00fa t\u00e9lben vagy a poros b\u00e1ny\u00e1szati l\u00e9tes\u00edtm\u00e9nyekben.<\/p>\n<div class=\"my-2\"><\/div>\n<p dir=\"auto\">Mechanikailag a DDC II egy nagy teherb\u00edr\u00e1s\u00fa h\u00e1ts\u00f3 laprug\u00f3s felf\u00fcggeszt\u00e9sre \u00e9s egy h\u00e1romkerek\u0171 t\u00e1rcsaf\u00e9krendszerre t\u00e1maszkodik, hogy teljes terhel\u00e9s eset\u00e9n is maxim\u00e1lis stabilit\u00e1st \u00e9s biztons\u00e1got biztos\u00edtson. A z\u00e1rt elektromos modellre val\u00f3 \u00e1tt\u00e9r\u00e9s kik\u00fcsz\u00f6b\u00f6li a bels\u0151 \u00e9g\u00e9s\u0171 motor karbantart\u00e1s\u00e1t \u00e9s a zajszennyez\u00e9st, drasztikusan cs\u00f6kkentve az \u00fczemsz\u00fcneteket \u00e9s a TCO-t. A glob\u00e1lis \u00e9ghajlathoz val\u00f3 alkalmazkod\u00e1s \u00e9rdek\u00e9ben az akkumul\u00e1torrendszer teljesen testre szabhat\u00f3 (k\u00f6lts\u00e9ghat\u00e9kony \u00f3lom-sav vagy extr\u00e9m h\u0151m\u00e9rs\u00e9klet\u0171 LiFePO4 akkumul\u00e1torok k\u00f6z\u00fcl v\u00e1laszthat). B\u00e1r megb\u00edzhat\u00f3 1500 W-os alapmotorral van felszerelve, az energiarendszer testre szabhat\u00f3 (a meredek terepviszonyokhoz fejleszthet\u0151), vagy hibrid b\u0151v\u00edt\u0151kkel \u00e9s napelemes tet\u0151vel p\u00e1ros\u00edthat\u00f3 a h\u00e1l\u00f3zaton k\u00edv\u00fcli kitart\u00e1s \u00e9rdek\u00e9ben. Hat\u00e9konys\u00e1gra \u00e9p\u00fclt. K\u00f6zvetlen\u00fcl \u00e9p\u00fclt. \u00dagy tervezt\u00e9k, hogy a munka foly\u00e9konyan folyjon.<\/p>\n<table>\n<tbody>\n<tr>\n<td><strong>Teljes m\u00e9retek (L*S*H)<\/strong><\/td>\n<td>2900 <em>1250 <\/em>1700 mm<\/td>\n<\/tr>\n<tr>\n<td><strong>Utaskapacit\u00e1s<\/strong><\/td>\n<td>5-6 f\u0151 (a sof\u0151rrel egy\u00fctt)<\/td>\n<\/tr>\n<tr>\n<td><strong>Fesz\u00fclts\u00e9g<\/strong><\/td>\n<td>60-72V Univerz\u00e1lis<\/td>\n<\/tr>\n<tr>\n<td><strong>Motor teljes\u00edtm\u00e9ny<\/strong><\/td>\n<td>1500W Standard (testreszabhat\u00f3 teljes\u00edtm\u00e9nyn\u00f6vel\u00e9s el\u00e9rhet\u0151)<\/td>\n<\/tr>\n<tr>\n<td><strong>Vez\u00e9rl\u0151<\/strong><\/td>\n<td>Kett\u0151s 18 cs\u00f6ves vez\u00e9rl\u0151<\/td>\n<\/tr>\n<tr>\n<td><strong>Akkumul\u00e1tor t\u00edpusa<\/strong><\/td>\n<td>Testreszabhat\u00f3 (\u00f3lom-sav \/ LiFePO4)<\/td>\n<\/tr>\n<tr>\n<td><strong>Felf\u00fcggeszt\u00e9s<\/strong><\/td>\n<td>Els\u0151 hidraulikus \/ h\u00e1ts\u00f3 laprug\u00f3s ac\u00e9llemez<\/td>\n<\/tr>\n<tr>\n<td><strong>F\u00e9krendszer<\/strong><\/td>\n<td>H\u00e1romkerek\u0171 t\u00e1rcsaf\u00e9kek<\/td>\n<\/tr>\n<tr>\n<td><strong>Gumiabroncs m\u00e9rete<\/strong><\/td>\n<td>4.00 - 12<\/td>\n<\/tr>\n<tr>\n<td><strong>F\u0151 konfigur\u00e1ci\u00f3k<\/strong><\/td>\n<td>Integr\u00e1lt LCD m\u0171szerfal, tolat\u00f3kamera, kabinf\u0171t\u00e9s, r\u00e1di\u00f3<\/td>\n<\/tr>\n<tr>\n<td><strong>Opcion\u00e1lis b\u0151v\u00edt\u00e9sek<\/strong><\/td>\n<td>Hibrid Range Extender, napenergia-termel\u00e9s tet\u0151n<\/td>\n<\/tr>\n<tr>\n<td><strong>Maxim\u00e1lis sebess\u00e9g<\/strong><\/td>\n<td>Szigor\u00faan korl\u00e1tozott (csak terepen \/ mag\u00e1nter\u00fcleten haszn\u00e1lhat\u00f3)<\/td>\n<\/tr>\n<tr>\n<td><strong>Rakod\u00e1si mennyis\u00e9g (40HQ)<\/strong><\/td>\n<td>Kb. 20-24 egys\u00e9g (SKD - a pontos kont\u00e9nerelrendez\u00e9s\u00e9rt \u00e9rdekl\u0151dj\u00f6n)<\/td>\n<\/tr>\n<\/tbody>\n<\/table>","protected":false},"excerpt":{"rendered":"<p>Nagykereskedelem 1500W z\u00e1rt elektromos szem\u00e9lysz\u00e1ll\u00edt\u00f3 trike 6 f\u0151 r\u00e9sz\u00e9re. Be\u00e9p\u00edtett f\u0171t\u00e9s, Arctic-ready alv\u00e1z \u00e9s napelemes opci\u00f3k. \u00c9rdekl\u0151dj\u00f6n a gy\u00e1ri FCL \u00e1rr\u00f3l.<\/p>","protected":false},"featured_media":19881,"comment_status":"open","ping_status":"closed","template":"","meta":{"_eb_attr":""},"product_brand":[],"product_cat":[70,73],"product_tag":[155,160,91,163,164,149],"class_list":{"0":"post-19875","1":"product","2":"type-product","3":"status-publish","4":"has-post-thumbnail","6":"product_cat-lsev-passenger-mobility","7":"product_cat-sightseeing-shuttle-buses","8":"product_tag-campus-shuttle","9":"product_tag-cold-climate-transit","10":"product_tag-industrial-park","11":"product_tag-large-resort","12":"product_tag-oem","13":"product_tag-off-road","15":"first","16":"instock","17":"shipping-taxable","18":"product-type-simple"},"yoast_head":"<!-- This site is optimized with the Yoast SEO plugin v26.9 - https:\/\/yoast.com\/product\/yoast-seo-wordpress\/ -->\n<title>1500W Enclosed Electric Shuttle (6-Seater) | Factory FCL - ORVIK | ORVIK|Light Commercial Electric Vehicles<\/title>\n<meta name=\"robots\" content=\"index, follow, max-snippet:-1, max-image-preview:large, max-video-preview:-1\" \/>\n<link rel=\"canonical\" href=\"https:\/\/orvikpower.com\/hu\/term\u00e9k\/1500w-enclosed-electric-shuttle-6-seater-factory-fcl-orvik\" \/>\n<meta property=\"og:locale\" content=\"hu_HU\" \/>\n<meta property=\"og:type\" content=\"article\" \/>\n<meta property=\"og:title\" content=\"1500W Enclosed Electric Shuttle (6-Seater) | Factory FCL - ORVIK | ORVIK|Light Commercial Electric Vehicles\" \/>\n<meta property=\"og:description\" content=\"Wholesale 1500W enclosed electric passenger trike for 6 people. Built-in heater, Arctic-ready chassis &amp; solar options. Inquire for factory FCL price.\" \/>\n<meta property=\"og:url\" content=\"https:\/\/orvikpower.com\/hu\/term\u00e9k\/1500w-enclosed-electric-shuttle-6-seater-factory-fcl-orvik\" \/>\n<meta property=\"og:site_name\" content=\"ORVIK|Light Commercial Electric Vehicles\" \/>\n<meta property=\"article:modified_time\" content=\"2026-04-07T16:42:51+00:00\" \/>\n<meta property=\"og:image\" content=\"https:\/\/orvikpower.com\/wp-content\/uploads\/2026\/04\/main-2.png\" \/>\n\t<meta property=\"og:image:width\" content=\"2008\" \/>\n\t<meta property=\"og:image:height\" content=\"2008\" \/>\n\t<meta property=\"og:image:type\" content=\"image\/png\" \/>\n<meta name=\"twitter:card\" content=\"summary_large_image\" \/>\n<meta name=\"twitter:label1\" content=\"Becs\u00fclt olvas\u00e1si id\u0151\" \/>\n\t<meta name=\"twitter:data1\" content=\"2 perc\" \/>\n<script type=\"application\/ld+json\" class=\"yoast-schema-graph\">{\"@context\":\"https:\/\/schema.org\",\"@graph\":[{\"@type\":\"WebPage\",\"@id\":\"https:\/\/orvikpower.com\/product\/1500w-enclosed-electric-shuttle-6-seater-factory-fcl-orvik\",\"url\":\"https:\/\/orvikpower.com\/product\/1500w-enclosed-electric-shuttle-6-seater-factory-fcl-orvik\",\"name\":\"1500W Enclosed Electric Shuttle (6-Seater) | Factory FCL - ORVIK | ORVIK|Light Commercial Electric Vehicles\",\"isPartOf\":{\"@id\":\"https:\/\/orvikpower.com\/#website\"},\"primaryImageOfPage\":{\"@id\":\"https:\/\/orvikpower.com\/product\/1500w-enclosed-electric-shuttle-6-seater-factory-fcl-orvik#primaryimage\"},\"image\":{\"@id\":\"https:\/\/orvikpower.com\/product\/1500w-enclosed-electric-shuttle-6-seater-factory-fcl-orvik#primaryimage\"},\"thumbnailUrl\":\"https:\/\/orvikpower.com\/wp-content\/uploads\/2026\/04\/main-2.png\",\"datePublished\":\"2026-04-07T16:42:50+00:00\",\"dateModified\":\"2026-04-07T16:42:51+00:00\",\"breadcrumb\":{\"@id\":\"https:\/\/orvikpower.com\/product\/1500w-enclosed-electric-shuttle-6-seater-factory-fcl-orvik#breadcrumb\"},\"inLanguage\":\"hu\",\"potentialAction\":[{\"@type\":\"ReadAction\",\"target\":[\"https:\/\/orvikpower.com\/product\/1500w-enclosed-electric-shuttle-6-seater-factory-fcl-orvik\"]}]},{\"@type\":\"ImageObject\",\"inLanguage\":\"hu\",\"@id\":\"https:\/\/orvikpower.com\/product\/1500w-enclosed-electric-shuttle-6-seater-factory-fcl-orvik#primaryimage\",\"url\":\"https:\/\/orvikpower.com\/wp-content\/uploads\/2026\/04\/main-2.png\",\"contentUrl\":\"https:\/\/orvikpower.com\/wp-content\/uploads\/2026\/04\/main-2.png\",\"width\":2008,\"height\":2008,\"caption\":\"Wholesale 1500W enclosed electric passenger trike for 6 people. Built-in heater, Arctic-ready chassis & solar options. Inquire for factory FCL price.\"},{\"@type\":\"BreadcrumbList\",\"@id\":\"https:\/\/orvikpower.com\/product\/1500w-enclosed-electric-shuttle-6-seater-factory-fcl-orvik#breadcrumb\",\"itemListElement\":[{\"@type\":\"ListItem\",\"position\":1,\"name\":\"Home\",\"item\":\"https:\/\/orvikpower.com\/\"},{\"@type\":\"ListItem\",\"position\":2,\"name\":\"SHOP\",\"item\":\"https:\/\/orvikpower.com\/shop\"},{\"@type\":\"ListItem\",\"position\":3,\"name\":\"1500W Enclosed Electric Shuttle (6-Seater) | Factory FCL &#8211; ORVIK\"}]},{\"@type\":\"WebSite\",\"@id\":\"https:\/\/orvikpower.com\/#website\",\"url\":\"https:\/\/orvikpower.com\/\",\"name\":\"ORVIK | Light Commercial Electric Vehicles\",\"description\":\"Premier Manufacturer of Off-road Electric Utility Vehicles, Pickups &amp; Mini Trucks. High-Temp &amp; Arctic Ready designs for farms &amp; mines. Save costs with Factory-Direct FCL. Make work flow. Get a Quote.\",\"publisher\":{\"@id\":\"https:\/\/orvikpower.com\/#organization\"},\"potentialAction\":[{\"@type\":\"SearchAction\",\"target\":{\"@type\":\"EntryPoint\",\"urlTemplate\":\"https:\/\/orvikpower.com\/?s={search_term_string}\"},\"query-input\":{\"@type\":\"PropertyValueSpecification\",\"valueRequired\":true,\"valueName\":\"search_term_string\"}}],\"inLanguage\":\"hu\"},{\"@type\":\"Organization\",\"@id\":\"https:\/\/orvikpower.com\/#organization\",\"name\":\"ORVIK | Light Commercial Electric Vehicles\",\"url\":\"https:\/\/orvikpower.com\/\",\"logo\":{\"@type\":\"ImageObject\",\"inLanguage\":\"hu\",\"@id\":\"https:\/\/orvikpower.com\/#\/schema\/logo\/image\/\",\"url\":\"https:\/\/orvikpower.com\/wp-content\/uploads\/2026\/01\/cropped-logo-h-main-small.png\",\"contentUrl\":\"https:\/\/orvikpower.com\/wp-content\/uploads\/2026\/01\/cropped-logo-h-main-small.png\",\"width\":512,\"height\":512,\"caption\":\"ORVIK | Light Commercial Electric Vehicles\"},\"image\":{\"@id\":\"https:\/\/orvikpower.com\/#\/schema\/logo\/image\/\"},\"sameAs\":[\"https:\/\/www.youtube.com\/@ORVIKOrvikPower\",\"https:\/\/www.pinterest.com\/OrvikPower\/\"]}]}<\/script>\n<!-- \/ Yoast SEO plugin. -->","yoast_head_json":{"title":"1500W z\u00e1rt elektromos Shuttle (6 \u00fcl\u00e9ses) | Gy\u00e1ri FCL - ORVIK | ORVIK | ORVIK|K\u00f6nny\u0171 haszong\u00e9pj\u00e1rm\u0171vek elektromos j\u00e1rm\u0171vek","robots":{"index":"index","follow":"follow","max-snippet":"max-snippet:-1","max-image-preview":"max-image-preview:large","max-video-preview":"max-video-preview:-1"},"canonical":"https:\/\/orvikpower.com\/hu\/term\u00e9k\/1500w-enclosed-electric-shuttle-6-seater-factory-fcl-orvik","og_locale":"hu_HU","og_type":"article","og_title":"1500W Enclosed Electric Shuttle (6-Seater) | Factory FCL - ORVIK | ORVIK|Light Commercial Electric Vehicles","og_description":"Wholesale 1500W enclosed electric passenger trike for 6 people. Built-in heater, Arctic-ready chassis &amp; solar options. Inquire for factory FCL price.","og_url":"https:\/\/orvikpower.com\/hu\/term\u00e9k\/1500w-enclosed-electric-shuttle-6-seater-factory-fcl-orvik","og_site_name":"ORVIK|Light Commercial Electric Vehicles","article_modified_time":"2026-04-07T16:42:51+00:00","og_image":[{"width":2008,"height":2008,"url":"https:\/\/orvikpower.com\/wp-content\/uploads\/2026\/04\/main-2.png","type":"image\/png"}],"twitter_card":"summary_large_image","twitter_misc":{"Becs\u00fclt olvas\u00e1si id\u0151":"2 perc"},"schema":{"@context":"https:\/\/schema.org","@graph":[{"@type":"WebPage","@id":"https:\/\/orvikpower.com\/product\/1500w-enclosed-electric-shuttle-6-seater-factory-fcl-orvik","url":"https:\/\/orvikpower.com\/product\/1500w-enclosed-electric-shuttle-6-seater-factory-fcl-orvik","name":"1500W z\u00e1rt elektromos Shuttle (6 \u00fcl\u00e9ses) | Gy\u00e1ri FCL - ORVIK | ORVIK | ORVIK|K\u00f6nny\u0171 haszong\u00e9pj\u00e1rm\u0171vek elektromos j\u00e1rm\u0171vek","isPartOf":{"@id":"https:\/\/orvikpower.com\/#website"},"primaryImageOfPage":{"@id":"https:\/\/orvikpower.com\/product\/1500w-enclosed-electric-shuttle-6-seater-factory-fcl-orvik#primaryimage"},"image":{"@id":"https:\/\/orvikpower.com\/product\/1500w-enclosed-electric-shuttle-6-seater-factory-fcl-orvik#primaryimage"},"thumbnailUrl":"https:\/\/orvikpower.com\/wp-content\/uploads\/2026\/04\/main-2.png","datePublished":"2026-04-07T16:42:50+00:00","dateModified":"2026-04-07T16:42:51+00:00","breadcrumb":{"@id":"https:\/\/orvikpower.com\/product\/1500w-enclosed-electric-shuttle-6-seater-factory-fcl-orvik#breadcrumb"},"inLanguage":"hu","potentialAction":[{"@type":"ReadAction","target":["https:\/\/orvikpower.com\/product\/1500w-enclosed-electric-shuttle-6-seater-factory-fcl-orvik"]}]},{"@type":"ImageObject","inLanguage":"hu","@id":"https:\/\/orvikpower.com\/product\/1500w-enclosed-electric-shuttle-6-seater-factory-fcl-orvik#primaryimage","url":"https:\/\/orvikpower.com\/wp-content\/uploads\/2026\/04\/main-2.png","contentUrl":"https:\/\/orvikpower.com\/wp-content\/uploads\/2026\/04\/main-2.png","width":2008,"height":2008,"caption":"Wholesale 1500W enclosed electric passenger trike for 6 people. Built-in heater, Arctic-ready chassis & solar options. Inquire for factory FCL price."},{"@type":"BreadcrumbList","@id":"https:\/\/orvikpower.com\/product\/1500w-enclosed-electric-shuttle-6-seater-factory-fcl-orvik#breadcrumb","itemListElement":[{"@type":"ListItem","position":1,"name":"Home","item":"https:\/\/orvikpower.com\/"},{"@type":"ListItem","position":2,"name":"SHOP","item":"https:\/\/orvikpower.com\/shop"},{"@type":"ListItem","position":3,"name":"1500W Enclosed Electric Shuttle (6-Seater) | Factory FCL &#8211; ORVIK"}]},{"@type":"WebSite","@id":"https:\/\/orvikpower.com\/#website","url":"https:\/\/orvikpower.com\/","name":"ORVIK | K\u00f6nny\u0171 haszong\u00e9pj\u00e1rm\u0171vek","description":"A terepj\u00e1r\u00f3 elektromos haszonj\u00e1rm\u0171vek, pickupok \u00e9s mini teheraut\u00f3k els\u0151sz\u00e1m\u00fa gy\u00e1rt\u00f3ja. High-Temp &amp; Arctic Ready kivitelek farmok \u00e9s b\u00e1ny\u00e1k sz\u00e1m\u00e1ra. K\u00f6lts\u00e9gmegtakar\u00edt\u00e1s a Factory-Direct FCL seg\u00edts\u00e9g\u00e9vel. Tegye a munkafolyamatot. K\u00e9rjen \u00e1raj\u00e1nlatot.","publisher":{"@id":"https:\/\/orvikpower.com\/#organization"},"potentialAction":[{"@type":"SearchAction","target":{"@type":"EntryPoint","urlTemplate":"https:\/\/orvikpower.com\/?s={search_term_string}"},"query-input":{"@type":"PropertyValueSpecification","valueRequired":true,"valueName":"search_term_string"}}],"inLanguage":"hu"},{"@type":"Organization","@id":"https:\/\/orvikpower.com\/#organization","name":"ORVIK | K\u00f6nny\u0171 haszong\u00e9pj\u00e1rm\u0171vek","url":"https:\/\/orvikpower.com\/","logo":{"@type":"ImageObject","inLanguage":"hu","@id":"https:\/\/orvikpower.com\/#\/schema\/logo\/image\/","url":"https:\/\/orvikpower.com\/wp-content\/uploads\/2026\/01\/cropped-logo-h-main-small.png","contentUrl":"https:\/\/orvikpower.com\/wp-content\/uploads\/2026\/01\/cropped-logo-h-main-small.png","width":512,"height":512,"caption":"ORVIK | Light Commercial Electric Vehicles"},"image":{"@id":"https:\/\/orvikpower.com\/#\/schema\/logo\/image\/"},"sameAs":["https:\/\/www.youtube.com\/@ORVIKOrvikPower","https:\/\/www.pinterest.com\/OrvikPower\/"]}]}},"_links":{"self":[{"href":"https:\/\/orvikpower.com\/hu\/wp-json\/wp\/v2\/product\/19875","targetHints":{"allow":["GET"]}}],"collection":[{"href":"https:\/\/orvikpower.com\/hu\/wp-json\/wp\/v2\/product"}],"about":[{"href":"https:\/\/orvikpower.com\/hu\/wp-json\/wp\/v2\/types\/product"}],"replies":[{"embeddable":true,"href":"https:\/\/orvikpower.com\/hu\/wp-json\/wp\/v2\/comments?post=19875"}],"wp:featuredmedia":[{"embeddable":true,"href":"https:\/\/orvikpower.com\/hu\/wp-json\/wp\/v2\/media\/19881"}],"wp:attachment":[{"href":"https:\/\/orvikpower.com\/hu\/wp-json\/wp\/v2\/media?parent=19875"}],"wp:term":[{"taxonomy":"product_brand","embeddable":true,"href":"https:\/\/orvikpower.com\/hu\/wp-json\/wp\/v2\/product_brand?post=19875"},{"taxonomy":"product_cat","embeddable":true,"href":"https:\/\/orvikpower.com\/hu\/wp-json\/wp\/v2\/product_cat?post=19875"},{"taxonomy":"product_tag","embeddable":true,"href":"https:\/\/orvikpower.com\/hu\/wp-json\/wp\/v2\/product_tag?post=19875"}],"curies":[{"name":"wp","href":"https:\/\/api.w.org\/{rel}","templated":true}]}}