{"id":19882,"date":"2026-04-07T16:49:37","date_gmt":"2026-04-07T16:49:37","guid":{"rendered":"https:\/\/orvikpower.com\/?post_type=product&#038;p=19882"},"modified":"2026-04-07T16:49:37","modified_gmt":"2026-04-07T16:49:37","slug":"3300mm-enclosed-electric-passenger-trike-3000w-factory-fcl-orvik","status":"publish","type":"product","link":"https:\/\/orvikpower.com\/hu\/term%c3%a9k\/3300mm-enclosed-electric-passenger-trike-3000w-factory-fcl-orvik","title":{"rendered":"3300mm z\u00e1rt elektromos szem\u00e9lysz\u00e1ll\u00edt\u00f3 trike (3000W) | Factory FCL - ORVIK"},"content":{"rendered":"<p dir=\"auto\">Az ORVIK DDC III a z\u00e1rt elektromos szem\u00e9lysz\u00e1ll\u00edt\u00f3 j\u00e1rm\u0171parkunk vitathatatlan neh\u00e9zs\u00faly\u00fa modellje. A 3300 mm hossz\u00fas\u00e1g\u00fa \u00e9s 1800 mm-es kabinmagass\u00e1ggal rendelkez\u0151 z\u00e1szl\u00f3shaj\u00f3 modell p\u00e1ratlan bels\u0151 teret k\u00edn\u00e1l, 5-6 utas k\u00e9nyelmes sz\u00e1ll\u00edt\u00e1s\u00e1ra alkalmas, VIP-szint\u0171 fejt\u00e9rrel. Kiz\u00e1r\u00f3lag terepj\u00e1r\u00f3 \u00fcd\u00fcl\u0151helyekre, nagy ipari parkokba \u00e9s bels\u0151 kik\u00f6t\u0151i tranzitra tervezt\u00e9k, id\u0151j\u00e1r\u00e1s\u00e1ll\u00f3 kabinja be\u00e9p\u00edtett f\u0171t\u0151berendez\u00e9ssel rendelkezik, amely t\u00f6k\u00e9letes v\u00e9delmet ny\u00fajt a fagyos h\u0151m\u00e9rs\u00e9klet vagy a s\u00falyos porviharok ellen.<\/p>\n<div class=\"my-2\"><\/div>\n<p dir=\"auto\">A DDC III egy nagy teherb\u00edr\u00e1s\u00fa 3000 W-os motorral van felszerelve, amelyet egy kett\u0151s 18 cs\u00f6ves vez\u00e9rl\u0151 hajt, \u00e9s amelyet kereskedelmi min\u0151s\u00e9g\u0171 h\u00e1ts\u00f3 laprug\u00f3k stabiliz\u00e1lnak. A fejlett h\u00e1romkerek\u0171 t\u00e1rcsaf\u00e9krendszer kiv\u00e1l\u00f3 f\u00e9ker\u0151t garant\u00e1l a meredek campus lejt\u0151in. Az elektromos \u00f3ri\u00e1sra val\u00f3 friss\u00edt\u00e9ssel cs\u00f6kkentheti a flotta m\u00e9retig\u00e9ny\u00e9t, \u00e9s kik\u00fcsz\u00f6b\u00f6lheti a bels\u0151 \u00e9g\u00e9s\u0171 motorok karbantart\u00e1si k\u00f6lts\u00e9geit. Az \u00d6n egyedi m\u0171k\u00f6d\u00e9si kl\u00edm\u00e1j\u00e1nak megfelel\u0151en az akkumul\u00e1torrendszer teljesen testre szabhat\u00f3 (\u00f3lom-sav vagy nagy s\u0171r\u0171s\u00e9g\u0171 LiFePO4). Az energiam\u00e1trix ugyanilyen robusztus: testre szabhatja a motorteljes\u00edtm\u00e9nyt a sz\u00e9ls\u0151s\u00e9ges emelked\u0151kh\u00f6z, vagy integr\u00e1lhat hibrid hat\u00f3t\u00e1vn\u00f6vel\u0151t \u00e9s napelemes tet\u0151t a h\u00e1l\u00f3zaton k\u00edv\u00fcli helysz\u00edneken t\u00f6rt\u00e9n\u0151 megszak\u00edt\u00e1s n\u00e9lk\u00fcli szolg\u00e1ltat\u00e1s fenntart\u00e1s\u00e1hoz. Massz\u00edvan \u00e9p\u00edtett. K\u00f6zvetlen\u00fcl \u00e9p\u00edtett. \u00dagy tervezt\u00e9k, hogy a munkafolyamatokat megk\u00f6nny\u00edtse.<\/p>\n<table>\n<thead>\n<tr>\n<th>Param\u00e9ter kateg\u00f3ria<\/th>\n<th>Specifik\u00e1ci\u00f3 r\u00e9szletek<\/th>\n<\/tr>\n<\/thead>\n<tbody>\n<tr>\n<td><strong>Teljes m\u00e9retek (L*S*H)<\/strong><\/td>\n<td>3300 <em>1250 <\/em>1800 mm<\/td>\n<\/tr>\n<tr>\n<td><strong>Utaskapacit\u00e1s<\/strong><\/td>\n<td>5-6 f\u0151 (a sof\u0151rrel egy\u00fctt)<\/td>\n<\/tr>\n<tr>\n<td><strong>Fesz\u00fclts\u00e9g<\/strong><\/td>\n<td>60-72V Univerz\u00e1lis<\/td>\n<\/tr>\n<tr>\n<td><strong>Motor teljes\u00edtm\u00e9ny<\/strong><\/td>\n<td>3000W standard (testreszabhat\u00f3 teljes\u00edtm\u00e9ny opci\u00f3k el\u00e9rhet\u0151ek)<\/td>\n<\/tr>\n<tr>\n<td><strong>Vez\u00e9rl\u0151<\/strong><\/td>\n<td>Kett\u0151s 18 cs\u00f6ves vez\u00e9rl\u0151<\/td>\n<\/tr>\n<tr>\n<td><strong>Akkumul\u00e1tor t\u00edpusa<\/strong><\/td>\n<td>Testreszabhat\u00f3 (\u00f3lom-sav \/ LiFePO4)<\/td>\n<\/tr>\n<tr>\n<td><strong>Felf\u00fcggeszt\u00e9s<\/strong><\/td>\n<td>Els\u0151 hidraulikus \/ h\u00e1ts\u00f3 laprug\u00f3s ac\u00e9llemez<\/td>\n<\/tr>\n<tr>\n<td><strong>F\u00e9krendszer<\/strong><\/td>\n<td>H\u00e1romkerek\u0171 t\u00e1rcsaf\u00e9kek<\/td>\n<\/tr>\n<tr>\n<td><strong>Gumiabroncs m\u00e9rete<\/strong><\/td>\n<td>4.00 - 12<\/td>\n<\/tr>\n<tr>\n<td><strong>F\u0151 konfigur\u00e1ci\u00f3k<\/strong><\/td>\n<td>Integr\u00e1lt LCD m\u0171szerfal, tolat\u00f3kamera, kabinf\u0171t\u00e9s, r\u00e1di\u00f3<\/td>\n<\/tr>\n<tr>\n<td><strong>Opcion\u00e1lis b\u0151v\u00edt\u00e9sek<\/strong><\/td>\n<td>Hibrid Range Extender, napenergia-termel\u00e9s tet\u0151n<\/td>\n<\/tr>\n<tr>\n<td><strong>Maxim\u00e1lis sebess\u00e9g<\/strong><\/td>\n<td>Szigor\u00faan korl\u00e1tozott (csak terepen \/ mag\u00e1nter\u00fcleten haszn\u00e1lhat\u00f3)<\/td>\n<\/tr>\n<tr>\n<td><strong>Rakod\u00e1si mennyis\u00e9g (40HQ)<\/strong><\/td>\n<td>Kb. 14-18 egys\u00e9g (SKD - az extr\u00e9m m\u00e9ret miatt a kont\u00e9ner pontos elrendez\u00e9s\u00e9hez forduljon hozz\u00e1nk)<\/td>\n<\/tr>\n<\/tbody>\n<\/table>","protected":false},"excerpt":{"rendered":"<p>Nagykeresked\u00e9s a massz\u00edv, 3,3 m-es, z\u00e1rt, elektromos szem\u00e9lysz\u00e1ll\u00edt\u00f3 tricikli (3000 W, 6 \u00fcl\u00e9ses). Be\u00e9p\u00edtett kabinf\u0171t\u00e9s \u00e9s napelemes opci\u00f3k sz\u00e9ls\u0151s\u00e9ges \u00e9ghajlatra. K\u00e9rjen FCL \u00e1raj\u00e1nlatokat m\u00e9g ma.<\/p>","protected":false},"featured_media":19888,"comment_status":"open","ping_status":"closed","template":"","meta":{"_eb_attr":""},"product_brand":[],"product_cat":[70,73],"product_tag":[165,160,159,163,162,149],"class_list":{"0":"post-19882","1":"product","2":"type-product","3":"status-publish","4":"has-post-thumbnail","6":"product_cat-lsev-passenger-mobility","7":"product_cat-sightseeing-shuttle-buses","8":"product_tag-airport-port-shuttle","9":"product_tag-cold-climate-transit","10":"product_tag-industrial-campus","11":"product_tag-large-resort","12":"product_tag-mass-transit-shuttle","13":"product_tag-off-road","15":"first","16":"instock","17":"shipping-taxable","18":"product-type-simple"},"yoast_head":"<!-- This site is optimized with the Yoast SEO plugin v26.9 - https:\/\/yoast.com\/product\/yoast-seo-wordpress\/ -->\n<title>3300mm Enclosed Electric Passenger Trike (3000W) | Factory FCL - ORVIK | ORVIK|Light Commercial Electric Vehicles<\/title>\n<meta name=\"robots\" content=\"index, follow, max-snippet:-1, max-image-preview:large, max-video-preview:-1\" \/>\n<link rel=\"canonical\" href=\"https:\/\/orvikpower.com\/hu\/term\u00e9k\/3300mm-enclosed-electric-passenger-trike-3000w-factory-fcl-orvik\" \/>\n<meta property=\"og:locale\" content=\"hu_HU\" \/>\n<meta property=\"og:type\" content=\"article\" \/>\n<meta property=\"og:title\" content=\"3300mm Enclosed Electric Passenger Trike (3000W) | Factory FCL - ORVIK | ORVIK|Light Commercial Electric Vehicles\" \/>\n<meta property=\"og:description\" content=\"Wholesale the massive 3.3m enclosed electric passenger trike (3000W, 6-seater). Built-in cabin heater &amp; solar options for extreme climates. Get FCL quotes today.\" \/>\n<meta property=\"og:url\" content=\"https:\/\/orvikpower.com\/hu\/term\u00e9k\/3300mm-enclosed-electric-passenger-trike-3000w-factory-fcl-orvik\" \/>\n<meta property=\"og:site_name\" content=\"ORVIK|Light Commercial Electric Vehicles\" \/>\n<meta property=\"og:image\" content=\"https:\/\/orvikpower.com\/wp-content\/uploads\/2026\/04\/main-3.png\" \/>\n\t<meta property=\"og:image:width\" content=\"2008\" \/>\n\t<meta property=\"og:image:height\" content=\"2008\" \/>\n\t<meta property=\"og:image:type\" content=\"image\/png\" \/>\n<meta name=\"twitter:card\" content=\"summary_large_image\" \/>\n<meta name=\"twitter:label1\" content=\"Becs\u00fclt olvas\u00e1si id\u0151\" \/>\n\t<meta name=\"twitter:data1\" content=\"2 perc\" \/>\n<script type=\"application\/ld+json\" class=\"yoast-schema-graph\">{\"@context\":\"https:\/\/schema.org\",\"@graph\":[{\"@type\":\"WebPage\",\"@id\":\"https:\/\/orvikpower.com\/product\/3300mm-enclosed-electric-passenger-trike-3000w-factory-fcl-orvik\",\"url\":\"https:\/\/orvikpower.com\/product\/3300mm-enclosed-electric-passenger-trike-3000w-factory-fcl-orvik\",\"name\":\"3300mm Enclosed Electric Passenger Trike (3000W) | Factory FCL - ORVIK | ORVIK|Light Commercial Electric Vehicles\",\"isPartOf\":{\"@id\":\"https:\/\/orvikpower.com\/#website\"},\"primaryImageOfPage\":{\"@id\":\"https:\/\/orvikpower.com\/product\/3300mm-enclosed-electric-passenger-trike-3000w-factory-fcl-orvik#primaryimage\"},\"image\":{\"@id\":\"https:\/\/orvikpower.com\/product\/3300mm-enclosed-electric-passenger-trike-3000w-factory-fcl-orvik#primaryimage\"},\"thumbnailUrl\":\"https:\/\/orvikpower.com\/wp-content\/uploads\/2026\/04\/main-3.png\",\"datePublished\":\"2026-04-07T16:49:37+00:00\",\"breadcrumb\":{\"@id\":\"https:\/\/orvikpower.com\/product\/3300mm-enclosed-electric-passenger-trike-3000w-factory-fcl-orvik#breadcrumb\"},\"inLanguage\":\"hu\",\"potentialAction\":[{\"@type\":\"ReadAction\",\"target\":[\"https:\/\/orvikpower.com\/product\/3300mm-enclosed-electric-passenger-trike-3000w-factory-fcl-orvik\"]}]},{\"@type\":\"ImageObject\",\"inLanguage\":\"hu\",\"@id\":\"https:\/\/orvikpower.com\/product\/3300mm-enclosed-electric-passenger-trike-3000w-factory-fcl-orvik#primaryimage\",\"url\":\"https:\/\/orvikpower.com\/wp-content\/uploads\/2026\/04\/main-3.png\",\"contentUrl\":\"https:\/\/orvikpower.com\/wp-content\/uploads\/2026\/04\/main-3.png\",\"width\":2008,\"height\":2008,\"caption\":\"Wholesale the massive 3.3m enclosed electric passenger trike (3000W, 6-seater). Built-in cabin heater & solar options for extreme climates. Get FCL quotes today.\"},{\"@type\":\"BreadcrumbList\",\"@id\":\"https:\/\/orvikpower.com\/product\/3300mm-enclosed-electric-passenger-trike-3000w-factory-fcl-orvik#breadcrumb\",\"itemListElement\":[{\"@type\":\"ListItem\",\"position\":1,\"name\":\"Home\",\"item\":\"https:\/\/orvikpower.com\/\"},{\"@type\":\"ListItem\",\"position\":2,\"name\":\"SHOP\",\"item\":\"https:\/\/orvikpower.com\/shop\"},{\"@type\":\"ListItem\",\"position\":3,\"name\":\"3300mm Enclosed Electric Passenger Trike (3000W) | Factory FCL &#8211; ORVIK\"}]},{\"@type\":\"WebSite\",\"@id\":\"https:\/\/orvikpower.com\/#website\",\"url\":\"https:\/\/orvikpower.com\/\",\"name\":\"ORVIK | Light Commercial Electric Vehicles\",\"description\":\"Premier Manufacturer of Off-road Electric Utility Vehicles, Pickups &amp; Mini Trucks. High-Temp &amp; Arctic Ready designs for farms &amp; mines. Save costs with Factory-Direct FCL. Make work flow. Get a Quote.\",\"publisher\":{\"@id\":\"https:\/\/orvikpower.com\/#organization\"},\"potentialAction\":[{\"@type\":\"SearchAction\",\"target\":{\"@type\":\"EntryPoint\",\"urlTemplate\":\"https:\/\/orvikpower.com\/?s={search_term_string}\"},\"query-input\":{\"@type\":\"PropertyValueSpecification\",\"valueRequired\":true,\"valueName\":\"search_term_string\"}}],\"inLanguage\":\"hu\"},{\"@type\":\"Organization\",\"@id\":\"https:\/\/orvikpower.com\/#organization\",\"name\":\"ORVIK | Light Commercial Electric Vehicles\",\"url\":\"https:\/\/orvikpower.com\/\",\"logo\":{\"@type\":\"ImageObject\",\"inLanguage\":\"hu\",\"@id\":\"https:\/\/orvikpower.com\/#\/schema\/logo\/image\/\",\"url\":\"https:\/\/orvikpower.com\/wp-content\/uploads\/2026\/01\/cropped-logo-h-main-small.png\",\"contentUrl\":\"https:\/\/orvikpower.com\/wp-content\/uploads\/2026\/01\/cropped-logo-h-main-small.png\",\"width\":512,\"height\":512,\"caption\":\"ORVIK | Light Commercial Electric Vehicles\"},\"image\":{\"@id\":\"https:\/\/orvikpower.com\/#\/schema\/logo\/image\/\"},\"sameAs\":[\"https:\/\/www.youtube.com\/@ORVIKOrvikPower\",\"https:\/\/www.pinterest.com\/OrvikPower\/\"]}]}<\/script>\n<!-- \/ Yoast SEO plugin. -->","yoast_head_json":{"title":"3300mm z\u00e1rt elektromos szem\u00e9lysz\u00e1ll\u00edt\u00f3 trike (3000W) | Gy\u00e1ri FCL - ORVIK | ORVIK | ORVIK | K\u00f6nny\u0171 haszong\u00e9pj\u00e1rm\u0171vek elektromos j\u00e1rm\u0171vek","robots":{"index":"index","follow":"follow","max-snippet":"max-snippet:-1","max-image-preview":"max-image-preview:large","max-video-preview":"max-video-preview:-1"},"canonical":"https:\/\/orvikpower.com\/hu\/term\u00e9k\/3300mm-enclosed-electric-passenger-trike-3000w-factory-fcl-orvik","og_locale":"hu_HU","og_type":"article","og_title":"3300mm Enclosed Electric Passenger Trike (3000W) | Factory FCL - ORVIK | ORVIK|Light Commercial Electric Vehicles","og_description":"Wholesale the massive 3.3m enclosed electric passenger trike (3000W, 6-seater). Built-in cabin heater &amp; solar options for extreme climates. Get FCL quotes today.","og_url":"https:\/\/orvikpower.com\/hu\/term\u00e9k\/3300mm-enclosed-electric-passenger-trike-3000w-factory-fcl-orvik","og_site_name":"ORVIK|Light Commercial Electric Vehicles","og_image":[{"width":2008,"height":2008,"url":"https:\/\/orvikpower.com\/wp-content\/uploads\/2026\/04\/main-3.png","type":"image\/png"}],"twitter_card":"summary_large_image","twitter_misc":{"Becs\u00fclt olvas\u00e1si id\u0151":"2 perc"},"schema":{"@context":"https:\/\/schema.org","@graph":[{"@type":"WebPage","@id":"https:\/\/orvikpower.com\/product\/3300mm-enclosed-electric-passenger-trike-3000w-factory-fcl-orvik","url":"https:\/\/orvikpower.com\/product\/3300mm-enclosed-electric-passenger-trike-3000w-factory-fcl-orvik","name":"3300mm z\u00e1rt elektromos szem\u00e9lysz\u00e1ll\u00edt\u00f3 trike (3000W) | Gy\u00e1ri FCL - ORVIK | ORVIK | ORVIK | K\u00f6nny\u0171 haszong\u00e9pj\u00e1rm\u0171vek elektromos j\u00e1rm\u0171vek","isPartOf":{"@id":"https:\/\/orvikpower.com\/#website"},"primaryImageOfPage":{"@id":"https:\/\/orvikpower.com\/product\/3300mm-enclosed-electric-passenger-trike-3000w-factory-fcl-orvik#primaryimage"},"image":{"@id":"https:\/\/orvikpower.com\/product\/3300mm-enclosed-electric-passenger-trike-3000w-factory-fcl-orvik#primaryimage"},"thumbnailUrl":"https:\/\/orvikpower.com\/wp-content\/uploads\/2026\/04\/main-3.png","datePublished":"2026-04-07T16:49:37+00:00","breadcrumb":{"@id":"https:\/\/orvikpower.com\/product\/3300mm-enclosed-electric-passenger-trike-3000w-factory-fcl-orvik#breadcrumb"},"inLanguage":"hu","potentialAction":[{"@type":"ReadAction","target":["https:\/\/orvikpower.com\/product\/3300mm-enclosed-electric-passenger-trike-3000w-factory-fcl-orvik"]}]},{"@type":"ImageObject","inLanguage":"hu","@id":"https:\/\/orvikpower.com\/product\/3300mm-enclosed-electric-passenger-trike-3000w-factory-fcl-orvik#primaryimage","url":"https:\/\/orvikpower.com\/wp-content\/uploads\/2026\/04\/main-3.png","contentUrl":"https:\/\/orvikpower.com\/wp-content\/uploads\/2026\/04\/main-3.png","width":2008,"height":2008,"caption":"Wholesale the massive 3.3m enclosed electric passenger trike (3000W, 6-seater). Built-in cabin heater & solar options for extreme climates. Get FCL quotes today."},{"@type":"BreadcrumbList","@id":"https:\/\/orvikpower.com\/product\/3300mm-enclosed-electric-passenger-trike-3000w-factory-fcl-orvik#breadcrumb","itemListElement":[{"@type":"ListItem","position":1,"name":"Home","item":"https:\/\/orvikpower.com\/"},{"@type":"ListItem","position":2,"name":"SHOP","item":"https:\/\/orvikpower.com\/shop"},{"@type":"ListItem","position":3,"name":"3300mm Enclosed Electric Passenger Trike (3000W) | Factory FCL &#8211; ORVIK"}]},{"@type":"WebSite","@id":"https:\/\/orvikpower.com\/#website","url":"https:\/\/orvikpower.com\/","name":"ORVIK | K\u00f6nny\u0171 haszong\u00e9pj\u00e1rm\u0171vek","description":"A terepj\u00e1r\u00f3 elektromos haszonj\u00e1rm\u0171vek, pickupok \u00e9s mini teheraut\u00f3k els\u0151sz\u00e1m\u00fa gy\u00e1rt\u00f3ja. High-Temp &amp; Arctic Ready kivitelek farmok \u00e9s b\u00e1ny\u00e1k sz\u00e1m\u00e1ra. K\u00f6lts\u00e9gmegtakar\u00edt\u00e1s a Factory-Direct FCL seg\u00edts\u00e9g\u00e9vel. Tegye a munkafolyamatot. K\u00e9rjen \u00e1raj\u00e1nlatot.","publisher":{"@id":"https:\/\/orvikpower.com\/#organization"},"potentialAction":[{"@type":"SearchAction","target":{"@type":"EntryPoint","urlTemplate":"https:\/\/orvikpower.com\/?s={search_term_string}"},"query-input":{"@type":"PropertyValueSpecification","valueRequired":true,"valueName":"search_term_string"}}],"inLanguage":"hu"},{"@type":"Organization","@id":"https:\/\/orvikpower.com\/#organization","name":"ORVIK | K\u00f6nny\u0171 haszong\u00e9pj\u00e1rm\u0171vek","url":"https:\/\/orvikpower.com\/","logo":{"@type":"ImageObject","inLanguage":"hu","@id":"https:\/\/orvikpower.com\/#\/schema\/logo\/image\/","url":"https:\/\/orvikpower.com\/wp-content\/uploads\/2026\/01\/cropped-logo-h-main-small.png","contentUrl":"https:\/\/orvikpower.com\/wp-content\/uploads\/2026\/01\/cropped-logo-h-main-small.png","width":512,"height":512,"caption":"ORVIK | Light Commercial Electric Vehicles"},"image":{"@id":"https:\/\/orvikpower.com\/#\/schema\/logo\/image\/"},"sameAs":["https:\/\/www.youtube.com\/@ORVIKOrvikPower","https:\/\/www.pinterest.com\/OrvikPower\/"]}]}},"_links":{"self":[{"href":"https:\/\/orvikpower.com\/hu\/wp-json\/wp\/v2\/product\/19882","targetHints":{"allow":["GET"]}}],"collection":[{"href":"https:\/\/orvikpower.com\/hu\/wp-json\/wp\/v2\/product"}],"about":[{"href":"https:\/\/orvikpower.com\/hu\/wp-json\/wp\/v2\/types\/product"}],"replies":[{"embeddable":true,"href":"https:\/\/orvikpower.com\/hu\/wp-json\/wp\/v2\/comments?post=19882"}],"wp:featuredmedia":[{"embeddable":true,"href":"https:\/\/orvikpower.com\/hu\/wp-json\/wp\/v2\/media\/19888"}],"wp:attachment":[{"href":"https:\/\/orvikpower.com\/hu\/wp-json\/wp\/v2\/media?parent=19882"}],"wp:term":[{"taxonomy":"product_brand","embeddable":true,"href":"https:\/\/orvikpower.com\/hu\/wp-json\/wp\/v2\/product_brand?post=19882"},{"taxonomy":"product_cat","embeddable":true,"href":"https:\/\/orvikpower.com\/hu\/wp-json\/wp\/v2\/product_cat?post=19882"},{"taxonomy":"product_tag","embeddable":true,"href":"https:\/\/orvikpower.com\/hu\/wp-json\/wp\/v2\/product_tag?post=19882"}],"curies":[{"name":"wp","href":"https:\/\/api.w.org\/{rel}","templated":true}]}}