{"id":19912,"date":"2026-04-08T06:19:34","date_gmt":"2026-04-08T06:19:34","guid":{"rendered":"https:\/\/orvikpower.com\/?post_type=product&#038;p=19912"},"modified":"2026-04-08T06:19:34","modified_gmt":"2026-04-08T06:19:34","slug":"premium-abs-enclosed-passenger-trike-1200w-factory-fcl-orvik","status":"publish","type":"product","link":"https:\/\/orvikpower.com\/hu\/term%c3%a9k\/premium-abs-enclosed-passenger-trike-1200w-factory-fcl-orvik","title":{"rendered":"Pr\u00e9mium ABS z\u00e1rt utas trike (1200W) | Gy\u00e1ri FCL - ORVIK"},"content":{"rendered":"<p dir=\"auto\">Az ORVIK 2 ajt\u00f3s pr\u00e9mium z\u00e1rt trike \u00fajradefini\u00e1lja a mag\u00e1ntulajdonban l\u00e9v\u0151 k\u00f6zleked\u00e9si eszk\u00f6z\u00f6ket, mivel fejlett aut\u00f3ipari min\u0151s\u00e9g\u0171 ABS fr\u00f6ccs\u00f6nt\u00e9st alkalmaz egy nagy teherb\u00edr\u00e1s\u00fa, meger\u0151s\u00edtett v\u00e1zon. Kiz\u00e1r\u00f3lag off-road \u00fcd\u00fcl\u0151helyi \u00e9s egyetemi haszn\u00e1latra tervezt\u00e9k, ez a konstrukci\u00f3s m\u00f3dszer nemcsak jelent\u0151sen cs\u00f6kkenti a j\u00e1rm\u0171 s\u00faly\u00e1t az akkumul\u00e1tor hat\u00e9konys\u00e1g\u00e1nak maximaliz\u00e1l\u00e1sa \u00e9rdek\u00e9ben, hanem kiv\u00e1l\u00f3 rozsda- \u00e9s korr\u00f3zi\u00f3\u00e1ll\u00f3s\u00e1got is biztos\u00edt, \u00edgy a tengerparti \u00fcd\u00fcl\u0151helyekre vagy er\u0151sen p\u00e1r\u00e1s k\u00f6rnyezetbe val\u00f3 v\u00e9gs\u0151 v\u00e1laszt\u00e1s.<\/p>\n<div class=\"my-2\"><\/div>\n<p dir=\"auto\">Az utasok biztons\u00e1ga \u00e9s tapasztalata a legfontosabb. A j\u00e1rm\u0171 \u00e9rz\u00e9keny els\u0151 \u00e9s h\u00e1ts\u00f3 kett\u0151s t\u00e1rcsaf\u00e9krendszerrel, valamint pr\u00e9mium kateg\u00f3ri\u00e1s utast\u00e9rrel rendelkezik, amely elektromos ablakokkal, k\u00f6zponti z\u00e1rral, Bluetooth audi\u00f3val \u00e9s opcion\u00e1lis l\u00e9gkondicion\u00e1l\u00f3val (f\u0171t\u00e9s \u00e9s h\u0171t\u00e9s) van felszerelve. VIP shuttle flott\u00e1j\u00e1nak erre az elektromos modellre val\u00f3 \u00e1t\u00e1ll\u00e1s\u00e1val kik\u00fcsz\u00f6b\u00f6lheti a motorzajt \u00e9s a karbantart\u00e1st, ami k\u00f6zvetlen\u00fcl cs\u00f6kkenti a teljes \u00fczemeltet\u00e9si k\u00f6lts\u00e9get (TCO). Az \u00d6n egyedi \u00fczemeltet\u00e9si ig\u00e9nyeihez igazodva az akkumul\u00e1torrendszer teljesen testre szabhat\u00f3 (v\u00e1lasszon \u00f3lom-savas akkumul\u00e1tort a kedvez\u0151 \u00e1r\u00fa vagy LiFePO4 akkumul\u00e1tort a sz\u00e9ls\u0151s\u00e9ges \u00e9ghajlati viszonyokhoz). Mik\u00f6zben egy robusztus 1200 W-os alapmotor hajtja, egyedi teljes\u00edtm\u00e9nyn\u00f6vel\u00e9st k\u00edn\u00e1lunk a meredek emelked\u0151k kezel\u00e9s\u00e9hez. \u00c9p\u00edtett pr\u00e9mium. K\u00f6zvetlen\u00fcl \u00e9p\u00edtett. \u00dagy tervezt\u00fck, hogy a munkafolyamatokat megk\u00f6nny\u00edtse.<\/p>\n<table>\n<thead>\n<tr>\n<th>Param\u00e9ter kateg\u00f3ria<\/th>\n<th>Specifik\u00e1ci\u00f3 r\u00e9szletek<\/th>\n<\/tr>\n<\/thead>\n<tbody>\n<tr>\n<td><strong>Teljes m\u00e9retek (L*S*H)<\/strong><\/td>\n<td>2330 <em>1200 <\/em>1630 mm<\/td>\n<\/tr>\n<tr>\n<td><strong>Testszerkezet<\/strong><\/td>\n<td>K\u00e9tajt\u00f3s, h\u00e1rom\u00fcl\u00e9ses (aut\u00f3ipari min\u0151s\u00e9g\u0171 ABS fr\u00f6ccs\u00f6nt\u00e9s)<\/td>\n<\/tr>\n<tr>\n<td><strong>Fesz\u00fclts\u00e9g<\/strong><\/td>\n<td>60V \/ 72V univerz\u00e1lis<\/td>\n<\/tr>\n<tr>\n<td><strong>Motor teljes\u00edtm\u00e9ny<\/strong><\/td>\n<td>1200W Standard (testreszabhat\u00f3 teljes\u00edtm\u00e9nyn\u00f6vel\u00e9s el\u00e9rhet\u0151)<\/td>\n<\/tr>\n<tr>\n<td><strong>Vez\u00e9rl\u0151<\/strong><\/td>\n<td>Intelligens vez\u00e9rl\u0151<\/td>\n<\/tr>\n<tr>\n<td><strong>Akkumul\u00e1tor t\u00edpusa<\/strong><\/td>\n<td>Testreszabhat\u00f3 (\u00f3lom-sav \/ LiFePO4)<\/td>\n<\/tr>\n<tr>\n<td><strong>Felf\u00fcggeszt\u00e9s<\/strong><\/td>\n<td>H\u00e1ts\u00f3 tengely h\u00eddfelf\u00fcggeszt\u00e9s<\/td>\n<\/tr>\n<tr>\n<td><strong>F\u00e9krendszer<\/strong><\/td>\n<td>Els\u0151 \u00e9s h\u00e1ts\u00f3 t\u00e1rcsaf\u00e9kek<\/td>\n<\/tr>\n<tr>\n<td><strong>Gumiabroncs m\u00e9rete<\/strong><\/td>\n<td>El\u00f6l: 130-70R12 \/ H\u00e1tul: 135-70R12<\/td>\n<\/tr>\n<tr>\n<td><strong>F\u0151 konfigur\u00e1ci\u00f3k<\/strong><\/td>\n<td>Elektromos ablakok, integr\u00e1lt k\u00f6zponti z\u00e1r\/z\u00e1r\/Anti-Theft, Push-to-Start, ABS m\u0171anyag karossz\u00e9ria, kr\u00f3mozott bels\u0151 d\u00edsz\u00edt\u00e9s, Bluetooth Audio, csont n\u00e9lk\u00fcli ablakt\u00f6rl\u0151k, napf\u00e9nytet\u0151 ventil\u00e1torral, bels\u0151 vil\u00e1g\u00edt\u00e1s, USB t\u00f6lt\u00e9s, HD visszapillant\u00f3 kamera.<\/td>\n<\/tr>\n<\/tbody>\n<\/table>","protected":false},"excerpt":{"rendered":"<p>Nagykereskedelmi 1200W-os z\u00e1rt elektromos trike, amely aut\u00f3ipari min\u0151s\u00e9g\u0171 ABS karossz\u00e9ri\u00e1val \u00e9s kett\u0151s t\u00e1rcsaf\u00e9kkel rendelkezik. A\/C opci\u00f3k el\u00e9rhet\u0151ek. K\u00e9rjen gy\u00e1ri FCL \u00e1raj\u00e1nlatokat.<\/p>","protected":false},"featured_media":19917,"comment_status":"open","ping_status":"closed","template":"","meta":{"_eb_attr":""},"product_brand":[],"product_cat":[70,73],"product_tag":[173,159,149,171,172],"class_list":{"0":"post-19912","1":"product","2":"type-product","3":"status-publish","4":"has-post-thumbnail","6":"product_cat-lsev-passenger-mobility","7":"product_cat-sightseeing-shuttle-buses","8":"product_tag-coastal-property-transit","9":"product_tag-industrial-campus","10":"product_tag-off-road","11":"product_tag-premium-resort-shuttle","12":"product_tag-real-estate-vip-viewing","14":"first","15":"instock","16":"shipping-taxable","17":"product-type-simple"},"yoast_head":"<!-- This site is optimized with the Yoast SEO plugin v26.9 - https:\/\/yoast.com\/product\/yoast-seo-wordpress\/ -->\n<title>Premium ABS Enclosed Passenger Trike (1200W) | Factory FCL - ORVIK | ORVIK|Light Commercial Electric Vehicles<\/title>\n<meta name=\"robots\" content=\"index, follow, max-snippet:-1, max-image-preview:large, max-video-preview:-1\" \/>\n<link rel=\"canonical\" href=\"https:\/\/orvikpower.com\/hu\/term\u00e9k\/premium-abs-enclosed-passenger-trike-1200w-factory-fcl-orvik\" \/>\n<meta property=\"og:locale\" content=\"hu_HU\" \/>\n<meta property=\"og:type\" content=\"article\" \/>\n<meta property=\"og:title\" content=\"Premium ABS Enclosed Passenger Trike (1200W) | Factory FCL - ORVIK | ORVIK|Light Commercial Electric Vehicles\" \/>\n<meta property=\"og:description\" content=\"Wholesale 1200W enclosed electric passenger trike featuring an automotive-grade ABS body and dual disc brakes. A\/C options available. Get factory FCL quotes.\" \/>\n<meta property=\"og:url\" content=\"https:\/\/orvikpower.com\/hu\/term\u00e9k\/premium-abs-enclosed-passenger-trike-1200w-factory-fcl-orvik\" \/>\n<meta property=\"og:site_name\" content=\"ORVIK|Light Commercial Electric Vehicles\" \/>\n<meta property=\"og:image\" content=\"https:\/\/orvikpower.com\/wp-content\/uploads\/2026\/04\/\u7b2c15\u9875-99.png\" \/>\n\t<meta property=\"og:image:width\" content=\"2008\" \/>\n\t<meta property=\"og:image:height\" content=\"2008\" \/>\n\t<meta property=\"og:image:type\" content=\"image\/png\" \/>\n<meta name=\"twitter:card\" content=\"summary_large_image\" \/>\n<meta name=\"twitter:label1\" content=\"Becs\u00fclt olvas\u00e1si id\u0151\" \/>\n\t<meta name=\"twitter:data1\" content=\"2 perc\" \/>\n<script type=\"application\/ld+json\" class=\"yoast-schema-graph\">{\"@context\":\"https:\/\/schema.org\",\"@graph\":[{\"@type\":\"WebPage\",\"@id\":\"https:\/\/orvikpower.com\/product\/premium-abs-enclosed-passenger-trike-1200w-factory-fcl-orvik\",\"url\":\"https:\/\/orvikpower.com\/product\/premium-abs-enclosed-passenger-trike-1200w-factory-fcl-orvik\",\"name\":\"Premium ABS Enclosed Passenger Trike (1200W) | Factory FCL - ORVIK | ORVIK|Light Commercial Electric Vehicles\",\"isPartOf\":{\"@id\":\"https:\/\/orvikpower.com\/#website\"},\"primaryImageOfPage\":{\"@id\":\"https:\/\/orvikpower.com\/product\/premium-abs-enclosed-passenger-trike-1200w-factory-fcl-orvik#primaryimage\"},\"image\":{\"@id\":\"https:\/\/orvikpower.com\/product\/premium-abs-enclosed-passenger-trike-1200w-factory-fcl-orvik#primaryimage\"},\"thumbnailUrl\":\"https:\/\/orvikpower.com\/wp-content\/uploads\/2026\/04\/\u7b2c15\u9875-99.png\",\"datePublished\":\"2026-04-08T06:19:34+00:00\",\"breadcrumb\":{\"@id\":\"https:\/\/orvikpower.com\/product\/premium-abs-enclosed-passenger-trike-1200w-factory-fcl-orvik#breadcrumb\"},\"inLanguage\":\"hu\",\"potentialAction\":[{\"@type\":\"ReadAction\",\"target\":[\"https:\/\/orvikpower.com\/product\/premium-abs-enclosed-passenger-trike-1200w-factory-fcl-orvik\"]}]},{\"@type\":\"ImageObject\",\"inLanguage\":\"hu\",\"@id\":\"https:\/\/orvikpower.com\/product\/premium-abs-enclosed-passenger-trike-1200w-factory-fcl-orvik#primaryimage\",\"url\":\"https:\/\/orvikpower.com\/wp-content\/uploads\/2026\/04\/\u7b2c15\u9875-99.png\",\"contentUrl\":\"https:\/\/orvikpower.com\/wp-content\/uploads\/2026\/04\/\u7b2c15\u9875-99.png\",\"width\":2008,\"height\":2008,\"caption\":\"Wholesale 1200W enclosed electric passenger trike featuring an automotive-grade ABS body and dual disc brakes. A\/C options available. Get factory FCL quotes.\"},{\"@type\":\"BreadcrumbList\",\"@id\":\"https:\/\/orvikpower.com\/product\/premium-abs-enclosed-passenger-trike-1200w-factory-fcl-orvik#breadcrumb\",\"itemListElement\":[{\"@type\":\"ListItem\",\"position\":1,\"name\":\"Home\",\"item\":\"https:\/\/orvikpower.com\/\"},{\"@type\":\"ListItem\",\"position\":2,\"name\":\"SHOP\",\"item\":\"https:\/\/orvikpower.com\/shop\"},{\"@type\":\"ListItem\",\"position\":3,\"name\":\"Premium ABS Enclosed Passenger Trike (1200W) | Factory FCL &#8211; ORVIK\"}]},{\"@type\":\"WebSite\",\"@id\":\"https:\/\/orvikpower.com\/#website\",\"url\":\"https:\/\/orvikpower.com\/\",\"name\":\"ORVIK | Light Commercial Electric Vehicles\",\"description\":\"Premier Manufacturer of Off-road Electric Utility Vehicles, Pickups &amp; Mini Trucks. High-Temp &amp; Arctic Ready designs for farms &amp; mines. Save costs with Factory-Direct FCL. Make work flow. Get a Quote.\",\"publisher\":{\"@id\":\"https:\/\/orvikpower.com\/#organization\"},\"potentialAction\":[{\"@type\":\"SearchAction\",\"target\":{\"@type\":\"EntryPoint\",\"urlTemplate\":\"https:\/\/orvikpower.com\/?s={search_term_string}\"},\"query-input\":{\"@type\":\"PropertyValueSpecification\",\"valueRequired\":true,\"valueName\":\"search_term_string\"}}],\"inLanguage\":\"hu\"},{\"@type\":\"Organization\",\"@id\":\"https:\/\/orvikpower.com\/#organization\",\"name\":\"ORVIK | Light Commercial Electric Vehicles\",\"url\":\"https:\/\/orvikpower.com\/\",\"logo\":{\"@type\":\"ImageObject\",\"inLanguage\":\"hu\",\"@id\":\"https:\/\/orvikpower.com\/#\/schema\/logo\/image\/\",\"url\":\"https:\/\/orvikpower.com\/wp-content\/uploads\/2026\/01\/cropped-logo-h-main-small.png\",\"contentUrl\":\"https:\/\/orvikpower.com\/wp-content\/uploads\/2026\/01\/cropped-logo-h-main-small.png\",\"width\":512,\"height\":512,\"caption\":\"ORVIK | Light Commercial Electric Vehicles\"},\"image\":{\"@id\":\"https:\/\/orvikpower.com\/#\/schema\/logo\/image\/\"},\"sameAs\":[\"https:\/\/www.youtube.com\/@ORVIKOrvikPower\",\"https:\/\/www.pinterest.com\/OrvikPower\/\"]}]}<\/script>\n<!-- \/ Yoast SEO plugin. -->","yoast_head_json":{"title":"Pr\u00e9mium ABS z\u00e1rt utas Trike (1200W) | Gy\u00e1ri FCL - ORVIK | ORVIK | ORVIK | K\u00f6nny\u0171 haszong\u00e9pj\u00e1rm\u0171vek elektromos j\u00e1rm\u0171vek","robots":{"index":"index","follow":"follow","max-snippet":"max-snippet:-1","max-image-preview":"max-image-preview:large","max-video-preview":"max-video-preview:-1"},"canonical":"https:\/\/orvikpower.com\/hu\/term\u00e9k\/premium-abs-enclosed-passenger-trike-1200w-factory-fcl-orvik","og_locale":"hu_HU","og_type":"article","og_title":"Premium ABS Enclosed Passenger Trike (1200W) | Factory FCL - ORVIK | ORVIK|Light Commercial Electric Vehicles","og_description":"Wholesale 1200W enclosed electric passenger trike featuring an automotive-grade ABS body and dual disc brakes. A\/C options available. Get factory FCL quotes.","og_url":"https:\/\/orvikpower.com\/hu\/term\u00e9k\/premium-abs-enclosed-passenger-trike-1200w-factory-fcl-orvik","og_site_name":"ORVIK|Light Commercial Electric Vehicles","og_image":[{"width":2008,"height":2008,"url":"https:\/\/orvikpower.com\/wp-content\/uploads\/2026\/04\/\u7b2c15\u9875-99.png","type":"image\/png"}],"twitter_card":"summary_large_image","twitter_misc":{"Becs\u00fclt olvas\u00e1si id\u0151":"2 perc"},"schema":{"@context":"https:\/\/schema.org","@graph":[{"@type":"WebPage","@id":"https:\/\/orvikpower.com\/product\/premium-abs-enclosed-passenger-trike-1200w-factory-fcl-orvik","url":"https:\/\/orvikpower.com\/product\/premium-abs-enclosed-passenger-trike-1200w-factory-fcl-orvik","name":"Pr\u00e9mium ABS z\u00e1rt utas Trike (1200W) | Gy\u00e1ri FCL - ORVIK | ORVIK | ORVIK | K\u00f6nny\u0171 haszong\u00e9pj\u00e1rm\u0171vek elektromos j\u00e1rm\u0171vek","isPartOf":{"@id":"https:\/\/orvikpower.com\/#website"},"primaryImageOfPage":{"@id":"https:\/\/orvikpower.com\/product\/premium-abs-enclosed-passenger-trike-1200w-factory-fcl-orvik#primaryimage"},"image":{"@id":"https:\/\/orvikpower.com\/product\/premium-abs-enclosed-passenger-trike-1200w-factory-fcl-orvik#primaryimage"},"thumbnailUrl":"https:\/\/orvikpower.com\/wp-content\/uploads\/2026\/04\/\u7b2c15\u9875-99.png","datePublished":"2026-04-08T06:19:34+00:00","breadcrumb":{"@id":"https:\/\/orvikpower.com\/product\/premium-abs-enclosed-passenger-trike-1200w-factory-fcl-orvik#breadcrumb"},"inLanguage":"hu","potentialAction":[{"@type":"ReadAction","target":["https:\/\/orvikpower.com\/product\/premium-abs-enclosed-passenger-trike-1200w-factory-fcl-orvik"]}]},{"@type":"ImageObject","inLanguage":"hu","@id":"https:\/\/orvikpower.com\/product\/premium-abs-enclosed-passenger-trike-1200w-factory-fcl-orvik#primaryimage","url":"https:\/\/orvikpower.com\/wp-content\/uploads\/2026\/04\/\u7b2c15\u9875-99.png","contentUrl":"https:\/\/orvikpower.com\/wp-content\/uploads\/2026\/04\/\u7b2c15\u9875-99.png","width":2008,"height":2008,"caption":"Wholesale 1200W enclosed electric passenger trike featuring an automotive-grade ABS body and dual disc brakes. A\/C options available. Get factory FCL quotes."},{"@type":"BreadcrumbList","@id":"https:\/\/orvikpower.com\/product\/premium-abs-enclosed-passenger-trike-1200w-factory-fcl-orvik#breadcrumb","itemListElement":[{"@type":"ListItem","position":1,"name":"Home","item":"https:\/\/orvikpower.com\/"},{"@type":"ListItem","position":2,"name":"SHOP","item":"https:\/\/orvikpower.com\/shop"},{"@type":"ListItem","position":3,"name":"Premium ABS Enclosed Passenger Trike (1200W) | Factory FCL &#8211; ORVIK"}]},{"@type":"WebSite","@id":"https:\/\/orvikpower.com\/#website","url":"https:\/\/orvikpower.com\/","name":"ORVIK | K\u00f6nny\u0171 haszong\u00e9pj\u00e1rm\u0171vek","description":"A terepj\u00e1r\u00f3 elektromos haszonj\u00e1rm\u0171vek, pickupok \u00e9s mini teheraut\u00f3k els\u0151sz\u00e1m\u00fa gy\u00e1rt\u00f3ja. High-Temp &amp; Arctic Ready kivitelek farmok \u00e9s b\u00e1ny\u00e1k sz\u00e1m\u00e1ra. K\u00f6lts\u00e9gmegtakar\u00edt\u00e1s a Factory-Direct FCL seg\u00edts\u00e9g\u00e9vel. Tegye a munkafolyamatot. K\u00e9rjen \u00e1raj\u00e1nlatot.","publisher":{"@id":"https:\/\/orvikpower.com\/#organization"},"potentialAction":[{"@type":"SearchAction","target":{"@type":"EntryPoint","urlTemplate":"https:\/\/orvikpower.com\/?s={search_term_string}"},"query-input":{"@type":"PropertyValueSpecification","valueRequired":true,"valueName":"search_term_string"}}],"inLanguage":"hu"},{"@type":"Organization","@id":"https:\/\/orvikpower.com\/#organization","name":"ORVIK | K\u00f6nny\u0171 haszong\u00e9pj\u00e1rm\u0171vek","url":"https:\/\/orvikpower.com\/","logo":{"@type":"ImageObject","inLanguage":"hu","@id":"https:\/\/orvikpower.com\/#\/schema\/logo\/image\/","url":"https:\/\/orvikpower.com\/wp-content\/uploads\/2026\/01\/cropped-logo-h-main-small.png","contentUrl":"https:\/\/orvikpower.com\/wp-content\/uploads\/2026\/01\/cropped-logo-h-main-small.png","width":512,"height":512,"caption":"ORVIK | Light Commercial Electric Vehicles"},"image":{"@id":"https:\/\/orvikpower.com\/#\/schema\/logo\/image\/"},"sameAs":["https:\/\/www.youtube.com\/@ORVIKOrvikPower","https:\/\/www.pinterest.com\/OrvikPower\/"]}]}},"_links":{"self":[{"href":"https:\/\/orvikpower.com\/hu\/wp-json\/wp\/v2\/product\/19912","targetHints":{"allow":["GET"]}}],"collection":[{"href":"https:\/\/orvikpower.com\/hu\/wp-json\/wp\/v2\/product"}],"about":[{"href":"https:\/\/orvikpower.com\/hu\/wp-json\/wp\/v2\/types\/product"}],"replies":[{"embeddable":true,"href":"https:\/\/orvikpower.com\/hu\/wp-json\/wp\/v2\/comments?post=19912"}],"wp:featuredmedia":[{"embeddable":true,"href":"https:\/\/orvikpower.com\/hu\/wp-json\/wp\/v2\/media\/19917"}],"wp:attachment":[{"href":"https:\/\/orvikpower.com\/hu\/wp-json\/wp\/v2\/media?parent=19912"}],"wp:term":[{"taxonomy":"product_brand","embeddable":true,"href":"https:\/\/orvikpower.com\/hu\/wp-json\/wp\/v2\/product_brand?post=19912"},{"taxonomy":"product_cat","embeddable":true,"href":"https:\/\/orvikpower.com\/hu\/wp-json\/wp\/v2\/product_cat?post=19912"},{"taxonomy":"product_tag","embeddable":true,"href":"https:\/\/orvikpower.com\/hu\/wp-json\/wp\/v2\/product_tag?post=19912"}],"curies":[{"name":"wp","href":"https:\/\/api.w.org\/{rel}","templated":true}]}}