{"id":19933,"date":"2026-04-08T06:52:26","date_gmt":"2026-04-08T06:52:26","guid":{"rendered":"https:\/\/orvikpower.com\/?post_type=product&#038;p=19933"},"modified":"2026-04-08T06:52:26","modified_gmt":"2026-04-08T06:52:26","slug":"customizable-4-seater-electric-resort-cart-factory-wholesale-fcl-orvik","status":"publish","type":"product","link":"https:\/\/orvikpower.com\/hu\/term%c3%a9k\/customizable-4-seater-electric-resort-cart-factory-wholesale-fcl-orvik","title":{"rendered":"Testreszabhat\u00f3 4 \u00fcl\u00e9ses elektromos \u00fcd\u00fcl\u0151kocsi | Gy\u00e1ri nagykereskedelem FCL - ORVIK"},"content":{"rendered":"<p dir=\"auto\">Az ORVIK 2 ajt\u00f3s, 4 szem\u00e9lyes, z\u00e1rt, z\u00e1rt sikl\u00f3 a modul\u00e1ris, elektromos terepj\u00e1r\u00f3 k\u00f6zleked\u00e9s cs\u00facs\u00e1t k\u00e9pviseli. Kifejezetten mag\u00e1n\u00fcd\u00fcl\u0151helyek, ingatlanok megtekint\u00e9s\u00e9re \u00e9s ipari kampuszok sz\u00e1m\u00e1ra tervezt\u00e9k, teljesen z\u00e1rt kabinja alapfelszerelts\u00e9gk\u00e9nt f\u0171t\u00e9ssel rendelkezik - \u00edgy vend\u00e9gei \u00e9s biztons\u00e1gi szem\u00e9lyzete a fagyos t\u00e9lben is v\u00e9dve marad. A perzsel\u0151 sivatagi k\u00f6rnyezetben az opcion\u00e1lis kl\u00edmavez\u00e9rl\u00e9s\u0171 l\u00e9gkondicion\u00e1l\u00f3 garant\u00e1lja a VIP-szint\u0171, pr\u00e9mium min\u0151s\u00e9g\u0171 utaz\u00e1st. A h\u00e1ts\u00f3 laprug\u00f3s felf\u00fcggeszt\u00e9ssel ell\u00e1tott, nagy teherb\u00edr\u00e1s\u00fa alv\u00e1zra \u00e9p\u00edtett j\u00e1rm\u0171 k\u00f6nnyed\u00e9n elnyeli az egyenetlen kavicsos \u00e9s f\u00f6ldes utak \u00fct\u00e9seit.<\/p>\n<div class=\"my-2\"><\/div>\n<p dir=\"auto\">Flott\u00e1j\u00e1nak erre a z\u00e1rt elektromos modellre val\u00f3 \u00e1t\u00e1ll\u00edt\u00e1sa kik\u00fcsz\u00f6b\u00f6li a nagy karbantart\u00e1st ig\u00e9nyl\u0151 bels\u0151 \u00e9g\u00e9s\u0171 motorokat, ami k\u00f6zvetlen\u00fcl cs\u00f6kkenti a teljes \u00fczemeltet\u00e9si k\u00f6lts\u00e9get (TCO). Az \u00d6n egyedi m\u0171k\u00f6d\u00e9si kl\u00edm\u00e1j\u00e1nak megfelel\u0151en az akkumul\u00e1torrendszer teljes m\u00e9rt\u00e9kben testre szabhat\u00f3 (v\u00e1lasszon standard \u00f3lom-sav akkumul\u00e1torokat a maxim\u00e1lis k\u00f6lts\u00e9gvet\u00e9si hat\u00e9konys\u00e1g \u00e9rdek\u00e9ben, vagy nagy s\u0171r\u0171s\u00e9g\u0171 LiFePO4 akkumul\u00e1torokat a sz\u00e9ls\u0151s\u00e9ges h\u0151m\u00e9rs\u00e9kleti viszonyokhoz). Ami igaz\u00e1n megk\u00fcl\u00f6nb\u00f6zteti ezt a modellt a p\u00e1ratlan gy\u00e1ri testreszabhat\u00f3s\u00e1gt\u00f3l: A B2B v\u00e1s\u00e1rl\u00f3k a standard 1000 W-os motort 1500 W-os er\u0151m\u0171v\u00e9 fejleszthetik, magas\/alacsony kett\u0151s \u00e1tt\u00e9tel\u0171 sebess\u00e9gv\u00e1lt\u00f3kat adhatnak hozz\u00e1 a meredek emelked\u0151kh\u00f6z, korm\u00e1nyt korm\u00e1nyker\u00e9kre cser\u00e9lhetnek, vagy napelemes tet\u0151t integr\u00e1lhatnak a v\u00e9gs\u0151, h\u00e1l\u00f3zaton k\u00edv\u00fcli kitart\u00e1s \u00e9rdek\u00e9ben. Modul\u00e1ris fel\u00e9p\u00edt\u00e9s\u0171. K\u00f6zvetlen \u00e9p\u00edt\u00e9s. \u00dagy tervezt\u00e9k, hogy a munka foly\u00e9konyan folyjon.<\/p>\n<table>\n<thead>\n<tr>\n<th>Param\u00e9ter kateg\u00f3ria<\/th>\n<th>Specifik\u00e1ci\u00f3 r\u00e9szletek<\/th>\n<\/tr>\n<\/thead>\n<tbody>\n<tr>\n<td><strong>Teljes m\u00e9retek (L*S*H)<\/strong><\/td>\n<td>2450 <em>1250 <\/em>1650 mm<\/td>\n<\/tr>\n<tr>\n<td><strong>Testszerkezet<\/strong><\/td>\n<td>K\u00e9tajt\u00f3s, n\u00e9gyszem\u00e9lyes, z\u00e1rt kabin<\/td>\n<\/tr>\n<tr>\n<td><strong>Fesz\u00fclts\u00e9g<\/strong><\/td>\n<td>60-72V Univerz\u00e1lis<\/td>\n<\/tr>\n<tr>\n<td><strong>Motor teljes\u00edtm\u00e9ny<\/strong><\/td>\n<td>1000W Standard (1500W-ig testreszabhat\u00f3)<\/td>\n<\/tr>\n<tr>\n<td><strong>Vez\u00e9rl\u0151<\/strong><\/td>\n<td>Kett\u0151s 18 cs\u00f6ves vez\u00e9rl\u0151<\/td>\n<\/tr>\n<tr>\n<td><strong>Akkumul\u00e1tor t\u00edpusa<\/strong><\/td>\n<td>Testreszabhat\u00f3 (\u00f3lom-sav \/ LiFePO4)<\/td>\n<\/tr>\n<tr>\n<td><strong>Felf\u00fcggeszt\u00e9s<\/strong><\/td>\n<td>H\u00e1ts\u00f3 tengely laprug\u00f3s felf\u00fcggeszt\u00e9s<\/td>\n<\/tr>\n<tr>\n<td><strong>F\u00e9krendszer<\/strong><\/td>\n<td>Kett\u0151s t\u00e1rcsaf\u00e9kek (4 ker\u00e9kt\u00e1rcs\u00e1ss\u00e1 b\u0151v\u00edthet\u0151)<\/td>\n<\/tr>\n<tr>\n<td><strong>Gumiabroncs m\u00e9rete<\/strong><\/td>\n<td>4.00 - 10 (alum\u00ednium \u00f6tv\u00f6z\u00f6tt kerekek)<\/td>\n<\/tr>\n<tr>\n<td><strong>F\u0151 konfigur\u00e1ci\u00f3k<\/strong><\/td>\n<td>Integr\u00e1lt LCD m\u0171szerfal, tolat\u00f3kamera, utast\u00e9r f\u0171t\u00e9s, napf\u00e9nytet\u0151 ventil\u00e1tor, t\u00e1vir\u00e1ny\u00edt\u00f3s kulcs, r\u00e1di\u00f3, manu\u00e1lis ablakok<\/td>\n<\/tr>\n<tr>\n<td><strong>Opcion\u00e1lis b\u0151v\u00edt\u00e9sek<\/strong><\/td>\n<td>1500W-os motor, magas\/alacsony sebess\u00e9gfokozat, korm\u00e1nyker\u00e9k, osztott \u00fcl\u00e9sek, kl\u00edma (f\u0171t\u00e9s \u00e9s h\u0171t\u00e9s), napelemek, hat\u00f3t\u00e1vn\u00f6vel\u0151, hat\u00f3t\u00e1vn\u00f6vel\u0151<\/td>\n<\/tr>\n<tr>\n<td><strong>Kaphat\u00f3 sz\u00ednek<\/strong><\/td>\n<td>K\u00e9r\u00e9sre testreszabhat\u00f3<\/td>\n<\/tr>\n<tr>\n<td><strong>Maxim\u00e1lis sebess\u00e9g<\/strong><\/td>\n<td>Szigor\u00faan korl\u00e1tozott (csak terepen \/ mag\u00e1nter\u00fcleten haszn\u00e1lhat\u00f3)<\/td>\n<\/tr>\n<tr>\n<td><strong>Rakod\u00e1si mennyis\u00e9g (40HQ)<\/strong><\/td>\n<td>Kb. 30-35 egys\u00e9g (SKD - a pontos kont\u00e9nerelrendez\u00e9s\u00e9rt \u00e9rdekl\u0151dj\u00f6n)<\/td>\n<\/tr>\n<\/tbody>\n<\/table>","protected":false},"excerpt":{"rendered":"<p>Nagykereskedelmi z\u00e1rt elektromos sikl\u00f3 (2 ajt\u00f3s, 4 \u00fcl\u00e9ses). Rendk\u00edv\u00fcl modul\u00e1ris: friss\u00edt\u00e9s kl\u00edmaberendez\u00e9ssel, korm\u00e1nyker\u00e9kkel \u00e9s napelemes tet\u0151vel a h\u00e1l\u00f3zaton k\u00edv\u00fcli kampuszokhoz. K\u00e9rjen FCL \u00e1raj\u00e1nlatokat.<\/p>","protected":false},"featured_media":19939,"comment_status":"open","ping_status":"closed","template":"","meta":{"_eb_attr":""},"product_brand":[],"product_cat":[70,73],"product_tag":[159,176,149,158,148,175],"class_list":{"0":"post-19933","1":"product","2":"type-product","3":"status-publish","4":"has-post-thumbnail","6":"product_cat-lsev-passenger-mobility","7":"product_cat-sightseeing-shuttle-buses","8":"product_tag-industrial-campus","9":"product_tag-off-grid-transit","10":"product_tag-off-road","11":"product_tag-resort-shuttle","12":"product_tag-security-patrol","13":"product_tag-vip-real-estate-viewing","15":"first","16":"instock","17":"shipping-taxable","18":"product-type-simple"},"yoast_head":"<!-- This site is optimized with the Yoast SEO plugin v26.9 - https:\/\/yoast.com\/product\/yoast-seo-wordpress\/ -->\n<title>Customizable 4-Seater Electric Resort Cart | Factory Wholesale FCL - ORVIK | ORVIK|Light Commercial Electric Vehicles<\/title>\n<meta name=\"robots\" content=\"index, follow, max-snippet:-1, max-image-preview:large, max-video-preview:-1\" \/>\n<link rel=\"canonical\" href=\"https:\/\/orvikpower.com\/hu\/term\u00e9k\/customizable-4-seater-electric-resort-cart-factory-wholesale-fcl-orvik\" \/>\n<meta property=\"og:locale\" content=\"hu_HU\" \/>\n<meta property=\"og:type\" content=\"article\" \/>\n<meta property=\"og:title\" content=\"Customizable 4-Seater Electric Resort Cart | Factory Wholesale FCL - ORVIK | ORVIK|Light Commercial Electric Vehicles\" \/>\n<meta property=\"og:description\" content=\"Wholesale enclosed electric shuttle (2-door, 4-seater). Highly modular: upgrade to A\/C, steering wheel, and solar roof for off-grid campuses. Get FCL quotes.\" \/>\n<meta property=\"og:url\" content=\"https:\/\/orvikpower.com\/hu\/term\u00e9k\/customizable-4-seater-electric-resort-cart-factory-wholesale-fcl-orvik\" \/>\n<meta property=\"og:site_name\" content=\"ORVIK|Light Commercial Electric Vehicles\" \/>\n<meta property=\"og:image\" content=\"https:\/\/orvikpower.com\/wp-content\/uploads\/2026\/04\/\u7b2c18\u9875-121.png\" \/>\n\t<meta property=\"og:image:width\" content=\"2008\" \/>\n\t<meta property=\"og:image:height\" content=\"2008\" \/>\n\t<meta property=\"og:image:type\" content=\"image\/png\" \/>\n<meta name=\"twitter:card\" content=\"summary_large_image\" \/>\n<meta name=\"twitter:label1\" content=\"Becs\u00fclt olvas\u00e1si id\u0151\" \/>\n\t<meta name=\"twitter:data1\" content=\"2 perc\" \/>\n<script type=\"application\/ld+json\" class=\"yoast-schema-graph\">{\"@context\":\"https:\/\/schema.org\",\"@graph\":[{\"@type\":\"WebPage\",\"@id\":\"https:\/\/orvikpower.com\/product\/customizable-4-seater-electric-resort-cart-factory-wholesale-fcl-orvik\",\"url\":\"https:\/\/orvikpower.com\/product\/customizable-4-seater-electric-resort-cart-factory-wholesale-fcl-orvik\",\"name\":\"Customizable 4-Seater Electric Resort Cart | Factory Wholesale FCL - ORVIK | ORVIK|Light Commercial Electric Vehicles\",\"isPartOf\":{\"@id\":\"https:\/\/orvikpower.com\/#website\"},\"primaryImageOfPage\":{\"@id\":\"https:\/\/orvikpower.com\/product\/customizable-4-seater-electric-resort-cart-factory-wholesale-fcl-orvik#primaryimage\"},\"image\":{\"@id\":\"https:\/\/orvikpower.com\/product\/customizable-4-seater-electric-resort-cart-factory-wholesale-fcl-orvik#primaryimage\"},\"thumbnailUrl\":\"https:\/\/orvikpower.com\/wp-content\/uploads\/2026\/04\/\u7b2c18\u9875-121.png\",\"datePublished\":\"2026-04-08T06:52:26+00:00\",\"breadcrumb\":{\"@id\":\"https:\/\/orvikpower.com\/product\/customizable-4-seater-electric-resort-cart-factory-wholesale-fcl-orvik#breadcrumb\"},\"inLanguage\":\"hu\",\"potentialAction\":[{\"@type\":\"ReadAction\",\"target\":[\"https:\/\/orvikpower.com\/product\/customizable-4-seater-electric-resort-cart-factory-wholesale-fcl-orvik\"]}]},{\"@type\":\"ImageObject\",\"inLanguage\":\"hu\",\"@id\":\"https:\/\/orvikpower.com\/product\/customizable-4-seater-electric-resort-cart-factory-wholesale-fcl-orvik#primaryimage\",\"url\":\"https:\/\/orvikpower.com\/wp-content\/uploads\/2026\/04\/\u7b2c18\u9875-121.png\",\"contentUrl\":\"https:\/\/orvikpower.com\/wp-content\/uploads\/2026\/04\/\u7b2c18\u9875-121.png\",\"width\":2008,\"height\":2008,\"caption\":\"Wholesale enclosed electric shuttle (2-door, 4-seater). Highly modular: upgrade to A\/C, steering wheel, and solar roof for off-grid campuses. Get FCL quotes.\"},{\"@type\":\"BreadcrumbList\",\"@id\":\"https:\/\/orvikpower.com\/product\/customizable-4-seater-electric-resort-cart-factory-wholesale-fcl-orvik#breadcrumb\",\"itemListElement\":[{\"@type\":\"ListItem\",\"position\":1,\"name\":\"Home\",\"item\":\"https:\/\/orvikpower.com\/\"},{\"@type\":\"ListItem\",\"position\":2,\"name\":\"SHOP\",\"item\":\"https:\/\/orvikpower.com\/shop\"},{\"@type\":\"ListItem\",\"position\":3,\"name\":\"Customizable 4-Seater Electric Resort Cart | Factory Wholesale FCL &#8211; ORVIK\"}]},{\"@type\":\"WebSite\",\"@id\":\"https:\/\/orvikpower.com\/#website\",\"url\":\"https:\/\/orvikpower.com\/\",\"name\":\"ORVIK | Light Commercial Electric Vehicles\",\"description\":\"Premier Manufacturer of Off-road Electric Utility Vehicles, Pickups &amp; Mini Trucks. High-Temp &amp; Arctic Ready designs for farms &amp; mines. Save costs with Factory-Direct FCL. Make work flow. Get a Quote.\",\"publisher\":{\"@id\":\"https:\/\/orvikpower.com\/#organization\"},\"potentialAction\":[{\"@type\":\"SearchAction\",\"target\":{\"@type\":\"EntryPoint\",\"urlTemplate\":\"https:\/\/orvikpower.com\/?s={search_term_string}\"},\"query-input\":{\"@type\":\"PropertyValueSpecification\",\"valueRequired\":true,\"valueName\":\"search_term_string\"}}],\"inLanguage\":\"hu\"},{\"@type\":\"Organization\",\"@id\":\"https:\/\/orvikpower.com\/#organization\",\"name\":\"ORVIK | Light Commercial Electric Vehicles\",\"url\":\"https:\/\/orvikpower.com\/\",\"logo\":{\"@type\":\"ImageObject\",\"inLanguage\":\"hu\",\"@id\":\"https:\/\/orvikpower.com\/#\/schema\/logo\/image\/\",\"url\":\"https:\/\/orvikpower.com\/wp-content\/uploads\/2026\/01\/cropped-logo-h-main-small.png\",\"contentUrl\":\"https:\/\/orvikpower.com\/wp-content\/uploads\/2026\/01\/cropped-logo-h-main-small.png\",\"width\":512,\"height\":512,\"caption\":\"ORVIK | Light Commercial Electric Vehicles\"},\"image\":{\"@id\":\"https:\/\/orvikpower.com\/#\/schema\/logo\/image\/\"},\"sameAs\":[\"https:\/\/www.youtube.com\/@ORVIKOrvikPower\",\"https:\/\/www.pinterest.com\/OrvikPower\/\"]}]}<\/script>\n<!-- \/ Yoast SEO plugin. -->","yoast_head_json":{"title":"Testreszabhat\u00f3 4 \u00fcl\u00e9ses elektromos \u00fcd\u00fcl\u0151kocsi | Gy\u00e1ri nagykereskedelem FCL - ORVIK | ORVIK | ORVIK | K\u00f6nny\u0171 kereskedelmi elektromos j\u00e1rm\u0171vek","robots":{"index":"index","follow":"follow","max-snippet":"max-snippet:-1","max-image-preview":"max-image-preview:large","max-video-preview":"max-video-preview:-1"},"canonical":"https:\/\/orvikpower.com\/hu\/term\u00e9k\/customizable-4-seater-electric-resort-cart-factory-wholesale-fcl-orvik","og_locale":"hu_HU","og_type":"article","og_title":"Customizable 4-Seater Electric Resort Cart | Factory Wholesale FCL - ORVIK | ORVIK|Light Commercial Electric Vehicles","og_description":"Wholesale enclosed electric shuttle (2-door, 4-seater). Highly modular: upgrade to A\/C, steering wheel, and solar roof for off-grid campuses. Get FCL quotes.","og_url":"https:\/\/orvikpower.com\/hu\/term\u00e9k\/customizable-4-seater-electric-resort-cart-factory-wholesale-fcl-orvik","og_site_name":"ORVIK|Light Commercial Electric Vehicles","og_image":[{"width":2008,"height":2008,"url":"https:\/\/orvikpower.com\/wp-content\/uploads\/2026\/04\/\u7b2c18\u9875-121.png","type":"image\/png"}],"twitter_card":"summary_large_image","twitter_misc":{"Becs\u00fclt olvas\u00e1si id\u0151":"2 perc"},"schema":{"@context":"https:\/\/schema.org","@graph":[{"@type":"WebPage","@id":"https:\/\/orvikpower.com\/product\/customizable-4-seater-electric-resort-cart-factory-wholesale-fcl-orvik","url":"https:\/\/orvikpower.com\/product\/customizable-4-seater-electric-resort-cart-factory-wholesale-fcl-orvik","name":"Testreszabhat\u00f3 4 \u00fcl\u00e9ses elektromos \u00fcd\u00fcl\u0151kocsi | Gy\u00e1ri nagykereskedelem FCL - ORVIK | ORVIK | ORVIK | K\u00f6nny\u0171 kereskedelmi elektromos j\u00e1rm\u0171vek","isPartOf":{"@id":"https:\/\/orvikpower.com\/#website"},"primaryImageOfPage":{"@id":"https:\/\/orvikpower.com\/product\/customizable-4-seater-electric-resort-cart-factory-wholesale-fcl-orvik#primaryimage"},"image":{"@id":"https:\/\/orvikpower.com\/product\/customizable-4-seater-electric-resort-cart-factory-wholesale-fcl-orvik#primaryimage"},"thumbnailUrl":"https:\/\/orvikpower.com\/wp-content\/uploads\/2026\/04\/\u7b2c18\u9875-121.png","datePublished":"2026-04-08T06:52:26+00:00","breadcrumb":{"@id":"https:\/\/orvikpower.com\/product\/customizable-4-seater-electric-resort-cart-factory-wholesale-fcl-orvik#breadcrumb"},"inLanguage":"hu","potentialAction":[{"@type":"ReadAction","target":["https:\/\/orvikpower.com\/product\/customizable-4-seater-electric-resort-cart-factory-wholesale-fcl-orvik"]}]},{"@type":"ImageObject","inLanguage":"hu","@id":"https:\/\/orvikpower.com\/product\/customizable-4-seater-electric-resort-cart-factory-wholesale-fcl-orvik#primaryimage","url":"https:\/\/orvikpower.com\/wp-content\/uploads\/2026\/04\/\u7b2c18\u9875-121.png","contentUrl":"https:\/\/orvikpower.com\/wp-content\/uploads\/2026\/04\/\u7b2c18\u9875-121.png","width":2008,"height":2008,"caption":"Wholesale enclosed electric shuttle (2-door, 4-seater). Highly modular: upgrade to A\/C, steering wheel, and solar roof for off-grid campuses. Get FCL quotes."},{"@type":"BreadcrumbList","@id":"https:\/\/orvikpower.com\/product\/customizable-4-seater-electric-resort-cart-factory-wholesale-fcl-orvik#breadcrumb","itemListElement":[{"@type":"ListItem","position":1,"name":"Home","item":"https:\/\/orvikpower.com\/"},{"@type":"ListItem","position":2,"name":"SHOP","item":"https:\/\/orvikpower.com\/shop"},{"@type":"ListItem","position":3,"name":"Customizable 4-Seater Electric Resort Cart | Factory Wholesale FCL &#8211; ORVIK"}]},{"@type":"WebSite","@id":"https:\/\/orvikpower.com\/#website","url":"https:\/\/orvikpower.com\/","name":"ORVIK | K\u00f6nny\u0171 haszong\u00e9pj\u00e1rm\u0171vek","description":"A terepj\u00e1r\u00f3 elektromos haszonj\u00e1rm\u0171vek, pickupok \u00e9s mini teheraut\u00f3k els\u0151sz\u00e1m\u00fa gy\u00e1rt\u00f3ja. High-Temp &amp; Arctic Ready kivitelek farmok \u00e9s b\u00e1ny\u00e1k sz\u00e1m\u00e1ra. K\u00f6lts\u00e9gmegtakar\u00edt\u00e1s a Factory-Direct FCL seg\u00edts\u00e9g\u00e9vel. Tegye a munkafolyamatot. K\u00e9rjen \u00e1raj\u00e1nlatot.","publisher":{"@id":"https:\/\/orvikpower.com\/#organization"},"potentialAction":[{"@type":"SearchAction","target":{"@type":"EntryPoint","urlTemplate":"https:\/\/orvikpower.com\/?s={search_term_string}"},"query-input":{"@type":"PropertyValueSpecification","valueRequired":true,"valueName":"search_term_string"}}],"inLanguage":"hu"},{"@type":"Organization","@id":"https:\/\/orvikpower.com\/#organization","name":"ORVIK | K\u00f6nny\u0171 haszong\u00e9pj\u00e1rm\u0171vek","url":"https:\/\/orvikpower.com\/","logo":{"@type":"ImageObject","inLanguage":"hu","@id":"https:\/\/orvikpower.com\/#\/schema\/logo\/image\/","url":"https:\/\/orvikpower.com\/wp-content\/uploads\/2026\/01\/cropped-logo-h-main-small.png","contentUrl":"https:\/\/orvikpower.com\/wp-content\/uploads\/2026\/01\/cropped-logo-h-main-small.png","width":512,"height":512,"caption":"ORVIK | Light Commercial Electric Vehicles"},"image":{"@id":"https:\/\/orvikpower.com\/#\/schema\/logo\/image\/"},"sameAs":["https:\/\/www.youtube.com\/@ORVIKOrvikPower","https:\/\/www.pinterest.com\/OrvikPower\/"]}]}},"_links":{"self":[{"href":"https:\/\/orvikpower.com\/hu\/wp-json\/wp\/v2\/product\/19933","targetHints":{"allow":["GET"]}}],"collection":[{"href":"https:\/\/orvikpower.com\/hu\/wp-json\/wp\/v2\/product"}],"about":[{"href":"https:\/\/orvikpower.com\/hu\/wp-json\/wp\/v2\/types\/product"}],"replies":[{"embeddable":true,"href":"https:\/\/orvikpower.com\/hu\/wp-json\/wp\/v2\/comments?post=19933"}],"wp:featuredmedia":[{"embeddable":true,"href":"https:\/\/orvikpower.com\/hu\/wp-json\/wp\/v2\/media\/19939"}],"wp:attachment":[{"href":"https:\/\/orvikpower.com\/hu\/wp-json\/wp\/v2\/media?parent=19933"}],"wp:term":[{"taxonomy":"product_brand","embeddable":true,"href":"https:\/\/orvikpower.com\/hu\/wp-json\/wp\/v2\/product_brand?post=19933"},{"taxonomy":"product_cat","embeddable":true,"href":"https:\/\/orvikpower.com\/hu\/wp-json\/wp\/v2\/product_cat?post=19933"},{"taxonomy":"product_tag","embeddable":true,"href":"https:\/\/orvikpower.com\/hu\/wp-json\/wp\/v2\/product_tag?post=19933"}],"curies":[{"name":"wp","href":"https:\/\/api.w.org\/{rel}","templated":true}]}}