{"id":19963,"date":"2026-04-08T07:35:48","date_gmt":"2026-04-08T07:35:48","guid":{"rendered":"https:\/\/orvikpower.com\/?post_type=product&#038;p=19963"},"modified":"2026-04-08T07:35:48","modified_gmt":"2026-04-08T07:35:48","slug":"premium-2-seater-enclosed-electric-lsev-factory-fcl-orvik","status":"publish","type":"product","link":"https:\/\/orvikpower.com\/hu\/term%c3%a9k\/premium-2-seater-enclosed-electric-lsev-factory-fcl-orvik","title":{"rendered":"Pr\u00e9mium 2 \u00fcl\u00e9ses z\u00e1rt elektromos LSEV | Gy\u00e1ri FCL - ORVIK"},"content":{"rendered":"<p dir=\"auto\">Az ORVIK Premium 2 \u00fcl\u00e9ses z\u00e1rt LSEV \u00fajradefini\u00e1lja a magas sz\u00ednvonal\u00fa mag\u00e1ntulajdon\u00fa k\u00f6zleked\u00e9si eszk\u00f6z\u00f6ket. Kiz\u00e1r\u00f3lag terepj\u00e1r\u00f3 \u00fcd\u00fcl\u0151helyekre, mag\u00e1ntulajdon\u00fa ingatlanokra \u00e9s kampuszokra tervezett, rendk\u00edv\u00fcl agilis j\u00e1rm\u0171, amely kifinomult, 3 ajt\u00f3s, 2 \u00fcl\u00e9ses elrendez\u00e9ssel rendelkezik. Ami ezt a modellt a pr\u00e9mium kateg\u00f3ri\u00e1ba emeli, az az aut\u00f3ipari min\u0151s\u00e9g\u0171 felszerelts\u00e9ge: sz\u00e9ria n\u00e9gykerek\u0171 t\u00e1rcsaf\u00e9kek a p\u00e1ratlan f\u00e9ker\u0151\u00e9rt, elektromosan behajthat\u00f3 oldals\u00f3 t\u00fckr\u00f6k \u00e9s egy rendk\u00edv\u00fcl praktikus elektromos h\u00e1ts\u00f3 ajt\u00f3 - t\u00f6k\u00e9letes a VIP csomagok vagy biztons\u00e1gi felszerel\u00e9sek k\u00f6nnyed felrakod\u00e1s\u00e1hoz.<\/p>\n<div class=\"my-2\"><\/div>\n<p dir=\"auto\">Az id\u0151j\u00e1r\u00e1s\u00e1ll\u00f3 f\u00fclke eg\u00e9sz \u00e9vben biztos\u00edtja a k\u00e9nyelmet, alapfelszerelts\u00e9gk\u00e9nt f\u0171t\u0151berendez\u00e9ssel a fagyos k\u00f6r\u00fclm\u00e9nyekhez \u00e9s opcion\u00e1lis kl\u00edmaberendez\u00e9ssel a perzsel\u0151 sivatagi m\u0171veletekhez. Mechanikailag a nagy teherb\u00edr\u00e1s\u00fa h\u00e1ts\u00f3 laprug\u00f3s felf\u00fcggeszt\u00e9s garant\u00e1lja a sima halad\u00e1st az egyenetlen f\u00f6ldutakon. A pr\u00e9mium kateg\u00f3ri\u00e1s elektromos modellre val\u00f3 \u00e1tt\u00e9r\u00e9s kik\u00fcsz\u00f6b\u00f6li a motorzajt \u00e9s a magas karbantart\u00e1si k\u00f6lts\u00e9geket, drasztikusan optimaliz\u00e1lva a flotta teljes \u00fczemeltet\u00e9si k\u00f6lts\u00e9g\u00e9t (TCO). Az \u00d6n egyedi \u00fczemeltet\u00e9si ig\u00e9nyeihez val\u00f3 alkalmazkod\u00e1s \u00e9rdek\u00e9ben az akkumul\u00e1torrendszer teljes m\u00e9rt\u00e9kben testre szabhat\u00f3 (v\u00e1laszthat a k\u00f6lts\u00e9gvet\u00e9s-bar\u00e1t \u00f3lom-sav vagy a sz\u00e9ls\u0151s\u00e9ges kl\u00edm\u00e1j\u00fa LiFePO4 akkumul\u00e1torok k\u00f6z\u00fcl). A hajt\u00e1sl\u00e1nc ugyanilyen modul\u00e1ris: a standard 1500 W-os motort egy massz\u00edv 3000 W-os egys\u00e9gg\u00e9 fejlesztheti, hogy magabiztosan h\u00f3d\u00edtsa meg a meredek \u00fcd\u00fcl\u0151terepeket. Pr\u00e9mium kateg\u00f3ri\u00e1s \u00e9p\u00edt\u00e9s. K\u00f6zvetlen\u00fcl \u00e9p\u00edtett. \u00dagy tervezt\u00e9k, hogy a munka foly\u00e9konyan folyjon.<\/p>\n<table>\n<thead>\n<tr>\n<th>Param\u00e9ter kateg\u00f3ria<\/th>\n<th>Specifik\u00e1ci\u00f3 r\u00e9szletek<\/th>\n<\/tr>\n<\/thead>\n<tbody>\n<tr>\n<td><strong>Teljes m\u00e9retek (L*S*H)<\/strong><\/td>\n<td>2300 <em>1300 <\/em>1570 mm<\/td>\n<\/tr>\n<tr>\n<td><strong>Testszerkezet<\/strong><\/td>\n<td>H\u00e1rom ajt\u00f3 \u00e9s k\u00e9t \u00fcl\u00e9s (z\u00e1rt kabin)<\/td>\n<\/tr>\n<tr>\n<td><strong>Fesz\u00fclts\u00e9g<\/strong><\/td>\n<td>60-72V Univerz\u00e1lis<\/td>\n<\/tr>\n<tr>\n<td><strong>Motor teljes\u00edtm\u00e9ny<\/strong><\/td>\n<td>1500W Standard (3000W-ig testreszabhat\u00f3)<\/td>\n<\/tr>\n<tr>\n<td><strong>Vez\u00e9rl\u0151<\/strong><\/td>\n<td>Intelligens vez\u00e9rl\u0151<\/td>\n<\/tr>\n<tr>\n<td><strong>Akkumul\u00e1tor t\u00edpusa<\/strong><\/td>\n<td>Testreszabhat\u00f3 (\u00f3lom-sav \/ LiFePO4)<\/td>\n<\/tr>\n<tr>\n<td><strong>Felf\u00fcggeszt\u00e9s<\/strong><\/td>\n<td>H\u00e1ts\u00f3 tengely laprug\u00f3s felf\u00fcggeszt\u00e9s<\/td>\n<\/tr>\n<tr>\n<td><strong>F\u00e9krendszer<\/strong><\/td>\n<td>N\u00e9gykerek\u0171 t\u00e1rcsaf\u00e9kek<\/td>\n<\/tr>\n<tr>\n<td><strong>Gumiabroncs m\u00e9rete<\/strong><\/td>\n<td>155-65R13 alum\u00ednium k\u00f6nny\u0171f\u00e9m ker\u00e9kt\u00e1rcs\u00e1k<\/td>\n<\/tr>\n<tr>\n<td><strong>F\u0151 konfigur\u00e1ci\u00f3k<\/strong><\/td>\n<td>Integr\u00e1lt LCD m\u0171szerfal, tolat\u00f3kamera, utast\u00e9r f\u0171t\u00e9s, napf\u00e9nytet\u0151 ventil\u00e1tor, t\u00e1vir\u00e1ny\u00edt\u00f3s kulcs, r\u00e1di\u00f3, elektromos ablakok, t\u00e1vir\u00e1ny\u00edt\u00f3s ajt\u00f3z\u00e1r, LED f\u00e9nysz\u00f3r\u00f3k, nyom\u00f3gombos ind\u00edt\u00e1s, elektromosan behajthat\u00f3 oldals\u00f3 t\u00fckr\u00f6k, elektromos h\u00e1ts\u00f3 ajt\u00f3, multim\u00e9dia<\/td>\n<\/tr>\n<tr>\n<td><strong>Opcion\u00e1lis b\u0151v\u00edt\u00e9sek<\/strong><\/td>\n<td>3000W-os motor, hat\u00f3t\u00e1vn\u00f6vel\u0151, l\u00e9gkondicion\u00e1l\u00f3 (f\u0171t\u00e9s \u00e9s h\u0171t\u00e9s)<\/td>\n<\/tr>\n<tr>\n<td><strong>Kaphat\u00f3 sz\u00ednek<\/strong><\/td>\n<td>Feh\u00e9r, k\u00ednai v\u00f6r\u00f6s, sz\u00fcrke, mandarin, k\u00e9k t\u00f3, nemes lila, nemes lila<\/td>\n<\/tr>\n<tr>\n<td><strong>Maxim\u00e1lis sebess\u00e9g<\/strong><\/td>\n<td>Szigor\u00faan korl\u00e1tozott (csak terepen \/ mag\u00e1nter\u00fcleten haszn\u00e1lhat\u00f3)<\/td>\n<\/tr>\n<tr>\n<td><strong>Rakod\u00e1si mennyis\u00e9g (40HQ)<\/strong><\/td>\n<td>Kb. 30-40 egys\u00e9g (SKD - a pontos kont\u00e9nerelrendez\u00e9s\u00e9rt \u00e9rdekl\u0151dj\u00f6n)<\/td>\n<\/tr>\n<\/tbody>\n<\/table>","protected":false},"excerpt":{"rendered":"<p>Az ORVIK Premium 2 \u00fcl\u00e9ses z\u00e1rt LSEV \u00fajradefini\u00e1lja a magas sz\u00ednvonal\u00fa mag\u00e1ntulajdon\u00fa k\u00f6zleked\u00e9si eszk\u00f6z\u00f6ket. Kiz\u00e1r\u00f3lag terepj\u00e1r\u00f3 \u00fcd\u00fcl\u0151helyekre, mag\u00e1ntulajdon\u00fa ingatlanokra \u00e9s kampuszokra tervezett, rendk\u00edv\u00fcl agilis j\u00e1rm\u0171, amely kifinomult, 3 ajt\u00f3s, 2 \u00fcl\u00e9ses elrendez\u00e9ssel rendelkezik. Ami ezt a modellt a pr\u00e9mium kateg\u00f3ri\u00e1ba emeli, az az aut\u00f3ipari min\u0151s\u00e9g\u0171 felszerelts\u00e9ge: sz\u00e9ria n\u00e9gykerek\u0171 t\u00e1rcsaf\u00e9kek a p\u00e1ratlan f\u00e9ker\u0151\u00e9rt, elektromosan behajthat\u00f3 oldals\u00f3 t\u00fckr\u00f6k, [...]<\/p>","protected":false},"featured_media":19967,"comment_status":"open","ping_status":"closed","template":"","meta":{"_eb_attr":""},"product_brand":[],"product_cat":[70,73],"product_tag":[174,183,149,171,148,175],"class_list":{"0":"post-19963","1":"product","2":"type-product","3":"status-publish","4":"has-post-thumbnail","6":"product_cat-lsev-passenger-mobility","7":"product_cat-sightseeing-shuttle-buses","8":"product_tag-campus-transit","9":"product_tag-lsev","10":"product_tag-off-road","11":"product_tag-premium-resort-shuttle","12":"product_tag-security-patrol","13":"product_tag-vip-real-estate-viewing","15":"first","16":"instock","17":"shipping-taxable","18":"product-type-simple"},"yoast_head":"<!-- This site is optimized with the Yoast SEO plugin v26.9 - https:\/\/yoast.com\/product\/yoast-seo-wordpress\/ -->\n<title>Premium 2-Seater Enclosed Electric LSEV | Factory FCL - ORVIK | ORVIK|Light Commercial Electric Vehicles<\/title>\n<meta name=\"robots\" content=\"index, follow, max-snippet:-1, max-image-preview:large, max-video-preview:-1\" \/>\n<link rel=\"canonical\" href=\"https:\/\/orvikpower.com\/hu\/term\u00e9k\/premium-2-seater-enclosed-electric-lsev-factory-fcl-orvik\" \/>\n<meta property=\"og:locale\" content=\"hu_HU\" \/>\n<meta property=\"og:type\" content=\"article\" \/>\n<meta property=\"og:title\" content=\"Premium 2-Seater Enclosed Electric LSEV | Factory FCL - ORVIK | ORVIK|Light Commercial Electric Vehicles\" \/>\n<meta property=\"og:description\" content=\"The ORVIK Premium 2-Seater Enclosed LSEV redefines high-end private property transit. Designed strictly for off-road resort, private estate, and campus applications, this highly agile vehicle features a sophisticated 3-door, 2-seat layout. What elevates this model into the premium tier is its automotive-grade equipment: standard four-wheel disc brakes for unmatched stopping power, electrically foldable side mirrors, [&hellip;]\" \/>\n<meta property=\"og:url\" content=\"https:\/\/orvikpower.com\/hu\/term\u00e9k\/premium-2-seater-enclosed-electric-lsev-factory-fcl-orvik\" \/>\n<meta property=\"og:site_name\" content=\"ORVIK|Light Commercial Electric Vehicles\" \/>\n<meta property=\"og:image\" content=\"https:\/\/orvikpower.com\/wp-content\/uploads\/2026\/04\/\u7b2c22\u9875-146.png\" \/>\n\t<meta property=\"og:image:width\" content=\"2008\" \/>\n\t<meta property=\"og:image:height\" content=\"2008\" \/>\n\t<meta property=\"og:image:type\" content=\"image\/png\" \/>\n<meta name=\"twitter:card\" content=\"summary_large_image\" \/>\n<meta name=\"twitter:label1\" content=\"Becs\u00fclt olvas\u00e1si id\u0151\" \/>\n\t<meta name=\"twitter:data1\" content=\"2 perc\" \/>\n<script type=\"application\/ld+json\" class=\"yoast-schema-graph\">{\"@context\":\"https:\/\/schema.org\",\"@graph\":[{\"@type\":\"WebPage\",\"@id\":\"https:\/\/orvikpower.com\/product\/premium-2-seater-enclosed-electric-lsev-factory-fcl-orvik\",\"url\":\"https:\/\/orvikpower.com\/product\/premium-2-seater-enclosed-electric-lsev-factory-fcl-orvik\",\"name\":\"Premium 2-Seater Enclosed Electric LSEV | Factory FCL - ORVIK | ORVIK|Light Commercial Electric Vehicles\",\"isPartOf\":{\"@id\":\"https:\/\/orvikpower.com\/#website\"},\"primaryImageOfPage\":{\"@id\":\"https:\/\/orvikpower.com\/product\/premium-2-seater-enclosed-electric-lsev-factory-fcl-orvik#primaryimage\"},\"image\":{\"@id\":\"https:\/\/orvikpower.com\/product\/premium-2-seater-enclosed-electric-lsev-factory-fcl-orvik#primaryimage\"},\"thumbnailUrl\":\"https:\/\/orvikpower.com\/wp-content\/uploads\/2026\/04\/\u7b2c22\u9875-146.png\",\"datePublished\":\"2026-04-08T07:35:48+00:00\",\"breadcrumb\":{\"@id\":\"https:\/\/orvikpower.com\/product\/premium-2-seater-enclosed-electric-lsev-factory-fcl-orvik#breadcrumb\"},\"inLanguage\":\"hu\",\"potentialAction\":[{\"@type\":\"ReadAction\",\"target\":[\"https:\/\/orvikpower.com\/product\/premium-2-seater-enclosed-electric-lsev-factory-fcl-orvik\"]}]},{\"@type\":\"ImageObject\",\"inLanguage\":\"hu\",\"@id\":\"https:\/\/orvikpower.com\/product\/premium-2-seater-enclosed-electric-lsev-factory-fcl-orvik#primaryimage\",\"url\":\"https:\/\/orvikpower.com\/wp-content\/uploads\/2026\/04\/\u7b2c22\u9875-146.png\",\"contentUrl\":\"https:\/\/orvikpower.com\/wp-content\/uploads\/2026\/04\/\u7b2c22\u9875-146.png\",\"width\":2008,\"height\":2008,\"caption\":\"Wholesale premium 1500W enclosed electric shuttle (2-seater). Features 4-wheel disc brakes, electric tailgate & optional A\/C. Get factory FCL quotes today.\"},{\"@type\":\"BreadcrumbList\",\"@id\":\"https:\/\/orvikpower.com\/product\/premium-2-seater-enclosed-electric-lsev-factory-fcl-orvik#breadcrumb\",\"itemListElement\":[{\"@type\":\"ListItem\",\"position\":1,\"name\":\"Home\",\"item\":\"https:\/\/orvikpower.com\/\"},{\"@type\":\"ListItem\",\"position\":2,\"name\":\"SHOP\",\"item\":\"https:\/\/orvikpower.com\/shop\"},{\"@type\":\"ListItem\",\"position\":3,\"name\":\"Premium 2-Seater Enclosed Electric LSEV | Factory FCL &#8211; ORVIK\"}]},{\"@type\":\"WebSite\",\"@id\":\"https:\/\/orvikpower.com\/#website\",\"url\":\"https:\/\/orvikpower.com\/\",\"name\":\"ORVIK | Light Commercial Electric Vehicles\",\"description\":\"Premier Manufacturer of Off-road Electric Utility Vehicles, Pickups &amp; Mini Trucks. High-Temp &amp; Arctic Ready designs for farms &amp; mines. Save costs with Factory-Direct FCL. Make work flow. Get a Quote.\",\"publisher\":{\"@id\":\"https:\/\/orvikpower.com\/#organization\"},\"potentialAction\":[{\"@type\":\"SearchAction\",\"target\":{\"@type\":\"EntryPoint\",\"urlTemplate\":\"https:\/\/orvikpower.com\/?s={search_term_string}\"},\"query-input\":{\"@type\":\"PropertyValueSpecification\",\"valueRequired\":true,\"valueName\":\"search_term_string\"}}],\"inLanguage\":\"hu\"},{\"@type\":\"Organization\",\"@id\":\"https:\/\/orvikpower.com\/#organization\",\"name\":\"ORVIK | Light Commercial Electric Vehicles\",\"url\":\"https:\/\/orvikpower.com\/\",\"logo\":{\"@type\":\"ImageObject\",\"inLanguage\":\"hu\",\"@id\":\"https:\/\/orvikpower.com\/#\/schema\/logo\/image\/\",\"url\":\"https:\/\/orvikpower.com\/wp-content\/uploads\/2026\/01\/cropped-logo-h-main-small.png\",\"contentUrl\":\"https:\/\/orvikpower.com\/wp-content\/uploads\/2026\/01\/cropped-logo-h-main-small.png\",\"width\":512,\"height\":512,\"caption\":\"ORVIK | Light Commercial Electric Vehicles\"},\"image\":{\"@id\":\"https:\/\/orvikpower.com\/#\/schema\/logo\/image\/\"},\"sameAs\":[\"https:\/\/www.youtube.com\/@ORVIKOrvikPower\",\"https:\/\/www.pinterest.com\/OrvikPower\/\"]}]}<\/script>\n<!-- \/ Yoast SEO plugin. -->","yoast_head_json":{"title":"Pr\u00e9mium 2 \u00fcl\u00e9ses z\u00e1rt elektromos LSEV | Gy\u00e1ri FCL - ORVIK | ORVIK | ORVIK|K\u00f6nny\u0171 haszong\u00e9pj\u00e1rm\u0171vek Elektromos j\u00e1rm\u0171vek","robots":{"index":"index","follow":"follow","max-snippet":"max-snippet:-1","max-image-preview":"max-image-preview:large","max-video-preview":"max-video-preview:-1"},"canonical":"https:\/\/orvikpower.com\/hu\/term\u00e9k\/premium-2-seater-enclosed-electric-lsev-factory-fcl-orvik","og_locale":"hu_HU","og_type":"article","og_title":"Premium 2-Seater Enclosed Electric LSEV | Factory FCL - ORVIK | ORVIK|Light Commercial Electric Vehicles","og_description":"The ORVIK Premium 2-Seater Enclosed LSEV redefines high-end private property transit. Designed strictly for off-road resort, private estate, and campus applications, this highly agile vehicle features a sophisticated 3-door, 2-seat layout. What elevates this model into the premium tier is its automotive-grade equipment: standard four-wheel disc brakes for unmatched stopping power, electrically foldable side mirrors, [&hellip;]","og_url":"https:\/\/orvikpower.com\/hu\/term\u00e9k\/premium-2-seater-enclosed-electric-lsev-factory-fcl-orvik","og_site_name":"ORVIK|Light Commercial Electric Vehicles","og_image":[{"width":2008,"height":2008,"url":"https:\/\/orvikpower.com\/wp-content\/uploads\/2026\/04\/\u7b2c22\u9875-146.png","type":"image\/png"}],"twitter_card":"summary_large_image","twitter_misc":{"Becs\u00fclt olvas\u00e1si id\u0151":"2 perc"},"schema":{"@context":"https:\/\/schema.org","@graph":[{"@type":"WebPage","@id":"https:\/\/orvikpower.com\/product\/premium-2-seater-enclosed-electric-lsev-factory-fcl-orvik","url":"https:\/\/orvikpower.com\/product\/premium-2-seater-enclosed-electric-lsev-factory-fcl-orvik","name":"Pr\u00e9mium 2 \u00fcl\u00e9ses z\u00e1rt elektromos LSEV | Gy\u00e1ri FCL - ORVIK | ORVIK | ORVIK|K\u00f6nny\u0171 haszong\u00e9pj\u00e1rm\u0171vek Elektromos j\u00e1rm\u0171vek","isPartOf":{"@id":"https:\/\/orvikpower.com\/#website"},"primaryImageOfPage":{"@id":"https:\/\/orvikpower.com\/product\/premium-2-seater-enclosed-electric-lsev-factory-fcl-orvik#primaryimage"},"image":{"@id":"https:\/\/orvikpower.com\/product\/premium-2-seater-enclosed-electric-lsev-factory-fcl-orvik#primaryimage"},"thumbnailUrl":"https:\/\/orvikpower.com\/wp-content\/uploads\/2026\/04\/\u7b2c22\u9875-146.png","datePublished":"2026-04-08T07:35:48+00:00","breadcrumb":{"@id":"https:\/\/orvikpower.com\/product\/premium-2-seater-enclosed-electric-lsev-factory-fcl-orvik#breadcrumb"},"inLanguage":"hu","potentialAction":[{"@type":"ReadAction","target":["https:\/\/orvikpower.com\/product\/premium-2-seater-enclosed-electric-lsev-factory-fcl-orvik"]}]},{"@type":"ImageObject","inLanguage":"hu","@id":"https:\/\/orvikpower.com\/product\/premium-2-seater-enclosed-electric-lsev-factory-fcl-orvik#primaryimage","url":"https:\/\/orvikpower.com\/wp-content\/uploads\/2026\/04\/\u7b2c22\u9875-146.png","contentUrl":"https:\/\/orvikpower.com\/wp-content\/uploads\/2026\/04\/\u7b2c22\u9875-146.png","width":2008,"height":2008,"caption":"Wholesale premium 1500W enclosed electric shuttle (2-seater). Features 4-wheel disc brakes, electric tailgate & optional A\/C. Get factory FCL quotes today."},{"@type":"BreadcrumbList","@id":"https:\/\/orvikpower.com\/product\/premium-2-seater-enclosed-electric-lsev-factory-fcl-orvik#breadcrumb","itemListElement":[{"@type":"ListItem","position":1,"name":"Home","item":"https:\/\/orvikpower.com\/"},{"@type":"ListItem","position":2,"name":"SHOP","item":"https:\/\/orvikpower.com\/shop"},{"@type":"ListItem","position":3,"name":"Premium 2-Seater Enclosed Electric LSEV | Factory FCL &#8211; ORVIK"}]},{"@type":"WebSite","@id":"https:\/\/orvikpower.com\/#website","url":"https:\/\/orvikpower.com\/","name":"ORVIK | K\u00f6nny\u0171 haszong\u00e9pj\u00e1rm\u0171vek","description":"A terepj\u00e1r\u00f3 elektromos haszonj\u00e1rm\u0171vek, pickupok \u00e9s mini teheraut\u00f3k els\u0151sz\u00e1m\u00fa gy\u00e1rt\u00f3ja. High-Temp &amp; Arctic Ready kivitelek farmok \u00e9s b\u00e1ny\u00e1k sz\u00e1m\u00e1ra. K\u00f6lts\u00e9gmegtakar\u00edt\u00e1s a Factory-Direct FCL seg\u00edts\u00e9g\u00e9vel. Tegye a munkafolyamatot. K\u00e9rjen \u00e1raj\u00e1nlatot.","publisher":{"@id":"https:\/\/orvikpower.com\/#organization"},"potentialAction":[{"@type":"SearchAction","target":{"@type":"EntryPoint","urlTemplate":"https:\/\/orvikpower.com\/?s={search_term_string}"},"query-input":{"@type":"PropertyValueSpecification","valueRequired":true,"valueName":"search_term_string"}}],"inLanguage":"hu"},{"@type":"Organization","@id":"https:\/\/orvikpower.com\/#organization","name":"ORVIK | K\u00f6nny\u0171 haszong\u00e9pj\u00e1rm\u0171vek","url":"https:\/\/orvikpower.com\/","logo":{"@type":"ImageObject","inLanguage":"hu","@id":"https:\/\/orvikpower.com\/#\/schema\/logo\/image\/","url":"https:\/\/orvikpower.com\/wp-content\/uploads\/2026\/01\/cropped-logo-h-main-small.png","contentUrl":"https:\/\/orvikpower.com\/wp-content\/uploads\/2026\/01\/cropped-logo-h-main-small.png","width":512,"height":512,"caption":"ORVIK | Light Commercial Electric Vehicles"},"image":{"@id":"https:\/\/orvikpower.com\/#\/schema\/logo\/image\/"},"sameAs":["https:\/\/www.youtube.com\/@ORVIKOrvikPower","https:\/\/www.pinterest.com\/OrvikPower\/"]}]}},"_links":{"self":[{"href":"https:\/\/orvikpower.com\/hu\/wp-json\/wp\/v2\/product\/19963","targetHints":{"allow":["GET"]}}],"collection":[{"href":"https:\/\/orvikpower.com\/hu\/wp-json\/wp\/v2\/product"}],"about":[{"href":"https:\/\/orvikpower.com\/hu\/wp-json\/wp\/v2\/types\/product"}],"replies":[{"embeddable":true,"href":"https:\/\/orvikpower.com\/hu\/wp-json\/wp\/v2\/comments?post=19963"}],"wp:featuredmedia":[{"embeddable":true,"href":"https:\/\/orvikpower.com\/hu\/wp-json\/wp\/v2\/media\/19967"}],"wp:attachment":[{"href":"https:\/\/orvikpower.com\/hu\/wp-json\/wp\/v2\/media?parent=19963"}],"wp:term":[{"taxonomy":"product_brand","embeddable":true,"href":"https:\/\/orvikpower.com\/hu\/wp-json\/wp\/v2\/product_brand?post=19963"},{"taxonomy":"product_cat","embeddable":true,"href":"https:\/\/orvikpower.com\/hu\/wp-json\/wp\/v2\/product_cat?post=19963"},{"taxonomy":"product_tag","embeddable":true,"href":"https:\/\/orvikpower.com\/hu\/wp-json\/wp\/v2\/product_tag?post=19963"}],"curies":[{"name":"wp","href":"https:\/\/api.w.org\/{rel}","templated":true}]}}