{"id":48,"date":"2022-07-01T09:40:35","date_gmt":"2022-07-01T09:40:35","guid":{"rendered":"http:\/\/localhost\/promotors\/?page_id=48"},"modified":"2026-02-05T07:52:25","modified_gmt":"2026-02-05T07:52:25","slug":"services-list","status":"publish","type":"page","link":"https:\/\/orvikpower.com\/pt\/services-list","title":{"rendered":"SERVI\u00c7OS"},"content":{"rendered":"<div data-elementor-type=\"wp-page\" data-elementor-id=\"48\" class=\"elementor elementor-48\">\n\t\t\t\t<div data-particle_enable=\"false\" data-particle-mobile-disabled=\"false\" class=\"elementor-element elementor-element-f55740f e-con-full e-flex e-con e-parent\" data-id=\"f55740f\" data-element_type=\"container\">\n\t\t<div data-particle_enable=\"false\" data-particle-mobile-disabled=\"false\" class=\"elementor-element elementor-element-b18ea49 e-con-full e-flex e-con e-child\" data-id=\"b18ea49\" data-element_type=\"container\">\n\t\t\t\t<div class=\"elementor-element elementor-element-388fdff elementor-widget elementor-widget-ct_service_grid\" data-id=\"388fdff\" data-element_type=\"widget\" data-widget_type=\"ct_service_grid.default\">\n\t\t\t\t<div class=\"elementor-widget-container\">\n\t\t\t\t\t\r\n<div id=\"ct_service_grid-388fdff\" class=\"ct-grid ct-service-grid1\" data-layout=\"masonry\" data-start-page=\"1\" data-max-pages=\"1\" data-total=\"6\" data-perpage=\"12\" data-next-link=\"\">\r\n    \r\n    <div class=\"ct-grid-inner ct-grid-masonry row animation-time\" data-gutter=\"15\">\r\n                        <div class=\"grid-item col-xl-4 col-lg-4 col-md-4 col-sm-6 col-12\">\r\n                    <div class=\"grid-item-inner active\">\r\n                        <div class=\"item-body\">\r\n                                                                                        <div class=\"item-image\">\r\n                                    <img decoding=\"async\" width=\"80\" height=\"80\" src=\"https:\/\/orvikpower.com\/wp-content\/uploads\/2022\/07\/Icon-4a.png\" class=\"img-main attachment-full\" alt=\"\" \/><img decoding=\"async\" width=\"80\" height=\"80\" src=\"https:\/\/orvikpower.com\/wp-content\/uploads\/2022\/07\/Icon-4b.png\" class=\"img-hover attachment-full\" alt=\"\" \/>                                <\/div>\r\n                                                                                        <h5 class=\"item-title\"><a href=\"https:\/\/orvikpower.com\/pt\/service\/bulk-vehicle-supply\">Fornecimento de ve\u00edculos a granel<\/a><\/h5>\r\n                                                                                        <div class=\"item-excerpt\" >\r\n                                    Ve\u00edculos acabados diretamente da f\u00e1brica optimizados para o envio FCL. Oferecemos a estrutura de pre\u00e7os grossista mais competitiva para distribuidores globais.                                <\/div>\r\n                                                                                        <div class=\"item-readmore\">\r\n                                    <a class=\"btn-readmore\" href=\"https:\/\/orvikpower.com\/pt\/service\/bulk-vehicle-supply\">\r\n                                        <span>\r\n                                            SERVI\u00c7O DE PORMENORES                                        <\/span>\r\n                                    <\/a>\r\n                                <\/div>\r\n                                                    <\/div>\r\n                    <\/div>\r\n                <\/div>\r\n                                <div class=\"grid-item col-xl-4 col-lg-4 col-md-4 col-sm-6 col-12\">\r\n                    <div class=\"grid-item-inner\">\r\n                        <div class=\"item-body\">\r\n                                                                                        <div class=\"item-image\">\r\n                                    <img decoding=\"async\" width=\"80\" height=\"80\" src=\"https:\/\/orvikpower.com\/wp-content\/uploads\/2022\/07\/Icon-1a.png\" class=\"img-main attachment-full\" alt=\"\" \/><img loading=\"lazy\" decoding=\"async\" width=\"80\" height=\"80\" src=\"https:\/\/orvikpower.com\/wp-content\/uploads\/2022\/07\/Icon-1b.png\" class=\"img-hover attachment-full\" alt=\"\" \/>                                <\/div>\r\n                                                                                        <h5 class=\"item-title\"><a href=\"https:\/\/orvikpower.com\/pt\/service\/oem-odm-customization\">Personaliza\u00e7\u00e3o OEM\/ODM<\/a><\/h5>\r\n                                                                                        <div class=\"item-excerpt\" >\r\n                                    Fabrico de marca branca de ponta a ponta. Desde a modifica\u00e7\u00e3o do chassis \u00e0 coloca\u00e7\u00e3o do log\u00f3tipo, constru\u00edmos ve\u00edculos que se adaptam \u00e0 identidade espec\u00edfica da sua marca.                                <\/div>\r\n                                                                                        <div class=\"item-readmore\">\r\n                                    <a class=\"btn-readmore\" href=\"https:\/\/orvikpower.com\/pt\/service\/oem-odm-customization\">\r\n                                        <span>\r\n                                            SERVI\u00c7O DE PORMENORES                                        <\/span>\r\n                                    <\/a>\r\n                                <\/div>\r\n                                                    <\/div>\r\n                    <\/div>\r\n                <\/div>\r\n                                <div class=\"grid-item col-xl-4 col-lg-4 col-md-4 col-sm-6 col-12\">\r\n                    <div class=\"grid-item-inner\">\r\n                        <div class=\"item-body\">\r\n                                                                                        <div class=\"item-image\">\r\n                                    <img loading=\"lazy\" decoding=\"async\" width=\"80\" height=\"80\" src=\"https:\/\/orvikpower.com\/wp-content\/uploads\/2022\/07\/Icon-5a.png\" class=\"img-main attachment-full\" alt=\"\" \/><img loading=\"lazy\" decoding=\"async\" width=\"80\" height=\"80\" src=\"https:\/\/orvikpower.com\/wp-content\/uploads\/2022\/07\/Icon-5b.png\" class=\"img-hover attachment-full\" alt=\"\" \/>                                <\/div>\r\n                                                                                        <h5 class=\"item-title\"><a href=\"https:\/\/orvikpower.com\/pt\/service\/skd-ckd-export-support\">Apoio \u00e0 exporta\u00e7\u00e3o SKD\/CKD<\/a><\/h5>\r\n                                                                                        <div class=\"item-excerpt\" >\r\n                                    Reduzir os direitos de importa\u00e7\u00e3o com as nossas solu\u00e7\u00f5es SKD\/CKD. Ajudamos os parceiros de montagem locais a otimizar os custos de importa\u00e7\u00e3o e as estruturas fiscais.                                <\/div>\r\n                                                                                        <div class=\"item-readmore\">\r\n                                    <a class=\"btn-readmore\" href=\"https:\/\/orvikpower.com\/pt\/service\/skd-ckd-export-support\">\r\n                                        <span>\r\n                                            SERVI\u00c7O DE PORMENORES                                        <\/span>\r\n                                    <\/a>\r\n                                <\/div>\r\n                                                    <\/div>\r\n                    <\/div>\r\n                <\/div>\r\n                                <div class=\"grid-item col-xl-4 col-lg-4 col-md-4 col-sm-6 col-12\">\r\n                    <div class=\"grid-item-inner\">\r\n                        <div class=\"item-body\">\r\n                                                                                        <div class=\"item-image\">\r\n                                    <img loading=\"lazy\" decoding=\"async\" width=\"80\" height=\"80\" src=\"https:\/\/orvikpower.com\/wp-content\/uploads\/2022\/07\/Icon-2a.png\" class=\"img-main attachment-full\" alt=\"\" \/><img loading=\"lazy\" decoding=\"async\" width=\"80\" height=\"80\" src=\"https:\/\/orvikpower.com\/wp-content\/uploads\/2022\/07\/Icon-2b.png\" class=\"img-hover attachment-full\" alt=\"\" \/>                                <\/div>\r\n                                                                                        <h5 class=\"item-title\"><a href=\"https:\/\/orvikpower.com\/pt\/service\/off-grid-energy-ecosystem\">Ecossistema de energia fora da rede<\/a><\/h5>\r\n                                                                                        <div class=\"item-excerpt\" >\r\n                                    Alimente a sua frota em qualquer lugar. Fornecemos solu\u00e7\u00f5es integradas de carregamento fotovoltaico e de troca de baterias concebidas para locais com acesso inst\u00e1vel \u00e0 rede el\u00e9ctrica.                                <\/div>\r\n                                                                                        <div class=\"item-readmore\">\r\n                                    <a class=\"btn-readmore\" href=\"https:\/\/orvikpower.com\/pt\/service\/off-grid-energy-ecosystem\">\r\n                                        <span>\r\n                                            SERVI\u00c7O DE PORMENORES                                        <\/span>\r\n                                    <\/a>\r\n                                <\/div>\r\n                                                    <\/div>\r\n                    <\/div>\r\n                <\/div>\r\n                                <div class=\"grid-item col-xl-4 col-lg-4 col-md-4 col-sm-6 col-12\">\r\n                    <div class=\"grid-item-inner\">\r\n                        <div class=\"item-body\">\r\n                                                                                        <div class=\"item-image\">\r\n                                    <img decoding=\"async\" width=\"80\" height=\"80\" src=\"https:\/\/orvikpower.com\/wp-content\/uploads\/2022\/07\/Icon-1a.png\" class=\"img-main attachment-full\" alt=\"\" \/><img loading=\"lazy\" decoding=\"async\" width=\"80\" height=\"80\" src=\"https:\/\/orvikpower.com\/wp-content\/uploads\/2022\/07\/Icon-1b.png\" class=\"img-hover attachment-full\" alt=\"\" \/>                                <\/div>\r\n                                                                                        <h5 class=\"item-title\"><a href=\"https:\/\/orvikpower.com\/pt\/service\/climate-terrain-engineering\">Engenharia do clima e do terreno<\/a><\/h5>\r\n                                                                                        <div class=\"item-excerpt\" >\r\n                                    Engenharia especializada para extremos. Desde a gest\u00e3o t\u00e9rmica de elevado calor at\u00e9 aos sistemas de arranque a frio no \u00c1rtico, garantimos que os ve\u00edculos sobrevivem onde outros falham.                                <\/div>\r\n                                                                                        <div class=\"item-readmore\">\r\n                                    <a class=\"btn-readmore\" href=\"https:\/\/orvikpower.com\/pt\/service\/climate-terrain-engineering\">\r\n                                        <span>\r\n                                            SERVI\u00c7O DE PORMENORES                                        <\/span>\r\n                                    <\/a>\r\n                                <\/div>\r\n                                                    <\/div>\r\n                    <\/div>\r\n                <\/div>\r\n                                <div class=\"grid-item col-xl-4 col-lg-4 col-md-4 col-sm-6 col-12\">\r\n                    <div class=\"grid-item-inner\">\r\n                        <div class=\"item-body\">\r\n                                                                                        <div class=\"item-image\">\r\n                                    <img loading=\"lazy\" decoding=\"async\" width=\"80\" height=\"80\" src=\"https:\/\/orvikpower.com\/wp-content\/uploads\/2022\/07\/Icon-6a.png\" class=\"img-main attachment-full\" alt=\"\" \/><img loading=\"lazy\" decoding=\"async\" width=\"80\" height=\"80\" src=\"https:\/\/orvikpower.com\/wp-content\/uploads\/2022\/07\/Icon-6b.png\" class=\"img-hover attachment-full\" alt=\"\" \/>                                <\/div>\r\n                                                                                        <h5 class=\"item-title\"><a href=\"https:\/\/orvikpower.com\/pt\/service\/lifecycle-parts-supply-service\">Fornecimento de pe\u00e7as Lifecycle<\/a><\/h5>\r\n                                                                                        <div class=\"item-excerpt\" >\r\n                                    Garantir o funcionamento a longo prazo. Enviamos kits de pe\u00e7as sobresselentes estrat\u00e9gicas com cada encomenda e mantemos um fornecimento consistente de consum\u00edveis.                                <\/div>\r\n                                                                                        <div class=\"item-readmore\">\r\n                                    <a class=\"btn-readmore\" href=\"https:\/\/orvikpower.com\/pt\/service\/lifecycle-parts-supply-service\">\r\n                                        <span>\r\n                                            SERVI\u00c7O DE PORMENORES                                        <\/span>\r\n                                    <\/a>\r\n                                <\/div>\r\n                                                    <\/div>\r\n                    <\/div>\r\n                <\/div>\r\n                                    <div class=\"grid-sizer col-xl-4 col-lg-4 col-md-4 col-sm-6 col-12\"><\/div>\r\n            <\/div>\r\n        <\/div>\t\t\t\t<\/div>\n\t\t\t\t<\/div>\n\t\t\t\t<\/div>\n\t\t<div data-particle_enable=\"false\" data-particle-mobile-disabled=\"false\" class=\"elementor-element elementor-element-38cc30d e-con-full e-flex e-con e-child\" data-id=\"38cc30d\" data-element_type=\"container\">\n\t\t\t\t<div class=\"elementor-element elementor-element-4ff9c92 animated-slow elementor-invisible elementor-widget elementor-widget-ct_contact_info\" data-id=\"4ff9c92\" data-element_type=\"widget\" data-settings=\"{&quot;_animation&quot;:&quot;bounceInRight&quot;,&quot;_animation_delay&quot;:100}\" data-widget_type=\"ct_contact_info.default\">\n\t\t\t\t<div class=\"elementor-widget-container\">\n\t\t\t\t\t    <div id=\"ct_contact_info-4ff9c92\" class=\"ct-contact-info ct-contact-info2 style1\" data-wow-duration=\"1.2s\">\r\n        <div class=\"ct-contact-content\">\r\n                            <label class=\"ct-contact-title\">ENDERE\u00c7O<\/label>\r\n            \r\n                            <div class=\"ct-contact-list\">\r\n                                                                        <span>Zona Industrial de Shanxian, Prov\u00edncia de Shandong, China.<\/span>\r\n                                                            <\/div>\r\n            \r\n                    <\/div>\r\n    <\/div>\r\n\t\t\t\t<\/div>\n\t\t\t\t<\/div>\n\t\t\t\t<div class=\"elementor-element elementor-element-0f260ef animated-slow elementor-invisible elementor-widget elementor-widget-ct_contact_info\" data-id=\"0f260ef\" data-element_type=\"widget\" data-settings=\"{&quot;_animation&quot;:&quot;bounceInRight&quot;,&quot;_animation_delay&quot;:200}\" data-widget_type=\"ct_contact_info.default\">\n\t\t\t\t<div class=\"elementor-widget-container\">\n\t\t\t\t\t    <div id=\"ct_contact_info-0f260ef\" class=\"ct-contact-info ct-contact-info2 style1\" data-wow-duration=\"1.2s\">\r\n        <div class=\"ct-contact-content\">\r\n                            <label class=\"ct-contact-title\">CONTACTE-NOS<\/label>\r\n            \r\n                            <div class=\"ct-contact-list\">\r\n                                            <a href=\"https:\/\/wa.me\/8613310852231\">                            <span>O que \u00e9 a aplica\u00e7\u00e3o: +86 13310852231<\/span>\r\n                        <\/a>                                    <\/div>\r\n            \r\n                            <div class=\"ct-contact-list\">\r\n                                            <a href=\"mailto:contact@orvikpower.com\">                        <span>contact@orvikpower.com<\/span>\r\n                        <\/a>                                    <\/div>\r\n                    <\/div>\r\n    <\/div>\r\n\t\t\t\t<\/div>\n\t\t\t\t<\/div>\n\t\t\t\t<\/div>\n\t\t\t\t<\/div>\n\t\t\t\t<\/div>","protected":false},"excerpt":{"rendered":"<p>Fornecimento de ve\u00edculos a granel Ve\u00edculos acabados diretamente da f\u00e1brica optimizados para envio FCL. Fornecemos a estrutura de pre\u00e7os grossista mais competitiva para distribuidores globais. DETALHES DO SERVI\u00c7O Personaliza\u00e7\u00e3o OEM\/ODM Fabrico de marca branca de ponta a ponta. Desde a modifica\u00e7\u00e3o do chassis \u00e0 coloca\u00e7\u00e3o do log\u00f3tipo, constru\u00edmos ve\u00edculos que se adequam \u00e0 identidade espec\u00edfica da sua marca. DETALHES SERVI\u00c7O SKD\/CKD Apoio \u00e0 exporta\u00e7\u00e3o Reduza os direitos de importa\u00e7\u00e3o com as nossas solu\u00e7\u00f5es SKD\/CKD. [...]<\/p>","protected":false},"author":1,"featured_media":0,"parent":0,"menu_order":0,"comment_status":"closed","ping_status":"closed","template":"","meta":{"_eb_attr":"","footnotes":""},"class_list":["post-48","page","type-page","status-publish","hentry"],"yoast_head":"<!-- This site is optimized with the Yoast SEO plugin v26.9 - https:\/\/yoast.com\/product\/yoast-seo-wordpress\/ -->\n<title>SERVICES | ORVIK|Light Commercial Electric Vehicles<\/title>\n<meta name=\"robots\" content=\"index, follow, max-snippet:-1, max-image-preview:large, max-video-preview:-1\" \/>\n<link rel=\"canonical\" href=\"https:\/\/orvikpower.com\/pt\/services-list\" \/>\n<meta property=\"og:locale\" content=\"pt_PT\" \/>\n<meta property=\"og:type\" content=\"article\" \/>\n<meta property=\"og:title\" content=\"SERVICES | ORVIK|Light Commercial Electric Vehicles\" \/>\n<meta property=\"og:description\" content=\"Bulk Vehicle Supply Factory-direct finished vehicles optimized for FCL shipping. We deliver the most competitive wholesale pricing structure for global distributors. DETAILS SERVICE OEM\/ODM Customization End-to-end white-label manufacturing. From chassis modification to logo placement, we build vehicles that fit your specific brand identity. DETAILS SERVICE SKD\/CKD Export Support Reduce import duties with our SKD\/CKD solutions. [&hellip;]\" \/>\n<meta property=\"og:url\" content=\"https:\/\/orvikpower.com\/pt\/services-list\" \/>\n<meta property=\"og:site_name\" content=\"ORVIK|Light Commercial Electric Vehicles\" \/>\n<meta property=\"article:modified_time\" content=\"2026-02-05T07:52:25+00:00\" \/>\n<meta property=\"og:image\" content=\"https:\/\/orvikpower.com\/wp-content\/uploads\/2022\/07\/Icon-4a.png\" \/>\n<meta name=\"twitter:card\" content=\"summary_large_image\" \/>\n<meta name=\"twitter:label1\" content=\"Est. reading time\" \/>\n\t<meta name=\"twitter:data1\" content=\"1 minuto\" \/>\n<script type=\"application\/ld+json\" class=\"yoast-schema-graph\">{\"@context\":\"https:\/\/schema.org\",\"@graph\":[{\"@type\":\"WebPage\",\"@id\":\"https:\/\/orvikpower.com\/services-list\",\"url\":\"https:\/\/orvikpower.com\/services-list\",\"name\":\"SERVICES | ORVIK|Light Commercial Electric Vehicles\",\"isPartOf\":{\"@id\":\"https:\/\/orvikpower.com\/#website\"},\"primaryImageOfPage\":{\"@id\":\"https:\/\/orvikpower.com\/services-list#primaryimage\"},\"image\":{\"@id\":\"https:\/\/orvikpower.com\/services-list#primaryimage\"},\"thumbnailUrl\":\"https:\/\/orvikpower.com\/wp-content\/uploads\/2022\/07\/Icon-4a.png\",\"datePublished\":\"2022-07-01T09:40:35+00:00\",\"dateModified\":\"2026-02-05T07:52:25+00:00\",\"breadcrumb\":{\"@id\":\"https:\/\/orvikpower.com\/services-list#breadcrumb\"},\"inLanguage\":\"pt-AO\",\"potentialAction\":[{\"@type\":\"ReadAction\",\"target\":[\"https:\/\/orvikpower.com\/services-list\"]}]},{\"@type\":\"ImageObject\",\"inLanguage\":\"pt-AO\",\"@id\":\"https:\/\/orvikpower.com\/services-list#primaryimage\",\"url\":\"https:\/\/orvikpower.com\/wp-content\/uploads\/2022\/07\/Icon-4a.png\",\"contentUrl\":\"https:\/\/orvikpower.com\/wp-content\/uploads\/2022\/07\/Icon-4a.png\"},{\"@type\":\"BreadcrumbList\",\"@id\":\"https:\/\/orvikpower.com\/services-list#breadcrumb\",\"itemListElement\":[{\"@type\":\"ListItem\",\"position\":1,\"name\":\"Home\",\"item\":\"https:\/\/orvikpower.com\/\"},{\"@type\":\"ListItem\",\"position\":2,\"name\":\"SERVICES\"}]},{\"@type\":\"WebSite\",\"@id\":\"https:\/\/orvikpower.com\/#website\",\"url\":\"https:\/\/orvikpower.com\/\",\"name\":\"ORVIK | Light Commercial Electric Vehicles\",\"description\":\"Premier Manufacturer of Off-road Electric Utility Vehicles, Pickups &amp; Mini Trucks. High-Temp &amp; Arctic Ready designs for farms &amp; mines. Save costs with Factory-Direct FCL. Make work flow. Get a Quote.\",\"publisher\":{\"@id\":\"https:\/\/orvikpower.com\/#organization\"},\"potentialAction\":[{\"@type\":\"SearchAction\",\"target\":{\"@type\":\"EntryPoint\",\"urlTemplate\":\"https:\/\/orvikpower.com\/?s={search_term_string}\"},\"query-input\":{\"@type\":\"PropertyValueSpecification\",\"valueRequired\":true,\"valueName\":\"search_term_string\"}}],\"inLanguage\":\"pt-AO\"},{\"@type\":\"Organization\",\"@id\":\"https:\/\/orvikpower.com\/#organization\",\"name\":\"ORVIK | Light Commercial Electric Vehicles\",\"url\":\"https:\/\/orvikpower.com\/\",\"logo\":{\"@type\":\"ImageObject\",\"inLanguage\":\"pt-AO\",\"@id\":\"https:\/\/orvikpower.com\/#\/schema\/logo\/image\/\",\"url\":\"https:\/\/orvikpower.com\/wp-content\/uploads\/2026\/01\/cropped-logo-h-main-small.png\",\"contentUrl\":\"https:\/\/orvikpower.com\/wp-content\/uploads\/2026\/01\/cropped-logo-h-main-small.png\",\"width\":512,\"height\":512,\"caption\":\"ORVIK | Light Commercial Electric Vehicles\"},\"image\":{\"@id\":\"https:\/\/orvikpower.com\/#\/schema\/logo\/image\/\"},\"sameAs\":[\"https:\/\/www.youtube.com\/@ORVIKOrvikPower\",\"https:\/\/www.pinterest.com\/OrvikPower\/\"]}]}<\/script>\n<!-- \/ Yoast SEO plugin. -->","yoast_head_json":{"title":"SERVI\u00c7OS | ORVIK|Ve\u00edculos comerciais ligeiros el\u00e9ctricos","robots":{"index":"index","follow":"follow","max-snippet":"max-snippet:-1","max-image-preview":"max-image-preview:large","max-video-preview":"max-video-preview:-1"},"canonical":"https:\/\/orvikpower.com\/pt\/services-list","og_locale":"pt_PT","og_type":"article","og_title":"SERVICES | ORVIK|Light Commercial Electric Vehicles","og_description":"Bulk Vehicle Supply Factory-direct finished vehicles optimized for FCL shipping. We deliver the most competitive wholesale pricing structure for global distributors. DETAILS SERVICE OEM\/ODM Customization End-to-end white-label manufacturing. From chassis modification to logo placement, we build vehicles that fit your specific brand identity. DETAILS SERVICE SKD\/CKD Export Support Reduce import duties with our SKD\/CKD solutions. [&hellip;]","og_url":"https:\/\/orvikpower.com\/pt\/services-list","og_site_name":"ORVIK|Light Commercial Electric Vehicles","article_modified_time":"2026-02-05T07:52:25+00:00","og_image":[{"url":"https:\/\/orvikpower.com\/wp-content\/uploads\/2022\/07\/Icon-4a.png","type":"","width":"","height":""}],"twitter_card":"summary_large_image","twitter_misc":{"Est. reading time":"1 minuto"},"schema":{"@context":"https:\/\/schema.org","@graph":[{"@type":"WebPage","@id":"https:\/\/orvikpower.com\/services-list","url":"https:\/\/orvikpower.com\/services-list","name":"SERVI\u00c7OS | ORVIK|Ve\u00edculos comerciais ligeiros el\u00e9ctricos","isPartOf":{"@id":"https:\/\/orvikpower.com\/#website"},"primaryImageOfPage":{"@id":"https:\/\/orvikpower.com\/services-list#primaryimage"},"image":{"@id":"https:\/\/orvikpower.com\/services-list#primaryimage"},"thumbnailUrl":"https:\/\/orvikpower.com\/wp-content\/uploads\/2022\/07\/Icon-4a.png","datePublished":"2022-07-01T09:40:35+00:00","dateModified":"2026-02-05T07:52:25+00:00","breadcrumb":{"@id":"https:\/\/orvikpower.com\/services-list#breadcrumb"},"inLanguage":"pt-AO","potentialAction":[{"@type":"ReadAction","target":["https:\/\/orvikpower.com\/services-list"]}]},{"@type":"ImageObject","inLanguage":"pt-AO","@id":"https:\/\/orvikpower.com\/services-list#primaryimage","url":"https:\/\/orvikpower.com\/wp-content\/uploads\/2022\/07\/Icon-4a.png","contentUrl":"https:\/\/orvikpower.com\/wp-content\/uploads\/2022\/07\/Icon-4a.png"},{"@type":"BreadcrumbList","@id":"https:\/\/orvikpower.com\/services-list#breadcrumb","itemListElement":[{"@type":"ListItem","position":1,"name":"Home","item":"https:\/\/orvikpower.com\/"},{"@type":"ListItem","position":2,"name":"SERVICES"}]},{"@type":"WebSite","@id":"https:\/\/orvikpower.com\/#website","url":"https:\/\/orvikpower.com\/","name":"ORVIK | Ve\u00edculos el\u00e9ctricos comerciais ligeiros","description":"Principal fabricante de ve\u00edculos utilit\u00e1rios el\u00e9ctricos todo-o-terreno, pickups e mini-cami\u00f5es. Desenhos prontos para altas temperaturas e para o \u00c1rtico para quintas e minas. Poupe custos com o FCL direto da f\u00e1brica. Fa\u00e7a o fluxo de trabalho. Obter um or\u00e7amento.","publisher":{"@id":"https:\/\/orvikpower.com\/#organization"},"potentialAction":[{"@type":"SearchAction","target":{"@type":"EntryPoint","urlTemplate":"https:\/\/orvikpower.com\/?s={search_term_string}"},"query-input":{"@type":"PropertyValueSpecification","valueRequired":true,"valueName":"search_term_string"}}],"inLanguage":"pt-AO"},{"@type":"Organization","@id":"https:\/\/orvikpower.com\/#organization","name":"ORVIK | Ve\u00edculos el\u00e9ctricos comerciais ligeiros","url":"https:\/\/orvikpower.com\/","logo":{"@type":"ImageObject","inLanguage":"pt-AO","@id":"https:\/\/orvikpower.com\/#\/schema\/logo\/image\/","url":"https:\/\/orvikpower.com\/wp-content\/uploads\/2026\/01\/cropped-logo-h-main-small.png","contentUrl":"https:\/\/orvikpower.com\/wp-content\/uploads\/2026\/01\/cropped-logo-h-main-small.png","width":512,"height":512,"caption":"ORVIK | Light Commercial Electric Vehicles"},"image":{"@id":"https:\/\/orvikpower.com\/#\/schema\/logo\/image\/"},"sameAs":["https:\/\/www.youtube.com\/@ORVIKOrvikPower","https:\/\/www.pinterest.com\/OrvikPower\/"]}]}},"_links":{"self":[{"href":"https:\/\/orvikpower.com\/pt\/wp-json\/wp\/v2\/pages\/48","targetHints":{"allow":["GET"]}}],"collection":[{"href":"https:\/\/orvikpower.com\/pt\/wp-json\/wp\/v2\/pages"}],"about":[{"href":"https:\/\/orvikpower.com\/pt\/wp-json\/wp\/v2\/types\/page"}],"author":[{"embeddable":true,"href":"https:\/\/orvikpower.com\/pt\/wp-json\/wp\/v2\/users\/1"}],"replies":[{"embeddable":true,"href":"https:\/\/orvikpower.com\/pt\/wp-json\/wp\/v2\/comments?post=48"}],"version-history":[{"count":3,"href":"https:\/\/orvikpower.com\/pt\/wp-json\/wp\/v2\/pages\/48\/revisions"}],"predecessor-version":[{"id":19635,"href":"https:\/\/orvikpower.com\/pt\/wp-json\/wp\/v2\/pages\/48\/revisions\/19635"}],"wp:attachment":[{"href":"https:\/\/orvikpower.com\/pt\/wp-json\/wp\/v2\/media?parent=48"}],"curies":[{"name":"wp","href":"https:\/\/api.w.org\/{rel}","templated":true}]}}