{"id":18923,"date":"2026-01-19T07:26:40","date_gmt":"2026-01-19T07:26:40","guid":{"rendered":"https:\/\/orvikpower.com\/?post_type=product&#038;p=18923"},"modified":"2026-01-19T08:46:34","modified_gmt":"2026-01-19T08:46:34","slug":"s1400-electric-ride-on-sweeper-industrial-cleaning-factory-direct-orvik","status":"publish","type":"product","link":"https:\/\/orvikpower.com\/pt\/product\/s1400-electric-ride-on-sweeper-industrial-cleaning-factory-direct-orvik","title":{"rendered":"Varredora el\u00e9trica S1400 | Limpeza industrial | Direto da f\u00e1brica - ORVIK"},"content":{"rendered":"<p dir=\"auto\">O <strong>Varredora Industrial Compacta S1400<\/strong> foi concebido para gestores de instala\u00e7\u00f5es que exigem durabilidade em vez de est\u00e9tica.<\/p>\n<ul dir=\"auto\">\n<li class=\"text-start\">Possui um chassis de a\u00e7o totalmente decapado e tratado por eletroforese e pneus s\u00f3lidos \u00e0 prova de furos.<\/li>\n<li class=\"text-start\">Esta constru\u00e7\u00e3o de n\u00edvel industrial proporciona uma resist\u00eancia superior \u00e0 corros\u00e3o (ferrugem) e aos detritos afiados normalmente encontrados em locais de explora\u00e7\u00e3o mineira ou em pisos de f\u00e1bricas.<\/li>\n<li class=\"text-start\">Obt\u00e9m um ativo de limpeza fi\u00e1vel que resiste a ambientes adversos, reduzindo significativamente o tempo de inatividade para manuten\u00e7\u00e3o e os custos de substitui\u00e7\u00e3o em compara\u00e7\u00e3o com as varredoras comerciais com corpo de pl\u00e1stico.<\/li>\n<li class=\"text-start\"><strong>Concebido para facilitar o seu trabalho.<\/strong><\/li>\n<\/ul>\n<table class=\"table table-striped-white table-bordered\" data-anchor-id=\"yvsn\">\n<thead>\n<tr>\n<th>Especifica\u00e7\u00e3o Item<\/th>\n<th>Detalhes<\/th>\n<\/tr>\n<\/thead>\n<tbody>\n<tr>\n<td><strong>Modelo<\/strong><\/td>\n<td>Varredora Industrial Compacta S1400<\/td>\n<\/tr>\n<tr>\n<td><strong>Dimens\u00f5es (C*L*A)<\/strong><\/td>\n<td>1810 \u00d7 1400 \u00d7 1520 mm<\/td>\n<\/tr>\n<tr>\n<td><strong>Largura de varrimento<\/strong><\/td>\n<td>1400 mm<\/td>\n<\/tr>\n<tr>\n<td><strong>Efici\u00eancia no trabalho<\/strong><\/td>\n<td>2 - 3 horas de funcionamento cont\u00ednuo<\/td>\n<\/tr>\n<tr>\n<td><strong>Sistema de bateria<\/strong><\/td>\n<td>48V \/ 70Ah (\u00e1cido-chumbo livre de manuten\u00e7\u00e3o)<\/td>\n<\/tr>\n<tr>\n<td><strong>Configura\u00e7\u00e3o do motor<\/strong><\/td>\n<td><strong>Conduzir:<\/strong>\u00a01200W |\u00a0<strong>Escova lateral:<\/strong>\u00a0800W |\u00a0<strong>Pincel principal:<\/strong>\u00a0200W (100*2) |\u00a0<strong>F\u00e3:<\/strong>\u00a0200W |\u00a0<strong>Agitador:<\/strong>\u00a0500W<\/td>\n<\/tr>\n<tr>\n<td><strong>Capacidade do dep\u00f3sito<\/strong><\/td>\n<td><strong>\u00c1gua:<\/strong>\u00a050L |\u00a0<strong>Caixote do lixo:<\/strong>\u00a0180L<\/td>\n<\/tr>\n<tr>\n<td><strong>Tratamento do chassis<\/strong><\/td>\n<td>Decapagem \u00e1cida + eletroforese + revestimento em p\u00f3 a alta temperatura (anti-corros\u00e3o)<\/td>\n<\/tr>\n<tr>\n<td><strong>Pneus<\/strong><\/td>\n<td>Pneus industriais s\u00f3lidos (\u00e0 prova de furos)<\/td>\n<\/tr>\n<tr>\n<td><strong>Sistema de travagem<\/strong><\/td>\n<td>Trav\u00f5es hidr\u00e1ulicos de disco duplo<\/td>\n<\/tr>\n<tr>\n<td><strong>Impermeabiliza\u00e7\u00e3o<\/strong><\/td>\n<td>Todos os chicotes de fios possuem conectores e inv\u00f3lucros \u00e0 prova de \u00e1gua<\/td>\n<\/tr>\n<tr>\n<td><strong>Escalada m\u00e1xima<\/strong><\/td>\n<td>25%<\/td>\n<\/tr>\n<tr>\n<td><strong>Quantidade de carga (40HQ)<\/strong><\/td>\n<td><em>Consultar o departamento comercial para o plano de carga<\/em><\/td>\n<\/tr>\n<\/tbody>\n<\/table>","protected":false},"excerpt":{"rendered":"<p>Varredora el\u00e9ctrica de 1400 mm de largura com chassis anti-corros\u00e3o e pneus s\u00f3lidos. Design robusto para f\u00e1bricas e resorts. Baixa manuten\u00e7\u00e3o. Pergunte ao pre\u00e7o de f\u00e1brica FCL.<\/p>","protected":false},"featured_media":18947,"comment_status":"open","ping_status":"closed","template":"","meta":{"_eb_attr":""},"product_brand":[],"product_cat":[75,74],"product_tag":[83,86,85,84],"class_list":{"0":"post-18923","1":"product","2":"type-product","3":"status-publish","4":"has-post-thumbnail","6":"product_cat-electric-street-sweepers","7":"product_cat-specialized-service-vehicles","8":"product_tag-industrial-parks","9":"product_tag-private-campuses","10":"product_tag-resorts","11":"product_tag-warehouses","13":"first","14":"instock","15":"shipping-taxable","16":"product-type-simple"},"yoast_head":"<!-- This site is optimized with the Yoast SEO plugin v26.9 - https:\/\/yoast.com\/product\/yoast-seo-wordpress\/ -->\n<title>S1400 Electric Ride-On Sweeper | Industrial Cleaning | Factory Direct - ORVIK | ORVIK|Light Commercial Electric Vehicles<\/title>\n<meta name=\"robots\" content=\"index, follow, max-snippet:-1, max-image-preview:large, max-video-preview:-1\" \/>\n<link rel=\"canonical\" href=\"https:\/\/orvikpower.com\/pt\/product\/s1400-electric-ride-on-sweeper-industrial-cleaning-factory-direct-orvik\" \/>\n<meta property=\"og:locale\" content=\"pt_PT\" \/>\n<meta property=\"og:type\" content=\"article\" \/>\n<meta property=\"og:title\" content=\"S1400 Electric Ride-On Sweeper | Industrial Cleaning | Factory Direct - ORVIK | ORVIK|Light Commercial Electric Vehicles\" \/>\n<meta property=\"og:description\" content=\"1400mm width electric sweeper with anti-corrosion chassis and solid tires. Rugged design for factories &amp; resorts. Low maintenance. Inquire for Factory FCL Price.\" \/>\n<meta property=\"og:url\" content=\"https:\/\/orvikpower.com\/pt\/product\/s1400-electric-ride-on-sweeper-industrial-cleaning-factory-direct-orvik\" \/>\n<meta property=\"og:site_name\" content=\"ORVIK|Light Commercial Electric Vehicles\" \/>\n<meta property=\"article:modified_time\" content=\"2026-01-19T08:46:34+00:00\" \/>\n<meta property=\"og:image\" content=\"https:\/\/orvikpower.com\/wp-content\/uploads\/2026\/01\/S1400-Electric-Industrial-Sweeper-Factory-Direct-FCL-ORVIK-2.jpg\" \/>\n\t<meta property=\"og:image:width\" content=\"1516\" \/>\n\t<meta property=\"og:image:height\" content=\"1264\" \/>\n\t<meta property=\"og:image:type\" content=\"image\/jpeg\" \/>\n<meta name=\"twitter:card\" content=\"summary_large_image\" \/>\n<meta name=\"twitter:label1\" content=\"Est. reading time\" \/>\n\t<meta name=\"twitter:data1\" content=\"1 minuto\" \/>\n<script type=\"application\/ld+json\" class=\"yoast-schema-graph\">{\"@context\":\"https:\/\/schema.org\",\"@graph\":[{\"@type\":\"WebPage\",\"@id\":\"https:\/\/orvikpower.com\/product\/s1400-electric-ride-on-sweeper-industrial-cleaning-factory-direct-orvik\",\"url\":\"https:\/\/orvikpower.com\/product\/s1400-electric-ride-on-sweeper-industrial-cleaning-factory-direct-orvik\",\"name\":\"S1400 Electric Ride-On Sweeper | Industrial Cleaning | Factory Direct - ORVIK | ORVIK|Light Commercial Electric Vehicles\",\"isPartOf\":{\"@id\":\"https:\/\/orvikpower.com\/#website\"},\"primaryImageOfPage\":{\"@id\":\"https:\/\/orvikpower.com\/product\/s1400-electric-ride-on-sweeper-industrial-cleaning-factory-direct-orvik#primaryimage\"},\"image\":{\"@id\":\"https:\/\/orvikpower.com\/product\/s1400-electric-ride-on-sweeper-industrial-cleaning-factory-direct-orvik#primaryimage\"},\"thumbnailUrl\":\"https:\/\/orvikpower.com\/wp-content\/uploads\/2026\/01\/S1400-Electric-Industrial-Sweeper-Factory-Direct-FCL-ORVIK-2.jpg\",\"datePublished\":\"2026-01-19T07:26:40+00:00\",\"dateModified\":\"2026-01-19T08:46:34+00:00\",\"breadcrumb\":{\"@id\":\"https:\/\/orvikpower.com\/product\/s1400-electric-ride-on-sweeper-industrial-cleaning-factory-direct-orvik#breadcrumb\"},\"inLanguage\":\"pt-AO\",\"potentialAction\":[{\"@type\":\"ReadAction\",\"target\":[\"https:\/\/orvikpower.com\/product\/s1400-electric-ride-on-sweeper-industrial-cleaning-factory-direct-orvik\"]}]},{\"@type\":\"ImageObject\",\"inLanguage\":\"pt-AO\",\"@id\":\"https:\/\/orvikpower.com\/product\/s1400-electric-ride-on-sweeper-industrial-cleaning-factory-direct-orvik#primaryimage\",\"url\":\"https:\/\/orvikpower.com\/wp-content\/uploads\/2026\/01\/S1400-Electric-Industrial-Sweeper-Factory-Direct-FCL-ORVIK-2.jpg\",\"contentUrl\":\"https:\/\/orvikpower.com\/wp-content\/uploads\/2026\/01\/S1400-Electric-Industrial-Sweeper-Factory-Direct-FCL-ORVIK-2.jpg\",\"width\":1516,\"height\":1264,\"caption\":\"1400mm width electric sweeper with anti-corrosion chassis and solid tires. Rugged design for factories & resorts. Low maintenance. Inquire for Factory FCL Price.\"},{\"@type\":\"BreadcrumbList\",\"@id\":\"https:\/\/orvikpower.com\/product\/s1400-electric-ride-on-sweeper-industrial-cleaning-factory-direct-orvik#breadcrumb\",\"itemListElement\":[{\"@type\":\"ListItem\",\"position\":1,\"name\":\"Home\",\"item\":\"https:\/\/orvikpower.com\/\"},{\"@type\":\"ListItem\",\"position\":2,\"name\":\"SHOP\",\"item\":\"https:\/\/orvikpower.com\/shop\"},{\"@type\":\"ListItem\",\"position\":3,\"name\":\"S1400 Electric Ride-On Sweeper | Industrial Cleaning | Factory Direct &#8211; ORVIK\"}]},{\"@type\":\"WebSite\",\"@id\":\"https:\/\/orvikpower.com\/#website\",\"url\":\"https:\/\/orvikpower.com\/\",\"name\":\"ORVIK | Light Commercial Electric Vehicles\",\"description\":\"Premier Manufacturer of Off-road Electric Utility Vehicles, Pickups &amp; Mini Trucks. High-Temp &amp; Arctic Ready designs for farms &amp; mines. Save costs with Factory-Direct FCL. Make work flow. Get a Quote.\",\"publisher\":{\"@id\":\"https:\/\/orvikpower.com\/#organization\"},\"potentialAction\":[{\"@type\":\"SearchAction\",\"target\":{\"@type\":\"EntryPoint\",\"urlTemplate\":\"https:\/\/orvikpower.com\/?s={search_term_string}\"},\"query-input\":{\"@type\":\"PropertyValueSpecification\",\"valueRequired\":true,\"valueName\":\"search_term_string\"}}],\"inLanguage\":\"pt-AO\"},{\"@type\":\"Organization\",\"@id\":\"https:\/\/orvikpower.com\/#organization\",\"name\":\"ORVIK | Light Commercial Electric Vehicles\",\"url\":\"https:\/\/orvikpower.com\/\",\"logo\":{\"@type\":\"ImageObject\",\"inLanguage\":\"pt-AO\",\"@id\":\"https:\/\/orvikpower.com\/#\/schema\/logo\/image\/\",\"url\":\"https:\/\/orvikpower.com\/wp-content\/uploads\/2026\/01\/cropped-logo-h-main-small.png\",\"contentUrl\":\"https:\/\/orvikpower.com\/wp-content\/uploads\/2026\/01\/cropped-logo-h-main-small.png\",\"width\":512,\"height\":512,\"caption\":\"ORVIK | Light Commercial Electric Vehicles\"},\"image\":{\"@id\":\"https:\/\/orvikpower.com\/#\/schema\/logo\/image\/\"},\"sameAs\":[\"https:\/\/www.youtube.com\/@ORVIKOrvikPower\",\"https:\/\/www.pinterest.com\/OrvikPower\/\"]}]}<\/script>\n<!-- \/ Yoast SEO plugin. -->","yoast_head_json":{"title":"Varredora el\u00e9trica S1400 | Limpeza industrial | Direto da f\u00e1brica - ORVIK | ORVIK|Ve\u00edculos el\u00e9tricos comerciais leves","robots":{"index":"index","follow":"follow","max-snippet":"max-snippet:-1","max-image-preview":"max-image-preview:large","max-video-preview":"max-video-preview:-1"},"canonical":"https:\/\/orvikpower.com\/pt\/product\/s1400-electric-ride-on-sweeper-industrial-cleaning-factory-direct-orvik","og_locale":"pt_PT","og_type":"article","og_title":"S1400 Electric Ride-On Sweeper | Industrial Cleaning | Factory Direct - ORVIK | ORVIK|Light Commercial Electric Vehicles","og_description":"1400mm width electric sweeper with anti-corrosion chassis and solid tires. Rugged design for factories &amp; resorts. Low maintenance. Inquire for Factory FCL Price.","og_url":"https:\/\/orvikpower.com\/pt\/product\/s1400-electric-ride-on-sweeper-industrial-cleaning-factory-direct-orvik","og_site_name":"ORVIK|Light Commercial Electric Vehicles","article_modified_time":"2026-01-19T08:46:34+00:00","og_image":[{"width":1516,"height":1264,"url":"https:\/\/orvikpower.com\/wp-content\/uploads\/2026\/01\/S1400-Electric-Industrial-Sweeper-Factory-Direct-FCL-ORVIK-2.jpg","type":"image\/jpeg"}],"twitter_card":"summary_large_image","twitter_misc":{"Est. reading time":"1 minuto"},"schema":{"@context":"https:\/\/schema.org","@graph":[{"@type":"WebPage","@id":"https:\/\/orvikpower.com\/product\/s1400-electric-ride-on-sweeper-industrial-cleaning-factory-direct-orvik","url":"https:\/\/orvikpower.com\/product\/s1400-electric-ride-on-sweeper-industrial-cleaning-factory-direct-orvik","name":"Varredora el\u00e9trica S1400 | Limpeza industrial | Direto da f\u00e1brica - ORVIK | ORVIK|Ve\u00edculos el\u00e9tricos comerciais leves","isPartOf":{"@id":"https:\/\/orvikpower.com\/#website"},"primaryImageOfPage":{"@id":"https:\/\/orvikpower.com\/product\/s1400-electric-ride-on-sweeper-industrial-cleaning-factory-direct-orvik#primaryimage"},"image":{"@id":"https:\/\/orvikpower.com\/product\/s1400-electric-ride-on-sweeper-industrial-cleaning-factory-direct-orvik#primaryimage"},"thumbnailUrl":"https:\/\/orvikpower.com\/wp-content\/uploads\/2026\/01\/S1400-Electric-Industrial-Sweeper-Factory-Direct-FCL-ORVIK-2.jpg","datePublished":"2026-01-19T07:26:40+00:00","dateModified":"2026-01-19T08:46:34+00:00","breadcrumb":{"@id":"https:\/\/orvikpower.com\/product\/s1400-electric-ride-on-sweeper-industrial-cleaning-factory-direct-orvik#breadcrumb"},"inLanguage":"pt-AO","potentialAction":[{"@type":"ReadAction","target":["https:\/\/orvikpower.com\/product\/s1400-electric-ride-on-sweeper-industrial-cleaning-factory-direct-orvik"]}]},{"@type":"ImageObject","inLanguage":"pt-AO","@id":"https:\/\/orvikpower.com\/product\/s1400-electric-ride-on-sweeper-industrial-cleaning-factory-direct-orvik#primaryimage","url":"https:\/\/orvikpower.com\/wp-content\/uploads\/2026\/01\/S1400-Electric-Industrial-Sweeper-Factory-Direct-FCL-ORVIK-2.jpg","contentUrl":"https:\/\/orvikpower.com\/wp-content\/uploads\/2026\/01\/S1400-Electric-Industrial-Sweeper-Factory-Direct-FCL-ORVIK-2.jpg","width":1516,"height":1264,"caption":"1400mm width electric sweeper with anti-corrosion chassis and solid tires. Rugged design for factories & resorts. Low maintenance. Inquire for Factory FCL Price."},{"@type":"BreadcrumbList","@id":"https:\/\/orvikpower.com\/product\/s1400-electric-ride-on-sweeper-industrial-cleaning-factory-direct-orvik#breadcrumb","itemListElement":[{"@type":"ListItem","position":1,"name":"Home","item":"https:\/\/orvikpower.com\/"},{"@type":"ListItem","position":2,"name":"SHOP","item":"https:\/\/orvikpower.com\/shop"},{"@type":"ListItem","position":3,"name":"S1400 Electric Ride-On Sweeper | Industrial Cleaning | Factory Direct &#8211; ORVIK"}]},{"@type":"WebSite","@id":"https:\/\/orvikpower.com\/#website","url":"https:\/\/orvikpower.com\/","name":"ORVIK | Ve\u00edculos el\u00e9ctricos comerciais ligeiros","description":"Principal fabricante de ve\u00edculos utilit\u00e1rios el\u00e9ctricos todo-o-terreno, pickups e mini-cami\u00f5es. Desenhos prontos para altas temperaturas e para o \u00c1rtico para quintas e minas. Poupe custos com o FCL direto da f\u00e1brica. Fa\u00e7a o fluxo de trabalho. Obter um or\u00e7amento.","publisher":{"@id":"https:\/\/orvikpower.com\/#organization"},"potentialAction":[{"@type":"SearchAction","target":{"@type":"EntryPoint","urlTemplate":"https:\/\/orvikpower.com\/?s={search_term_string}"},"query-input":{"@type":"PropertyValueSpecification","valueRequired":true,"valueName":"search_term_string"}}],"inLanguage":"pt-AO"},{"@type":"Organization","@id":"https:\/\/orvikpower.com\/#organization","name":"ORVIK | Ve\u00edculos el\u00e9ctricos comerciais ligeiros","url":"https:\/\/orvikpower.com\/","logo":{"@type":"ImageObject","inLanguage":"pt-AO","@id":"https:\/\/orvikpower.com\/#\/schema\/logo\/image\/","url":"https:\/\/orvikpower.com\/wp-content\/uploads\/2026\/01\/cropped-logo-h-main-small.png","contentUrl":"https:\/\/orvikpower.com\/wp-content\/uploads\/2026\/01\/cropped-logo-h-main-small.png","width":512,"height":512,"caption":"ORVIK | Light Commercial Electric Vehicles"},"image":{"@id":"https:\/\/orvikpower.com\/#\/schema\/logo\/image\/"},"sameAs":["https:\/\/www.youtube.com\/@ORVIKOrvikPower","https:\/\/www.pinterest.com\/OrvikPower\/"]}]}},"_links":{"self":[{"href":"https:\/\/orvikpower.com\/pt\/wp-json\/wp\/v2\/product\/18923","targetHints":{"allow":["GET"]}}],"collection":[{"href":"https:\/\/orvikpower.com\/pt\/wp-json\/wp\/v2\/product"}],"about":[{"href":"https:\/\/orvikpower.com\/pt\/wp-json\/wp\/v2\/types\/product"}],"replies":[{"embeddable":true,"href":"https:\/\/orvikpower.com\/pt\/wp-json\/wp\/v2\/comments?post=18923"}],"wp:featuredmedia":[{"embeddable":true,"href":"https:\/\/orvikpower.com\/pt\/wp-json\/wp\/v2\/media\/18947"}],"wp:attachment":[{"href":"https:\/\/orvikpower.com\/pt\/wp-json\/wp\/v2\/media?parent=18923"}],"wp:term":[{"taxonomy":"product_brand","embeddable":true,"href":"https:\/\/orvikpower.com\/pt\/wp-json\/wp\/v2\/product_brand?post=18923"},{"taxonomy":"product_cat","embeddable":true,"href":"https:\/\/orvikpower.com\/pt\/wp-json\/wp\/v2\/product_cat?post=18923"},{"taxonomy":"product_tag","embeddable":true,"href":"https:\/\/orvikpower.com\/pt\/wp-json\/wp\/v2\/product_tag?post=18923"}],"curies":[{"name":"wp","href":"https:\/\/api.w.org\/{rel}","templated":true}]}}