{"id":19043,"date":"2026-01-20T14:46:09","date_gmt":"2026-01-20T14:46:09","guid":{"rendered":"https:\/\/orvikpower.com\/?post_type=product&#038;p=19043"},"modified":"2026-01-20T14:47:18","modified_gmt":"2026-01-20T14:47:18","slug":"electric-street-sweeper-s1400-with-canopy-factory-direct-wholesale-orvik","status":"publish","type":"product","link":"https:\/\/orvikpower.com\/pt\/product\/electric-street-sweeper-s1400-with-canopy-factory-direct-wholesale-orvik","title":{"rendered":"Varredor de rua el\u00e9trico S1400 com capota | Atacado direto da f\u00e1brica - ORVIK"},"content":{"rendered":"<p dir=\"auto\">O <strong>ORVIK S1400 Canopy Edition<\/strong> equilibra o conforto do operador com a efici\u00eancia operacional. Ao contr\u00e1rio dos modelos totalmente fechados, esta varredora semi-fechada possui um <strong>capota r\u00edgida em pl\u00e1stico de engenharia resistente e para-brisas de vidro temperado<\/strong>. Esta conce\u00e7\u00e3o proporciona uma prote\u00e7\u00e3o essencial contra o sol escaldante e a chuva ligeira (carater\u00edstica), mantendo os lados abertos para uma ventila\u00e7\u00e3o m\u00e1xima e uma entrada\/sa\u00edda f\u00e1cil (vantagem), o que a torna a escolha ideal para climas quentes ou tarefas que exijam paragens frequentes<\/p>\n<div class=\"my-2\"><\/div>\n<p dir=\"auto\">Alimentada por um sistema de 48V para trabalhos pesados, a S1400 proporciona um percurso de limpeza de 1400 mm com as suas escovas laterais duplas e a potente escova principal. O chassis \u00e9 submetido a um rigoroso processo de decapagem e eletroforese para resistir \u00e0 corros\u00e3o, garantindo a longevidade mesmo em ambientes h\u00famidos ou costeiros.<\/p>\n<ul dir=\"auto\">\n<li class=\"text-start\"><strong>Visibilidade:<\/strong> O design de lado aberto elimina os \u00e2ngulos mortos para uma opera\u00e7\u00e3o mais segura em \u00e1reas com muita gente.<\/li>\n<li class=\"text-start\"><strong>Sistema de energia:<\/strong> Motor de acionamento de 1200W + motores de varrimento personaliz\u00e1veis.<br \/>\nConcebido para facilitar o seu trabalho.<\/li>\n<\/ul>\n<table class=\"table table-striped-white table-bordered\" data-anchor-id=\"kn99\">\n<thead>\n<tr>\n<th>Par\u00e2metro<\/th>\n<th>Especifica\u00e7\u00e3o<\/th>\n<\/tr>\n<\/thead>\n<tbody>\n<tr>\n<td><strong>Modelo\u00a0<\/strong><\/td>\n<td>ORVIK S1400 Canopy<\/td>\n<\/tr>\n<tr>\n<td><strong>Dimens\u00f5es (C*L*A)<\/strong><\/td>\n<td>1810 \u00d7 1400 \u00d7 2000 mm<\/td>\n<\/tr>\n<tr>\n<td><strong>Largura de varrimento\u00a0<\/strong><\/td>\n<td>1400 mm<\/td>\n<\/tr>\n<tr>\n<td><strong>Peso do ve\u00edculo\u00a0<\/strong><\/td>\n<td>550 kg<\/td>\n<\/tr>\n<tr>\n<td><strong>Motor de acionamento\u00a0<\/strong><\/td>\n<td>1200W<\/td>\n<\/tr>\n<tr>\n<td><strong>Sistema de motor de escova<\/strong><\/td>\n<td>Principal: 800W | Lateral: 100W \u00d7 2\u00a0<em>(Corrigido)<\/em><\/td>\n<\/tr>\n<tr>\n<td><strong>Motor do ventilador\/v\u00e1cuo<\/strong><\/td>\n<td>500W (Agita\u00e7\u00e3o do p\u00f3: 500W)<\/td>\n<\/tr>\n<tr>\n<td><strong>Bateria<\/strong><\/td>\n<td>48V 70Ah (chumbo-\u00e1cido) | LiFePO4 Opcional<\/td>\n<\/tr>\n<tr>\n<td><strong>Hor\u00e1rio de trabalho\u00a0<\/strong><\/td>\n<td>2 - 3 horas<\/td>\n<\/tr>\n<tr>\n<td><strong>Caixote do lixo\u00a0<\/strong><\/td>\n<td>180 L<\/td>\n<\/tr>\n<tr>\n<td><strong>Tanque de \u00e1gua\u00a0<\/strong><\/td>\n<td>50 L<\/td>\n<\/tr>\n<tr>\n<td><strong>Tipo de cabina\u00a0<\/strong><\/td>\n<td><strong>Semi-fechado \/ Capota r\u00edgida\u00a0<\/strong><\/td>\n<\/tr>\n<tr>\n<td><strong>Capacidade de escalada<\/strong><\/td>\n<td>25%<\/td>\n<\/tr>\n<tr>\n<td><strong>Travagem\u00a0<\/strong><\/td>\n<td>Disco duplo hidr\u00e1ulico<\/td>\n<\/tr>\n<tr>\n<td><strong>Pneus\u00a0<\/strong><\/td>\n<td>Pneus s\u00f3lidos<\/td>\n<\/tr>\n<tr>\n<td><strong>Quantidade de carga (40HQ)<\/strong><\/td>\n<td>Contacto para o c\u00e1lculo do FCL<\/td>\n<\/tr>\n<\/tbody>\n<\/table>","protected":false},"excerpt":{"rendered":"<p>Varredora el\u00e9ctrica semi-fechada S1400 com capota r\u00edgida. Protege os operadores do sol e da chuva, assegurando o fluxo de ar. 1400mm de largura, contentor de 180L. Obter cota\u00e7\u00e3o FCL.<\/p>","protected":false},"featured_media":19044,"comment_status":"open","ping_status":"closed","template":"","meta":{"_eb_attr":""},"product_brand":[],"product_cat":[75,74],"product_tag":[89,87,90,88],"class_list":{"0":"post-19043","1":"product","2":"type-product","3":"status-publish","4":"has-post-thumbnail","6":"product_cat-electric-street-sweepers","7":"product_cat-specialized-service-vehicles","8":"product_tag-campus","9":"product_tag-municipal","10":"product_tag-open-air-factory","11":"product_tag-resort","13":"first","14":"instock","15":"shipping-taxable","16":"product-type-simple"},"yoast_head":"<!-- This site is optimized with the Yoast SEO plugin v26.9 - https:\/\/yoast.com\/product\/yoast-seo-wordpress\/ -->\n<title>Electric Street Sweeper S1400 with Canopy | Factory Direct Wholesale - ORVIK | ORVIK|Light Commercial Electric Vehicles<\/title>\n<meta name=\"robots\" content=\"index, follow, max-snippet:-1, max-image-preview:large, max-video-preview:-1\" \/>\n<link rel=\"canonical\" href=\"https:\/\/orvikpower.com\/pt\/product\/electric-street-sweeper-s1400-with-canopy-factory-direct-wholesale-orvik\" \/>\n<meta property=\"og:locale\" content=\"pt_PT\" \/>\n<meta property=\"og:type\" content=\"article\" \/>\n<meta property=\"og:title\" content=\"Electric Street Sweeper S1400 with Canopy | Factory Direct Wholesale - ORVIK | ORVIK|Light Commercial Electric Vehicles\" \/>\n<meta property=\"og:description\" content=\"S1400 semi-enclosed electric sweeper with hardtop canopy. Protects operators from sun &amp; rain while ensuring airflow. 1400mm width, 180L bin. Get FCL Quote.\" \/>\n<meta property=\"og:url\" content=\"https:\/\/orvikpower.com\/pt\/product\/electric-street-sweeper-s1400-with-canopy-factory-direct-wholesale-orvik\" \/>\n<meta property=\"og:site_name\" content=\"ORVIK|Light Commercial Electric Vehicles\" \/>\n<meta property=\"article:modified_time\" content=\"2026-01-20T14:47:18+00:00\" \/>\n<meta property=\"og:image\" content=\"https:\/\/orvikpower.com\/wp-content\/uploads\/2026\/01\/Electric-Street-Sweeper-S1400-with-Canopy-Factory-Direct-Wholesale-ORVIK.jpg\" \/>\n\t<meta property=\"og:image:width\" content=\"1264\" \/>\n\t<meta property=\"og:image:height\" content=\"1458\" \/>\n\t<meta property=\"og:image:type\" content=\"image\/jpeg\" \/>\n<meta name=\"twitter:card\" content=\"summary_large_image\" \/>\n<meta name=\"twitter:label1\" content=\"Est. reading time\" \/>\n\t<meta name=\"twitter:data1\" content=\"1 minuto\" \/>\n<script type=\"application\/ld+json\" class=\"yoast-schema-graph\">{\"@context\":\"https:\/\/schema.org\",\"@graph\":[{\"@type\":\"WebPage\",\"@id\":\"https:\/\/orvikpower.com\/product\/electric-street-sweeper-s1400-with-canopy-factory-direct-wholesale-orvik\",\"url\":\"https:\/\/orvikpower.com\/product\/electric-street-sweeper-s1400-with-canopy-factory-direct-wholesale-orvik\",\"name\":\"Electric Street Sweeper S1400 with Canopy | Factory Direct Wholesale - ORVIK | ORVIK|Light Commercial Electric Vehicles\",\"isPartOf\":{\"@id\":\"https:\/\/orvikpower.com\/#website\"},\"primaryImageOfPage\":{\"@id\":\"https:\/\/orvikpower.com\/product\/electric-street-sweeper-s1400-with-canopy-factory-direct-wholesale-orvik#primaryimage\"},\"image\":{\"@id\":\"https:\/\/orvikpower.com\/product\/electric-street-sweeper-s1400-with-canopy-factory-direct-wholesale-orvik#primaryimage\"},\"thumbnailUrl\":\"https:\/\/orvikpower.com\/wp-content\/uploads\/2026\/01\/Electric-Street-Sweeper-S1400-with-Canopy-Factory-Direct-Wholesale-ORVIK.jpg\",\"datePublished\":\"2026-01-20T14:46:09+00:00\",\"dateModified\":\"2026-01-20T14:47:18+00:00\",\"breadcrumb\":{\"@id\":\"https:\/\/orvikpower.com\/product\/electric-street-sweeper-s1400-with-canopy-factory-direct-wholesale-orvik#breadcrumb\"},\"inLanguage\":\"pt-AO\",\"potentialAction\":[{\"@type\":\"ReadAction\",\"target\":[\"https:\/\/orvikpower.com\/product\/electric-street-sweeper-s1400-with-canopy-factory-direct-wholesale-orvik\"]}]},{\"@type\":\"ImageObject\",\"inLanguage\":\"pt-AO\",\"@id\":\"https:\/\/orvikpower.com\/product\/electric-street-sweeper-s1400-with-canopy-factory-direct-wholesale-orvik#primaryimage\",\"url\":\"https:\/\/orvikpower.com\/wp-content\/uploads\/2026\/01\/Electric-Street-Sweeper-S1400-with-Canopy-Factory-Direct-Wholesale-ORVIK.jpg\",\"contentUrl\":\"https:\/\/orvikpower.com\/wp-content\/uploads\/2026\/01\/Electric-Street-Sweeper-S1400-with-Canopy-Factory-Direct-Wholesale-ORVIK.jpg\",\"width\":1264,\"height\":1458,\"caption\":\"S1400 semi-enclosed electric sweeper with hardtop canopy. Protects operators from sun & rain while ensuring airflow. 1400mm width, 180L bin. Get FCL Quote.\"},{\"@type\":\"BreadcrumbList\",\"@id\":\"https:\/\/orvikpower.com\/product\/electric-street-sweeper-s1400-with-canopy-factory-direct-wholesale-orvik#breadcrumb\",\"itemListElement\":[{\"@type\":\"ListItem\",\"position\":1,\"name\":\"Home\",\"item\":\"https:\/\/orvikpower.com\/\"},{\"@type\":\"ListItem\",\"position\":2,\"name\":\"SHOP\",\"item\":\"https:\/\/orvikpower.com\/shop\"},{\"@type\":\"ListItem\",\"position\":3,\"name\":\"Electric Street Sweeper S1400 with Canopy | Factory Direct Wholesale &#8211; ORVIK\"}]},{\"@type\":\"WebSite\",\"@id\":\"https:\/\/orvikpower.com\/#website\",\"url\":\"https:\/\/orvikpower.com\/\",\"name\":\"ORVIK | Light Commercial Electric Vehicles\",\"description\":\"Premier Manufacturer of Off-road Electric Utility Vehicles, Pickups &amp; Mini Trucks. High-Temp &amp; Arctic Ready designs for farms &amp; mines. Save costs with Factory-Direct FCL. Make work flow. Get a Quote.\",\"publisher\":{\"@id\":\"https:\/\/orvikpower.com\/#organization\"},\"potentialAction\":[{\"@type\":\"SearchAction\",\"target\":{\"@type\":\"EntryPoint\",\"urlTemplate\":\"https:\/\/orvikpower.com\/?s={search_term_string}\"},\"query-input\":{\"@type\":\"PropertyValueSpecification\",\"valueRequired\":true,\"valueName\":\"search_term_string\"}}],\"inLanguage\":\"pt-AO\"},{\"@type\":\"Organization\",\"@id\":\"https:\/\/orvikpower.com\/#organization\",\"name\":\"ORVIK | Light Commercial Electric Vehicles\",\"url\":\"https:\/\/orvikpower.com\/\",\"logo\":{\"@type\":\"ImageObject\",\"inLanguage\":\"pt-AO\",\"@id\":\"https:\/\/orvikpower.com\/#\/schema\/logo\/image\/\",\"url\":\"https:\/\/orvikpower.com\/wp-content\/uploads\/2026\/01\/cropped-logo-h-main-small.png\",\"contentUrl\":\"https:\/\/orvikpower.com\/wp-content\/uploads\/2026\/01\/cropped-logo-h-main-small.png\",\"width\":512,\"height\":512,\"caption\":\"ORVIK | Light Commercial Electric Vehicles\"},\"image\":{\"@id\":\"https:\/\/orvikpower.com\/#\/schema\/logo\/image\/\"},\"sameAs\":[\"https:\/\/www.youtube.com\/@ORVIKOrvikPower\",\"https:\/\/www.pinterest.com\/OrvikPower\/\"]}]}<\/script>\n<!-- \/ Yoast SEO plugin. -->","yoast_head_json":{"title":"Varredor de rua el\u00e9trico S1400 com capota | Venda direta da f\u00e1brica por atacado - ORVIK | ORVIK|Ve\u00edculos comerciais leves el\u00e9tricos","robots":{"index":"index","follow":"follow","max-snippet":"max-snippet:-1","max-image-preview":"max-image-preview:large","max-video-preview":"max-video-preview:-1"},"canonical":"https:\/\/orvikpower.com\/pt\/product\/electric-street-sweeper-s1400-with-canopy-factory-direct-wholesale-orvik","og_locale":"pt_PT","og_type":"article","og_title":"Electric Street Sweeper S1400 with Canopy | Factory Direct Wholesale - ORVIK | ORVIK|Light Commercial Electric Vehicles","og_description":"S1400 semi-enclosed electric sweeper with hardtop canopy. Protects operators from sun &amp; rain while ensuring airflow. 1400mm width, 180L bin. Get FCL Quote.","og_url":"https:\/\/orvikpower.com\/pt\/product\/electric-street-sweeper-s1400-with-canopy-factory-direct-wholesale-orvik","og_site_name":"ORVIK|Light Commercial Electric Vehicles","article_modified_time":"2026-01-20T14:47:18+00:00","og_image":[{"width":1264,"height":1458,"url":"https:\/\/orvikpower.com\/wp-content\/uploads\/2026\/01\/Electric-Street-Sweeper-S1400-with-Canopy-Factory-Direct-Wholesale-ORVIK.jpg","type":"image\/jpeg"}],"twitter_card":"summary_large_image","twitter_misc":{"Est. reading time":"1 minuto"},"schema":{"@context":"https:\/\/schema.org","@graph":[{"@type":"WebPage","@id":"https:\/\/orvikpower.com\/product\/electric-street-sweeper-s1400-with-canopy-factory-direct-wholesale-orvik","url":"https:\/\/orvikpower.com\/product\/electric-street-sweeper-s1400-with-canopy-factory-direct-wholesale-orvik","name":"Varredor de rua el\u00e9trico S1400 com capota | Venda direta da f\u00e1brica por atacado - ORVIK | ORVIK|Ve\u00edculos comerciais leves el\u00e9tricos","isPartOf":{"@id":"https:\/\/orvikpower.com\/#website"},"primaryImageOfPage":{"@id":"https:\/\/orvikpower.com\/product\/electric-street-sweeper-s1400-with-canopy-factory-direct-wholesale-orvik#primaryimage"},"image":{"@id":"https:\/\/orvikpower.com\/product\/electric-street-sweeper-s1400-with-canopy-factory-direct-wholesale-orvik#primaryimage"},"thumbnailUrl":"https:\/\/orvikpower.com\/wp-content\/uploads\/2026\/01\/Electric-Street-Sweeper-S1400-with-Canopy-Factory-Direct-Wholesale-ORVIK.jpg","datePublished":"2026-01-20T14:46:09+00:00","dateModified":"2026-01-20T14:47:18+00:00","breadcrumb":{"@id":"https:\/\/orvikpower.com\/product\/electric-street-sweeper-s1400-with-canopy-factory-direct-wholesale-orvik#breadcrumb"},"inLanguage":"pt-AO","potentialAction":[{"@type":"ReadAction","target":["https:\/\/orvikpower.com\/product\/electric-street-sweeper-s1400-with-canopy-factory-direct-wholesale-orvik"]}]},{"@type":"ImageObject","inLanguage":"pt-AO","@id":"https:\/\/orvikpower.com\/product\/electric-street-sweeper-s1400-with-canopy-factory-direct-wholesale-orvik#primaryimage","url":"https:\/\/orvikpower.com\/wp-content\/uploads\/2026\/01\/Electric-Street-Sweeper-S1400-with-Canopy-Factory-Direct-Wholesale-ORVIK.jpg","contentUrl":"https:\/\/orvikpower.com\/wp-content\/uploads\/2026\/01\/Electric-Street-Sweeper-S1400-with-Canopy-Factory-Direct-Wholesale-ORVIK.jpg","width":1264,"height":1458,"caption":"S1400 semi-enclosed electric sweeper with hardtop canopy. Protects operators from sun & rain while ensuring airflow. 1400mm width, 180L bin. Get FCL Quote."},{"@type":"BreadcrumbList","@id":"https:\/\/orvikpower.com\/product\/electric-street-sweeper-s1400-with-canopy-factory-direct-wholesale-orvik#breadcrumb","itemListElement":[{"@type":"ListItem","position":1,"name":"Home","item":"https:\/\/orvikpower.com\/"},{"@type":"ListItem","position":2,"name":"SHOP","item":"https:\/\/orvikpower.com\/shop"},{"@type":"ListItem","position":3,"name":"Electric Street Sweeper S1400 with Canopy | Factory Direct Wholesale &#8211; ORVIK"}]},{"@type":"WebSite","@id":"https:\/\/orvikpower.com\/#website","url":"https:\/\/orvikpower.com\/","name":"ORVIK | Ve\u00edculos el\u00e9ctricos comerciais ligeiros","description":"Principal fabricante de ve\u00edculos utilit\u00e1rios el\u00e9ctricos todo-o-terreno, pickups e mini-cami\u00f5es. Desenhos prontos para altas temperaturas e para o \u00c1rtico para quintas e minas. Poupe custos com o FCL direto da f\u00e1brica. Fa\u00e7a o fluxo de trabalho. Obter um or\u00e7amento.","publisher":{"@id":"https:\/\/orvikpower.com\/#organization"},"potentialAction":[{"@type":"SearchAction","target":{"@type":"EntryPoint","urlTemplate":"https:\/\/orvikpower.com\/?s={search_term_string}"},"query-input":{"@type":"PropertyValueSpecification","valueRequired":true,"valueName":"search_term_string"}}],"inLanguage":"pt-AO"},{"@type":"Organization","@id":"https:\/\/orvikpower.com\/#organization","name":"ORVIK | Ve\u00edculos el\u00e9ctricos comerciais ligeiros","url":"https:\/\/orvikpower.com\/","logo":{"@type":"ImageObject","inLanguage":"pt-AO","@id":"https:\/\/orvikpower.com\/#\/schema\/logo\/image\/","url":"https:\/\/orvikpower.com\/wp-content\/uploads\/2026\/01\/cropped-logo-h-main-small.png","contentUrl":"https:\/\/orvikpower.com\/wp-content\/uploads\/2026\/01\/cropped-logo-h-main-small.png","width":512,"height":512,"caption":"ORVIK | Light Commercial Electric Vehicles"},"image":{"@id":"https:\/\/orvikpower.com\/#\/schema\/logo\/image\/"},"sameAs":["https:\/\/www.youtube.com\/@ORVIKOrvikPower","https:\/\/www.pinterest.com\/OrvikPower\/"]}]}},"_links":{"self":[{"href":"https:\/\/orvikpower.com\/pt\/wp-json\/wp\/v2\/product\/19043","targetHints":{"allow":["GET"]}}],"collection":[{"href":"https:\/\/orvikpower.com\/pt\/wp-json\/wp\/v2\/product"}],"about":[{"href":"https:\/\/orvikpower.com\/pt\/wp-json\/wp\/v2\/types\/product"}],"replies":[{"embeddable":true,"href":"https:\/\/orvikpower.com\/pt\/wp-json\/wp\/v2\/comments?post=19043"}],"wp:featuredmedia":[{"embeddable":true,"href":"https:\/\/orvikpower.com\/pt\/wp-json\/wp\/v2\/media\/19044"}],"wp:attachment":[{"href":"https:\/\/orvikpower.com\/pt\/wp-json\/wp\/v2\/media?parent=19043"}],"wp:term":[{"taxonomy":"product_brand","embeddable":true,"href":"https:\/\/orvikpower.com\/pt\/wp-json\/wp\/v2\/product_brand?post=19043"},{"taxonomy":"product_cat","embeddable":true,"href":"https:\/\/orvikpower.com\/pt\/wp-json\/wp\/v2\/product_cat?post=19043"},{"taxonomy":"product_tag","embeddable":true,"href":"https:\/\/orvikpower.com\/pt\/wp-json\/wp\/v2\/product_tag?post=19043"}],"curies":[{"name":"wp","href":"https:\/\/api.w.org\/{rel}","templated":true}]}}