{"id":19060,"date":"2026-01-21T08:13:21","date_gmt":"2026-01-21T08:13:21","guid":{"rendered":"https:\/\/orvikpower.com\/?post_type=product&#038;p=19060"},"modified":"2026-01-21T08:16:14","modified_gmt":"2026-01-21T08:16:14","slug":"g2000-electric-road-sweeper-2000mm-industrial-cleaning-factory-direct-orvik","status":"publish","type":"product","link":"https:\/\/orvikpower.com\/pt\/product\/g2000-electric-road-sweeper-2000mm-industrial-cleaning-factory-direct-orvik","title":{"rendered":"G2000 Varredora de rua el\u00e9trica (2000mm) | Limpeza industrial | Direto da f\u00e1brica - ORVIK"},"content":{"rendered":"<p dir=\"auto\">O <strong>Varredora el\u00e9ctrica ORVIK G2000<\/strong> \u00e9 uma solu\u00e7\u00e3o de limpeza para trabalhos pesados concebida para ambientes industriais com muita poeira e grandes campus. Ao contr\u00e1rio das varredoras normais, a G2000 possui uma enorme <strong>2000 mm de largura de varrimento<\/strong> combinada com um <strong>Canh\u00e3o de nevoeiro de alta voltagem e sistema de pistola de \u00e1gua<\/strong> (Carater\u00edstica). Esta configura\u00e7\u00e3o permite-lhe suprimir eficazmente as poeiras transportadas pelo ar durante a limpeza, tornando-a ideal para f\u00e1bricas de cimento, locais de explora\u00e7\u00e3o mineira e zonas de constru\u00e7\u00e3o onde a qualidade do ar \u00e9 uma preocupa\u00e7\u00e3o (Vantagem).<\/p>\n<div class=\"my-2\"><\/div>\n<p dir=\"auto\">Constru\u00eddo com um <strong>teto de pl\u00e1stico r\u00edgido de engenharia<\/strong> e <strong>pneus s\u00f3lidos<\/strong>, O G2000 \u00e9 \u00e0 prova de furos e resistente \u00e0s intemp\u00e9ries, reduzindo significativamente o tempo de paragem para manuten\u00e7\u00e3o em compara\u00e7\u00e3o com os modelos de pneus (Benef\u00edcio). Todo o sistema el\u00e9trico utiliza uma embalagem \u00e0 prova de \u00e1gua para evitar danos nos circuitos em condi\u00e7\u00f5es de humidade. Dispon\u00edvel com op\u00e7\u00f5es de bateria personaliz\u00e1veis (chumbo-\u00e1cido ou LiFePO4) e configura\u00e7\u00f5es de pot\u00eancia do motor para corresponder aos requisitos espec\u00edficos do seu local. <strong>Concebido para facilitar o seu trabalho.<\/strong><\/p>\n<table class=\"table table-striped-white table-bordered\" data-anchor-id=\"fzng\">\n<thead>\n<tr>\n<th>Carater\u00edstica<\/th>\n<th>Dados<\/th>\n<\/tr>\n<\/thead>\n<tbody>\n<tr>\n<td><strong>Modelo<\/strong><\/td>\n<td>G2000<\/td>\n<\/tr>\n<tr>\n<td><strong>Dimens\u00f5es (C*L*A)<\/strong><\/td>\n<td>2300 x 2000 x 2250 mm<\/td>\n<\/tr>\n<tr>\n<td><strong>Largura de limpeza<\/strong><\/td>\n<td>2000 mm<\/td>\n<\/tr>\n<tr>\n<td><strong>Capacidade de trabalho<\/strong><\/td>\n<td>3-5 horas (chumbo-\u00e1cido padr\u00e3o)<\/td>\n<\/tr>\n<tr>\n<td><strong>Sistema de bateria<\/strong><\/td>\n<td>48V 150Ah (chumbo-\u00e1cido standard \/ LiFePO4 opcional)<\/td>\n<\/tr>\n<tr>\n<td><strong>Motor de acionamento<\/strong><\/td>\n<td>2000W<\/td>\n<\/tr>\n<tr>\n<td><strong>Limpeza de motores<\/strong><\/td>\n<td>Escova lateral: 1000W | Escova principal: 100W*4 (?) | Ventoinha: 200W*2<\/td>\n<\/tr>\n<tr>\n<td><strong>Supress\u00e3o de poeiras<\/strong><\/td>\n<td><strong>Canh\u00e3o de nevoeiro de alta press\u00e3o + pistola de \u00e1gua<\/strong><\/td>\n<\/tr>\n<tr>\n<td><strong>Capacidade do dep\u00f3sito<\/strong><\/td>\n<td>\u00c1gua: 200L | Lixo: 240L<\/td>\n<\/tr>\n<tr>\n<td><strong>Pneus<\/strong><\/td>\n<td><strong>Pneus s\u00f3lidos<\/strong>\u00a0(\u00e0 prova de perfura\u00e7\u00e3o para a ind\u00fastria)<\/td>\n<\/tr>\n<tr>\n<td><strong>Sistema de travagem<\/strong><\/td>\n<td>Trav\u00e3o hidr\u00e1ulico de disco duplo<\/td>\n<\/tr>\n<tr>\n<td><strong>Capacidade de escalada<\/strong><\/td>\n<td>25%<\/td>\n<\/tr>\n<tr>\n<td><strong>Impermeabiliza\u00e7\u00e3o<\/strong><\/td>\n<td>Embalagem \u00e0 prova de \u00e1gua para toda a linha de ve\u00edculos<\/td>\n<\/tr>\n<tr>\n<td><strong>Quantidade de carga (40HQ)<\/strong><\/td>\n<td>Aprox. 4-5 unidades (estimativa)<\/td>\n<\/tr>\n<\/tbody>\n<\/table>","protected":false},"excerpt":{"rendered":"<p dir=\"auto\">Varredora el\u00e9ctrica G2000 para trabalhos pesados com uma largura de limpeza de 2000 mm e canh\u00e3o de nevoeiro de alta press\u00e3o. Possui pneus s\u00f3lidos para locais de minera\u00e7\u00e3o e industriais. Informe-se sobre o pre\u00e7o de f\u00e1brica FCL.<\/p>\n<div class=\"my-2\"><\/div>\n<p dir=\"auto\">","protected":false},"featured_media":19061,"comment_status":"open","ping_status":"closed","template":"","meta":{"_eb_attr":""},"product_brand":[],"product_cat":[75,74],"product_tag":[108,109,91,100,99,88],"class_list":{"0":"post-19060","1":"product","2":"type-product","3":"status-publish","4":"has-post-thumbnail","6":"product_cat-electric-street-sweepers","7":"product_cat-specialized-service-vehicles","8":"product_tag-cement-plant","9":"product_tag-dust-control","10":"product_tag-industrial-park","11":"product_tag-mining-site","12":"product_tag-municipal-cleaning","13":"product_tag-resort","15":"first","16":"instock","17":"shipping-taxable","18":"product-type-simple"},"yoast_head":"<!-- This site is optimized with the Yoast SEO plugin v26.9 - https:\/\/yoast.com\/product\/yoast-seo-wordpress\/ -->\n<title>G2000 Electric Road Sweeper (2000mm) | Industrial Cleaning | Factory Direct - ORVIK | ORVIK|Light Commercial Electric Vehicles<\/title>\n<meta name=\"robots\" content=\"index, follow, max-snippet:-1, max-image-preview:large, max-video-preview:-1\" \/>\n<link rel=\"canonical\" href=\"https:\/\/orvikpower.com\/pt\/product\/g2000-electric-road-sweeper-2000mm-industrial-cleaning-factory-direct-orvik\" \/>\n<meta property=\"og:locale\" content=\"pt_PT\" \/>\n<meta property=\"og:type\" content=\"article\" \/>\n<meta property=\"og:title\" content=\"G2000 Electric Road Sweeper (2000mm) | Industrial Cleaning | Factory Direct - ORVIK | ORVIK|Light Commercial Electric Vehicles\" \/>\n<meta property=\"og:description\" content=\"Heavy-duty G2000 electric sweeper with 2000mm cleaning width and high-pressure fog cannon. Features solid tires for mining &amp; industrial sites. Inquire for FCL Factory Price.\" \/>\n<meta property=\"og:url\" content=\"https:\/\/orvikpower.com\/pt\/product\/g2000-electric-road-sweeper-2000mm-industrial-cleaning-factory-direct-orvik\" \/>\n<meta property=\"og:site_name\" content=\"ORVIK|Light Commercial Electric Vehicles\" \/>\n<meta property=\"article:modified_time\" content=\"2026-01-21T08:16:14+00:00\" \/>\n<meta property=\"og:image\" content=\"https:\/\/orvikpower.com\/wp-content\/uploads\/2026\/01\/G2000-Electric-Road-Sweeper-2000mm-Industrial-Cleaning-Factory-Direct-ORVIK.jpeg\" \/>\n\t<meta property=\"og:image:width\" content=\"1296\" \/>\n\t<meta property=\"og:image:height\" content=\"1169\" \/>\n\t<meta property=\"og:image:type\" content=\"image\/jpeg\" \/>\n<meta name=\"twitter:card\" content=\"summary_large_image\" \/>\n<meta name=\"twitter:label1\" content=\"Est. reading time\" \/>\n\t<meta name=\"twitter:data1\" content=\"1 minuto\" \/>\n<script type=\"application\/ld+json\" class=\"yoast-schema-graph\">{\"@context\":\"https:\/\/schema.org\",\"@graph\":[{\"@type\":\"WebPage\",\"@id\":\"https:\/\/orvikpower.com\/product\/g2000-electric-road-sweeper-2000mm-industrial-cleaning-factory-direct-orvik\",\"url\":\"https:\/\/orvikpower.com\/product\/g2000-electric-road-sweeper-2000mm-industrial-cleaning-factory-direct-orvik\",\"name\":\"G2000 Electric Road Sweeper (2000mm) | Industrial Cleaning | Factory Direct - ORVIK | ORVIK|Light Commercial Electric Vehicles\",\"isPartOf\":{\"@id\":\"https:\/\/orvikpower.com\/#website\"},\"primaryImageOfPage\":{\"@id\":\"https:\/\/orvikpower.com\/product\/g2000-electric-road-sweeper-2000mm-industrial-cleaning-factory-direct-orvik#primaryimage\"},\"image\":{\"@id\":\"https:\/\/orvikpower.com\/product\/g2000-electric-road-sweeper-2000mm-industrial-cleaning-factory-direct-orvik#primaryimage\"},\"thumbnailUrl\":\"https:\/\/orvikpower.com\/wp-content\/uploads\/2026\/01\/G2000-Electric-Road-Sweeper-2000mm-Industrial-Cleaning-Factory-Direct-ORVIK.jpeg\",\"datePublished\":\"2026-01-21T08:13:21+00:00\",\"dateModified\":\"2026-01-21T08:16:14+00:00\",\"breadcrumb\":{\"@id\":\"https:\/\/orvikpower.com\/product\/g2000-electric-road-sweeper-2000mm-industrial-cleaning-factory-direct-orvik#breadcrumb\"},\"inLanguage\":\"pt-AO\",\"potentialAction\":[{\"@type\":\"ReadAction\",\"target\":[\"https:\/\/orvikpower.com\/product\/g2000-electric-road-sweeper-2000mm-industrial-cleaning-factory-direct-orvik\"]}]},{\"@type\":\"ImageObject\",\"inLanguage\":\"pt-AO\",\"@id\":\"https:\/\/orvikpower.com\/product\/g2000-electric-road-sweeper-2000mm-industrial-cleaning-factory-direct-orvik#primaryimage\",\"url\":\"https:\/\/orvikpower.com\/wp-content\/uploads\/2026\/01\/G2000-Electric-Road-Sweeper-2000mm-Industrial-Cleaning-Factory-Direct-ORVIK.jpeg\",\"contentUrl\":\"https:\/\/orvikpower.com\/wp-content\/uploads\/2026\/01\/G2000-Electric-Road-Sweeper-2000mm-Industrial-Cleaning-Factory-Direct-ORVIK.jpeg\",\"width\":1296,\"height\":1169,\"caption\":\"Heavy-duty G2000 electric sweeper with 2000mm cleaning width and high-pressure fog cannon. Features solid tires for mining & industrial sites. Inquire for FCL Factory Price.\"},{\"@type\":\"BreadcrumbList\",\"@id\":\"https:\/\/orvikpower.com\/product\/g2000-electric-road-sweeper-2000mm-industrial-cleaning-factory-direct-orvik#breadcrumb\",\"itemListElement\":[{\"@type\":\"ListItem\",\"position\":1,\"name\":\"Home\",\"item\":\"https:\/\/orvikpower.com\/\"},{\"@type\":\"ListItem\",\"position\":2,\"name\":\"SHOP\",\"item\":\"https:\/\/orvikpower.com\/shop\"},{\"@type\":\"ListItem\",\"position\":3,\"name\":\"G2000 Electric Road Sweeper (2000mm) | Industrial Cleaning | Factory Direct &#8211; ORVIK\"}]},{\"@type\":\"WebSite\",\"@id\":\"https:\/\/orvikpower.com\/#website\",\"url\":\"https:\/\/orvikpower.com\/\",\"name\":\"ORVIK | Light Commercial Electric Vehicles\",\"description\":\"Premier Manufacturer of Off-road Electric Utility Vehicles, Pickups &amp; Mini Trucks. High-Temp &amp; Arctic Ready designs for farms &amp; mines. Save costs with Factory-Direct FCL. Make work flow. Get a Quote.\",\"publisher\":{\"@id\":\"https:\/\/orvikpower.com\/#organization\"},\"potentialAction\":[{\"@type\":\"SearchAction\",\"target\":{\"@type\":\"EntryPoint\",\"urlTemplate\":\"https:\/\/orvikpower.com\/?s={search_term_string}\"},\"query-input\":{\"@type\":\"PropertyValueSpecification\",\"valueRequired\":true,\"valueName\":\"search_term_string\"}}],\"inLanguage\":\"pt-AO\"},{\"@type\":\"Organization\",\"@id\":\"https:\/\/orvikpower.com\/#organization\",\"name\":\"ORVIK | Light Commercial Electric Vehicles\",\"url\":\"https:\/\/orvikpower.com\/\",\"logo\":{\"@type\":\"ImageObject\",\"inLanguage\":\"pt-AO\",\"@id\":\"https:\/\/orvikpower.com\/#\/schema\/logo\/image\/\",\"url\":\"https:\/\/orvikpower.com\/wp-content\/uploads\/2026\/01\/cropped-logo-h-main-small.png\",\"contentUrl\":\"https:\/\/orvikpower.com\/wp-content\/uploads\/2026\/01\/cropped-logo-h-main-small.png\",\"width\":512,\"height\":512,\"caption\":\"ORVIK | Light Commercial Electric Vehicles\"},\"image\":{\"@id\":\"https:\/\/orvikpower.com\/#\/schema\/logo\/image\/\"},\"sameAs\":[\"https:\/\/www.youtube.com\/@ORVIKOrvikPower\",\"https:\/\/www.pinterest.com\/OrvikPower\/\"]}]}<\/script>\n<!-- \/ Yoast SEO plugin. -->","yoast_head_json":{"title":"G2000 Varredora de rua el\u00e9trica (2000mm) | Limpeza industrial | Direto da f\u00e1brica - ORVIK | ORVIK|Ve\u00edculos comerciais leves el\u00e9tricos","robots":{"index":"index","follow":"follow","max-snippet":"max-snippet:-1","max-image-preview":"max-image-preview:large","max-video-preview":"max-video-preview:-1"},"canonical":"https:\/\/orvikpower.com\/pt\/product\/g2000-electric-road-sweeper-2000mm-industrial-cleaning-factory-direct-orvik","og_locale":"pt_PT","og_type":"article","og_title":"G2000 Electric Road Sweeper (2000mm) | Industrial Cleaning | Factory Direct - ORVIK | ORVIK|Light Commercial Electric Vehicles","og_description":"Heavy-duty G2000 electric sweeper with 2000mm cleaning width and high-pressure fog cannon. Features solid tires for mining &amp; industrial sites. Inquire for FCL Factory Price.","og_url":"https:\/\/orvikpower.com\/pt\/product\/g2000-electric-road-sweeper-2000mm-industrial-cleaning-factory-direct-orvik","og_site_name":"ORVIK|Light Commercial Electric Vehicles","article_modified_time":"2026-01-21T08:16:14+00:00","og_image":[{"width":1296,"height":1169,"url":"https:\/\/orvikpower.com\/wp-content\/uploads\/2026\/01\/G2000-Electric-Road-Sweeper-2000mm-Industrial-Cleaning-Factory-Direct-ORVIK.jpeg","type":"image\/jpeg"}],"twitter_card":"summary_large_image","twitter_misc":{"Est. reading time":"1 minuto"},"schema":{"@context":"https:\/\/schema.org","@graph":[{"@type":"WebPage","@id":"https:\/\/orvikpower.com\/product\/g2000-electric-road-sweeper-2000mm-industrial-cleaning-factory-direct-orvik","url":"https:\/\/orvikpower.com\/product\/g2000-electric-road-sweeper-2000mm-industrial-cleaning-factory-direct-orvik","name":"G2000 Varredora de rua el\u00e9trica (2000mm) | Limpeza industrial | Direto da f\u00e1brica - ORVIK | ORVIK|Ve\u00edculos comerciais leves el\u00e9tricos","isPartOf":{"@id":"https:\/\/orvikpower.com\/#website"},"primaryImageOfPage":{"@id":"https:\/\/orvikpower.com\/product\/g2000-electric-road-sweeper-2000mm-industrial-cleaning-factory-direct-orvik#primaryimage"},"image":{"@id":"https:\/\/orvikpower.com\/product\/g2000-electric-road-sweeper-2000mm-industrial-cleaning-factory-direct-orvik#primaryimage"},"thumbnailUrl":"https:\/\/orvikpower.com\/wp-content\/uploads\/2026\/01\/G2000-Electric-Road-Sweeper-2000mm-Industrial-Cleaning-Factory-Direct-ORVIK.jpeg","datePublished":"2026-01-21T08:13:21+00:00","dateModified":"2026-01-21T08:16:14+00:00","breadcrumb":{"@id":"https:\/\/orvikpower.com\/product\/g2000-electric-road-sweeper-2000mm-industrial-cleaning-factory-direct-orvik#breadcrumb"},"inLanguage":"pt-AO","potentialAction":[{"@type":"ReadAction","target":["https:\/\/orvikpower.com\/product\/g2000-electric-road-sweeper-2000mm-industrial-cleaning-factory-direct-orvik"]}]},{"@type":"ImageObject","inLanguage":"pt-AO","@id":"https:\/\/orvikpower.com\/product\/g2000-electric-road-sweeper-2000mm-industrial-cleaning-factory-direct-orvik#primaryimage","url":"https:\/\/orvikpower.com\/wp-content\/uploads\/2026\/01\/G2000-Electric-Road-Sweeper-2000mm-Industrial-Cleaning-Factory-Direct-ORVIK.jpeg","contentUrl":"https:\/\/orvikpower.com\/wp-content\/uploads\/2026\/01\/G2000-Electric-Road-Sweeper-2000mm-Industrial-Cleaning-Factory-Direct-ORVIK.jpeg","width":1296,"height":1169,"caption":"Heavy-duty G2000 electric sweeper with 2000mm cleaning width and high-pressure fog cannon. Features solid tires for mining & industrial sites. Inquire for FCL Factory Price."},{"@type":"BreadcrumbList","@id":"https:\/\/orvikpower.com\/product\/g2000-electric-road-sweeper-2000mm-industrial-cleaning-factory-direct-orvik#breadcrumb","itemListElement":[{"@type":"ListItem","position":1,"name":"Home","item":"https:\/\/orvikpower.com\/"},{"@type":"ListItem","position":2,"name":"SHOP","item":"https:\/\/orvikpower.com\/shop"},{"@type":"ListItem","position":3,"name":"G2000 Electric Road Sweeper (2000mm) | Industrial Cleaning | Factory Direct &#8211; ORVIK"}]},{"@type":"WebSite","@id":"https:\/\/orvikpower.com\/#website","url":"https:\/\/orvikpower.com\/","name":"ORVIK | Ve\u00edculos el\u00e9ctricos comerciais ligeiros","description":"Principal fabricante de ve\u00edculos utilit\u00e1rios el\u00e9ctricos todo-o-terreno, pickups e mini-cami\u00f5es. Desenhos prontos para altas temperaturas e para o \u00c1rtico para quintas e minas. Poupe custos com o FCL direto da f\u00e1brica. Fa\u00e7a o fluxo de trabalho. Obter um or\u00e7amento.","publisher":{"@id":"https:\/\/orvikpower.com\/#organization"},"potentialAction":[{"@type":"SearchAction","target":{"@type":"EntryPoint","urlTemplate":"https:\/\/orvikpower.com\/?s={search_term_string}"},"query-input":{"@type":"PropertyValueSpecification","valueRequired":true,"valueName":"search_term_string"}}],"inLanguage":"pt-AO"},{"@type":"Organization","@id":"https:\/\/orvikpower.com\/#organization","name":"ORVIK | Ve\u00edculos el\u00e9ctricos comerciais ligeiros","url":"https:\/\/orvikpower.com\/","logo":{"@type":"ImageObject","inLanguage":"pt-AO","@id":"https:\/\/orvikpower.com\/#\/schema\/logo\/image\/","url":"https:\/\/orvikpower.com\/wp-content\/uploads\/2026\/01\/cropped-logo-h-main-small.png","contentUrl":"https:\/\/orvikpower.com\/wp-content\/uploads\/2026\/01\/cropped-logo-h-main-small.png","width":512,"height":512,"caption":"ORVIK | Light Commercial Electric Vehicles"},"image":{"@id":"https:\/\/orvikpower.com\/#\/schema\/logo\/image\/"},"sameAs":["https:\/\/www.youtube.com\/@ORVIKOrvikPower","https:\/\/www.pinterest.com\/OrvikPower\/"]}]}},"_links":{"self":[{"href":"https:\/\/orvikpower.com\/pt\/wp-json\/wp\/v2\/product\/19060","targetHints":{"allow":["GET"]}}],"collection":[{"href":"https:\/\/orvikpower.com\/pt\/wp-json\/wp\/v2\/product"}],"about":[{"href":"https:\/\/orvikpower.com\/pt\/wp-json\/wp\/v2\/types\/product"}],"replies":[{"embeddable":true,"href":"https:\/\/orvikpower.com\/pt\/wp-json\/wp\/v2\/comments?post=19060"}],"wp:featuredmedia":[{"embeddable":true,"href":"https:\/\/orvikpower.com\/pt\/wp-json\/wp\/v2\/media\/19061"}],"wp:attachment":[{"href":"https:\/\/orvikpower.com\/pt\/wp-json\/wp\/v2\/media?parent=19060"}],"wp:term":[{"taxonomy":"product_brand","embeddable":true,"href":"https:\/\/orvikpower.com\/pt\/wp-json\/wp\/v2\/product_brand?post=19060"},{"taxonomy":"product_cat","embeddable":true,"href":"https:\/\/orvikpower.com\/pt\/wp-json\/wp\/v2\/product_cat?post=19060"},{"taxonomy":"product_tag","embeddable":true,"href":"https:\/\/orvikpower.com\/pt\/wp-json\/wp\/v2\/product_tag?post=19060"}],"curies":[{"name":"wp","href":"https:\/\/api.w.org\/{rel}","templated":true}]}}