{"id":19067,"date":"2026-01-21T10:58:49","date_gmt":"2026-01-21T10:58:49","guid":{"rendered":"https:\/\/orvikpower.com\/?post_type=product&#038;p=19067"},"modified":"2026-01-21T10:58:49","modified_gmt":"2026-01-21T10:58:49","slug":"as560-electric-walk-behind-floor-scrubber-industrial-cleaning-oem-orvik","status":"publish","type":"product","link":"https:\/\/orvikpower.com\/pt\/product\/as560-electric-walk-behind-floor-scrubber-industrial-cleaning-oem-orvik","title":{"rendered":"AS560 Lavadora de pisos el\u00e9trica com operador a p\u00e9 | Limpeza industrial OEM - ORVIK"},"content":{"rendered":"<p dir=\"auto\"><strong>Cuidados profissionais com o pavimento, simplificados.<\/strong><br \/>\nA AS560 \u00e9 a resposta da ORVIK \u00e0 manuten\u00e7\u00e3o intensiva do pavimento. Concebida para instala\u00e7\u00f5es que requerem padr\u00f5es de higiene consistentes, esta lavadora de condutor apeado combina durabilidade industrial com facilidade de opera\u00e7\u00e3o.<\/p>\n<div class=\"my-2\"><\/div>\n<ul dir=\"auto\">\n<li class=\"text-start\"><strong>Funcionalidade (Constru\u00e7\u00e3o robusta):<\/strong> O chassis \u00e9 submetido a decapagem \u00e1cida, eletroforese e revestimento a p\u00f3 a alta temperatura, enquanto a carro\u00e7aria utiliza a tecnologia de Moldagem Rotacional.<\/li>\n<li class=\"text-start\"><strong>Vantagem (Durabilidade):<\/strong> Isto garante que a m\u00e1quina \u00e9 completamente resistente ao impacto, \u00e0 corros\u00e3o e \u00e0 ferrugem, mesmo em ambientes h\u00famidos ou com exposi\u00e7\u00e3o a produtos qu\u00edmicos agressivos.<\/li>\n<li class=\"text-start\"><strong>Benef\u00edcio (ROI):<\/strong> Para os gestores de instala\u00e7\u00f5es, isto significa uma vida \u00fatil significativamente mais longa e uma frequ\u00eancia de substitui\u00e7\u00e3o reduzida em compara\u00e7\u00e3o com os modelos de inje\u00e7\u00e3o de pl\u00e1stico mais baratos.<\/li>\n<\/ul>\n<div class=\"my-2\"><\/div>\n<p dir=\"auto\">O sistema el\u00e9trico do ve\u00edculo apresenta um design totalmente \u00e0 prova de \u00e1gua, protegendo os circuitos cr\u00edticos da entrada de \u00e1gua durante o funcionamento.<\/p>\n<ul dir=\"auto\">\n<li class=\"text-start\"><strong>Op\u00e7\u00f5es de bateria:<\/strong> Chumbo-\u00e1cido padr\u00e3o de 24V 100Ah (baixo custo) ou LiFePO4 personaliz\u00e1vel (carregamento r\u00e1pido).<\/li>\n<li class=\"text-start\"><strong>Personaliza\u00e7\u00e3o de pot\u00eancia:<\/strong> A pot\u00eancia do motor da escova pode ser ajustada com base em requisitos espec\u00edficos do OEM.<\/li>\n<\/ul>\n<div class=\"my-2\"><\/div>\n<p dir=\"auto\"><strong>Concebido para facilitar o seu trabalho.<\/strong><\/p>\n<p dir=\"auto\">\n<table class=\"table table-striped-white table-bordered\" data-anchor-id=\"zgd0\">\n<thead>\n<tr>\n<th>Par\u00e2metro<\/th>\n<th>Especifica\u00e7\u00e3o<\/th>\n<\/tr>\n<\/thead>\n<tbody>\n<tr>\n<td><strong>Modelo<\/strong><\/td>\n<td>AS560 M\u00e1quina de lavar roupa com condutor apeado<\/td>\n<\/tr>\n<tr>\n<td><strong>Dimens\u00f5es (C*L*A)<\/strong><\/td>\n<td>1400 \u00d7 830 \u00d7 1020 mm<\/td>\n<\/tr>\n<tr>\n<td><strong>Efici\u00eancia de limpeza<\/strong><\/td>\n<td>2.600 m\u00b2\/h<\/td>\n<\/tr>\n<tr>\n<td><strong>Largura de limpeza<\/strong><\/td>\n<td>520 mm (escova) \/ 830 mm (rodo)<\/td>\n<\/tr>\n<tr>\n<td><strong>Motor de disco de escova<\/strong><\/td>\n<td>550W (padr\u00e3o) -\u00a0<em>Personaliz\u00e1vel<\/em><\/td>\n<\/tr>\n<tr>\n<td><strong>Motor de aspira\u00e7\u00e3o<\/strong><\/td>\n<td>500W<\/td>\n<\/tr>\n<tr>\n<td><strong>Sistema de bateria<\/strong><\/td>\n<td>24V 100Ah (chumbo-\u00e1cido padr\u00e3o \/ i\u00f5es de l\u00edtio opcional)<\/td>\n<\/tr>\n<tr>\n<td><strong>Tempo de funcionamento<\/strong><\/td>\n<td>2 - 3 horas<\/td>\n<\/tr>\n<tr>\n<td><strong>Capacidade do dep\u00f3sito<\/strong><\/td>\n<td>55L (\u00e1gua limpa) \/ 60L (\u00e1gua suja)<\/td>\n<\/tr>\n<tr>\n<td><strong>Peso da m\u00e1quina<\/strong><\/td>\n<td>150 KG<\/td>\n<\/tr>\n<tr>\n<td><strong>Tecnologia de chassis<\/strong><\/td>\n<td>Decapagem \u00e1cida + eletroforese + revestimento em p\u00f3<\/td>\n<\/tr>\n<tr>\n<td><strong>Material da carro\u00e7aria<\/strong><\/td>\n<td>Polietileno rotomoldado (resistente a impactos)<\/td>\n<\/tr>\n<tr>\n<td><strong>Pneus<\/strong><\/td>\n<td>Borracha + PU (n\u00e3o deixa marcas)<\/td>\n<\/tr>\n<tr>\n<td><strong>Quantidade de carga (40HQ)<\/strong><\/td>\n<td><em>Contacto para um plano optimizado de embalagem de patins<\/em><\/td>\n<\/tr>\n<\/tbody>\n<\/table>","protected":false},"excerpt":{"rendered":"<p dir=\"auto\">Maximize a efici\u00eancia da limpeza com a lavadora de condutor apeado AS560 (2600m\u00b2\/h). Possui um corpo rotomoldado dur\u00e1vel, dep\u00f3sitos de 55L\/60L e eletr\u00f3nica \u00e0 prova de \u00e1gua. Ideal para armaz\u00e9ns e hospitais. Pergunte pelo pre\u00e7o de f\u00e1brica FCL.<\/p>\n<div class=\"my-2\"><\/div>\n<p dir=\"auto\">","protected":false},"featured_media":19074,"comment_status":"open","ping_status":"closed","template":"","meta":{"_eb_attr":""},"product_brand":[],"product_cat":[75,74],"product_tag":[92,118,121,117,119,120],"class_list":{"0":"post-19067","1":"product","2":"type-product","3":"status-publish","4":"has-post-thumbnail","6":"product_cat-electric-street-sweepers","7":"product_cat-specialized-service-vehicles","8":"product_tag-factory-floor","9":"product_tag-hospital","10":"product_tag-hotel-lobby","11":"product_tag-industrial-warehouse","12":"product_tag-school-campus","13":"product_tag-shopping-mall","15":"first","16":"instock","17":"shipping-taxable","18":"product-type-simple"},"yoast_head":"<!-- This site is optimized with the Yoast SEO plugin v26.9 - https:\/\/yoast.com\/product\/yoast-seo-wordpress\/ -->\n<title>AS560 Electric Walk-Behind Floor Scrubber | Industrial Cleaning OEM - ORVIK | ORVIK|Light Commercial Electric Vehicles<\/title>\n<meta name=\"robots\" content=\"index, follow, max-snippet:-1, max-image-preview:large, max-video-preview:-1\" \/>\n<link rel=\"canonical\" href=\"https:\/\/orvikpower.com\/pt\/product\/as560-electric-walk-behind-floor-scrubber-industrial-cleaning-oem-orvik\" \/>\n<meta property=\"og:locale\" content=\"pt_PT\" \/>\n<meta property=\"og:type\" content=\"article\" \/>\n<meta property=\"og:title\" content=\"AS560 Electric Walk-Behind Floor Scrubber | Industrial Cleaning OEM - ORVIK | ORVIK|Light Commercial Electric Vehicles\" \/>\n<meta property=\"og:description\" content=\"Maximize cleaning efficiency with the AS560 Walk-Behind Scrubber (2600m\u00b2\/h). Features a durable rotomolded body, 55L\/60L tanks, and waterproof electronics. Ideal for warehouses and hospitals. Inquire for FCL factory price.\" \/>\n<meta property=\"og:url\" content=\"https:\/\/orvikpower.com\/pt\/product\/as560-electric-walk-behind-floor-scrubber-industrial-cleaning-oem-orvik\" \/>\n<meta property=\"og:site_name\" content=\"ORVIK|Light Commercial Electric Vehicles\" \/>\n<meta property=\"og:image\" content=\"https:\/\/orvikpower.com\/wp-content\/uploads\/2026\/01\/AS560-Electric-Walk-Behind-Floor-Scrubber-Industrial-Cleaning-OEM-ORVIK.jpeg\" \/>\n\t<meta property=\"og:image:width\" content=\"2340\" \/>\n\t<meta property=\"og:image:height\" content=\"2197\" \/>\n\t<meta property=\"og:image:type\" content=\"image\/jpeg\" \/>\n<meta name=\"twitter:card\" content=\"summary_large_image\" \/>\n<meta name=\"twitter:label1\" content=\"Est. reading time\" \/>\n\t<meta name=\"twitter:data1\" content=\"1 minuto\" \/>\n<script type=\"application\/ld+json\" class=\"yoast-schema-graph\">{\"@context\":\"https:\/\/schema.org\",\"@graph\":[{\"@type\":\"WebPage\",\"@id\":\"https:\/\/orvikpower.com\/product\/as560-electric-walk-behind-floor-scrubber-industrial-cleaning-oem-orvik\",\"url\":\"https:\/\/orvikpower.com\/product\/as560-electric-walk-behind-floor-scrubber-industrial-cleaning-oem-orvik\",\"name\":\"AS560 Electric Walk-Behind Floor Scrubber | Industrial Cleaning OEM - ORVIK | ORVIK|Light Commercial Electric Vehicles\",\"isPartOf\":{\"@id\":\"https:\/\/orvikpower.com\/#website\"},\"primaryImageOfPage\":{\"@id\":\"https:\/\/orvikpower.com\/product\/as560-electric-walk-behind-floor-scrubber-industrial-cleaning-oem-orvik#primaryimage\"},\"image\":{\"@id\":\"https:\/\/orvikpower.com\/product\/as560-electric-walk-behind-floor-scrubber-industrial-cleaning-oem-orvik#primaryimage\"},\"thumbnailUrl\":\"https:\/\/orvikpower.com\/wp-content\/uploads\/2026\/01\/AS560-Electric-Walk-Behind-Floor-Scrubber-Industrial-Cleaning-OEM-ORVIK.jpeg\",\"datePublished\":\"2026-01-21T10:58:49+00:00\",\"breadcrumb\":{\"@id\":\"https:\/\/orvikpower.com\/product\/as560-electric-walk-behind-floor-scrubber-industrial-cleaning-oem-orvik#breadcrumb\"},\"inLanguage\":\"pt-AO\",\"potentialAction\":[{\"@type\":\"ReadAction\",\"target\":[\"https:\/\/orvikpower.com\/product\/as560-electric-walk-behind-floor-scrubber-industrial-cleaning-oem-orvik\"]}]},{\"@type\":\"ImageObject\",\"inLanguage\":\"pt-AO\",\"@id\":\"https:\/\/orvikpower.com\/product\/as560-electric-walk-behind-floor-scrubber-industrial-cleaning-oem-orvik#primaryimage\",\"url\":\"https:\/\/orvikpower.com\/wp-content\/uploads\/2026\/01\/AS560-Electric-Walk-Behind-Floor-Scrubber-Industrial-Cleaning-OEM-ORVIK.jpeg\",\"contentUrl\":\"https:\/\/orvikpower.com\/wp-content\/uploads\/2026\/01\/AS560-Electric-Walk-Behind-Floor-Scrubber-Industrial-Cleaning-OEM-ORVIK.jpeg\",\"width\":2340,\"height\":2197},{\"@type\":\"BreadcrumbList\",\"@id\":\"https:\/\/orvikpower.com\/product\/as560-electric-walk-behind-floor-scrubber-industrial-cleaning-oem-orvik#breadcrumb\",\"itemListElement\":[{\"@type\":\"ListItem\",\"position\":1,\"name\":\"Home\",\"item\":\"https:\/\/orvikpower.com\/\"},{\"@type\":\"ListItem\",\"position\":2,\"name\":\"SHOP\",\"item\":\"https:\/\/orvikpower.com\/shop\"},{\"@type\":\"ListItem\",\"position\":3,\"name\":\"AS560 Electric Walk-Behind Floor Scrubber | Industrial Cleaning OEM &#8211; ORVIK\"}]},{\"@type\":\"WebSite\",\"@id\":\"https:\/\/orvikpower.com\/#website\",\"url\":\"https:\/\/orvikpower.com\/\",\"name\":\"ORVIK | Light Commercial Electric Vehicles\",\"description\":\"Premier Manufacturer of Off-road Electric Utility Vehicles, Pickups &amp; Mini Trucks. High-Temp &amp; Arctic Ready designs for farms &amp; mines. Save costs with Factory-Direct FCL. Make work flow. Get a Quote.\",\"publisher\":{\"@id\":\"https:\/\/orvikpower.com\/#organization\"},\"potentialAction\":[{\"@type\":\"SearchAction\",\"target\":{\"@type\":\"EntryPoint\",\"urlTemplate\":\"https:\/\/orvikpower.com\/?s={search_term_string}\"},\"query-input\":{\"@type\":\"PropertyValueSpecification\",\"valueRequired\":true,\"valueName\":\"search_term_string\"}}],\"inLanguage\":\"pt-AO\"},{\"@type\":\"Organization\",\"@id\":\"https:\/\/orvikpower.com\/#organization\",\"name\":\"ORVIK | Light Commercial Electric Vehicles\",\"url\":\"https:\/\/orvikpower.com\/\",\"logo\":{\"@type\":\"ImageObject\",\"inLanguage\":\"pt-AO\",\"@id\":\"https:\/\/orvikpower.com\/#\/schema\/logo\/image\/\",\"url\":\"https:\/\/orvikpower.com\/wp-content\/uploads\/2026\/01\/cropped-logo-h-main-small.png\",\"contentUrl\":\"https:\/\/orvikpower.com\/wp-content\/uploads\/2026\/01\/cropped-logo-h-main-small.png\",\"width\":512,\"height\":512,\"caption\":\"ORVIK | Light Commercial Electric Vehicles\"},\"image\":{\"@id\":\"https:\/\/orvikpower.com\/#\/schema\/logo\/image\/\"},\"sameAs\":[\"https:\/\/www.youtube.com\/@ORVIKOrvikPower\",\"https:\/\/www.pinterest.com\/OrvikPower\/\"]}]}<\/script>\n<!-- \/ Yoast SEO plugin. -->","yoast_head_json":{"title":"AS560 Lavadora de pavimentos el\u00e9ctrica de condutor apeado | Limpeza industrial OEM - ORVIK | ORVIK|Ve\u00edculos comerciais ligeiros el\u00e9ctricos","robots":{"index":"index","follow":"follow","max-snippet":"max-snippet:-1","max-image-preview":"max-image-preview:large","max-video-preview":"max-video-preview:-1"},"canonical":"https:\/\/orvikpower.com\/pt\/product\/as560-electric-walk-behind-floor-scrubber-industrial-cleaning-oem-orvik","og_locale":"pt_PT","og_type":"article","og_title":"AS560 Electric Walk-Behind Floor Scrubber | Industrial Cleaning OEM - ORVIK | ORVIK|Light Commercial Electric Vehicles","og_description":"Maximize cleaning efficiency with the AS560 Walk-Behind Scrubber (2600m\u00b2\/h). Features a durable rotomolded body, 55L\/60L tanks, and waterproof electronics. Ideal for warehouses and hospitals. Inquire for FCL factory price.","og_url":"https:\/\/orvikpower.com\/pt\/product\/as560-electric-walk-behind-floor-scrubber-industrial-cleaning-oem-orvik","og_site_name":"ORVIK|Light Commercial Electric Vehicles","og_image":[{"width":2340,"height":2197,"url":"https:\/\/orvikpower.com\/wp-content\/uploads\/2026\/01\/AS560-Electric-Walk-Behind-Floor-Scrubber-Industrial-Cleaning-OEM-ORVIK.jpeg","type":"image\/jpeg"}],"twitter_card":"summary_large_image","twitter_misc":{"Est. reading time":"1 minuto"},"schema":{"@context":"https:\/\/schema.org","@graph":[{"@type":"WebPage","@id":"https:\/\/orvikpower.com\/product\/as560-electric-walk-behind-floor-scrubber-industrial-cleaning-oem-orvik","url":"https:\/\/orvikpower.com\/product\/as560-electric-walk-behind-floor-scrubber-industrial-cleaning-oem-orvik","name":"AS560 Lavadora de pavimentos el\u00e9ctrica de condutor apeado | Limpeza industrial OEM - ORVIK | ORVIK|Ve\u00edculos comerciais ligeiros el\u00e9ctricos","isPartOf":{"@id":"https:\/\/orvikpower.com\/#website"},"primaryImageOfPage":{"@id":"https:\/\/orvikpower.com\/product\/as560-electric-walk-behind-floor-scrubber-industrial-cleaning-oem-orvik#primaryimage"},"image":{"@id":"https:\/\/orvikpower.com\/product\/as560-electric-walk-behind-floor-scrubber-industrial-cleaning-oem-orvik#primaryimage"},"thumbnailUrl":"https:\/\/orvikpower.com\/wp-content\/uploads\/2026\/01\/AS560-Electric-Walk-Behind-Floor-Scrubber-Industrial-Cleaning-OEM-ORVIK.jpeg","datePublished":"2026-01-21T10:58:49+00:00","breadcrumb":{"@id":"https:\/\/orvikpower.com\/product\/as560-electric-walk-behind-floor-scrubber-industrial-cleaning-oem-orvik#breadcrumb"},"inLanguage":"pt-AO","potentialAction":[{"@type":"ReadAction","target":["https:\/\/orvikpower.com\/product\/as560-electric-walk-behind-floor-scrubber-industrial-cleaning-oem-orvik"]}]},{"@type":"ImageObject","inLanguage":"pt-AO","@id":"https:\/\/orvikpower.com\/product\/as560-electric-walk-behind-floor-scrubber-industrial-cleaning-oem-orvik#primaryimage","url":"https:\/\/orvikpower.com\/wp-content\/uploads\/2026\/01\/AS560-Electric-Walk-Behind-Floor-Scrubber-Industrial-Cleaning-OEM-ORVIK.jpeg","contentUrl":"https:\/\/orvikpower.com\/wp-content\/uploads\/2026\/01\/AS560-Electric-Walk-Behind-Floor-Scrubber-Industrial-Cleaning-OEM-ORVIK.jpeg","width":2340,"height":2197},{"@type":"BreadcrumbList","@id":"https:\/\/orvikpower.com\/product\/as560-electric-walk-behind-floor-scrubber-industrial-cleaning-oem-orvik#breadcrumb","itemListElement":[{"@type":"ListItem","position":1,"name":"Home","item":"https:\/\/orvikpower.com\/"},{"@type":"ListItem","position":2,"name":"SHOP","item":"https:\/\/orvikpower.com\/shop"},{"@type":"ListItem","position":3,"name":"AS560 Electric Walk-Behind Floor Scrubber | Industrial Cleaning OEM &#8211; ORVIK"}]},{"@type":"WebSite","@id":"https:\/\/orvikpower.com\/#website","url":"https:\/\/orvikpower.com\/","name":"ORVIK | Ve\u00edculos el\u00e9ctricos comerciais ligeiros","description":"Principal fabricante de ve\u00edculos utilit\u00e1rios el\u00e9ctricos todo-o-terreno, pickups e mini-cami\u00f5es. Desenhos prontos para altas temperaturas e para o \u00c1rtico para quintas e minas. Poupe custos com o FCL direto da f\u00e1brica. Fa\u00e7a o fluxo de trabalho. Obter um or\u00e7amento.","publisher":{"@id":"https:\/\/orvikpower.com\/#organization"},"potentialAction":[{"@type":"SearchAction","target":{"@type":"EntryPoint","urlTemplate":"https:\/\/orvikpower.com\/?s={search_term_string}"},"query-input":{"@type":"PropertyValueSpecification","valueRequired":true,"valueName":"search_term_string"}}],"inLanguage":"pt-AO"},{"@type":"Organization","@id":"https:\/\/orvikpower.com\/#organization","name":"ORVIK | Ve\u00edculos el\u00e9ctricos comerciais ligeiros","url":"https:\/\/orvikpower.com\/","logo":{"@type":"ImageObject","inLanguage":"pt-AO","@id":"https:\/\/orvikpower.com\/#\/schema\/logo\/image\/","url":"https:\/\/orvikpower.com\/wp-content\/uploads\/2026\/01\/cropped-logo-h-main-small.png","contentUrl":"https:\/\/orvikpower.com\/wp-content\/uploads\/2026\/01\/cropped-logo-h-main-small.png","width":512,"height":512,"caption":"ORVIK | Light Commercial Electric Vehicles"},"image":{"@id":"https:\/\/orvikpower.com\/#\/schema\/logo\/image\/"},"sameAs":["https:\/\/www.youtube.com\/@ORVIKOrvikPower","https:\/\/www.pinterest.com\/OrvikPower\/"]}]}},"_links":{"self":[{"href":"https:\/\/orvikpower.com\/pt\/wp-json\/wp\/v2\/product\/19067","targetHints":{"allow":["GET"]}}],"collection":[{"href":"https:\/\/orvikpower.com\/pt\/wp-json\/wp\/v2\/product"}],"about":[{"href":"https:\/\/orvikpower.com\/pt\/wp-json\/wp\/v2\/types\/product"}],"replies":[{"embeddable":true,"href":"https:\/\/orvikpower.com\/pt\/wp-json\/wp\/v2\/comments?post=19067"}],"wp:featuredmedia":[{"embeddable":true,"href":"https:\/\/orvikpower.com\/pt\/wp-json\/wp\/v2\/media\/19074"}],"wp:attachment":[{"href":"https:\/\/orvikpower.com\/pt\/wp-json\/wp\/v2\/media?parent=19067"}],"wp:term":[{"taxonomy":"product_brand","embeddable":true,"href":"https:\/\/orvikpower.com\/pt\/wp-json\/wp\/v2\/product_brand?post=19067"},{"taxonomy":"product_cat","embeddable":true,"href":"https:\/\/orvikpower.com\/pt\/wp-json\/wp\/v2\/product_cat?post=19067"},{"taxonomy":"product_tag","embeddable":true,"href":"https:\/\/orvikpower.com\/pt\/wp-json\/wp\/v2\/product_tag?post=19067"}],"curies":[{"name":"wp","href":"https:\/\/api.w.org\/{rel}","templated":true}]}}