{"id":19075,"date":"2026-01-21T11:06:00","date_gmt":"2026-01-21T11:06:00","guid":{"rendered":"https:\/\/orvikpower.com\/?post_type=product&#038;p=19075"},"modified":"2026-01-21T11:06:00","modified_gmt":"2026-01-21T11:06:00","slug":"as700-ride-on-electric-floor-scrubber-industrial-warehouse-cleaning-factory-direct-orvik","status":"publish","type":"product","link":"https:\/\/orvikpower.com\/pt\/product\/as700-ride-on-electric-floor-scrubber-industrial-warehouse-cleaning-factory-direct-orvik","title":{"rendered":"AS700 Lavadora de piso el\u00e9trica com tra\u00e7\u00e3o | Limpeza de armaz\u00e9m industrial | Direto da f\u00e1brica - ORVIK"},"content":{"rendered":"<p dir=\"auto\">ele <strong>AS700 Lavadora de pavimentos el\u00e9ctrica de condutor apeado<\/strong> \u00e9 a solu\u00e7\u00e3o robusta para a limpeza de interiores em grande escala.<\/p>\n<ul dir=\"auto\">\n<li class=\"text-start\"><strong>Carater\u00edstica<\/strong>: Constru\u00eddo com um corpo rotomoldado dur\u00e1vel e um chassis de a\u00e7o tratado com \u00e1cido e eletroforese.<\/li>\n<li class=\"text-start\"><strong>Vantagem<\/strong>: Esta constru\u00e7\u00e3o \u201ctipo tanque\u201d oferece uma resist\u00eancia superior ao impacto e prote\u00e7\u00e3o contra a corros\u00e3o qu\u00edmica, enquanto o tanque de \u00e1gua limpa de 90L reduz a frequ\u00eancia de reabastecimento.<\/li>\n<li class=\"text-start\"><strong>Benef\u00edcio<\/strong>: A sua equipa pode limpar at\u00e9 <strong>3.000 m\u00b2\/h<\/strong>, reduzindo drasticamente as horas de trabalho e o tempo de inatividade operacional em compara\u00e7\u00e3o com a limpeza manual.<\/li>\n<li class=\"text-start\"><strong>Personaliza\u00e7\u00e3o<\/strong>: Dispon\u00edvel com \u00e1cido-chumbo normal ou atualizado <strong>Baterias LiFePO4<\/strong> para opera\u00e7\u00f5es 24 horas por dia, 7 dias por semana; a pot\u00eancia do motor pode ser ajustada para requisitos espec\u00edficos de inclina\u00e7\u00e3o.<\/li>\n<li>\u00a0<strong>Concebido para facilitar o seu trabalho.<\/strong><\/li>\n<\/ul>\n<p>&nbsp;<\/p>\n<table class=\"table table-striped-white table-bordered\" data-anchor-id=\"zgd0\">\n<thead>\n<tr>\n<th>Especifica\u00e7\u00e3o<\/th>\n<th>Par\u00e2metros<\/th>\n<\/tr>\n<\/thead>\n<tbody>\n<tr>\n<td><strong>Modelo<\/strong><\/td>\n<td>AS700 Escova simples<\/td>\n<\/tr>\n<tr>\n<td><strong>Dimens\u00f5es<\/strong><\/td>\n<td>1500 x 950 x 1150 mm<\/td>\n<\/tr>\n<tr>\n<td><strong>Efici\u00eancia de limpeza<\/strong><\/td>\n<td>3000 m\u00b2\/h<\/td>\n<\/tr>\n<tr>\n<td><strong>Largura de limpeza<\/strong><\/td>\n<td>Esfregar: 560mm (22\u2033) \/ Rodo: 920mm<\/td>\n<\/tr>\n<tr>\n<td><strong>Capacidade do dep\u00f3sito<\/strong><\/td>\n<td>Limpo: 90L \/ Sujo: 80L<\/td>\n<\/tr>\n<tr>\n<td><strong>Pot\u00eancia total do motor<\/strong><\/td>\n<td>Unidade: 500W<\/td>\n<\/tr>\n<tr>\n<td><strong>Tens\u00e3o do sistema<\/strong><\/td>\n<td>24V<\/td>\n<\/tr>\n<tr>\n<td><strong>Especifica\u00e7\u00f5es da bateria<\/strong><\/td>\n<td>100Ah Chumbo-\u00e1cido (padr\u00e3o) \/\u00a0<strong>LiFePO4 Opcional<\/strong><\/td>\n<\/tr>\n<tr>\n<td><strong>Tempo m\u00e1ximo de execu\u00e7\u00e3o<\/strong><\/td>\n<td>2-3 horas (dependendo do tipo de pavimento e da escolha da bateria)<\/td>\n<\/tr>\n<tr>\n<td>**Material do chassis<\/td>\n<td>A\u00e7o tratado por eletroforese<\/td>\n<\/tr>\n<tr>\n<td><strong>Material da carro\u00e7aria<\/strong><\/td>\n<td>Rotomoldagem (resistente a impactos)<\/td>\n<\/tr>\n<tr>\n<td>**Qualidade de carregamento 40HQ**<\/td>\n<td>Aprox. 32 unidades (sujeito a embalagem\/acondicionamento)<\/td>\n<\/tr>\n<\/tbody>\n<\/table>","protected":false},"excerpt":{"rendered":"<p dir=\"auto\">Maximize a higiene das instala\u00e7\u00f5es com a m\u00e1quina de lavar AS700 Ride-On. Possui uma efici\u00eancia de 3000m\u00b2\/h, dep\u00f3sito de 90L e corpo anti-corros\u00e3o rotomoldado. Manuten\u00e7\u00e3o reduzida, ROI elevado. <strong>Informe-se sobre o pre\u00e7o por grosso FCL.<\/strong><\/p>\n<div class=\"my-2\"><\/div>\n<p dir=\"auto\">","protected":false},"featured_media":19076,"comment_status":"open","ping_status":"closed","template":"","meta":{"_eb_attr":""},"product_brand":[],"product_cat":[75,74],"product_tag":[92,118,117,120,122],"class_list":{"0":"post-19075","1":"product","2":"type-product","3":"status-publish","4":"has-post-thumbnail","6":"product_cat-electric-street-sweepers","7":"product_cat-specialized-service-vehicles","8":"product_tag-factory-floor","9":"product_tag-hospital","10":"product_tag-industrial-warehouse","11":"product_tag-shopping-mall","12":"product_tag-underground-parking","14":"first","15":"instock","16":"shipping-taxable","17":"product-type-simple"},"yoast_head":"<!-- This site is optimized with the Yoast SEO plugin v26.9 - https:\/\/yoast.com\/product\/yoast-seo-wordpress\/ -->\n<title>AS700 Ride-On Electric Floor Scrubber | Industrial Warehouse Cleaning | Factory Direct - ORVIK | ORVIK|Light Commercial Electric Vehicles<\/title>\n<meta name=\"robots\" content=\"index, follow, max-snippet:-1, max-image-preview:large, max-video-preview:-1\" \/>\n<link rel=\"canonical\" href=\"https:\/\/orvikpower.com\/pt\/product\/as700-ride-on-electric-floor-scrubber-industrial-warehouse-cleaning-factory-direct-orvik\" \/>\n<meta property=\"og:locale\" content=\"pt_PT\" \/>\n<meta property=\"og:type\" content=\"article\" \/>\n<meta property=\"og:title\" content=\"AS700 Ride-On Electric Floor Scrubber | Industrial Warehouse Cleaning | Factory Direct - ORVIK | ORVIK|Light Commercial Electric Vehicles\" \/>\n<meta property=\"og:description\" content=\"Maximize facility hygiene with the AS700 Ride-On Scrubber. Features 3000m\u00b2\/h efficiency, 90L tank, and rotomolded anti-corrosion body. Low maintenance, high ROI. Inquire for FCL Wholesale Price.\" \/>\n<meta property=\"og:url\" content=\"https:\/\/orvikpower.com\/pt\/product\/as700-ride-on-electric-floor-scrubber-industrial-warehouse-cleaning-factory-direct-orvik\" \/>\n<meta property=\"og:site_name\" content=\"ORVIK|Light Commercial Electric Vehicles\" \/>\n<meta property=\"og:image\" content=\"https:\/\/orvikpower.com\/wp-content\/uploads\/2026\/01\/AS700-Ride-On-Electric-Floor-Scrubber-Industrial-Warehouse-Cleaning-Factory-Direct-ORVIK.jpeg\" \/>\n\t<meta property=\"og:image:width\" content=\"1338\" \/>\n\t<meta property=\"og:image:height\" content=\"1279\" \/>\n\t<meta property=\"og:image:type\" content=\"image\/jpeg\" \/>\n<meta name=\"twitter:card\" content=\"summary_large_image\" \/>\n<meta name=\"twitter:label1\" content=\"Est. reading time\" \/>\n\t<meta name=\"twitter:data1\" content=\"1 minuto\" \/>\n<script type=\"application\/ld+json\" class=\"yoast-schema-graph\">{\"@context\":\"https:\/\/schema.org\",\"@graph\":[{\"@type\":\"WebPage\",\"@id\":\"https:\/\/orvikpower.com\/product\/as700-ride-on-electric-floor-scrubber-industrial-warehouse-cleaning-factory-direct-orvik\",\"url\":\"https:\/\/orvikpower.com\/product\/as700-ride-on-electric-floor-scrubber-industrial-warehouse-cleaning-factory-direct-orvik\",\"name\":\"AS700 Ride-On Electric Floor Scrubber | Industrial Warehouse Cleaning | Factory Direct - ORVIK | ORVIK|Light Commercial Electric Vehicles\",\"isPartOf\":{\"@id\":\"https:\/\/orvikpower.com\/#website\"},\"primaryImageOfPage\":{\"@id\":\"https:\/\/orvikpower.com\/product\/as700-ride-on-electric-floor-scrubber-industrial-warehouse-cleaning-factory-direct-orvik#primaryimage\"},\"image\":{\"@id\":\"https:\/\/orvikpower.com\/product\/as700-ride-on-electric-floor-scrubber-industrial-warehouse-cleaning-factory-direct-orvik#primaryimage\"},\"thumbnailUrl\":\"https:\/\/orvikpower.com\/wp-content\/uploads\/2026\/01\/AS700-Ride-On-Electric-Floor-Scrubber-Industrial-Warehouse-Cleaning-Factory-Direct-ORVIK.jpeg\",\"datePublished\":\"2026-01-21T11:06:00+00:00\",\"breadcrumb\":{\"@id\":\"https:\/\/orvikpower.com\/product\/as700-ride-on-electric-floor-scrubber-industrial-warehouse-cleaning-factory-direct-orvik#breadcrumb\"},\"inLanguage\":\"pt-AO\",\"potentialAction\":[{\"@type\":\"ReadAction\",\"target\":[\"https:\/\/orvikpower.com\/product\/as700-ride-on-electric-floor-scrubber-industrial-warehouse-cleaning-factory-direct-orvik\"]}]},{\"@type\":\"ImageObject\",\"inLanguage\":\"pt-AO\",\"@id\":\"https:\/\/orvikpower.com\/product\/as700-ride-on-electric-floor-scrubber-industrial-warehouse-cleaning-factory-direct-orvik#primaryimage\",\"url\":\"https:\/\/orvikpower.com\/wp-content\/uploads\/2026\/01\/AS700-Ride-On-Electric-Floor-Scrubber-Industrial-Warehouse-Cleaning-Factory-Direct-ORVIK.jpeg\",\"contentUrl\":\"https:\/\/orvikpower.com\/wp-content\/uploads\/2026\/01\/AS700-Ride-On-Electric-Floor-Scrubber-Industrial-Warehouse-Cleaning-Factory-Direct-ORVIK.jpeg\",\"width\":1338,\"height\":1279,\"caption\":\"Maximize facility hygiene with the AS700 Ride-On Scrubber. Features 3000m\u00b2\/h efficiency, 90L tank, and rotomolded anti-corrosion body. Low maintenance, high ROI. Inquire for FCL Wholesale Price.\"},{\"@type\":\"BreadcrumbList\",\"@id\":\"https:\/\/orvikpower.com\/product\/as700-ride-on-electric-floor-scrubber-industrial-warehouse-cleaning-factory-direct-orvik#breadcrumb\",\"itemListElement\":[{\"@type\":\"ListItem\",\"position\":1,\"name\":\"Home\",\"item\":\"https:\/\/orvikpower.com\/\"},{\"@type\":\"ListItem\",\"position\":2,\"name\":\"SHOP\",\"item\":\"https:\/\/orvikpower.com\/shop\"},{\"@type\":\"ListItem\",\"position\":3,\"name\":\"AS700 Ride-On Electric Floor Scrubber | Industrial Warehouse Cleaning | Factory Direct &#8211; ORVIK\"}]},{\"@type\":\"WebSite\",\"@id\":\"https:\/\/orvikpower.com\/#website\",\"url\":\"https:\/\/orvikpower.com\/\",\"name\":\"ORVIK | Light Commercial Electric Vehicles\",\"description\":\"Premier Manufacturer of Off-road Electric Utility Vehicles, Pickups &amp; Mini Trucks. High-Temp &amp; Arctic Ready designs for farms &amp; mines. Save costs with Factory-Direct FCL. Make work flow. Get a Quote.\",\"publisher\":{\"@id\":\"https:\/\/orvikpower.com\/#organization\"},\"potentialAction\":[{\"@type\":\"SearchAction\",\"target\":{\"@type\":\"EntryPoint\",\"urlTemplate\":\"https:\/\/orvikpower.com\/?s={search_term_string}\"},\"query-input\":{\"@type\":\"PropertyValueSpecification\",\"valueRequired\":true,\"valueName\":\"search_term_string\"}}],\"inLanguage\":\"pt-AO\"},{\"@type\":\"Organization\",\"@id\":\"https:\/\/orvikpower.com\/#organization\",\"name\":\"ORVIK | Light Commercial Electric Vehicles\",\"url\":\"https:\/\/orvikpower.com\/\",\"logo\":{\"@type\":\"ImageObject\",\"inLanguage\":\"pt-AO\",\"@id\":\"https:\/\/orvikpower.com\/#\/schema\/logo\/image\/\",\"url\":\"https:\/\/orvikpower.com\/wp-content\/uploads\/2026\/01\/cropped-logo-h-main-small.png\",\"contentUrl\":\"https:\/\/orvikpower.com\/wp-content\/uploads\/2026\/01\/cropped-logo-h-main-small.png\",\"width\":512,\"height\":512,\"caption\":\"ORVIK | Light Commercial Electric Vehicles\"},\"image\":{\"@id\":\"https:\/\/orvikpower.com\/#\/schema\/logo\/image\/\"},\"sameAs\":[\"https:\/\/www.youtube.com\/@ORVIKOrvikPower\",\"https:\/\/www.pinterest.com\/OrvikPower\/\"]}]}<\/script>\n<!-- \/ Yoast SEO plugin. -->","yoast_head_json":{"title":"AS700 Lavadora de piso el\u00e9trica com tra\u00e7\u00e3o | Limpeza de armaz\u00e9m industrial | Direto da f\u00e1brica - ORVIK | ORVIK|Ve\u00edculos el\u00e9tricos comerciais leves","robots":{"index":"index","follow":"follow","max-snippet":"max-snippet:-1","max-image-preview":"max-image-preview:large","max-video-preview":"max-video-preview:-1"},"canonical":"https:\/\/orvikpower.com\/pt\/product\/as700-ride-on-electric-floor-scrubber-industrial-warehouse-cleaning-factory-direct-orvik","og_locale":"pt_PT","og_type":"article","og_title":"AS700 Ride-On Electric Floor Scrubber | Industrial Warehouse Cleaning | Factory Direct - ORVIK | ORVIK|Light Commercial Electric Vehicles","og_description":"Maximize facility hygiene with the AS700 Ride-On Scrubber. Features 3000m\u00b2\/h efficiency, 90L tank, and rotomolded anti-corrosion body. Low maintenance, high ROI. Inquire for FCL Wholesale Price.","og_url":"https:\/\/orvikpower.com\/pt\/product\/as700-ride-on-electric-floor-scrubber-industrial-warehouse-cleaning-factory-direct-orvik","og_site_name":"ORVIK|Light Commercial Electric Vehicles","og_image":[{"width":1338,"height":1279,"url":"https:\/\/orvikpower.com\/wp-content\/uploads\/2026\/01\/AS700-Ride-On-Electric-Floor-Scrubber-Industrial-Warehouse-Cleaning-Factory-Direct-ORVIK.jpeg","type":"image\/jpeg"}],"twitter_card":"summary_large_image","twitter_misc":{"Est. reading time":"1 minuto"},"schema":{"@context":"https:\/\/schema.org","@graph":[{"@type":"WebPage","@id":"https:\/\/orvikpower.com\/product\/as700-ride-on-electric-floor-scrubber-industrial-warehouse-cleaning-factory-direct-orvik","url":"https:\/\/orvikpower.com\/product\/as700-ride-on-electric-floor-scrubber-industrial-warehouse-cleaning-factory-direct-orvik","name":"AS700 Lavadora de piso el\u00e9trica com tra\u00e7\u00e3o | Limpeza de armaz\u00e9m industrial | Direto da f\u00e1brica - ORVIK | ORVIK|Ve\u00edculos el\u00e9tricos comerciais leves","isPartOf":{"@id":"https:\/\/orvikpower.com\/#website"},"primaryImageOfPage":{"@id":"https:\/\/orvikpower.com\/product\/as700-ride-on-electric-floor-scrubber-industrial-warehouse-cleaning-factory-direct-orvik#primaryimage"},"image":{"@id":"https:\/\/orvikpower.com\/product\/as700-ride-on-electric-floor-scrubber-industrial-warehouse-cleaning-factory-direct-orvik#primaryimage"},"thumbnailUrl":"https:\/\/orvikpower.com\/wp-content\/uploads\/2026\/01\/AS700-Ride-On-Electric-Floor-Scrubber-Industrial-Warehouse-Cleaning-Factory-Direct-ORVIK.jpeg","datePublished":"2026-01-21T11:06:00+00:00","breadcrumb":{"@id":"https:\/\/orvikpower.com\/product\/as700-ride-on-electric-floor-scrubber-industrial-warehouse-cleaning-factory-direct-orvik#breadcrumb"},"inLanguage":"pt-AO","potentialAction":[{"@type":"ReadAction","target":["https:\/\/orvikpower.com\/product\/as700-ride-on-electric-floor-scrubber-industrial-warehouse-cleaning-factory-direct-orvik"]}]},{"@type":"ImageObject","inLanguage":"pt-AO","@id":"https:\/\/orvikpower.com\/product\/as700-ride-on-electric-floor-scrubber-industrial-warehouse-cleaning-factory-direct-orvik#primaryimage","url":"https:\/\/orvikpower.com\/wp-content\/uploads\/2026\/01\/AS700-Ride-On-Electric-Floor-Scrubber-Industrial-Warehouse-Cleaning-Factory-Direct-ORVIK.jpeg","contentUrl":"https:\/\/orvikpower.com\/wp-content\/uploads\/2026\/01\/AS700-Ride-On-Electric-Floor-Scrubber-Industrial-Warehouse-Cleaning-Factory-Direct-ORVIK.jpeg","width":1338,"height":1279,"caption":"Maximize facility hygiene with the AS700 Ride-On Scrubber. Features 3000m\u00b2\/h efficiency, 90L tank, and rotomolded anti-corrosion body. Low maintenance, high ROI. Inquire for FCL Wholesale Price."},{"@type":"BreadcrumbList","@id":"https:\/\/orvikpower.com\/product\/as700-ride-on-electric-floor-scrubber-industrial-warehouse-cleaning-factory-direct-orvik#breadcrumb","itemListElement":[{"@type":"ListItem","position":1,"name":"Home","item":"https:\/\/orvikpower.com\/"},{"@type":"ListItem","position":2,"name":"SHOP","item":"https:\/\/orvikpower.com\/shop"},{"@type":"ListItem","position":3,"name":"AS700 Ride-On Electric Floor Scrubber | Industrial Warehouse Cleaning | Factory Direct &#8211; ORVIK"}]},{"@type":"WebSite","@id":"https:\/\/orvikpower.com\/#website","url":"https:\/\/orvikpower.com\/","name":"ORVIK | Ve\u00edculos el\u00e9ctricos comerciais ligeiros","description":"Principal fabricante de ve\u00edculos utilit\u00e1rios el\u00e9ctricos todo-o-terreno, pickups e mini-cami\u00f5es. Desenhos prontos para altas temperaturas e para o \u00c1rtico para quintas e minas. Poupe custos com o FCL direto da f\u00e1brica. Fa\u00e7a o fluxo de trabalho. Obter um or\u00e7amento.","publisher":{"@id":"https:\/\/orvikpower.com\/#organization"},"potentialAction":[{"@type":"SearchAction","target":{"@type":"EntryPoint","urlTemplate":"https:\/\/orvikpower.com\/?s={search_term_string}"},"query-input":{"@type":"PropertyValueSpecification","valueRequired":true,"valueName":"search_term_string"}}],"inLanguage":"pt-AO"},{"@type":"Organization","@id":"https:\/\/orvikpower.com\/#organization","name":"ORVIK | Ve\u00edculos el\u00e9ctricos comerciais ligeiros","url":"https:\/\/orvikpower.com\/","logo":{"@type":"ImageObject","inLanguage":"pt-AO","@id":"https:\/\/orvikpower.com\/#\/schema\/logo\/image\/","url":"https:\/\/orvikpower.com\/wp-content\/uploads\/2026\/01\/cropped-logo-h-main-small.png","contentUrl":"https:\/\/orvikpower.com\/wp-content\/uploads\/2026\/01\/cropped-logo-h-main-small.png","width":512,"height":512,"caption":"ORVIK | Light Commercial Electric Vehicles"},"image":{"@id":"https:\/\/orvikpower.com\/#\/schema\/logo\/image\/"},"sameAs":["https:\/\/www.youtube.com\/@ORVIKOrvikPower","https:\/\/www.pinterest.com\/OrvikPower\/"]}]}},"_links":{"self":[{"href":"https:\/\/orvikpower.com\/pt\/wp-json\/wp\/v2\/product\/19075","targetHints":{"allow":["GET"]}}],"collection":[{"href":"https:\/\/orvikpower.com\/pt\/wp-json\/wp\/v2\/product"}],"about":[{"href":"https:\/\/orvikpower.com\/pt\/wp-json\/wp\/v2\/types\/product"}],"replies":[{"embeddable":true,"href":"https:\/\/orvikpower.com\/pt\/wp-json\/wp\/v2\/comments?post=19075"}],"wp:featuredmedia":[{"embeddable":true,"href":"https:\/\/orvikpower.com\/pt\/wp-json\/wp\/v2\/media\/19076"}],"wp:attachment":[{"href":"https:\/\/orvikpower.com\/pt\/wp-json\/wp\/v2\/media?parent=19075"}],"wp:term":[{"taxonomy":"product_brand","embeddable":true,"href":"https:\/\/orvikpower.com\/pt\/wp-json\/wp\/v2\/product_brand?post=19075"},{"taxonomy":"product_cat","embeddable":true,"href":"https:\/\/orvikpower.com\/pt\/wp-json\/wp\/v2\/product_cat?post=19075"},{"taxonomy":"product_tag","embeddable":true,"href":"https:\/\/orvikpower.com\/pt\/wp-json\/wp\/v2\/product_tag?post=19075"}],"curies":[{"name":"wp","href":"https:\/\/api.w.org\/{rel}","templated":true}]}}