{"id":19077,"date":"2026-01-21T13:43:30","date_gmt":"2026-01-21T13:43:30","guid":{"rendered":"https:\/\/orvikpower.com\/?post_type=product&#038;p=19077"},"modified":"2026-01-21T13:44:07","modified_gmt":"2026-01-21T13:44:07","slug":"as700-plus-electric-ride-on-floor-scrubber-industrial-cleaning-wholesale-orvik","status":"publish","type":"product","link":"https:\/\/orvikpower.com\/pt\/product\/as700-plus-electric-ride-on-floor-scrubber-industrial-cleaning-wholesale-orvik","title":{"rendered":"AS700 PLUS Lavadora de pavimentos el\u00e9ctrica de condutor apeado | Limpeza industrial por atacado - ORVIK"},"content":{"rendered":"<p dir=\"auto\">O <strong>AS700 PLUS<\/strong> foi concebida para substituir a limpeza manual intensiva em termos de m\u00e3o de obra por uma efici\u00eancia de n\u00edvel industrial. Com um <strong>Capacidade de limpeza de 3600 m\u00b2\/h<\/strong> e um sistema de escova dupla (Carater\u00edstica), esta lavadora de condutor apeado reduz drasticamente o tempo necess\u00e1rio para manter grandes \u00e1reas de pavimento, como armaz\u00e9ns, hospitais e pavimentos de f\u00e1bricas (Vantagem).<\/p>\n<div class=\"my-2\"><\/div>\n<p dir=\"auto\">Constru\u00eddo com um <strong>carro\u00e7aria rotomoldada e chassis em a\u00e7o tratado por eletroforese<\/strong>, O AS700 resiste ao impacto e \u00e0 corros\u00e3o, assegurando uma longa vida \u00fatil, mesmo em ambientes agressivos. O design da escova magn\u00e9tica permite a substitui\u00e7\u00e3o sem ferramentas, minimizando o tempo de inatividade para manuten\u00e7\u00e3o (Benef\u00edcio). Quer se trate de controlo de poeiras ou de lavagem profunda, o AS700 foi concebido para facilitar o seu fluxo de trabalho.<\/p>\n<div class=\"my-2\"><\/div>\n<ul dir=\"auto\">\n<li class=\"text-start\"><strong>Personaliza\u00e7\u00e3o de pot\u00eancia:<\/strong> A pot\u00eancia e o bin\u00e1rio do motor podem ser personalizados para requisitos espec\u00edficos de inclina\u00e7\u00e3o.<\/li>\n<li class=\"text-start\"><strong>Op\u00e7\u00f5es de bateria:<\/strong> Equipado de s\u00e9rie com chumbo-\u00e1cido de 24V; atualiz\u00e1vel para LiFePO4 para turnos mais longos e carregamento r\u00e1pido.<\/li>\n<\/ul>\n<table class=\"table table-striped-white table-bordered\" data-anchor-id=\"zgd0\">\n<thead>\n<tr>\n<th>Carater\u00edstica<\/th>\n<th>Especifica\u00e7\u00e3o<\/th>\n<\/tr>\n<\/thead>\n<tbody>\n<tr>\n<td><strong>Modelo<\/strong><\/td>\n<td>AS700 PLUS (Escova dupla)<\/td>\n<\/tr>\n<tr>\n<td><strong>Dimens\u00f5es (C*L*A)<\/strong><\/td>\n<td>1500 \u00d7 950 \u00d7 1150 mm<\/td>\n<\/tr>\n<tr>\n<td><strong>Efici\u00eancia de limpeza<\/strong><\/td>\n<td>3600 m\u00b2\/h<\/td>\n<\/tr>\n<tr>\n<td><strong>Largura de limpeza<\/strong><\/td>\n<td>Esfregar: 660 mm<\/td>\n<\/tr>\n<tr>\n<td><strong>Capacidade do dep\u00f3sito<\/strong><\/td>\n<td>\u00c1gua limpa: 90L<\/td>\n<\/tr>\n<tr>\n<td><strong>Tens\u00e3o do sistema<\/strong><\/td>\n<td>24V<\/td>\n<\/tr>\n<tr>\n<td><strong>Capacidade da bateria<\/strong><\/td>\n<td>100Ah (chumbo-\u00e1cido padr\u00e3o \/ LiFePO4 opcional)<\/td>\n<\/tr>\n<tr>\n<td><strong>Pot\u00eancia do motor<\/strong><\/td>\n<td>Unidade: 500W<\/td>\n<\/tr>\n<tr>\n<td><strong>Tempo de funcionamento<\/strong><\/td>\n<td>2-3 horas (pacote padr\u00e3o)<\/td>\n<\/tr>\n<tr>\n<td><strong>Chassis e carro\u00e7aria<\/strong><\/td>\n<td>Eletroforese Chassis de a\u00e7o + corpo rotomoldado<\/td>\n<\/tr>\n<tr>\n<td><strong>Tipo de pneu<\/strong><\/td>\n<td>Borracha + PU (n\u00e3o deixa marcas)<\/td>\n<\/tr>\n<tr>\n<td><strong>Quantidade de carga (40HQ)<\/strong><\/td>\n<td><em>Contacto para plano de carga calculado<\/em><\/td>\n<\/tr>\n<\/tbody>\n<\/table>","protected":false},"excerpt":{"rendered":"<p>Maximize a efici\u00eancia da higiene com a m\u00e1quina de lavar AS700 Ride-on. Apresenta uma taxa de limpeza de 3600m\u00b2\/h, dep\u00f3sito de 90L e corpo rotomoldado robusto. Fornecimento direto da f\u00e1brica FCL. <strong>Informe-se sobre o pre\u00e7o FCL.<\/strong><\/p>","protected":false},"featured_media":19078,"comment_status":"open","ping_status":"closed","template":"","meta":{"_eb_attr":""},"product_brand":[],"product_cat":[75,74],"product_tag":[92,118,124,91,120,123],"class_list":{"0":"post-19077","1":"product","2":"type-product","3":"status-publish","4":"has-post-thumbnail","6":"product_cat-electric-street-sweepers","7":"product_cat-specialized-service-vehicles","8":"product_tag-factory-floor","9":"product_tag-hospital","10":"product_tag-hotel-resort","11":"product_tag-industrial-park","12":"product_tag-shopping-mall","13":"product_tag-warehouse","15":"first","16":"instock","17":"shipping-taxable","18":"product-type-simple"},"yoast_head":"<!-- This site is optimized with the Yoast SEO plugin v26.9 - https:\/\/yoast.com\/product\/yoast-seo-wordpress\/ -->\n<title>AS700 PLUS Electric Ride-on Floor Scrubber | Industrial Cleaning Wholesale - ORVIK | ORVIK|Light Commercial Electric Vehicles<\/title>\n<meta name=\"robots\" content=\"index, follow, max-snippet:-1, max-image-preview:large, max-video-preview:-1\" \/>\n<link rel=\"canonical\" href=\"https:\/\/orvikpower.com\/pt\/product\/as700-plus-electric-ride-on-floor-scrubber-industrial-cleaning-wholesale-orvik\" \/>\n<meta property=\"og:locale\" content=\"pt_PT\" \/>\n<meta property=\"og:type\" content=\"article\" \/>\n<meta property=\"og:title\" content=\"AS700 PLUS Electric Ride-on Floor Scrubber | Industrial Cleaning Wholesale - ORVIK | ORVIK|Light Commercial Electric Vehicles\" \/>\n<meta property=\"og:description\" content=\"Maximize hygiene efficiency with the AS700 Ride-on Scrubber. Features 3600m\u00b2\/h cleaning rate, 90L tank, and robust rotomolded body. Factory direct FCL supply. Inquire for FCL Price.\" \/>\n<meta property=\"og:url\" content=\"https:\/\/orvikpower.com\/pt\/product\/as700-plus-electric-ride-on-floor-scrubber-industrial-cleaning-wholesale-orvik\" \/>\n<meta property=\"og:site_name\" content=\"ORVIK|Light Commercial Electric Vehicles\" \/>\n<meta property=\"article:modified_time\" content=\"2026-01-21T13:44:07+00:00\" \/>\n<meta property=\"og:image\" content=\"https:\/\/orvikpower.com\/wp-content\/uploads\/2026\/01\/AS700-PLUS-Electric-Ride-on-Floor-Scrubber-Industrial-Cleaning-Wholesale-ORVIK.jpeg\" \/>\n\t<meta property=\"og:image:width\" content=\"1385\" \/>\n\t<meta property=\"og:image:height\" content=\"1280\" \/>\n\t<meta property=\"og:image:type\" content=\"image\/jpeg\" \/>\n<meta name=\"twitter:card\" content=\"summary_large_image\" \/>\n<meta name=\"twitter:label1\" content=\"Est. reading time\" \/>\n\t<meta name=\"twitter:data1\" content=\"1 minuto\" \/>\n<script type=\"application\/ld+json\" class=\"yoast-schema-graph\">{\"@context\":\"https:\/\/schema.org\",\"@graph\":[{\"@type\":\"WebPage\",\"@id\":\"https:\/\/orvikpower.com\/product\/as700-plus-electric-ride-on-floor-scrubber-industrial-cleaning-wholesale-orvik\",\"url\":\"https:\/\/orvikpower.com\/product\/as700-plus-electric-ride-on-floor-scrubber-industrial-cleaning-wholesale-orvik\",\"name\":\"AS700 PLUS Electric Ride-on Floor Scrubber | Industrial Cleaning Wholesale - ORVIK | ORVIK|Light Commercial Electric Vehicles\",\"isPartOf\":{\"@id\":\"https:\/\/orvikpower.com\/#website\"},\"primaryImageOfPage\":{\"@id\":\"https:\/\/orvikpower.com\/product\/as700-plus-electric-ride-on-floor-scrubber-industrial-cleaning-wholesale-orvik#primaryimage\"},\"image\":{\"@id\":\"https:\/\/orvikpower.com\/product\/as700-plus-electric-ride-on-floor-scrubber-industrial-cleaning-wholesale-orvik#primaryimage\"},\"thumbnailUrl\":\"https:\/\/orvikpower.com\/wp-content\/uploads\/2026\/01\/AS700-PLUS-Electric-Ride-on-Floor-Scrubber-Industrial-Cleaning-Wholesale-ORVIK.jpeg\",\"datePublished\":\"2026-01-21T13:43:30+00:00\",\"dateModified\":\"2026-01-21T13:44:07+00:00\",\"breadcrumb\":{\"@id\":\"https:\/\/orvikpower.com\/product\/as700-plus-electric-ride-on-floor-scrubber-industrial-cleaning-wholesale-orvik#breadcrumb\"},\"inLanguage\":\"pt-AO\",\"potentialAction\":[{\"@type\":\"ReadAction\",\"target\":[\"https:\/\/orvikpower.com\/product\/as700-plus-electric-ride-on-floor-scrubber-industrial-cleaning-wholesale-orvik\"]}]},{\"@type\":\"ImageObject\",\"inLanguage\":\"pt-AO\",\"@id\":\"https:\/\/orvikpower.com\/product\/as700-plus-electric-ride-on-floor-scrubber-industrial-cleaning-wholesale-orvik#primaryimage\",\"url\":\"https:\/\/orvikpower.com\/wp-content\/uploads\/2026\/01\/AS700-PLUS-Electric-Ride-on-Floor-Scrubber-Industrial-Cleaning-Wholesale-ORVIK.jpeg\",\"contentUrl\":\"https:\/\/orvikpower.com\/wp-content\/uploads\/2026\/01\/AS700-PLUS-Electric-Ride-on-Floor-Scrubber-Industrial-Cleaning-Wholesale-ORVIK.jpeg\",\"width\":1385,\"height\":1280},{\"@type\":\"BreadcrumbList\",\"@id\":\"https:\/\/orvikpower.com\/product\/as700-plus-electric-ride-on-floor-scrubber-industrial-cleaning-wholesale-orvik#breadcrumb\",\"itemListElement\":[{\"@type\":\"ListItem\",\"position\":1,\"name\":\"Home\",\"item\":\"https:\/\/orvikpower.com\/\"},{\"@type\":\"ListItem\",\"position\":2,\"name\":\"SHOP\",\"item\":\"https:\/\/orvikpower.com\/shop\"},{\"@type\":\"ListItem\",\"position\":3,\"name\":\"AS700 PLUS Electric Ride-on Floor Scrubber | Industrial Cleaning Wholesale &#8211; ORVIK\"}]},{\"@type\":\"WebSite\",\"@id\":\"https:\/\/orvikpower.com\/#website\",\"url\":\"https:\/\/orvikpower.com\/\",\"name\":\"ORVIK | Light Commercial Electric Vehicles\",\"description\":\"Premier Manufacturer of Off-road Electric Utility Vehicles, Pickups &amp; Mini Trucks. High-Temp &amp; Arctic Ready designs for farms &amp; mines. Save costs with Factory-Direct FCL. Make work flow. Get a Quote.\",\"publisher\":{\"@id\":\"https:\/\/orvikpower.com\/#organization\"},\"potentialAction\":[{\"@type\":\"SearchAction\",\"target\":{\"@type\":\"EntryPoint\",\"urlTemplate\":\"https:\/\/orvikpower.com\/?s={search_term_string}\"},\"query-input\":{\"@type\":\"PropertyValueSpecification\",\"valueRequired\":true,\"valueName\":\"search_term_string\"}}],\"inLanguage\":\"pt-AO\"},{\"@type\":\"Organization\",\"@id\":\"https:\/\/orvikpower.com\/#organization\",\"name\":\"ORVIK | Light Commercial Electric Vehicles\",\"url\":\"https:\/\/orvikpower.com\/\",\"logo\":{\"@type\":\"ImageObject\",\"inLanguage\":\"pt-AO\",\"@id\":\"https:\/\/orvikpower.com\/#\/schema\/logo\/image\/\",\"url\":\"https:\/\/orvikpower.com\/wp-content\/uploads\/2026\/01\/cropped-logo-h-main-small.png\",\"contentUrl\":\"https:\/\/orvikpower.com\/wp-content\/uploads\/2026\/01\/cropped-logo-h-main-small.png\",\"width\":512,\"height\":512,\"caption\":\"ORVIK | Light Commercial Electric Vehicles\"},\"image\":{\"@id\":\"https:\/\/orvikpower.com\/#\/schema\/logo\/image\/\"},\"sameAs\":[\"https:\/\/www.youtube.com\/@ORVIKOrvikPower\",\"https:\/\/www.pinterest.com\/OrvikPower\/\"]}]}<\/script>\n<!-- \/ Yoast SEO plugin. -->","yoast_head_json":{"title":"AS700 PLUS Lavadora de pavimentos el\u00e9ctrica de condutor apeado | Limpeza industrial - ORVIK | ORVIK|Ve\u00edculos comerciais ligeiros el\u00e9ctricos","robots":{"index":"index","follow":"follow","max-snippet":"max-snippet:-1","max-image-preview":"max-image-preview:large","max-video-preview":"max-video-preview:-1"},"canonical":"https:\/\/orvikpower.com\/pt\/product\/as700-plus-electric-ride-on-floor-scrubber-industrial-cleaning-wholesale-orvik","og_locale":"pt_PT","og_type":"article","og_title":"AS700 PLUS Electric Ride-on Floor Scrubber | Industrial Cleaning Wholesale - ORVIK | ORVIK|Light Commercial Electric Vehicles","og_description":"Maximize hygiene efficiency with the AS700 Ride-on Scrubber. Features 3600m\u00b2\/h cleaning rate, 90L tank, and robust rotomolded body. Factory direct FCL supply. Inquire for FCL Price.","og_url":"https:\/\/orvikpower.com\/pt\/product\/as700-plus-electric-ride-on-floor-scrubber-industrial-cleaning-wholesale-orvik","og_site_name":"ORVIK|Light Commercial Electric Vehicles","article_modified_time":"2026-01-21T13:44:07+00:00","og_image":[{"width":1385,"height":1280,"url":"https:\/\/orvikpower.com\/wp-content\/uploads\/2026\/01\/AS700-PLUS-Electric-Ride-on-Floor-Scrubber-Industrial-Cleaning-Wholesale-ORVIK.jpeg","type":"image\/jpeg"}],"twitter_card":"summary_large_image","twitter_misc":{"Est. reading time":"1 minuto"},"schema":{"@context":"https:\/\/schema.org","@graph":[{"@type":"WebPage","@id":"https:\/\/orvikpower.com\/product\/as700-plus-electric-ride-on-floor-scrubber-industrial-cleaning-wholesale-orvik","url":"https:\/\/orvikpower.com\/product\/as700-plus-electric-ride-on-floor-scrubber-industrial-cleaning-wholesale-orvik","name":"AS700 PLUS Lavadora de pavimentos el\u00e9ctrica de condutor apeado | Limpeza industrial - ORVIK | ORVIK|Ve\u00edculos comerciais ligeiros el\u00e9ctricos","isPartOf":{"@id":"https:\/\/orvikpower.com\/#website"},"primaryImageOfPage":{"@id":"https:\/\/orvikpower.com\/product\/as700-plus-electric-ride-on-floor-scrubber-industrial-cleaning-wholesale-orvik#primaryimage"},"image":{"@id":"https:\/\/orvikpower.com\/product\/as700-plus-electric-ride-on-floor-scrubber-industrial-cleaning-wholesale-orvik#primaryimage"},"thumbnailUrl":"https:\/\/orvikpower.com\/wp-content\/uploads\/2026\/01\/AS700-PLUS-Electric-Ride-on-Floor-Scrubber-Industrial-Cleaning-Wholesale-ORVIK.jpeg","datePublished":"2026-01-21T13:43:30+00:00","dateModified":"2026-01-21T13:44:07+00:00","breadcrumb":{"@id":"https:\/\/orvikpower.com\/product\/as700-plus-electric-ride-on-floor-scrubber-industrial-cleaning-wholesale-orvik#breadcrumb"},"inLanguage":"pt-AO","potentialAction":[{"@type":"ReadAction","target":["https:\/\/orvikpower.com\/product\/as700-plus-electric-ride-on-floor-scrubber-industrial-cleaning-wholesale-orvik"]}]},{"@type":"ImageObject","inLanguage":"pt-AO","@id":"https:\/\/orvikpower.com\/product\/as700-plus-electric-ride-on-floor-scrubber-industrial-cleaning-wholesale-orvik#primaryimage","url":"https:\/\/orvikpower.com\/wp-content\/uploads\/2026\/01\/AS700-PLUS-Electric-Ride-on-Floor-Scrubber-Industrial-Cleaning-Wholesale-ORVIK.jpeg","contentUrl":"https:\/\/orvikpower.com\/wp-content\/uploads\/2026\/01\/AS700-PLUS-Electric-Ride-on-Floor-Scrubber-Industrial-Cleaning-Wholesale-ORVIK.jpeg","width":1385,"height":1280},{"@type":"BreadcrumbList","@id":"https:\/\/orvikpower.com\/product\/as700-plus-electric-ride-on-floor-scrubber-industrial-cleaning-wholesale-orvik#breadcrumb","itemListElement":[{"@type":"ListItem","position":1,"name":"Home","item":"https:\/\/orvikpower.com\/"},{"@type":"ListItem","position":2,"name":"SHOP","item":"https:\/\/orvikpower.com\/shop"},{"@type":"ListItem","position":3,"name":"AS700 PLUS Electric Ride-on Floor Scrubber | Industrial Cleaning Wholesale &#8211; ORVIK"}]},{"@type":"WebSite","@id":"https:\/\/orvikpower.com\/#website","url":"https:\/\/orvikpower.com\/","name":"ORVIK | Ve\u00edculos el\u00e9ctricos comerciais ligeiros","description":"Principal fabricante de ve\u00edculos utilit\u00e1rios el\u00e9ctricos todo-o-terreno, pickups e mini-cami\u00f5es. Desenhos prontos para altas temperaturas e para o \u00c1rtico para quintas e minas. Poupe custos com o FCL direto da f\u00e1brica. Fa\u00e7a o fluxo de trabalho. Obter um or\u00e7amento.","publisher":{"@id":"https:\/\/orvikpower.com\/#organization"},"potentialAction":[{"@type":"SearchAction","target":{"@type":"EntryPoint","urlTemplate":"https:\/\/orvikpower.com\/?s={search_term_string}"},"query-input":{"@type":"PropertyValueSpecification","valueRequired":true,"valueName":"search_term_string"}}],"inLanguage":"pt-AO"},{"@type":"Organization","@id":"https:\/\/orvikpower.com\/#organization","name":"ORVIK | Ve\u00edculos el\u00e9ctricos comerciais ligeiros","url":"https:\/\/orvikpower.com\/","logo":{"@type":"ImageObject","inLanguage":"pt-AO","@id":"https:\/\/orvikpower.com\/#\/schema\/logo\/image\/","url":"https:\/\/orvikpower.com\/wp-content\/uploads\/2026\/01\/cropped-logo-h-main-small.png","contentUrl":"https:\/\/orvikpower.com\/wp-content\/uploads\/2026\/01\/cropped-logo-h-main-small.png","width":512,"height":512,"caption":"ORVIK | Light Commercial Electric Vehicles"},"image":{"@id":"https:\/\/orvikpower.com\/#\/schema\/logo\/image\/"},"sameAs":["https:\/\/www.youtube.com\/@ORVIKOrvikPower","https:\/\/www.pinterest.com\/OrvikPower\/"]}]}},"_links":{"self":[{"href":"https:\/\/orvikpower.com\/pt\/wp-json\/wp\/v2\/product\/19077","targetHints":{"allow":["GET"]}}],"collection":[{"href":"https:\/\/orvikpower.com\/pt\/wp-json\/wp\/v2\/product"}],"about":[{"href":"https:\/\/orvikpower.com\/pt\/wp-json\/wp\/v2\/types\/product"}],"replies":[{"embeddable":true,"href":"https:\/\/orvikpower.com\/pt\/wp-json\/wp\/v2\/comments?post=19077"}],"wp:featuredmedia":[{"embeddable":true,"href":"https:\/\/orvikpower.com\/pt\/wp-json\/wp\/v2\/media\/19078"}],"wp:attachment":[{"href":"https:\/\/orvikpower.com\/pt\/wp-json\/wp\/v2\/media?parent=19077"}],"wp:term":[{"taxonomy":"product_brand","embeddable":true,"href":"https:\/\/orvikpower.com\/pt\/wp-json\/wp\/v2\/product_brand?post=19077"},{"taxonomy":"product_cat","embeddable":true,"href":"https:\/\/orvikpower.com\/pt\/wp-json\/wp\/v2\/product_cat?post=19077"},{"taxonomy":"product_tag","embeddable":true,"href":"https:\/\/orvikpower.com\/pt\/wp-json\/wp\/v2\/product_tag?post=19077"}],"curies":[{"name":"wp","href":"https:\/\/api.w.org\/{rel}","templated":true}]}}