{"id":19079,"date":"2026-01-21T13:48:24","date_gmt":"2026-01-21T13:48:24","guid":{"rendered":"https:\/\/orvikpower.com\/?post_type=product&#038;p=19079"},"modified":"2026-01-21T13:48:24","modified_gmt":"2026-01-21T13:48:24","slug":"as800-electric-ride-on-floor-scrubber-industrial-cleaning-factory-direct-orvik","status":"publish","type":"product","link":"https:\/\/orvikpower.com\/pt\/product\/as800-electric-ride-on-floor-scrubber-industrial-cleaning-factory-direct-orvik","title":{"rendered":"AS800 Lavadora de pisos el\u00e9trica de passeio | Limpeza industrial direto da f\u00e1brica - ORVIK"},"content":{"rendered":"<p dir=\"auto\">Concebida para a manuten\u00e7\u00e3o de instala\u00e7\u00f5es em grande escala, a lavadora de pavimentos com condutor ORVIK AS800 \u00e9 a solu\u00e7\u00e3o ideal para manter imaculados os pavimentos industriais e comerciais.<\/p>\n<div class=\"my-2\"><\/div>\n<p dir=\"auto\">Esta m\u00e1quina possui um robusto <strong>corpo rotomoldado<\/strong> e um <strong>decapagem + chassis tratado por eletroforese<\/strong> (Carater\u00edstica), garantindo uma resist\u00eancia excecional ao impacto e \u00e0 corros\u00e3o, mesmo em ambientes h\u00famidos ou com produtos qu\u00edmicos agressivos (Vantagem). Com uma efici\u00eancia de limpeza de <strong>4600 m\u00b2\/h<\/strong> e maci\u00e7o <strong>Dep\u00f3sitos de 110L\/120L<\/strong>, O AS800 reduz drasticamente a frequ\u00eancia de recarga e substitui a m\u00e3o de obra de uma equipa de limpeza de 10 pessoas (Benef\u00edcio).<\/p>\n<div class=\"my-2\"><\/div>\n<p dir=\"auto\">Oferecemos servi\u00e7os personaliz\u00e1veis <strong>Sistemas de baterias<\/strong> (chumbo-\u00e1cido ou LiFePO4) de acordo com o seu or\u00e7amento e requisitos de ciclo de vida, bem como ajust\u00e1veis <strong>Pot\u00eancia do motor<\/strong> configura\u00e7\u00f5es para tipos de piso espec\u00edficos. Quer se trate de um armaz\u00e9m poeirento ou de um hospital com muito tr\u00e1fego, o AS800 foi constru\u00eddo de acordo com padr\u00f5es fi\u00e1veis.<\/p>\n<div class=\"my-2\"><\/div>\n<p dir=\"auto\"><strong>Concebido para facilitar o seu trabalho.<\/strong><\/p>\n<p dir=\"auto\">\n<table class=\"table table-striped-white table-bordered\" data-anchor-id=\"zgd0\">\n<thead>\n<tr>\n<th>Carater\u00edstica<\/th>\n<th>Especifica\u00e7\u00e3o<\/th>\n<\/tr>\n<\/thead>\n<tbody>\n<tr>\n<td><strong>Modelo<\/strong><\/td>\n<td>Escova dupla AS800<\/td>\n<\/tr>\n<tr>\n<td><strong>Dimens\u00f5es (C*L*A)<\/strong><\/td>\n<td>1600mm * 1080mm * 1300mm\u00a0<em>(Altura corrigida)<\/em><\/td>\n<\/tr>\n<tr>\n<td><strong>Peso do ve\u00edculo<\/strong><\/td>\n<td>310 KG<\/td>\n<\/tr>\n<tr>\n<td><strong>Efici\u00eancia de limpeza<\/strong><\/td>\n<td>4600 m\u00b2\/h<\/td>\n<\/tr>\n<tr>\n<td><strong>Largura de trabalho<\/strong><\/td>\n<td>Esfregar: 760 mm<\/td>\n<\/tr>\n<tr>\n<td><strong>Capacidade do dep\u00f3sito<\/strong><\/td>\n<td>\u00c1gua limpa: 110L<\/td>\n<\/tr>\n<tr>\n<td><strong>Sistema de bateria<\/strong><\/td>\n<td>24V 150Ah (chumbo-\u00e1cido standard \/ LiFePO4 opcional)<\/td>\n<\/tr>\n<tr>\n<td><strong>Pot\u00eancia do motor<\/strong><\/td>\n<td>Unidade: 700W<\/td>\n<\/tr>\n<tr>\n<td><strong>Tempo de funcionamento<\/strong><\/td>\n<td>3 - 4 horas<\/td>\n<\/tr>\n<tr>\n<td><strong>Material do chassis<\/strong><\/td>\n<td>A\u00e7o tratado por eletroforese + corpo rotomoldado<\/td>\n<\/tr>\n<tr>\n<td><strong>Impermeabiliza\u00e7\u00e3o<\/strong><\/td>\n<td>Cablagem e conectores com classifica\u00e7\u00e3o IP<\/td>\n<\/tr>\n<tr>\n<td><strong>Quantidade de carga (40HQ)<\/strong><\/td>\n<td><em>[Contacto para o plano de carregamento].<\/em><\/td>\n<\/tr>\n<\/tbody>\n<\/table>","protected":false},"excerpt":{"rendered":"<p dir=\"auto\">Maximize a higiene com a Lavadora El\u00e9ctrica AS800. Apresenta uma efici\u00eancia de 4600m\u00b2\/h, dep\u00f3sito de 120L e corpo anti-corros\u00e3o rotomoldado. Baixa manuten\u00e7\u00e3o e alto ROI. Pergunte pelo pre\u00e7o FCL.<\/p>\n<div class=\"my-2\"><\/div>\n<p dir=\"auto\">","protected":false},"featured_media":19080,"comment_status":"open","ping_status":"closed","template":"","meta":{"_eb_attr":""},"product_brand":[],"product_cat":[75,74],"product_tag":[126,125,118,91,120,122,123],"class_list":{"0":"post-19079","1":"product","2":"type-product","3":"status-publish","4":"has-post-thumbnail","6":"product_cat-electric-street-sweepers","7":"product_cat-specialized-service-vehicles","8":"product_tag-airport","9":"product_tag-factory","10":"product_tag-hospital","11":"product_tag-industrial-park","12":"product_tag-shopping-mall","13":"product_tag-underground-parking","14":"product_tag-warehouse","16":"first","17":"instock","18":"shipping-taxable","19":"product-type-simple"},"yoast_head":"<!-- This site is optimized with the Yoast SEO plugin v26.9 - https:\/\/yoast.com\/product\/yoast-seo-wordpress\/ -->\n<title>AS800 Electric Ride-on Floor Scrubber | Industrial Cleaning Factory Direct - ORVIK | ORVIK|Light Commercial Electric Vehicles<\/title>\n<meta name=\"robots\" content=\"index, follow, max-snippet:-1, max-image-preview:large, max-video-preview:-1\" \/>\n<link rel=\"canonical\" href=\"https:\/\/orvikpower.com\/pt\/product\/as800-electric-ride-on-floor-scrubber-industrial-cleaning-factory-direct-orvik\" \/>\n<meta property=\"og:locale\" content=\"pt_PT\" \/>\n<meta property=\"og:type\" content=\"article\" \/>\n<meta property=\"og:title\" content=\"AS800 Electric Ride-on Floor Scrubber | Industrial Cleaning Factory Direct - ORVIK | ORVIK|Light Commercial Electric Vehicles\" \/>\n<meta property=\"og:description\" content=\"Maximize hygiene with the AS800 Electric Scrubber. Features 4600m\u00b2\/h efficiency, 120L tank, and rotomolded anti-corrosion body. Low maintenance &amp; high ROI. Inquire for FCL Price.\" \/>\n<meta property=\"og:url\" content=\"https:\/\/orvikpower.com\/pt\/product\/as800-electric-ride-on-floor-scrubber-industrial-cleaning-factory-direct-orvik\" \/>\n<meta property=\"og:site_name\" content=\"ORVIK|Light Commercial Electric Vehicles\" \/>\n<meta property=\"og:image\" content=\"https:\/\/orvikpower.com\/wp-content\/uploads\/2026\/01\/AS800-Electric-Ride-on-Floor-Scrubber-Industrial-Cleaning-Factory-Direct-ORVIK.png\" \/>\n\t<meta property=\"og:image:width\" content=\"1394\" \/>\n\t<meta property=\"og:image:height\" content=\"1279\" \/>\n\t<meta property=\"og:image:type\" content=\"image\/png\" \/>\n<meta name=\"twitter:card\" content=\"summary_large_image\" \/>\n<meta name=\"twitter:label1\" content=\"Est. reading time\" \/>\n\t<meta name=\"twitter:data1\" content=\"1 minuto\" \/>\n<script type=\"application\/ld+json\" class=\"yoast-schema-graph\">{\"@context\":\"https:\/\/schema.org\",\"@graph\":[{\"@type\":\"WebPage\",\"@id\":\"https:\/\/orvikpower.com\/product\/as800-electric-ride-on-floor-scrubber-industrial-cleaning-factory-direct-orvik\",\"url\":\"https:\/\/orvikpower.com\/product\/as800-electric-ride-on-floor-scrubber-industrial-cleaning-factory-direct-orvik\",\"name\":\"AS800 Electric Ride-on Floor Scrubber | Industrial Cleaning Factory Direct - ORVIK | ORVIK|Light Commercial Electric Vehicles\",\"isPartOf\":{\"@id\":\"https:\/\/orvikpower.com\/#website\"},\"primaryImageOfPage\":{\"@id\":\"https:\/\/orvikpower.com\/product\/as800-electric-ride-on-floor-scrubber-industrial-cleaning-factory-direct-orvik#primaryimage\"},\"image\":{\"@id\":\"https:\/\/orvikpower.com\/product\/as800-electric-ride-on-floor-scrubber-industrial-cleaning-factory-direct-orvik#primaryimage\"},\"thumbnailUrl\":\"https:\/\/orvikpower.com\/wp-content\/uploads\/2026\/01\/AS800-Electric-Ride-on-Floor-Scrubber-Industrial-Cleaning-Factory-Direct-ORVIK.png\",\"datePublished\":\"2026-01-21T13:48:24+00:00\",\"breadcrumb\":{\"@id\":\"https:\/\/orvikpower.com\/product\/as800-electric-ride-on-floor-scrubber-industrial-cleaning-factory-direct-orvik#breadcrumb\"},\"inLanguage\":\"pt-AO\",\"potentialAction\":[{\"@type\":\"ReadAction\",\"target\":[\"https:\/\/orvikpower.com\/product\/as800-electric-ride-on-floor-scrubber-industrial-cleaning-factory-direct-orvik\"]}]},{\"@type\":\"ImageObject\",\"inLanguage\":\"pt-AO\",\"@id\":\"https:\/\/orvikpower.com\/product\/as800-electric-ride-on-floor-scrubber-industrial-cleaning-factory-direct-orvik#primaryimage\",\"url\":\"https:\/\/orvikpower.com\/wp-content\/uploads\/2026\/01\/AS800-Electric-Ride-on-Floor-Scrubber-Industrial-Cleaning-Factory-Direct-ORVIK.png\",\"contentUrl\":\"https:\/\/orvikpower.com\/wp-content\/uploads\/2026\/01\/AS800-Electric-Ride-on-Floor-Scrubber-Industrial-Cleaning-Factory-Direct-ORVIK.png\",\"width\":1394,\"height\":1279,\"caption\":\"Maximize hygiene with the AS800 Electric Scrubber. Features 4600m\u00b2\/h efficiency, 120L tank, and rotomolded anti-corrosion body. Low maintenance & high ROI. Inquire for FCL Price.\"},{\"@type\":\"BreadcrumbList\",\"@id\":\"https:\/\/orvikpower.com\/product\/as800-electric-ride-on-floor-scrubber-industrial-cleaning-factory-direct-orvik#breadcrumb\",\"itemListElement\":[{\"@type\":\"ListItem\",\"position\":1,\"name\":\"Home\",\"item\":\"https:\/\/orvikpower.com\/\"},{\"@type\":\"ListItem\",\"position\":2,\"name\":\"SHOP\",\"item\":\"https:\/\/orvikpower.com\/shop\"},{\"@type\":\"ListItem\",\"position\":3,\"name\":\"AS800 Electric Ride-on Floor Scrubber | Industrial Cleaning Factory Direct &#8211; ORVIK\"}]},{\"@type\":\"WebSite\",\"@id\":\"https:\/\/orvikpower.com\/#website\",\"url\":\"https:\/\/orvikpower.com\/\",\"name\":\"ORVIK | Light Commercial Electric Vehicles\",\"description\":\"Premier Manufacturer of Off-road Electric Utility Vehicles, Pickups &amp; Mini Trucks. High-Temp &amp; Arctic Ready designs for farms &amp; mines. Save costs with Factory-Direct FCL. Make work flow. Get a Quote.\",\"publisher\":{\"@id\":\"https:\/\/orvikpower.com\/#organization\"},\"potentialAction\":[{\"@type\":\"SearchAction\",\"target\":{\"@type\":\"EntryPoint\",\"urlTemplate\":\"https:\/\/orvikpower.com\/?s={search_term_string}\"},\"query-input\":{\"@type\":\"PropertyValueSpecification\",\"valueRequired\":true,\"valueName\":\"search_term_string\"}}],\"inLanguage\":\"pt-AO\"},{\"@type\":\"Organization\",\"@id\":\"https:\/\/orvikpower.com\/#organization\",\"name\":\"ORVIK | Light Commercial Electric Vehicles\",\"url\":\"https:\/\/orvikpower.com\/\",\"logo\":{\"@type\":\"ImageObject\",\"inLanguage\":\"pt-AO\",\"@id\":\"https:\/\/orvikpower.com\/#\/schema\/logo\/image\/\",\"url\":\"https:\/\/orvikpower.com\/wp-content\/uploads\/2026\/01\/cropped-logo-h-main-small.png\",\"contentUrl\":\"https:\/\/orvikpower.com\/wp-content\/uploads\/2026\/01\/cropped-logo-h-main-small.png\",\"width\":512,\"height\":512,\"caption\":\"ORVIK | Light Commercial Electric Vehicles\"},\"image\":{\"@id\":\"https:\/\/orvikpower.com\/#\/schema\/logo\/image\/\"},\"sameAs\":[\"https:\/\/www.youtube.com\/@ORVIKOrvikPower\",\"https:\/\/www.pinterest.com\/OrvikPower\/\"]}]}<\/script>\n<!-- \/ Yoast SEO plugin. -->","yoast_head_json":{"title":"AS800 Lavadora de pisos el\u00e9trica de passeio | Limpeza industrial direto da f\u00e1brica - ORVIK | ORVIK|Ve\u00edculos el\u00e9tricos comerciais leves","robots":{"index":"index","follow":"follow","max-snippet":"max-snippet:-1","max-image-preview":"max-image-preview:large","max-video-preview":"max-video-preview:-1"},"canonical":"https:\/\/orvikpower.com\/pt\/product\/as800-electric-ride-on-floor-scrubber-industrial-cleaning-factory-direct-orvik","og_locale":"pt_PT","og_type":"article","og_title":"AS800 Electric Ride-on Floor Scrubber | Industrial Cleaning Factory Direct - ORVIK | ORVIK|Light Commercial Electric Vehicles","og_description":"Maximize hygiene with the AS800 Electric Scrubber. Features 4600m\u00b2\/h efficiency, 120L tank, and rotomolded anti-corrosion body. Low maintenance &amp; high ROI. Inquire for FCL Price.","og_url":"https:\/\/orvikpower.com\/pt\/product\/as800-electric-ride-on-floor-scrubber-industrial-cleaning-factory-direct-orvik","og_site_name":"ORVIK|Light Commercial Electric Vehicles","og_image":[{"width":1394,"height":1279,"url":"https:\/\/orvikpower.com\/wp-content\/uploads\/2026\/01\/AS800-Electric-Ride-on-Floor-Scrubber-Industrial-Cleaning-Factory-Direct-ORVIK.png","type":"image\/png"}],"twitter_card":"summary_large_image","twitter_misc":{"Est. reading time":"1 minuto"},"schema":{"@context":"https:\/\/schema.org","@graph":[{"@type":"WebPage","@id":"https:\/\/orvikpower.com\/product\/as800-electric-ride-on-floor-scrubber-industrial-cleaning-factory-direct-orvik","url":"https:\/\/orvikpower.com\/product\/as800-electric-ride-on-floor-scrubber-industrial-cleaning-factory-direct-orvik","name":"AS800 Lavadora de pisos el\u00e9trica de passeio | Limpeza industrial direto da f\u00e1brica - ORVIK | ORVIK|Ve\u00edculos el\u00e9tricos comerciais leves","isPartOf":{"@id":"https:\/\/orvikpower.com\/#website"},"primaryImageOfPage":{"@id":"https:\/\/orvikpower.com\/product\/as800-electric-ride-on-floor-scrubber-industrial-cleaning-factory-direct-orvik#primaryimage"},"image":{"@id":"https:\/\/orvikpower.com\/product\/as800-electric-ride-on-floor-scrubber-industrial-cleaning-factory-direct-orvik#primaryimage"},"thumbnailUrl":"https:\/\/orvikpower.com\/wp-content\/uploads\/2026\/01\/AS800-Electric-Ride-on-Floor-Scrubber-Industrial-Cleaning-Factory-Direct-ORVIK.png","datePublished":"2026-01-21T13:48:24+00:00","breadcrumb":{"@id":"https:\/\/orvikpower.com\/product\/as800-electric-ride-on-floor-scrubber-industrial-cleaning-factory-direct-orvik#breadcrumb"},"inLanguage":"pt-AO","potentialAction":[{"@type":"ReadAction","target":["https:\/\/orvikpower.com\/product\/as800-electric-ride-on-floor-scrubber-industrial-cleaning-factory-direct-orvik"]}]},{"@type":"ImageObject","inLanguage":"pt-AO","@id":"https:\/\/orvikpower.com\/product\/as800-electric-ride-on-floor-scrubber-industrial-cleaning-factory-direct-orvik#primaryimage","url":"https:\/\/orvikpower.com\/wp-content\/uploads\/2026\/01\/AS800-Electric-Ride-on-Floor-Scrubber-Industrial-Cleaning-Factory-Direct-ORVIK.png","contentUrl":"https:\/\/orvikpower.com\/wp-content\/uploads\/2026\/01\/AS800-Electric-Ride-on-Floor-Scrubber-Industrial-Cleaning-Factory-Direct-ORVIK.png","width":1394,"height":1279,"caption":"Maximize hygiene with the AS800 Electric Scrubber. Features 4600m\u00b2\/h efficiency, 120L tank, and rotomolded anti-corrosion body. Low maintenance & high ROI. Inquire for FCL Price."},{"@type":"BreadcrumbList","@id":"https:\/\/orvikpower.com\/product\/as800-electric-ride-on-floor-scrubber-industrial-cleaning-factory-direct-orvik#breadcrumb","itemListElement":[{"@type":"ListItem","position":1,"name":"Home","item":"https:\/\/orvikpower.com\/"},{"@type":"ListItem","position":2,"name":"SHOP","item":"https:\/\/orvikpower.com\/shop"},{"@type":"ListItem","position":3,"name":"AS800 Electric Ride-on Floor Scrubber | Industrial Cleaning Factory Direct &#8211; ORVIK"}]},{"@type":"WebSite","@id":"https:\/\/orvikpower.com\/#website","url":"https:\/\/orvikpower.com\/","name":"ORVIK | Ve\u00edculos el\u00e9ctricos comerciais ligeiros","description":"Principal fabricante de ve\u00edculos utilit\u00e1rios el\u00e9ctricos todo-o-terreno, pickups e mini-cami\u00f5es. Desenhos prontos para altas temperaturas e para o \u00c1rtico para quintas e minas. Poupe custos com o FCL direto da f\u00e1brica. Fa\u00e7a o fluxo de trabalho. Obter um or\u00e7amento.","publisher":{"@id":"https:\/\/orvikpower.com\/#organization"},"potentialAction":[{"@type":"SearchAction","target":{"@type":"EntryPoint","urlTemplate":"https:\/\/orvikpower.com\/?s={search_term_string}"},"query-input":{"@type":"PropertyValueSpecification","valueRequired":true,"valueName":"search_term_string"}}],"inLanguage":"pt-AO"},{"@type":"Organization","@id":"https:\/\/orvikpower.com\/#organization","name":"ORVIK | Ve\u00edculos el\u00e9ctricos comerciais ligeiros","url":"https:\/\/orvikpower.com\/","logo":{"@type":"ImageObject","inLanguage":"pt-AO","@id":"https:\/\/orvikpower.com\/#\/schema\/logo\/image\/","url":"https:\/\/orvikpower.com\/wp-content\/uploads\/2026\/01\/cropped-logo-h-main-small.png","contentUrl":"https:\/\/orvikpower.com\/wp-content\/uploads\/2026\/01\/cropped-logo-h-main-small.png","width":512,"height":512,"caption":"ORVIK | Light Commercial Electric Vehicles"},"image":{"@id":"https:\/\/orvikpower.com\/#\/schema\/logo\/image\/"},"sameAs":["https:\/\/www.youtube.com\/@ORVIKOrvikPower","https:\/\/www.pinterest.com\/OrvikPower\/"]}]}},"_links":{"self":[{"href":"https:\/\/orvikpower.com\/pt\/wp-json\/wp\/v2\/product\/19079","targetHints":{"allow":["GET"]}}],"collection":[{"href":"https:\/\/orvikpower.com\/pt\/wp-json\/wp\/v2\/product"}],"about":[{"href":"https:\/\/orvikpower.com\/pt\/wp-json\/wp\/v2\/types\/product"}],"replies":[{"embeddable":true,"href":"https:\/\/orvikpower.com\/pt\/wp-json\/wp\/v2\/comments?post=19079"}],"wp:featuredmedia":[{"embeddable":true,"href":"https:\/\/orvikpower.com\/pt\/wp-json\/wp\/v2\/media\/19080"}],"wp:attachment":[{"href":"https:\/\/orvikpower.com\/pt\/wp-json\/wp\/v2\/media?parent=19079"}],"wp:term":[{"taxonomy":"product_brand","embeddable":true,"href":"https:\/\/orvikpower.com\/pt\/wp-json\/wp\/v2\/product_brand?post=19079"},{"taxonomy":"product_cat","embeddable":true,"href":"https:\/\/orvikpower.com\/pt\/wp-json\/wp\/v2\/product_cat?post=19079"},{"taxonomy":"product_tag","embeddable":true,"href":"https:\/\/orvikpower.com\/pt\/wp-json\/wp\/v2\/product_tag?post=19079"}],"curies":[{"name":"wp","href":"https:\/\/api.w.org\/{rel}","templated":true}]}}