{"id":19081,"date":"2026-01-21T13:51:33","date_gmt":"2026-01-21T13:51:33","guid":{"rendered":"https:\/\/orvikpower.com\/?post_type=product&#038;p=19081"},"modified":"2026-01-21T13:51:34","modified_gmt":"2026-01-21T13:51:34","slug":"as900-ride-on-electric-floor-scrubber-5600m%c2%b2-h-factory-direct-wholesale-orvik","status":"publish","type":"product","link":"https:\/\/orvikpower.com\/pt\/product\/as900-ride-on-electric-floor-scrubber-5600m%c2%b2-h-factory-direct-wholesale-orvik","title":{"rendered":"AS900 Lavadora de pisos el\u00e9trica de passeio 5600m\u00b2\/h | Atacado direto da f\u00e1brica - ORVIK"},"content":{"rendered":"<p dir=\"auto\">O <strong>ORVIK AS900 Lavadora de pavimentos com condutor<\/strong> \u00e9 uma solu\u00e7\u00e3o de limpeza de n\u00edvel industrial concebida para a gest\u00e3o de instala\u00e7\u00f5es em grande escala. Alimentada por um motor de acionamento de 800 W e dois motores de escova de 550 W, esta m\u00e1quina oferece uma largura de lavagem de 860 mm, capaz de limpar 5.600 metros quadrados por hora (<strong>Carater\u00edstica<\/strong>).<\/p>\n<div class=\"my-2\"><\/div>\n<p dir=\"auto\">Constru\u00eddo sobre um chassis tratado com eletroforese de decapagem e revestimento a p\u00f3 de alta temperatura, o AS900 resiste \u00e0 corros\u00e3o, mesmo em ambientes qu\u00edmicos ou h\u00famidos agressivos. O seu corpo rotomoldado oferece uma resist\u00eancia superior ao impacto em compara\u00e7\u00e3o com os inv\u00f3lucros de pl\u00e1stico normais (<strong>Vantagem<\/strong>).<\/p>\n<div class=\"my-2\"><\/div>\n<p dir=\"auto\">Para os gestores de instala\u00e7\u00f5es, isto traduz-se numa redu\u00e7\u00e3o dr\u00e1stica dos custos de trabalho manual. Uma AS900 pode substituir uma equipa de 10 empregados de limpeza manuais, assegurando um r\u00e1pido retorno do investimento (ROI) e mantendo padr\u00f5es de higiene impec\u00e1veis em armaz\u00e9ns, hospitais e f\u00e1bricas (<strong>Benef\u00edcio<\/strong>).<\/p>\n<div class=\"my-2\"><\/div>\n<ul dir=\"auto\">\n<li class=\"text-start\"><strong>Personaliza\u00e7\u00e3o de energia<\/strong>: A pot\u00eancia e o bin\u00e1rio do motor podem ser personalizados para requisitos espec\u00edficos de inclina\u00e7\u00e3o ou superf\u00edcie.<\/li>\n<li class=\"text-start\"><strong>Op\u00e7\u00f5es de bateria<\/strong>: Equipado de s\u00e9rie com baterias de chumbo-\u00e1cido de 24V; atualiz\u00e1vel para baterias de l\u00edtio LiFePO4 para ciclos de vida mais longos e carregamento r\u00e1pido.<\/li>\n<\/ul>\n<div class=\"my-2\"><\/div>\n<p dir=\"auto\"><strong>Concebido para facilitar o seu trabalho.<\/strong><\/p>\n<table class=\"table table-striped-white table-bordered\" data-anchor-id=\"zgd0\">\n<thead>\n<tr>\n<th>Especifica\u00e7\u00e3o<\/th>\n<th>Detalhes<\/th>\n<\/tr>\n<\/thead>\n<tbody>\n<tr>\n<td><strong>Modelo<\/strong><\/td>\n<td>Escova dupla AS900<\/td>\n<\/tr>\n<tr>\n<td><strong>Dimens\u00f5es (C*L*A)<\/strong><\/td>\n<td>1750mm * 1260mm * 1450mm<\/td>\n<\/tr>\n<tr>\n<td><strong>Peso do ve\u00edculo<\/strong><\/td>\n<td>410 KG<\/td>\n<\/tr>\n<tr>\n<td><strong>Efici\u00eancia de limpeza<\/strong><\/td>\n<td>5600 m\u00b2\/h<\/td>\n<\/tr>\n<tr>\n<td><strong>Largura de lavagem<\/strong><\/td>\n<td>860 mm (escovas duplas de 17 polegadas)<\/td>\n<\/tr>\n<tr>\n<td><strong>Largura do rodo<\/strong><\/td>\n<td>1200mm<\/td>\n<\/tr>\n<tr>\n<td><strong>Capacidade do dep\u00f3sito<\/strong><\/td>\n<td>\u00c1gua limpa: 165L \/ \u00c1gua suja: 170L<\/td>\n<\/tr>\n<tr>\n<td><strong>Dura\u00e7\u00e3o do trabalho<\/strong><\/td>\n<td>4-5 horas<\/td>\n<\/tr>\n<tr>\n<td><strong>Sistema de energia<\/strong><\/td>\n<td>Acionamento: 800W \/ Escova: 550W*2 \/ Aspira\u00e7\u00e3o: 600W<\/td>\n<\/tr>\n<tr>\n<td><strong>Tipo de bateria<\/strong><\/td>\n<td>24V 200Ah (chumbo-\u00e1cido standard \/ l\u00edtio opcional)<\/td>\n<\/tr>\n<tr>\n<td><strong>Tecnologia de chassis<\/strong><\/td>\n<td>Decapagem Eletroforese + Revestimento em p\u00f3<\/td>\n<\/tr>\n<tr>\n<td><strong>Quantidade de carga (40HQ)<\/strong><\/td>\n<td><em>A confirmar com base na embalagem<\/em><\/td>\n<\/tr>\n<\/tbody>\n<\/table>","protected":false},"excerpt":{"rendered":"<p dir=\"auto\">A lavadora de pavimentos el\u00e9ctrica industrial AS900 possui escovas duplas e uma efici\u00eancia de limpeza de 5600m\u00b2\/h. Equipada com corpo rotomoldado e cablagem \u00e0 prova de \u00e1gua para uma manuten\u00e7\u00e3o reduzida. Pergunte pelo pre\u00e7o FCL.<\/p>\n<div class=\"my-2\"><\/div>\n<p dir=\"auto\">","protected":false},"featured_media":19082,"comment_status":"open","ping_status":"closed","template":"","meta":{"_eb_attr":""},"product_brand":[],"product_cat":[75,74],"product_tag":[126,125,118,91,120,123],"class_list":{"0":"post-19081","1":"product","2":"type-product","3":"status-publish","4":"has-post-thumbnail","6":"product_cat-electric-street-sweepers","7":"product_cat-specialized-service-vehicles","8":"product_tag-airport","9":"product_tag-factory","10":"product_tag-hospital","11":"product_tag-industrial-park","12":"product_tag-shopping-mall","13":"product_tag-warehouse","15":"first","16":"instock","17":"shipping-taxable","18":"product-type-simple"},"yoast_head":"<!-- This site is optimized with the Yoast SEO plugin v26.9 - https:\/\/yoast.com\/product\/yoast-seo-wordpress\/ -->\n<title>AS900 Ride-on Electric Floor Scrubber 5600m\u00b2\/h | Factory Direct Wholesale - ORVIK | ORVIK|Light Commercial Electric Vehicles<\/title>\n<meta name=\"robots\" content=\"index, follow, max-snippet:-1, max-image-preview:large, max-video-preview:-1\" \/>\n<link rel=\"canonical\" href=\"https:\/\/orvikpower.com\/pt\/product\/as900-ride-on-electric-floor-scrubber-5600m\u00b2-h-factory-direct-wholesale-orvik\" \/>\n<meta property=\"og:locale\" content=\"pt_PT\" \/>\n<meta property=\"og:type\" content=\"article\" \/>\n<meta property=\"og:title\" content=\"AS900 Ride-on Electric Floor Scrubber 5600m\u00b2\/h | Factory Direct Wholesale - ORVIK | ORVIK|Light Commercial Electric Vehicles\" \/>\n<meta property=\"og:description\" content=\"Industrial AS900 electric floor scrubber features dual brushes and 5600m\u00b2\/h cleaning efficiency. Equipped with rotomolded body and waterproof wiring for low maintenance. Inquire for FCL Price.\" \/>\n<meta property=\"og:url\" content=\"https:\/\/orvikpower.com\/pt\/product\/as900-ride-on-electric-floor-scrubber-5600m\u00b2-h-factory-direct-wholesale-orvik\" \/>\n<meta property=\"og:site_name\" content=\"ORVIK|Light Commercial Electric Vehicles\" \/>\n<meta property=\"article:modified_time\" content=\"2026-01-21T13:51:34+00:00\" \/>\n<meta property=\"og:image\" content=\"https:\/\/orvikpower.com\/wp-content\/uploads\/2026\/01\/AS900-Ride-on-Electric-Floor-Scrubber-5600m\u00b2h-Factory-Direct-Wholesale-ORVIK.jpeg\" \/>\n\t<meta property=\"og:image:width\" content=\"1443\" \/>\n\t<meta property=\"og:image:height\" content=\"1279\" \/>\n\t<meta property=\"og:image:type\" content=\"image\/jpeg\" \/>\n<meta name=\"twitter:card\" content=\"summary_large_image\" \/>\n<meta name=\"twitter:label1\" content=\"Est. reading time\" \/>\n\t<meta name=\"twitter:data1\" content=\"1 minuto\" \/>\n<script type=\"application\/ld+json\" class=\"yoast-schema-graph\">{\"@context\":\"https:\/\/schema.org\",\"@graph\":[{\"@type\":\"WebPage\",\"@id\":\"https:\/\/orvikpower.com\/product\/as900-ride-on-electric-floor-scrubber-5600m%c2%b2-h-factory-direct-wholesale-orvik\",\"url\":\"https:\/\/orvikpower.com\/product\/as900-ride-on-electric-floor-scrubber-5600m%c2%b2-h-factory-direct-wholesale-orvik\",\"name\":\"AS900 Ride-on Electric Floor Scrubber 5600m\u00b2\/h | Factory Direct Wholesale - ORVIK | ORVIK|Light Commercial Electric Vehicles\",\"isPartOf\":{\"@id\":\"https:\/\/orvikpower.com\/#website\"},\"primaryImageOfPage\":{\"@id\":\"https:\/\/orvikpower.com\/product\/as900-ride-on-electric-floor-scrubber-5600m%c2%b2-h-factory-direct-wholesale-orvik#primaryimage\"},\"image\":{\"@id\":\"https:\/\/orvikpower.com\/product\/as900-ride-on-electric-floor-scrubber-5600m%c2%b2-h-factory-direct-wholesale-orvik#primaryimage\"},\"thumbnailUrl\":\"https:\/\/orvikpower.com\/wp-content\/uploads\/2026\/01\/AS900-Ride-on-Electric-Floor-Scrubber-5600m\u00b2h-Factory-Direct-Wholesale-ORVIK.jpeg\",\"datePublished\":\"2026-01-21T13:51:33+00:00\",\"dateModified\":\"2026-01-21T13:51:34+00:00\",\"breadcrumb\":{\"@id\":\"https:\/\/orvikpower.com\/product\/as900-ride-on-electric-floor-scrubber-5600m%c2%b2-h-factory-direct-wholesale-orvik#breadcrumb\"},\"inLanguage\":\"pt-AO\",\"potentialAction\":[{\"@type\":\"ReadAction\",\"target\":[\"https:\/\/orvikpower.com\/product\/as900-ride-on-electric-floor-scrubber-5600m%c2%b2-h-factory-direct-wholesale-orvik\"]}]},{\"@type\":\"ImageObject\",\"inLanguage\":\"pt-AO\",\"@id\":\"https:\/\/orvikpower.com\/product\/as900-ride-on-electric-floor-scrubber-5600m%c2%b2-h-factory-direct-wholesale-orvik#primaryimage\",\"url\":\"https:\/\/orvikpower.com\/wp-content\/uploads\/2026\/01\/AS900-Ride-on-Electric-Floor-Scrubber-5600m\u00b2h-Factory-Direct-Wholesale-ORVIK.jpeg\",\"contentUrl\":\"https:\/\/orvikpower.com\/wp-content\/uploads\/2026\/01\/AS900-Ride-on-Electric-Floor-Scrubber-5600m\u00b2h-Factory-Direct-Wholesale-ORVIK.jpeg\",\"width\":1443,\"height\":1279},{\"@type\":\"BreadcrumbList\",\"@id\":\"https:\/\/orvikpower.com\/product\/as900-ride-on-electric-floor-scrubber-5600m%c2%b2-h-factory-direct-wholesale-orvik#breadcrumb\",\"itemListElement\":[{\"@type\":\"ListItem\",\"position\":1,\"name\":\"Home\",\"item\":\"https:\/\/orvikpower.com\/\"},{\"@type\":\"ListItem\",\"position\":2,\"name\":\"SHOP\",\"item\":\"https:\/\/orvikpower.com\/shop\"},{\"@type\":\"ListItem\",\"position\":3,\"name\":\"AS900 Ride-on Electric Floor Scrubber 5600m\u00b2\/h | Factory Direct Wholesale &#8211; ORVIK\"}]},{\"@type\":\"WebSite\",\"@id\":\"https:\/\/orvikpower.com\/#website\",\"url\":\"https:\/\/orvikpower.com\/\",\"name\":\"ORVIK | Light Commercial Electric Vehicles\",\"description\":\"Premier Manufacturer of Off-road Electric Utility Vehicles, Pickups &amp; Mini Trucks. High-Temp &amp; Arctic Ready designs for farms &amp; mines. Save costs with Factory-Direct FCL. Make work flow. Get a Quote.\",\"publisher\":{\"@id\":\"https:\/\/orvikpower.com\/#organization\"},\"potentialAction\":[{\"@type\":\"SearchAction\",\"target\":{\"@type\":\"EntryPoint\",\"urlTemplate\":\"https:\/\/orvikpower.com\/?s={search_term_string}\"},\"query-input\":{\"@type\":\"PropertyValueSpecification\",\"valueRequired\":true,\"valueName\":\"search_term_string\"}}],\"inLanguage\":\"pt-AO\"},{\"@type\":\"Organization\",\"@id\":\"https:\/\/orvikpower.com\/#organization\",\"name\":\"ORVIK | Light Commercial Electric Vehicles\",\"url\":\"https:\/\/orvikpower.com\/\",\"logo\":{\"@type\":\"ImageObject\",\"inLanguage\":\"pt-AO\",\"@id\":\"https:\/\/orvikpower.com\/#\/schema\/logo\/image\/\",\"url\":\"https:\/\/orvikpower.com\/wp-content\/uploads\/2026\/01\/cropped-logo-h-main-small.png\",\"contentUrl\":\"https:\/\/orvikpower.com\/wp-content\/uploads\/2026\/01\/cropped-logo-h-main-small.png\",\"width\":512,\"height\":512,\"caption\":\"ORVIK | Light Commercial Electric Vehicles\"},\"image\":{\"@id\":\"https:\/\/orvikpower.com\/#\/schema\/logo\/image\/\"},\"sameAs\":[\"https:\/\/www.youtube.com\/@ORVIKOrvikPower\",\"https:\/\/www.pinterest.com\/OrvikPower\/\"]}]}<\/script>\n<!-- \/ Yoast SEO plugin. -->","yoast_head_json":{"title":"AS900 Lavadora de Pisos El\u00e9trica de Passeio 5600m\u00b2\/h | Venda Direta na F\u00e1brica - ORVIK | ORVIK|Ve\u00edculos El\u00e9tricos Comerciais Leves","robots":{"index":"index","follow":"follow","max-snippet":"max-snippet:-1","max-image-preview":"max-image-preview:large","max-video-preview":"max-video-preview:-1"},"canonical":"https:\/\/orvikpower.com\/pt\/product\/as900-ride-on-electric-floor-scrubber-5600m\u00b2-h-factory-direct-wholesale-orvik","og_locale":"pt_PT","og_type":"article","og_title":"AS900 Ride-on Electric Floor Scrubber 5600m\u00b2\/h | Factory Direct Wholesale - ORVIK | ORVIK|Light Commercial Electric Vehicles","og_description":"Industrial AS900 electric floor scrubber features dual brushes and 5600m\u00b2\/h cleaning efficiency. Equipped with rotomolded body and waterproof wiring for low maintenance. Inquire for FCL Price.","og_url":"https:\/\/orvikpower.com\/pt\/product\/as900-ride-on-electric-floor-scrubber-5600m\u00b2-h-factory-direct-wholesale-orvik","og_site_name":"ORVIK|Light Commercial Electric Vehicles","article_modified_time":"2026-01-21T13:51:34+00:00","og_image":[{"width":1443,"height":1279,"url":"https:\/\/orvikpower.com\/wp-content\/uploads\/2026\/01\/AS900-Ride-on-Electric-Floor-Scrubber-5600m\u00b2h-Factory-Direct-Wholesale-ORVIK.jpeg","type":"image\/jpeg"}],"twitter_card":"summary_large_image","twitter_misc":{"Est. reading time":"1 minuto"},"schema":{"@context":"https:\/\/schema.org","@graph":[{"@type":"WebPage","@id":"https:\/\/orvikpower.com\/product\/as900-ride-on-electric-floor-scrubber-5600m%c2%b2-h-factory-direct-wholesale-orvik","url":"https:\/\/orvikpower.com\/product\/as900-ride-on-electric-floor-scrubber-5600m%c2%b2-h-factory-direct-wholesale-orvik","name":"AS900 Lavadora de Pisos El\u00e9trica de Passeio 5600m\u00b2\/h | Venda Direta na F\u00e1brica - ORVIK | ORVIK|Ve\u00edculos El\u00e9tricos Comerciais Leves","isPartOf":{"@id":"https:\/\/orvikpower.com\/#website"},"primaryImageOfPage":{"@id":"https:\/\/orvikpower.com\/product\/as900-ride-on-electric-floor-scrubber-5600m%c2%b2-h-factory-direct-wholesale-orvik#primaryimage"},"image":{"@id":"https:\/\/orvikpower.com\/product\/as900-ride-on-electric-floor-scrubber-5600m%c2%b2-h-factory-direct-wholesale-orvik#primaryimage"},"thumbnailUrl":"https:\/\/orvikpower.com\/wp-content\/uploads\/2026\/01\/AS900-Ride-on-Electric-Floor-Scrubber-5600m\u00b2h-Factory-Direct-Wholesale-ORVIK.jpeg","datePublished":"2026-01-21T13:51:33+00:00","dateModified":"2026-01-21T13:51:34+00:00","breadcrumb":{"@id":"https:\/\/orvikpower.com\/product\/as900-ride-on-electric-floor-scrubber-5600m%c2%b2-h-factory-direct-wholesale-orvik#breadcrumb"},"inLanguage":"pt-AO","potentialAction":[{"@type":"ReadAction","target":["https:\/\/orvikpower.com\/product\/as900-ride-on-electric-floor-scrubber-5600m%c2%b2-h-factory-direct-wholesale-orvik"]}]},{"@type":"ImageObject","inLanguage":"pt-AO","@id":"https:\/\/orvikpower.com\/product\/as900-ride-on-electric-floor-scrubber-5600m%c2%b2-h-factory-direct-wholesale-orvik#primaryimage","url":"https:\/\/orvikpower.com\/wp-content\/uploads\/2026\/01\/AS900-Ride-on-Electric-Floor-Scrubber-5600m\u00b2h-Factory-Direct-Wholesale-ORVIK.jpeg","contentUrl":"https:\/\/orvikpower.com\/wp-content\/uploads\/2026\/01\/AS900-Ride-on-Electric-Floor-Scrubber-5600m\u00b2h-Factory-Direct-Wholesale-ORVIK.jpeg","width":1443,"height":1279},{"@type":"BreadcrumbList","@id":"https:\/\/orvikpower.com\/product\/as900-ride-on-electric-floor-scrubber-5600m%c2%b2-h-factory-direct-wholesale-orvik#breadcrumb","itemListElement":[{"@type":"ListItem","position":1,"name":"Home","item":"https:\/\/orvikpower.com\/"},{"@type":"ListItem","position":2,"name":"SHOP","item":"https:\/\/orvikpower.com\/shop"},{"@type":"ListItem","position":3,"name":"AS900 Ride-on Electric Floor Scrubber 5600m\u00b2\/h | Factory Direct Wholesale &#8211; ORVIK"}]},{"@type":"WebSite","@id":"https:\/\/orvikpower.com\/#website","url":"https:\/\/orvikpower.com\/","name":"ORVIK | Ve\u00edculos el\u00e9ctricos comerciais ligeiros","description":"Principal fabricante de ve\u00edculos utilit\u00e1rios el\u00e9ctricos todo-o-terreno, pickups e mini-cami\u00f5es. Desenhos prontos para altas temperaturas e para o \u00c1rtico para quintas e minas. Poupe custos com o FCL direto da f\u00e1brica. Fa\u00e7a o fluxo de trabalho. Obter um or\u00e7amento.","publisher":{"@id":"https:\/\/orvikpower.com\/#organization"},"potentialAction":[{"@type":"SearchAction","target":{"@type":"EntryPoint","urlTemplate":"https:\/\/orvikpower.com\/?s={search_term_string}"},"query-input":{"@type":"PropertyValueSpecification","valueRequired":true,"valueName":"search_term_string"}}],"inLanguage":"pt-AO"},{"@type":"Organization","@id":"https:\/\/orvikpower.com\/#organization","name":"ORVIK | Ve\u00edculos el\u00e9ctricos comerciais ligeiros","url":"https:\/\/orvikpower.com\/","logo":{"@type":"ImageObject","inLanguage":"pt-AO","@id":"https:\/\/orvikpower.com\/#\/schema\/logo\/image\/","url":"https:\/\/orvikpower.com\/wp-content\/uploads\/2026\/01\/cropped-logo-h-main-small.png","contentUrl":"https:\/\/orvikpower.com\/wp-content\/uploads\/2026\/01\/cropped-logo-h-main-small.png","width":512,"height":512,"caption":"ORVIK | Light Commercial Electric Vehicles"},"image":{"@id":"https:\/\/orvikpower.com\/#\/schema\/logo\/image\/"},"sameAs":["https:\/\/www.youtube.com\/@ORVIKOrvikPower","https:\/\/www.pinterest.com\/OrvikPower\/"]}]}},"_links":{"self":[{"href":"https:\/\/orvikpower.com\/pt\/wp-json\/wp\/v2\/product\/19081","targetHints":{"allow":["GET"]}}],"collection":[{"href":"https:\/\/orvikpower.com\/pt\/wp-json\/wp\/v2\/product"}],"about":[{"href":"https:\/\/orvikpower.com\/pt\/wp-json\/wp\/v2\/types\/product"}],"replies":[{"embeddable":true,"href":"https:\/\/orvikpower.com\/pt\/wp-json\/wp\/v2\/comments?post=19081"}],"wp:featuredmedia":[{"embeddable":true,"href":"https:\/\/orvikpower.com\/pt\/wp-json\/wp\/v2\/media\/19082"}],"wp:attachment":[{"href":"https:\/\/orvikpower.com\/pt\/wp-json\/wp\/v2\/media?parent=19081"}],"wp:term":[{"taxonomy":"product_brand","embeddable":true,"href":"https:\/\/orvikpower.com\/pt\/wp-json\/wp\/v2\/product_brand?post=19081"},{"taxonomy":"product_cat","embeddable":true,"href":"https:\/\/orvikpower.com\/pt\/wp-json\/wp\/v2\/product_cat?post=19081"},{"taxonomy":"product_tag","embeddable":true,"href":"https:\/\/orvikpower.com\/pt\/wp-json\/wp\/v2\/product_tag?post=19081"}],"curies":[{"name":"wp","href":"https:\/\/api.w.org\/{rel}","templated":true}]}}