{"id":19085,"date":"2026-01-21T14:04:27","date_gmt":"2026-01-21T14:04:27","guid":{"rendered":"https:\/\/orvikpower.com\/?post_type=product&#038;p=19085"},"modified":"2026-01-21T14:04:27","modified_gmt":"2026-01-21T14:04:27","slug":"industrial-electric-sweeper-s13-plus-factory-direct-fcl-orvik","status":"publish","type":"product","link":"https:\/\/orvikpower.com\/pt\/product\/industrial-electric-sweeper-s13-plus-factory-direct-fcl-orvik","title":{"rendered":"Varredora Industrial El\u00e9trica S13 Plus | FCL Direto da F\u00e1brica - ORVIK"},"content":{"rendered":"<p dir=\"auto\">O <strong>Varredora el\u00e9ctrica fechada ORVIK S13 Plus<\/strong> foi concebido para substituir o trabalho manual em ambientes exigentes, desde ch\u00e3o de f\u00e1brica poeirento a caminhos de resort.<\/p>\n<ul dir=\"auto\">\n<li class=\"text-start\"><strong>Carater\u00edstica<\/strong>: Constru\u00eddo sobre um chassis de a\u00e7o tratado por eletroforese e decapado com \u00e1cido, com um corpo rotomoldado e cablagem \u00e0 prova de \u00e1gua com classifica\u00e7\u00e3o IP.<\/li>\n<li class=\"text-start\"><strong>Vantagem<\/strong>: Resiste \u00e0 corros\u00e3o e ao impacto, ao mesmo tempo que gere eficazmente as poeiras atrav\u00e9s de um motor de vibra\u00e7\u00e3o dedicado de 500 W, mesmo em condi\u00e7\u00f5es de humidade.<\/li>\n<li class=\"text-start\"><strong>Benef\u00edcio<\/strong>: Reduza os custos de gest\u00e3o das suas instala\u00e7\u00f5es, substituindo at\u00e9 6 m\u00e1quinas de limpeza manuais por uma unidade, garantindo um ambiente mais limpo e um r\u00e1pido retorno do investimento.<\/li>\n<li class=\"text-start\"><strong>Personaliza\u00e7\u00e3o<\/strong>: A pot\u00eancia e os sistemas de bateria (chumbo-\u00e1cido ou l\u00edtio) podem ser personalizados para satisfazer os seus requisitos espec\u00edficos de dura\u00e7\u00e3o do turno.<br \/>\n<strong>Concebido para facilitar o seu trabalho.<\/strong><\/li>\n<\/ul>\n<table class=\"table table-striped-white table-bordered\" data-anchor-id=\"zgd0\">\n<thead>\n<tr>\n<th>Par\u00e2metro<\/th>\n<th>Valor<\/th>\n<\/tr>\n<\/thead>\n<tbody>\n<tr>\n<td><strong>Nome do modelo<\/strong><\/td>\n<td>Varredora el\u00e9ctrica fechada S13 Plus<\/td>\n<\/tr>\n<tr>\n<td><strong>Dimens\u00f5es (C*L*A)<\/strong><\/td>\n<td>1550 \u00d7 1300 \u00d7 1850 mm<\/td>\n<\/tr>\n<tr>\n<td><strong>Largura de limpeza<\/strong><\/td>\n<td>1300 mm (escovas laterais + escova principal)<\/td>\n<\/tr>\n<tr>\n<td><strong>Tipo de bateria<\/strong><\/td>\n<td>Chumbo-\u00e1cido 48V 45Ah (padr\u00e3o) \/\u00a0<strong>L\u00edtio Opcional<\/strong><\/td>\n<\/tr>\n<tr>\n<td><strong>Sistema de motor<\/strong><\/td>\n<td><strong>Conduzir:<\/strong>\u00a0800W \/\u00a0<strong>Varrer:<\/strong>\u00a0700W (lateral) + 100W (principal) + 200W (ventilador)<\/td>\n<\/tr>\n<tr>\n<td><strong>Controlo de poeiras<\/strong><\/td>\n<td>Motor de vibra\u00e7\u00e3o de 500 W<\/td>\n<\/tr>\n<tr>\n<td><strong>Capacidade de trabalho<\/strong><\/td>\n<td>Dep\u00f3sito de \u00e1gua: 30L \/ Caixote do lixo: 80L<\/td>\n<\/tr>\n<tr>\n<td><strong>Pneus<\/strong><\/td>\n<td>Pneus s\u00f3lidos (\u00e0 prova de furos para instala\u00e7\u00f5es industriais)<\/td>\n<\/tr>\n<tr>\n<td><strong>T\u00e9cnico de chassis<\/strong><\/td>\n<td>Eletroforese + revestimento a p\u00f3 de alta temperatura (anti-ferrugem)<\/td>\n<\/tr>\n<tr>\n<td><strong>Capacidade de classifica\u00e7\u00e3o m\u00e1xima<\/strong><\/td>\n<td>20%<\/td>\n<\/tr>\n<tr>\n<td><strong>Hor\u00e1rio de trabalho<\/strong><\/td>\n<td>2 \u00b1 0,5 horas (padr\u00e3o) \/ Atualiz\u00e1vel<\/td>\n<\/tr>\n<tr>\n<td><strong>Quantidade de carga (40HQ)<\/strong><\/td>\n<td>Aprox. 14-18 unidades (SKD\/Telhado isolado) -\u00a0<em>Contacto para o plano de carregamento<\/em><\/td>\n<\/tr>\n<\/tbody>\n<\/table>","protected":false},"excerpt":{"rendered":"<p>Varredora el\u00e9ctrica compacta S13 para f\u00e1bricas e est\u00e2ncias. Apresenta uma largura de limpeza de 1300 mm, chassis \u00e0 prova de \u00e1cido e pneus s\u00f3lidos. Baixa manuten\u00e7\u00e3o. Pergunte pelo pre\u00e7o FCL.<\/p>","protected":false},"featured_media":19086,"comment_status":"open","ping_status":"closed","template":"","meta":{"_eb_attr":""},"product_brand":[],"product_cat":[75,74],"product_tag":[128,91,87,127,88,123],"class_list":{"0":"post-19085","1":"product","2":"type-product","3":"status-publish","4":"has-post-thumbnail","6":"product_cat-electric-street-sweepers","7":"product_cat-specialized-service-vehicles","8":"product_tag-factory-cleaning","9":"product_tag-industrial-park","10":"product_tag-municipal","11":"product_tag-property-management","12":"product_tag-resort","13":"product_tag-warehouse","15":"first","16":"instock","17":"shipping-taxable","18":"product-type-simple"},"yoast_head":"<!-- This site is optimized with the Yoast SEO plugin v26.9 - https:\/\/yoast.com\/product\/yoast-seo-wordpress\/ -->\n<title>Industrial Electric Sweeper S13 Plus | Factory Direct FCL - ORVIK | ORVIK|Light Commercial Electric Vehicles<\/title>\n<meta name=\"robots\" content=\"index, follow, max-snippet:-1, max-image-preview:large, max-video-preview:-1\" \/>\n<link rel=\"canonical\" href=\"https:\/\/orvikpower.com\/pt\/product\/industrial-electric-sweeper-s13-plus-factory-direct-fcl-orvik\" \/>\n<meta property=\"og:locale\" content=\"pt_PT\" \/>\n<meta property=\"og:type\" content=\"article\" \/>\n<meta property=\"og:title\" content=\"Industrial Electric Sweeper S13 Plus | Factory Direct FCL - ORVIK | ORVIK|Light Commercial Electric Vehicles\" \/>\n<meta property=\"og:description\" content=\"Compact S13 electric sweeper for factories &amp; resorts. Features 1300mm cleaning width, acid-proof chassis, and solid tires. Low maintenance. Inquire for FCL Price.\" \/>\n<meta property=\"og:url\" content=\"https:\/\/orvikpower.com\/pt\/product\/industrial-electric-sweeper-s13-plus-factory-direct-fcl-orvik\" \/>\n<meta property=\"og:site_name\" content=\"ORVIK|Light Commercial Electric Vehicles\" \/>\n<meta property=\"og:image\" content=\"https:\/\/orvikpower.com\/wp-content\/uploads\/2026\/01\/S13-Electric-Floor-Sweeper-for-Industrial-Resort-Factory-Direct-Wholesale-ORVIK-1.jpg\" \/>\n\t<meta property=\"og:image:width\" content=\"1392\" \/>\n\t<meta property=\"og:image:height\" content=\"1153\" \/>\n\t<meta property=\"og:image:type\" content=\"image\/jpeg\" \/>\n<meta name=\"twitter:card\" content=\"summary_large_image\" \/>\n<meta name=\"twitter:label1\" content=\"Est. reading time\" \/>\n\t<meta name=\"twitter:data1\" content=\"1 minuto\" \/>\n<script type=\"application\/ld+json\" class=\"yoast-schema-graph\">{\"@context\":\"https:\/\/schema.org\",\"@graph\":[{\"@type\":\"WebPage\",\"@id\":\"https:\/\/orvikpower.com\/product\/industrial-electric-sweeper-s13-plus-factory-direct-fcl-orvik\",\"url\":\"https:\/\/orvikpower.com\/product\/industrial-electric-sweeper-s13-plus-factory-direct-fcl-orvik\",\"name\":\"Industrial Electric Sweeper S13 Plus | Factory Direct FCL - ORVIK | ORVIK|Light Commercial Electric Vehicles\",\"isPartOf\":{\"@id\":\"https:\/\/orvikpower.com\/#website\"},\"primaryImageOfPage\":{\"@id\":\"https:\/\/orvikpower.com\/product\/industrial-electric-sweeper-s13-plus-factory-direct-fcl-orvik#primaryimage\"},\"image\":{\"@id\":\"https:\/\/orvikpower.com\/product\/industrial-electric-sweeper-s13-plus-factory-direct-fcl-orvik#primaryimage\"},\"thumbnailUrl\":\"https:\/\/orvikpower.com\/wp-content\/uploads\/2026\/01\/S13-Electric-Floor-Sweeper-for-Industrial-Resort-Factory-Direct-Wholesale-ORVIK-1.jpg\",\"datePublished\":\"2026-01-21T14:04:27+00:00\",\"breadcrumb\":{\"@id\":\"https:\/\/orvikpower.com\/product\/industrial-electric-sweeper-s13-plus-factory-direct-fcl-orvik#breadcrumb\"},\"inLanguage\":\"pt-AO\",\"potentialAction\":[{\"@type\":\"ReadAction\",\"target\":[\"https:\/\/orvikpower.com\/product\/industrial-electric-sweeper-s13-plus-factory-direct-fcl-orvik\"]}]},{\"@type\":\"ImageObject\",\"inLanguage\":\"pt-AO\",\"@id\":\"https:\/\/orvikpower.com\/product\/industrial-electric-sweeper-s13-plus-factory-direct-fcl-orvik#primaryimage\",\"url\":\"https:\/\/orvikpower.com\/wp-content\/uploads\/2026\/01\/S13-Electric-Floor-Sweeper-for-Industrial-Resort-Factory-Direct-Wholesale-ORVIK-1.jpg\",\"contentUrl\":\"https:\/\/orvikpower.com\/wp-content\/uploads\/2026\/01\/S13-Electric-Floor-Sweeper-for-Industrial-Resort-Factory-Direct-Wholesale-ORVIK-1.jpg\",\"width\":1392,\"height\":1153,\"caption\":\"Compact S13 Plus electric sweeper for factories & resorts. Features 1300mm cleaning width, acid-proof chassis, and solid tires. Low maintenance. Inquire for FCL Price.\"},{\"@type\":\"BreadcrumbList\",\"@id\":\"https:\/\/orvikpower.com\/product\/industrial-electric-sweeper-s13-plus-factory-direct-fcl-orvik#breadcrumb\",\"itemListElement\":[{\"@type\":\"ListItem\",\"position\":1,\"name\":\"Home\",\"item\":\"https:\/\/orvikpower.com\/\"},{\"@type\":\"ListItem\",\"position\":2,\"name\":\"SHOP\",\"item\":\"https:\/\/orvikpower.com\/shop\"},{\"@type\":\"ListItem\",\"position\":3,\"name\":\"Industrial Electric Sweeper S13 Plus | Factory Direct FCL &#8211; ORVIK\"}]},{\"@type\":\"WebSite\",\"@id\":\"https:\/\/orvikpower.com\/#website\",\"url\":\"https:\/\/orvikpower.com\/\",\"name\":\"ORVIK | Light Commercial Electric Vehicles\",\"description\":\"Premier Manufacturer of Off-road Electric Utility Vehicles, Pickups &amp; Mini Trucks. High-Temp &amp; Arctic Ready designs for farms &amp; mines. Save costs with Factory-Direct FCL. Make work flow. Get a Quote.\",\"publisher\":{\"@id\":\"https:\/\/orvikpower.com\/#organization\"},\"potentialAction\":[{\"@type\":\"SearchAction\",\"target\":{\"@type\":\"EntryPoint\",\"urlTemplate\":\"https:\/\/orvikpower.com\/?s={search_term_string}\"},\"query-input\":{\"@type\":\"PropertyValueSpecification\",\"valueRequired\":true,\"valueName\":\"search_term_string\"}}],\"inLanguage\":\"pt-AO\"},{\"@type\":\"Organization\",\"@id\":\"https:\/\/orvikpower.com\/#organization\",\"name\":\"ORVIK | Light Commercial Electric Vehicles\",\"url\":\"https:\/\/orvikpower.com\/\",\"logo\":{\"@type\":\"ImageObject\",\"inLanguage\":\"pt-AO\",\"@id\":\"https:\/\/orvikpower.com\/#\/schema\/logo\/image\/\",\"url\":\"https:\/\/orvikpower.com\/wp-content\/uploads\/2026\/01\/cropped-logo-h-main-small.png\",\"contentUrl\":\"https:\/\/orvikpower.com\/wp-content\/uploads\/2026\/01\/cropped-logo-h-main-small.png\",\"width\":512,\"height\":512,\"caption\":\"ORVIK | Light Commercial Electric Vehicles\"},\"image\":{\"@id\":\"https:\/\/orvikpower.com\/#\/schema\/logo\/image\/\"},\"sameAs\":[\"https:\/\/www.youtube.com\/@ORVIKOrvikPower\",\"https:\/\/www.pinterest.com\/OrvikPower\/\"]}]}<\/script>\n<!-- \/ Yoast SEO plugin. -->","yoast_head_json":{"title":"Varredora Industrial El\u00e9trica S13 Plus | FCL Direto da F\u00e1brica - ORVIK | ORVIK|Ve\u00edculos El\u00e9tricos Comerciais Leves","robots":{"index":"index","follow":"follow","max-snippet":"max-snippet:-1","max-image-preview":"max-image-preview:large","max-video-preview":"max-video-preview:-1"},"canonical":"https:\/\/orvikpower.com\/pt\/product\/industrial-electric-sweeper-s13-plus-factory-direct-fcl-orvik","og_locale":"pt_PT","og_type":"article","og_title":"Industrial Electric Sweeper S13 Plus | Factory Direct FCL - ORVIK | ORVIK|Light Commercial Electric Vehicles","og_description":"Compact S13 electric sweeper for factories &amp; resorts. Features 1300mm cleaning width, acid-proof chassis, and solid tires. Low maintenance. Inquire for FCL Price.","og_url":"https:\/\/orvikpower.com\/pt\/product\/industrial-electric-sweeper-s13-plus-factory-direct-fcl-orvik","og_site_name":"ORVIK|Light Commercial Electric Vehicles","og_image":[{"width":1392,"height":1153,"url":"https:\/\/orvikpower.com\/wp-content\/uploads\/2026\/01\/S13-Electric-Floor-Sweeper-for-Industrial-Resort-Factory-Direct-Wholesale-ORVIK-1.jpg","type":"image\/jpeg"}],"twitter_card":"summary_large_image","twitter_misc":{"Est. reading time":"1 minuto"},"schema":{"@context":"https:\/\/schema.org","@graph":[{"@type":"WebPage","@id":"https:\/\/orvikpower.com\/product\/industrial-electric-sweeper-s13-plus-factory-direct-fcl-orvik","url":"https:\/\/orvikpower.com\/product\/industrial-electric-sweeper-s13-plus-factory-direct-fcl-orvik","name":"Varredora Industrial El\u00e9trica S13 Plus | FCL Direto da F\u00e1brica - ORVIK | ORVIK|Ve\u00edculos El\u00e9tricos Comerciais Leves","isPartOf":{"@id":"https:\/\/orvikpower.com\/#website"},"primaryImageOfPage":{"@id":"https:\/\/orvikpower.com\/product\/industrial-electric-sweeper-s13-plus-factory-direct-fcl-orvik#primaryimage"},"image":{"@id":"https:\/\/orvikpower.com\/product\/industrial-electric-sweeper-s13-plus-factory-direct-fcl-orvik#primaryimage"},"thumbnailUrl":"https:\/\/orvikpower.com\/wp-content\/uploads\/2026\/01\/S13-Electric-Floor-Sweeper-for-Industrial-Resort-Factory-Direct-Wholesale-ORVIK-1.jpg","datePublished":"2026-01-21T14:04:27+00:00","breadcrumb":{"@id":"https:\/\/orvikpower.com\/product\/industrial-electric-sweeper-s13-plus-factory-direct-fcl-orvik#breadcrumb"},"inLanguage":"pt-AO","potentialAction":[{"@type":"ReadAction","target":["https:\/\/orvikpower.com\/product\/industrial-electric-sweeper-s13-plus-factory-direct-fcl-orvik"]}]},{"@type":"ImageObject","inLanguage":"pt-AO","@id":"https:\/\/orvikpower.com\/product\/industrial-electric-sweeper-s13-plus-factory-direct-fcl-orvik#primaryimage","url":"https:\/\/orvikpower.com\/wp-content\/uploads\/2026\/01\/S13-Electric-Floor-Sweeper-for-Industrial-Resort-Factory-Direct-Wholesale-ORVIK-1.jpg","contentUrl":"https:\/\/orvikpower.com\/wp-content\/uploads\/2026\/01\/S13-Electric-Floor-Sweeper-for-Industrial-Resort-Factory-Direct-Wholesale-ORVIK-1.jpg","width":1392,"height":1153,"caption":"Compact S13 Plus electric sweeper for factories & resorts. Features 1300mm cleaning width, acid-proof chassis, and solid tires. Low maintenance. Inquire for FCL Price."},{"@type":"BreadcrumbList","@id":"https:\/\/orvikpower.com\/product\/industrial-electric-sweeper-s13-plus-factory-direct-fcl-orvik#breadcrumb","itemListElement":[{"@type":"ListItem","position":1,"name":"Home","item":"https:\/\/orvikpower.com\/"},{"@type":"ListItem","position":2,"name":"SHOP","item":"https:\/\/orvikpower.com\/shop"},{"@type":"ListItem","position":3,"name":"Industrial Electric Sweeper S13 Plus | Factory Direct FCL &#8211; ORVIK"}]},{"@type":"WebSite","@id":"https:\/\/orvikpower.com\/#website","url":"https:\/\/orvikpower.com\/","name":"ORVIK | Ve\u00edculos el\u00e9ctricos comerciais ligeiros","description":"Principal fabricante de ve\u00edculos utilit\u00e1rios el\u00e9ctricos todo-o-terreno, pickups e mini-cami\u00f5es. Desenhos prontos para altas temperaturas e para o \u00c1rtico para quintas e minas. Poupe custos com o FCL direto da f\u00e1brica. Fa\u00e7a o fluxo de trabalho. Obter um or\u00e7amento.","publisher":{"@id":"https:\/\/orvikpower.com\/#organization"},"potentialAction":[{"@type":"SearchAction","target":{"@type":"EntryPoint","urlTemplate":"https:\/\/orvikpower.com\/?s={search_term_string}"},"query-input":{"@type":"PropertyValueSpecification","valueRequired":true,"valueName":"search_term_string"}}],"inLanguage":"pt-AO"},{"@type":"Organization","@id":"https:\/\/orvikpower.com\/#organization","name":"ORVIK | Ve\u00edculos el\u00e9ctricos comerciais ligeiros","url":"https:\/\/orvikpower.com\/","logo":{"@type":"ImageObject","inLanguage":"pt-AO","@id":"https:\/\/orvikpower.com\/#\/schema\/logo\/image\/","url":"https:\/\/orvikpower.com\/wp-content\/uploads\/2026\/01\/cropped-logo-h-main-small.png","contentUrl":"https:\/\/orvikpower.com\/wp-content\/uploads\/2026\/01\/cropped-logo-h-main-small.png","width":512,"height":512,"caption":"ORVIK | Light Commercial Electric Vehicles"},"image":{"@id":"https:\/\/orvikpower.com\/#\/schema\/logo\/image\/"},"sameAs":["https:\/\/www.youtube.com\/@ORVIKOrvikPower","https:\/\/www.pinterest.com\/OrvikPower\/"]}]}},"_links":{"self":[{"href":"https:\/\/orvikpower.com\/pt\/wp-json\/wp\/v2\/product\/19085","targetHints":{"allow":["GET"]}}],"collection":[{"href":"https:\/\/orvikpower.com\/pt\/wp-json\/wp\/v2\/product"}],"about":[{"href":"https:\/\/orvikpower.com\/pt\/wp-json\/wp\/v2\/types\/product"}],"replies":[{"embeddable":true,"href":"https:\/\/orvikpower.com\/pt\/wp-json\/wp\/v2\/comments?post=19085"}],"wp:featuredmedia":[{"embeddable":true,"href":"https:\/\/orvikpower.com\/pt\/wp-json\/wp\/v2\/media\/19086"}],"wp:attachment":[{"href":"https:\/\/orvikpower.com\/pt\/wp-json\/wp\/v2\/media?parent=19085"}],"wp:term":[{"taxonomy":"product_brand","embeddable":true,"href":"https:\/\/orvikpower.com\/pt\/wp-json\/wp\/v2\/product_brand?post=19085"},{"taxonomy":"product_cat","embeddable":true,"href":"https:\/\/orvikpower.com\/pt\/wp-json\/wp\/v2\/product_cat?post=19085"},{"taxonomy":"product_tag","embeddable":true,"href":"https:\/\/orvikpower.com\/pt\/wp-json\/wp\/v2\/product_tag?post=19085"}],"curies":[{"name":"wp","href":"https:\/\/api.w.org\/{rel}","templated":true}]}}