{"id":19089,"date":"2026-01-21T14:16:35","date_gmt":"2026-01-21T14:16:35","guid":{"rendered":"https:\/\/orvikpower.com\/?post_type=product&#038;p=19089"},"modified":"2026-01-21T14:16:47","modified_gmt":"2026-01-21T14:16:47","slug":"electric-street-sweeper-s15-plus-factory-direct-wholesale-orvik","status":"publish","type":"product","link":"https:\/\/orvikpower.com\/pt\/product\/electric-street-sweeper-s15-plus-factory-direct-wholesale-orvik","title":{"rendered":"Varredor de rua el\u00e9trico S15 Plus | Venda direta da f\u00e1brica por atacado - ORVIK"},"content":{"rendered":"<p dir=\"auto\"><strong>Maximize a efici\u00eancia do saneamento com a S15 Plus.<\/strong><br \/>\nA ORVIK S15 Plus \u00e9 uma varredora el\u00e9ctrica totalmente fechada, concebida para uma limpeza industrial e municipal rigorosa. Com uma robusta <strong>Corpo em rotomoldagem<\/strong> (Carater\u00edstica), oferece uma resist\u00eancia superior ao impacto e uma imunidade total \u00e0 ferrugem, mesmo em ambientes h\u00famidos ou costeiros (Vantagem). Esta durabilidade assegura uma vida \u00fatil mais longa e reduz significativamente os custos de manuten\u00e7\u00e3o da frota para os gestores de propriedades e empreiteiros de limpeza (Vantagem).<\/p>\n<div class=\"my-2\"><\/div>\n<p dir=\"auto\">Concebido para ser vers\u00e1til, o S15 Plus lida com poeiras, detritos e folhas com uma largura de varrimento de 1500 mm e um sistema integrado de nebuliza\u00e7\u00e3o de \u00e1gua para suprimir as poeiras secund\u00e1rias. Quer se trate da gest\u00e3o de uma f\u00e1brica empoeirada no M\u00e9dio Oriente ou de um caminho de uma est\u00e2ncia tur\u00edstica, esta unidade foi concebida para funcionar.<\/p>\n<div class=\"my-2\"><\/div>\n<ul dir=\"auto\">\n<li class=\"text-start\"><strong>Personaliza\u00e7\u00e3o de pot\u00eancia:<\/strong> A pot\u00eancia do motor pode ser personalizada para satisfazer requisitos espec\u00edficos de escalada ou de carga.<\/li>\n<li class=\"text-start\"><strong>Op\u00e7\u00f5es de bateria:<\/strong> Dispon\u00edvel com baterias de chumbo-\u00e1cido padr\u00e3o ou atualiz\u00e1vel para baterias de l\u00edtio LiFePO4 para opera\u00e7\u00f5es 24\/7<\/li>\n<\/ul>\n<p dir=\"auto\"><strong>Concebido para facilitar o seu trabalho.<\/strong><\/p>\n<table class=\"table table-striped-white table-bordered\" data-anchor-id=\"e59t\">\n<thead>\n<tr>\n<th>Especifica\u00e7\u00e3o<\/th>\n<th>Dados<\/th>\n<\/tr>\n<\/thead>\n<tbody>\n<tr>\n<td><strong>Modelo<\/strong><\/td>\n<td>S15 Plus (cabina fechada)<\/td>\n<\/tr>\n<tr>\n<td><strong>Dimens\u00f5es (C*L*A)<\/strong><\/td>\n<td>1800 \u00d7 1500 \u00d7 1950 mm<\/td>\n<\/tr>\n<tr>\n<td><strong>Largura de varrimento<\/strong><\/td>\n<td>1500 mm<\/td>\n<\/tr>\n<tr>\n<td><strong>Sistema de energia<\/strong><\/td>\n<td>48V \/ 80Ah (chumbo-\u00e1cido padr\u00e3o, LiFePO4 opcional) [2]<\/td>\n<\/tr>\n<tr>\n<td><strong>Pot\u00eancia do motor de acionamento<\/strong><\/td>\n<td>1200W<\/td>\n<\/tr>\n<tr>\n<td><strong>Pot\u00eancia do motor da escova<\/strong><\/td>\n<td>Lateral: 1000W (Total) \/ Principal: 100W \/ Ventoinha: 200W<\/td>\n<\/tr>\n<tr>\n<td><strong>Efici\u00eancia no trabalho<\/strong><\/td>\n<td>2-3 horas de funcionamento cont\u00ednuo<\/td>\n<\/tr>\n<tr>\n<td><strong>Capacidade do dep\u00f3sito<\/strong><\/td>\n<td>\u00c1gua: 60L \/ P\u00f3\/lixo: 180L<\/td>\n<\/tr>\n<tr>\n<td><strong>Peso do ve\u00edculo<\/strong><\/td>\n<td>495 kg<\/td>\n<\/tr>\n<tr>\n<td><strong>Sistema de travagem<\/strong><\/td>\n<td>Trav\u00f5es hidr\u00e1ulicos de disco duplo<\/td>\n<\/tr>\n<tr>\n<td><strong>Material da carro\u00e7aria<\/strong><\/td>\n<td>Rotomoldagem (Anti-corros\u00e3o\/resistente a impactos) [1]<\/td>\n<\/tr>\n<tr>\n<td><strong>Pneus<\/strong><\/td>\n<td>Pneus s\u00f3lidos (\u00e0 prova de furos)<\/td>\n<\/tr>\n<tr>\n<td><strong>Quantidade de carga (40HQ)<\/strong><\/td>\n<td>Estimativa: 6-7 unidades (Contactar para obter o esquema FCL)<\/td>\n<\/tr>\n<\/tbody>\n<\/table>\n<div class=\"my-2\"><\/div>\n<p dir=\"auto\">","protected":false},"excerpt":{"rendered":"<p dir=\"auto\">Varredora el\u00e9ctrica industrial S15 Plus. Largura de varrimento de 1500 mm, corpo em rotomoldagem anti-corros\u00e3o. Pronta para instala\u00e7\u00f5es de alta temperatura. Pergunte pelo pre\u00e7o FCL.<\/p>\n<div class=\"my-2\"><\/div>\n<p dir=\"auto\">","protected":false},"featured_media":19090,"comment_status":"open","ping_status":"closed","template":"","meta":{"_eb_attr":""},"product_brand":[],"product_cat":[75,74],"product_tag":[125,91,87,88,95],"class_list":{"0":"post-19089","1":"product","2":"type-product","3":"status-publish","4":"has-post-thumbnail","6":"product_cat-electric-street-sweepers","7":"product_cat-specialized-service-vehicles","8":"product_tag-factory","9":"product_tag-industrial-park","10":"product_tag-municipal","11":"product_tag-resort","12":"product_tag-zero-emission","14":"first","15":"instock","16":"shipping-taxable","17":"product-type-simple"},"yoast_head":"<!-- This site is optimized with the Yoast SEO plugin v26.9 - https:\/\/yoast.com\/product\/yoast-seo-wordpress\/ -->\n<title>Electric Street Sweeper S15 Plus | Factory Direct Wholesale - ORVIK | ORVIK|Light Commercial Electric Vehicles<\/title>\n<meta name=\"robots\" content=\"index, follow, max-snippet:-1, max-image-preview:large, max-video-preview:-1\" \/>\n<link rel=\"canonical\" href=\"https:\/\/orvikpower.com\/pt\/product\/electric-street-sweeper-s15-plus-factory-direct-wholesale-orvik\" \/>\n<meta property=\"og:locale\" content=\"pt_PT\" \/>\n<meta property=\"og:type\" content=\"article\" \/>\n<meta property=\"og:title\" content=\"Electric Street Sweeper S15 Plus | Factory Direct Wholesale - ORVIK | ORVIK|Light Commercial Electric Vehicles\" \/>\n<meta property=\"og:description\" content=\"Industrial electric sweeper S15 Plus. 1500mm sweeping width, rotomolding anti-corrosion body. High-temp ready for facilities. Inquire for FCL Price.\" \/>\n<meta property=\"og:url\" content=\"https:\/\/orvikpower.com\/pt\/product\/electric-street-sweeper-s15-plus-factory-direct-wholesale-orvik\" \/>\n<meta property=\"og:site_name\" content=\"ORVIK|Light Commercial Electric Vehicles\" \/>\n<meta property=\"article:modified_time\" content=\"2026-01-21T14:16:47+00:00\" \/>\n<meta property=\"og:image\" content=\"https:\/\/orvikpower.com\/wp-content\/uploads\/2026\/01\/Electric-Street-Sweeper-S15-Plus-Factory-Direct-Wholesale-ORVIK.jpg\" \/>\n\t<meta property=\"og:image:width\" content=\"1348\" \/>\n\t<meta property=\"og:image:height\" content=\"1544\" \/>\n\t<meta property=\"og:image:type\" content=\"image\/jpeg\" \/>\n<meta name=\"twitter:card\" content=\"summary_large_image\" \/>\n<meta name=\"twitter:label1\" content=\"Est. reading time\" \/>\n\t<meta name=\"twitter:data1\" content=\"1 minuto\" \/>\n<script type=\"application\/ld+json\" class=\"yoast-schema-graph\">{\"@context\":\"https:\/\/schema.org\",\"@graph\":[{\"@type\":\"WebPage\",\"@id\":\"https:\/\/orvikpower.com\/product\/electric-street-sweeper-s15-plus-factory-direct-wholesale-orvik\",\"url\":\"https:\/\/orvikpower.com\/product\/electric-street-sweeper-s15-plus-factory-direct-wholesale-orvik\",\"name\":\"Electric Street Sweeper S15 Plus | Factory Direct Wholesale - ORVIK | ORVIK|Light Commercial Electric Vehicles\",\"isPartOf\":{\"@id\":\"https:\/\/orvikpower.com\/#website\"},\"primaryImageOfPage\":{\"@id\":\"https:\/\/orvikpower.com\/product\/electric-street-sweeper-s15-plus-factory-direct-wholesale-orvik#primaryimage\"},\"image\":{\"@id\":\"https:\/\/orvikpower.com\/product\/electric-street-sweeper-s15-plus-factory-direct-wholesale-orvik#primaryimage\"},\"thumbnailUrl\":\"https:\/\/orvikpower.com\/wp-content\/uploads\/2026\/01\/Electric-Street-Sweeper-S15-Plus-Factory-Direct-Wholesale-ORVIK.jpg\",\"datePublished\":\"2026-01-21T14:16:35+00:00\",\"dateModified\":\"2026-01-21T14:16:47+00:00\",\"breadcrumb\":{\"@id\":\"https:\/\/orvikpower.com\/product\/electric-street-sweeper-s15-plus-factory-direct-wholesale-orvik#breadcrumb\"},\"inLanguage\":\"pt-AO\",\"potentialAction\":[{\"@type\":\"ReadAction\",\"target\":[\"https:\/\/orvikpower.com\/product\/electric-street-sweeper-s15-plus-factory-direct-wholesale-orvik\"]}]},{\"@type\":\"ImageObject\",\"inLanguage\":\"pt-AO\",\"@id\":\"https:\/\/orvikpower.com\/product\/electric-street-sweeper-s15-plus-factory-direct-wholesale-orvik#primaryimage\",\"url\":\"https:\/\/orvikpower.com\/wp-content\/uploads\/2026\/01\/Electric-Street-Sweeper-S15-Plus-Factory-Direct-Wholesale-ORVIK.jpg\",\"contentUrl\":\"https:\/\/orvikpower.com\/wp-content\/uploads\/2026\/01\/Electric-Street-Sweeper-S15-Plus-Factory-Direct-Wholesale-ORVIK.jpg\",\"width\":1348,\"height\":1544},{\"@type\":\"BreadcrumbList\",\"@id\":\"https:\/\/orvikpower.com\/product\/electric-street-sweeper-s15-plus-factory-direct-wholesale-orvik#breadcrumb\",\"itemListElement\":[{\"@type\":\"ListItem\",\"position\":1,\"name\":\"Home\",\"item\":\"https:\/\/orvikpower.com\/\"},{\"@type\":\"ListItem\",\"position\":2,\"name\":\"SHOP\",\"item\":\"https:\/\/orvikpower.com\/shop\"},{\"@type\":\"ListItem\",\"position\":3,\"name\":\"Electric Street Sweeper S15 Plus | Factory Direct Wholesale &#8211; ORVIK\"}]},{\"@type\":\"WebSite\",\"@id\":\"https:\/\/orvikpower.com\/#website\",\"url\":\"https:\/\/orvikpower.com\/\",\"name\":\"ORVIK | Light Commercial Electric Vehicles\",\"description\":\"Premier Manufacturer of Off-road Electric Utility Vehicles, Pickups &amp; Mini Trucks. High-Temp &amp; Arctic Ready designs for farms &amp; mines. Save costs with Factory-Direct FCL. Make work flow. Get a Quote.\",\"publisher\":{\"@id\":\"https:\/\/orvikpower.com\/#organization\"},\"potentialAction\":[{\"@type\":\"SearchAction\",\"target\":{\"@type\":\"EntryPoint\",\"urlTemplate\":\"https:\/\/orvikpower.com\/?s={search_term_string}\"},\"query-input\":{\"@type\":\"PropertyValueSpecification\",\"valueRequired\":true,\"valueName\":\"search_term_string\"}}],\"inLanguage\":\"pt-AO\"},{\"@type\":\"Organization\",\"@id\":\"https:\/\/orvikpower.com\/#organization\",\"name\":\"ORVIK | Light Commercial Electric Vehicles\",\"url\":\"https:\/\/orvikpower.com\/\",\"logo\":{\"@type\":\"ImageObject\",\"inLanguage\":\"pt-AO\",\"@id\":\"https:\/\/orvikpower.com\/#\/schema\/logo\/image\/\",\"url\":\"https:\/\/orvikpower.com\/wp-content\/uploads\/2026\/01\/cropped-logo-h-main-small.png\",\"contentUrl\":\"https:\/\/orvikpower.com\/wp-content\/uploads\/2026\/01\/cropped-logo-h-main-small.png\",\"width\":512,\"height\":512,\"caption\":\"ORVIK | Light Commercial Electric Vehicles\"},\"image\":{\"@id\":\"https:\/\/orvikpower.com\/#\/schema\/logo\/image\/\"},\"sameAs\":[\"https:\/\/www.youtube.com\/@ORVIKOrvikPower\",\"https:\/\/www.pinterest.com\/OrvikPower\/\"]}]}<\/script>\n<!-- \/ Yoast SEO plugin. -->","yoast_head_json":{"title":"Varredor de Rua El\u00e9trico S15 Plus | Venda Direta da F\u00e1brica - ORVIK | ORVIK|Ve\u00edculos El\u00e9tricos Comerciais Leves","robots":{"index":"index","follow":"follow","max-snippet":"max-snippet:-1","max-image-preview":"max-image-preview:large","max-video-preview":"max-video-preview:-1"},"canonical":"https:\/\/orvikpower.com\/pt\/product\/electric-street-sweeper-s15-plus-factory-direct-wholesale-orvik","og_locale":"pt_PT","og_type":"article","og_title":"Electric Street Sweeper S15 Plus | Factory Direct Wholesale - ORVIK | ORVIK|Light Commercial Electric Vehicles","og_description":"Industrial electric sweeper S15 Plus. 1500mm sweeping width, rotomolding anti-corrosion body. High-temp ready for facilities. Inquire for FCL Price.","og_url":"https:\/\/orvikpower.com\/pt\/product\/electric-street-sweeper-s15-plus-factory-direct-wholesale-orvik","og_site_name":"ORVIK|Light Commercial Electric Vehicles","article_modified_time":"2026-01-21T14:16:47+00:00","og_image":[{"width":1348,"height":1544,"url":"https:\/\/orvikpower.com\/wp-content\/uploads\/2026\/01\/Electric-Street-Sweeper-S15-Plus-Factory-Direct-Wholesale-ORVIK.jpg","type":"image\/jpeg"}],"twitter_card":"summary_large_image","twitter_misc":{"Est. reading time":"1 minuto"},"schema":{"@context":"https:\/\/schema.org","@graph":[{"@type":"WebPage","@id":"https:\/\/orvikpower.com\/product\/electric-street-sweeper-s15-plus-factory-direct-wholesale-orvik","url":"https:\/\/orvikpower.com\/product\/electric-street-sweeper-s15-plus-factory-direct-wholesale-orvik","name":"Varredor de Rua El\u00e9trico S15 Plus | Venda Direta da F\u00e1brica - ORVIK | ORVIK|Ve\u00edculos El\u00e9tricos Comerciais Leves","isPartOf":{"@id":"https:\/\/orvikpower.com\/#website"},"primaryImageOfPage":{"@id":"https:\/\/orvikpower.com\/product\/electric-street-sweeper-s15-plus-factory-direct-wholesale-orvik#primaryimage"},"image":{"@id":"https:\/\/orvikpower.com\/product\/electric-street-sweeper-s15-plus-factory-direct-wholesale-orvik#primaryimage"},"thumbnailUrl":"https:\/\/orvikpower.com\/wp-content\/uploads\/2026\/01\/Electric-Street-Sweeper-S15-Plus-Factory-Direct-Wholesale-ORVIK.jpg","datePublished":"2026-01-21T14:16:35+00:00","dateModified":"2026-01-21T14:16:47+00:00","breadcrumb":{"@id":"https:\/\/orvikpower.com\/product\/electric-street-sweeper-s15-plus-factory-direct-wholesale-orvik#breadcrumb"},"inLanguage":"pt-AO","potentialAction":[{"@type":"ReadAction","target":["https:\/\/orvikpower.com\/product\/electric-street-sweeper-s15-plus-factory-direct-wholesale-orvik"]}]},{"@type":"ImageObject","inLanguage":"pt-AO","@id":"https:\/\/orvikpower.com\/product\/electric-street-sweeper-s15-plus-factory-direct-wholesale-orvik#primaryimage","url":"https:\/\/orvikpower.com\/wp-content\/uploads\/2026\/01\/Electric-Street-Sweeper-S15-Plus-Factory-Direct-Wholesale-ORVIK.jpg","contentUrl":"https:\/\/orvikpower.com\/wp-content\/uploads\/2026\/01\/Electric-Street-Sweeper-S15-Plus-Factory-Direct-Wholesale-ORVIK.jpg","width":1348,"height":1544},{"@type":"BreadcrumbList","@id":"https:\/\/orvikpower.com\/product\/electric-street-sweeper-s15-plus-factory-direct-wholesale-orvik#breadcrumb","itemListElement":[{"@type":"ListItem","position":1,"name":"Home","item":"https:\/\/orvikpower.com\/"},{"@type":"ListItem","position":2,"name":"SHOP","item":"https:\/\/orvikpower.com\/shop"},{"@type":"ListItem","position":3,"name":"Electric Street Sweeper S15 Plus | Factory Direct Wholesale &#8211; ORVIK"}]},{"@type":"WebSite","@id":"https:\/\/orvikpower.com\/#website","url":"https:\/\/orvikpower.com\/","name":"ORVIK | Ve\u00edculos el\u00e9ctricos comerciais ligeiros","description":"Principal fabricante de ve\u00edculos utilit\u00e1rios el\u00e9ctricos todo-o-terreno, pickups e mini-cami\u00f5es. Desenhos prontos para altas temperaturas e para o \u00c1rtico para quintas e minas. Poupe custos com o FCL direto da f\u00e1brica. Fa\u00e7a o fluxo de trabalho. Obter um or\u00e7amento.","publisher":{"@id":"https:\/\/orvikpower.com\/#organization"},"potentialAction":[{"@type":"SearchAction","target":{"@type":"EntryPoint","urlTemplate":"https:\/\/orvikpower.com\/?s={search_term_string}"},"query-input":{"@type":"PropertyValueSpecification","valueRequired":true,"valueName":"search_term_string"}}],"inLanguage":"pt-AO"},{"@type":"Organization","@id":"https:\/\/orvikpower.com\/#organization","name":"ORVIK | Ve\u00edculos el\u00e9ctricos comerciais ligeiros","url":"https:\/\/orvikpower.com\/","logo":{"@type":"ImageObject","inLanguage":"pt-AO","@id":"https:\/\/orvikpower.com\/#\/schema\/logo\/image\/","url":"https:\/\/orvikpower.com\/wp-content\/uploads\/2026\/01\/cropped-logo-h-main-small.png","contentUrl":"https:\/\/orvikpower.com\/wp-content\/uploads\/2026\/01\/cropped-logo-h-main-small.png","width":512,"height":512,"caption":"ORVIK | Light Commercial Electric Vehicles"},"image":{"@id":"https:\/\/orvikpower.com\/#\/schema\/logo\/image\/"},"sameAs":["https:\/\/www.youtube.com\/@ORVIKOrvikPower","https:\/\/www.pinterest.com\/OrvikPower\/"]}]}},"_links":{"self":[{"href":"https:\/\/orvikpower.com\/pt\/wp-json\/wp\/v2\/product\/19089","targetHints":{"allow":["GET"]}}],"collection":[{"href":"https:\/\/orvikpower.com\/pt\/wp-json\/wp\/v2\/product"}],"about":[{"href":"https:\/\/orvikpower.com\/pt\/wp-json\/wp\/v2\/types\/product"}],"replies":[{"embeddable":true,"href":"https:\/\/orvikpower.com\/pt\/wp-json\/wp\/v2\/comments?post=19089"}],"wp:featuredmedia":[{"embeddable":true,"href":"https:\/\/orvikpower.com\/pt\/wp-json\/wp\/v2\/media\/19090"}],"wp:attachment":[{"href":"https:\/\/orvikpower.com\/pt\/wp-json\/wp\/v2\/media?parent=19089"}],"wp:term":[{"taxonomy":"product_brand","embeddable":true,"href":"https:\/\/orvikpower.com\/pt\/wp-json\/wp\/v2\/product_brand?post=19089"},{"taxonomy":"product_cat","embeddable":true,"href":"https:\/\/orvikpower.com\/pt\/wp-json\/wp\/v2\/product_cat?post=19089"},{"taxonomy":"product_tag","embeddable":true,"href":"https:\/\/orvikpower.com\/pt\/wp-json\/wp\/v2\/product_tag?post=19089"}],"curies":[{"name":"wp","href":"https:\/\/api.w.org\/{rel}","templated":true}]}}