{"id":19093,"date":"2026-01-21T14:28:31","date_gmt":"2026-01-21T14:28:31","guid":{"rendered":"https:\/\/orvikpower.com\/?post_type=product&#038;p=19093"},"modified":"2026-01-21T14:29:30","modified_gmt":"2026-01-21T14:29:30","slug":"x2-electric-street-sweeper-for-industrial-parks-factory-direct-wholesale-orvik","status":"publish","type":"product","link":"https:\/\/orvikpower.com\/pt\/product\/x2-electric-street-sweeper-for-industrial-parks-factory-direct-wholesale-orvik","title":{"rendered":"X2 varredor de rua el\u00e9trico para parques industriais - atacado direto da f\u00e1brica - ORVIK"},"content":{"rendered":"<p dir=\"auto\">O <strong>Varredora de rua el\u00e9ctrica ORVIK X2<\/strong> foi concebido para enfrentar as tarefas de limpeza mais exigentes em ambientes industriais e municipais. Constru\u00eddo sobre um chassis tratado com decapagem \u00e1cida e eletroforese (Carater\u00edstica), este ve\u00edculo oferece uma resist\u00eancia superior \u00e0 ferrugem e \u00e0 corros\u00e3o, mesmo em condi\u00e7\u00f5es h\u00famidas ou adversas (Vantagem), garantindo uma vida \u00fatil mais longa e um maior valor de revenda para a sua frota (Benef\u00edcio).<\/p>\n<div class=\"my-2\"><\/div>\n<p dir=\"auto\">Equipado com uma largura de varrimento abrangente de 1900 mm e um canh\u00e3o de nevoeiro de alta press\u00e3o, o X2 n\u00e3o s\u00f3 limpa os detritos como tamb\u00e9m suprime eficazmente o p\u00f3, criando um ambiente de trabalho mais seguro. A cablagem \u00e0 prova de \u00e1gua e o teto de pl\u00e1stico r\u00edgido de qualidade de engenharia aumentam ainda mais a sua durabilidade contra os elementos.<\/p>\n<ul dir=\"auto\">\n<li class=\"text-start\"><strong>Personaliza\u00e7\u00e3o de energia<\/strong>: A pot\u00eancia do motor pode ser personalizada para satisfazer requisitos espec\u00edficos de escalada ou de carga.<\/li>\n<li class=\"text-start\"><strong>Op\u00e7\u00f5es de bateria<\/strong>: De s\u00e9rie com baterias de chumbo-\u00e1cido; atualiz\u00e1vel para baterias de l\u00edtio LiFePO4 para uma vida \u00fatil mais longa e carregamento r\u00e1pido.<\/li>\n<\/ul>\n<div class=\"my-2\"><\/div>\n<p dir=\"auto\"><strong>Concebido para facilitar o seu trabalho.<\/strong><\/p>\n<table class=\"table table-striped-white table-bordered\" data-anchor-id=\"yp8i\">\n<thead>\n<tr>\n<th>Especifica\u00e7\u00e3o Item<\/th>\n<th>Detalhes<\/th>\n<\/tr>\n<\/thead>\n<tbody>\n<tr>\n<td><strong>Modelo<\/strong><\/td>\n<td>X2<\/td>\n<\/tr>\n<tr>\n<td><strong>Dimens\u00f5es (C*L*A)<\/strong><\/td>\n<td>2210 * 1900 * 1980 mm<\/td>\n<\/tr>\n<tr>\n<td><strong>Largura de varrimento<\/strong><\/td>\n<td>1900 mm<\/td>\n<\/tr>\n<tr>\n<td><strong>Especifica\u00e7\u00f5es da bateria<\/strong><\/td>\n<td>48V 100Ah (Chumbo-\u00e1cido Std \/ L\u00edtio Opt)<\/td>\n<\/tr>\n<tr>\n<td><strong>Pot\u00eancia do motor de acionamento<\/strong><\/td>\n<td>1200 W<\/td>\n<\/tr>\n<tr>\n<td><strong>Hor\u00e1rio de trabalho<\/strong><\/td>\n<td>3 - 4 horas<\/td>\n<\/tr>\n<tr>\n<td><strong>Peso do ve\u00edculo<\/strong><\/td>\n<td>780 kg<\/td>\n<\/tr>\n<tr>\n<td><strong>Sistema de limpeza<\/strong><\/td>\n<td>Motor da escova lateral: 1000W (Total) Motor da escova principal: 150W Motor do ventilador: 200W Motor para sacudir o p\u00f3: 500W<\/td>\n<\/tr>\n<tr>\n<td><strong>Capacidade do dep\u00f3sito<\/strong><\/td>\n<td>\u00c1gua: 200 L \/ Lixo: 200 L<\/td>\n<\/tr>\n<tr>\n<td><strong>Sistema de travagem<\/strong><\/td>\n<td>Trav\u00f5es hidr\u00e1ulicos de disco duplo<\/td>\n<\/tr>\n<tr>\n<td><strong>Capacidade de escalada<\/strong><\/td>\n<td>25%<\/td>\n<\/tr>\n<tr>\n<td><strong>Controlo de poeiras<\/strong><\/td>\n<td>Pistola de \u00e1gua de alta press\u00e3o + Canh\u00e3o de nevoeiro<\/td>\n<\/tr>\n<tr>\n<td><strong>Tratamento do chassis<\/strong><\/td>\n<td>Eletroforese + revestimento em p\u00f3 (anti-corros\u00e3o)<\/td>\n<\/tr>\n<tr>\n<td><strong>Quantidade de carga (40HQ)<\/strong><\/td>\n<td><em>Contacto para c\u00e1lculo<\/em><\/td>\n<\/tr>\n<\/tbody>\n<\/table>","protected":false},"excerpt":{"rendered":"<p dir=\"auto\">Maximize a efici\u00eancia da limpeza com a varredora de rua el\u00e9ctrica X2. Apresenta uma largura de 1900 mm, chassis anti-corros\u00e3o e sistema de supress\u00e3o de poeiras. Pergunte pelo pre\u00e7o FCL.<\/p>\n<div class=\"my-2\"><\/div>\n<p dir=\"auto\">","protected":false},"featured_media":19094,"comment_status":"open","ping_status":"closed","template":"","meta":{"_eb_attr":""},"product_brand":[],"product_cat":[75,74],"product_tag":[109,125,91,87,88],"class_list":{"0":"post-19093","1":"product","2":"type-product","3":"status-publish","4":"has-post-thumbnail","6":"product_cat-electric-street-sweepers","7":"product_cat-specialized-service-vehicles","8":"product_tag-dust-control","9":"product_tag-factory","10":"product_tag-industrial-park","11":"product_tag-municipal","12":"product_tag-resort","14":"first","15":"instock","16":"shipping-taxable","17":"product-type-simple"},"yoast_head":"<!-- This site is optimized with the Yoast SEO plugin v26.9 - https:\/\/yoast.com\/product\/yoast-seo-wordpress\/ -->\n<title>X2 Electric Street Sweeper for Industrial Parks | Factory Direct Wholesale - ORVIK | ORVIK|Light Commercial Electric Vehicles<\/title>\n<meta name=\"robots\" content=\"index, follow, max-snippet:-1, max-image-preview:large, max-video-preview:-1\" \/>\n<link rel=\"canonical\" href=\"https:\/\/orvikpower.com\/pt\/product\/x2-electric-street-sweeper-for-industrial-parks-factory-direct-wholesale-orvik\" \/>\n<meta property=\"og:locale\" content=\"pt_PT\" \/>\n<meta property=\"og:type\" content=\"article\" \/>\n<meta property=\"og:title\" content=\"X2 Electric Street Sweeper for Industrial Parks | Factory Direct Wholesale - ORVIK | ORVIK|Light Commercial Electric Vehicles\" \/>\n<meta property=\"og:description\" content=\"Maximize cleaning efficiency with the X2 Electric Street Sweeper. Features 1900mm width, anti-corrosion chassis, and dust suppression system. Inquire for FCL Price.\" \/>\n<meta property=\"og:url\" content=\"https:\/\/orvikpower.com\/pt\/product\/x2-electric-street-sweeper-for-industrial-parks-factory-direct-wholesale-orvik\" \/>\n<meta property=\"og:site_name\" content=\"ORVIK|Light Commercial Electric Vehicles\" \/>\n<meta property=\"article:modified_time\" content=\"2026-01-21T14:29:30+00:00\" \/>\n<meta property=\"og:image\" content=\"https:\/\/orvikpower.com\/wp-content\/uploads\/2026\/01\/X2-Electric-Street-Sweeper-for-Industrial-Parks-Factory-Direct-Wholesale-ORVIK.jpg\" \/>\n\t<meta property=\"og:image:width\" content=\"1650\" \/>\n\t<meta property=\"og:image:height\" content=\"1431\" \/>\n\t<meta property=\"og:image:type\" content=\"image\/jpeg\" \/>\n<meta name=\"twitter:card\" content=\"summary_large_image\" \/>\n<meta name=\"twitter:label1\" content=\"Est. reading time\" \/>\n\t<meta name=\"twitter:data1\" content=\"1 minuto\" \/>\n<script type=\"application\/ld+json\" class=\"yoast-schema-graph\">{\"@context\":\"https:\/\/schema.org\",\"@graph\":[{\"@type\":\"WebPage\",\"@id\":\"https:\/\/orvikpower.com\/product\/x2-electric-street-sweeper-for-industrial-parks-factory-direct-wholesale-orvik\",\"url\":\"https:\/\/orvikpower.com\/product\/x2-electric-street-sweeper-for-industrial-parks-factory-direct-wholesale-orvik\",\"name\":\"X2 Electric Street Sweeper for Industrial Parks | Factory Direct Wholesale - ORVIK | ORVIK|Light Commercial Electric Vehicles\",\"isPartOf\":{\"@id\":\"https:\/\/orvikpower.com\/#website\"},\"primaryImageOfPage\":{\"@id\":\"https:\/\/orvikpower.com\/product\/x2-electric-street-sweeper-for-industrial-parks-factory-direct-wholesale-orvik#primaryimage\"},\"image\":{\"@id\":\"https:\/\/orvikpower.com\/product\/x2-electric-street-sweeper-for-industrial-parks-factory-direct-wholesale-orvik#primaryimage\"},\"thumbnailUrl\":\"https:\/\/orvikpower.com\/wp-content\/uploads\/2026\/01\/X2-Electric-Street-Sweeper-for-Industrial-Parks-Factory-Direct-Wholesale-ORVIK.jpg\",\"datePublished\":\"2026-01-21T14:28:31+00:00\",\"dateModified\":\"2026-01-21T14:29:30+00:00\",\"breadcrumb\":{\"@id\":\"https:\/\/orvikpower.com\/product\/x2-electric-street-sweeper-for-industrial-parks-factory-direct-wholesale-orvik#breadcrumb\"},\"inLanguage\":\"pt-AO\",\"potentialAction\":[{\"@type\":\"ReadAction\",\"target\":[\"https:\/\/orvikpower.com\/product\/x2-electric-street-sweeper-for-industrial-parks-factory-direct-wholesale-orvik\"]}]},{\"@type\":\"ImageObject\",\"inLanguage\":\"pt-AO\",\"@id\":\"https:\/\/orvikpower.com\/product\/x2-electric-street-sweeper-for-industrial-parks-factory-direct-wholesale-orvik#primaryimage\",\"url\":\"https:\/\/orvikpower.com\/wp-content\/uploads\/2026\/01\/X2-Electric-Street-Sweeper-for-Industrial-Parks-Factory-Direct-Wholesale-ORVIK.jpg\",\"contentUrl\":\"https:\/\/orvikpower.com\/wp-content\/uploads\/2026\/01\/X2-Electric-Street-Sweeper-for-Industrial-Parks-Factory-Direct-Wholesale-ORVIK.jpg\",\"width\":1650,\"height\":1431,\"caption\":\"Maximize cleaning efficiency with the X2 Electric Street Sweeper. Features 1900mm width, anti-corrosion chassis, and dust suppression system. Inquire for FCL Price.\"},{\"@type\":\"BreadcrumbList\",\"@id\":\"https:\/\/orvikpower.com\/product\/x2-electric-street-sweeper-for-industrial-parks-factory-direct-wholesale-orvik#breadcrumb\",\"itemListElement\":[{\"@type\":\"ListItem\",\"position\":1,\"name\":\"Home\",\"item\":\"https:\/\/orvikpower.com\/\"},{\"@type\":\"ListItem\",\"position\":2,\"name\":\"SHOP\",\"item\":\"https:\/\/orvikpower.com\/shop\"},{\"@type\":\"ListItem\",\"position\":3,\"name\":\"X2 Electric Street Sweeper for Industrial Parks | Factory Direct Wholesale &#8211; ORVIK\"}]},{\"@type\":\"WebSite\",\"@id\":\"https:\/\/orvikpower.com\/#website\",\"url\":\"https:\/\/orvikpower.com\/\",\"name\":\"ORVIK | Light Commercial Electric Vehicles\",\"description\":\"Premier Manufacturer of Off-road Electric Utility Vehicles, Pickups &amp; Mini Trucks. High-Temp &amp; Arctic Ready designs for farms &amp; mines. Save costs with Factory-Direct FCL. Make work flow. Get a Quote.\",\"publisher\":{\"@id\":\"https:\/\/orvikpower.com\/#organization\"},\"potentialAction\":[{\"@type\":\"SearchAction\",\"target\":{\"@type\":\"EntryPoint\",\"urlTemplate\":\"https:\/\/orvikpower.com\/?s={search_term_string}\"},\"query-input\":{\"@type\":\"PropertyValueSpecification\",\"valueRequired\":true,\"valueName\":\"search_term_string\"}}],\"inLanguage\":\"pt-AO\"},{\"@type\":\"Organization\",\"@id\":\"https:\/\/orvikpower.com\/#organization\",\"name\":\"ORVIK | Light Commercial Electric Vehicles\",\"url\":\"https:\/\/orvikpower.com\/\",\"logo\":{\"@type\":\"ImageObject\",\"inLanguage\":\"pt-AO\",\"@id\":\"https:\/\/orvikpower.com\/#\/schema\/logo\/image\/\",\"url\":\"https:\/\/orvikpower.com\/wp-content\/uploads\/2026\/01\/cropped-logo-h-main-small.png\",\"contentUrl\":\"https:\/\/orvikpower.com\/wp-content\/uploads\/2026\/01\/cropped-logo-h-main-small.png\",\"width\":512,\"height\":512,\"caption\":\"ORVIK | Light Commercial Electric Vehicles\"},\"image\":{\"@id\":\"https:\/\/orvikpower.com\/#\/schema\/logo\/image\/\"},\"sameAs\":[\"https:\/\/www.youtube.com\/@ORVIKOrvikPower\",\"https:\/\/www.pinterest.com\/OrvikPower\/\"]}]}<\/script>\n<!-- \/ Yoast SEO plugin. -->","yoast_head_json":{"title":"X2 Varredor de Rua El\u00e9trico para Parques Industriais | Venda Direta na F\u00e1brica - ORVIK | ORVIK|Ve\u00edculos El\u00e9tricos Comerciais Leves","robots":{"index":"index","follow":"follow","max-snippet":"max-snippet:-1","max-image-preview":"max-image-preview:large","max-video-preview":"max-video-preview:-1"},"canonical":"https:\/\/orvikpower.com\/pt\/product\/x2-electric-street-sweeper-for-industrial-parks-factory-direct-wholesale-orvik","og_locale":"pt_PT","og_type":"article","og_title":"X2 Electric Street Sweeper for Industrial Parks | Factory Direct Wholesale - ORVIK | ORVIK|Light Commercial Electric Vehicles","og_description":"Maximize cleaning efficiency with the X2 Electric Street Sweeper. Features 1900mm width, anti-corrosion chassis, and dust suppression system. Inquire for FCL Price.","og_url":"https:\/\/orvikpower.com\/pt\/product\/x2-electric-street-sweeper-for-industrial-parks-factory-direct-wholesale-orvik","og_site_name":"ORVIK|Light Commercial Electric Vehicles","article_modified_time":"2026-01-21T14:29:30+00:00","og_image":[{"width":1650,"height":1431,"url":"https:\/\/orvikpower.com\/wp-content\/uploads\/2026\/01\/X2-Electric-Street-Sweeper-for-Industrial-Parks-Factory-Direct-Wholesale-ORVIK.jpg","type":"image\/jpeg"}],"twitter_card":"summary_large_image","twitter_misc":{"Est. reading time":"1 minuto"},"schema":{"@context":"https:\/\/schema.org","@graph":[{"@type":"WebPage","@id":"https:\/\/orvikpower.com\/product\/x2-electric-street-sweeper-for-industrial-parks-factory-direct-wholesale-orvik","url":"https:\/\/orvikpower.com\/product\/x2-electric-street-sweeper-for-industrial-parks-factory-direct-wholesale-orvik","name":"X2 Varredor de Rua El\u00e9trico para Parques Industriais | Venda Direta na F\u00e1brica - ORVIK | ORVIK|Ve\u00edculos El\u00e9tricos Comerciais Leves","isPartOf":{"@id":"https:\/\/orvikpower.com\/#website"},"primaryImageOfPage":{"@id":"https:\/\/orvikpower.com\/product\/x2-electric-street-sweeper-for-industrial-parks-factory-direct-wholesale-orvik#primaryimage"},"image":{"@id":"https:\/\/orvikpower.com\/product\/x2-electric-street-sweeper-for-industrial-parks-factory-direct-wholesale-orvik#primaryimage"},"thumbnailUrl":"https:\/\/orvikpower.com\/wp-content\/uploads\/2026\/01\/X2-Electric-Street-Sweeper-for-Industrial-Parks-Factory-Direct-Wholesale-ORVIK.jpg","datePublished":"2026-01-21T14:28:31+00:00","dateModified":"2026-01-21T14:29:30+00:00","breadcrumb":{"@id":"https:\/\/orvikpower.com\/product\/x2-electric-street-sweeper-for-industrial-parks-factory-direct-wholesale-orvik#breadcrumb"},"inLanguage":"pt-AO","potentialAction":[{"@type":"ReadAction","target":["https:\/\/orvikpower.com\/product\/x2-electric-street-sweeper-for-industrial-parks-factory-direct-wholesale-orvik"]}]},{"@type":"ImageObject","inLanguage":"pt-AO","@id":"https:\/\/orvikpower.com\/product\/x2-electric-street-sweeper-for-industrial-parks-factory-direct-wholesale-orvik#primaryimage","url":"https:\/\/orvikpower.com\/wp-content\/uploads\/2026\/01\/X2-Electric-Street-Sweeper-for-Industrial-Parks-Factory-Direct-Wholesale-ORVIK.jpg","contentUrl":"https:\/\/orvikpower.com\/wp-content\/uploads\/2026\/01\/X2-Electric-Street-Sweeper-for-Industrial-Parks-Factory-Direct-Wholesale-ORVIK.jpg","width":1650,"height":1431,"caption":"Maximize cleaning efficiency with the X2 Electric Street Sweeper. Features 1900mm width, anti-corrosion chassis, and dust suppression system. Inquire for FCL Price."},{"@type":"BreadcrumbList","@id":"https:\/\/orvikpower.com\/product\/x2-electric-street-sweeper-for-industrial-parks-factory-direct-wholesale-orvik#breadcrumb","itemListElement":[{"@type":"ListItem","position":1,"name":"Home","item":"https:\/\/orvikpower.com\/"},{"@type":"ListItem","position":2,"name":"SHOP","item":"https:\/\/orvikpower.com\/shop"},{"@type":"ListItem","position":3,"name":"X2 Electric Street Sweeper for Industrial Parks | Factory Direct Wholesale &#8211; ORVIK"}]},{"@type":"WebSite","@id":"https:\/\/orvikpower.com\/#website","url":"https:\/\/orvikpower.com\/","name":"ORVIK | Ve\u00edculos el\u00e9ctricos comerciais ligeiros","description":"Principal fabricante de ve\u00edculos utilit\u00e1rios el\u00e9ctricos todo-o-terreno, pickups e mini-cami\u00f5es. Desenhos prontos para altas temperaturas e para o \u00c1rtico para quintas e minas. Poupe custos com o FCL direto da f\u00e1brica. Fa\u00e7a o fluxo de trabalho. Obter um or\u00e7amento.","publisher":{"@id":"https:\/\/orvikpower.com\/#organization"},"potentialAction":[{"@type":"SearchAction","target":{"@type":"EntryPoint","urlTemplate":"https:\/\/orvikpower.com\/?s={search_term_string}"},"query-input":{"@type":"PropertyValueSpecification","valueRequired":true,"valueName":"search_term_string"}}],"inLanguage":"pt-AO"},{"@type":"Organization","@id":"https:\/\/orvikpower.com\/#organization","name":"ORVIK | Ve\u00edculos el\u00e9ctricos comerciais ligeiros","url":"https:\/\/orvikpower.com\/","logo":{"@type":"ImageObject","inLanguage":"pt-AO","@id":"https:\/\/orvikpower.com\/#\/schema\/logo\/image\/","url":"https:\/\/orvikpower.com\/wp-content\/uploads\/2026\/01\/cropped-logo-h-main-small.png","contentUrl":"https:\/\/orvikpower.com\/wp-content\/uploads\/2026\/01\/cropped-logo-h-main-small.png","width":512,"height":512,"caption":"ORVIK | Light Commercial Electric Vehicles"},"image":{"@id":"https:\/\/orvikpower.com\/#\/schema\/logo\/image\/"},"sameAs":["https:\/\/www.youtube.com\/@ORVIKOrvikPower","https:\/\/www.pinterest.com\/OrvikPower\/"]}]}},"_links":{"self":[{"href":"https:\/\/orvikpower.com\/pt\/wp-json\/wp\/v2\/product\/19093","targetHints":{"allow":["GET"]}}],"collection":[{"href":"https:\/\/orvikpower.com\/pt\/wp-json\/wp\/v2\/product"}],"about":[{"href":"https:\/\/orvikpower.com\/pt\/wp-json\/wp\/v2\/types\/product"}],"replies":[{"embeddable":true,"href":"https:\/\/orvikpower.com\/pt\/wp-json\/wp\/v2\/comments?post=19093"}],"wp:featuredmedia":[{"embeddable":true,"href":"https:\/\/orvikpower.com\/pt\/wp-json\/wp\/v2\/media\/19094"}],"wp:attachment":[{"href":"https:\/\/orvikpower.com\/pt\/wp-json\/wp\/v2\/media?parent=19093"}],"wp:term":[{"taxonomy":"product_brand","embeddable":true,"href":"https:\/\/orvikpower.com\/pt\/wp-json\/wp\/v2\/product_brand?post=19093"},{"taxonomy":"product_cat","embeddable":true,"href":"https:\/\/orvikpower.com\/pt\/wp-json\/wp\/v2\/product_cat?post=19093"},{"taxonomy":"product_tag","embeddable":true,"href":"https:\/\/orvikpower.com\/pt\/wp-json\/wp\/v2\/product_tag?post=19093"}],"curies":[{"name":"wp","href":"https:\/\/api.w.org\/{rel}","templated":true}]}}