{"id":19122,"date":"2026-01-21T15:55:00","date_gmt":"2026-01-21T15:55:00","guid":{"rendered":"https:\/\/orvikpower.com\/?post_type=product&#038;p=19122"},"modified":"2026-01-21T15:55:00","modified_gmt":"2026-01-21T15:55:00","slug":"orvik-22-seater-electric-golf-cart-resort-villa-factory-direct-fcl","status":"publish","type":"product","link":"https:\/\/orvikpower.com\/pt\/product\/orvik-22-seater-electric-golf-cart-resort-villa-factory-direct-fcl","title":{"rendered":"Carrinho de golfe el\u00e9trico de 2+2 lugares ORVIK | Resort &amp; Villa | Factory Diret FCL"},"content":{"rendered":"<p dir=\"auto\"><strong>Modelo: ORVIK Type-A (2+2 lugares)<\/strong><br \/>\n<strong>Concebida para a durabilidade, constru\u00edda para o conforto.<\/strong><\/p>\n<div class=\"my-2\"><\/div>\n<p dir=\"auto\">O ORVIK Type-A n\u00e3o \u00e9 apenas um carrinho de golfe; \u00e9 uma solu\u00e7\u00e3o robusta de transporte de pessoal concebida para propriedades privadas, resorts de luxo e condom\u00ednios fechados<\/p>\n<ul dir=\"auto\">\n<li class=\"text-start\"><strong>Carater\u00edstica<\/strong>: O ve\u00edculo \u00e9 constru\u00eddo sobre um <strong>Chassis em a\u00e7o galvanizado com 3 mm de espessura<\/strong> combinada com um corpo de pl\u00e1stico r\u00edgido PP de qualidade de engenharia.<\/li>\n<li class=\"text-start\"><strong>Vantagem<\/strong>: Esta arquitetura \u201c\u00e0 prova de ferrugem\u201d garante uma resist\u00eancia superior \u00e0 humidade e \u00e0 corros\u00e3o, especialmente em ambientes de est\u00e2ncias costeiras, ao contr\u00e1rio dos carrinhos normais com estrutura de ferro.<\/li>\n<li class=\"text-start\"><strong>Benef\u00edcio<\/strong>: Obt\u00e9m uma vida \u00fatil significativamente mais longa e custos de manuten\u00e7\u00e3o estrutural reduzidos, protegendo o investimento da sua frota ao longo do tempo.<\/li>\n<\/ul>\n<div class=\"my-2\"><\/div>\n<p dir=\"auto\"><strong>Op\u00e7\u00f5es de personaliza\u00e7\u00e3o:<\/strong><\/p>\n<ul dir=\"auto\">\n<li class=\"text-start\"><strong>Sistema de energia<\/strong>: Motor AC standard de 3,5KW. Est\u00e3o dispon\u00edveis configura\u00e7\u00f5es de pot\u00eancia personalizadas para responder a inclina\u00e7\u00f5es de terreno espec\u00edficas.<\/li>\n<li class=\"text-start\"><strong>Sistema de bateria<\/strong>: Vem com chumbo-\u00e1cido padr\u00e3o de 60V. <strong>Atualiza\u00e7\u00e3o opcional para bateria de l\u00edtio LiFePO4<\/strong> est\u00e1 dispon\u00edvel para um carregamento r\u00e1pido e ciclos de vida mais longos.<\/li>\n<\/ul>\n<div class=\"my-2\"><\/div>\n<p dir=\"auto\"><strong>Concebido para facilitar o seu trabalho.<\/strong><\/p>","protected":false},"excerpt":{"rendered":"<p>Constru\u00eddo sobre um chassis de a\u00e7o galvanizado de 3 mm para uma durabilidade \u00e0 prova de ferrugem. Este carrinho el\u00e9trico de 2+2 lugares possui um motor de 3,5KW e uma autonomia de &gt;80km. Ideal para est\u00e2ncias tur\u00edsticas e gest\u00e3o de propriedades. Est\u00e3o dispon\u00edveis op\u00e7\u00f5es preparadas para temperaturas elevadas. <strong>Pedir informa\u00e7\u00f5es sobre o pre\u00e7o de f\u00e1brica FCL.<\/strong><\/p>","protected":false},"featured_media":19134,"comment_status":"open","ping_status":"closed","template":"","meta":{"_eb_attr":""},"product_brand":[],"product_cat":[71,70],"product_tag":[141,142,140,88,138],"class_list":{"0":"post-19122","1":"product","2":"type-product","3":"status-publish","4":"has-post-thumbnail","6":"product_cat-electric-golf-carts","7":"product_cat-lsev-passenger-mobility","8":"product_tag-golf-course","9":"product_tag-hotel-reception","10":"product_tag-real-estate","11":"product_tag-resort","12":"product_tag-villa","14":"first","15":"instock","16":"shipping-taxable","17":"product-type-simple"},"yoast_head":"<!-- This site is optimized with the Yoast SEO plugin v26.9 - https:\/\/yoast.com\/product\/yoast-seo-wordpress\/ -->\n<title>ORVIK 2+2 Seater Electric Golf Cart | Resort &amp; Villa | Factory Direct FCL | ORVIK|Light Commercial Electric Vehicles<\/title>\n<meta name=\"robots\" content=\"index, follow, max-snippet:-1, max-image-preview:large, max-video-preview:-1\" \/>\n<link rel=\"canonical\" href=\"https:\/\/orvikpower.com\/pt\/product\/orvik-22-seater-electric-golf-cart-resort-villa-factory-direct-fcl\" \/>\n<meta property=\"og:locale\" content=\"pt_PT\" \/>\n<meta property=\"og:type\" content=\"article\" \/>\n<meta property=\"og:title\" content=\"ORVIK 2+2 Seater Electric Golf Cart | Resort &amp; Villa | Factory Direct FCL | ORVIK|Light Commercial Electric Vehicles\" \/>\n<meta property=\"og:description\" content=\"Built on a 3mm galvanized steel chassis for rust-proof durability. This 2+2 seater electric cart features a 3.5KW motor and &gt;80km range. Ideal for resorts and property management. High-temp ready options available. Inquire for FCL Factory Price.\" \/>\n<meta property=\"og:url\" content=\"https:\/\/orvikpower.com\/pt\/product\/orvik-22-seater-electric-golf-cart-resort-villa-factory-direct-fcl\" \/>\n<meta property=\"og:site_name\" content=\"ORVIK|Light Commercial Electric Vehicles\" \/>\n<meta property=\"og:image\" content=\"https:\/\/orvikpower.com\/wp-content\/uploads\/2026\/01\/ORVIK-22-Seater-Electric-Golf-Cart-Resort-Villa-Factory-Direct-FCL.jpeg\" \/>\n\t<meta property=\"og:image:width\" content=\"1200\" \/>\n\t<meta property=\"og:image:height\" content=\"1200\" \/>\n\t<meta property=\"og:image:type\" content=\"image\/jpeg\" \/>\n<meta name=\"twitter:card\" content=\"summary_large_image\" \/>\n<meta name=\"twitter:label1\" content=\"Est. reading time\" \/>\n\t<meta name=\"twitter:data1\" content=\"1 minuto\" \/>\n<script type=\"application\/ld+json\" class=\"yoast-schema-graph\">{\"@context\":\"https:\/\/schema.org\",\"@graph\":[{\"@type\":\"WebPage\",\"@id\":\"https:\/\/orvikpower.com\/product\/orvik-22-seater-electric-golf-cart-resort-villa-factory-direct-fcl\",\"url\":\"https:\/\/orvikpower.com\/product\/orvik-22-seater-electric-golf-cart-resort-villa-factory-direct-fcl\",\"name\":\"ORVIK 2+2 Seater Electric Golf Cart | Resort & Villa | Factory Direct FCL | ORVIK|Light Commercial Electric Vehicles\",\"isPartOf\":{\"@id\":\"https:\/\/orvikpower.com\/#website\"},\"primaryImageOfPage\":{\"@id\":\"https:\/\/orvikpower.com\/product\/orvik-22-seater-electric-golf-cart-resort-villa-factory-direct-fcl#primaryimage\"},\"image\":{\"@id\":\"https:\/\/orvikpower.com\/product\/orvik-22-seater-electric-golf-cart-resort-villa-factory-direct-fcl#primaryimage\"},\"thumbnailUrl\":\"https:\/\/orvikpower.com\/wp-content\/uploads\/2026\/01\/ORVIK-22-Seater-Electric-Golf-Cart-Resort-Villa-Factory-Direct-FCL.jpeg\",\"datePublished\":\"2026-01-21T15:55:00+00:00\",\"breadcrumb\":{\"@id\":\"https:\/\/orvikpower.com\/product\/orvik-22-seater-electric-golf-cart-resort-villa-factory-direct-fcl#breadcrumb\"},\"inLanguage\":\"pt-AO\",\"potentialAction\":[{\"@type\":\"ReadAction\",\"target\":[\"https:\/\/orvikpower.com\/product\/orvik-22-seater-electric-golf-cart-resort-villa-factory-direct-fcl\"]}]},{\"@type\":\"ImageObject\",\"inLanguage\":\"pt-AO\",\"@id\":\"https:\/\/orvikpower.com\/product\/orvik-22-seater-electric-golf-cart-resort-villa-factory-direct-fcl#primaryimage\",\"url\":\"https:\/\/orvikpower.com\/wp-content\/uploads\/2026\/01\/ORVIK-22-Seater-Electric-Golf-Cart-Resort-Villa-Factory-Direct-FCL.jpeg\",\"contentUrl\":\"https:\/\/orvikpower.com\/wp-content\/uploads\/2026\/01\/ORVIK-22-Seater-Electric-Golf-Cart-Resort-Villa-Factory-Direct-FCL.jpeg\",\"width\":1200,\"height\":1200},{\"@type\":\"BreadcrumbList\",\"@id\":\"https:\/\/orvikpower.com\/product\/orvik-22-seater-electric-golf-cart-resort-villa-factory-direct-fcl#breadcrumb\",\"itemListElement\":[{\"@type\":\"ListItem\",\"position\":1,\"name\":\"Home\",\"item\":\"https:\/\/orvikpower.com\/\"},{\"@type\":\"ListItem\",\"position\":2,\"name\":\"SHOP\",\"item\":\"https:\/\/orvikpower.com\/shop\"},{\"@type\":\"ListItem\",\"position\":3,\"name\":\"ORVIK 2+2 Seater Electric Golf Cart | Resort &#038; Villa | Factory Direct FCL\"}]},{\"@type\":\"WebSite\",\"@id\":\"https:\/\/orvikpower.com\/#website\",\"url\":\"https:\/\/orvikpower.com\/\",\"name\":\"ORVIK | Light Commercial Electric Vehicles\",\"description\":\"Premier Manufacturer of Off-road Electric Utility Vehicles, Pickups &amp; Mini Trucks. High-Temp &amp; Arctic Ready designs for farms &amp; mines. Save costs with Factory-Direct FCL. Make work flow. Get a Quote.\",\"publisher\":{\"@id\":\"https:\/\/orvikpower.com\/#organization\"},\"potentialAction\":[{\"@type\":\"SearchAction\",\"target\":{\"@type\":\"EntryPoint\",\"urlTemplate\":\"https:\/\/orvikpower.com\/?s={search_term_string}\"},\"query-input\":{\"@type\":\"PropertyValueSpecification\",\"valueRequired\":true,\"valueName\":\"search_term_string\"}}],\"inLanguage\":\"pt-AO\"},{\"@type\":\"Organization\",\"@id\":\"https:\/\/orvikpower.com\/#organization\",\"name\":\"ORVIK | Light Commercial Electric Vehicles\",\"url\":\"https:\/\/orvikpower.com\/\",\"logo\":{\"@type\":\"ImageObject\",\"inLanguage\":\"pt-AO\",\"@id\":\"https:\/\/orvikpower.com\/#\/schema\/logo\/image\/\",\"url\":\"https:\/\/orvikpower.com\/wp-content\/uploads\/2026\/01\/cropped-logo-h-main-small.png\",\"contentUrl\":\"https:\/\/orvikpower.com\/wp-content\/uploads\/2026\/01\/cropped-logo-h-main-small.png\",\"width\":512,\"height\":512,\"caption\":\"ORVIK | Light Commercial Electric Vehicles\"},\"image\":{\"@id\":\"https:\/\/orvikpower.com\/#\/schema\/logo\/image\/\"},\"sameAs\":[\"https:\/\/www.youtube.com\/@ORVIKOrvikPower\",\"https:\/\/www.pinterest.com\/OrvikPower\/\"]}]}<\/script>\n<!-- \/ Yoast SEO plugin. -->","yoast_head_json":{"title":"Carrinho de golfe el\u00e9trico de 2+2 lugares ORVIK | Resort &amp; Villa | Factory Diret FCL | ORVIK|Ve\u00edculos comerciais ligeiros el\u00e9ctricos","robots":{"index":"index","follow":"follow","max-snippet":"max-snippet:-1","max-image-preview":"max-image-preview:large","max-video-preview":"max-video-preview:-1"},"canonical":"https:\/\/orvikpower.com\/pt\/product\/orvik-22-seater-electric-golf-cart-resort-villa-factory-direct-fcl","og_locale":"pt_PT","og_type":"article","og_title":"ORVIK 2+2 Seater Electric Golf Cart | Resort & Villa | Factory Direct FCL | ORVIK|Light Commercial Electric Vehicles","og_description":"Built on a 3mm galvanized steel chassis for rust-proof durability. This 2+2 seater electric cart features a 3.5KW motor and &gt;80km range. Ideal for resorts and property management. High-temp ready options available. Inquire for FCL Factory Price.","og_url":"https:\/\/orvikpower.com\/pt\/product\/orvik-22-seater-electric-golf-cart-resort-villa-factory-direct-fcl","og_site_name":"ORVIK|Light Commercial Electric Vehicles","og_image":[{"width":1200,"height":1200,"url":"https:\/\/orvikpower.com\/wp-content\/uploads\/2026\/01\/ORVIK-22-Seater-Electric-Golf-Cart-Resort-Villa-Factory-Direct-FCL.jpeg","type":"image\/jpeg"}],"twitter_card":"summary_large_image","twitter_misc":{"Est. reading time":"1 minuto"},"schema":{"@context":"https:\/\/schema.org","@graph":[{"@type":"WebPage","@id":"https:\/\/orvikpower.com\/product\/orvik-22-seater-electric-golf-cart-resort-villa-factory-direct-fcl","url":"https:\/\/orvikpower.com\/product\/orvik-22-seater-electric-golf-cart-resort-villa-factory-direct-fcl","name":"Carrinho de golfe el\u00e9trico de 2+2 lugares ORVIK | Resort &amp; Villa | Factory Diret FCL | ORVIK|Ve\u00edculos comerciais ligeiros el\u00e9ctricos","isPartOf":{"@id":"https:\/\/orvikpower.com\/#website"},"primaryImageOfPage":{"@id":"https:\/\/orvikpower.com\/product\/orvik-22-seater-electric-golf-cart-resort-villa-factory-direct-fcl#primaryimage"},"image":{"@id":"https:\/\/orvikpower.com\/product\/orvik-22-seater-electric-golf-cart-resort-villa-factory-direct-fcl#primaryimage"},"thumbnailUrl":"https:\/\/orvikpower.com\/wp-content\/uploads\/2026\/01\/ORVIK-22-Seater-Electric-Golf-Cart-Resort-Villa-Factory-Direct-FCL.jpeg","datePublished":"2026-01-21T15:55:00+00:00","breadcrumb":{"@id":"https:\/\/orvikpower.com\/product\/orvik-22-seater-electric-golf-cart-resort-villa-factory-direct-fcl#breadcrumb"},"inLanguage":"pt-AO","potentialAction":[{"@type":"ReadAction","target":["https:\/\/orvikpower.com\/product\/orvik-22-seater-electric-golf-cart-resort-villa-factory-direct-fcl"]}]},{"@type":"ImageObject","inLanguage":"pt-AO","@id":"https:\/\/orvikpower.com\/product\/orvik-22-seater-electric-golf-cart-resort-villa-factory-direct-fcl#primaryimage","url":"https:\/\/orvikpower.com\/wp-content\/uploads\/2026\/01\/ORVIK-22-Seater-Electric-Golf-Cart-Resort-Villa-Factory-Direct-FCL.jpeg","contentUrl":"https:\/\/orvikpower.com\/wp-content\/uploads\/2026\/01\/ORVIK-22-Seater-Electric-Golf-Cart-Resort-Villa-Factory-Direct-FCL.jpeg","width":1200,"height":1200},{"@type":"BreadcrumbList","@id":"https:\/\/orvikpower.com\/product\/orvik-22-seater-electric-golf-cart-resort-villa-factory-direct-fcl#breadcrumb","itemListElement":[{"@type":"ListItem","position":1,"name":"Home","item":"https:\/\/orvikpower.com\/"},{"@type":"ListItem","position":2,"name":"SHOP","item":"https:\/\/orvikpower.com\/shop"},{"@type":"ListItem","position":3,"name":"ORVIK 2+2 Seater Electric Golf Cart | Resort &#038; Villa | Factory Direct FCL"}]},{"@type":"WebSite","@id":"https:\/\/orvikpower.com\/#website","url":"https:\/\/orvikpower.com\/","name":"ORVIK | Ve\u00edculos el\u00e9ctricos comerciais ligeiros","description":"Principal fabricante de ve\u00edculos utilit\u00e1rios el\u00e9ctricos todo-o-terreno, pickups e mini-cami\u00f5es. Desenhos prontos para altas temperaturas e para o \u00c1rtico para quintas e minas. Poupe custos com o FCL direto da f\u00e1brica. Fa\u00e7a o fluxo de trabalho. Obter um or\u00e7amento.","publisher":{"@id":"https:\/\/orvikpower.com\/#organization"},"potentialAction":[{"@type":"SearchAction","target":{"@type":"EntryPoint","urlTemplate":"https:\/\/orvikpower.com\/?s={search_term_string}"},"query-input":{"@type":"PropertyValueSpecification","valueRequired":true,"valueName":"search_term_string"}}],"inLanguage":"pt-AO"},{"@type":"Organization","@id":"https:\/\/orvikpower.com\/#organization","name":"ORVIK | Ve\u00edculos el\u00e9ctricos comerciais ligeiros","url":"https:\/\/orvikpower.com\/","logo":{"@type":"ImageObject","inLanguage":"pt-AO","@id":"https:\/\/orvikpower.com\/#\/schema\/logo\/image\/","url":"https:\/\/orvikpower.com\/wp-content\/uploads\/2026\/01\/cropped-logo-h-main-small.png","contentUrl":"https:\/\/orvikpower.com\/wp-content\/uploads\/2026\/01\/cropped-logo-h-main-small.png","width":512,"height":512,"caption":"ORVIK | Light Commercial Electric Vehicles"},"image":{"@id":"https:\/\/orvikpower.com\/#\/schema\/logo\/image\/"},"sameAs":["https:\/\/www.youtube.com\/@ORVIKOrvikPower","https:\/\/www.pinterest.com\/OrvikPower\/"]}]}},"_links":{"self":[{"href":"https:\/\/orvikpower.com\/pt\/wp-json\/wp\/v2\/product\/19122","targetHints":{"allow":["GET"]}}],"collection":[{"href":"https:\/\/orvikpower.com\/pt\/wp-json\/wp\/v2\/product"}],"about":[{"href":"https:\/\/orvikpower.com\/pt\/wp-json\/wp\/v2\/types\/product"}],"replies":[{"embeddable":true,"href":"https:\/\/orvikpower.com\/pt\/wp-json\/wp\/v2\/comments?post=19122"}],"wp:featuredmedia":[{"embeddable":true,"href":"https:\/\/orvikpower.com\/pt\/wp-json\/wp\/v2\/media\/19134"}],"wp:attachment":[{"href":"https:\/\/orvikpower.com\/pt\/wp-json\/wp\/v2\/media?parent=19122"}],"wp:term":[{"taxonomy":"product_brand","embeddable":true,"href":"https:\/\/orvikpower.com\/pt\/wp-json\/wp\/v2\/product_brand?post=19122"},{"taxonomy":"product_cat","embeddable":true,"href":"https:\/\/orvikpower.com\/pt\/wp-json\/wp\/v2\/product_cat?post=19122"},{"taxonomy":"product_tag","embeddable":true,"href":"https:\/\/orvikpower.com\/pt\/wp-json\/wp\/v2\/product_tag?post=19122"}],"curies":[{"name":"wp","href":"https:\/\/api.w.org\/{rel}","templated":true}]}}