{"id":19162,"date":"2026-01-22T07:31:24","date_gmt":"2026-01-22T07:31:24","guid":{"rendered":"https:\/\/orvikpower.com\/?post_type=product&#038;p=19162"},"modified":"2026-01-22T07:38:53","modified_gmt":"2026-01-22T07:38:53","slug":"ga6-6-seater-electric-golf-cart-42-factory-direct-fcl-orvik","status":"publish","type":"product","link":"https:\/\/orvikpower.com\/pt\/product\/ga6-6-seater-electric-golf-cart-42-factory-direct-fcl-orvik","title":{"rendered":"Carro de golfe el\u00e9trico de 6 lugares GA6 (4+2) | Factory Diret FCL - ORVIK"},"content":{"rendered":"<p dir=\"auto\"><strong>Mobilidade simplificada de passageiros para resorts e campus<\/strong><br \/>\nO ORVIK GA6 \u00e9 um robusto carrinho de golfe el\u00e9trico de 6 lugares (4+2) concebido para o transporte frequente de pessoal em resorts, hot\u00e9is e propriedades privadas. Constru\u00eddo sobre um <strong>Chassis de a\u00e7o galvanizado de 3 mm (carater\u00edstica)<\/strong>, Este ve\u00edculo oferece uma resist\u00eancia superior \u00e0 corros\u00e3o contra a humidade e o desgaste da costa <strong>(Vantagem)<\/strong>, prolongando significativamente a vida \u00fatil do ve\u00edculo e reduzindo os custos de substitui\u00e7\u00e3o da frota <strong>(Benef\u00edcio)<\/strong>.<\/p>\n<div class=\"my-2\"><\/div>\n<p dir=\"auto\">Alimentado por um motor de corrente alternada de 3,5 kW e um controlador Hercules inteligente, o GA6 lida facilmente com os graus 20%. Para clientes com necessidades operacionais espec\u00edficas, oferecemos <strong>configura\u00e7\u00f5es de pot\u00eancia personaliz\u00e1veis<\/strong> e uma escolha entre o econ\u00f3mico chumbo-\u00e1cido ou o de longa dura\u00e7\u00e3o <strong>Sistemas de baterias LiFePO4 (l\u00edtio)<\/strong>. Quer seja para transportar convidados VIP ou para inspecionar linhas de propriedade, o GA6 \u00e9 <strong>concebido para facilitar o seu fluxo de trabalho<\/strong><\/p>\n<div class=\"my-2\"><\/div>\n<p dir=\"auto\"><em>Nota: Este ve\u00edculo destina-se apenas a utiliza\u00e7\u00e3o fora de estrada \/ propriedade privada.<\/em><\/p>\n<p dir=\"auto\">\n<table class=\"table table-striped-white table-bordered\" data-anchor-id=\"t66c\">\n<thead>\n<tr>\n<th>Especifica\u00e7\u00e3o<\/th>\n<th>Detalhes<\/th>\n<\/tr>\n<\/thead>\n<tbody>\n<tr>\n<td><strong>C\u00f3digo do modelo<\/strong><\/td>\n<td>ORVIK GA6 (4+2 lugares)<\/td>\n<\/tr>\n<tr>\n<td><strong>Dimens\u00f5es (C*L*A)<\/strong><\/td>\n<td>3550 \u00d7 1200 \u00d7 1950 mm<\/td>\n<\/tr>\n<tr>\n<td><strong>Pot\u00eancia do motor<\/strong><\/td>\n<td>Motor AC de 3,5kW (<strong>Personaliz\u00e1vel<\/strong>) [3]<\/td>\n<\/tr>\n<tr>\n<td><strong>Controlador<\/strong><\/td>\n<td>Controlador inteligente HERCULES<\/td>\n<\/tr>\n<tr>\n<td><strong>Sistema de bateria<\/strong><\/td>\n<td>Chumbo-\u00e1cido 60V 100Ah (padr\u00e3o)<br \/>\n<strong>Atualiza\u00e7\u00e3o:<\/strong>\u00a0LiFePO4 L\u00edtio Dispon\u00edvel [3]<\/td>\n<\/tr>\n<tr>\n<td><strong>Alcance m\u00e1ximo<\/strong><\/td>\n<td>\n<blockquote class=\"white-blockquote\"><p>70 km (carregado)<\/p><\/blockquote>\n<\/td>\n<\/tr>\n<tr>\n<td><strong>Velocidade m\u00e1xima<\/strong><\/td>\n<td>30 km\/h (ajust\u00e1vel em fun\u00e7\u00e3o da seguran\u00e7a)<\/td>\n<\/tr>\n<tr>\n<td><strong>Capacidade de escalada<\/strong><\/td>\n<td>20% Grau<\/td>\n<\/tr>\n<tr>\n<td><strong>Material do chassis<\/strong><\/td>\n<td>A\u00e7o galvanizado (3 mm de espessura) - \u00e0 prova de ferrugem<\/td>\n<\/tr>\n<tr>\n<td><strong>Sistema de travagem<\/strong><\/td>\n<td>Trav\u00f5es de tambor hidr\u00e1ulico de 4 rodas + estacionamento mec\u00e2nico<\/td>\n<\/tr>\n<tr>\n<td><strong>Suspens\u00e3o<\/strong><\/td>\n<td>Frente: Semi-flutuante \/ Traseiro: Mola de l\u00e2mina + amortecedor<\/td>\n<\/tr>\n<tr>\n<td><strong>Pneus<\/strong><\/td>\n<td>Pneus todo-o-terreno\/de relva de 22 \u00d7 10 - 12 polegadas<\/td>\n<\/tr>\n<tr>\n<td><strong>Capacidade de passageiros<\/strong><\/td>\n<td>6 pessoas (4 viradas para a frente + 2 viradas para a retaguarda)<\/td>\n<\/tr>\n<tr>\n<td><strong>Quantidade de carga (40HQ)<\/strong><\/td>\n<td><strong>Contacto para o plano de carga optimizado SKD\/CBU<\/strong>\u00a0[1]<\/td>\n<\/tr>\n<\/tbody>\n<\/table>","protected":false},"excerpt":{"rendered":"<p dir=\"auto\">Modelo GA6, carrinho de golfe el\u00e9trico de 4+2 lugares para resorts e moradias. Possui chassis galvanizado \u00e0 prova de ferrugem e sistema de 60V. Dispon\u00edvel LiFePO4 personalizado. <strong>Informe-se sobre o pre\u00e7o FCL.<\/strong><\/p>\n<div class=\"my-2\"><\/div>\n<p dir=\"auto\">","protected":false},"featured_media":19174,"comment_status":"open","ping_status":"closed","template":"","meta":{"_eb_attr":""},"product_brand":[],"product_cat":[71,70],"product_tag":[89,141,142,140,88,138],"class_list":{"0":"post-19162","1":"product","2":"type-product","3":"status-publish","4":"has-post-thumbnail","6":"product_cat-electric-golf-carts","7":"product_cat-lsev-passenger-mobility","8":"product_tag-campus","9":"product_tag-golf-course","10":"product_tag-hotel-reception","11":"product_tag-real-estate","12":"product_tag-resort","13":"product_tag-villa","15":"first","16":"instock","17":"shipping-taxable","18":"product-type-simple"},"yoast_head":"<!-- This site is optimized with the Yoast SEO plugin v26.9 - https:\/\/yoast.com\/product\/yoast-seo-wordpress\/ -->\n<title>GA6 6-Seater Electric Golf Cart (4+2) | Factory Direct FCL - ORVIK | ORVIK|Light Commercial Electric Vehicles<\/title>\n<meta name=\"robots\" content=\"index, follow, max-snippet:-1, max-image-preview:large, max-video-preview:-1\" \/>\n<link rel=\"canonical\" href=\"https:\/\/orvikpower.com\/pt\/product\/ga6-6-seater-electric-golf-cart-42-factory-direct-fcl-orvik\" \/>\n<meta property=\"og:locale\" content=\"pt_PT\" \/>\n<meta property=\"og:type\" content=\"article\" \/>\n<meta property=\"og:title\" content=\"GA6 6-Seater Electric Golf Cart (4+2) | Factory Direct FCL - ORVIK | ORVIK|Light Commercial Electric Vehicles\" \/>\n<meta property=\"og:description\" content=\"Model GA6 4+2 seater electric golf cart for resorts and villas. Features rust-proof galvanized chassis and 60V system. Custom LiFePO4 available. Inquire for FCL Price.\" \/>\n<meta property=\"og:url\" content=\"https:\/\/orvikpower.com\/pt\/product\/ga6-6-seater-electric-golf-cart-42-factory-direct-fcl-orvik\" \/>\n<meta property=\"og:site_name\" content=\"ORVIK|Light Commercial Electric Vehicles\" \/>\n<meta property=\"article:modified_time\" content=\"2026-01-22T07:38:53+00:00\" \/>\n<meta property=\"og:image\" content=\"https:\/\/orvikpower.com\/wp-content\/uploads\/2026\/01\/GA6-6-Seater-Electric-Golf-Cart-42-Factory-Direct-FCL-ORVIK.jpeg\" \/>\n\t<meta property=\"og:image:width\" content=\"800\" \/>\n\t<meta property=\"og:image:height\" content=\"800\" \/>\n\t<meta property=\"og:image:type\" content=\"image\/jpeg\" \/>\n<meta name=\"twitter:card\" content=\"summary_large_image\" \/>\n<meta name=\"twitter:label1\" content=\"Est. reading time\" \/>\n\t<meta name=\"twitter:data1\" content=\"1 minuto\" \/>\n<script type=\"application\/ld+json\" class=\"yoast-schema-graph\">{\"@context\":\"https:\/\/schema.org\",\"@graph\":[{\"@type\":\"WebPage\",\"@id\":\"https:\/\/orvikpower.com\/product\/ga6-6-seater-electric-golf-cart-42-factory-direct-fcl-orvik\",\"url\":\"https:\/\/orvikpower.com\/product\/ga6-6-seater-electric-golf-cart-42-factory-direct-fcl-orvik\",\"name\":\"GA6 6-Seater Electric Golf Cart (4+2) | Factory Direct FCL - ORVIK | ORVIK|Light Commercial Electric Vehicles\",\"isPartOf\":{\"@id\":\"https:\/\/orvikpower.com\/#website\"},\"primaryImageOfPage\":{\"@id\":\"https:\/\/orvikpower.com\/product\/ga6-6-seater-electric-golf-cart-42-factory-direct-fcl-orvik#primaryimage\"},\"image\":{\"@id\":\"https:\/\/orvikpower.com\/product\/ga6-6-seater-electric-golf-cart-42-factory-direct-fcl-orvik#primaryimage\"},\"thumbnailUrl\":\"https:\/\/orvikpower.com\/wp-content\/uploads\/2026\/01\/GA6-6-Seater-Electric-Golf-Cart-42-Factory-Direct-FCL-ORVIK.jpeg\",\"datePublished\":\"2026-01-22T07:31:24+00:00\",\"dateModified\":\"2026-01-22T07:38:53+00:00\",\"breadcrumb\":{\"@id\":\"https:\/\/orvikpower.com\/product\/ga6-6-seater-electric-golf-cart-42-factory-direct-fcl-orvik#breadcrumb\"},\"inLanguage\":\"pt-AO\",\"potentialAction\":[{\"@type\":\"ReadAction\",\"target\":[\"https:\/\/orvikpower.com\/product\/ga6-6-seater-electric-golf-cart-42-factory-direct-fcl-orvik\"]}]},{\"@type\":\"ImageObject\",\"inLanguage\":\"pt-AO\",\"@id\":\"https:\/\/orvikpower.com\/product\/ga6-6-seater-electric-golf-cart-42-factory-direct-fcl-orvik#primaryimage\",\"url\":\"https:\/\/orvikpower.com\/wp-content\/uploads\/2026\/01\/GA6-6-Seater-Electric-Golf-Cart-42-Factory-Direct-FCL-ORVIK.jpeg\",\"contentUrl\":\"https:\/\/orvikpower.com\/wp-content\/uploads\/2026\/01\/GA6-6-Seater-Electric-Golf-Cart-42-Factory-Direct-FCL-ORVIK.jpeg\",\"width\":800,\"height\":800,\"caption\":\"Model GA6 4+2 seater electric golf cart for resorts and villas. Features rust-proof galvanized chassis and 60V system. Custom LiFePO4 available. Inquire for FCL Price.\"},{\"@type\":\"BreadcrumbList\",\"@id\":\"https:\/\/orvikpower.com\/product\/ga6-6-seater-electric-golf-cart-42-factory-direct-fcl-orvik#breadcrumb\",\"itemListElement\":[{\"@type\":\"ListItem\",\"position\":1,\"name\":\"Home\",\"item\":\"https:\/\/orvikpower.com\/\"},{\"@type\":\"ListItem\",\"position\":2,\"name\":\"SHOP\",\"item\":\"https:\/\/orvikpower.com\/shop\"},{\"@type\":\"ListItem\",\"position\":3,\"name\":\"GA6 6-Seater Electric Golf Cart (4+2) | Factory Direct FCL &#8211; ORVIK\"}]},{\"@type\":\"WebSite\",\"@id\":\"https:\/\/orvikpower.com\/#website\",\"url\":\"https:\/\/orvikpower.com\/\",\"name\":\"ORVIK | Light Commercial Electric Vehicles\",\"description\":\"Premier Manufacturer of Off-road Electric Utility Vehicles, Pickups &amp; Mini Trucks. High-Temp &amp; Arctic Ready designs for farms &amp; mines. Save costs with Factory-Direct FCL. Make work flow. Get a Quote.\",\"publisher\":{\"@id\":\"https:\/\/orvikpower.com\/#organization\"},\"potentialAction\":[{\"@type\":\"SearchAction\",\"target\":{\"@type\":\"EntryPoint\",\"urlTemplate\":\"https:\/\/orvikpower.com\/?s={search_term_string}\"},\"query-input\":{\"@type\":\"PropertyValueSpecification\",\"valueRequired\":true,\"valueName\":\"search_term_string\"}}],\"inLanguage\":\"pt-AO\"},{\"@type\":\"Organization\",\"@id\":\"https:\/\/orvikpower.com\/#organization\",\"name\":\"ORVIK | Light Commercial Electric Vehicles\",\"url\":\"https:\/\/orvikpower.com\/\",\"logo\":{\"@type\":\"ImageObject\",\"inLanguage\":\"pt-AO\",\"@id\":\"https:\/\/orvikpower.com\/#\/schema\/logo\/image\/\",\"url\":\"https:\/\/orvikpower.com\/wp-content\/uploads\/2026\/01\/cropped-logo-h-main-small.png\",\"contentUrl\":\"https:\/\/orvikpower.com\/wp-content\/uploads\/2026\/01\/cropped-logo-h-main-small.png\",\"width\":512,\"height\":512,\"caption\":\"ORVIK | Light Commercial Electric Vehicles\"},\"image\":{\"@id\":\"https:\/\/orvikpower.com\/#\/schema\/logo\/image\/\"},\"sameAs\":[\"https:\/\/www.youtube.com\/@ORVIKOrvikPower\",\"https:\/\/www.pinterest.com\/OrvikPower\/\"]}]}<\/script>\n<!-- \/ Yoast SEO plugin. -->","yoast_head_json":{"title":"Carrinho de golfe el\u00e9trico de 6 lugares GA6 (4+2) | Factory Diret FCL - ORVIK | ORVIK|Ve\u00edculos comerciais ligeiros el\u00e9ctricos","robots":{"index":"index","follow":"follow","max-snippet":"max-snippet:-1","max-image-preview":"max-image-preview:large","max-video-preview":"max-video-preview:-1"},"canonical":"https:\/\/orvikpower.com\/pt\/product\/ga6-6-seater-electric-golf-cart-42-factory-direct-fcl-orvik","og_locale":"pt_PT","og_type":"article","og_title":"GA6 6-Seater Electric Golf Cart (4+2) | Factory Direct FCL - ORVIK | ORVIK|Light Commercial Electric Vehicles","og_description":"Model GA6 4+2 seater electric golf cart for resorts and villas. Features rust-proof galvanized chassis and 60V system. Custom LiFePO4 available. Inquire for FCL Price.","og_url":"https:\/\/orvikpower.com\/pt\/product\/ga6-6-seater-electric-golf-cart-42-factory-direct-fcl-orvik","og_site_name":"ORVIK|Light Commercial Electric Vehicles","article_modified_time":"2026-01-22T07:38:53+00:00","og_image":[{"width":800,"height":800,"url":"https:\/\/orvikpower.com\/wp-content\/uploads\/2026\/01\/GA6-6-Seater-Electric-Golf-Cart-42-Factory-Direct-FCL-ORVIK.jpeg","type":"image\/jpeg"}],"twitter_card":"summary_large_image","twitter_misc":{"Est. reading time":"1 minuto"},"schema":{"@context":"https:\/\/schema.org","@graph":[{"@type":"WebPage","@id":"https:\/\/orvikpower.com\/product\/ga6-6-seater-electric-golf-cart-42-factory-direct-fcl-orvik","url":"https:\/\/orvikpower.com\/product\/ga6-6-seater-electric-golf-cart-42-factory-direct-fcl-orvik","name":"Carrinho de golfe el\u00e9trico de 6 lugares GA6 (4+2) | Factory Diret FCL - ORVIK | ORVIK|Ve\u00edculos comerciais ligeiros el\u00e9ctricos","isPartOf":{"@id":"https:\/\/orvikpower.com\/#website"},"primaryImageOfPage":{"@id":"https:\/\/orvikpower.com\/product\/ga6-6-seater-electric-golf-cart-42-factory-direct-fcl-orvik#primaryimage"},"image":{"@id":"https:\/\/orvikpower.com\/product\/ga6-6-seater-electric-golf-cart-42-factory-direct-fcl-orvik#primaryimage"},"thumbnailUrl":"https:\/\/orvikpower.com\/wp-content\/uploads\/2026\/01\/GA6-6-Seater-Electric-Golf-Cart-42-Factory-Direct-FCL-ORVIK.jpeg","datePublished":"2026-01-22T07:31:24+00:00","dateModified":"2026-01-22T07:38:53+00:00","breadcrumb":{"@id":"https:\/\/orvikpower.com\/product\/ga6-6-seater-electric-golf-cart-42-factory-direct-fcl-orvik#breadcrumb"},"inLanguage":"pt-AO","potentialAction":[{"@type":"ReadAction","target":["https:\/\/orvikpower.com\/product\/ga6-6-seater-electric-golf-cart-42-factory-direct-fcl-orvik"]}]},{"@type":"ImageObject","inLanguage":"pt-AO","@id":"https:\/\/orvikpower.com\/product\/ga6-6-seater-electric-golf-cart-42-factory-direct-fcl-orvik#primaryimage","url":"https:\/\/orvikpower.com\/wp-content\/uploads\/2026\/01\/GA6-6-Seater-Electric-Golf-Cart-42-Factory-Direct-FCL-ORVIK.jpeg","contentUrl":"https:\/\/orvikpower.com\/wp-content\/uploads\/2026\/01\/GA6-6-Seater-Electric-Golf-Cart-42-Factory-Direct-FCL-ORVIK.jpeg","width":800,"height":800,"caption":"Model GA6 4+2 seater electric golf cart for resorts and villas. Features rust-proof galvanized chassis and 60V system. Custom LiFePO4 available. Inquire for FCL Price."},{"@type":"BreadcrumbList","@id":"https:\/\/orvikpower.com\/product\/ga6-6-seater-electric-golf-cart-42-factory-direct-fcl-orvik#breadcrumb","itemListElement":[{"@type":"ListItem","position":1,"name":"Home","item":"https:\/\/orvikpower.com\/"},{"@type":"ListItem","position":2,"name":"SHOP","item":"https:\/\/orvikpower.com\/shop"},{"@type":"ListItem","position":3,"name":"GA6 6-Seater Electric Golf Cart (4+2) | Factory Direct FCL &#8211; ORVIK"}]},{"@type":"WebSite","@id":"https:\/\/orvikpower.com\/#website","url":"https:\/\/orvikpower.com\/","name":"ORVIK | Ve\u00edculos el\u00e9ctricos comerciais ligeiros","description":"Principal fabricante de ve\u00edculos utilit\u00e1rios el\u00e9ctricos todo-o-terreno, pickups e mini-cami\u00f5es. Desenhos prontos para altas temperaturas e para o \u00c1rtico para quintas e minas. Poupe custos com o FCL direto da f\u00e1brica. Fa\u00e7a o fluxo de trabalho. Obter um or\u00e7amento.","publisher":{"@id":"https:\/\/orvikpower.com\/#organization"},"potentialAction":[{"@type":"SearchAction","target":{"@type":"EntryPoint","urlTemplate":"https:\/\/orvikpower.com\/?s={search_term_string}"},"query-input":{"@type":"PropertyValueSpecification","valueRequired":true,"valueName":"search_term_string"}}],"inLanguage":"pt-AO"},{"@type":"Organization","@id":"https:\/\/orvikpower.com\/#organization","name":"ORVIK | Ve\u00edculos el\u00e9ctricos comerciais ligeiros","url":"https:\/\/orvikpower.com\/","logo":{"@type":"ImageObject","inLanguage":"pt-AO","@id":"https:\/\/orvikpower.com\/#\/schema\/logo\/image\/","url":"https:\/\/orvikpower.com\/wp-content\/uploads\/2026\/01\/cropped-logo-h-main-small.png","contentUrl":"https:\/\/orvikpower.com\/wp-content\/uploads\/2026\/01\/cropped-logo-h-main-small.png","width":512,"height":512,"caption":"ORVIK | Light Commercial Electric Vehicles"},"image":{"@id":"https:\/\/orvikpower.com\/#\/schema\/logo\/image\/"},"sameAs":["https:\/\/www.youtube.com\/@ORVIKOrvikPower","https:\/\/www.pinterest.com\/OrvikPower\/"]}]}},"_links":{"self":[{"href":"https:\/\/orvikpower.com\/pt\/wp-json\/wp\/v2\/product\/19162","targetHints":{"allow":["GET"]}}],"collection":[{"href":"https:\/\/orvikpower.com\/pt\/wp-json\/wp\/v2\/product"}],"about":[{"href":"https:\/\/orvikpower.com\/pt\/wp-json\/wp\/v2\/types\/product"}],"replies":[{"embeddable":true,"href":"https:\/\/orvikpower.com\/pt\/wp-json\/wp\/v2\/comments?post=19162"}],"wp:featuredmedia":[{"embeddable":true,"href":"https:\/\/orvikpower.com\/pt\/wp-json\/wp\/v2\/media\/19174"}],"wp:attachment":[{"href":"https:\/\/orvikpower.com\/pt\/wp-json\/wp\/v2\/media?parent=19162"}],"wp:term":[{"taxonomy":"product_brand","embeddable":true,"href":"https:\/\/orvikpower.com\/pt\/wp-json\/wp\/v2\/product_brand?post=19162"},{"taxonomy":"product_cat","embeddable":true,"href":"https:\/\/orvikpower.com\/pt\/wp-json\/wp\/v2\/product_cat?post=19162"},{"taxonomy":"product_tag","embeddable":true,"href":"https:\/\/orvikpower.com\/pt\/wp-json\/wp\/v2\/product_tag?post=19162"}],"curies":[{"name":"wp","href":"https:\/\/api.w.org\/{rel}","templated":true}]}}