{"id":19175,"date":"2026-01-22T07:38:03","date_gmt":"2026-01-22T07:38:03","guid":{"rendered":"https:\/\/orvikpower.com\/?post_type=product&#038;p=19175"},"modified":"2026-01-22T07:38:03","modified_gmt":"2026-01-22T07:38:03","slug":"gs6-6-seater-electric-golf-cart-resort-shuttle-factory-direct-wholesale-orvik","status":"publish","type":"product","link":"https:\/\/orvikpower.com\/pt\/product\/gs6-6-seater-electric-golf-cart-resort-shuttle-factory-direct-wholesale-orvik","title":{"rendered":"GS6 Carrinho de Golfe El\u00e9trico de 6 lugares \/ Transporte de Resort | Venda Direta \u00e0 F\u00e1brica - ORVIK"},"content":{"rendered":"<p dir=\"auto\">O <strong>ORVIK GS6 (Tipo A)<\/strong> n\u00e3o \u00e9 apenas um ve\u00edculo de passageiros; \u00e9 uma solu\u00e7\u00e3o de mobilidade dedicada concebida para otimizar o transporte de pessoal em ambientes de circuito fechado. Concebido para ser dur\u00e1vel, este ve\u00edculo de 6 lugares possui um <strong>Chassis em a\u00e7o galvanizado com 3 mm de espessura<\/strong> (Carater\u00edstica), que proporciona uma prote\u00e7\u00e3o superior contra a ferrugem em ambientes h\u00famidos ou costeiros (Vantagem), prolongando significativamente a vida \u00fatil do ve\u00edculo e protegendo o seu valor patrimonial (Benef\u00edcio).<\/p>\n<div class=\"my-2\"><\/div>\n<p dir=\"auto\">Alimentado por um robusto <strong>Motor CA de 5KW<\/strong> e um controlador Hercules inteligente, o GS6 proporciona um bin\u00e1rio fi\u00e1vel para inclina\u00e7\u00f5es at\u00e9 20%. Para satisfazer diversas necessidades operacionais, oferecemos configura\u00e7\u00f5es de pot\u00eancia personaliz\u00e1veis e uma escolha entre baterias de chumbo-\u00e1cido econ\u00f3micas ou baterias de l\u00edtio LiFePO4 de ciclo elevado. Quer se trate da gest\u00e3o de uma est\u00e2ncia tur\u00edstica em expans\u00e3o ou de um grande campus industrial, o GS6 foi concebido para <strong>fa\u00e7a o seu trabalho fluir<\/strong>.<\/p>\n<div class=\"my-2\"><\/div>\n<p dir=\"auto\"><em>Nota: Este ve\u00edculo destina-se exclusivamente a utiliza\u00e7\u00e3o fora de estrada \/ propriedade privada.<\/em><\/p>\n<p dir=\"auto\">\n<table class=\"table table-striped-white table-bordered\" data-anchor-id=\"t66c\">\n<thead>\n<tr>\n<th>Especifica\u00e7\u00e3o Item<\/th>\n<th>Detalhes<\/th>\n<\/tr>\n<\/thead>\n<tbody>\n<tr>\n<td><strong>C\u00f3digo do modelo<\/strong><\/td>\n<td>ORVIK GS6 (Tipo A)<\/td>\n<\/tr>\n<tr>\n<td><strong>Dimens\u00f5es (C*L*A)<\/strong><\/td>\n<td>3900 x 1200 x 1950 mm<\/td>\n<\/tr>\n<tr>\n<td><strong>Sistema de motor<\/strong><\/td>\n<td>Motor CA de 5KW (personaliz\u00e1vel)<\/td>\n<\/tr>\n<tr>\n<td><strong>Configura\u00e7\u00e3o da bateria<\/strong><\/td>\n<td>72V 100AH Chumbo-\u00e1cido (LiFePO4 opcional)<\/td>\n<\/tr>\n<tr>\n<td><strong>Alcance m\u00e1ximo<\/strong><\/td>\n<td>\n<blockquote class=\"white-blockquote\"><p>70 km (carregado)<\/p><\/blockquote>\n<\/td>\n<\/tr>\n<tr>\n<td><strong>Velocidade m\u00e1xima<\/strong><\/td>\n<td>30 km\/h (ajust\u00e1vel)<\/td>\n<\/tr>\n<tr>\n<td><strong>Capacidade de carga<\/strong><\/td>\n<td>6 Passageiros \/ Aprox. 480kg<\/td>\n<\/tr>\n<tr>\n<td><strong>Material do chassis<\/strong><\/td>\n<td>A\u00e7o galvanizado (3 mm de espessura)<\/td>\n<\/tr>\n<tr>\n<td><strong>Material da carro\u00e7aria<\/strong><\/td>\n<td>Engenharia PP Pl\u00e1stico duro<\/td>\n<\/tr>\n<tr>\n<td><strong>Sistema de trav\u00f5es<\/strong><\/td>\n<td>Tambor\/disco hidr\u00e1ulico de 4 rodas*<\/td>\n<\/tr>\n<tr>\n<td><strong>Suspens\u00e3o<\/strong><\/td>\n<td>Frente: Semi-flutuante \/ Traseiro: Mola de l\u00e2mina + amortecedor<\/td>\n<\/tr>\n<tr>\n<td><strong>Dist\u00e2ncia ao solo<\/strong><\/td>\n<td>200 mm<\/td>\n<\/tr>\n<tr>\n<td><strong>Quantidade de carga (40HQ)<\/strong><\/td>\n<td>Contacto para o plano de carregamento SKD\/CBU<\/td>\n<\/tr>\n<\/tbody>\n<\/table>\n<p dir=\"auto\">","protected":false},"excerpt":{"rendered":"<p dir=\"auto\">Carro el\u00e9trico robusto de 6 lugares com motor AC de 5KW e chassis galvanizado de 3mm. Constru\u00eddo para resorts e campus. Baixa manuten\u00e7\u00e3o, alto ROI. Pergunte pelo pre\u00e7o de f\u00e1brica FCL.<\/p>\n<div class=\"my-2\"><\/div>\n<p dir=\"auto\">","protected":false},"featured_media":19186,"comment_status":"open","ping_status":"closed","template":"","meta":{"_eb_attr":""},"product_brand":[],"product_cat":[71,70,73],"product_tag":[89,141,143,140,88,138],"class_list":{"0":"post-19175","1":"product","2":"type-product","3":"status-publish","4":"has-post-thumbnail","6":"product_cat-electric-golf-carts","7":"product_cat-lsev-passenger-mobility","8":"product_cat-sightseeing-shuttle-buses","9":"product_tag-campus","10":"product_tag-golf-course","11":"product_tag-hotel","12":"product_tag-real-estate","13":"product_tag-resort","14":"product_tag-villa","16":"first","17":"instock","18":"shipping-taxable","19":"product-type-simple"},"yoast_head":"<!-- This site is optimized with the Yoast SEO plugin v26.9 - https:\/\/yoast.com\/product\/yoast-seo-wordpress\/ -->\n<title>GS6 6-Seater Electric Golf Cart \/ Resort Shuttle | Factory Direct Wholesale - ORVIK | ORVIK|Light Commercial Electric Vehicles<\/title>\n<meta name=\"robots\" content=\"index, follow, max-snippet:-1, max-image-preview:large, max-video-preview:-1\" \/>\n<link rel=\"canonical\" href=\"https:\/\/orvikpower.com\/pt\/product\/gs6-6-seater-electric-golf-cart-resort-shuttle-factory-direct-wholesale-orvik\" \/>\n<meta property=\"og:locale\" content=\"pt_PT\" \/>\n<meta property=\"og:type\" content=\"article\" \/>\n<meta property=\"og:title\" content=\"GS6 6-Seater Electric Golf Cart \/ Resort Shuttle | Factory Direct Wholesale - ORVIK | ORVIK|Light Commercial Electric Vehicles\" \/>\n<meta property=\"og:description\" content=\"Robust 6-seater electric cart with 5KW AC motor and 3mm galvanized chassis. Built for resorts and campuses. Low maintenance, high ROI. Inquire for FCL factory price.\" \/>\n<meta property=\"og:url\" content=\"https:\/\/orvikpower.com\/pt\/product\/gs6-6-seater-electric-golf-cart-resort-shuttle-factory-direct-wholesale-orvik\" \/>\n<meta property=\"og:site_name\" content=\"ORVIK|Light Commercial Electric Vehicles\" \/>\n<meta property=\"og:image\" content=\"https:\/\/orvikpower.com\/wp-content\/uploads\/2026\/01\/6-Seater-Electric-Golf-Cart-Resort-Shuttle-Factory-Direct-Wholesale-ORVIK.jpg\" \/>\n\t<meta property=\"og:image:width\" content=\"1650\" \/>\n\t<meta property=\"og:image:height\" content=\"1261\" \/>\n\t<meta property=\"og:image:type\" content=\"image\/jpeg\" \/>\n<meta name=\"twitter:card\" content=\"summary_large_image\" \/>\n<meta name=\"twitter:label1\" content=\"Est. reading time\" \/>\n\t<meta name=\"twitter:data1\" content=\"1 minuto\" \/>\n<script type=\"application\/ld+json\" class=\"yoast-schema-graph\">{\"@context\":\"https:\/\/schema.org\",\"@graph\":[{\"@type\":\"WebPage\",\"@id\":\"https:\/\/orvikpower.com\/product\/gs6-6-seater-electric-golf-cart-resort-shuttle-factory-direct-wholesale-orvik\",\"url\":\"https:\/\/orvikpower.com\/product\/gs6-6-seater-electric-golf-cart-resort-shuttle-factory-direct-wholesale-orvik\",\"name\":\"GS6 6-Seater Electric Golf Cart \/ Resort Shuttle | Factory Direct Wholesale - ORVIK | ORVIK|Light Commercial Electric Vehicles\",\"isPartOf\":{\"@id\":\"https:\/\/orvikpower.com\/#website\"},\"primaryImageOfPage\":{\"@id\":\"https:\/\/orvikpower.com\/product\/gs6-6-seater-electric-golf-cart-resort-shuttle-factory-direct-wholesale-orvik#primaryimage\"},\"image\":{\"@id\":\"https:\/\/orvikpower.com\/product\/gs6-6-seater-electric-golf-cart-resort-shuttle-factory-direct-wholesale-orvik#primaryimage\"},\"thumbnailUrl\":\"https:\/\/orvikpower.com\/wp-content\/uploads\/2026\/01\/6-Seater-Electric-Golf-Cart-Resort-Shuttle-Factory-Direct-Wholesale-ORVIK.jpg\",\"datePublished\":\"2026-01-22T07:38:03+00:00\",\"breadcrumb\":{\"@id\":\"https:\/\/orvikpower.com\/product\/gs6-6-seater-electric-golf-cart-resort-shuttle-factory-direct-wholesale-orvik#breadcrumb\"},\"inLanguage\":\"pt-AO\",\"potentialAction\":[{\"@type\":\"ReadAction\",\"target\":[\"https:\/\/orvikpower.com\/product\/gs6-6-seater-electric-golf-cart-resort-shuttle-factory-direct-wholesale-orvik\"]}]},{\"@type\":\"ImageObject\",\"inLanguage\":\"pt-AO\",\"@id\":\"https:\/\/orvikpower.com\/product\/gs6-6-seater-electric-golf-cart-resort-shuttle-factory-direct-wholesale-orvik#primaryimage\",\"url\":\"https:\/\/orvikpower.com\/wp-content\/uploads\/2026\/01\/6-Seater-Electric-Golf-Cart-Resort-Shuttle-Factory-Direct-Wholesale-ORVIK.jpg\",\"contentUrl\":\"https:\/\/orvikpower.com\/wp-content\/uploads\/2026\/01\/6-Seater-Electric-Golf-Cart-Resort-Shuttle-Factory-Direct-Wholesale-ORVIK.jpg\",\"width\":1650,\"height\":1261,\"caption\":\"Robust 6-seater electric cart with 5KW AC motor and 3mm galvanized chassis. Built for resorts and campuses. Low maintenance, high ROI. Inquire for FCL factory price.\"},{\"@type\":\"BreadcrumbList\",\"@id\":\"https:\/\/orvikpower.com\/product\/gs6-6-seater-electric-golf-cart-resort-shuttle-factory-direct-wholesale-orvik#breadcrumb\",\"itemListElement\":[{\"@type\":\"ListItem\",\"position\":1,\"name\":\"Home\",\"item\":\"https:\/\/orvikpower.com\/\"},{\"@type\":\"ListItem\",\"position\":2,\"name\":\"SHOP\",\"item\":\"https:\/\/orvikpower.com\/shop\"},{\"@type\":\"ListItem\",\"position\":3,\"name\":\"GS6 6-Seater Electric Golf Cart \/ Resort Shuttle | Factory Direct Wholesale &#8211; ORVIK\"}]},{\"@type\":\"WebSite\",\"@id\":\"https:\/\/orvikpower.com\/#website\",\"url\":\"https:\/\/orvikpower.com\/\",\"name\":\"ORVIK | Light Commercial Electric Vehicles\",\"description\":\"Premier Manufacturer of Off-road Electric Utility Vehicles, Pickups &amp; Mini Trucks. High-Temp &amp; Arctic Ready designs for farms &amp; mines. Save costs with Factory-Direct FCL. Make work flow. Get a Quote.\",\"publisher\":{\"@id\":\"https:\/\/orvikpower.com\/#organization\"},\"potentialAction\":[{\"@type\":\"SearchAction\",\"target\":{\"@type\":\"EntryPoint\",\"urlTemplate\":\"https:\/\/orvikpower.com\/?s={search_term_string}\"},\"query-input\":{\"@type\":\"PropertyValueSpecification\",\"valueRequired\":true,\"valueName\":\"search_term_string\"}}],\"inLanguage\":\"pt-AO\"},{\"@type\":\"Organization\",\"@id\":\"https:\/\/orvikpower.com\/#organization\",\"name\":\"ORVIK | Light Commercial Electric Vehicles\",\"url\":\"https:\/\/orvikpower.com\/\",\"logo\":{\"@type\":\"ImageObject\",\"inLanguage\":\"pt-AO\",\"@id\":\"https:\/\/orvikpower.com\/#\/schema\/logo\/image\/\",\"url\":\"https:\/\/orvikpower.com\/wp-content\/uploads\/2026\/01\/cropped-logo-h-main-small.png\",\"contentUrl\":\"https:\/\/orvikpower.com\/wp-content\/uploads\/2026\/01\/cropped-logo-h-main-small.png\",\"width\":512,\"height\":512,\"caption\":\"ORVIK | Light Commercial Electric Vehicles\"},\"image\":{\"@id\":\"https:\/\/orvikpower.com\/#\/schema\/logo\/image\/\"},\"sameAs\":[\"https:\/\/www.youtube.com\/@ORVIKOrvikPower\",\"https:\/\/www.pinterest.com\/OrvikPower\/\"]}]}<\/script>\n<!-- \/ Yoast SEO plugin. -->","yoast_head_json":{"title":"GS6 Carrinho de Golfe El\u00e9trico de 6 Lugares \/ Shuttle para Resorts | Venda Direta na F\u00e1brica - ORVIK | ORVIK|Ve\u00edculos El\u00e9tricos Comerciais Leves","robots":{"index":"index","follow":"follow","max-snippet":"max-snippet:-1","max-image-preview":"max-image-preview:large","max-video-preview":"max-video-preview:-1"},"canonical":"https:\/\/orvikpower.com\/pt\/product\/gs6-6-seater-electric-golf-cart-resort-shuttle-factory-direct-wholesale-orvik","og_locale":"pt_PT","og_type":"article","og_title":"GS6 6-Seater Electric Golf Cart \/ Resort Shuttle | Factory Direct Wholesale - ORVIK | ORVIK|Light Commercial Electric Vehicles","og_description":"Robust 6-seater electric cart with 5KW AC motor and 3mm galvanized chassis. Built for resorts and campuses. Low maintenance, high ROI. Inquire for FCL factory price.","og_url":"https:\/\/orvikpower.com\/pt\/product\/gs6-6-seater-electric-golf-cart-resort-shuttle-factory-direct-wholesale-orvik","og_site_name":"ORVIK|Light Commercial Electric Vehicles","og_image":[{"width":1650,"height":1261,"url":"https:\/\/orvikpower.com\/wp-content\/uploads\/2026\/01\/6-Seater-Electric-Golf-Cart-Resort-Shuttle-Factory-Direct-Wholesale-ORVIK.jpg","type":"image\/jpeg"}],"twitter_card":"summary_large_image","twitter_misc":{"Est. reading time":"1 minuto"},"schema":{"@context":"https:\/\/schema.org","@graph":[{"@type":"WebPage","@id":"https:\/\/orvikpower.com\/product\/gs6-6-seater-electric-golf-cart-resort-shuttle-factory-direct-wholesale-orvik","url":"https:\/\/orvikpower.com\/product\/gs6-6-seater-electric-golf-cart-resort-shuttle-factory-direct-wholesale-orvik","name":"GS6 Carrinho de Golfe El\u00e9trico de 6 Lugares \/ Shuttle para Resorts | Venda Direta na F\u00e1brica - ORVIK | ORVIK|Ve\u00edculos El\u00e9tricos Comerciais Leves","isPartOf":{"@id":"https:\/\/orvikpower.com\/#website"},"primaryImageOfPage":{"@id":"https:\/\/orvikpower.com\/product\/gs6-6-seater-electric-golf-cart-resort-shuttle-factory-direct-wholesale-orvik#primaryimage"},"image":{"@id":"https:\/\/orvikpower.com\/product\/gs6-6-seater-electric-golf-cart-resort-shuttle-factory-direct-wholesale-orvik#primaryimage"},"thumbnailUrl":"https:\/\/orvikpower.com\/wp-content\/uploads\/2026\/01\/6-Seater-Electric-Golf-Cart-Resort-Shuttle-Factory-Direct-Wholesale-ORVIK.jpg","datePublished":"2026-01-22T07:38:03+00:00","breadcrumb":{"@id":"https:\/\/orvikpower.com\/product\/gs6-6-seater-electric-golf-cart-resort-shuttle-factory-direct-wholesale-orvik#breadcrumb"},"inLanguage":"pt-AO","potentialAction":[{"@type":"ReadAction","target":["https:\/\/orvikpower.com\/product\/gs6-6-seater-electric-golf-cart-resort-shuttle-factory-direct-wholesale-orvik"]}]},{"@type":"ImageObject","inLanguage":"pt-AO","@id":"https:\/\/orvikpower.com\/product\/gs6-6-seater-electric-golf-cart-resort-shuttle-factory-direct-wholesale-orvik#primaryimage","url":"https:\/\/orvikpower.com\/wp-content\/uploads\/2026\/01\/6-Seater-Electric-Golf-Cart-Resort-Shuttle-Factory-Direct-Wholesale-ORVIK.jpg","contentUrl":"https:\/\/orvikpower.com\/wp-content\/uploads\/2026\/01\/6-Seater-Electric-Golf-Cart-Resort-Shuttle-Factory-Direct-Wholesale-ORVIK.jpg","width":1650,"height":1261,"caption":"Robust 6-seater electric cart with 5KW AC motor and 3mm galvanized chassis. Built for resorts and campuses. Low maintenance, high ROI. Inquire for FCL factory price."},{"@type":"BreadcrumbList","@id":"https:\/\/orvikpower.com\/product\/gs6-6-seater-electric-golf-cart-resort-shuttle-factory-direct-wholesale-orvik#breadcrumb","itemListElement":[{"@type":"ListItem","position":1,"name":"Home","item":"https:\/\/orvikpower.com\/"},{"@type":"ListItem","position":2,"name":"SHOP","item":"https:\/\/orvikpower.com\/shop"},{"@type":"ListItem","position":3,"name":"GS6 6-Seater Electric Golf Cart \/ Resort Shuttle | Factory Direct Wholesale &#8211; ORVIK"}]},{"@type":"WebSite","@id":"https:\/\/orvikpower.com\/#website","url":"https:\/\/orvikpower.com\/","name":"ORVIK | Ve\u00edculos el\u00e9ctricos comerciais ligeiros","description":"Principal fabricante de ve\u00edculos utilit\u00e1rios el\u00e9ctricos todo-o-terreno, pickups e mini-cami\u00f5es. Desenhos prontos para altas temperaturas e para o \u00c1rtico para quintas e minas. Poupe custos com o FCL direto da f\u00e1brica. Fa\u00e7a o fluxo de trabalho. Obter um or\u00e7amento.","publisher":{"@id":"https:\/\/orvikpower.com\/#organization"},"potentialAction":[{"@type":"SearchAction","target":{"@type":"EntryPoint","urlTemplate":"https:\/\/orvikpower.com\/?s={search_term_string}"},"query-input":{"@type":"PropertyValueSpecification","valueRequired":true,"valueName":"search_term_string"}}],"inLanguage":"pt-AO"},{"@type":"Organization","@id":"https:\/\/orvikpower.com\/#organization","name":"ORVIK | Ve\u00edculos el\u00e9ctricos comerciais ligeiros","url":"https:\/\/orvikpower.com\/","logo":{"@type":"ImageObject","inLanguage":"pt-AO","@id":"https:\/\/orvikpower.com\/#\/schema\/logo\/image\/","url":"https:\/\/orvikpower.com\/wp-content\/uploads\/2026\/01\/cropped-logo-h-main-small.png","contentUrl":"https:\/\/orvikpower.com\/wp-content\/uploads\/2026\/01\/cropped-logo-h-main-small.png","width":512,"height":512,"caption":"ORVIK | Light Commercial Electric Vehicles"},"image":{"@id":"https:\/\/orvikpower.com\/#\/schema\/logo\/image\/"},"sameAs":["https:\/\/www.youtube.com\/@ORVIKOrvikPower","https:\/\/www.pinterest.com\/OrvikPower\/"]}]}},"_links":{"self":[{"href":"https:\/\/orvikpower.com\/pt\/wp-json\/wp\/v2\/product\/19175","targetHints":{"allow":["GET"]}}],"collection":[{"href":"https:\/\/orvikpower.com\/pt\/wp-json\/wp\/v2\/product"}],"about":[{"href":"https:\/\/orvikpower.com\/pt\/wp-json\/wp\/v2\/types\/product"}],"replies":[{"embeddable":true,"href":"https:\/\/orvikpower.com\/pt\/wp-json\/wp\/v2\/comments?post=19175"}],"wp:featuredmedia":[{"embeddable":true,"href":"https:\/\/orvikpower.com\/pt\/wp-json\/wp\/v2\/media\/19186"}],"wp:attachment":[{"href":"https:\/\/orvikpower.com\/pt\/wp-json\/wp\/v2\/media?parent=19175"}],"wp:term":[{"taxonomy":"product_brand","embeddable":true,"href":"https:\/\/orvikpower.com\/pt\/wp-json\/wp\/v2\/product_brand?post=19175"},{"taxonomy":"product_cat","embeddable":true,"href":"https:\/\/orvikpower.com\/pt\/wp-json\/wp\/v2\/product_cat?post=19175"},{"taxonomy":"product_tag","embeddable":true,"href":"https:\/\/orvikpower.com\/pt\/wp-json\/wp\/v2\/product_tag?post=19175"}],"curies":[{"name":"wp","href":"https:\/\/api.w.org\/{rel}","templated":true}]}}