{"id":19210,"date":"2026-01-22T09:24:54","date_gmt":"2026-01-22T09:24:54","guid":{"rendered":"https:\/\/orvikpower.com\/?post_type=product&#038;p=19210"},"modified":"2026-01-22T09:24:54","modified_gmt":"2026-01-22T09:24:54","slug":"off-road-electric-shuttle-series-2-10-seats-resort-mining-utility-factory-direct-orvik","status":"publish","type":"product","link":"https:\/\/orvikpower.com\/pt\/product\/off-road-electric-shuttle-series-2-10-seats-resort-mining-utility-factory-direct-orvik","title":{"rendered":"S\u00e9rie de vaiv\u00e9m el\u00e9trico todo-o-terreno (2-10 lugares) | Utilit\u00e1rio para est\u00e2ncias e minas | Direto da f\u00e1brica - ORVIK"},"content":{"rendered":"<p dir=\"auto\"><strong>Constru\u00eddo para o terreno acidentado. Concebida para a fiabilidade.<\/strong><br \/>\nA s\u00e9rie ORVIK Off-Road Shuttle n\u00e3o \u00e9 um carrinho de golfe normal; \u00e9 um ve\u00edculo de transporte de pessoal pesado concebido para terrenos dif\u00edceis.<\/p>\n<ul dir=\"auto\">\n<li class=\"text-start\"><strong>Carater\u00edstica<\/strong>: O ve\u00edculo est\u00e1 equipado com um chassis de a\u00e7o galvanizado refor\u00e7ado e integrado (3 mm de espessura) e uma suspens\u00e3o independente McPherson elevada, equipada com pneus de 23 polegadas com padr\u00e3o mineiro.<\/li>\n<li class=\"text-start\"><strong>Vantagem<\/strong>: Ao contr\u00e1rio dos carrinhos normais, este permite uma dist\u00e2ncia ao solo superior (240 mm) e tra\u00e7\u00e3o em gravilha, areia e superf\u00edcies industriais irregulares, enquanto o revestimento electrofor\u00e9tico tratado a laser evita a ferrugem, mesmo em ambientes h\u00famidos ou costeiros.<\/li>\n<li class=\"text-start\"><strong>Benef\u00edcio<\/strong>: Obt\u00e9m uma vida \u00fatil mais longa da frota e uma redu\u00e7\u00e3o significativa do tempo de paragem para manuten\u00e7\u00e3o, assegurando que os seus h\u00f3spedes ou trabalhadores s\u00e3o transportados em seguran\u00e7a sem interrup\u00e7\u00f5es.<\/li>\n<\/ul>\n<div class=\"my-2\"><\/div>\n<p dir=\"auto\"><em>Nota: O sistema de pot\u00eancia (kW do motor) e o tipo de bateria (chumbo-\u00e1cido ou LiFePO4) podem ser personalizados com base nos requisitos do seu projeto.<\/em><br \/>\n<strong>Concebido para facilitar o seu trabalho.<\/strong><\/p>\n<p dir=\"auto\"><strong>Nota de corre\u00e7\u00e3o<\/strong>:<\/p>\n<ol dir=\"auto\" start=\"1\">\n<li class=\"text-start\"><strong>Carregamento Qtd<\/strong>: Calculado com base nas dimens\u00f5es internas padr\u00e3o de 40HQ. A quantidade real pode variar em +\/- 2 unidades consoante o m\u00e9todo de embalagem (CBU vs SKD).<\/li>\n<li class=\"text-start\"><strong>Configura\u00e7\u00f5es<\/strong>: \u201c2+2\u201d, \u201c4+2\u201d, etc. referem-se a bancos virados para a frente + bancos rebat\u00edveis virados para a retaguarda.<\/li>\n<\/ol>\n<div id=\"preview-button-bar\" class=\"preview-button-bar\"><\/div>\n<div id=\"wmd-panel-preview\" class=\"wmd-panel-preview preview-container\">\n<div class=\"md-section-divider\"><\/div>\n<div id=\"wmd-preview\" class=\"wmd-preview\" data-medium-element=\"true\">\n<table class=\"table table-striped-white table-bordered\" data-anchor-id=\"tp5c\">\n<thead>\n<tr>\n<th>Configura\u00e7\u00e3o do modelo<\/th>\n<th><strong>2 lugares<\/strong><\/th>\n<th><strong>2+2 lugares<\/strong><\/th>\n<th><strong>4 lugares<\/strong><\/th>\n<th><strong>4+2 lugares<\/strong><\/th>\n<th><strong>6 lugares<\/strong><\/th>\n<th><strong>6+2 lugares<\/strong><\/th>\n<th><strong>8 lugares<\/strong><\/th>\n<th><strong>8+2 lugares<\/strong><\/th>\n<\/tr>\n<\/thead>\n<tbody>\n<tr>\n<td><strong>Dimens\u00f5es (mm)<\/strong><\/td>\n<td>2500\u00d71350\u00d72000<\/td>\n<td>2950\u00d71350\u00d72150<\/td>\n<td>3150\u00d71350\u00d72150<\/td>\n<td>3700\u00d71350\u00d72150<\/td>\n<td>3900\u00d71350\u00d72150<\/td>\n<td>4300\u00d71350\u00d72150<\/td>\n<td>4700\u00d71350\u00d72150<\/td>\n<td>5000\u00d71350\u00d72150<\/td>\n<\/tr>\n<tr>\n<td><strong>Peso do lancil<\/strong><\/td>\n<td>450 kg<\/td>\n<td>570 kg<\/td>\n<td>570 kg<\/td>\n<td>690 kg<\/td>\n<td>690 kg<\/td>\n<td>830 kg<\/td>\n<td>830 kg<\/td>\n<td>980 kg<\/td>\n<\/tr>\n<tr>\n<td><strong>Capacidade de passageiros<\/strong><\/td>\n<td>2<\/td>\n<td>4<\/td>\n<td>4<\/td>\n<td>6<\/td>\n<td>6<\/td>\n<td>8<\/td>\n<td>8<\/td>\n<td>10<\/td>\n<\/tr>\n<tr>\n<td><strong>Pot\u00eancia do motor<\/strong><\/td>\n<td>5KW AC<\/td>\n<td>5KW AC<\/td>\n<td>5KW AC<\/td>\n<td>5KW AC<\/td>\n<td>5KW AC<\/td>\n<td>7,5KW AC<\/td>\n<td>7,5KW AC<\/td>\n<td>7,5KW AC<\/td>\n<\/tr>\n<tr>\n<td><strong>Tens\u00e3o do sistema<\/strong><\/td>\n<td>48V<\/td>\n<td>48V<\/td>\n<td>48V<\/td>\n<td>48V<\/td>\n<td>48V<\/td>\n<td>72V<\/td>\n<td>72V<\/td>\n<td>72V<\/td>\n<\/tr>\n<tr>\n<td><strong>Bateria padr\u00e3o<\/strong><\/td>\n<td>Chumbo-\u00e1cido 150AH<\/td>\n<td>Chumbo-\u00e1cido 150AH<\/td>\n<td>Chumbo-\u00e1cido 150AH<\/td>\n<td>Chumbo-\u00e1cido 150AH<\/td>\n<td>Chumbo-\u00e1cido 150AH<\/td>\n<td>Chumbo-\u00e1cido 150AH<\/td>\n<td>Chumbo-\u00e1cido 150AH<\/td>\n<td>Chumbo-\u00e1cido 150AH<\/td>\n<\/tr>\n<tr>\n<td><strong>Op\u00e7\u00e3o de bateria<\/strong><\/td>\n<td><em>LiFePO4 Dispon\u00edvel<\/em><\/td>\n<td><em>LiFePO4 Dispon\u00edvel<\/em><\/td>\n<td><em>LiFePO4 Dispon\u00edvel<\/em><\/td>\n<td><em>LiFePO4 Dispon\u00edvel<\/em><\/td>\n<td><em>LiFePO4 Dispon\u00edvel<\/em><\/td>\n<td><em>LiFePO4 Dispon\u00edvel<\/em><\/td>\n<td><em>LiFePO4 Dispon\u00edvel<\/em><\/td>\n<td><em>LiFePO4 Dispon\u00edvel<\/em><\/td>\n<\/tr>\n<tr>\n<td><strong>Alcance m\u00e1ximo<\/strong><\/td>\n<td>\n<blockquote class=\"white-blockquote\"><p>80 km<\/p><\/blockquote>\n<\/td>\n<td>\n<blockquote class=\"white-blockquote\"><p>80 km<\/p><\/blockquote>\n<\/td>\n<td>\n<blockquote class=\"white-blockquote\"><p>80 km<\/p><\/blockquote>\n<\/td>\n<td>\n<blockquote class=\"white-blockquote\"><p>70 km<\/p><\/blockquote>\n<\/td>\n<td>\n<blockquote class=\"white-blockquote\"><p>70 km<\/p><\/blockquote>\n<\/td>\n<td>\n<blockquote class=\"white-blockquote\"><p>70 km<\/p><\/blockquote>\n<\/td>\n<td>\n<blockquote class=\"white-blockquote\"><p>70 km<\/p><\/blockquote>\n<\/td>\n<td>\n<blockquote class=\"white-blockquote\"><p>70 km<\/p><\/blockquote>\n<\/td>\n<\/tr>\n<tr>\n<td><strong>Velocidade m\u00e1xima<\/strong><\/td>\n<td>40 km\/h<\/td>\n<td>40 km\/h<\/td>\n<td>40 km\/h<\/td>\n<td>40 km\/h<\/td>\n<td>40 km\/h<\/td>\n<td>40 km\/h<\/td>\n<td>40 km\/h<\/td>\n<td>40 km\/h<\/td>\n<\/tr>\n<tr>\n<td><strong>Capacidade de escalada<\/strong><\/td>\n<td>25\u00b0<\/td>\n<td>25\u00b0<\/td>\n<td>25\u00b0<\/td>\n<td>20\u00b0<\/td>\n<td>20\u00b0<\/td>\n<td>20\u00b0<\/td>\n<td>20\u00b0<\/td>\n<td>20\u00b0<\/td>\n<\/tr>\n<tr>\n<td><strong>Dist\u00e2ncia entre eixos (mm)<\/strong><\/td>\n<td>1680<\/td>\n<td>1680<\/td>\n<td>2460<\/td>\n<td>2460<\/td>\n<td>3220<\/td>\n<td>3220<\/td>\n<td>3980<\/td>\n<td>3980<\/td>\n<\/tr>\n<tr>\n<td><strong>Pneus<\/strong><\/td>\n<td>23\u00d710-14 (todo-o-terreno)<\/td>\n<td>23\u00d710-14 (todo-o-terreno)<\/td>\n<td>23\u00d710-14 (todo-o-terreno)<\/td>\n<td>23\u00d710-14 (todo-o-terreno)<\/td>\n<td>23\u00d710-14 (todo-o-terreno)<\/td>\n<td>23\u00d710-14 (todo-o-terreno)<\/td>\n<td>23\u00d710-14 (todo-o-terreno)<\/td>\n<td>23\u00d710-14 (todo-o-terreno)<\/td>\n<\/tr>\n<tr>\n<td><strong>Dist\u00e2ncia ao solo<\/strong><\/td>\n<td>240 mm<\/td>\n<td>240 mm<\/td>\n<td>240 mm<\/td>\n<td>240 mm<\/td>\n<td>240 mm<\/td>\n<td>240 mm<\/td>\n<td>240 mm<\/td>\n<td>240 mm<\/td>\n<\/tr>\n<tr>\n<td><strong>Material do chassis<\/strong><\/td>\n<td>A\u00e7o galvanizado<\/td>\n<td>A\u00e7o galvanizado<\/td>\n<td>A\u00e7o galvanizado<\/td>\n<td>A\u00e7o galvanizado<\/td>\n<td>A\u00e7o galvanizado<\/td>\n<td>A\u00e7o galvanizado<\/td>\n<td>A\u00e7o galvanizado<\/td>\n<td>A\u00e7o galvanizado<\/td>\n<\/tr>\n<tr>\n<td><strong>Quantidade de carga (40HQ)<\/strong><\/td>\n<td><em>Contacto para o plano<\/em><\/td>\n<td><em>Contacto para o plano<\/em><\/td>\n<td><em>Contacto para o plano<\/em><\/td>\n<td><em>Contacto para o plano<\/em><\/td>\n<td><em>Contacto para o plano<\/em><\/td>\n<td><em>Contacto para o plano<\/em><\/td>\n<td><em>Contacto para o plano<\/em><\/td>\n<td><em>Contacto para o plano<\/em><\/td>\n<\/tr>\n<\/tbody>\n<\/table>\n<\/div>\n<\/div>","protected":false},"excerpt":{"rendered":"<p>Ve\u00edculos utilit\u00e1rios el\u00e9ctricos para servi\u00e7o pesado com suspens\u00e3o McPherson elevada e chassis galvanizado. Dispon\u00edvel em configura\u00e7\u00f5es de 2 a 10 lugares. Ideal para est\u00e2ncias tur\u00edsticas, locais de explora\u00e7\u00e3o mineira e parques industriais. Preparado para altas temperaturas. <strong>Informe-se sobre o pre\u00e7o FCL.<\/strong><\/p>","protected":false},"featured_media":19211,"comment_status":"open","ping_status":"closed","template":"","meta":{"_eb_attr":""},"product_brand":[],"product_cat":[71,72,70,73,77],"product_tag":[91,100,146,88,145],"class_list":{"0":"post-19210","1":"product","2":"type-product","3":"status-publish","4":"has-post-thumbnail","6":"product_cat-electric-golf-carts","7":"product_cat-lsev-commuter-vehicles","8":"product_cat-lsev-passenger-mobility","9":"product_cat-sightseeing-shuttle-buses","10":"product_cat-utility-logistics","11":"product_tag-industrial-park","12":"product_tag-mining-site","13":"product_tag-off-road-patrol","14":"product_tag-resort","15":"product_tag-villa-complex","17":"first","18":"instock","19":"shipping-taxable","20":"product-type-simple"},"yoast_head":"<!-- This site is optimized with the Yoast SEO plugin v26.9 - https:\/\/yoast.com\/product\/yoast-seo-wordpress\/ -->\n<title>Off-Road Electric Shuttle Series (2-10 Seats) | Resort &amp; Mining Utility | Factory Direct - ORVIK | ORVIK|Light Commercial Electric Vehicles<\/title>\n<meta name=\"robots\" content=\"index, follow, max-snippet:-1, max-image-preview:large, max-video-preview:-1\" \/>\n<link rel=\"canonical\" href=\"https:\/\/orvikpower.com\/pt\/product\/off-road-electric-shuttle-series-2-10-seats-resort-mining-utility-factory-direct-orvik\" \/>\n<meta property=\"og:locale\" content=\"pt_PT\" \/>\n<meta property=\"og:type\" content=\"article\" \/>\n<meta property=\"og:title\" content=\"Off-Road Electric Shuttle Series (2-10 Seats) | Resort &amp; Mining Utility | Factory Direct - ORVIK | ORVIK|Light Commercial Electric Vehicles\" \/>\n<meta property=\"og:description\" content=\"Heavy-duty electric utility vehicles featuring elevated McPherson suspension and galvanized chassis. Available in 2 to 10-seater configurations. Ideal for resorts, mining sites, and industrial parks. High-temp ready. Inquire for FCL Price.\" \/>\n<meta property=\"og:url\" content=\"https:\/\/orvikpower.com\/pt\/product\/off-road-electric-shuttle-series-2-10-seats-resort-mining-utility-factory-direct-orvik\" \/>\n<meta property=\"og:site_name\" content=\"ORVIK|Light Commercial Electric Vehicles\" \/>\n<meta property=\"og:image\" content=\"https:\/\/orvikpower.com\/wp-content\/uploads\/2026\/01\/Off-Road-Electric-Shuttle-Series-2-10-Seats-Resort-Mining-Utility-Factory-Direct-ORVIK.jpeg\" \/>\n\t<meta property=\"og:image:width\" content=\"800\" \/>\n\t<meta property=\"og:image:height\" content=\"800\" \/>\n\t<meta property=\"og:image:type\" content=\"image\/jpeg\" \/>\n<meta name=\"twitter:card\" content=\"summary_large_image\" \/>\n<meta name=\"twitter:label1\" content=\"Est. reading time\" \/>\n\t<meta name=\"twitter:data1\" content=\"2 minutos\" \/>\n<script type=\"application\/ld+json\" class=\"yoast-schema-graph\">{\"@context\":\"https:\/\/schema.org\",\"@graph\":[{\"@type\":\"WebPage\",\"@id\":\"https:\/\/orvikpower.com\/product\/off-road-electric-shuttle-series-2-10-seats-resort-mining-utility-factory-direct-orvik\",\"url\":\"https:\/\/orvikpower.com\/product\/off-road-electric-shuttle-series-2-10-seats-resort-mining-utility-factory-direct-orvik\",\"name\":\"Off-Road Electric Shuttle Series (2-10 Seats) | Resort & Mining Utility | Factory Direct - ORVIK | ORVIK|Light Commercial Electric Vehicles\",\"isPartOf\":{\"@id\":\"https:\/\/orvikpower.com\/#website\"},\"primaryImageOfPage\":{\"@id\":\"https:\/\/orvikpower.com\/product\/off-road-electric-shuttle-series-2-10-seats-resort-mining-utility-factory-direct-orvik#primaryimage\"},\"image\":{\"@id\":\"https:\/\/orvikpower.com\/product\/off-road-electric-shuttle-series-2-10-seats-resort-mining-utility-factory-direct-orvik#primaryimage\"},\"thumbnailUrl\":\"https:\/\/orvikpower.com\/wp-content\/uploads\/2026\/01\/Off-Road-Electric-Shuttle-Series-2-10-Seats-Resort-Mining-Utility-Factory-Direct-ORVIK.jpeg\",\"datePublished\":\"2026-01-22T09:24:54+00:00\",\"breadcrumb\":{\"@id\":\"https:\/\/orvikpower.com\/product\/off-road-electric-shuttle-series-2-10-seats-resort-mining-utility-factory-direct-orvik#breadcrumb\"},\"inLanguage\":\"pt-AO\",\"potentialAction\":[{\"@type\":\"ReadAction\",\"target\":[\"https:\/\/orvikpower.com\/product\/off-road-electric-shuttle-series-2-10-seats-resort-mining-utility-factory-direct-orvik\"]}]},{\"@type\":\"ImageObject\",\"inLanguage\":\"pt-AO\",\"@id\":\"https:\/\/orvikpower.com\/product\/off-road-electric-shuttle-series-2-10-seats-resort-mining-utility-factory-direct-orvik#primaryimage\",\"url\":\"https:\/\/orvikpower.com\/wp-content\/uploads\/2026\/01\/Off-Road-Electric-Shuttle-Series-2-10-Seats-Resort-Mining-Utility-Factory-Direct-ORVIK.jpeg\",\"contentUrl\":\"https:\/\/orvikpower.com\/wp-content\/uploads\/2026\/01\/Off-Road-Electric-Shuttle-Series-2-10-Seats-Resort-Mining-Utility-Factory-Direct-ORVIK.jpeg\",\"width\":800,\"height\":800,\"caption\":\"Heavy-duty electric utility vehicles featuring elevated McPherson suspension and galvanized chassis. Available in 2 to 10-seater configurations. Ideal for resorts, mining sites, and industrial parks. High-temp ready. Inquire for FCL Price.\"},{\"@type\":\"BreadcrumbList\",\"@id\":\"https:\/\/orvikpower.com\/product\/off-road-electric-shuttle-series-2-10-seats-resort-mining-utility-factory-direct-orvik#breadcrumb\",\"itemListElement\":[{\"@type\":\"ListItem\",\"position\":1,\"name\":\"Home\",\"item\":\"https:\/\/orvikpower.com\/\"},{\"@type\":\"ListItem\",\"position\":2,\"name\":\"SHOP\",\"item\":\"https:\/\/orvikpower.com\/shop\"},{\"@type\":\"ListItem\",\"position\":3,\"name\":\"Off-Road Electric Shuttle Series (2-10 Seats) | Resort &#038; Mining Utility | Factory Direct &#8211; ORVIK\"}]},{\"@type\":\"WebSite\",\"@id\":\"https:\/\/orvikpower.com\/#website\",\"url\":\"https:\/\/orvikpower.com\/\",\"name\":\"ORVIK | Light Commercial Electric Vehicles\",\"description\":\"Premier Manufacturer of Off-road Electric Utility Vehicles, Pickups &amp; Mini Trucks. High-Temp &amp; Arctic Ready designs for farms &amp; mines. Save costs with Factory-Direct FCL. Make work flow. Get a Quote.\",\"publisher\":{\"@id\":\"https:\/\/orvikpower.com\/#organization\"},\"potentialAction\":[{\"@type\":\"SearchAction\",\"target\":{\"@type\":\"EntryPoint\",\"urlTemplate\":\"https:\/\/orvikpower.com\/?s={search_term_string}\"},\"query-input\":{\"@type\":\"PropertyValueSpecification\",\"valueRequired\":true,\"valueName\":\"search_term_string\"}}],\"inLanguage\":\"pt-AO\"},{\"@type\":\"Organization\",\"@id\":\"https:\/\/orvikpower.com\/#organization\",\"name\":\"ORVIK | Light Commercial Electric Vehicles\",\"url\":\"https:\/\/orvikpower.com\/\",\"logo\":{\"@type\":\"ImageObject\",\"inLanguage\":\"pt-AO\",\"@id\":\"https:\/\/orvikpower.com\/#\/schema\/logo\/image\/\",\"url\":\"https:\/\/orvikpower.com\/wp-content\/uploads\/2026\/01\/cropped-logo-h-main-small.png\",\"contentUrl\":\"https:\/\/orvikpower.com\/wp-content\/uploads\/2026\/01\/cropped-logo-h-main-small.png\",\"width\":512,\"height\":512,\"caption\":\"ORVIK | Light Commercial Electric Vehicles\"},\"image\":{\"@id\":\"https:\/\/orvikpower.com\/#\/schema\/logo\/image\/\"},\"sameAs\":[\"https:\/\/www.youtube.com\/@ORVIKOrvikPower\",\"https:\/\/www.pinterest.com\/OrvikPower\/\"]}]}<\/script>\n<!-- \/ Yoast SEO plugin. -->","yoast_head_json":{"title":"S\u00e9rie de vaiv\u00e9ns el\u00e9ctricos todo-o-terreno (2-10 lugares) | Utilit\u00e1rio para resorts e minas | Direto da f\u00e1brica - ORVIK | ORVIK|Ve\u00edculos comerciais ligeiros el\u00e9ctricos","robots":{"index":"index","follow":"follow","max-snippet":"max-snippet:-1","max-image-preview":"max-image-preview:large","max-video-preview":"max-video-preview:-1"},"canonical":"https:\/\/orvikpower.com\/pt\/product\/off-road-electric-shuttle-series-2-10-seats-resort-mining-utility-factory-direct-orvik","og_locale":"pt_PT","og_type":"article","og_title":"Off-Road Electric Shuttle Series (2-10 Seats) | Resort & Mining Utility | Factory Direct - ORVIK | ORVIK|Light Commercial Electric Vehicles","og_description":"Heavy-duty electric utility vehicles featuring elevated McPherson suspension and galvanized chassis. Available in 2 to 10-seater configurations. Ideal for resorts, mining sites, and industrial parks. High-temp ready. Inquire for FCL Price.","og_url":"https:\/\/orvikpower.com\/pt\/product\/off-road-electric-shuttle-series-2-10-seats-resort-mining-utility-factory-direct-orvik","og_site_name":"ORVIK|Light Commercial Electric Vehicles","og_image":[{"width":800,"height":800,"url":"https:\/\/orvikpower.com\/wp-content\/uploads\/2026\/01\/Off-Road-Electric-Shuttle-Series-2-10-Seats-Resort-Mining-Utility-Factory-Direct-ORVIK.jpeg","type":"image\/jpeg"}],"twitter_card":"summary_large_image","twitter_misc":{"Est. reading time":"2 minutos"},"schema":{"@context":"https:\/\/schema.org","@graph":[{"@type":"WebPage","@id":"https:\/\/orvikpower.com\/product\/off-road-electric-shuttle-series-2-10-seats-resort-mining-utility-factory-direct-orvik","url":"https:\/\/orvikpower.com\/product\/off-road-electric-shuttle-series-2-10-seats-resort-mining-utility-factory-direct-orvik","name":"S\u00e9rie de vaiv\u00e9ns el\u00e9ctricos todo-o-terreno (2-10 lugares) | Utilit\u00e1rio para resorts e minas | Direto da f\u00e1brica - ORVIK | ORVIK|Ve\u00edculos comerciais ligeiros el\u00e9ctricos","isPartOf":{"@id":"https:\/\/orvikpower.com\/#website"},"primaryImageOfPage":{"@id":"https:\/\/orvikpower.com\/product\/off-road-electric-shuttle-series-2-10-seats-resort-mining-utility-factory-direct-orvik#primaryimage"},"image":{"@id":"https:\/\/orvikpower.com\/product\/off-road-electric-shuttle-series-2-10-seats-resort-mining-utility-factory-direct-orvik#primaryimage"},"thumbnailUrl":"https:\/\/orvikpower.com\/wp-content\/uploads\/2026\/01\/Off-Road-Electric-Shuttle-Series-2-10-Seats-Resort-Mining-Utility-Factory-Direct-ORVIK.jpeg","datePublished":"2026-01-22T09:24:54+00:00","breadcrumb":{"@id":"https:\/\/orvikpower.com\/product\/off-road-electric-shuttle-series-2-10-seats-resort-mining-utility-factory-direct-orvik#breadcrumb"},"inLanguage":"pt-AO","potentialAction":[{"@type":"ReadAction","target":["https:\/\/orvikpower.com\/product\/off-road-electric-shuttle-series-2-10-seats-resort-mining-utility-factory-direct-orvik"]}]},{"@type":"ImageObject","inLanguage":"pt-AO","@id":"https:\/\/orvikpower.com\/product\/off-road-electric-shuttle-series-2-10-seats-resort-mining-utility-factory-direct-orvik#primaryimage","url":"https:\/\/orvikpower.com\/wp-content\/uploads\/2026\/01\/Off-Road-Electric-Shuttle-Series-2-10-Seats-Resort-Mining-Utility-Factory-Direct-ORVIK.jpeg","contentUrl":"https:\/\/orvikpower.com\/wp-content\/uploads\/2026\/01\/Off-Road-Electric-Shuttle-Series-2-10-Seats-Resort-Mining-Utility-Factory-Direct-ORVIK.jpeg","width":800,"height":800,"caption":"Heavy-duty electric utility vehicles featuring elevated McPherson suspension and galvanized chassis. Available in 2 to 10-seater configurations. Ideal for resorts, mining sites, and industrial parks. High-temp ready. Inquire for FCL Price."},{"@type":"BreadcrumbList","@id":"https:\/\/orvikpower.com\/product\/off-road-electric-shuttle-series-2-10-seats-resort-mining-utility-factory-direct-orvik#breadcrumb","itemListElement":[{"@type":"ListItem","position":1,"name":"Home","item":"https:\/\/orvikpower.com\/"},{"@type":"ListItem","position":2,"name":"SHOP","item":"https:\/\/orvikpower.com\/shop"},{"@type":"ListItem","position":3,"name":"Off-Road Electric Shuttle Series (2-10 Seats) | Resort &#038; Mining Utility | Factory Direct &#8211; ORVIK"}]},{"@type":"WebSite","@id":"https:\/\/orvikpower.com\/#website","url":"https:\/\/orvikpower.com\/","name":"ORVIK | Ve\u00edculos el\u00e9ctricos comerciais ligeiros","description":"Principal fabricante de ve\u00edculos utilit\u00e1rios el\u00e9ctricos todo-o-terreno, pickups e mini-cami\u00f5es. Desenhos prontos para altas temperaturas e para o \u00c1rtico para quintas e minas. Poupe custos com o FCL direto da f\u00e1brica. Fa\u00e7a o fluxo de trabalho. Obter um or\u00e7amento.","publisher":{"@id":"https:\/\/orvikpower.com\/#organization"},"potentialAction":[{"@type":"SearchAction","target":{"@type":"EntryPoint","urlTemplate":"https:\/\/orvikpower.com\/?s={search_term_string}"},"query-input":{"@type":"PropertyValueSpecification","valueRequired":true,"valueName":"search_term_string"}}],"inLanguage":"pt-AO"},{"@type":"Organization","@id":"https:\/\/orvikpower.com\/#organization","name":"ORVIK | Ve\u00edculos el\u00e9ctricos comerciais ligeiros","url":"https:\/\/orvikpower.com\/","logo":{"@type":"ImageObject","inLanguage":"pt-AO","@id":"https:\/\/orvikpower.com\/#\/schema\/logo\/image\/","url":"https:\/\/orvikpower.com\/wp-content\/uploads\/2026\/01\/cropped-logo-h-main-small.png","contentUrl":"https:\/\/orvikpower.com\/wp-content\/uploads\/2026\/01\/cropped-logo-h-main-small.png","width":512,"height":512,"caption":"ORVIK | Light Commercial Electric Vehicles"},"image":{"@id":"https:\/\/orvikpower.com\/#\/schema\/logo\/image\/"},"sameAs":["https:\/\/www.youtube.com\/@ORVIKOrvikPower","https:\/\/www.pinterest.com\/OrvikPower\/"]}]}},"_links":{"self":[{"href":"https:\/\/orvikpower.com\/pt\/wp-json\/wp\/v2\/product\/19210","targetHints":{"allow":["GET"]}}],"collection":[{"href":"https:\/\/orvikpower.com\/pt\/wp-json\/wp\/v2\/product"}],"about":[{"href":"https:\/\/orvikpower.com\/pt\/wp-json\/wp\/v2\/types\/product"}],"replies":[{"embeddable":true,"href":"https:\/\/orvikpower.com\/pt\/wp-json\/wp\/v2\/comments?post=19210"}],"wp:featuredmedia":[{"embeddable":true,"href":"https:\/\/orvikpower.com\/pt\/wp-json\/wp\/v2\/media\/19211"}],"wp:attachment":[{"href":"https:\/\/orvikpower.com\/pt\/wp-json\/wp\/v2\/media?parent=19210"}],"wp:term":[{"taxonomy":"product_brand","embeddable":true,"href":"https:\/\/orvikpower.com\/pt\/wp-json\/wp\/v2\/product_brand?post=19210"},{"taxonomy":"product_cat","embeddable":true,"href":"https:\/\/orvikpower.com\/pt\/wp-json\/wp\/v2\/product_cat?post=19210"},{"taxonomy":"product_tag","embeddable":true,"href":"https:\/\/orvikpower.com\/pt\/wp-json\/wp\/v2\/product_tag?post=19210"}],"curies":[{"name":"wp","href":"https:\/\/api.w.org\/{rel}","templated":true}]}}