{"id":19841,"date":"2026-04-07T15:15:53","date_gmt":"2026-04-07T15:15:53","guid":{"rendered":"https:\/\/orvikpower.com\/?post_type=product&#038;p=19841"},"modified":"2026-04-07T15:15:53","modified_gmt":"2026-04-07T15:15:53","slug":"1000w-electric-cargo-trike-for-farm-mining-factory-fcl-orvik","status":"publish","type":"product","link":"https:\/\/orvikpower.com\/pt\/product\/1000w-electric-cargo-trike-for-farm-mining-factory-fcl-orvik","title":{"rendered":"Trike el\u00e9trico de carga 1000W para fazenda e minera\u00e7\u00e3o | F\u00e1brica FCL - ORVIK"},"content":{"rendered":"<p dir=\"auto\">O ORVIK SK1.5 aumenta a sua capacidade de transporte com uma plataforma de carga alargada de 1,5 m e pneus maiores de 12 polegadas, concebidos estritamente para utiliza\u00e7\u00e3o fora de estrada e em propriedades industriais. Constru\u00eddo sobre uma estrutura refor\u00e7ada e uma suspens\u00e3o de molas de l\u00e2minas traseiras para trabalhos pesados, este cavalo de batalha foi concebido para transportar at\u00e9 500 kg de materiais volumosos - tais como colheitas agr\u00edcolas ou detritos de constru\u00e7\u00e3o - atrav\u00e9s de terrenos irregulares e desafiantes, sem cair. O maior di\u00e2metro das rodas traduz-se diretamente numa maior dist\u00e2ncia ao solo, dando aos seus operadores a confian\u00e7a necess\u00e1ria para percorrer trilhos agr\u00edcolas lamacentos ou locais de extra\u00e7\u00e3o de gravilha.<\/p>\n<div class=\"my-2\"><\/div>\n<p dir=\"auto\">Ao utilizar uma transmiss\u00e3o direta do diferencial do eixo traseiro, o SK1.5 elimina os componentes de transmiss\u00e3o de elevada manuten\u00e7\u00e3o, reduzindo drasticamente o custo total de propriedade (TCO) da sua frota e o tempo de inatividade operacional. Para se adaptar a diferentes climas globais, o sistema de baterias \u00e9 totalmente personaliz\u00e1vel; escolha o econ\u00f3mico chumbo-\u00e1cido para utiliza\u00e7\u00e3o normal ou o LiFePO4 de alta densidade para ambientes com temperaturas extremas. Quando as suas exig\u00eancias operacionais aumentam, n\u00f3s tamb\u00e9m aumentamos: embora o motor padr\u00e3o de 1000 W forne\u00e7a um bin\u00e1rio robusto, o sistema de alimenta\u00e7\u00e3o \u00e9 personaliz\u00e1vel com op\u00e7\u00f5es de atualiza\u00e7\u00e3o para motores de 1200 W\/1500 W ou instala\u00e7\u00e3o de um extensor de autonomia para ciclos ininterruptos de trabalho pesado. Constru\u00edda para o trabalho. Concebida para fazer o seu trabalho fluir.<\/p>\n<table>\n<thead>\n<tr>\n<th>Par\u00e2metro Categoria<\/th>\n<th>Detalhes da especifica\u00e7\u00e3o<\/th>\n<\/tr>\n<\/thead>\n<tbody>\n<tr>\n<td><strong>Dimens\u00f5es da cama de carga (C*L*A)<\/strong><\/td>\n<td>1500 * 1000 mm<\/td>\n<\/tr>\n<tr>\n<td><strong>Estrutura do corpo<\/strong><\/td>\n<td>Estrutura de estrutura refor\u00e7ada<\/td>\n<\/tr>\n<tr>\n<td><strong>Tens\u00e3o<\/strong><\/td>\n<td>48-60V Universal<\/td>\n<\/tr>\n<tr>\n<td><strong>Pot\u00eancia do motor<\/strong><\/td>\n<td>1000W padr\u00e3o (personaliz\u00e1vel at\u00e9 1200W\/1500W)<\/td>\n<\/tr>\n<tr>\n<td><strong>Tipo de bateria<\/strong><\/td>\n<td>Personaliz\u00e1vel (chumbo-\u00e1cido \/ LiFePO4)<\/td>\n<\/tr>\n<tr>\n<td><strong>Sistema de acionamento<\/strong><\/td>\n<td>Diferencial integrado no eixo traseiro<\/td>\n<\/tr>\n<tr>\n<td><strong>Suspens\u00e3o<\/strong><\/td>\n<td>Placa de a\u00e7o hidr\u00e1ulica dianteira \/ mola de l\u00e2mina traseira<\/td>\n<\/tr>\n<tr>\n<td><strong>Sistema de travagem<\/strong><\/td>\n<td>Trav\u00f5es hidr\u00e1ulicos dianteiros \/ trav\u00f5es de tambor duplo traseiros<\/td>\n<\/tr>\n<tr>\n<td><strong>Tamanho do pneu<\/strong><\/td>\n<td>Dianteira: 3.0-12 \/ Traseira: 3.75-12<\/td>\n<\/tr>\n<tr>\n<td><strong>Velocidade m\u00e1xima<\/strong><\/td>\n<td>30-40 km\/h (Fora de estrada \/ Uso exclusivo de propriedade privada)<\/td>\n<\/tr>\n<tr>\n<td><strong>Capacidade de escalada<\/strong><\/td>\n<td>15 - 30 graus<\/td>\n<\/tr>\n<tr>\n<td><strong>Capacidade de carga nominal<\/strong><\/td>\n<td>300 - 500 KG<\/td>\n<\/tr>\n<tr>\n<td><strong>Dispositivos opcionais<\/strong><\/td>\n<td>Extensor de alcance, motor atualizado<\/td>\n<\/tr>\n<tr>\n<td><strong>Quantidade de carga (40HQ)<\/strong><\/td>\n<td>Aprox. 45-55 unidades (SKD - Contactar para obter a disposi\u00e7\u00e3o exacta)<\/td>\n<\/tr>\n<\/tbody>\n<\/table>","protected":false},"excerpt":{"rendered":"<p>Triciclo de carga el\u00e9trico de 1000 W com uma cama alargada de 1,5 m e pneus de 12 polegadas para cargas volumosas. Preparado para o \u00c1rtico\/altas temperaturas. Obtenha hoje a sua cota\u00e7\u00e3o FCL de f\u00e1brica.<\/p>","protected":false},"featured_media":19842,"comment_status":"open","ping_status":"closed","template":"","meta":{"_eb_attr":""},"product_brand":[],"product_cat":[79,77],"product_tag":[125,147,91,154,152,149],"class_list":{"0":"post-19841","1":"product","2":"type-product","3":"status-publish","4":"has-post-thumbnail","6":"product_cat-electric-cargo-tricycles","7":"product_cat-utility-logistics","8":"product_tag-factory","9":"product_tag-farm","10":"product_tag-industrial-park","11":"product_tag-logistics-hub","12":"product_tag-mining-area","13":"product_tag-off-road","15":"first","16":"instock","17":"shipping-taxable","18":"product-type-simple"},"yoast_head":"<!-- This site is optimized with the Yoast SEO plugin v26.9 - https:\/\/yoast.com\/product\/yoast-seo-wordpress\/ -->\n<title>1000W Electric Cargo Trike for Farm &amp; Mining | Factory FCL - ORVIK | ORVIK|Light Commercial Electric Vehicles<\/title>\n<meta name=\"robots\" content=\"index, follow, max-snippet:-1, max-image-preview:large, max-video-preview:-1\" \/>\n<link rel=\"canonical\" href=\"https:\/\/orvikpower.com\/pt\/product\/1000w-electric-cargo-trike-for-farm-mining-factory-fcl-orvik\" \/>\n<meta property=\"og:locale\" content=\"pt_PT\" \/>\n<meta property=\"og:type\" content=\"article\" \/>\n<meta property=\"og:title\" content=\"1000W Electric Cargo Trike for Farm &amp; Mining | Factory FCL - ORVIK | ORVIK|Light Commercial Electric Vehicles\" \/>\n<meta property=\"og:description\" content=\"Wholesale 1000W electric cargo trike featuring an extended 1.5m bed and 12-inch tires for bulky loads. Arctic\/High-temp ready. Get your factory FCL quote today.\" \/>\n<meta property=\"og:url\" content=\"https:\/\/orvikpower.com\/pt\/product\/1000w-electric-cargo-trike-for-farm-mining-factory-fcl-orvik\" \/>\n<meta property=\"og:site_name\" content=\"ORVIK|Light Commercial Electric Vehicles\" \/>\n<meta property=\"og:image\" content=\"https:\/\/orvikpower.com\/wp-content\/uploads\/2026\/04\/main.png\" \/>\n\t<meta property=\"og:image:width\" content=\"2008\" \/>\n\t<meta property=\"og:image:height\" content=\"2008\" \/>\n\t<meta property=\"og:image:type\" content=\"image\/png\" \/>\n<meta name=\"twitter:card\" content=\"summary_large_image\" \/>\n<meta name=\"twitter:label1\" content=\"Est. reading time\" \/>\n\t<meta name=\"twitter:data1\" content=\"2 minutos\" \/>\n<script type=\"application\/ld+json\" class=\"yoast-schema-graph\">{\"@context\":\"https:\/\/schema.org\",\"@graph\":[{\"@type\":\"WebPage\",\"@id\":\"https:\/\/orvikpower.com\/product\/1000w-electric-cargo-trike-for-farm-mining-factory-fcl-orvik\",\"url\":\"https:\/\/orvikpower.com\/product\/1000w-electric-cargo-trike-for-farm-mining-factory-fcl-orvik\",\"name\":\"1000W Electric Cargo Trike for Farm & Mining | Factory FCL - ORVIK | ORVIK|Light Commercial Electric Vehicles\",\"isPartOf\":{\"@id\":\"https:\/\/orvikpower.com\/#website\"},\"primaryImageOfPage\":{\"@id\":\"https:\/\/orvikpower.com\/product\/1000w-electric-cargo-trike-for-farm-mining-factory-fcl-orvik#primaryimage\"},\"image\":{\"@id\":\"https:\/\/orvikpower.com\/product\/1000w-electric-cargo-trike-for-farm-mining-factory-fcl-orvik#primaryimage\"},\"thumbnailUrl\":\"https:\/\/orvikpower.com\/wp-content\/uploads\/2026\/04\/main.png\",\"datePublished\":\"2026-04-07T15:15:53+00:00\",\"breadcrumb\":{\"@id\":\"https:\/\/orvikpower.com\/product\/1000w-electric-cargo-trike-for-farm-mining-factory-fcl-orvik#breadcrumb\"},\"inLanguage\":\"pt-AO\",\"potentialAction\":[{\"@type\":\"ReadAction\",\"target\":[\"https:\/\/orvikpower.com\/product\/1000w-electric-cargo-trike-for-farm-mining-factory-fcl-orvik\"]}]},{\"@type\":\"ImageObject\",\"inLanguage\":\"pt-AO\",\"@id\":\"https:\/\/orvikpower.com\/product\/1000w-electric-cargo-trike-for-farm-mining-factory-fcl-orvik#primaryimage\",\"url\":\"https:\/\/orvikpower.com\/wp-content\/uploads\/2026\/04\/main.png\",\"contentUrl\":\"https:\/\/orvikpower.com\/wp-content\/uploads\/2026\/04\/main.png\",\"width\":2008,\"height\":2008,\"caption\":\"Wholesale 1000W electric cargo trike featuring an extended 1.5m bed and 12-inch tires for bulky loads. Arctic\/High-temp ready. Get your factory FCL quote today.\"},{\"@type\":\"BreadcrumbList\",\"@id\":\"https:\/\/orvikpower.com\/product\/1000w-electric-cargo-trike-for-farm-mining-factory-fcl-orvik#breadcrumb\",\"itemListElement\":[{\"@type\":\"ListItem\",\"position\":1,\"name\":\"Home\",\"item\":\"https:\/\/orvikpower.com\/\"},{\"@type\":\"ListItem\",\"position\":2,\"name\":\"SHOP\",\"item\":\"https:\/\/orvikpower.com\/shop\"},{\"@type\":\"ListItem\",\"position\":3,\"name\":\"1000W Electric Cargo Trike for Farm &#038; Mining | Factory FCL &#8211; ORVIK\"}]},{\"@type\":\"WebSite\",\"@id\":\"https:\/\/orvikpower.com\/#website\",\"url\":\"https:\/\/orvikpower.com\/\",\"name\":\"ORVIK | Light Commercial Electric Vehicles\",\"description\":\"Premier Manufacturer of Off-road Electric Utility Vehicles, Pickups &amp; Mini Trucks. High-Temp &amp; Arctic Ready designs for farms &amp; mines. Save costs with Factory-Direct FCL. Make work flow. Get a Quote.\",\"publisher\":{\"@id\":\"https:\/\/orvikpower.com\/#organization\"},\"potentialAction\":[{\"@type\":\"SearchAction\",\"target\":{\"@type\":\"EntryPoint\",\"urlTemplate\":\"https:\/\/orvikpower.com\/?s={search_term_string}\"},\"query-input\":{\"@type\":\"PropertyValueSpecification\",\"valueRequired\":true,\"valueName\":\"search_term_string\"}}],\"inLanguage\":\"pt-AO\"},{\"@type\":\"Organization\",\"@id\":\"https:\/\/orvikpower.com\/#organization\",\"name\":\"ORVIK | Light Commercial Electric Vehicles\",\"url\":\"https:\/\/orvikpower.com\/\",\"logo\":{\"@type\":\"ImageObject\",\"inLanguage\":\"pt-AO\",\"@id\":\"https:\/\/orvikpower.com\/#\/schema\/logo\/image\/\",\"url\":\"https:\/\/orvikpower.com\/wp-content\/uploads\/2026\/01\/cropped-logo-h-main-small.png\",\"contentUrl\":\"https:\/\/orvikpower.com\/wp-content\/uploads\/2026\/01\/cropped-logo-h-main-small.png\",\"width\":512,\"height\":512,\"caption\":\"ORVIK | Light Commercial Electric Vehicles\"},\"image\":{\"@id\":\"https:\/\/orvikpower.com\/#\/schema\/logo\/image\/\"},\"sameAs\":[\"https:\/\/www.youtube.com\/@ORVIKOrvikPower\",\"https:\/\/www.pinterest.com\/OrvikPower\/\"]}]}<\/script>\n<!-- \/ Yoast SEO plugin. -->","yoast_head_json":{"title":"Trike de Carga El\u00e9ctrica de 1000W para Agricultura e Minas | F\u00e1brica FCL - ORVIK | ORVIK|Ve\u00edculos El\u00e9ctricos Comerciais Ligeiros","robots":{"index":"index","follow":"follow","max-snippet":"max-snippet:-1","max-image-preview":"max-image-preview:large","max-video-preview":"max-video-preview:-1"},"canonical":"https:\/\/orvikpower.com\/pt\/product\/1000w-electric-cargo-trike-for-farm-mining-factory-fcl-orvik","og_locale":"pt_PT","og_type":"article","og_title":"1000W Electric Cargo Trike for Farm & Mining | Factory FCL - ORVIK | ORVIK|Light Commercial Electric Vehicles","og_description":"Wholesale 1000W electric cargo trike featuring an extended 1.5m bed and 12-inch tires for bulky loads. Arctic\/High-temp ready. Get your factory FCL quote today.","og_url":"https:\/\/orvikpower.com\/pt\/product\/1000w-electric-cargo-trike-for-farm-mining-factory-fcl-orvik","og_site_name":"ORVIK|Light Commercial Electric Vehicles","og_image":[{"width":2008,"height":2008,"url":"https:\/\/orvikpower.com\/wp-content\/uploads\/2026\/04\/main.png","type":"image\/png"}],"twitter_card":"summary_large_image","twitter_misc":{"Est. reading time":"2 minutos"},"schema":{"@context":"https:\/\/schema.org","@graph":[{"@type":"WebPage","@id":"https:\/\/orvikpower.com\/product\/1000w-electric-cargo-trike-for-farm-mining-factory-fcl-orvik","url":"https:\/\/orvikpower.com\/product\/1000w-electric-cargo-trike-for-farm-mining-factory-fcl-orvik","name":"Trike de Carga El\u00e9ctrica de 1000W para Agricultura e Minas | F\u00e1brica FCL - ORVIK | ORVIK|Ve\u00edculos El\u00e9ctricos Comerciais Ligeiros","isPartOf":{"@id":"https:\/\/orvikpower.com\/#website"},"primaryImageOfPage":{"@id":"https:\/\/orvikpower.com\/product\/1000w-electric-cargo-trike-for-farm-mining-factory-fcl-orvik#primaryimage"},"image":{"@id":"https:\/\/orvikpower.com\/product\/1000w-electric-cargo-trike-for-farm-mining-factory-fcl-orvik#primaryimage"},"thumbnailUrl":"https:\/\/orvikpower.com\/wp-content\/uploads\/2026\/04\/main.png","datePublished":"2026-04-07T15:15:53+00:00","breadcrumb":{"@id":"https:\/\/orvikpower.com\/product\/1000w-electric-cargo-trike-for-farm-mining-factory-fcl-orvik#breadcrumb"},"inLanguage":"pt-AO","potentialAction":[{"@type":"ReadAction","target":["https:\/\/orvikpower.com\/product\/1000w-electric-cargo-trike-for-farm-mining-factory-fcl-orvik"]}]},{"@type":"ImageObject","inLanguage":"pt-AO","@id":"https:\/\/orvikpower.com\/product\/1000w-electric-cargo-trike-for-farm-mining-factory-fcl-orvik#primaryimage","url":"https:\/\/orvikpower.com\/wp-content\/uploads\/2026\/04\/main.png","contentUrl":"https:\/\/orvikpower.com\/wp-content\/uploads\/2026\/04\/main.png","width":2008,"height":2008,"caption":"Wholesale 1000W electric cargo trike featuring an extended 1.5m bed and 12-inch tires for bulky loads. Arctic\/High-temp ready. Get your factory FCL quote today."},{"@type":"BreadcrumbList","@id":"https:\/\/orvikpower.com\/product\/1000w-electric-cargo-trike-for-farm-mining-factory-fcl-orvik#breadcrumb","itemListElement":[{"@type":"ListItem","position":1,"name":"Home","item":"https:\/\/orvikpower.com\/"},{"@type":"ListItem","position":2,"name":"SHOP","item":"https:\/\/orvikpower.com\/shop"},{"@type":"ListItem","position":3,"name":"1000W Electric Cargo Trike for Farm &#038; Mining | Factory FCL &#8211; ORVIK"}]},{"@type":"WebSite","@id":"https:\/\/orvikpower.com\/#website","url":"https:\/\/orvikpower.com\/","name":"ORVIK | Ve\u00edculos el\u00e9ctricos comerciais ligeiros","description":"Principal fabricante de ve\u00edculos utilit\u00e1rios el\u00e9ctricos todo-o-terreno, pickups e mini-cami\u00f5es. Desenhos prontos para altas temperaturas e para o \u00c1rtico para quintas e minas. Poupe custos com o FCL direto da f\u00e1brica. Fa\u00e7a o fluxo de trabalho. Obter um or\u00e7amento.","publisher":{"@id":"https:\/\/orvikpower.com\/#organization"},"potentialAction":[{"@type":"SearchAction","target":{"@type":"EntryPoint","urlTemplate":"https:\/\/orvikpower.com\/?s={search_term_string}"},"query-input":{"@type":"PropertyValueSpecification","valueRequired":true,"valueName":"search_term_string"}}],"inLanguage":"pt-AO"},{"@type":"Organization","@id":"https:\/\/orvikpower.com\/#organization","name":"ORVIK | Ve\u00edculos el\u00e9ctricos comerciais ligeiros","url":"https:\/\/orvikpower.com\/","logo":{"@type":"ImageObject","inLanguage":"pt-AO","@id":"https:\/\/orvikpower.com\/#\/schema\/logo\/image\/","url":"https:\/\/orvikpower.com\/wp-content\/uploads\/2026\/01\/cropped-logo-h-main-small.png","contentUrl":"https:\/\/orvikpower.com\/wp-content\/uploads\/2026\/01\/cropped-logo-h-main-small.png","width":512,"height":512,"caption":"ORVIK | Light Commercial Electric Vehicles"},"image":{"@id":"https:\/\/orvikpower.com\/#\/schema\/logo\/image\/"},"sameAs":["https:\/\/www.youtube.com\/@ORVIKOrvikPower","https:\/\/www.pinterest.com\/OrvikPower\/"]}]}},"_links":{"self":[{"href":"https:\/\/orvikpower.com\/pt\/wp-json\/wp\/v2\/product\/19841","targetHints":{"allow":["GET"]}}],"collection":[{"href":"https:\/\/orvikpower.com\/pt\/wp-json\/wp\/v2\/product"}],"about":[{"href":"https:\/\/orvikpower.com\/pt\/wp-json\/wp\/v2\/types\/product"}],"replies":[{"embeddable":true,"href":"https:\/\/orvikpower.com\/pt\/wp-json\/wp\/v2\/comments?post=19841"}],"wp:featuredmedia":[{"embeddable":true,"href":"https:\/\/orvikpower.com\/pt\/wp-json\/wp\/v2\/media\/19842"}],"wp:attachment":[{"href":"https:\/\/orvikpower.com\/pt\/wp-json\/wp\/v2\/media?parent=19841"}],"wp:term":[{"taxonomy":"product_brand","embeddable":true,"href":"https:\/\/orvikpower.com\/pt\/wp-json\/wp\/v2\/product_brand?post=19841"},{"taxonomy":"product_cat","embeddable":true,"href":"https:\/\/orvikpower.com\/pt\/wp-json\/wp\/v2\/product_cat?post=19841"},{"taxonomy":"product_tag","embeddable":true,"href":"https:\/\/orvikpower.com\/pt\/wp-json\/wp\/v2\/product_tag?post=19841"}],"curies":[{"name":"wp","href":"https:\/\/api.w.org\/{rel}","templated":true}]}}