{"id":19875,"date":"2026-04-07T16:42:50","date_gmt":"2026-04-07T16:42:50","guid":{"rendered":"https:\/\/orvikpower.com\/?post_type=product&#038;p=19875"},"modified":"2026-04-07T16:42:51","modified_gmt":"2026-04-07T16:42:51","slug":"1500w-enclosed-electric-shuttle-6-seater-factory-fcl-orvik","status":"publish","type":"product","link":"https:\/\/orvikpower.com\/pt\/product\/1500w-enclosed-electric-shuttle-6-seater-factory-fcl-orvik","title":{"rendered":"Vaiv\u00e9m el\u00e9trico fechado de 1500W (6 lugares) | FCL de f\u00e1brica - ORVIK"},"content":{"rendered":"<p dir=\"auto\">O ORVIK DDC II \u00e9 um triciclo el\u00e9trico de passageiros de alta capacidade, totalmente fechado, concebido para o transporte eficiente de pessoal em est\u00e2ncias off-road e campus industriais. Com uma dist\u00e2ncia entre eixos alargada de 2900 mm, transporta confortavelmente at\u00e9 6 pessoas por viagem. A cabine selada contra as intemp\u00e9ries, integrada com um aquecedor embutido, protege os passageiros dos elementos ambientais agressivos, tornando-o uma solu\u00e7\u00e3o de transporte indispens\u00e1vel para invernos de alta latitude ou instala\u00e7\u00f5es mineiras poeirentas.<\/p>\n<div class=\"my-2\"><\/div>\n<p dir=\"auto\">Mecanicamente, o DDC II baseia-se numa suspens\u00e3o traseira de molas de l\u00e2minas resistente e num sistema de travagem de disco de tr\u00eas rodas para garantir a m\u00e1xima estabilidade e seguran\u00e7a quando totalmente carregado. A transi\u00e7\u00e3o para este modelo el\u00e9trico fechado elimina a manuten\u00e7\u00e3o do motor de combust\u00e3o interna e a polui\u00e7\u00e3o sonora, reduzindo drasticamente o tempo de inatividade operacional e o TCO. Para se adaptar a qualquer clima global, o sistema de bateria \u00e9 totalmente personaliz\u00e1vel (escolha entre chumbo-\u00e1cido econ\u00f3mico ou LiFePO4 de temperatura extrema). Embora equipado com um fi\u00e1vel motor padr\u00e3o de 1500 W, o sistema de energia pode ser personalizado (atualiz\u00e1vel para terrenos \u00edngremes) ou combinado com extensores h\u00edbridos e telhados solares para resist\u00eancia fora da rede. Constru\u00eddo para ser eficiente. Constru\u00eddo diretamente. Concebido para fazer o seu trabalho fluir.<\/p>\n<table>\n<tbody>\n<tr>\n<td><strong>Dimens\u00f5es gerais (C*L*A)<\/strong><\/td>\n<td>2900 <em>1250 <\/em>1700 mm<\/td>\n<\/tr>\n<tr>\n<td><strong>Capacidade de passageiros<\/strong><\/td>\n<td>5 - 6 pessoas (incluindo o condutor)<\/td>\n<\/tr>\n<tr>\n<td><strong>Tens\u00e3o<\/strong><\/td>\n<td>60-72V Universal<\/td>\n<\/tr>\n<tr>\n<td><strong>Pot\u00eancia do motor<\/strong><\/td>\n<td>1500W padr\u00e3o (atualiza\u00e7\u00f5es de pot\u00eancia personaliz\u00e1veis dispon\u00edveis)<\/td>\n<\/tr>\n<tr>\n<td><strong>Controlador<\/strong><\/td>\n<td>Controlador duplo de 18 tubos<\/td>\n<\/tr>\n<tr>\n<td><strong>Tipo de bateria<\/strong><\/td>\n<td>Personaliz\u00e1vel (chumbo-\u00e1cido \/ LiFePO4)<\/td>\n<\/tr>\n<tr>\n<td><strong>Suspens\u00e3o<\/strong><\/td>\n<td>Placa de a\u00e7o hidr\u00e1ulica dianteira \/ mola de l\u00e2mina traseira<\/td>\n<\/tr>\n<tr>\n<td><strong>Sistema de travagem<\/strong><\/td>\n<td>Trav\u00f5es de disco de tr\u00eas rodas<\/td>\n<\/tr>\n<tr>\n<td><strong>Tamanho do pneu<\/strong><\/td>\n<td>4.00 - 12<\/td>\n<\/tr>\n<tr>\n<td><strong>Configura\u00e7\u00f5es principais<\/strong><\/td>\n<td>Painel de instrumentos LCD integrado, c\u00e2mara de vis\u00e3o traseira, aquecedor de cabina, r\u00e1dio<\/td>\n<\/tr>\n<tr>\n<td><strong>Actualiza\u00e7\u00f5es opcionais<\/strong><\/td>\n<td>Extensor de alcance h\u00edbrido, telhado de gera\u00e7\u00e3o de energia solar<\/td>\n<\/tr>\n<tr>\n<td><strong>Velocidade m\u00e1xima<\/strong><\/td>\n<td>Estritamente limitado (utiliza\u00e7\u00e3o fora de estrada\/propriedade privada apenas)<\/td>\n<\/tr>\n<tr>\n<td><strong>Quantidade de carga (40HQ)<\/strong><\/td>\n<td>Aprox. 20-24 unidades (SKD - Contactar para obter a disposi\u00e7\u00e3o exacta dos contentores)<\/td>\n<\/tr>\n<\/tbody>\n<\/table>","protected":false},"excerpt":{"rendered":"<p>Trike el\u00e9trico de passageiros fechado de 1500 W para 6 pessoas. Aquecedor embutido, chassi pronto para o \u00c1rtico e op\u00e7\u00f5es solares. Pergunte pelo pre\u00e7o FCL de f\u00e1brica.<\/p>","protected":false},"featured_media":19881,"comment_status":"open","ping_status":"closed","template":"","meta":{"_eb_attr":""},"product_brand":[],"product_cat":[70,73],"product_tag":[155,160,91,163,164,149],"class_list":{"0":"post-19875","1":"product","2":"type-product","3":"status-publish","4":"has-post-thumbnail","6":"product_cat-lsev-passenger-mobility","7":"product_cat-sightseeing-shuttle-buses","8":"product_tag-campus-shuttle","9":"product_tag-cold-climate-transit","10":"product_tag-industrial-park","11":"product_tag-large-resort","12":"product_tag-oem","13":"product_tag-off-road","15":"first","16":"instock","17":"shipping-taxable","18":"product-type-simple"},"yoast_head":"<!-- This site is optimized with the Yoast SEO plugin v26.9 - https:\/\/yoast.com\/product\/yoast-seo-wordpress\/ -->\n<title>1500W Enclosed Electric Shuttle (6-Seater) | Factory FCL - ORVIK | ORVIK|Light Commercial Electric Vehicles<\/title>\n<meta name=\"robots\" content=\"index, follow, max-snippet:-1, max-image-preview:large, max-video-preview:-1\" \/>\n<link rel=\"canonical\" href=\"https:\/\/orvikpower.com\/pt\/product\/1500w-enclosed-electric-shuttle-6-seater-factory-fcl-orvik\" \/>\n<meta property=\"og:locale\" content=\"pt_PT\" \/>\n<meta property=\"og:type\" content=\"article\" \/>\n<meta property=\"og:title\" content=\"1500W Enclosed Electric Shuttle (6-Seater) | Factory FCL - ORVIK | ORVIK|Light Commercial Electric Vehicles\" \/>\n<meta property=\"og:description\" content=\"Wholesale 1500W enclosed electric passenger trike for 6 people. Built-in heater, Arctic-ready chassis &amp; solar options. Inquire for factory FCL price.\" \/>\n<meta property=\"og:url\" content=\"https:\/\/orvikpower.com\/pt\/product\/1500w-enclosed-electric-shuttle-6-seater-factory-fcl-orvik\" \/>\n<meta property=\"og:site_name\" content=\"ORVIK|Light Commercial Electric Vehicles\" \/>\n<meta property=\"article:modified_time\" content=\"2026-04-07T16:42:51+00:00\" \/>\n<meta property=\"og:image\" content=\"https:\/\/orvikpower.com\/wp-content\/uploads\/2026\/04\/main-2.png\" \/>\n\t<meta property=\"og:image:width\" content=\"2008\" \/>\n\t<meta property=\"og:image:height\" content=\"2008\" \/>\n\t<meta property=\"og:image:type\" content=\"image\/png\" \/>\n<meta name=\"twitter:card\" content=\"summary_large_image\" \/>\n<meta name=\"twitter:label1\" content=\"Est. reading time\" \/>\n\t<meta name=\"twitter:data1\" content=\"2 minutos\" \/>\n<script type=\"application\/ld+json\" class=\"yoast-schema-graph\">{\"@context\":\"https:\/\/schema.org\",\"@graph\":[{\"@type\":\"WebPage\",\"@id\":\"https:\/\/orvikpower.com\/product\/1500w-enclosed-electric-shuttle-6-seater-factory-fcl-orvik\",\"url\":\"https:\/\/orvikpower.com\/product\/1500w-enclosed-electric-shuttle-6-seater-factory-fcl-orvik\",\"name\":\"1500W Enclosed Electric Shuttle (6-Seater) | Factory FCL - ORVIK | ORVIK|Light Commercial Electric Vehicles\",\"isPartOf\":{\"@id\":\"https:\/\/orvikpower.com\/#website\"},\"primaryImageOfPage\":{\"@id\":\"https:\/\/orvikpower.com\/product\/1500w-enclosed-electric-shuttle-6-seater-factory-fcl-orvik#primaryimage\"},\"image\":{\"@id\":\"https:\/\/orvikpower.com\/product\/1500w-enclosed-electric-shuttle-6-seater-factory-fcl-orvik#primaryimage\"},\"thumbnailUrl\":\"https:\/\/orvikpower.com\/wp-content\/uploads\/2026\/04\/main-2.png\",\"datePublished\":\"2026-04-07T16:42:50+00:00\",\"dateModified\":\"2026-04-07T16:42:51+00:00\",\"breadcrumb\":{\"@id\":\"https:\/\/orvikpower.com\/product\/1500w-enclosed-electric-shuttle-6-seater-factory-fcl-orvik#breadcrumb\"},\"inLanguage\":\"pt-AO\",\"potentialAction\":[{\"@type\":\"ReadAction\",\"target\":[\"https:\/\/orvikpower.com\/product\/1500w-enclosed-electric-shuttle-6-seater-factory-fcl-orvik\"]}]},{\"@type\":\"ImageObject\",\"inLanguage\":\"pt-AO\",\"@id\":\"https:\/\/orvikpower.com\/product\/1500w-enclosed-electric-shuttle-6-seater-factory-fcl-orvik#primaryimage\",\"url\":\"https:\/\/orvikpower.com\/wp-content\/uploads\/2026\/04\/main-2.png\",\"contentUrl\":\"https:\/\/orvikpower.com\/wp-content\/uploads\/2026\/04\/main-2.png\",\"width\":2008,\"height\":2008,\"caption\":\"Wholesale 1500W enclosed electric passenger trike for 6 people. Built-in heater, Arctic-ready chassis & solar options. Inquire for factory FCL price.\"},{\"@type\":\"BreadcrumbList\",\"@id\":\"https:\/\/orvikpower.com\/product\/1500w-enclosed-electric-shuttle-6-seater-factory-fcl-orvik#breadcrumb\",\"itemListElement\":[{\"@type\":\"ListItem\",\"position\":1,\"name\":\"Home\",\"item\":\"https:\/\/orvikpower.com\/\"},{\"@type\":\"ListItem\",\"position\":2,\"name\":\"SHOP\",\"item\":\"https:\/\/orvikpower.com\/shop\"},{\"@type\":\"ListItem\",\"position\":3,\"name\":\"1500W Enclosed Electric Shuttle (6-Seater) | Factory FCL &#8211; ORVIK\"}]},{\"@type\":\"WebSite\",\"@id\":\"https:\/\/orvikpower.com\/#website\",\"url\":\"https:\/\/orvikpower.com\/\",\"name\":\"ORVIK | Light Commercial Electric Vehicles\",\"description\":\"Premier Manufacturer of Off-road Electric Utility Vehicles, Pickups &amp; Mini Trucks. High-Temp &amp; Arctic Ready designs for farms &amp; mines. Save costs with Factory-Direct FCL. Make work flow. Get a Quote.\",\"publisher\":{\"@id\":\"https:\/\/orvikpower.com\/#organization\"},\"potentialAction\":[{\"@type\":\"SearchAction\",\"target\":{\"@type\":\"EntryPoint\",\"urlTemplate\":\"https:\/\/orvikpower.com\/?s={search_term_string}\"},\"query-input\":{\"@type\":\"PropertyValueSpecification\",\"valueRequired\":true,\"valueName\":\"search_term_string\"}}],\"inLanguage\":\"pt-AO\"},{\"@type\":\"Organization\",\"@id\":\"https:\/\/orvikpower.com\/#organization\",\"name\":\"ORVIK | Light Commercial Electric Vehicles\",\"url\":\"https:\/\/orvikpower.com\/\",\"logo\":{\"@type\":\"ImageObject\",\"inLanguage\":\"pt-AO\",\"@id\":\"https:\/\/orvikpower.com\/#\/schema\/logo\/image\/\",\"url\":\"https:\/\/orvikpower.com\/wp-content\/uploads\/2026\/01\/cropped-logo-h-main-small.png\",\"contentUrl\":\"https:\/\/orvikpower.com\/wp-content\/uploads\/2026\/01\/cropped-logo-h-main-small.png\",\"width\":512,\"height\":512,\"caption\":\"ORVIK | Light Commercial Electric Vehicles\"},\"image\":{\"@id\":\"https:\/\/orvikpower.com\/#\/schema\/logo\/image\/\"},\"sameAs\":[\"https:\/\/www.youtube.com\/@ORVIKOrvikPower\",\"https:\/\/www.pinterest.com\/OrvikPower\/\"]}]}<\/script>\n<!-- \/ Yoast SEO plugin. -->","yoast_head_json":{"title":"Vaiv\u00e9m el\u00e9trico fechado de 1500W (6 lugares) | FCL de f\u00e1brica - ORVIK | ORVIK|Ve\u00edculos comerciais ligeiros el\u00e9ctricos","robots":{"index":"index","follow":"follow","max-snippet":"max-snippet:-1","max-image-preview":"max-image-preview:large","max-video-preview":"max-video-preview:-1"},"canonical":"https:\/\/orvikpower.com\/pt\/product\/1500w-enclosed-electric-shuttle-6-seater-factory-fcl-orvik","og_locale":"pt_PT","og_type":"article","og_title":"1500W Enclosed Electric Shuttle (6-Seater) | Factory FCL - ORVIK | ORVIK|Light Commercial Electric Vehicles","og_description":"Wholesale 1500W enclosed electric passenger trike for 6 people. Built-in heater, Arctic-ready chassis &amp; solar options. Inquire for factory FCL price.","og_url":"https:\/\/orvikpower.com\/pt\/product\/1500w-enclosed-electric-shuttle-6-seater-factory-fcl-orvik","og_site_name":"ORVIK|Light Commercial Electric Vehicles","article_modified_time":"2026-04-07T16:42:51+00:00","og_image":[{"width":2008,"height":2008,"url":"https:\/\/orvikpower.com\/wp-content\/uploads\/2026\/04\/main-2.png","type":"image\/png"}],"twitter_card":"summary_large_image","twitter_misc":{"Est. reading time":"2 minutos"},"schema":{"@context":"https:\/\/schema.org","@graph":[{"@type":"WebPage","@id":"https:\/\/orvikpower.com\/product\/1500w-enclosed-electric-shuttle-6-seater-factory-fcl-orvik","url":"https:\/\/orvikpower.com\/product\/1500w-enclosed-electric-shuttle-6-seater-factory-fcl-orvik","name":"Vaiv\u00e9m el\u00e9trico fechado de 1500W (6 lugares) | FCL de f\u00e1brica - ORVIK | ORVIK|Ve\u00edculos comerciais ligeiros el\u00e9ctricos","isPartOf":{"@id":"https:\/\/orvikpower.com\/#website"},"primaryImageOfPage":{"@id":"https:\/\/orvikpower.com\/product\/1500w-enclosed-electric-shuttle-6-seater-factory-fcl-orvik#primaryimage"},"image":{"@id":"https:\/\/orvikpower.com\/product\/1500w-enclosed-electric-shuttle-6-seater-factory-fcl-orvik#primaryimage"},"thumbnailUrl":"https:\/\/orvikpower.com\/wp-content\/uploads\/2026\/04\/main-2.png","datePublished":"2026-04-07T16:42:50+00:00","dateModified":"2026-04-07T16:42:51+00:00","breadcrumb":{"@id":"https:\/\/orvikpower.com\/product\/1500w-enclosed-electric-shuttle-6-seater-factory-fcl-orvik#breadcrumb"},"inLanguage":"pt-AO","potentialAction":[{"@type":"ReadAction","target":["https:\/\/orvikpower.com\/product\/1500w-enclosed-electric-shuttle-6-seater-factory-fcl-orvik"]}]},{"@type":"ImageObject","inLanguage":"pt-AO","@id":"https:\/\/orvikpower.com\/product\/1500w-enclosed-electric-shuttle-6-seater-factory-fcl-orvik#primaryimage","url":"https:\/\/orvikpower.com\/wp-content\/uploads\/2026\/04\/main-2.png","contentUrl":"https:\/\/orvikpower.com\/wp-content\/uploads\/2026\/04\/main-2.png","width":2008,"height":2008,"caption":"Wholesale 1500W enclosed electric passenger trike for 6 people. Built-in heater, Arctic-ready chassis & solar options. Inquire for factory FCL price."},{"@type":"BreadcrumbList","@id":"https:\/\/orvikpower.com\/product\/1500w-enclosed-electric-shuttle-6-seater-factory-fcl-orvik#breadcrumb","itemListElement":[{"@type":"ListItem","position":1,"name":"Home","item":"https:\/\/orvikpower.com\/"},{"@type":"ListItem","position":2,"name":"SHOP","item":"https:\/\/orvikpower.com\/shop"},{"@type":"ListItem","position":3,"name":"1500W Enclosed Electric Shuttle (6-Seater) | Factory FCL &#8211; ORVIK"}]},{"@type":"WebSite","@id":"https:\/\/orvikpower.com\/#website","url":"https:\/\/orvikpower.com\/","name":"ORVIK | Ve\u00edculos el\u00e9ctricos comerciais ligeiros","description":"Principal fabricante de ve\u00edculos utilit\u00e1rios el\u00e9ctricos todo-o-terreno, pickups e mini-cami\u00f5es. Desenhos prontos para altas temperaturas e para o \u00c1rtico para quintas e minas. Poupe custos com o FCL direto da f\u00e1brica. Fa\u00e7a o fluxo de trabalho. Obter um or\u00e7amento.","publisher":{"@id":"https:\/\/orvikpower.com\/#organization"},"potentialAction":[{"@type":"SearchAction","target":{"@type":"EntryPoint","urlTemplate":"https:\/\/orvikpower.com\/?s={search_term_string}"},"query-input":{"@type":"PropertyValueSpecification","valueRequired":true,"valueName":"search_term_string"}}],"inLanguage":"pt-AO"},{"@type":"Organization","@id":"https:\/\/orvikpower.com\/#organization","name":"ORVIK | Ve\u00edculos el\u00e9ctricos comerciais ligeiros","url":"https:\/\/orvikpower.com\/","logo":{"@type":"ImageObject","inLanguage":"pt-AO","@id":"https:\/\/orvikpower.com\/#\/schema\/logo\/image\/","url":"https:\/\/orvikpower.com\/wp-content\/uploads\/2026\/01\/cropped-logo-h-main-small.png","contentUrl":"https:\/\/orvikpower.com\/wp-content\/uploads\/2026\/01\/cropped-logo-h-main-small.png","width":512,"height":512,"caption":"ORVIK | Light Commercial Electric Vehicles"},"image":{"@id":"https:\/\/orvikpower.com\/#\/schema\/logo\/image\/"},"sameAs":["https:\/\/www.youtube.com\/@ORVIKOrvikPower","https:\/\/www.pinterest.com\/OrvikPower\/"]}]}},"_links":{"self":[{"href":"https:\/\/orvikpower.com\/pt\/wp-json\/wp\/v2\/product\/19875","targetHints":{"allow":["GET"]}}],"collection":[{"href":"https:\/\/orvikpower.com\/pt\/wp-json\/wp\/v2\/product"}],"about":[{"href":"https:\/\/orvikpower.com\/pt\/wp-json\/wp\/v2\/types\/product"}],"replies":[{"embeddable":true,"href":"https:\/\/orvikpower.com\/pt\/wp-json\/wp\/v2\/comments?post=19875"}],"wp:featuredmedia":[{"embeddable":true,"href":"https:\/\/orvikpower.com\/pt\/wp-json\/wp\/v2\/media\/19881"}],"wp:attachment":[{"href":"https:\/\/orvikpower.com\/pt\/wp-json\/wp\/v2\/media?parent=19875"}],"wp:term":[{"taxonomy":"product_brand","embeddable":true,"href":"https:\/\/orvikpower.com\/pt\/wp-json\/wp\/v2\/product_brand?post=19875"},{"taxonomy":"product_cat","embeddable":true,"href":"https:\/\/orvikpower.com\/pt\/wp-json\/wp\/v2\/product_cat?post=19875"},{"taxonomy":"product_tag","embeddable":true,"href":"https:\/\/orvikpower.com\/pt\/wp-json\/wp\/v2\/product_tag?post=19875"}],"curies":[{"name":"wp","href":"https:\/\/api.w.org\/{rel}","templated":true}]}}