{"id":19889,"date":"2026-04-08T02:13:45","date_gmt":"2026-04-08T02:13:45","guid":{"rendered":"https:\/\/orvikpower.com\/?post_type=product&#038;p=19889"},"modified":"2026-04-08T02:13:45","modified_gmt":"2026-04-08T02:13:45","slug":"1-9m-tall-enclosed-passenger-trike-6-seater-factory-fcl-orvik","status":"publish","type":"product","link":"https:\/\/orvikpower.com\/pt\/product\/1-9m-tall-enclosed-passenger-trike-6-seater-factory-fcl-orvik","title":{"rendered":"Trike de passageiros fechado com 1,9 m de altura (6 lugares) | FCL de f\u00e1brica - ORVIK"},"content":{"rendered":"<p dir=\"auto\">O ORVIK DDC IV oferece uma vantagem geom\u00e9trica \u00fanica para est\u00e2ncias todo-o-terreno e tr\u00e2nsito industrial: um perfil estreito altamente manobr\u00e1vel (1010 mm de largura) combinado com uma cabina excecionalmente alta (1900 mm de altura). Este design espec\u00edfico permite que o ve\u00edculo navegue facilmente em caminhos apertados de campus ou corredores estreitos de f\u00e1bricas, ao mesmo tempo que transporta confortavelmente 5 a 6 passageiros com uma altura superior ao n\u00edvel VIP. A cabina totalmente fechada e selada contra as intemp\u00e9ries possui um aquecedor integrado, proporcionando uma prote\u00e7\u00e3o absoluta contra ambientes gelados ou locais de explora\u00e7\u00e3o mineira poeirentos.<\/p>\n<div class=\"my-2\"><\/div>\n<p dir=\"auto\">Constru\u00eddo sobre uma estrutura robusta com suspens\u00e3o traseira de molas de l\u00e2minas e um sistema de travagem de disco de tr\u00eas rodas, este vaiv\u00e9m assegura uma condu\u00e7\u00e3o est\u00e1vel e segura mesmo em terrenos irregulares. Ao adotar um grupo motopropulsor el\u00e9trico, elimina a manuten\u00e7\u00e3o e o ru\u00eddo do motor de combust\u00e3o interna, reduzindo drasticamente o seu custo total de propriedade (TCO). Para responder a diversos climas globais, o sistema de baterias \u00e9 totalmente personaliz\u00e1vel (chumbo-\u00e1cido ou LiFePO4 de temperatura extrema). Embora equipado com um motor padr\u00e3o de 1000 W, recomendamos vivamente a personaliza\u00e7\u00e3o da pot\u00eancia de sa\u00edda para inclina\u00e7\u00f5es acentuadas ou a adi\u00e7\u00e3o de extensores de autonomia h\u00edbridos opcionais e pain\u00e9is solares para resist\u00eancia fora da rede. Constru\u00edda para espa\u00e7os apertados. Constru\u00eddo diretamente. Concebida para facilitar o seu trabalho.<\/p>\n<table>\n<thead>\n<tr>\n<th>Par\u00e2metro Categoria<\/th>\n<th>Detalhes da especifica\u00e7\u00e3o<\/th>\n<\/tr>\n<\/thead>\n<tbody>\n<tr>\n<td><strong>Dimens\u00f5es gerais (C*L*A)<\/strong><\/td>\n<td>2850 <em>1010 <\/em>1900 mm<\/td>\n<\/tr>\n<tr>\n<td><strong>Capacidade de passageiros<\/strong><\/td>\n<td>5 - 6 pessoas (incluindo o condutor)<\/td>\n<\/tr>\n<tr>\n<td><strong>Tens\u00e3o<\/strong><\/td>\n<td>60-72V Universal<\/td>\n<\/tr>\n<tr>\n<td><strong>Pot\u00eancia do motor<\/strong><\/td>\n<td>1000W padr\u00e3o (atualiza\u00e7\u00f5es de pot\u00eancia personalizadas altamente recomendadas para carga de 6 pax)<\/td>\n<\/tr>\n<tr>\n<td><strong>Controlador<\/strong><\/td>\n<td>Controlador duplo de 18 tubos<\/td>\n<\/tr>\n<tr>\n<td><strong>Tipo de bateria<\/strong><\/td>\n<td>Personaliz\u00e1vel (chumbo-\u00e1cido \/ LiFePO4)<\/td>\n<\/tr>\n<tr>\n<td><strong>Suspens\u00e3o<\/strong><\/td>\n<td>Placa de a\u00e7o hidr\u00e1ulica dianteira \/ mola de l\u00e2mina traseira<\/td>\n<\/tr>\n<tr>\n<td><strong>Sistema de travagem<\/strong><\/td>\n<td>Trav\u00f5es de disco de tr\u00eas rodas<\/td>\n<\/tr>\n<tr>\n<td><strong>Tamanho do pneu<\/strong><\/td>\n<td>Dianteira: 3,75-12 \/ Traseira: 4,00-12<\/td>\n<\/tr>\n<tr>\n<td><strong>Configura\u00e7\u00f5es principais<\/strong><\/td>\n<td>Painel de instrumentos LCD integrado, c\u00e2mara de vis\u00e3o traseira, aquecedor de cabina, r\u00e1dio<\/td>\n<\/tr>\n<tr>\n<td><strong>Actualiza\u00e7\u00f5es opcionais<\/strong><\/td>\n<td>Extensor de alcance h\u00edbrido, telhado de gera\u00e7\u00e3o de energia solar<\/td>\n<\/tr>\n<tr>\n<td><strong>Velocidade m\u00e1xima<\/strong><\/td>\n<td>Estritamente limitado (utiliza\u00e7\u00e3o fora de estrada\/propriedade privada apenas)<\/td>\n<\/tr>\n<tr>\n<td><strong>Quantidade de carga (40HQ)<\/strong><\/td>\n<td>Aprox. 20-25 unidades (SKD - Contactar para uma disposi\u00e7\u00e3o precisa do contentor devido \u00e0 altura extrema de 1,9 m)<\/td>\n<\/tr>\n<\/tbody>\n<\/table>","protected":false},"excerpt":{"rendered":"<p>Trike de passageiros el\u00e9trico fechado por atacado (6 lugares) com um perfil estreito de 1m e uma cabina de 1,9m de altura. Aquecedor incorporado e preparado para o \u00c1rtico. Obter cota\u00e7\u00f5es FCL de f\u00e1brica.<\/p>","protected":false},"featured_media":19895,"comment_status":"open","ping_status":"closed","template":"","meta":{"_eb_attr":""},"product_brand":[],"product_cat":[70,73],"product_tag":[160,167,159,166,149,88],"class_list":{"0":"post-19889","1":"product","2":"type-product","3":"status-publish","4":"has-post-thumbnail","6":"product_cat-lsev-passenger-mobility","7":"product_cat-sightseeing-shuttle-buses","8":"product_tag-cold-climate-transit","9":"product_tag-high-headroom-shuttle","10":"product_tag-industrial-campus","11":"product_tag-narrow-pathway-transit","12":"product_tag-off-road","13":"product_tag-resort","15":"first","16":"instock","17":"shipping-taxable","18":"product-type-simple"},"yoast_head":"<!-- This site is optimized with the Yoast SEO plugin v26.9 - https:\/\/yoast.com\/product\/yoast-seo-wordpress\/ -->\n<title>1.9m Tall Enclosed Passenger Trike (6-Seater) | Factory FCL - ORVIK | ORVIK|Light Commercial Electric Vehicles<\/title>\n<meta name=\"robots\" content=\"index, follow, max-snippet:-1, max-image-preview:large, max-video-preview:-1\" \/>\n<link rel=\"canonical\" href=\"https:\/\/orvikpower.com\/pt\/product\/1-9m-tall-enclosed-passenger-trike-6-seater-factory-fcl-orvik\" \/>\n<meta property=\"og:locale\" content=\"pt_PT\" \/>\n<meta property=\"og:type\" content=\"article\" \/>\n<meta property=\"og:title\" content=\"1.9m Tall Enclosed Passenger Trike (6-Seater) | Factory FCL - ORVIK | ORVIK|Light Commercial Electric Vehicles\" \/>\n<meta property=\"og:description\" content=\"Wholesale enclosed electric passenger trike (6-seater) with a narrow 1m profile &amp; 1.9m tall cabin. Built-in heater &amp; Arctic-ready. Get factory FCL quotes.\" \/>\n<meta property=\"og:url\" content=\"https:\/\/orvikpower.com\/pt\/product\/1-9m-tall-enclosed-passenger-trike-6-seater-factory-fcl-orvik\" \/>\n<meta property=\"og:site_name\" content=\"ORVIK|Light Commercial Electric Vehicles\" \/>\n<meta property=\"og:image\" content=\"https:\/\/orvikpower.com\/wp-content\/uploads\/2026\/04\/main-4.png\" \/>\n\t<meta property=\"og:image:width\" content=\"707\" \/>\n\t<meta property=\"og:image:height\" content=\"707\" \/>\n\t<meta property=\"og:image:type\" content=\"image\/png\" \/>\n<meta name=\"twitter:card\" content=\"summary_large_image\" \/>\n<meta name=\"twitter:label1\" content=\"Est. reading time\" \/>\n\t<meta name=\"twitter:data1\" content=\"2 minutos\" \/>\n<script type=\"application\/ld+json\" class=\"yoast-schema-graph\">{\"@context\":\"https:\/\/schema.org\",\"@graph\":[{\"@type\":\"WebPage\",\"@id\":\"https:\/\/orvikpower.com\/product\/1-9m-tall-enclosed-passenger-trike-6-seater-factory-fcl-orvik\",\"url\":\"https:\/\/orvikpower.com\/product\/1-9m-tall-enclosed-passenger-trike-6-seater-factory-fcl-orvik\",\"name\":\"1.9m Tall Enclosed Passenger Trike (6-Seater) | Factory FCL - ORVIK | ORVIK|Light Commercial Electric Vehicles\",\"isPartOf\":{\"@id\":\"https:\/\/orvikpower.com\/#website\"},\"primaryImageOfPage\":{\"@id\":\"https:\/\/orvikpower.com\/product\/1-9m-tall-enclosed-passenger-trike-6-seater-factory-fcl-orvik#primaryimage\"},\"image\":{\"@id\":\"https:\/\/orvikpower.com\/product\/1-9m-tall-enclosed-passenger-trike-6-seater-factory-fcl-orvik#primaryimage\"},\"thumbnailUrl\":\"https:\/\/orvikpower.com\/wp-content\/uploads\/2026\/04\/main-4.png\",\"datePublished\":\"2026-04-08T02:13:45+00:00\",\"breadcrumb\":{\"@id\":\"https:\/\/orvikpower.com\/product\/1-9m-tall-enclosed-passenger-trike-6-seater-factory-fcl-orvik#breadcrumb\"},\"inLanguage\":\"pt-AO\",\"potentialAction\":[{\"@type\":\"ReadAction\",\"target\":[\"https:\/\/orvikpower.com\/product\/1-9m-tall-enclosed-passenger-trike-6-seater-factory-fcl-orvik\"]}]},{\"@type\":\"ImageObject\",\"inLanguage\":\"pt-AO\",\"@id\":\"https:\/\/orvikpower.com\/product\/1-9m-tall-enclosed-passenger-trike-6-seater-factory-fcl-orvik#primaryimage\",\"url\":\"https:\/\/orvikpower.com\/wp-content\/uploads\/2026\/04\/main-4.png\",\"contentUrl\":\"https:\/\/orvikpower.com\/wp-content\/uploads\/2026\/04\/main-4.png\",\"width\":707,\"height\":707,\"caption\":\"Wholesale enclosed electric passenger trike (6-seater) with a narrow 1m profile & 1.9m tall cabin. Built-in heater & Arctic-ready. Get factory FCL quotes.\"},{\"@type\":\"BreadcrumbList\",\"@id\":\"https:\/\/orvikpower.com\/product\/1-9m-tall-enclosed-passenger-trike-6-seater-factory-fcl-orvik#breadcrumb\",\"itemListElement\":[{\"@type\":\"ListItem\",\"position\":1,\"name\":\"Home\",\"item\":\"https:\/\/orvikpower.com\/\"},{\"@type\":\"ListItem\",\"position\":2,\"name\":\"SHOP\",\"item\":\"https:\/\/orvikpower.com\/shop\"},{\"@type\":\"ListItem\",\"position\":3,\"name\":\"1.9m Tall Enclosed Passenger Trike (6-Seater) | Factory FCL &#8211; ORVIK\"}]},{\"@type\":\"WebSite\",\"@id\":\"https:\/\/orvikpower.com\/#website\",\"url\":\"https:\/\/orvikpower.com\/\",\"name\":\"ORVIK | Light Commercial Electric Vehicles\",\"description\":\"Premier Manufacturer of Off-road Electric Utility Vehicles, Pickups &amp; Mini Trucks. High-Temp &amp; Arctic Ready designs for farms &amp; mines. Save costs with Factory-Direct FCL. Make work flow. Get a Quote.\",\"publisher\":{\"@id\":\"https:\/\/orvikpower.com\/#organization\"},\"potentialAction\":[{\"@type\":\"SearchAction\",\"target\":{\"@type\":\"EntryPoint\",\"urlTemplate\":\"https:\/\/orvikpower.com\/?s={search_term_string}\"},\"query-input\":{\"@type\":\"PropertyValueSpecification\",\"valueRequired\":true,\"valueName\":\"search_term_string\"}}],\"inLanguage\":\"pt-AO\"},{\"@type\":\"Organization\",\"@id\":\"https:\/\/orvikpower.com\/#organization\",\"name\":\"ORVIK | Light Commercial Electric Vehicles\",\"url\":\"https:\/\/orvikpower.com\/\",\"logo\":{\"@type\":\"ImageObject\",\"inLanguage\":\"pt-AO\",\"@id\":\"https:\/\/orvikpower.com\/#\/schema\/logo\/image\/\",\"url\":\"https:\/\/orvikpower.com\/wp-content\/uploads\/2026\/01\/cropped-logo-h-main-small.png\",\"contentUrl\":\"https:\/\/orvikpower.com\/wp-content\/uploads\/2026\/01\/cropped-logo-h-main-small.png\",\"width\":512,\"height\":512,\"caption\":\"ORVIK | Light Commercial Electric Vehicles\"},\"image\":{\"@id\":\"https:\/\/orvikpower.com\/#\/schema\/logo\/image\/\"},\"sameAs\":[\"https:\/\/www.youtube.com\/@ORVIKOrvikPower\",\"https:\/\/www.pinterest.com\/OrvikPower\/\"]}]}<\/script>\n<!-- \/ Yoast SEO plugin. -->","yoast_head_json":{"title":"Trike de passageiros fechado com 1,9 m de altura (6 lugares) | FCL de f\u00e1brica - ORVIK | ORVIK|Ve\u00edculos comerciais ligeiros el\u00e9ctricos","robots":{"index":"index","follow":"follow","max-snippet":"max-snippet:-1","max-image-preview":"max-image-preview:large","max-video-preview":"max-video-preview:-1"},"canonical":"https:\/\/orvikpower.com\/pt\/product\/1-9m-tall-enclosed-passenger-trike-6-seater-factory-fcl-orvik","og_locale":"pt_PT","og_type":"article","og_title":"1.9m Tall Enclosed Passenger Trike (6-Seater) | Factory FCL - ORVIK | ORVIK|Light Commercial Electric Vehicles","og_description":"Wholesale enclosed electric passenger trike (6-seater) with a narrow 1m profile &amp; 1.9m tall cabin. Built-in heater &amp; Arctic-ready. Get factory FCL quotes.","og_url":"https:\/\/orvikpower.com\/pt\/product\/1-9m-tall-enclosed-passenger-trike-6-seater-factory-fcl-orvik","og_site_name":"ORVIK|Light Commercial Electric Vehicles","og_image":[{"width":707,"height":707,"url":"https:\/\/orvikpower.com\/wp-content\/uploads\/2026\/04\/main-4.png","type":"image\/png"}],"twitter_card":"summary_large_image","twitter_misc":{"Est. reading time":"2 minutos"},"schema":{"@context":"https:\/\/schema.org","@graph":[{"@type":"WebPage","@id":"https:\/\/orvikpower.com\/product\/1-9m-tall-enclosed-passenger-trike-6-seater-factory-fcl-orvik","url":"https:\/\/orvikpower.com\/product\/1-9m-tall-enclosed-passenger-trike-6-seater-factory-fcl-orvik","name":"Trike de passageiros fechado com 1,9 m de altura (6 lugares) | FCL de f\u00e1brica - ORVIK | ORVIK|Ve\u00edculos comerciais ligeiros el\u00e9ctricos","isPartOf":{"@id":"https:\/\/orvikpower.com\/#website"},"primaryImageOfPage":{"@id":"https:\/\/orvikpower.com\/product\/1-9m-tall-enclosed-passenger-trike-6-seater-factory-fcl-orvik#primaryimage"},"image":{"@id":"https:\/\/orvikpower.com\/product\/1-9m-tall-enclosed-passenger-trike-6-seater-factory-fcl-orvik#primaryimage"},"thumbnailUrl":"https:\/\/orvikpower.com\/wp-content\/uploads\/2026\/04\/main-4.png","datePublished":"2026-04-08T02:13:45+00:00","breadcrumb":{"@id":"https:\/\/orvikpower.com\/product\/1-9m-tall-enclosed-passenger-trike-6-seater-factory-fcl-orvik#breadcrumb"},"inLanguage":"pt-AO","potentialAction":[{"@type":"ReadAction","target":["https:\/\/orvikpower.com\/product\/1-9m-tall-enclosed-passenger-trike-6-seater-factory-fcl-orvik"]}]},{"@type":"ImageObject","inLanguage":"pt-AO","@id":"https:\/\/orvikpower.com\/product\/1-9m-tall-enclosed-passenger-trike-6-seater-factory-fcl-orvik#primaryimage","url":"https:\/\/orvikpower.com\/wp-content\/uploads\/2026\/04\/main-4.png","contentUrl":"https:\/\/orvikpower.com\/wp-content\/uploads\/2026\/04\/main-4.png","width":707,"height":707,"caption":"Wholesale enclosed electric passenger trike (6-seater) with a narrow 1m profile & 1.9m tall cabin. Built-in heater & Arctic-ready. Get factory FCL quotes."},{"@type":"BreadcrumbList","@id":"https:\/\/orvikpower.com\/product\/1-9m-tall-enclosed-passenger-trike-6-seater-factory-fcl-orvik#breadcrumb","itemListElement":[{"@type":"ListItem","position":1,"name":"Home","item":"https:\/\/orvikpower.com\/"},{"@type":"ListItem","position":2,"name":"SHOP","item":"https:\/\/orvikpower.com\/shop"},{"@type":"ListItem","position":3,"name":"1.9m Tall Enclosed Passenger Trike (6-Seater) | Factory FCL &#8211; ORVIK"}]},{"@type":"WebSite","@id":"https:\/\/orvikpower.com\/#website","url":"https:\/\/orvikpower.com\/","name":"ORVIK | Ve\u00edculos el\u00e9ctricos comerciais ligeiros","description":"Principal fabricante de ve\u00edculos utilit\u00e1rios el\u00e9ctricos todo-o-terreno, pickups e mini-cami\u00f5es. Desenhos prontos para altas temperaturas e para o \u00c1rtico para quintas e minas. Poupe custos com o FCL direto da f\u00e1brica. Fa\u00e7a o fluxo de trabalho. Obter um or\u00e7amento.","publisher":{"@id":"https:\/\/orvikpower.com\/#organization"},"potentialAction":[{"@type":"SearchAction","target":{"@type":"EntryPoint","urlTemplate":"https:\/\/orvikpower.com\/?s={search_term_string}"},"query-input":{"@type":"PropertyValueSpecification","valueRequired":true,"valueName":"search_term_string"}}],"inLanguage":"pt-AO"},{"@type":"Organization","@id":"https:\/\/orvikpower.com\/#organization","name":"ORVIK | Ve\u00edculos el\u00e9ctricos comerciais ligeiros","url":"https:\/\/orvikpower.com\/","logo":{"@type":"ImageObject","inLanguage":"pt-AO","@id":"https:\/\/orvikpower.com\/#\/schema\/logo\/image\/","url":"https:\/\/orvikpower.com\/wp-content\/uploads\/2026\/01\/cropped-logo-h-main-small.png","contentUrl":"https:\/\/orvikpower.com\/wp-content\/uploads\/2026\/01\/cropped-logo-h-main-small.png","width":512,"height":512,"caption":"ORVIK | Light Commercial Electric Vehicles"},"image":{"@id":"https:\/\/orvikpower.com\/#\/schema\/logo\/image\/"},"sameAs":["https:\/\/www.youtube.com\/@ORVIKOrvikPower","https:\/\/www.pinterest.com\/OrvikPower\/"]}]}},"_links":{"self":[{"href":"https:\/\/orvikpower.com\/pt\/wp-json\/wp\/v2\/product\/19889","targetHints":{"allow":["GET"]}}],"collection":[{"href":"https:\/\/orvikpower.com\/pt\/wp-json\/wp\/v2\/product"}],"about":[{"href":"https:\/\/orvikpower.com\/pt\/wp-json\/wp\/v2\/types\/product"}],"replies":[{"embeddable":true,"href":"https:\/\/orvikpower.com\/pt\/wp-json\/wp\/v2\/comments?post=19889"}],"wp:featuredmedia":[{"embeddable":true,"href":"https:\/\/orvikpower.com\/pt\/wp-json\/wp\/v2\/media\/19895"}],"wp:attachment":[{"href":"https:\/\/orvikpower.com\/pt\/wp-json\/wp\/v2\/media?parent=19889"}],"wp:term":[{"taxonomy":"product_brand","embeddable":true,"href":"https:\/\/orvikpower.com\/pt\/wp-json\/wp\/v2\/product_brand?post=19889"},{"taxonomy":"product_cat","embeddable":true,"href":"https:\/\/orvikpower.com\/pt\/wp-json\/wp\/v2\/product_cat?post=19889"},{"taxonomy":"product_tag","embeddable":true,"href":"https:\/\/orvikpower.com\/pt\/wp-json\/wp\/v2\/product_tag?post=19889"}],"curies":[{"name":"wp","href":"https:\/\/api.w.org\/{rel}","templated":true}]}}