{"id":19896,"date":"2026-04-08T02:20:44","date_gmt":"2026-04-08T02:20:44","guid":{"rendered":"https:\/\/orvikpower.com\/?post_type=product&#038;p=19896"},"modified":"2026-04-08T02:20:44","modified_gmt":"2026-04-08T02:20:44","slug":"3-seat-enclosed-passenger-trike-for-resorts-factory-fcl-orvik","status":"publish","type":"product","link":"https:\/\/orvikpower.com\/pt\/product\/3-seat-enclosed-passenger-trike-for-resorts-factory-fcl-orvik","title":{"rendered":"Trike de Passageiros com 3 lugares fechados para Resorts | F\u00e1brica FCL - ORVIK"},"content":{"rendered":"<p dir=\"auto\">O ORVIK L3 \u00e9 um triciclo el\u00e9trico de passageiros compacto e totalmente fechado, com uma configura\u00e7\u00e3o muito pr\u00e1tica de 3 portas e 3 lugares. Concebido exclusivamente para o tr\u00e2nsito fora de estrada em est\u00e2ncias tur\u00edsticas, campus privados e parques industriais, a sua cabina estanque \u00e0s intemp\u00e9ries vem equipada de s\u00e9rie com um aquecedor - e oferece ar condicionado opcional. Isto assegura o conforto dos passageiros durante todo o ano, protegendo os seus clientes e pessoal, quer seja nos g\u00e9lidos Invernos russos ou nos escaldantes Ver\u00f5es do M\u00e9dio Oriente. Mecanicamente, a robusta suspens\u00e3o traseira de molas de l\u00e2minas lida sem esfor\u00e7o com caminhos irregulares de gravilha ou terra batida dentro de propriedades privadas.<\/p>\n<div class=\"my-2\"><\/div>\n<p dir=\"auto\">Ao fazer a transi\u00e7\u00e3o para este modelo el\u00e9trico fechado, elimina os motores de combust\u00e3o interna de elevada manuten\u00e7\u00e3o, reduzindo drasticamente o tempo de inatividade operacional da sua frota e o custo total de propriedade (TCO). Para responder a diversos climas globais, o sistema de baterias \u00e9 totalmente personaliz\u00e1vel (escolha entre chumbo-\u00e1cido padr\u00e3o para uma efici\u00eancia econ\u00f3mica ou LiFePO4 de alta densidade para temperaturas extremas). Al\u00e9m disso, embora esteja equipada com um motor eficiente de 650 W, a pot\u00eancia de sa\u00edda pode ser personalizada e actualizada para uma configura\u00e7\u00e3o de 800 W para enfrentar sem problemas as inclina\u00e7\u00f5es mais acentuadas do campus. Constru\u00edda de forma compacta. Constru\u00edda diretamente. Concebida para facilitar o seu trabalho.<\/p>\n<table>\n<thead>\n<tr>\n<th>Par\u00e2metro Categoria<\/th>\n<th>Detalhes da especifica\u00e7\u00e3o<\/th>\n<\/tr>\n<\/thead>\n<tbody>\n<tr>\n<td><strong>Dimens\u00f5es gerais (C*L*A)<\/strong><\/td>\n<td>2175 <em>1150 <\/em>1650 mm<\/td>\n<\/tr>\n<tr>\n<td><strong>Estrutura do corpo<\/strong><\/td>\n<td>Cabina fechada: Tr\u00eas portas e tr\u00eas lugares sentados<\/td>\n<\/tr>\n<tr>\n<td><strong>Tens\u00e3o<\/strong><\/td>\n<td>48-60V Universal<\/td>\n<\/tr>\n<tr>\n<td><strong>Pot\u00eancia do motor<\/strong><\/td>\n<td>650W padr\u00e3o (personaliz\u00e1vel at\u00e9 800W)<\/td>\n<\/tr>\n<tr>\n<td><strong>Controlador<\/strong><\/td>\n<td>Controlador inteligente<\/td>\n<\/tr>\n<tr>\n<td><strong>Tipo de bateria<\/strong><\/td>\n<td>Personaliz\u00e1vel (chumbo-\u00e1cido \/ LiFePO4)<\/td>\n<\/tr>\n<tr>\n<td><strong>Suspens\u00e3o<\/strong><\/td>\n<td>Placa de a\u00e7o da mola de l\u00e2mina traseira<\/td>\n<\/tr>\n<tr>\n<td><strong>Sistema de travagem<\/strong><\/td>\n<td>Trav\u00e3o de tambor traseiro<\/td>\n<\/tr>\n<tr>\n<td><strong>Pneu \/ cubo de roda<\/strong><\/td>\n<td>3.50 Jantes de liga de alum\u00ednio<\/td>\n<\/tr>\n<tr>\n<td><strong>Configura\u00e7\u00f5es principais<\/strong><\/td>\n<td>Painel de instrumentos LCD integrado, c\u00e2mara de vis\u00e3o traseira, aquecimento da cabina, ventoinha do teto de abrir, r\u00e1dio, far\u00f3is LED, sistema multim\u00e9dia, porta USB<\/td>\n<\/tr>\n<tr>\n<td><strong>Actualiza\u00e7\u00f5es opcionais<\/strong><\/td>\n<td>Ar condicionado (aquecimento e arrefecimento)<\/td>\n<\/tr>\n<tr>\n<td><strong>Velocidade m\u00e1xima<\/strong><\/td>\n<td>Estritamente limitado (utiliza\u00e7\u00e3o fora de estrada\/propriedade privada apenas)<\/td>\n<\/tr>\n<tr>\n<td><strong>Quantidade de carga (40HQ)<\/strong><\/td>\n<td>Aprox. 35-45 unidades (SKD - Contactar para obter a disposi\u00e7\u00e3o exacta dos contentores)<\/td>\n<\/tr>\n<\/tbody>\n<\/table>","protected":false},"excerpt":{"rendered":"<p>Trike el\u00e9trico de 3 lugares fechado para passageiros. Possui A\/C e aquecedor opcionais para o tr\u00e2nsito no campus do \u00c1rtico\/Deserto. Informe-se sobre o pre\u00e7o FCL de f\u00e1brica hoje.<\/p>","protected":false},"featured_media":19902,"comment_status":"open","ping_status":"closed","template":"","meta":{"_eb_attr":""},"product_brand":[],"product_cat":[70,73],"product_tag":[155,160,91,149,169,168],"class_list":{"0":"post-19896","1":"product","2":"type-product","3":"status-publish","4":"has-post-thumbnail","6":"product_cat-lsev-passenger-mobility","7":"product_cat-sightseeing-shuttle-buses","8":"product_tag-campus-shuttle","9":"product_tag-cold-climate-transit","10":"product_tag-industrial-park","11":"product_tag-off-road","12":"product_tag-real-estate-viewing","13":"product_tag-resort-transit","15":"first","16":"instock","17":"shipping-taxable","18":"product-type-simple"},"yoast_head":"<!-- This site is optimized with the Yoast SEO plugin v26.9 - https:\/\/yoast.com\/product\/yoast-seo-wordpress\/ -->\n<title>3-Seat Enclosed Passenger Trike for Resorts | Factory FCL - ORVIK | ORVIK|Light Commercial Electric Vehicles<\/title>\n<meta name=\"robots\" content=\"index, follow, max-snippet:-1, max-image-preview:large, max-video-preview:-1\" \/>\n<link rel=\"canonical\" href=\"https:\/\/orvikpower.com\/pt\/product\/3-seat-enclosed-passenger-trike-for-resorts-factory-fcl-orvik\" \/>\n<meta property=\"og:locale\" content=\"pt_PT\" \/>\n<meta property=\"og:type\" content=\"article\" \/>\n<meta property=\"og:title\" content=\"3-Seat Enclosed Passenger Trike for Resorts | Factory FCL - ORVIK | ORVIK|Light Commercial Electric Vehicles\" \/>\n<meta property=\"og:description\" content=\"Wholesale 3-seat enclosed electric passenger trike. Features optional A\/C &amp; heater for Arctic\/Desert campus transit. Inquire for factory FCL price today.\" \/>\n<meta property=\"og:url\" content=\"https:\/\/orvikpower.com\/pt\/product\/3-seat-enclosed-passenger-trike-for-resorts-factory-fcl-orvik\" \/>\n<meta property=\"og:site_name\" content=\"ORVIK|Light Commercial Electric Vehicles\" \/>\n<meta property=\"og:image\" content=\"https:\/\/orvikpower.com\/wp-content\/uploads\/2026\/04\/main-5.png\" \/>\n\t<meta property=\"og:image:width\" content=\"1276\" \/>\n\t<meta property=\"og:image:height\" content=\"1276\" \/>\n\t<meta property=\"og:image:type\" content=\"image\/png\" \/>\n<meta name=\"twitter:card\" content=\"summary_large_image\" \/>\n<meta name=\"twitter:label1\" content=\"Est. reading time\" \/>\n\t<meta name=\"twitter:data1\" content=\"2 minutos\" \/>\n<script type=\"application\/ld+json\" class=\"yoast-schema-graph\">{\"@context\":\"https:\/\/schema.org\",\"@graph\":[{\"@type\":\"WebPage\",\"@id\":\"https:\/\/orvikpower.com\/product\/3-seat-enclosed-passenger-trike-for-resorts-factory-fcl-orvik\",\"url\":\"https:\/\/orvikpower.com\/product\/3-seat-enclosed-passenger-trike-for-resorts-factory-fcl-orvik\",\"name\":\"3-Seat Enclosed Passenger Trike for Resorts | Factory FCL - ORVIK | ORVIK|Light Commercial Electric Vehicles\",\"isPartOf\":{\"@id\":\"https:\/\/orvikpower.com\/#website\"},\"primaryImageOfPage\":{\"@id\":\"https:\/\/orvikpower.com\/product\/3-seat-enclosed-passenger-trike-for-resorts-factory-fcl-orvik#primaryimage\"},\"image\":{\"@id\":\"https:\/\/orvikpower.com\/product\/3-seat-enclosed-passenger-trike-for-resorts-factory-fcl-orvik#primaryimage\"},\"thumbnailUrl\":\"https:\/\/orvikpower.com\/wp-content\/uploads\/2026\/04\/main-5.png\",\"datePublished\":\"2026-04-08T02:20:44+00:00\",\"breadcrumb\":{\"@id\":\"https:\/\/orvikpower.com\/product\/3-seat-enclosed-passenger-trike-for-resorts-factory-fcl-orvik#breadcrumb\"},\"inLanguage\":\"pt-AO\",\"potentialAction\":[{\"@type\":\"ReadAction\",\"target\":[\"https:\/\/orvikpower.com\/product\/3-seat-enclosed-passenger-trike-for-resorts-factory-fcl-orvik\"]}]},{\"@type\":\"ImageObject\",\"inLanguage\":\"pt-AO\",\"@id\":\"https:\/\/orvikpower.com\/product\/3-seat-enclosed-passenger-trike-for-resorts-factory-fcl-orvik#primaryimage\",\"url\":\"https:\/\/orvikpower.com\/wp-content\/uploads\/2026\/04\/main-5.png\",\"contentUrl\":\"https:\/\/orvikpower.com\/wp-content\/uploads\/2026\/04\/main-5.png\",\"width\":1276,\"height\":1276,\"caption\":\"Wholesale 3-seat enclosed electric passenger trike. Features optional A\/C & heater for Arctic\/Desert campus transit. Inquire for factory FCL price today.\"},{\"@type\":\"BreadcrumbList\",\"@id\":\"https:\/\/orvikpower.com\/product\/3-seat-enclosed-passenger-trike-for-resorts-factory-fcl-orvik#breadcrumb\",\"itemListElement\":[{\"@type\":\"ListItem\",\"position\":1,\"name\":\"Home\",\"item\":\"https:\/\/orvikpower.com\/\"},{\"@type\":\"ListItem\",\"position\":2,\"name\":\"SHOP\",\"item\":\"https:\/\/orvikpower.com\/shop\"},{\"@type\":\"ListItem\",\"position\":3,\"name\":\"3-Seat Enclosed Passenger Trike for Resorts | Factory FCL &#8211; ORVIK\"}]},{\"@type\":\"WebSite\",\"@id\":\"https:\/\/orvikpower.com\/#website\",\"url\":\"https:\/\/orvikpower.com\/\",\"name\":\"ORVIK | Light Commercial Electric Vehicles\",\"description\":\"Premier Manufacturer of Off-road Electric Utility Vehicles, Pickups &amp; Mini Trucks. High-Temp &amp; Arctic Ready designs for farms &amp; mines. Save costs with Factory-Direct FCL. Make work flow. Get a Quote.\",\"publisher\":{\"@id\":\"https:\/\/orvikpower.com\/#organization\"},\"potentialAction\":[{\"@type\":\"SearchAction\",\"target\":{\"@type\":\"EntryPoint\",\"urlTemplate\":\"https:\/\/orvikpower.com\/?s={search_term_string}\"},\"query-input\":{\"@type\":\"PropertyValueSpecification\",\"valueRequired\":true,\"valueName\":\"search_term_string\"}}],\"inLanguage\":\"pt-AO\"},{\"@type\":\"Organization\",\"@id\":\"https:\/\/orvikpower.com\/#organization\",\"name\":\"ORVIK | Light Commercial Electric Vehicles\",\"url\":\"https:\/\/orvikpower.com\/\",\"logo\":{\"@type\":\"ImageObject\",\"inLanguage\":\"pt-AO\",\"@id\":\"https:\/\/orvikpower.com\/#\/schema\/logo\/image\/\",\"url\":\"https:\/\/orvikpower.com\/wp-content\/uploads\/2026\/01\/cropped-logo-h-main-small.png\",\"contentUrl\":\"https:\/\/orvikpower.com\/wp-content\/uploads\/2026\/01\/cropped-logo-h-main-small.png\",\"width\":512,\"height\":512,\"caption\":\"ORVIK | Light Commercial Electric Vehicles\"},\"image\":{\"@id\":\"https:\/\/orvikpower.com\/#\/schema\/logo\/image\/\"},\"sameAs\":[\"https:\/\/www.youtube.com\/@ORVIKOrvikPower\",\"https:\/\/www.pinterest.com\/OrvikPower\/\"]}]}<\/script>\n<!-- \/ Yoast SEO plugin. -->","yoast_head_json":{"title":"Trike de Passageiros com 3 Lugares Fechados para Resorts | FCL de F\u00e1brica - ORVIK | ORVIK|Ve\u00edculos El\u00e9ctricos Comerciais Ligeiros","robots":{"index":"index","follow":"follow","max-snippet":"max-snippet:-1","max-image-preview":"max-image-preview:large","max-video-preview":"max-video-preview:-1"},"canonical":"https:\/\/orvikpower.com\/pt\/product\/3-seat-enclosed-passenger-trike-for-resorts-factory-fcl-orvik","og_locale":"pt_PT","og_type":"article","og_title":"3-Seat Enclosed Passenger Trike for Resorts | Factory FCL - ORVIK | ORVIK|Light Commercial Electric Vehicles","og_description":"Wholesale 3-seat enclosed electric passenger trike. Features optional A\/C &amp; heater for Arctic\/Desert campus transit. Inquire for factory FCL price today.","og_url":"https:\/\/orvikpower.com\/pt\/product\/3-seat-enclosed-passenger-trike-for-resorts-factory-fcl-orvik","og_site_name":"ORVIK|Light Commercial Electric Vehicles","og_image":[{"width":1276,"height":1276,"url":"https:\/\/orvikpower.com\/wp-content\/uploads\/2026\/04\/main-5.png","type":"image\/png"}],"twitter_card":"summary_large_image","twitter_misc":{"Est. reading time":"2 minutos"},"schema":{"@context":"https:\/\/schema.org","@graph":[{"@type":"WebPage","@id":"https:\/\/orvikpower.com\/product\/3-seat-enclosed-passenger-trike-for-resorts-factory-fcl-orvik","url":"https:\/\/orvikpower.com\/product\/3-seat-enclosed-passenger-trike-for-resorts-factory-fcl-orvik","name":"Trike de Passageiros com 3 Lugares Fechados para Resorts | FCL de F\u00e1brica - ORVIK | ORVIK|Ve\u00edculos El\u00e9ctricos Comerciais Ligeiros","isPartOf":{"@id":"https:\/\/orvikpower.com\/#website"},"primaryImageOfPage":{"@id":"https:\/\/orvikpower.com\/product\/3-seat-enclosed-passenger-trike-for-resorts-factory-fcl-orvik#primaryimage"},"image":{"@id":"https:\/\/orvikpower.com\/product\/3-seat-enclosed-passenger-trike-for-resorts-factory-fcl-orvik#primaryimage"},"thumbnailUrl":"https:\/\/orvikpower.com\/wp-content\/uploads\/2026\/04\/main-5.png","datePublished":"2026-04-08T02:20:44+00:00","breadcrumb":{"@id":"https:\/\/orvikpower.com\/product\/3-seat-enclosed-passenger-trike-for-resorts-factory-fcl-orvik#breadcrumb"},"inLanguage":"pt-AO","potentialAction":[{"@type":"ReadAction","target":["https:\/\/orvikpower.com\/product\/3-seat-enclosed-passenger-trike-for-resorts-factory-fcl-orvik"]}]},{"@type":"ImageObject","inLanguage":"pt-AO","@id":"https:\/\/orvikpower.com\/product\/3-seat-enclosed-passenger-trike-for-resorts-factory-fcl-orvik#primaryimage","url":"https:\/\/orvikpower.com\/wp-content\/uploads\/2026\/04\/main-5.png","contentUrl":"https:\/\/orvikpower.com\/wp-content\/uploads\/2026\/04\/main-5.png","width":1276,"height":1276,"caption":"Wholesale 3-seat enclosed electric passenger trike. Features optional A\/C & heater for Arctic\/Desert campus transit. Inquire for factory FCL price today."},{"@type":"BreadcrumbList","@id":"https:\/\/orvikpower.com\/product\/3-seat-enclosed-passenger-trike-for-resorts-factory-fcl-orvik#breadcrumb","itemListElement":[{"@type":"ListItem","position":1,"name":"Home","item":"https:\/\/orvikpower.com\/"},{"@type":"ListItem","position":2,"name":"SHOP","item":"https:\/\/orvikpower.com\/shop"},{"@type":"ListItem","position":3,"name":"3-Seat Enclosed Passenger Trike for Resorts | Factory FCL &#8211; ORVIK"}]},{"@type":"WebSite","@id":"https:\/\/orvikpower.com\/#website","url":"https:\/\/orvikpower.com\/","name":"ORVIK | Ve\u00edculos el\u00e9ctricos comerciais ligeiros","description":"Principal fabricante de ve\u00edculos utilit\u00e1rios el\u00e9ctricos todo-o-terreno, pickups e mini-cami\u00f5es. Desenhos prontos para altas temperaturas e para o \u00c1rtico para quintas e minas. Poupe custos com o FCL direto da f\u00e1brica. Fa\u00e7a o fluxo de trabalho. Obter um or\u00e7amento.","publisher":{"@id":"https:\/\/orvikpower.com\/#organization"},"potentialAction":[{"@type":"SearchAction","target":{"@type":"EntryPoint","urlTemplate":"https:\/\/orvikpower.com\/?s={search_term_string}"},"query-input":{"@type":"PropertyValueSpecification","valueRequired":true,"valueName":"search_term_string"}}],"inLanguage":"pt-AO"},{"@type":"Organization","@id":"https:\/\/orvikpower.com\/#organization","name":"ORVIK | Ve\u00edculos el\u00e9ctricos comerciais ligeiros","url":"https:\/\/orvikpower.com\/","logo":{"@type":"ImageObject","inLanguage":"pt-AO","@id":"https:\/\/orvikpower.com\/#\/schema\/logo\/image\/","url":"https:\/\/orvikpower.com\/wp-content\/uploads\/2026\/01\/cropped-logo-h-main-small.png","contentUrl":"https:\/\/orvikpower.com\/wp-content\/uploads\/2026\/01\/cropped-logo-h-main-small.png","width":512,"height":512,"caption":"ORVIK | Light Commercial Electric Vehicles"},"image":{"@id":"https:\/\/orvikpower.com\/#\/schema\/logo\/image\/"},"sameAs":["https:\/\/www.youtube.com\/@ORVIKOrvikPower","https:\/\/www.pinterest.com\/OrvikPower\/"]}]}},"_links":{"self":[{"href":"https:\/\/orvikpower.com\/pt\/wp-json\/wp\/v2\/product\/19896","targetHints":{"allow":["GET"]}}],"collection":[{"href":"https:\/\/orvikpower.com\/pt\/wp-json\/wp\/v2\/product"}],"about":[{"href":"https:\/\/orvikpower.com\/pt\/wp-json\/wp\/v2\/types\/product"}],"replies":[{"embeddable":true,"href":"https:\/\/orvikpower.com\/pt\/wp-json\/wp\/v2\/comments?post=19896"}],"wp:featuredmedia":[{"embeddable":true,"href":"https:\/\/orvikpower.com\/pt\/wp-json\/wp\/v2\/media\/19902"}],"wp:attachment":[{"href":"https:\/\/orvikpower.com\/pt\/wp-json\/wp\/v2\/media?parent=19896"}],"wp:term":[{"taxonomy":"product_brand","embeddable":true,"href":"https:\/\/orvikpower.com\/pt\/wp-json\/wp\/v2\/product_brand?post=19896"},{"taxonomy":"product_cat","embeddable":true,"href":"https:\/\/orvikpower.com\/pt\/wp-json\/wp\/v2\/product_cat?post=19896"},{"taxonomy":"product_tag","embeddable":true,"href":"https:\/\/orvikpower.com\/pt\/wp-json\/wp\/v2\/product_tag?post=19896"}],"curies":[{"name":"wp","href":"https:\/\/api.w.org\/{rel}","templated":true}]}}