{"id":19912,"date":"2026-04-08T06:19:34","date_gmt":"2026-04-08T06:19:34","guid":{"rendered":"https:\/\/orvikpower.com\/?post_type=product&#038;p=19912"},"modified":"2026-04-08T06:19:34","modified_gmt":"2026-04-08T06:19:34","slug":"premium-abs-enclosed-passenger-trike-1200w-factory-fcl-orvik","status":"publish","type":"product","link":"https:\/\/orvikpower.com\/pt\/product\/premium-abs-enclosed-passenger-trike-1200w-factory-fcl-orvik","title":{"rendered":"Trike de Passageiros Premium ABS Fechado (1200W) | FCL de F\u00e1brica - ORVIK"},"content":{"rendered":"<p dir=\"auto\">O ORVIK 2-Door Premium Enclosed Trike redefine o tr\u00e2nsito de propriedade privada, utilizando a avan\u00e7ada moldagem por inje\u00e7\u00e3o de ABS de qualidade autom\u00f3vel sobre uma estrutura refor\u00e7ada de alta resist\u00eancia. Concebido estritamente para utiliza\u00e7\u00e3o em resorts e campus off-road, este m\u00e9todo de constru\u00e7\u00e3o n\u00e3o s\u00f3 reduz significativamente o peso do ve\u00edculo para maximizar a efici\u00eancia da bateria, como tamb\u00e9m proporciona uma resist\u00eancia superior \u00e0 ferrugem e \u00e0 corros\u00e3o, tornando-o a melhor escolha para resorts costeiros ou ambientes altamente h\u00famidos.<\/p>\n<div class=\"my-2\"><\/div>\n<p dir=\"auto\">A seguran\u00e7a e a experi\u00eancia dos passageiros s\u00e3o fundamentais. O ve\u00edculo est\u00e1 equipado com um sistema de travagem de disco duplo dianteiro e traseiro de resposta r\u00e1pida e uma cabina premium com vidros el\u00e9ctricos, fecho centralizado, \u00e1udio Bluetooth e ar condicionado opcional (aquecimento e arrefecimento). Ao fazer a transi\u00e7\u00e3o da sua frota de vaiv\u00e9ns VIP para este modelo el\u00e9trico, elimina o ru\u00eddo do motor e a manuten\u00e7\u00e3o, reduzindo diretamente o seu custo total de propriedade (TCO). Para corresponder \u00e0s suas necessidades operacionais espec\u00edficas, o sistema de baterias \u00e9 totalmente personaliz\u00e1vel (escolha entre chumbo-\u00e1cido para or\u00e7amentos ou LiFePO4 para climas extremos). Embora alimentado por um robusto motor standard de 1200 W, oferecemos actualiza\u00e7\u00f5es de pot\u00eancia personalizadas para lidar com inclina\u00e7\u00f5es acentuadas. Constru\u00edda com qualidade superior. Constru\u00eddo diretamente. Concebida para facilitar o seu trabalho.<\/p>\n<table>\n<thead>\n<tr>\n<th>Par\u00e2metro Categoria<\/th>\n<th>Detalhes da especifica\u00e7\u00e3o<\/th>\n<\/tr>\n<\/thead>\n<tbody>\n<tr>\n<td><strong>Dimens\u00f5es gerais (C*L*A)<\/strong><\/td>\n<td>2330 <em>1200 <\/em>1630 mm<\/td>\n<\/tr>\n<tr>\n<td><strong>Estrutura do corpo<\/strong><\/td>\n<td>Duas portas, tr\u00eas lugares (moldagem por inje\u00e7\u00e3o de ABS de qualidade autom\u00f3vel)<\/td>\n<\/tr>\n<tr>\n<td><strong>Tens\u00e3o<\/strong><\/td>\n<td>60V \/ 72V Universal<\/td>\n<\/tr>\n<tr>\n<td><strong>Pot\u00eancia do motor<\/strong><\/td>\n<td>1200W padr\u00e3o (atualiza\u00e7\u00f5es de pot\u00eancia personaliz\u00e1veis dispon\u00edveis)<\/td>\n<\/tr>\n<tr>\n<td><strong>Controlador<\/strong><\/td>\n<td>Controlador inteligente<\/td>\n<\/tr>\n<tr>\n<td><strong>Tipo de bateria<\/strong><\/td>\n<td>Personaliz\u00e1vel (chumbo-\u00e1cido \/ LiFePO4)<\/td>\n<\/tr>\n<tr>\n<td><strong>Suspens\u00e3o<\/strong><\/td>\n<td>Suspens\u00e3o da ponte do eixo traseiro<\/td>\n<\/tr>\n<tr>\n<td><strong>Sistema de travagem<\/strong><\/td>\n<td>Trav\u00f5es de disco dianteiros e traseiros<\/td>\n<\/tr>\n<tr>\n<td><strong>Tamanho do pneu<\/strong><\/td>\n<td>Dianteira: 130-70R12 \/ Traseira: 135-70R12<\/td>\n<\/tr>\n<tr>\n<td><strong>Configura\u00e7\u00f5es principais<\/strong><\/td>\n<td>Vidros El\u00e9ctricos, Fecho Centralizado Integrado\/Anti-Roubo, Push-to-Start, Carro\u00e7aria em Pl\u00e1stico ABS, Acabamentos Interiores Cromados, \u00c1udio Bluetooth, Limpa para-brisas sem capacete, Teto de abrir com ventoinha, Ilumina\u00e7\u00e3o Interior, Carregamento USB, C\u00e2mara Retrovisora HD<\/td>\n<\/tr>\n<\/tbody>\n<\/table>","protected":false},"excerpt":{"rendered":"<p>Triciclo el\u00e9trico de passageiros fechado de 1200 W com uma carro\u00e7aria ABS de qualidade autom\u00f3vel e trav\u00f5es de disco duplos. Op\u00e7\u00f5es de ar condicionado dispon\u00edveis. Obter cota\u00e7\u00f5es FCL de f\u00e1brica.<\/p>","protected":false},"featured_media":19917,"comment_status":"open","ping_status":"closed","template":"","meta":{"_eb_attr":""},"product_brand":[],"product_cat":[70,73],"product_tag":[173,159,149,171,172],"class_list":{"0":"post-19912","1":"product","2":"type-product","3":"status-publish","4":"has-post-thumbnail","6":"product_cat-lsev-passenger-mobility","7":"product_cat-sightseeing-shuttle-buses","8":"product_tag-coastal-property-transit","9":"product_tag-industrial-campus","10":"product_tag-off-road","11":"product_tag-premium-resort-shuttle","12":"product_tag-real-estate-vip-viewing","14":"first","15":"instock","16":"shipping-taxable","17":"product-type-simple"},"yoast_head":"<!-- This site is optimized with the Yoast SEO plugin v26.9 - https:\/\/yoast.com\/product\/yoast-seo-wordpress\/ -->\n<title>Premium ABS Enclosed Passenger Trike (1200W) | Factory FCL - ORVIK | ORVIK|Light Commercial Electric Vehicles<\/title>\n<meta name=\"robots\" content=\"index, follow, max-snippet:-1, max-image-preview:large, max-video-preview:-1\" \/>\n<link rel=\"canonical\" href=\"https:\/\/orvikpower.com\/pt\/product\/premium-abs-enclosed-passenger-trike-1200w-factory-fcl-orvik\" \/>\n<meta property=\"og:locale\" content=\"pt_PT\" \/>\n<meta property=\"og:type\" content=\"article\" \/>\n<meta property=\"og:title\" content=\"Premium ABS Enclosed Passenger Trike (1200W) | Factory FCL - ORVIK | ORVIK|Light Commercial Electric Vehicles\" \/>\n<meta property=\"og:description\" content=\"Wholesale 1200W enclosed electric passenger trike featuring an automotive-grade ABS body and dual disc brakes. A\/C options available. Get factory FCL quotes.\" \/>\n<meta property=\"og:url\" content=\"https:\/\/orvikpower.com\/pt\/product\/premium-abs-enclosed-passenger-trike-1200w-factory-fcl-orvik\" \/>\n<meta property=\"og:site_name\" content=\"ORVIK|Light Commercial Electric Vehicles\" \/>\n<meta property=\"og:image\" content=\"https:\/\/orvikpower.com\/wp-content\/uploads\/2026\/04\/\u7b2c15\u9875-99.png\" \/>\n\t<meta property=\"og:image:width\" content=\"2008\" \/>\n\t<meta property=\"og:image:height\" content=\"2008\" \/>\n\t<meta property=\"og:image:type\" content=\"image\/png\" \/>\n<meta name=\"twitter:card\" content=\"summary_large_image\" \/>\n<meta name=\"twitter:label1\" content=\"Est. reading time\" \/>\n\t<meta name=\"twitter:data1\" content=\"2 minutos\" \/>\n<script type=\"application\/ld+json\" class=\"yoast-schema-graph\">{\"@context\":\"https:\/\/schema.org\",\"@graph\":[{\"@type\":\"WebPage\",\"@id\":\"https:\/\/orvikpower.com\/product\/premium-abs-enclosed-passenger-trike-1200w-factory-fcl-orvik\",\"url\":\"https:\/\/orvikpower.com\/product\/premium-abs-enclosed-passenger-trike-1200w-factory-fcl-orvik\",\"name\":\"Premium ABS Enclosed Passenger Trike (1200W) | Factory FCL - ORVIK | ORVIK|Light Commercial Electric Vehicles\",\"isPartOf\":{\"@id\":\"https:\/\/orvikpower.com\/#website\"},\"primaryImageOfPage\":{\"@id\":\"https:\/\/orvikpower.com\/product\/premium-abs-enclosed-passenger-trike-1200w-factory-fcl-orvik#primaryimage\"},\"image\":{\"@id\":\"https:\/\/orvikpower.com\/product\/premium-abs-enclosed-passenger-trike-1200w-factory-fcl-orvik#primaryimage\"},\"thumbnailUrl\":\"https:\/\/orvikpower.com\/wp-content\/uploads\/2026\/04\/\u7b2c15\u9875-99.png\",\"datePublished\":\"2026-04-08T06:19:34+00:00\",\"breadcrumb\":{\"@id\":\"https:\/\/orvikpower.com\/product\/premium-abs-enclosed-passenger-trike-1200w-factory-fcl-orvik#breadcrumb\"},\"inLanguage\":\"pt-AO\",\"potentialAction\":[{\"@type\":\"ReadAction\",\"target\":[\"https:\/\/orvikpower.com\/product\/premium-abs-enclosed-passenger-trike-1200w-factory-fcl-orvik\"]}]},{\"@type\":\"ImageObject\",\"inLanguage\":\"pt-AO\",\"@id\":\"https:\/\/orvikpower.com\/product\/premium-abs-enclosed-passenger-trike-1200w-factory-fcl-orvik#primaryimage\",\"url\":\"https:\/\/orvikpower.com\/wp-content\/uploads\/2026\/04\/\u7b2c15\u9875-99.png\",\"contentUrl\":\"https:\/\/orvikpower.com\/wp-content\/uploads\/2026\/04\/\u7b2c15\u9875-99.png\",\"width\":2008,\"height\":2008,\"caption\":\"Wholesale 1200W enclosed electric passenger trike featuring an automotive-grade ABS body and dual disc brakes. A\/C options available. Get factory FCL quotes.\"},{\"@type\":\"BreadcrumbList\",\"@id\":\"https:\/\/orvikpower.com\/product\/premium-abs-enclosed-passenger-trike-1200w-factory-fcl-orvik#breadcrumb\",\"itemListElement\":[{\"@type\":\"ListItem\",\"position\":1,\"name\":\"Home\",\"item\":\"https:\/\/orvikpower.com\/\"},{\"@type\":\"ListItem\",\"position\":2,\"name\":\"SHOP\",\"item\":\"https:\/\/orvikpower.com\/shop\"},{\"@type\":\"ListItem\",\"position\":3,\"name\":\"Premium ABS Enclosed Passenger Trike (1200W) | Factory FCL &#8211; ORVIK\"}]},{\"@type\":\"WebSite\",\"@id\":\"https:\/\/orvikpower.com\/#website\",\"url\":\"https:\/\/orvikpower.com\/\",\"name\":\"ORVIK | Light Commercial Electric Vehicles\",\"description\":\"Premier Manufacturer of Off-road Electric Utility Vehicles, Pickups &amp; Mini Trucks. High-Temp &amp; Arctic Ready designs for farms &amp; mines. Save costs with Factory-Direct FCL. Make work flow. Get a Quote.\",\"publisher\":{\"@id\":\"https:\/\/orvikpower.com\/#organization\"},\"potentialAction\":[{\"@type\":\"SearchAction\",\"target\":{\"@type\":\"EntryPoint\",\"urlTemplate\":\"https:\/\/orvikpower.com\/?s={search_term_string}\"},\"query-input\":{\"@type\":\"PropertyValueSpecification\",\"valueRequired\":true,\"valueName\":\"search_term_string\"}}],\"inLanguage\":\"pt-AO\"},{\"@type\":\"Organization\",\"@id\":\"https:\/\/orvikpower.com\/#organization\",\"name\":\"ORVIK | Light Commercial Electric Vehicles\",\"url\":\"https:\/\/orvikpower.com\/\",\"logo\":{\"@type\":\"ImageObject\",\"inLanguage\":\"pt-AO\",\"@id\":\"https:\/\/orvikpower.com\/#\/schema\/logo\/image\/\",\"url\":\"https:\/\/orvikpower.com\/wp-content\/uploads\/2026\/01\/cropped-logo-h-main-small.png\",\"contentUrl\":\"https:\/\/orvikpower.com\/wp-content\/uploads\/2026\/01\/cropped-logo-h-main-small.png\",\"width\":512,\"height\":512,\"caption\":\"ORVIK | Light Commercial Electric Vehicles\"},\"image\":{\"@id\":\"https:\/\/orvikpower.com\/#\/schema\/logo\/image\/\"},\"sameAs\":[\"https:\/\/www.youtube.com\/@ORVIKOrvikPower\",\"https:\/\/www.pinterest.com\/OrvikPower\/\"]}]}<\/script>\n<!-- \/ Yoast SEO plugin. -->","yoast_head_json":{"title":"Trike de Passageiros Premium ABS Fechado (1200W) | FCL de F\u00e1brica - ORVIK | ORVIK|Ve\u00edculos El\u00e9ctricos Comerciais Ligeiros","robots":{"index":"index","follow":"follow","max-snippet":"max-snippet:-1","max-image-preview":"max-image-preview:large","max-video-preview":"max-video-preview:-1"},"canonical":"https:\/\/orvikpower.com\/pt\/product\/premium-abs-enclosed-passenger-trike-1200w-factory-fcl-orvik","og_locale":"pt_PT","og_type":"article","og_title":"Premium ABS Enclosed Passenger Trike (1200W) | Factory FCL - ORVIK | ORVIK|Light Commercial Electric Vehicles","og_description":"Wholesale 1200W enclosed electric passenger trike featuring an automotive-grade ABS body and dual disc brakes. A\/C options available. Get factory FCL quotes.","og_url":"https:\/\/orvikpower.com\/pt\/product\/premium-abs-enclosed-passenger-trike-1200w-factory-fcl-orvik","og_site_name":"ORVIK|Light Commercial Electric Vehicles","og_image":[{"width":2008,"height":2008,"url":"https:\/\/orvikpower.com\/wp-content\/uploads\/2026\/04\/\u7b2c15\u9875-99.png","type":"image\/png"}],"twitter_card":"summary_large_image","twitter_misc":{"Est. reading time":"2 minutos"},"schema":{"@context":"https:\/\/schema.org","@graph":[{"@type":"WebPage","@id":"https:\/\/orvikpower.com\/product\/premium-abs-enclosed-passenger-trike-1200w-factory-fcl-orvik","url":"https:\/\/orvikpower.com\/product\/premium-abs-enclosed-passenger-trike-1200w-factory-fcl-orvik","name":"Trike de Passageiros Premium ABS Fechado (1200W) | FCL de F\u00e1brica - ORVIK | ORVIK|Ve\u00edculos El\u00e9ctricos Comerciais Ligeiros","isPartOf":{"@id":"https:\/\/orvikpower.com\/#website"},"primaryImageOfPage":{"@id":"https:\/\/orvikpower.com\/product\/premium-abs-enclosed-passenger-trike-1200w-factory-fcl-orvik#primaryimage"},"image":{"@id":"https:\/\/orvikpower.com\/product\/premium-abs-enclosed-passenger-trike-1200w-factory-fcl-orvik#primaryimage"},"thumbnailUrl":"https:\/\/orvikpower.com\/wp-content\/uploads\/2026\/04\/\u7b2c15\u9875-99.png","datePublished":"2026-04-08T06:19:34+00:00","breadcrumb":{"@id":"https:\/\/orvikpower.com\/product\/premium-abs-enclosed-passenger-trike-1200w-factory-fcl-orvik#breadcrumb"},"inLanguage":"pt-AO","potentialAction":[{"@type":"ReadAction","target":["https:\/\/orvikpower.com\/product\/premium-abs-enclosed-passenger-trike-1200w-factory-fcl-orvik"]}]},{"@type":"ImageObject","inLanguage":"pt-AO","@id":"https:\/\/orvikpower.com\/product\/premium-abs-enclosed-passenger-trike-1200w-factory-fcl-orvik#primaryimage","url":"https:\/\/orvikpower.com\/wp-content\/uploads\/2026\/04\/\u7b2c15\u9875-99.png","contentUrl":"https:\/\/orvikpower.com\/wp-content\/uploads\/2026\/04\/\u7b2c15\u9875-99.png","width":2008,"height":2008,"caption":"Wholesale 1200W enclosed electric passenger trike featuring an automotive-grade ABS body and dual disc brakes. A\/C options available. Get factory FCL quotes."},{"@type":"BreadcrumbList","@id":"https:\/\/orvikpower.com\/product\/premium-abs-enclosed-passenger-trike-1200w-factory-fcl-orvik#breadcrumb","itemListElement":[{"@type":"ListItem","position":1,"name":"Home","item":"https:\/\/orvikpower.com\/"},{"@type":"ListItem","position":2,"name":"SHOP","item":"https:\/\/orvikpower.com\/shop"},{"@type":"ListItem","position":3,"name":"Premium ABS Enclosed Passenger Trike (1200W) | Factory FCL &#8211; ORVIK"}]},{"@type":"WebSite","@id":"https:\/\/orvikpower.com\/#website","url":"https:\/\/orvikpower.com\/","name":"ORVIK | Ve\u00edculos el\u00e9ctricos comerciais ligeiros","description":"Principal fabricante de ve\u00edculos utilit\u00e1rios el\u00e9ctricos todo-o-terreno, pickups e mini-cami\u00f5es. Desenhos prontos para altas temperaturas e para o \u00c1rtico para quintas e minas. Poupe custos com o FCL direto da f\u00e1brica. Fa\u00e7a o fluxo de trabalho. Obter um or\u00e7amento.","publisher":{"@id":"https:\/\/orvikpower.com\/#organization"},"potentialAction":[{"@type":"SearchAction","target":{"@type":"EntryPoint","urlTemplate":"https:\/\/orvikpower.com\/?s={search_term_string}"},"query-input":{"@type":"PropertyValueSpecification","valueRequired":true,"valueName":"search_term_string"}}],"inLanguage":"pt-AO"},{"@type":"Organization","@id":"https:\/\/orvikpower.com\/#organization","name":"ORVIK | Ve\u00edculos el\u00e9ctricos comerciais ligeiros","url":"https:\/\/orvikpower.com\/","logo":{"@type":"ImageObject","inLanguage":"pt-AO","@id":"https:\/\/orvikpower.com\/#\/schema\/logo\/image\/","url":"https:\/\/orvikpower.com\/wp-content\/uploads\/2026\/01\/cropped-logo-h-main-small.png","contentUrl":"https:\/\/orvikpower.com\/wp-content\/uploads\/2026\/01\/cropped-logo-h-main-small.png","width":512,"height":512,"caption":"ORVIK | Light Commercial Electric Vehicles"},"image":{"@id":"https:\/\/orvikpower.com\/#\/schema\/logo\/image\/"},"sameAs":["https:\/\/www.youtube.com\/@ORVIKOrvikPower","https:\/\/www.pinterest.com\/OrvikPower\/"]}]}},"_links":{"self":[{"href":"https:\/\/orvikpower.com\/pt\/wp-json\/wp\/v2\/product\/19912","targetHints":{"allow":["GET"]}}],"collection":[{"href":"https:\/\/orvikpower.com\/pt\/wp-json\/wp\/v2\/product"}],"about":[{"href":"https:\/\/orvikpower.com\/pt\/wp-json\/wp\/v2\/types\/product"}],"replies":[{"embeddable":true,"href":"https:\/\/orvikpower.com\/pt\/wp-json\/wp\/v2\/comments?post=19912"}],"wp:featuredmedia":[{"embeddable":true,"href":"https:\/\/orvikpower.com\/pt\/wp-json\/wp\/v2\/media\/19917"}],"wp:attachment":[{"href":"https:\/\/orvikpower.com\/pt\/wp-json\/wp\/v2\/media?parent=19912"}],"wp:term":[{"taxonomy":"product_brand","embeddable":true,"href":"https:\/\/orvikpower.com\/pt\/wp-json\/wp\/v2\/product_brand?post=19912"},{"taxonomy":"product_cat","embeddable":true,"href":"https:\/\/orvikpower.com\/pt\/wp-json\/wp\/v2\/product_cat?post=19912"},{"taxonomy":"product_tag","embeddable":true,"href":"https:\/\/orvikpower.com\/pt\/wp-json\/wp\/v2\/product_tag?post=19912"}],"curies":[{"name":"wp","href":"https:\/\/api.w.org\/{rel}","templated":true}]}}