{"id":19954,"date":"2026-04-08T07:29:06","date_gmt":"2026-04-08T07:29:06","guid":{"rendered":"https:\/\/orvikpower.com\/?post_type=product&#038;p=19954"},"modified":"2026-04-08T07:29:06","modified_gmt":"2026-04-08T07:29:06","slug":"mk-series-4-door-wide-body-electric-shuttle-factory-fcl-orvik","status":"publish","type":"product","link":"https:\/\/orvikpower.com\/pt\/product\/mk-series-4-door-wide-body-electric-shuttle-factory-fcl-orvik","title":{"rendered":"S\u00e9rie MK 4 portas, carro\u00e7aria larga, transporte el\u00e9trico, FCL de f\u00e1brica - ORVIK"},"content":{"rendered":"<p dir=\"auto\">A s\u00e9rie ORVIK MK representa a \u00faltima evolu\u00e7\u00e3o no transporte de propriedade privada VIP. Com base no nosso chassis de 1,4 m de largura, este modelo apresenta uma configura\u00e7\u00e3o premium de 4 portas e 4 lugares. Este design distinto elimina a necessidade de os passageiros terem de subir desajeitadamente para cima dos bancos, proporcionando um embarque independente e sem esfor\u00e7o a todos os convidados. Concebida estritamente para est\u00e2ncias todo-o-terreno e campus industriais, a cabina totalmente fechada vem equipada de s\u00e9rie com um aquecedor integrado para os g\u00e9lidos Invernos russos, com a op\u00e7\u00e3o de atualizar para um A\/C de controlo clim\u00e1tico para os escaldantes Ver\u00f5es do M\u00e9dio Oriente.<\/p>\n<div class=\"my-2\"><\/div>\n<p dir=\"auto\">Por baixo do luxuoso habit\u00e1culo encontra-se um robusto cavalo de batalha. Suportada por uma suspens\u00e3o traseira de molas de l\u00e2minas para trabalhos pesados, a S\u00e9rie MK navega suavemente em terrenos irregulares e caminhos de gravilha. A transi\u00e7\u00e3o da sua frota VIP para este modelo el\u00e9trico elimina o ru\u00eddo e a manuten\u00e7\u00e3o do motor de combust\u00e3o interna, reduzindo significativamente o seu Custo Total de Propriedade (TCO). Para se adaptar ao seu clima operacional espec\u00edfico, o sistema de baterias \u00e9 totalmente personaliz\u00e1vel (chumbo-\u00e1cido ou LiFePO4 de alta densidade). O grupo motopropulsor \u00e9 altamente modular para os compradores B2B: actualize o motor padr\u00e3o de 1000 W para uma unidade de 1500 W com mudan\u00e7as altas\/baixas para colinas \u00edngremes, troque o guiador por um volante de autom\u00f3vel ou integre um telhado solar para uma resist\u00eancia m\u00e1xima fora da rede. Constru\u00edda em grande escala. Constru\u00edda diretamente. Concebida para fazer o seu trabalho fluir.<\/p>\n<table>\n<thead>\n<tr>\n<th>Par\u00e2metro Categoria<\/th>\n<th>Detalhes da especifica\u00e7\u00e3o<\/th>\n<\/tr>\n<\/thead>\n<tbody>\n<tr>\n<td><strong>S\u00e9rie de modelos<\/strong><\/td>\n<td>S\u00e9rie MK<\/td>\n<\/tr>\n<tr>\n<td><strong>Dimens\u00f5es gerais (C*L*A)<\/strong><\/td>\n<td>2600 <em>1400 <\/em>1650 mm (chassis de corpo largo)<\/td>\n<\/tr>\n<tr>\n<td><strong>Estrutura do corpo<\/strong><\/td>\n<td>Cabina fechada de quatro portas e quatro lugares<\/td>\n<\/tr>\n<tr>\n<td><strong>Tens\u00e3o<\/strong><\/td>\n<td>60-72V Universal<\/td>\n<\/tr>\n<tr>\n<td><strong>Pot\u00eancia do motor<\/strong><\/td>\n<td>1000W padr\u00e3o (personaliz\u00e1vel at\u00e9 1500W)<\/td>\n<\/tr>\n<tr>\n<td><strong>Controlador<\/strong><\/td>\n<td>Controlador duplo de 18 tubos<\/td>\n<\/tr>\n<tr>\n<td><strong>Tipo de bateria<\/strong><\/td>\n<td>Personaliz\u00e1vel (chumbo-\u00e1cido \/ LiFePO4)<\/td>\n<\/tr>\n<tr>\n<td><strong>Suspens\u00e3o<\/strong><\/td>\n<td>Eixo traseiro Suspens\u00e3o por molas de l\u00e2minas<\/td>\n<\/tr>\n<tr>\n<td><strong>Sistema de travagem<\/strong><\/td>\n<td>Trav\u00f5es de disco duplo (atualiz\u00e1vel para disco de 4 rodas)<\/td>\n<\/tr>\n<tr>\n<td><strong>Tamanho do pneu<\/strong><\/td>\n<td>4.00 - 10 (Jantes de liga de alum\u00ednio)<\/td>\n<\/tr>\n<tr>\n<td><strong>Configura\u00e7\u00f5es principais<\/strong><\/td>\n<td>Painel de instrumentos LCD integrado, c\u00e2mara de vis\u00e3o traseira, aquecimento da cabina, ventoinha do teto de abrir, chave remota, r\u00e1dio, vidros manuais<\/td>\n<\/tr>\n<tr>\n<td><strong>Actualiza\u00e7\u00f5es opcionais<\/strong><\/td>\n<td>Motor de 1500 W, mudan\u00e7as altas\/baixas, volante, assentos divididos, A\/C (aquecimento e arrefecimento), pain\u00e9is solares, extensor de autonomia, trav\u00f5es de disco de 4 rodas<\/td>\n<\/tr>\n<tr>\n<td><strong>Cores dispon\u00edveis<\/strong><\/td>\n<td>Personaliz\u00e1vel mediante pedido<\/td>\n<\/tr>\n<tr>\n<td><strong>Velocidade m\u00e1xima<\/strong><\/td>\n<td>Estritamente limitado (utiliza\u00e7\u00e3o fora de estrada\/propriedade privada apenas)<\/td>\n<\/tr>\n<tr>\n<td><strong>Quantidade de carga (40HQ)<\/strong><\/td>\n<td>Aprox. 20-25 unidades (SKD - A carro\u00e7aria larga requer uma disposi\u00e7\u00e3o especializada do contentor, contactar para mais informa\u00e7\u00f5es)<\/td>\n<\/tr>\n<\/tbody>\n<\/table>","protected":false},"excerpt":{"rendered":"<p>Vaiv\u00e9m el\u00e9trico fechado de 4 portas da s\u00e9rie MK. Cabina com 1,4 m de largura, aquecedor standard e A\/C opcional para climas extremos. Obtenha hoje o seu or\u00e7amento FCL de f\u00e1brica.<\/p>","protected":false},"featured_media":19960,"comment_status":"open","ping_status":"closed","template":"","meta":{"_eb_attr":""},"product_brand":[],"product_cat":[70,73],"product_tag":[182,159,181,176,149,171,175],"class_list":{"0":"post-19954","1":"product","2":"type-product","3":"status-publish","4":"has-post-thumbnail","6":"product_cat-lsev-passenger-mobility","7":"product_cat-sightseeing-shuttle-buses","8":"product_tag-4-door-lsev","9":"product_tag-industrial-campus","10":"product_tag-mk-series","11":"product_tag-off-grid-transit","12":"product_tag-off-road","13":"product_tag-premium-resort-shuttle","14":"product_tag-vip-real-estate-viewing","16":"first","17":"instock","18":"shipping-taxable","19":"product-type-simple"},"yoast_head":"<!-- This site is optimized with the Yoast SEO plugin v26.9 - https:\/\/yoast.com\/product\/yoast-seo-wordpress\/ -->\n<title>MK Series 4-Door Wide-Body Electric Shuttle | Factory FCL - ORVIK | ORVIK|Light Commercial Electric Vehicles<\/title>\n<meta name=\"robots\" content=\"index, follow, max-snippet:-1, max-image-preview:large, max-video-preview:-1\" \/>\n<link rel=\"canonical\" href=\"https:\/\/orvikpower.com\/pt\/product\/mk-series-4-door-wide-body-electric-shuttle-factory-fcl-orvik\" \/>\n<meta property=\"og:locale\" content=\"pt_PT\" \/>\n<meta property=\"og:type\" content=\"article\" \/>\n<meta property=\"og:title\" content=\"MK Series 4-Door Wide-Body Electric Shuttle | Factory FCL - ORVIK | ORVIK|Light Commercial Electric Vehicles\" \/>\n<meta property=\"og:description\" content=\"Wholesale MK Series 4-door enclosed electric shuttle. 1.4m wide cabin, standard heater &amp; optional A\/C for extreme climates. Get your factory FCL quote today.\" \/>\n<meta property=\"og:url\" content=\"https:\/\/orvikpower.com\/pt\/product\/mk-series-4-door-wide-body-electric-shuttle-factory-fcl-orvik\" \/>\n<meta property=\"og:site_name\" content=\"ORVIK|Light Commercial Electric Vehicles\" \/>\n<meta property=\"og:image\" content=\"https:\/\/orvikpower.com\/wp-content\/uploads\/2026\/04\/\u7b2c21\u9875-141.png\" \/>\n\t<meta property=\"og:image:width\" content=\"2008\" \/>\n\t<meta property=\"og:image:height\" content=\"2008\" \/>\n\t<meta property=\"og:image:type\" content=\"image\/png\" \/>\n<meta name=\"twitter:card\" content=\"summary_large_image\" \/>\n<meta name=\"twitter:label1\" content=\"Est. reading time\" \/>\n\t<meta name=\"twitter:data1\" content=\"2 minutos\" \/>\n<script type=\"application\/ld+json\" class=\"yoast-schema-graph\">{\"@context\":\"https:\/\/schema.org\",\"@graph\":[{\"@type\":\"WebPage\",\"@id\":\"https:\/\/orvikpower.com\/product\/mk-series-4-door-wide-body-electric-shuttle-factory-fcl-orvik\",\"url\":\"https:\/\/orvikpower.com\/product\/mk-series-4-door-wide-body-electric-shuttle-factory-fcl-orvik\",\"name\":\"MK Series 4-Door Wide-Body Electric Shuttle | Factory FCL - ORVIK | ORVIK|Light Commercial Electric Vehicles\",\"isPartOf\":{\"@id\":\"https:\/\/orvikpower.com\/#website\"},\"primaryImageOfPage\":{\"@id\":\"https:\/\/orvikpower.com\/product\/mk-series-4-door-wide-body-electric-shuttle-factory-fcl-orvik#primaryimage\"},\"image\":{\"@id\":\"https:\/\/orvikpower.com\/product\/mk-series-4-door-wide-body-electric-shuttle-factory-fcl-orvik#primaryimage\"},\"thumbnailUrl\":\"https:\/\/orvikpower.com\/wp-content\/uploads\/2026\/04\/\u7b2c21\u9875-141.png\",\"datePublished\":\"2026-04-08T07:29:06+00:00\",\"breadcrumb\":{\"@id\":\"https:\/\/orvikpower.com\/product\/mk-series-4-door-wide-body-electric-shuttle-factory-fcl-orvik#breadcrumb\"},\"inLanguage\":\"pt-AO\",\"potentialAction\":[{\"@type\":\"ReadAction\",\"target\":[\"https:\/\/orvikpower.com\/product\/mk-series-4-door-wide-body-electric-shuttle-factory-fcl-orvik\"]}]},{\"@type\":\"ImageObject\",\"inLanguage\":\"pt-AO\",\"@id\":\"https:\/\/orvikpower.com\/product\/mk-series-4-door-wide-body-electric-shuttle-factory-fcl-orvik#primaryimage\",\"url\":\"https:\/\/orvikpower.com\/wp-content\/uploads\/2026\/04\/\u7b2c21\u9875-141.png\",\"contentUrl\":\"https:\/\/orvikpower.com\/wp-content\/uploads\/2026\/04\/\u7b2c21\u9875-141.png\",\"width\":2008,\"height\":2008,\"caption\":\"Wholesale MK Series 4-door enclosed electric shuttle. 1.4m wide cabin, standard heater & optional A\/C for extreme climates. Get your factory FCL quote today.\"},{\"@type\":\"BreadcrumbList\",\"@id\":\"https:\/\/orvikpower.com\/product\/mk-series-4-door-wide-body-electric-shuttle-factory-fcl-orvik#breadcrumb\",\"itemListElement\":[{\"@type\":\"ListItem\",\"position\":1,\"name\":\"Home\",\"item\":\"https:\/\/orvikpower.com\/\"},{\"@type\":\"ListItem\",\"position\":2,\"name\":\"SHOP\",\"item\":\"https:\/\/orvikpower.com\/shop\"},{\"@type\":\"ListItem\",\"position\":3,\"name\":\"MK Series 4-Door Wide-Body Electric Shuttle | Factory FCL &#8211; ORVIK\"}]},{\"@type\":\"WebSite\",\"@id\":\"https:\/\/orvikpower.com\/#website\",\"url\":\"https:\/\/orvikpower.com\/\",\"name\":\"ORVIK | Light Commercial Electric Vehicles\",\"description\":\"Premier Manufacturer of Off-road Electric Utility Vehicles, Pickups &amp; Mini Trucks. High-Temp &amp; Arctic Ready designs for farms &amp; mines. Save costs with Factory-Direct FCL. Make work flow. Get a Quote.\",\"publisher\":{\"@id\":\"https:\/\/orvikpower.com\/#organization\"},\"potentialAction\":[{\"@type\":\"SearchAction\",\"target\":{\"@type\":\"EntryPoint\",\"urlTemplate\":\"https:\/\/orvikpower.com\/?s={search_term_string}\"},\"query-input\":{\"@type\":\"PropertyValueSpecification\",\"valueRequired\":true,\"valueName\":\"search_term_string\"}}],\"inLanguage\":\"pt-AO\"},{\"@type\":\"Organization\",\"@id\":\"https:\/\/orvikpower.com\/#organization\",\"name\":\"ORVIK | Light Commercial Electric Vehicles\",\"url\":\"https:\/\/orvikpower.com\/\",\"logo\":{\"@type\":\"ImageObject\",\"inLanguage\":\"pt-AO\",\"@id\":\"https:\/\/orvikpower.com\/#\/schema\/logo\/image\/\",\"url\":\"https:\/\/orvikpower.com\/wp-content\/uploads\/2026\/01\/cropped-logo-h-main-small.png\",\"contentUrl\":\"https:\/\/orvikpower.com\/wp-content\/uploads\/2026\/01\/cropped-logo-h-main-small.png\",\"width\":512,\"height\":512,\"caption\":\"ORVIK | Light Commercial Electric Vehicles\"},\"image\":{\"@id\":\"https:\/\/orvikpower.com\/#\/schema\/logo\/image\/\"},\"sameAs\":[\"https:\/\/www.youtube.com\/@ORVIKOrvikPower\",\"https:\/\/www.pinterest.com\/OrvikPower\/\"]}]}<\/script>\n<!-- \/ Yoast SEO plugin. -->","yoast_head_json":{"title":"FCL de f\u00e1brica - ORVIK | ORVIK|Ve\u00edculos comerciais ligeiros el\u00e9ctricos da s\u00e9rie MK de 4 portas","robots":{"index":"index","follow":"follow","max-snippet":"max-snippet:-1","max-image-preview":"max-image-preview:large","max-video-preview":"max-video-preview:-1"},"canonical":"https:\/\/orvikpower.com\/pt\/product\/mk-series-4-door-wide-body-electric-shuttle-factory-fcl-orvik","og_locale":"pt_PT","og_type":"article","og_title":"MK Series 4-Door Wide-Body Electric Shuttle | Factory FCL - ORVIK | ORVIK|Light Commercial Electric Vehicles","og_description":"Wholesale MK Series 4-door enclosed electric shuttle. 1.4m wide cabin, standard heater &amp; optional A\/C for extreme climates. Get your factory FCL quote today.","og_url":"https:\/\/orvikpower.com\/pt\/product\/mk-series-4-door-wide-body-electric-shuttle-factory-fcl-orvik","og_site_name":"ORVIK|Light Commercial Electric Vehicles","og_image":[{"width":2008,"height":2008,"url":"https:\/\/orvikpower.com\/wp-content\/uploads\/2026\/04\/\u7b2c21\u9875-141.png","type":"image\/png"}],"twitter_card":"summary_large_image","twitter_misc":{"Est. reading time":"2 minutos"},"schema":{"@context":"https:\/\/schema.org","@graph":[{"@type":"WebPage","@id":"https:\/\/orvikpower.com\/product\/mk-series-4-door-wide-body-electric-shuttle-factory-fcl-orvik","url":"https:\/\/orvikpower.com\/product\/mk-series-4-door-wide-body-electric-shuttle-factory-fcl-orvik","name":"FCL de f\u00e1brica - ORVIK | ORVIK|Ve\u00edculos comerciais ligeiros el\u00e9ctricos da s\u00e9rie MK de 4 portas","isPartOf":{"@id":"https:\/\/orvikpower.com\/#website"},"primaryImageOfPage":{"@id":"https:\/\/orvikpower.com\/product\/mk-series-4-door-wide-body-electric-shuttle-factory-fcl-orvik#primaryimage"},"image":{"@id":"https:\/\/orvikpower.com\/product\/mk-series-4-door-wide-body-electric-shuttle-factory-fcl-orvik#primaryimage"},"thumbnailUrl":"https:\/\/orvikpower.com\/wp-content\/uploads\/2026\/04\/\u7b2c21\u9875-141.png","datePublished":"2026-04-08T07:29:06+00:00","breadcrumb":{"@id":"https:\/\/orvikpower.com\/product\/mk-series-4-door-wide-body-electric-shuttle-factory-fcl-orvik#breadcrumb"},"inLanguage":"pt-AO","potentialAction":[{"@type":"ReadAction","target":["https:\/\/orvikpower.com\/product\/mk-series-4-door-wide-body-electric-shuttle-factory-fcl-orvik"]}]},{"@type":"ImageObject","inLanguage":"pt-AO","@id":"https:\/\/orvikpower.com\/product\/mk-series-4-door-wide-body-electric-shuttle-factory-fcl-orvik#primaryimage","url":"https:\/\/orvikpower.com\/wp-content\/uploads\/2026\/04\/\u7b2c21\u9875-141.png","contentUrl":"https:\/\/orvikpower.com\/wp-content\/uploads\/2026\/04\/\u7b2c21\u9875-141.png","width":2008,"height":2008,"caption":"Wholesale MK Series 4-door enclosed electric shuttle. 1.4m wide cabin, standard heater & optional A\/C for extreme climates. Get your factory FCL quote today."},{"@type":"BreadcrumbList","@id":"https:\/\/orvikpower.com\/product\/mk-series-4-door-wide-body-electric-shuttle-factory-fcl-orvik#breadcrumb","itemListElement":[{"@type":"ListItem","position":1,"name":"Home","item":"https:\/\/orvikpower.com\/"},{"@type":"ListItem","position":2,"name":"SHOP","item":"https:\/\/orvikpower.com\/shop"},{"@type":"ListItem","position":3,"name":"MK Series 4-Door Wide-Body Electric Shuttle | Factory FCL &#8211; ORVIK"}]},{"@type":"WebSite","@id":"https:\/\/orvikpower.com\/#website","url":"https:\/\/orvikpower.com\/","name":"ORVIK | Ve\u00edculos el\u00e9ctricos comerciais ligeiros","description":"Principal fabricante de ve\u00edculos utilit\u00e1rios el\u00e9ctricos todo-o-terreno, pickups e mini-cami\u00f5es. Desenhos prontos para altas temperaturas e para o \u00c1rtico para quintas e minas. Poupe custos com o FCL direto da f\u00e1brica. Fa\u00e7a o fluxo de trabalho. Obter um or\u00e7amento.","publisher":{"@id":"https:\/\/orvikpower.com\/#organization"},"potentialAction":[{"@type":"SearchAction","target":{"@type":"EntryPoint","urlTemplate":"https:\/\/orvikpower.com\/?s={search_term_string}"},"query-input":{"@type":"PropertyValueSpecification","valueRequired":true,"valueName":"search_term_string"}}],"inLanguage":"pt-AO"},{"@type":"Organization","@id":"https:\/\/orvikpower.com\/#organization","name":"ORVIK | Ve\u00edculos el\u00e9ctricos comerciais ligeiros","url":"https:\/\/orvikpower.com\/","logo":{"@type":"ImageObject","inLanguage":"pt-AO","@id":"https:\/\/orvikpower.com\/#\/schema\/logo\/image\/","url":"https:\/\/orvikpower.com\/wp-content\/uploads\/2026\/01\/cropped-logo-h-main-small.png","contentUrl":"https:\/\/orvikpower.com\/wp-content\/uploads\/2026\/01\/cropped-logo-h-main-small.png","width":512,"height":512,"caption":"ORVIK | Light Commercial Electric Vehicles"},"image":{"@id":"https:\/\/orvikpower.com\/#\/schema\/logo\/image\/"},"sameAs":["https:\/\/www.youtube.com\/@ORVIKOrvikPower","https:\/\/www.pinterest.com\/OrvikPower\/"]}]}},"_links":{"self":[{"href":"https:\/\/orvikpower.com\/pt\/wp-json\/wp\/v2\/product\/19954","targetHints":{"allow":["GET"]}}],"collection":[{"href":"https:\/\/orvikpower.com\/pt\/wp-json\/wp\/v2\/product"}],"about":[{"href":"https:\/\/orvikpower.com\/pt\/wp-json\/wp\/v2\/types\/product"}],"replies":[{"embeddable":true,"href":"https:\/\/orvikpower.com\/pt\/wp-json\/wp\/v2\/comments?post=19954"}],"wp:featuredmedia":[{"embeddable":true,"href":"https:\/\/orvikpower.com\/pt\/wp-json\/wp\/v2\/media\/19960"}],"wp:attachment":[{"href":"https:\/\/orvikpower.com\/pt\/wp-json\/wp\/v2\/media?parent=19954"}],"wp:term":[{"taxonomy":"product_brand","embeddable":true,"href":"https:\/\/orvikpower.com\/pt\/wp-json\/wp\/v2\/product_brand?post=19954"},{"taxonomy":"product_cat","embeddable":true,"href":"https:\/\/orvikpower.com\/pt\/wp-json\/wp\/v2\/product_cat?post=19954"},{"taxonomy":"product_tag","embeddable":true,"href":"https:\/\/orvikpower.com\/pt\/wp-json\/wp\/v2\/product_tag?post=19954"}],"curies":[{"name":"wp","href":"https:\/\/api.w.org\/{rel}","templated":true}]}}